{"id":9939,"date":"2025-09-30T10:01:48","date_gmt":"2025-09-30T10:01:48","guid":{"rendered":"https:\/\/lovme.pt\/?post_type=product&#038;p=9939"},"modified":"2026-04-14T12:37:05","modified_gmt":"2026-04-14T12:37:05","slug":"baile-super-rota-dong-rotador-de-penis-realistico","status":"publish","type":"product","link":"https:\/\/lovme.pt\/index.php\/produto\/baile-super-rota-dong-rotador-de-penis-realistico\/","title":{"rendered":"BAILE &#8211; SUPER ROTA DONG ROTADOR DE P\u00caNIS REAL\u00cdSTICO"},"content":{"rendered":"<p style=\"font-size: 12.8000001907349px;line-height: 16.6399993896484px\"><strong>Super Rota Dong<\/strong> &eacute; um vibrador ROTATIVO realista com uma ventosa forte que realizar&aacute; seus sonhos a qualquer momento.<\/p>\n<p> Realista ao extremo, este vibrador de suc&ccedil;&atilde;o de ponto G curvo feito de material TPR com rota&ccedil;&atilde;o m&uacute;ltipla e eixo de vibra&ccedil;&atilde;o &eacute; um brinquedo sexual longo que foi projetado para parecer real.<\/p>\n<p> A forma deste vibrador foi modelada a partir de um p&eacute;nis real, pelo que o tamanho, as dimens&otilde;es e as caracter&iacute;sticas do brinquedo s&atilde;o completamente realistas. Com texturas marmorizadas na haste longa e curva, bolas redondas com textura de pele e cabe&ccedil;a bulbosa, este vibrador de suc&ccedil;&atilde;o longo foi projetado para proporcionar sensa&ccedil;&otilde;es incr&iacute;veis.<\/p>\n<p style=\"font-size: 12.8000001907349px;line-height: 16.6399993896484px\"> <u><span style=\"font-size: 12.8000001907349px;line-height: 16.6399993896484px\">Super Rota Dong<\/span> possui os seguintes recursos;<\/u><\/p>\n<ul style=\"font-size: 12.8000001907349px;line-height: 16.6399993896484px\">\n<li> Suc&ccedil;&atilde;o e rota&ccedil;&atilde;o fortes<\/li>\n<li> Vibra&ccedil;&atilde;o poderosa<\/li>\n<li> Formato curvo para estimula&ccedil;&atilde;o do ponto gop<\/li>\n<li> Material TPR 100% livre de falatos.<\/li>\n<li> Controle remoto com fio (usa 2 pilhas AA, n&atilde;o inclu&iacute;das)<\/li>\n<\/ul>\n<p style=\"font-size: 12.8000001907349px;line-height: 16.6399993896484px\"> Sensa&ccedil;&atilde;o 100% realista<\/p>\n<p style=\"font-size: 12.8000001907349px;line-height: 16.6399993896484px\"> Funciona com 2 pilhas AA N&atilde;o inclu&iacute;das que voc&ecirc; encontra na se&ccedil;&atilde;o Baterias<\/p>\n<p style=\"font-size: 12.8000001907349px;line-height: 16.6399993896484px\"> Medidas; 20,5 cm de comprimento total x 4 cm de largura.<\/p>\n<p style=\"font-size: 12.8000001907349px;line-height: 16.6399993896484px\"> Projetado nos EUA.<\/p>\n","protected":false},"excerpt":{"rendered":"<p>BAILE &#8211; SUPER ROTA DONG ROTADOR DE P\u00caNIS REAL\u00cdSTICO<\/p>\n","protected":false},"featured_media":61174,"template":"","meta":{"_acf_changed":false},"product_brand":[],"product_cat":[17,76],"product_tag":[],"class_list":{"0":"post-9939","1":"product","2":"type-product","3":"status-publish","4":"has-post-thumbnail","6":"product_cat-brinquedos-de-bem-estar-sexual","7":"product_cat-vibradores","8":"yith_product_brand-bailebaile-vibrators","10":"first","11":"instock","12":"taxable","13":"shipping-taxable","14":"purchasable","15":"product-type-simple"},"acf":[],"yoast_head":"<!-- This site is optimized with the Yoast SEO plugin v27.3 - https:\/\/yoast.com\/product\/yoast-seo-wordpress\/ -->\n<title>BAILE - SUPER ROTA DONG ROTADOR DE P\u00caNIS REAL\u00cdSTICO - Lovme<\/title>\n<meta name=\"robots\" content=\"index, follow, max-snippet:-1, max-image-preview:large, max-video-preview:-1\" \/>\n<link rel=\"canonical\" href=\"https:\/\/lovme.pt\/index.php\/produto\/baile-super-rota-dong-rotador-de-penis-realistico\/\" \/>\n<meta property=\"og:locale\" content=\"pt_PT\" \/>\n<meta property=\"og:type\" content=\"article\" \/>\n<meta property=\"og:title\" content=\"BAILE - SUPER ROTA DONG ROTADOR DE P\u00caNIS REAL\u00cdSTICO - Lovme\" \/>\n<meta property=\"og:description\" content=\"BAILE - SUPER ROTA DONG ROTADOR DE P\u00caNIS REAL\u00cdSTICO\" \/>\n<meta property=\"og:url\" content=\"https:\/\/lovme.pt\/index.php\/produto\/baile-super-rota-dong-rotador-de-penis-realistico\/\" \/>\n<meta property=\"og:site_name\" content=\"Lovme\" \/>\n<meta property=\"article:modified_time\" content=\"2026-04-14T12:37:05+00:00\" \/>\n<meta property=\"og:image\" content=\"https:\/\/erki24nd3ub.exactdn.com\/wp-content\/uploads\/dream\/img\/img_31249_81bc3a0edf0cbc460295e957876fec71_1.jpg?strip=all\" \/>\n\t<meta property=\"og:image:width\" content=\"620\" \/>\n\t<meta property=\"og:image:height\" content=\"620\" \/>\n\t<meta property=\"og:image:type\" content=\"image\/jpeg\" \/>\n<meta name=\"twitter:card\" content=\"summary_large_image\" \/>\n<meta name=\"twitter:label1\" content=\"Tempo estimado de leitura\" \/>\n\t<meta name=\"twitter:data1\" content=\"1 minuto\" \/>\n<script type=\"application\/ld+json\" class=\"yoast-schema-graph\">{\"@context\":\"https:\\\/\\\/schema.org\",\"@graph\":[{\"@type\":\"WebPage\",\"@id\":\"https:\\\/\\\/lovme.pt\\\/index.php\\\/produto\\\/baile-super-rota-dong-rotador-de-penis-realistico\\\/\",\"url\":\"https:\\\/\\\/lovme.pt\\\/index.php\\\/produto\\\/baile-super-rota-dong-rotador-de-penis-realistico\\\/\",\"name\":\"BAILE - SUPER ROTA DONG ROTADOR DE P\u00caNIS REAL\u00cdSTICO - Lovme\",\"isPartOf\":{\"@id\":\"https:\\\/\\\/lovme.pt\\\/#website\"},\"primaryImageOfPage\":{\"@id\":\"https:\\\/\\\/lovme.pt\\\/index.php\\\/produto\\\/baile-super-rota-dong-rotador-de-penis-realistico\\\/#primaryimage\"},\"image\":{\"@id\":\"https:\\\/\\\/lovme.pt\\\/index.php\\\/produto\\\/baile-super-rota-dong-rotador-de-penis-realistico\\\/#primaryimage\"},\"thumbnailUrl\":\"https:\\\/\\\/erki24nd3ub.exactdn.com\\\/wp-content\\\/uploads\\\/dream\\\/img\\\/img_31249_81bc3a0edf0cbc460295e957876fec71_1.jpg?strip=all\",\"datePublished\":\"2025-09-30T10:01:48+00:00\",\"dateModified\":\"2026-04-14T12:37:05+00:00\",\"breadcrumb\":{\"@id\":\"https:\\\/\\\/lovme.pt\\\/index.php\\\/produto\\\/baile-super-rota-dong-rotador-de-penis-realistico\\\/#breadcrumb\"},\"inLanguage\":\"pt-PT\",\"potentialAction\":[{\"@type\":\"ReadAction\",\"target\":[\"https:\\\/\\\/lovme.pt\\\/index.php\\\/produto\\\/baile-super-rota-dong-rotador-de-penis-realistico\\\/\"]}]},{\"@type\":\"ImageObject\",\"inLanguage\":\"pt-PT\",\"@id\":\"https:\\\/\\\/lovme.pt\\\/index.php\\\/produto\\\/baile-super-rota-dong-rotador-de-penis-realistico\\\/#primaryimage\",\"url\":\"https:\\\/\\\/erki24nd3ub.exactdn.com\\\/wp-content\\\/uploads\\\/dream\\\/img\\\/img_31249_81bc3a0edf0cbc460295e957876fec71_1.jpg?strip=all\",\"contentUrl\":\"https:\\\/\\\/erki24nd3ub.exactdn.com\\\/wp-content\\\/uploads\\\/dream\\\/img\\\/img_31249_81bc3a0edf0cbc460295e957876fec71_1.jpg?strip=all\",\"width\":620,\"height\":620},{\"@type\":\"BreadcrumbList\",\"@id\":\"https:\\\/\\\/lovme.pt\\\/index.php\\\/produto\\\/baile-super-rota-dong-rotador-de-penis-realistico\\\/#breadcrumb\",\"itemListElement\":[{\"@type\":\"ListItem\",\"position\":1,\"name\":\"In\u00edcio\",\"item\":\"https:\\\/\\\/lovme.pt\\\/\"},{\"@type\":\"ListItem\",\"position\":2,\"name\":\"Loja\",\"item\":\"https:\\\/\\\/lovme.pt\\\/index.php\\\/loja\\\/\"},{\"@type\":\"ListItem\",\"position\":3,\"name\":\"BAILE &#8211; SUPER ROTA DONG ROTADOR DE P\u00caNIS REAL\u00cdSTICO\"}]},{\"@type\":\"WebSite\",\"@id\":\"https:\\\/\\\/lovme.pt\\\/#website\",\"url\":\"https:\\\/\\\/lovme.pt\\\/\",\"name\":\"Lovme Loja Er\u00f3tica N\u00ba1 em Portugal\",\"description\":\"A melhor loja er\u00f3tica de Portugal.\",\"alternateName\":\"Loja Er\u00f3tica Lovme\",\"potentialAction\":[{\"@type\":\"SearchAction\",\"target\":{\"@type\":\"EntryPoint\",\"urlTemplate\":\"https:\\\/\\\/lovme.pt\\\/?s={search_term_string}\"},\"query-input\":{\"@type\":\"PropertyValueSpecification\",\"valueRequired\":true,\"valueName\":\"search_term_string\"}}],\"inLanguage\":\"pt-PT\"}]}<\/script>\n<!-- \/ Yoast SEO plugin. -->","yoast_head_json":{"title":"BAILE - SUPER ROTA DONG ROTADOR DE P\u00caNIS REAL\u00cdSTICO - Lovme","robots":{"index":"index","follow":"follow","max-snippet":"max-snippet:-1","max-image-preview":"max-image-preview:large","max-video-preview":"max-video-preview:-1"},"canonical":"https:\/\/lovme.pt\/index.php\/produto\/baile-super-rota-dong-rotador-de-penis-realistico\/","og_locale":"pt_PT","og_type":"article","og_title":"BAILE - SUPER ROTA DONG ROTADOR DE P\u00caNIS REAL\u00cdSTICO - Lovme","og_description":"BAILE - SUPER ROTA DONG ROTADOR DE P\u00caNIS REAL\u00cdSTICO","og_url":"https:\/\/lovme.pt\/index.php\/produto\/baile-super-rota-dong-rotador-de-penis-realistico\/","og_site_name":"Lovme","article_modified_time":"2026-04-14T12:37:05+00:00","og_image":[{"width":620,"height":620,"url":"https:\/\/erki24nd3ub.exactdn.com\/wp-content\/uploads\/dream\/img\/img_31249_81bc3a0edf0cbc460295e957876fec71_1.jpg?strip=all","type":"image\/jpeg"}],"twitter_card":"summary_large_image","twitter_misc":{"Tempo estimado de leitura":"1 minuto"},"schema":{"@context":"https:\/\/schema.org","@graph":[{"@type":"WebPage","@id":"https:\/\/lovme.pt\/index.php\/produto\/baile-super-rota-dong-rotador-de-penis-realistico\/","url":"https:\/\/lovme.pt\/index.php\/produto\/baile-super-rota-dong-rotador-de-penis-realistico\/","name":"BAILE - SUPER ROTA DONG ROTADOR DE P\u00caNIS REAL\u00cdSTICO - Lovme","isPartOf":{"@id":"https:\/\/lovme.pt\/#website"},"primaryImageOfPage":{"@id":"https:\/\/lovme.pt\/index.php\/produto\/baile-super-rota-dong-rotador-de-penis-realistico\/#primaryimage"},"image":{"@id":"https:\/\/lovme.pt\/index.php\/produto\/baile-super-rota-dong-rotador-de-penis-realistico\/#primaryimage"},"thumbnailUrl":"https:\/\/erki24nd3ub.exactdn.com\/wp-content\/uploads\/dream\/img\/img_31249_81bc3a0edf0cbc460295e957876fec71_1.jpg?strip=all","datePublished":"2025-09-30T10:01:48+00:00","dateModified":"2026-04-14T12:37:05+00:00","breadcrumb":{"@id":"https:\/\/lovme.pt\/index.php\/produto\/baile-super-rota-dong-rotador-de-penis-realistico\/#breadcrumb"},"inLanguage":"pt-PT","potentialAction":[{"@type":"ReadAction","target":["https:\/\/lovme.pt\/index.php\/produto\/baile-super-rota-dong-rotador-de-penis-realistico\/"]}]},{"@type":"ImageObject","inLanguage":"pt-PT","@id":"https:\/\/lovme.pt\/index.php\/produto\/baile-super-rota-dong-rotador-de-penis-realistico\/#primaryimage","url":"https:\/\/erki24nd3ub.exactdn.com\/wp-content\/uploads\/dream\/img\/img_31249_81bc3a0edf0cbc460295e957876fec71_1.jpg?strip=all","contentUrl":"https:\/\/erki24nd3ub.exactdn.com\/wp-content\/uploads\/dream\/img\/img_31249_81bc3a0edf0cbc460295e957876fec71_1.jpg?strip=all","width":620,"height":620},{"@type":"BreadcrumbList","@id":"https:\/\/lovme.pt\/index.php\/produto\/baile-super-rota-dong-rotador-de-penis-realistico\/#breadcrumb","itemListElement":[{"@type":"ListItem","position":1,"name":"In\u00edcio","item":"https:\/\/lovme.pt\/"},{"@type":"ListItem","position":2,"name":"Loja","item":"https:\/\/lovme.pt\/index.php\/loja\/"},{"@type":"ListItem","position":3,"name":"BAILE &#8211; SUPER ROTA DONG ROTADOR DE P\u00caNIS REAL\u00cdSTICO"}]},{"@type":"WebSite","@id":"https:\/\/lovme.pt\/#website","url":"https:\/\/lovme.pt\/","name":"Lovme Loja Er\u00f3tica N\u00ba1 em Portugal","description":"A melhor loja er\u00f3tica de Portugal.","alternateName":"Loja Er\u00f3tica Lovme","potentialAction":[{"@type":"SearchAction","target":{"@type":"EntryPoint","urlTemplate":"https:\/\/lovme.pt\/?s={search_term_string}"},"query-input":{"@type":"PropertyValueSpecification","valueRequired":true,"valueName":"search_term_string"}}],"inLanguage":"pt-PT"}]}},"_links":{"self":[{"href":"https:\/\/lovme.pt\/index.php\/wp-json\/wp\/v2\/product\/9939","targetHints":{"allow":["GET"]}}],"collection":[{"href":"https:\/\/lovme.pt\/index.php\/wp-json\/wp\/v2\/product"}],"about":[{"href":"https:\/\/lovme.pt\/index.php\/wp-json\/wp\/v2\/types\/product"}],"wp:featuredmedia":[{"embeddable":true,"href":"https:\/\/lovme.pt\/index.php\/wp-json\/wp\/v2\/media\/61174"}],"wp:attachment":[{"href":"https:\/\/lovme.pt\/index.php\/wp-json\/wp\/v2\/media?parent=9939"}],"wp:term":[{"taxonomy":"product_brand","embeddable":true,"href":"https:\/\/lovme.pt\/index.php\/wp-json\/wp\/v2\/product_brand?post=9939"},{"taxonomy":"product_cat","embeddable":true,"href":"https:\/\/lovme.pt\/index.php\/wp-json\/wp\/v2\/product_cat?post=9939"},{"taxonomy":"product_tag","embeddable":true,"href":"https:\/\/lovme.pt\/index.php\/wp-json\/wp\/v2\/product_tag?post=9939"}],"curies":[{"name":"wp","href":"https:\/\/api.w.org\/{rel}","templated":true}]}}