{"id":97995,"date":"2025-10-01T02:36:21","date_gmt":"2025-10-01T02:36:21","guid":{"rendered":"https:\/\/lovme.pt\/?post_type=product&p=97995"},"modified":"2026-02-19T20:19:25","modified_gmt":"2026-02-19T20:19:25","slug":"satisfyer-tap-climax-2-vibrador-e-estimulador-cinza","status":"publish","type":"product","link":"https:\/\/lovme.pt\/index.php\/produto\/satisfyer-tap-climax-2-vibrador-e-estimulador-cinza\/","title":{"rendered":"SATISFYER &#8211; TAP  CLIMAX 2 VIBRADOR E ESTIMULADOR CINZA"},"content":{"rendered":"<p>Prepare-se para experimentar novas ondas de alegria com o <strong>Tap  Climax 2<\/strong> ! Feito de silicone macio e agrad\u00e1vel ao corpo, este dispositivo compacto \u00e9 incr\u00edvel na sua pele e se encaixa perfeitamente na sua m\u00e3o.<\/p>\n<p>Voc\u00ea pode escolher entre 11 programas de vibra\u00e7\u00e3o, variando de suave a intenso, dependendo do seu humor. Al\u00e9m disso, aproveite 11 programas de tapping que estimulam suavemente o clit\u00f3ris, levando a um cl\u00edmax inesquec\u00edvel. Os programas de vibra\u00e7\u00e3o e tapping podem ser usados separadamente ou juntos, oferecendo in\u00fameras combina\u00e7\u00f5es para prazer personalizado.<\/p>\n<p>\u00a0<\/p>\n<p><u><strong>CARACTER\u00cdSTICAS<\/strong><\/u> :<\/p>\n<ul>\n<li>2 motores potentes<\/li>\n<li>\u00c0 prova d\u00e1gua (IPX7)<\/li>\n<li>Silicone amigo do corpo<\/li>\n<li>11 programas de vibra\u00e7\u00e3o + 11 de batidas<\/li>\n<li>Recarreg\u00e1vel: Inclui cabo de carregamento USB<\/li>\n<\/ul>\n<p>\u00a0<\/p>\n<p>Seu prazer est\u00e1 a apenas um toque de dist\u00e2ncia!<\/p>\n","protected":false},"excerpt":{"rendered":"<p>SATISFYER &#8211; TAP  CLIMAX 2 VIBRADOR E ESTIMULADOR CINZA<\/p>\n","protected":false},"featured_media":97996,"template":"","meta":{"_acf_changed":false},"product_brand":[],"product_cat":[17,115,61,64],"product_tag":[],"class_list":{"0":"post-97995","1":"product","2":"type-product","3":"status-publish","4":"has-post-thumbnail","6":"product_cat-brinquedos-de-bem-estar-sexual","7":"product_cat-ofertas","8":"product_cat-para-elas","9":"product_cat-sugadores","10":"yith_product_brand-satisfyer","11":"yith_product_brand-satisfyer-satisfyer-vibrator","13":"first","14":"instock","15":"taxable","16":"shipping-taxable","17":"purchasable","18":"product-type-simple"},"acf":[],"yoast_head":"<!-- This site is optimized with the Yoast SEO plugin v27.4 - https:\/\/yoast.com\/product\/yoast-seo-wordpress\/ -->\n<title>SATISFYER - TAP CLIMAX 2 VIBRADOR E ESTIMULADOR CINZA - Lovme<\/title>\n<meta name=\"robots\" content=\"index, follow, max-snippet:-1, max-image-preview:large, max-video-preview:-1\" \/>\n<link rel=\"canonical\" href=\"https:\/\/lovme.pt\/index.php\/produto\/satisfyer-tap-climax-2-vibrador-e-estimulador-cinza\/\" \/>\n<meta property=\"og:locale\" content=\"pt_PT\" \/>\n<meta property=\"og:type\" content=\"article\" \/>\n<meta property=\"og:title\" content=\"SATISFYER - TAP CLIMAX 2 VIBRADOR E ESTIMULADOR CINZA - Lovme\" \/>\n<meta property=\"og:description\" content=\"SATISFYER - TAP CLIMAX 2 VIBRADOR E ESTIMULADOR CINZA\" \/>\n<meta property=\"og:url\" content=\"https:\/\/lovme.pt\/index.php\/produto\/satisfyer-tap-climax-2-vibrador-e-estimulador-cinza\/\" \/>\n<meta property=\"og:site_name\" content=\"Lovme\" \/>\n<meta property=\"article:modified_time\" content=\"2026-02-19T20:19:25+00:00\" \/>\n<meta property=\"og:image\" content=\"https:\/\/erki24nd3ub.exactdn.com\/wp-content\/uploads\/dream\/img\/img_189899_d77396aba9a5ba6f6352ce806ff8c723_1.jpg?strip=all\" \/>\n\t<meta property=\"og:image:width\" content=\"800\" \/>\n\t<meta property=\"og:image:height\" content=\"800\" \/>\n\t<meta property=\"og:image:type\" content=\"image\/jpeg\" \/>\n<meta name=\"twitter:card\" content=\"summary_large_image\" \/>\n<meta name=\"twitter:label1\" content=\"Tempo estimado de leitura\" \/>\n\t<meta name=\"twitter:data1\" content=\"1 minuto\" \/>\n<script type=\"application\/ld+json\" class=\"yoast-schema-graph\">{\"@context\":\"https:\\\/\\\/schema.org\",\"@graph\":[{\"@type\":\"WebPage\",\"@id\":\"https:\\\/\\\/lovme.pt\\\/index.php\\\/produto\\\/satisfyer-tap-climax-2-vibrador-e-estimulador-cinza\\\/\",\"url\":\"https:\\\/\\\/lovme.pt\\\/index.php\\\/produto\\\/satisfyer-tap-climax-2-vibrador-e-estimulador-cinza\\\/\",\"name\":\"SATISFYER - TAP CLIMAX 2 VIBRADOR E ESTIMULADOR CINZA - Lovme\",\"isPartOf\":{\"@id\":\"https:\\\/\\\/lovme.pt\\\/#website\"},\"primaryImageOfPage\":{\"@id\":\"https:\\\/\\\/lovme.pt\\\/index.php\\\/produto\\\/satisfyer-tap-climax-2-vibrador-e-estimulador-cinza\\\/#primaryimage\"},\"image\":{\"@id\":\"https:\\\/\\\/lovme.pt\\\/index.php\\\/produto\\\/satisfyer-tap-climax-2-vibrador-e-estimulador-cinza\\\/#primaryimage\"},\"thumbnailUrl\":\"https:\\\/\\\/erki24nd3ub.exactdn.com\\\/wp-content\\\/uploads\\\/dream\\\/img\\\/img_189899_d77396aba9a5ba6f6352ce806ff8c723_1.jpg?strip=all\",\"datePublished\":\"2025-10-01T02:36:21+00:00\",\"dateModified\":\"2026-02-19T20:19:25+00:00\",\"breadcrumb\":{\"@id\":\"https:\\\/\\\/lovme.pt\\\/index.php\\\/produto\\\/satisfyer-tap-climax-2-vibrador-e-estimulador-cinza\\\/#breadcrumb\"},\"inLanguage\":\"pt-PT\",\"potentialAction\":[{\"@type\":\"ReadAction\",\"target\":[\"https:\\\/\\\/lovme.pt\\\/index.php\\\/produto\\\/satisfyer-tap-climax-2-vibrador-e-estimulador-cinza\\\/\"]}]},{\"@type\":\"ImageObject\",\"inLanguage\":\"pt-PT\",\"@id\":\"https:\\\/\\\/lovme.pt\\\/index.php\\\/produto\\\/satisfyer-tap-climax-2-vibrador-e-estimulador-cinza\\\/#primaryimage\",\"url\":\"https:\\\/\\\/erki24nd3ub.exactdn.com\\\/wp-content\\\/uploads\\\/dream\\\/img\\\/img_189899_d77396aba9a5ba6f6352ce806ff8c723_1.jpg?strip=all\",\"contentUrl\":\"https:\\\/\\\/erki24nd3ub.exactdn.com\\\/wp-content\\\/uploads\\\/dream\\\/img\\\/img_189899_d77396aba9a5ba6f6352ce806ff8c723_1.jpg?strip=all\",\"width\":800,\"height\":800},{\"@type\":\"BreadcrumbList\",\"@id\":\"https:\\\/\\\/lovme.pt\\\/index.php\\\/produto\\\/satisfyer-tap-climax-2-vibrador-e-estimulador-cinza\\\/#breadcrumb\",\"itemListElement\":[{\"@type\":\"ListItem\",\"position\":1,\"name\":\"In\u00edcio\",\"item\":\"https:\\\/\\\/lovme.pt\\\/\"},{\"@type\":\"ListItem\",\"position\":2,\"name\":\"Loja\",\"item\":\"https:\\\/\\\/lovme.pt\\\/index.php\\\/loja\\\/\"},{\"@type\":\"ListItem\",\"position\":3,\"name\":\"SATISFYER &#8211; TAP CLIMAX 2 VIBRADOR E ESTIMULADOR CINZA\"}]},{\"@type\":\"WebSite\",\"@id\":\"https:\\\/\\\/lovme.pt\\\/#website\",\"url\":\"https:\\\/\\\/lovme.pt\\\/\",\"name\":\"Lovme Loja Er\u00f3tica N\u00ba1 em Portugal\",\"description\":\"A melhor loja er\u00f3tica de Portugal.\",\"alternateName\":\"Loja Er\u00f3tica Lovme\",\"potentialAction\":[{\"@type\":\"SearchAction\",\"target\":{\"@type\":\"EntryPoint\",\"urlTemplate\":\"https:\\\/\\\/lovme.pt\\\/?s={search_term_string}\"},\"query-input\":{\"@type\":\"PropertyValueSpecification\",\"valueRequired\":true,\"valueName\":\"search_term_string\"}}],\"inLanguage\":\"pt-PT\"}]}<\/script>\n<!-- \/ Yoast SEO plugin. -->","yoast_head_json":{"title":"SATISFYER - TAP CLIMAX 2 VIBRADOR E ESTIMULADOR CINZA - Lovme","robots":{"index":"index","follow":"follow","max-snippet":"max-snippet:-1","max-image-preview":"max-image-preview:large","max-video-preview":"max-video-preview:-1"},"canonical":"https:\/\/lovme.pt\/index.php\/produto\/satisfyer-tap-climax-2-vibrador-e-estimulador-cinza\/","og_locale":"pt_PT","og_type":"article","og_title":"SATISFYER - TAP CLIMAX 2 VIBRADOR E ESTIMULADOR CINZA - Lovme","og_description":"SATISFYER - TAP CLIMAX 2 VIBRADOR E ESTIMULADOR CINZA","og_url":"https:\/\/lovme.pt\/index.php\/produto\/satisfyer-tap-climax-2-vibrador-e-estimulador-cinza\/","og_site_name":"Lovme","article_modified_time":"2026-02-19T20:19:25+00:00","og_image":[{"width":800,"height":800,"url":"https:\/\/erki24nd3ub.exactdn.com\/wp-content\/uploads\/dream\/img\/img_189899_d77396aba9a5ba6f6352ce806ff8c723_1.jpg?strip=all","type":"image\/jpeg"}],"twitter_card":"summary_large_image","twitter_misc":{"Tempo estimado de leitura":"1 minuto"},"schema":{"@context":"https:\/\/schema.org","@graph":[{"@type":"WebPage","@id":"https:\/\/lovme.pt\/index.php\/produto\/satisfyer-tap-climax-2-vibrador-e-estimulador-cinza\/","url":"https:\/\/lovme.pt\/index.php\/produto\/satisfyer-tap-climax-2-vibrador-e-estimulador-cinza\/","name":"SATISFYER - TAP CLIMAX 2 VIBRADOR E ESTIMULADOR CINZA - Lovme","isPartOf":{"@id":"https:\/\/lovme.pt\/#website"},"primaryImageOfPage":{"@id":"https:\/\/lovme.pt\/index.php\/produto\/satisfyer-tap-climax-2-vibrador-e-estimulador-cinza\/#primaryimage"},"image":{"@id":"https:\/\/lovme.pt\/index.php\/produto\/satisfyer-tap-climax-2-vibrador-e-estimulador-cinza\/#primaryimage"},"thumbnailUrl":"https:\/\/erki24nd3ub.exactdn.com\/wp-content\/uploads\/dream\/img\/img_189899_d77396aba9a5ba6f6352ce806ff8c723_1.jpg?strip=all","datePublished":"2025-10-01T02:36:21+00:00","dateModified":"2026-02-19T20:19:25+00:00","breadcrumb":{"@id":"https:\/\/lovme.pt\/index.php\/produto\/satisfyer-tap-climax-2-vibrador-e-estimulador-cinza\/#breadcrumb"},"inLanguage":"pt-PT","potentialAction":[{"@type":"ReadAction","target":["https:\/\/lovme.pt\/index.php\/produto\/satisfyer-tap-climax-2-vibrador-e-estimulador-cinza\/"]}]},{"@type":"ImageObject","inLanguage":"pt-PT","@id":"https:\/\/lovme.pt\/index.php\/produto\/satisfyer-tap-climax-2-vibrador-e-estimulador-cinza\/#primaryimage","url":"https:\/\/erki24nd3ub.exactdn.com\/wp-content\/uploads\/dream\/img\/img_189899_d77396aba9a5ba6f6352ce806ff8c723_1.jpg?strip=all","contentUrl":"https:\/\/erki24nd3ub.exactdn.com\/wp-content\/uploads\/dream\/img\/img_189899_d77396aba9a5ba6f6352ce806ff8c723_1.jpg?strip=all","width":800,"height":800},{"@type":"BreadcrumbList","@id":"https:\/\/lovme.pt\/index.php\/produto\/satisfyer-tap-climax-2-vibrador-e-estimulador-cinza\/#breadcrumb","itemListElement":[{"@type":"ListItem","position":1,"name":"In\u00edcio","item":"https:\/\/lovme.pt\/"},{"@type":"ListItem","position":2,"name":"Loja","item":"https:\/\/lovme.pt\/index.php\/loja\/"},{"@type":"ListItem","position":3,"name":"SATISFYER &#8211; TAP CLIMAX 2 VIBRADOR E ESTIMULADOR CINZA"}]},{"@type":"WebSite","@id":"https:\/\/lovme.pt\/#website","url":"https:\/\/lovme.pt\/","name":"Lovme Loja Er\u00f3tica N\u00ba1 em Portugal","description":"A melhor loja er\u00f3tica de Portugal.","alternateName":"Loja Er\u00f3tica Lovme","potentialAction":[{"@type":"SearchAction","target":{"@type":"EntryPoint","urlTemplate":"https:\/\/lovme.pt\/?s={search_term_string}"},"query-input":{"@type":"PropertyValueSpecification","valueRequired":true,"valueName":"search_term_string"}}],"inLanguage":"pt-PT"}]}},"_links":{"self":[{"href":"https:\/\/lovme.pt\/index.php\/wp-json\/wp\/v2\/product\/97995","targetHints":{"allow":["GET"]}}],"collection":[{"href":"https:\/\/lovme.pt\/index.php\/wp-json\/wp\/v2\/product"}],"about":[{"href":"https:\/\/lovme.pt\/index.php\/wp-json\/wp\/v2\/types\/product"}],"wp:featuredmedia":[{"embeddable":true,"href":"https:\/\/lovme.pt\/index.php\/wp-json\/wp\/v2\/media\/97996"}],"wp:attachment":[{"href":"https:\/\/lovme.pt\/index.php\/wp-json\/wp\/v2\/media?parent=97995"}],"wp:term":[{"taxonomy":"product_brand","embeddable":true,"href":"https:\/\/lovme.pt\/index.php\/wp-json\/wp\/v2\/product_brand?post=97995"},{"taxonomy":"product_cat","embeddable":true,"href":"https:\/\/lovme.pt\/index.php\/wp-json\/wp\/v2\/product_cat?post=97995"},{"taxonomy":"product_tag","embeddable":true,"href":"https:\/\/lovme.pt\/index.php\/wp-json\/wp\/v2\/product_tag?post=97995"}],"curies":[{"name":"wp","href":"https:\/\/api.w.org\/{rel}","templated":true}]}}