{"id":96483,"date":"2025-10-01T02:22:21","date_gmt":"2025-10-01T02:22:21","guid":{"rendered":"https:\/\/lovme.pt\/?post_type=product&p=96483"},"modified":"2026-02-19T20:19:04","modified_gmt":"2026-02-19T20:19:04","slug":"private-copo-de-vacuo-original-do-masturbador-para-ir","status":"publish","type":"product","link":"https:\/\/lovme.pt\/index.php\/produto\/private-copo-de-vacuo-original-do-masturbador-para-ir\/","title":{"rendered":"PRIVATE &#8211; COPO DE V\u00c1CUO ORIGINAL DO MASTURBADOR PARA IR"},"content":{"rendered":"<p><strong>O Originaly To Go<\/strong> da <strong>PRIVATE<\/strong> \u00e9 um masturbador compacto e \u00e0 prova de viagens, pronto para lhe dar prazer, onde e quando voc\u00ea quiser! Este design compacto e discreto foi projetado para proporcionar a m\u00e1xima satisfa\u00e7\u00e3o em movimentos e suc\u00e7\u00e3o. Apresentando textura suave e realista e uma pegada confort\u00e1vel, \u00e9 uma escolha sensual para satisfa\u00e7\u00e3o \u00edntima.<\/p>\n<p>Parte da cole\u00e7\u00e3o <strong>PRIVATE<\/strong> , <strong>The Originaly To Go<\/strong> \u00e9 feito de materiais de qualidade para garantir durabilidade, uma experi\u00eancia realista e f\u00e1cil limpeza. Se voc\u00ea deseja o mais alto padr\u00e3o em divers\u00e3o travessa, <strong>PRIVATE<\/strong> tem voc\u00ea &#8211; e sua masculinidade &#8211; cobertos!<\/p>\n<p>\u00a0<\/p>\n<p><strong>PRIVATE<\/strong> \u00e9 l\u00edder mundial em entretenimento adulto premium, com conte\u00fado sexy desde 1965. Desde cl\u00e1ssicos antigos feitos na d\u00e9cada de 1960 at\u00e9 sucessos de bilheteria modernos e atuais. Com a introdu\u00e7\u00e3o de brinquedos de masturba\u00e7\u00e3o de alta qualidade, voc\u00ea n\u00e3o s\u00f3 pode v\u00ea-los no <strong>PRIVADO<\/strong> , mas tamb\u00e9m pode aproveit\u00e1-los pessoalmente com seu masturbador <strong>PRIVADO<\/strong> . funcion\u00e1rios. Um masturbador <strong>PRIVADO<\/strong> oferece prazer ilimitado, seguro para o corpo e discreto, na palma da sua m\u00e3o.<\/p>\n","protected":false},"excerpt":{"rendered":"<p>PRIVATE &#8211; COPO DE V\u00c1CUO ORIGINAL DO MASTURBADOR PARA IR<\/p>\n","protected":false},"featured_media":96484,"template":"","meta":{"_acf_changed":false},"product_brand":[],"product_cat":[17,58,60],"product_tag":[],"class_list":{"0":"post-96483","1":"product","2":"type-product","3":"status-publish","4":"has-post-thumbnail","6":"product_cat-brinquedos-de-bem-estar-sexual","7":"product_cat-masturbadores-para-penis","8":"product_cat-para-eles","9":"yith_product_brand-private","11":"first","12":"instock","13":"taxable","14":"shipping-taxable","15":"purchasable","16":"product-type-simple"},"acf":[],"yoast_head":"<!-- This site is optimized with the Yoast SEO plugin v27.4 - https:\/\/yoast.com\/product\/yoast-seo-wordpress\/ -->\n<title>PRIVATE - COPO DE V\u00c1CUO ORIGINAL DO MASTURBADOR PARA IR - Lovme<\/title>\n<meta name=\"robots\" content=\"index, follow, max-snippet:-1, max-image-preview:large, max-video-preview:-1\" \/>\n<link rel=\"canonical\" href=\"https:\/\/lovme.pt\/index.php\/produto\/private-copo-de-vacuo-original-do-masturbador-para-ir\/\" \/>\n<meta property=\"og:locale\" content=\"pt_PT\" \/>\n<meta property=\"og:type\" content=\"article\" \/>\n<meta property=\"og:title\" content=\"PRIVATE - COPO DE V\u00c1CUO ORIGINAL DO MASTURBADOR PARA IR - Lovme\" \/>\n<meta property=\"og:description\" content=\"PRIVATE - COPO DE V\u00c1CUO ORIGINAL DO MASTURBADOR PARA IR\" \/>\n<meta property=\"og:url\" content=\"https:\/\/lovme.pt\/index.php\/produto\/private-copo-de-vacuo-original-do-masturbador-para-ir\/\" \/>\n<meta property=\"og:site_name\" content=\"Lovme\" \/>\n<meta property=\"article:modified_time\" content=\"2026-02-19T20:19:04+00:00\" \/>\n<meta property=\"og:image\" content=\"https:\/\/erki24nd3ub.exactdn.com\/wp-content\/uploads\/dream\/img\/img_149390_02b0887b5fcce0e669bafcd08cc8a2b1_1.jpg?strip=all\" \/>\n\t<meta property=\"og:image:width\" content=\"800\" \/>\n\t<meta property=\"og:image:height\" content=\"800\" \/>\n\t<meta property=\"og:image:type\" content=\"image\/jpeg\" \/>\n<meta name=\"twitter:card\" content=\"summary_large_image\" \/>\n<meta name=\"twitter:label1\" content=\"Tempo estimado de leitura\" \/>\n\t<meta name=\"twitter:data1\" content=\"1 minuto\" \/>\n<script type=\"application\/ld+json\" class=\"yoast-schema-graph\">{\"@context\":\"https:\\\/\\\/schema.org\",\"@graph\":[{\"@type\":\"WebPage\",\"@id\":\"https:\\\/\\\/lovme.pt\\\/index.php\\\/produto\\\/private-copo-de-vacuo-original-do-masturbador-para-ir\\\/\",\"url\":\"https:\\\/\\\/lovme.pt\\\/index.php\\\/produto\\\/private-copo-de-vacuo-original-do-masturbador-para-ir\\\/\",\"name\":\"PRIVATE - COPO DE V\u00c1CUO ORIGINAL DO MASTURBADOR PARA IR - Lovme\",\"isPartOf\":{\"@id\":\"https:\\\/\\\/lovme.pt\\\/#website\"},\"primaryImageOfPage\":{\"@id\":\"https:\\\/\\\/lovme.pt\\\/index.php\\\/produto\\\/private-copo-de-vacuo-original-do-masturbador-para-ir\\\/#primaryimage\"},\"image\":{\"@id\":\"https:\\\/\\\/lovme.pt\\\/index.php\\\/produto\\\/private-copo-de-vacuo-original-do-masturbador-para-ir\\\/#primaryimage\"},\"thumbnailUrl\":\"https:\\\/\\\/erki24nd3ub.exactdn.com\\\/wp-content\\\/uploads\\\/dream\\\/img\\\/img_149390_02b0887b5fcce0e669bafcd08cc8a2b1_1.jpg?strip=all\",\"datePublished\":\"2025-10-01T02:22:21+00:00\",\"dateModified\":\"2026-02-19T20:19:04+00:00\",\"breadcrumb\":{\"@id\":\"https:\\\/\\\/lovme.pt\\\/index.php\\\/produto\\\/private-copo-de-vacuo-original-do-masturbador-para-ir\\\/#breadcrumb\"},\"inLanguage\":\"pt-PT\",\"potentialAction\":[{\"@type\":\"ReadAction\",\"target\":[\"https:\\\/\\\/lovme.pt\\\/index.php\\\/produto\\\/private-copo-de-vacuo-original-do-masturbador-para-ir\\\/\"]}]},{\"@type\":\"ImageObject\",\"inLanguage\":\"pt-PT\",\"@id\":\"https:\\\/\\\/lovme.pt\\\/index.php\\\/produto\\\/private-copo-de-vacuo-original-do-masturbador-para-ir\\\/#primaryimage\",\"url\":\"https:\\\/\\\/erki24nd3ub.exactdn.com\\\/wp-content\\\/uploads\\\/dream\\\/img\\\/img_149390_02b0887b5fcce0e669bafcd08cc8a2b1_1.jpg?strip=all\",\"contentUrl\":\"https:\\\/\\\/erki24nd3ub.exactdn.com\\\/wp-content\\\/uploads\\\/dream\\\/img\\\/img_149390_02b0887b5fcce0e669bafcd08cc8a2b1_1.jpg?strip=all\",\"width\":800,\"height\":800},{\"@type\":\"BreadcrumbList\",\"@id\":\"https:\\\/\\\/lovme.pt\\\/index.php\\\/produto\\\/private-copo-de-vacuo-original-do-masturbador-para-ir\\\/#breadcrumb\",\"itemListElement\":[{\"@type\":\"ListItem\",\"position\":1,\"name\":\"In\u00edcio\",\"item\":\"https:\\\/\\\/lovme.pt\\\/\"},{\"@type\":\"ListItem\",\"position\":2,\"name\":\"Loja\",\"item\":\"https:\\\/\\\/lovme.pt\\\/index.php\\\/loja\\\/\"},{\"@type\":\"ListItem\",\"position\":3,\"name\":\"PRIVATE &#8211; COPO DE V\u00c1CUO ORIGINAL DO MASTURBADOR PARA IR\"}]},{\"@type\":\"WebSite\",\"@id\":\"https:\\\/\\\/lovme.pt\\\/#website\",\"url\":\"https:\\\/\\\/lovme.pt\\\/\",\"name\":\"Lovme Loja Er\u00f3tica N\u00ba1 em Portugal\",\"description\":\"A melhor loja er\u00f3tica de Portugal.\",\"alternateName\":\"Loja Er\u00f3tica Lovme\",\"potentialAction\":[{\"@type\":\"SearchAction\",\"target\":{\"@type\":\"EntryPoint\",\"urlTemplate\":\"https:\\\/\\\/lovme.pt\\\/?s={search_term_string}\"},\"query-input\":{\"@type\":\"PropertyValueSpecification\",\"valueRequired\":true,\"valueName\":\"search_term_string\"}}],\"inLanguage\":\"pt-PT\"}]}<\/script>\n<!-- \/ Yoast SEO plugin. -->","yoast_head_json":{"title":"PRIVATE - COPO DE V\u00c1CUO ORIGINAL DO MASTURBADOR PARA IR - Lovme","robots":{"index":"index","follow":"follow","max-snippet":"max-snippet:-1","max-image-preview":"max-image-preview:large","max-video-preview":"max-video-preview:-1"},"canonical":"https:\/\/lovme.pt\/index.php\/produto\/private-copo-de-vacuo-original-do-masturbador-para-ir\/","og_locale":"pt_PT","og_type":"article","og_title":"PRIVATE - COPO DE V\u00c1CUO ORIGINAL DO MASTURBADOR PARA IR - Lovme","og_description":"PRIVATE - COPO DE V\u00c1CUO ORIGINAL DO MASTURBADOR PARA IR","og_url":"https:\/\/lovme.pt\/index.php\/produto\/private-copo-de-vacuo-original-do-masturbador-para-ir\/","og_site_name":"Lovme","article_modified_time":"2026-02-19T20:19:04+00:00","og_image":[{"width":800,"height":800,"url":"https:\/\/erki24nd3ub.exactdn.com\/wp-content\/uploads\/dream\/img\/img_149390_02b0887b5fcce0e669bafcd08cc8a2b1_1.jpg?strip=all","type":"image\/jpeg"}],"twitter_card":"summary_large_image","twitter_misc":{"Tempo estimado de leitura":"1 minuto"},"schema":{"@context":"https:\/\/schema.org","@graph":[{"@type":"WebPage","@id":"https:\/\/lovme.pt\/index.php\/produto\/private-copo-de-vacuo-original-do-masturbador-para-ir\/","url":"https:\/\/lovme.pt\/index.php\/produto\/private-copo-de-vacuo-original-do-masturbador-para-ir\/","name":"PRIVATE - COPO DE V\u00c1CUO ORIGINAL DO MASTURBADOR PARA IR - Lovme","isPartOf":{"@id":"https:\/\/lovme.pt\/#website"},"primaryImageOfPage":{"@id":"https:\/\/lovme.pt\/index.php\/produto\/private-copo-de-vacuo-original-do-masturbador-para-ir\/#primaryimage"},"image":{"@id":"https:\/\/lovme.pt\/index.php\/produto\/private-copo-de-vacuo-original-do-masturbador-para-ir\/#primaryimage"},"thumbnailUrl":"https:\/\/erki24nd3ub.exactdn.com\/wp-content\/uploads\/dream\/img\/img_149390_02b0887b5fcce0e669bafcd08cc8a2b1_1.jpg?strip=all","datePublished":"2025-10-01T02:22:21+00:00","dateModified":"2026-02-19T20:19:04+00:00","breadcrumb":{"@id":"https:\/\/lovme.pt\/index.php\/produto\/private-copo-de-vacuo-original-do-masturbador-para-ir\/#breadcrumb"},"inLanguage":"pt-PT","potentialAction":[{"@type":"ReadAction","target":["https:\/\/lovme.pt\/index.php\/produto\/private-copo-de-vacuo-original-do-masturbador-para-ir\/"]}]},{"@type":"ImageObject","inLanguage":"pt-PT","@id":"https:\/\/lovme.pt\/index.php\/produto\/private-copo-de-vacuo-original-do-masturbador-para-ir\/#primaryimage","url":"https:\/\/erki24nd3ub.exactdn.com\/wp-content\/uploads\/dream\/img\/img_149390_02b0887b5fcce0e669bafcd08cc8a2b1_1.jpg?strip=all","contentUrl":"https:\/\/erki24nd3ub.exactdn.com\/wp-content\/uploads\/dream\/img\/img_149390_02b0887b5fcce0e669bafcd08cc8a2b1_1.jpg?strip=all","width":800,"height":800},{"@type":"BreadcrumbList","@id":"https:\/\/lovme.pt\/index.php\/produto\/private-copo-de-vacuo-original-do-masturbador-para-ir\/#breadcrumb","itemListElement":[{"@type":"ListItem","position":1,"name":"In\u00edcio","item":"https:\/\/lovme.pt\/"},{"@type":"ListItem","position":2,"name":"Loja","item":"https:\/\/lovme.pt\/index.php\/loja\/"},{"@type":"ListItem","position":3,"name":"PRIVATE &#8211; COPO DE V\u00c1CUO ORIGINAL DO MASTURBADOR PARA IR"}]},{"@type":"WebSite","@id":"https:\/\/lovme.pt\/#website","url":"https:\/\/lovme.pt\/","name":"Lovme Loja Er\u00f3tica N\u00ba1 em Portugal","description":"A melhor loja er\u00f3tica de Portugal.","alternateName":"Loja Er\u00f3tica Lovme","potentialAction":[{"@type":"SearchAction","target":{"@type":"EntryPoint","urlTemplate":"https:\/\/lovme.pt\/?s={search_term_string}"},"query-input":{"@type":"PropertyValueSpecification","valueRequired":true,"valueName":"search_term_string"}}],"inLanguage":"pt-PT"}]}},"_links":{"self":[{"href":"https:\/\/lovme.pt\/index.php\/wp-json\/wp\/v2\/product\/96483","targetHints":{"allow":["GET"]}}],"collection":[{"href":"https:\/\/lovme.pt\/index.php\/wp-json\/wp\/v2\/product"}],"about":[{"href":"https:\/\/lovme.pt\/index.php\/wp-json\/wp\/v2\/types\/product"}],"wp:featuredmedia":[{"embeddable":true,"href":"https:\/\/lovme.pt\/index.php\/wp-json\/wp\/v2\/media\/96484"}],"wp:attachment":[{"href":"https:\/\/lovme.pt\/index.php\/wp-json\/wp\/v2\/media?parent=96483"}],"wp:term":[{"taxonomy":"product_brand","embeddable":true,"href":"https:\/\/lovme.pt\/index.php\/wp-json\/wp\/v2\/product_brand?post=96483"},{"taxonomy":"product_cat","embeddable":true,"href":"https:\/\/lovme.pt\/index.php\/wp-json\/wp\/v2\/product_cat?post=96483"},{"taxonomy":"product_tag","embeddable":true,"href":"https:\/\/lovme.pt\/index.php\/wp-json\/wp\/v2\/product_tag?post=96483"}],"curies":[{"name":"wp","href":"https:\/\/api.w.org\/{rel}","templated":true}]}}