{"id":88348,"date":"2025-10-01T00:29:37","date_gmt":"2025-10-01T00:29:37","guid":{"rendered":"https:\/\/lovme.pt\/?post_type=product&#038;p=88348"},"modified":"2026-02-19T20:23:24","modified_gmt":"2026-02-19T20:23:24","slug":"chilirose-cr-4690-babydoll-longo-e-tanga-preta-s","status":"publish","type":"product","link":"https:\/\/lovme.pt\/index.php\/produto\/chilirose-cr-4690-babydoll-longo-e-tanga-preta-s\/","title":{"rendered":"CHILIROSE &#8211; CR 4690 BABYDOLL LARGO  TANGA NEGRO S"},"content":{"rendered":"<p><strong>CR 4690<\/strong> Mergulhe em um mundo de eleg\u00e2ncia e sensualidade com este cativante babydoll longo, uma pe\u00e7a que evoca charme rom\u00e2ntico e feminilidade atemporal. Projetada para envolver seu corpo com suavidade e delicadeza, essa babydoll \u00e9 muito mais que uma simples pe\u00e7a de lingerie: \u00e9 uma declara\u00e7\u00e3o de estilo, gra\u00e7a e sedu\u00e7\u00e3o.<\/p>\n<p>O babydoll \u00e9 confeccionado em tecido leve e delicado, que desliza suavemente sobre a pele com sensa\u00e7\u00e3o de luxo e conforto. O design pode variar desde estilos cl\u00e1ssicos e rom\u00e2nticos at\u00e9 op\u00e7\u00f5es mais ousadas e provocantes, com detalhes como rendas, bordados ou transpar\u00eancias que d\u00e3o um toque de intriga e mist\u00e9rio.<\/p>\n<p>Quer voc\u00ea o use como uma roupa de dormir rom\u00e2ntica ou como pe\u00e7a central do seu look para uma ocasi\u00e3o especial, este babydoll longo \u00e9 uma escolha certa para adicionar um toque de glamour e sedu\u00e7\u00e3o. ;n para qualquer situa\u00e7\u00e3o. Prepare-se para deslumbrar e cativar com este lindo babydoll que vai fazer voc\u00ea desmaiar. sinta-se feminina, sensual e simplesmente irresist\u00edvel.<\/p>\n<p><u><strong>CARACTER\u00cdSTICAS:<\/strong><\/u><\/p>\n<ul>\n<li>Conjunto de camisola longa Feather Tickle<\/li>\n<li>Confeccionada em renda exclusiva e couro ecol\u00f3gico<\/li>\n<li>O conjunto inclui:\n<ul>\n<li>Correia<\/li>\n<li>C\u00f3cegas nas penas<\/li>\n<\/ul>\n<\/li>\n<li>Dispon\u00edvel em S, M, L<\/li>\n<\/ul>\n<p>\u00a0<\/p>\n<p>A marca <strong>CHILIROSE<\/strong> foi criada em 2008 e a nossa miss\u00e3o \u00e9 oferecer lingerie sensual e excitante aos nossos clientes a um pre\u00e7o competitivo. Agora em 2022, ap\u00f3s 14 anos, somos uma das principais empresas de lingerie ex\u00f3tica e temos uma grande cole\u00e7\u00e3o de pijamas, vestidos, roup\u00f5es, espartilhos, vestidos, roupas para baladas e muito mais. Nosso rigoroso controle de qualidade garante total satisfa\u00e7\u00e3o aos nossos clientes e torna a venda um prazer. Tomamos especial cuidado na sele\u00e7\u00e3o de nossos materiais e m\u00e3o de obra. Oferecemos regularmente novos estilos fant\u00e1sticos e esperamos surpreend\u00ea-lo positivamente sempre.<\/p>\n<table border=\"1\" cellpadding=\"0\" cellspacing=\"0\" width=\"832\">\n<tbody>\n<tr 1px=\"\" height=\"23\" solid=\"\" style=\"border:\">\n<td 1px=\"\" border:=\"\" class=\"xl72\" colspan=\"8\" height=\"23\" solid=\"\" style=\"text-align: center;\" width=\"832\"><b>GUIA DE TAMANHO<\/b><\/td>\n<\/tr>\n<tr 1px=\"\" height=\"23\" solid=\"\" style=\"border:\">\n<td 1px=\"\" border:=\"\" class=\"xl73\" colspan=\"2\" height=\"23\" solid=\"\" style=\"text-align: center;\"><strong>TAMANHO<\/strong><\/td>\n<td 1px=\"\" border:=\"\" class=\"xl71\" solid=\"\" style=\"text-align: center;\" width=\"104\"><strong>S<\/strong><\/td>\n<td 1px=\"\" border:=\"\" class=\"xl71\" solid=\"\" style=\"text-align: center;\" width=\"104\"><strong>M<\/strong><\/td>\n<td 1px=\"\" border:=\"\" class=\"xl71\" solid=\"\" style=\"text-align: center;\" width=\"104\"><strong>L<\/strong><\/td>\n<td 1px=\"\" border:=\"\" class=\"xl71\" solid=\"\" style=\"text-align: center;\" width=\"104\"><strong>XL<\/strong><\/td>\n<td 1px=\"\" border:=\"\" class=\"xl71\" solid=\"\" style=\"text-align: center;\" width=\"104\"><strong>XXL<\/strong><\/td>\n<td 1px=\"\" border:=\"\" class=\"xl71\" solid=\"\" style=\"text-align: center;\" width=\"104\"><strong>S\/M  L\/XL<\/strong><\/td>\n<\/tr>\n<tr>\n<td 1px=\"\" border:=\"\" class=\"xl74\" colspan=\"2\" height=\"23\" solid=\"\" style=\"text-align: center;\" width=\"208\"><strong>Busto cm<\/strong><\/td>\n<td 1px=\"\" border:=\"\" class=\"xl72\" solid=\"\" style=\"text-align: center;\" width=\"104\">85-89<\/td>\n<td 1px=\"\" border:=\"\" class=\"xl72\" solid=\"\" style=\"text-align: center;\" width=\"104\">90-94<\/td>\n<td 1px=\"\" border:=\"\" class=\"xl71\" solid=\"\" style=\"text-align: center;\" width=\"104\">95-99<\/td>\n<td 1px=\"\" border:=\"\" class=\"xl71\" solid=\"\" style=\"text-align: center;\" width=\"104\">100-104<\/td>\n<td 1px=\"\" border:=\"\" class=\"xl71\" solid=\"\" style=\"text-align: center;\" width=\"104\">105-109<\/td>\n<td 1px=\"\" border:=\"\" class=\"xl71\" solid=\"\" style=\"text-align: center;\" width=\"104\">85-94  95-104<\/td>\n<\/tr>\n<tr>\n<td 1px=\"\" border:=\"\" class=\"xl74\" colspan=\"2\" height=\"23\" solid=\"\" style=\"text-align: center;\" width=\"208\"><strong>Abaixo do busto cm<\/strong><\/td>\n<td 1px=\"\" border:=\"\" class=\"xl72\" solid=\"\" style=\"text-align: center;\" width=\"104\"><span font-family:=\"\" style=\"color:\">69-72<\/span><\/td>\n<td 1px=\"\" border:=\"\" class=\"xl72\" solid=\"\" style=\"text-align: center;\" width=\"104\"><span font-family:=\"\" style=\"color:\">73-77<\/span><\/td>\n<td 1px=\"\" border:=\"\" class=\"xl71\" solid=\"\" style=\"text-align: center;\" width=\"104\"><span font-family:=\"\" style=\"color:\">78-81<\/span><\/td>\n<td 1px=\"\" border:=\"\" class=\"xl71\" solid=\"\" style=\"text-align: center;\" width=\"104\"><span font-family:=\"\" style=\"color:\">82-86<\/span><\/td>\n<td 1px=\"\" border:=\"\" class=\"xl71\" solid=\"\" style=\"text-align: center;\" width=\"104\"><span font-family:=\"\" style=\"color:\">87-90<\/span><\/td>\n<td 1px=\"\" border:=\"\" class=\"xl71\" solid=\"\" style=\"text-align: center;\" width=\"104\"><span font-family:=\"\" style=\"color:\">69-77  78-86<\/span><\/td>\n<\/tr>\n<tr 1px=\"\" height=\"23\" solid=\"\" style=\"border:\">\n<td 1px=\"\" border:=\"\" class=\"xl74\" colspan=\"2\" height=\"23\" solid=\"\" style=\"text-align: center;\" width=\"208\"><strong>Cintura (CM<\/strong><\/td>\n<td 1px=\"\" border:=\"\" class=\"xl72\" solid=\"\" style=\"text-align: center;\" width=\"104\">68-72<\/td>\n<td 1px=\"\" border:=\"\" class=\"xl72\" solid=\"\" style=\"text-align: center;\" width=\"104\">73-77<\/td>\n<td 1px=\"\" border:=\"\" class=\"xl71\" solid=\"\" style=\"text-align: center;\" width=\"104\">78-82<\/td>\n<td 1px=\"\" border:=\"\" class=\"xl71\" solid=\"\" style=\"text-align: center;\" width=\"104\">83-87<\/td>\n<td 1px=\"\" border:=\"\" class=\"xl71\" solid=\"\" style=\"text-align: center;\" width=\"104\">88-93<\/td>\n<td 1px=\"\" border:=\"\" class=\"xl71\" solid=\"\" style=\"text-align: center;\" width=\"104\">68-77  78-87<\/td>\n<\/tr>\n<tr 1px=\"\" height=\"23\" solid=\"\" style=\"border:\">\n<td 1px=\"\" border:=\"\" class=\"xl74\" colspan=\"2\" height=\"23\" solid=\"\" style=\"text-align: center;\" width=\"208\"><strong>Quadris cm<\/strong><\/td>\n<td 1px=\"\" border:=\"\" class=\"xl72\" solid=\"\" style=\"text-align: center;\" width=\"104\">90-94<\/td>\n<td 1px=\"\" border:=\"\" class=\"xl72\" solid=\"\" style=\"text-align: center;\" width=\"104\">95-100<\/td>\n<td 1px=\"\" border:=\"\" class=\"xl71\" solid=\"\" style=\"text-align: center;\" width=\"104\">101-105<\/td>\n<td 1px=\"\" border:=\"\" class=\"xl71\" solid=\"\" style=\"text-align: center;\" width=\"104\">106-111<\/td>\n<td 1px=\"\" border:=\"\" class=\"xl71\" solid=\"\" style=\"text-align: center;\" width=\"104\">112-116<\/td>\n<td 1px=\"\" border:=\"\" class=\"xl71\" solid=\"\" style=\"text-align: center;\" width=\"104\">90-100  101-111<\/td>\n<\/tr>\n<\/tbody>\n<\/table>\n","protected":false},"excerpt":{"rendered":"<p>CHILIROSE &#8211; CR 4690 BABYDOLL LONGO E TANGA PRETA S<\/p>\n","protected":false},"featured_media":88351,"template":"","meta":{"_acf_changed":false},"product_brand":[],"product_cat":[47,66],"product_tag":[],"class_list":{"0":"post-88348","1":"product","2":"type-product","3":"status-publish","4":"has-post-thumbnail","6":"product_cat-lingerie","7":"product_cat-lingerie-feminina","8":"yith_product_brand-chilirose","9":"yith_product_brand-chilirosechilirose-babydolls","11":"first","12":"instock","13":"taxable","14":"shipping-taxable","15":"purchasable","16":"product-type-variable","17":"has-default-attributes"},"acf":[],"yoast_head":"<!-- This site is optimized with the Yoast SEO plugin v27.4 - https:\/\/yoast.com\/product\/yoast-seo-wordpress\/ -->\n<title>CHILIROSE - CR 4690 BABYDOLL LARGO TANGA NEGRO S - Lovme<\/title>\n<meta name=\"robots\" content=\"index, follow, max-snippet:-1, max-image-preview:large, max-video-preview:-1\" \/>\n<link rel=\"canonical\" href=\"https:\/\/lovme.pt\/index.php\/produto\/chilirose-cr-4690-babydoll-longo-e-tanga-preta-s\/\" \/>\n<meta property=\"og:locale\" content=\"pt_PT\" \/>\n<meta property=\"og:type\" content=\"article\" \/>\n<meta property=\"og:title\" content=\"CHILIROSE - CR 4690 BABYDOLL LARGO TANGA NEGRO S - Lovme\" \/>\n<meta property=\"og:description\" content=\"CHILIROSE - CR 4690 BABYDOLL LONGO E TANGA PRETA S\" \/>\n<meta property=\"og:url\" content=\"https:\/\/lovme.pt\/index.php\/produto\/chilirose-cr-4690-babydoll-longo-e-tanga-preta-s\/\" \/>\n<meta property=\"og:site_name\" content=\"Lovme\" \/>\n<meta property=\"article:modified_time\" content=\"2026-02-19T20:23:24+00:00\" \/>\n<meta property=\"og:image\" content=\"https:\/\/erki24nd3ub.exactdn.com\/wp-content\/uploads\/dream\/img\/img_183364_e7e45352600922445e87afb6acaee450_1.jpg?strip=all\" \/>\n\t<meta property=\"og:image:width\" content=\"800\" \/>\n\t<meta property=\"og:image:height\" content=\"800\" \/>\n\t<meta property=\"og:image:type\" content=\"image\/jpeg\" \/>\n<meta name=\"twitter:card\" content=\"summary_large_image\" \/>\n<meta name=\"twitter:label1\" content=\"Tempo estimado de leitura\" \/>\n\t<meta name=\"twitter:data1\" content=\"2 minutos\" \/>\n<script type=\"application\/ld+json\" class=\"yoast-schema-graph\">{\"@context\":\"https:\\\/\\\/schema.org\",\"@graph\":[{\"@type\":\"WebPage\",\"@id\":\"https:\\\/\\\/lovme.pt\\\/index.php\\\/produto\\\/chilirose-cr-4690-babydoll-longo-e-tanga-preta-s\\\/\",\"url\":\"https:\\\/\\\/lovme.pt\\\/index.php\\\/produto\\\/chilirose-cr-4690-babydoll-longo-e-tanga-preta-s\\\/\",\"name\":\"CHILIROSE - CR 4690 BABYDOLL LARGO TANGA NEGRO S - Lovme\",\"isPartOf\":{\"@id\":\"https:\\\/\\\/lovme.pt\\\/#website\"},\"primaryImageOfPage\":{\"@id\":\"https:\\\/\\\/lovme.pt\\\/index.php\\\/produto\\\/chilirose-cr-4690-babydoll-longo-e-tanga-preta-s\\\/#primaryimage\"},\"image\":{\"@id\":\"https:\\\/\\\/lovme.pt\\\/index.php\\\/produto\\\/chilirose-cr-4690-babydoll-longo-e-tanga-preta-s\\\/#primaryimage\"},\"thumbnailUrl\":\"https:\\\/\\\/erki24nd3ub.exactdn.com\\\/wp-content\\\/uploads\\\/dream\\\/img\\\/img_183364_e7e45352600922445e87afb6acaee450_1.jpg?strip=all\",\"datePublished\":\"2025-10-01T00:29:37+00:00\",\"dateModified\":\"2026-02-19T20:23:24+00:00\",\"breadcrumb\":{\"@id\":\"https:\\\/\\\/lovme.pt\\\/index.php\\\/produto\\\/chilirose-cr-4690-babydoll-longo-e-tanga-preta-s\\\/#breadcrumb\"},\"inLanguage\":\"pt-PT\",\"potentialAction\":[{\"@type\":\"ReadAction\",\"target\":[\"https:\\\/\\\/lovme.pt\\\/index.php\\\/produto\\\/chilirose-cr-4690-babydoll-longo-e-tanga-preta-s\\\/\"]}]},{\"@type\":\"ImageObject\",\"inLanguage\":\"pt-PT\",\"@id\":\"https:\\\/\\\/lovme.pt\\\/index.php\\\/produto\\\/chilirose-cr-4690-babydoll-longo-e-tanga-preta-s\\\/#primaryimage\",\"url\":\"https:\\\/\\\/erki24nd3ub.exactdn.com\\\/wp-content\\\/uploads\\\/dream\\\/img\\\/img_183364_e7e45352600922445e87afb6acaee450_1.jpg?strip=all\",\"contentUrl\":\"https:\\\/\\\/erki24nd3ub.exactdn.com\\\/wp-content\\\/uploads\\\/dream\\\/img\\\/img_183364_e7e45352600922445e87afb6acaee450_1.jpg?strip=all\",\"width\":800,\"height\":800},{\"@type\":\"BreadcrumbList\",\"@id\":\"https:\\\/\\\/lovme.pt\\\/index.php\\\/produto\\\/chilirose-cr-4690-babydoll-longo-e-tanga-preta-s\\\/#breadcrumb\",\"itemListElement\":[{\"@type\":\"ListItem\",\"position\":1,\"name\":\"In\u00edcio\",\"item\":\"https:\\\/\\\/lovme.pt\\\/\"},{\"@type\":\"ListItem\",\"position\":2,\"name\":\"Loja\",\"item\":\"https:\\\/\\\/lovme.pt\\\/index.php\\\/loja\\\/\"},{\"@type\":\"ListItem\",\"position\":3,\"name\":\"CHILIROSE &#8211; CR 4690 BABYDOLL LARGO TANGA NEGRO S\"}]},{\"@type\":\"WebSite\",\"@id\":\"https:\\\/\\\/lovme.pt\\\/#website\",\"url\":\"https:\\\/\\\/lovme.pt\\\/\",\"name\":\"Lovme Loja Er\u00f3tica N\u00ba1 em Portugal\",\"description\":\"A melhor loja er\u00f3tica de Portugal.\",\"alternateName\":\"Loja Er\u00f3tica Lovme\",\"potentialAction\":[{\"@type\":\"SearchAction\",\"target\":{\"@type\":\"EntryPoint\",\"urlTemplate\":\"https:\\\/\\\/lovme.pt\\\/?s={search_term_string}\"},\"query-input\":{\"@type\":\"PropertyValueSpecification\",\"valueRequired\":true,\"valueName\":\"search_term_string\"}}],\"inLanguage\":\"pt-PT\"}]}<\/script>\n<!-- \/ Yoast SEO plugin. -->","yoast_head_json":{"title":"CHILIROSE - CR 4690 BABYDOLL LARGO TANGA NEGRO S - Lovme","robots":{"index":"index","follow":"follow","max-snippet":"max-snippet:-1","max-image-preview":"max-image-preview:large","max-video-preview":"max-video-preview:-1"},"canonical":"https:\/\/lovme.pt\/index.php\/produto\/chilirose-cr-4690-babydoll-longo-e-tanga-preta-s\/","og_locale":"pt_PT","og_type":"article","og_title":"CHILIROSE - CR 4690 BABYDOLL LARGO TANGA NEGRO S - Lovme","og_description":"CHILIROSE - CR 4690 BABYDOLL LONGO E TANGA PRETA S","og_url":"https:\/\/lovme.pt\/index.php\/produto\/chilirose-cr-4690-babydoll-longo-e-tanga-preta-s\/","og_site_name":"Lovme","article_modified_time":"2026-02-19T20:23:24+00:00","og_image":[{"width":800,"height":800,"url":"https:\/\/erki24nd3ub.exactdn.com\/wp-content\/uploads\/dream\/img\/img_183364_e7e45352600922445e87afb6acaee450_1.jpg?strip=all","type":"image\/jpeg"}],"twitter_card":"summary_large_image","twitter_misc":{"Tempo estimado de leitura":"2 minutos"},"schema":{"@context":"https:\/\/schema.org","@graph":[{"@type":"WebPage","@id":"https:\/\/lovme.pt\/index.php\/produto\/chilirose-cr-4690-babydoll-longo-e-tanga-preta-s\/","url":"https:\/\/lovme.pt\/index.php\/produto\/chilirose-cr-4690-babydoll-longo-e-tanga-preta-s\/","name":"CHILIROSE - CR 4690 BABYDOLL LARGO TANGA NEGRO S - Lovme","isPartOf":{"@id":"https:\/\/lovme.pt\/#website"},"primaryImageOfPage":{"@id":"https:\/\/lovme.pt\/index.php\/produto\/chilirose-cr-4690-babydoll-longo-e-tanga-preta-s\/#primaryimage"},"image":{"@id":"https:\/\/lovme.pt\/index.php\/produto\/chilirose-cr-4690-babydoll-longo-e-tanga-preta-s\/#primaryimage"},"thumbnailUrl":"https:\/\/erki24nd3ub.exactdn.com\/wp-content\/uploads\/dream\/img\/img_183364_e7e45352600922445e87afb6acaee450_1.jpg?strip=all","datePublished":"2025-10-01T00:29:37+00:00","dateModified":"2026-02-19T20:23:24+00:00","breadcrumb":{"@id":"https:\/\/lovme.pt\/index.php\/produto\/chilirose-cr-4690-babydoll-longo-e-tanga-preta-s\/#breadcrumb"},"inLanguage":"pt-PT","potentialAction":[{"@type":"ReadAction","target":["https:\/\/lovme.pt\/index.php\/produto\/chilirose-cr-4690-babydoll-longo-e-tanga-preta-s\/"]}]},{"@type":"ImageObject","inLanguage":"pt-PT","@id":"https:\/\/lovme.pt\/index.php\/produto\/chilirose-cr-4690-babydoll-longo-e-tanga-preta-s\/#primaryimage","url":"https:\/\/erki24nd3ub.exactdn.com\/wp-content\/uploads\/dream\/img\/img_183364_e7e45352600922445e87afb6acaee450_1.jpg?strip=all","contentUrl":"https:\/\/erki24nd3ub.exactdn.com\/wp-content\/uploads\/dream\/img\/img_183364_e7e45352600922445e87afb6acaee450_1.jpg?strip=all","width":800,"height":800},{"@type":"BreadcrumbList","@id":"https:\/\/lovme.pt\/index.php\/produto\/chilirose-cr-4690-babydoll-longo-e-tanga-preta-s\/#breadcrumb","itemListElement":[{"@type":"ListItem","position":1,"name":"In\u00edcio","item":"https:\/\/lovme.pt\/"},{"@type":"ListItem","position":2,"name":"Loja","item":"https:\/\/lovme.pt\/index.php\/loja\/"},{"@type":"ListItem","position":3,"name":"CHILIROSE &#8211; CR 4690 BABYDOLL LARGO TANGA NEGRO S"}]},{"@type":"WebSite","@id":"https:\/\/lovme.pt\/#website","url":"https:\/\/lovme.pt\/","name":"Lovme Loja Er\u00f3tica N\u00ba1 em Portugal","description":"A melhor loja er\u00f3tica de Portugal.","alternateName":"Loja Er\u00f3tica Lovme","potentialAction":[{"@type":"SearchAction","target":{"@type":"EntryPoint","urlTemplate":"https:\/\/lovme.pt\/?s={search_term_string}"},"query-input":{"@type":"PropertyValueSpecification","valueRequired":true,"valueName":"search_term_string"}}],"inLanguage":"pt-PT"}]}},"_links":{"self":[{"href":"https:\/\/lovme.pt\/index.php\/wp-json\/wp\/v2\/product\/88348","targetHints":{"allow":["GET"]}}],"collection":[{"href":"https:\/\/lovme.pt\/index.php\/wp-json\/wp\/v2\/product"}],"about":[{"href":"https:\/\/lovme.pt\/index.php\/wp-json\/wp\/v2\/types\/product"}],"wp:featuredmedia":[{"embeddable":true,"href":"https:\/\/lovme.pt\/index.php\/wp-json\/wp\/v2\/media\/88351"}],"wp:attachment":[{"href":"https:\/\/lovme.pt\/index.php\/wp-json\/wp\/v2\/media?parent=88348"}],"wp:term":[{"taxonomy":"product_brand","embeddable":true,"href":"https:\/\/lovme.pt\/index.php\/wp-json\/wp\/v2\/product_brand?post=88348"},{"taxonomy":"product_cat","embeddable":true,"href":"https:\/\/lovme.pt\/index.php\/wp-json\/wp\/v2\/product_cat?post=88348"},{"taxonomy":"product_tag","embeddable":true,"href":"https:\/\/lovme.pt\/index.php\/wp-json\/wp\/v2\/product_tag?post=88348"}],"curies":[{"name":"wp","href":"https:\/\/api.w.org\/{rel}","templated":true}]}}