{"id":8316,"date":"2025-09-30T20:11:02","date_gmt":"2025-09-30T20:11:02","guid":{"rendered":"https:\/\/lovme.pt\/?post_type=product&p=8316"},"modified":"2026-02-19T20:07:17","modified_gmt":"2026-02-19T20:07:17","slug":"extreme-toyz-estilo-vagina-e-nus-doggy","status":"publish","type":"product","link":"https:\/\/lovme.pt\/index.php\/produto\/extreme-toyz-estilo-vagina-e-nus-doggy\/","title":{"rendered":"EXTREME TOYZ &#8211; ESTILO VAGINA E NUS DOGGY"},"content":{"rendered":"<p>Se o que voc\u00ea ama mesmo s\u00e3o bundas pretas, com essa voc\u00ea tem uma boa para curtir. Coloque-o primeiro por tr\u00e1s e depois continue pela frente.<\/p>\n<p> Seus l\u00e1bios arredondados e carnudos cor de caf\u00e9 s\u00e3o a resposta para todos os homens que t\u00eam fantasias com chocolate. Duas n\u00e1degas grandes para desfrutar de tapas e insultos, junto com l\u00e1bios doces e escuros que s\u00f3 querem que voc\u00ea os penetre com seu porrete. imbat\u00edvel.<\/p>\n<p> Tire da caixa, aplique o lubrificante que lhe damos e prepare-se para entrar num festival de sexo sem barreiras.<\/p>\n<p> Este mega Masturbador \u00e9 a r\u00e9plica mais realista que voc\u00ea pode experimentar, gra\u00e7as \u00e0 sua textura Fanta Flesh.<\/p>\n<p> Prepare-se para deslizar seu membro em seu buraco de prazer macio, delicado e \u00famido. Sua vulva macia ir\u00e1 envolv\u00ea-lo e massagear seu p\u00eanis, quase melhor do que uma vagina de verdade, e sua bunda ir\u00e1 deliciar seus desejos mais safados.<\/p>\n<p> Se o seu desejo \u00e9 uma noite louca de paix\u00e3o, n\u00e3o se preocupe, ela far\u00e1 voc\u00ea gozar todas as noites que quiser.<\/p>\n<p> Esses buracos de lux\u00faria t\u00eam um orif\u00edcio de sa\u00edda no lado oposto, facilitando a limpeza ap\u00f3s a divers\u00e3o<\/p>\n<p> Com o seu limpador de brinquedos Pipedream e \u00e1gua morna, ele estar\u00e1 pronto para quando voc\u00ea decidir se divertir novamente por alguns minutos.<\/p>\n<p> O melhor de tudo \u00e9 que voc\u00ea pode guard\u00e1-lo embaixo da cama ou no arm\u00e1rio, para facilitar o armazenamento depois de se divertir.<\/p>\n<p> Sem compromissos, sem bobagens e sem n\u00fameros de telefone, voc\u00ea n\u00e3o vai mais se preocupar com ela.<br \/> \u00c9 uma revela\u00e7\u00e3o, a qualquer hora, em qualquer lugar e para qualquer tamanho de p\u00eanis.<\/p>\n<p> N\u00e3o espere mais, adquira seu JUNK IN THA TRUNK<\/p>\n<ul>\n<li> Peso 3 quilos.<\/li>\n<li> 100% livre de falato<\/li>\n<li> Inclui um potente vibrador com regulador de velocidade.<\/li>\n<\/ul>\n<p> Funciona com 2 pilhas R6\/AA que voc\u00ea encontra na se\u00e7\u00e3o Baterias.<\/p>\n","protected":false},"excerpt":{"rendered":"<p>EXTREME TOYZ &#8211; ESTILO VAGINA E NUS DOGGY<\/p>\n","protected":false},"featured_media":65786,"template":"","meta":{"_acf_changed":false},"product_brand":[],"product_cat":[15],"product_tag":[],"class_list":{"0":"post-8316","1":"product","2":"type-product","3":"status-publish","4":"has-post-thumbnail","6":"product_cat-loja","7":"yith_product_brand-pipedreamsextreme-toyz","8":"yith_product_brand-pipedreams","10":"first","11":"instock","12":"taxable","13":"shipping-taxable","14":"purchasable","15":"product-type-simple"},"acf":[],"yoast_head":"<!-- This site is optimized with the Yoast SEO plugin v27.4 - https:\/\/yoast.com\/product\/yoast-seo-wordpress\/ -->\n<title>EXTREME TOYZ - ESTILO VAGINA E NUS DOGGY - Lovme<\/title>\n<meta name=\"robots\" content=\"index, follow, max-snippet:-1, max-image-preview:large, max-video-preview:-1\" \/>\n<link rel=\"canonical\" href=\"https:\/\/lovme.pt\/index.php\/produto\/extreme-toyz-estilo-vagina-e-nus-doggy\/\" \/>\n<meta property=\"og:locale\" content=\"pt_PT\" \/>\n<meta property=\"og:type\" content=\"article\" \/>\n<meta property=\"og:title\" content=\"EXTREME TOYZ - ESTILO VAGINA E NUS DOGGY - Lovme\" \/>\n<meta property=\"og:description\" content=\"EXTREME TOYZ - ESTILO VAGINA E NUS DOGGY\" \/>\n<meta property=\"og:url\" content=\"https:\/\/lovme.pt\/index.php\/produto\/extreme-toyz-estilo-vagina-e-nus-doggy\/\" \/>\n<meta property=\"og:site_name\" content=\"Lovme\" \/>\n<meta property=\"article:modified_time\" content=\"2026-02-19T20:07:17+00:00\" \/>\n<meta property=\"og:image\" content=\"https:\/\/erki24nd3ub.exactdn.com\/wp-content\/uploads\/dream\/img\/img_21490_ee485a5196fe0c75b1861916a517d46e_1.jpg?strip=all\" \/>\n\t<meta property=\"og:image:width\" content=\"900\" \/>\n\t<meta property=\"og:image:height\" content=\"900\" \/>\n\t<meta property=\"og:image:type\" content=\"image\/jpeg\" \/>\n<meta name=\"twitter:card\" content=\"summary_large_image\" \/>\n<meta name=\"twitter:label1\" content=\"Tempo estimado de leitura\" \/>\n\t<meta name=\"twitter:data1\" content=\"2 minutos\" \/>\n<script type=\"application\/ld+json\" class=\"yoast-schema-graph\">{\"@context\":\"https:\\\/\\\/schema.org\",\"@graph\":[{\"@type\":\"WebPage\",\"@id\":\"https:\\\/\\\/lovme.pt\\\/index.php\\\/produto\\\/extreme-toyz-estilo-vagina-e-nus-doggy\\\/\",\"url\":\"https:\\\/\\\/lovme.pt\\\/index.php\\\/produto\\\/extreme-toyz-estilo-vagina-e-nus-doggy\\\/\",\"name\":\"EXTREME TOYZ - ESTILO VAGINA E NUS DOGGY - Lovme\",\"isPartOf\":{\"@id\":\"https:\\\/\\\/lovme.pt\\\/#website\"},\"primaryImageOfPage\":{\"@id\":\"https:\\\/\\\/lovme.pt\\\/index.php\\\/produto\\\/extreme-toyz-estilo-vagina-e-nus-doggy\\\/#primaryimage\"},\"image\":{\"@id\":\"https:\\\/\\\/lovme.pt\\\/index.php\\\/produto\\\/extreme-toyz-estilo-vagina-e-nus-doggy\\\/#primaryimage\"},\"thumbnailUrl\":\"https:\\\/\\\/erki24nd3ub.exactdn.com\\\/wp-content\\\/uploads\\\/dream\\\/img\\\/img_21490_ee485a5196fe0c75b1861916a517d46e_1.jpg?strip=all\",\"datePublished\":\"2025-09-30T20:11:02+00:00\",\"dateModified\":\"2026-02-19T20:07:17+00:00\",\"breadcrumb\":{\"@id\":\"https:\\\/\\\/lovme.pt\\\/index.php\\\/produto\\\/extreme-toyz-estilo-vagina-e-nus-doggy\\\/#breadcrumb\"},\"inLanguage\":\"pt-PT\",\"potentialAction\":[{\"@type\":\"ReadAction\",\"target\":[\"https:\\\/\\\/lovme.pt\\\/index.php\\\/produto\\\/extreme-toyz-estilo-vagina-e-nus-doggy\\\/\"]}]},{\"@type\":\"ImageObject\",\"inLanguage\":\"pt-PT\",\"@id\":\"https:\\\/\\\/lovme.pt\\\/index.php\\\/produto\\\/extreme-toyz-estilo-vagina-e-nus-doggy\\\/#primaryimage\",\"url\":\"https:\\\/\\\/erki24nd3ub.exactdn.com\\\/wp-content\\\/uploads\\\/dream\\\/img\\\/img_21490_ee485a5196fe0c75b1861916a517d46e_1.jpg?strip=all\",\"contentUrl\":\"https:\\\/\\\/erki24nd3ub.exactdn.com\\\/wp-content\\\/uploads\\\/dream\\\/img\\\/img_21490_ee485a5196fe0c75b1861916a517d46e_1.jpg?strip=all\",\"width\":900,\"height\":900},{\"@type\":\"BreadcrumbList\",\"@id\":\"https:\\\/\\\/lovme.pt\\\/index.php\\\/produto\\\/extreme-toyz-estilo-vagina-e-nus-doggy\\\/#breadcrumb\",\"itemListElement\":[{\"@type\":\"ListItem\",\"position\":1,\"name\":\"In\u00edcio\",\"item\":\"https:\\\/\\\/lovme.pt\\\/\"},{\"@type\":\"ListItem\",\"position\":2,\"name\":\"Loja\",\"item\":\"https:\\\/\\\/lovme.pt\\\/index.php\\\/loja\\\/\"},{\"@type\":\"ListItem\",\"position\":3,\"name\":\"EXTREME TOYZ &#8211; ESTILO VAGINA E NUS DOGGY\"}]},{\"@type\":\"WebSite\",\"@id\":\"https:\\\/\\\/lovme.pt\\\/#website\",\"url\":\"https:\\\/\\\/lovme.pt\\\/\",\"name\":\"Lovme Loja Er\u00f3tica N\u00ba1 em Portugal\",\"description\":\"A melhor loja er\u00f3tica de Portugal.\",\"alternateName\":\"Loja Er\u00f3tica Lovme\",\"potentialAction\":[{\"@type\":\"SearchAction\",\"target\":{\"@type\":\"EntryPoint\",\"urlTemplate\":\"https:\\\/\\\/lovme.pt\\\/?s={search_term_string}\"},\"query-input\":{\"@type\":\"PropertyValueSpecification\",\"valueRequired\":true,\"valueName\":\"search_term_string\"}}],\"inLanguage\":\"pt-PT\"}]}<\/script>\n<!-- \/ Yoast SEO plugin. -->","yoast_head_json":{"title":"EXTREME TOYZ - ESTILO VAGINA E NUS DOGGY - Lovme","robots":{"index":"index","follow":"follow","max-snippet":"max-snippet:-1","max-image-preview":"max-image-preview:large","max-video-preview":"max-video-preview:-1"},"canonical":"https:\/\/lovme.pt\/index.php\/produto\/extreme-toyz-estilo-vagina-e-nus-doggy\/","og_locale":"pt_PT","og_type":"article","og_title":"EXTREME TOYZ - ESTILO VAGINA E NUS DOGGY - Lovme","og_description":"EXTREME TOYZ - ESTILO VAGINA E NUS DOGGY","og_url":"https:\/\/lovme.pt\/index.php\/produto\/extreme-toyz-estilo-vagina-e-nus-doggy\/","og_site_name":"Lovme","article_modified_time":"2026-02-19T20:07:17+00:00","og_image":[{"width":900,"height":900,"url":"https:\/\/erki24nd3ub.exactdn.com\/wp-content\/uploads\/dream\/img\/img_21490_ee485a5196fe0c75b1861916a517d46e_1.jpg?strip=all","type":"image\/jpeg"}],"twitter_card":"summary_large_image","twitter_misc":{"Tempo estimado de leitura":"2 minutos"},"schema":{"@context":"https:\/\/schema.org","@graph":[{"@type":"WebPage","@id":"https:\/\/lovme.pt\/index.php\/produto\/extreme-toyz-estilo-vagina-e-nus-doggy\/","url":"https:\/\/lovme.pt\/index.php\/produto\/extreme-toyz-estilo-vagina-e-nus-doggy\/","name":"EXTREME TOYZ - ESTILO VAGINA E NUS DOGGY - Lovme","isPartOf":{"@id":"https:\/\/lovme.pt\/#website"},"primaryImageOfPage":{"@id":"https:\/\/lovme.pt\/index.php\/produto\/extreme-toyz-estilo-vagina-e-nus-doggy\/#primaryimage"},"image":{"@id":"https:\/\/lovme.pt\/index.php\/produto\/extreme-toyz-estilo-vagina-e-nus-doggy\/#primaryimage"},"thumbnailUrl":"https:\/\/erki24nd3ub.exactdn.com\/wp-content\/uploads\/dream\/img\/img_21490_ee485a5196fe0c75b1861916a517d46e_1.jpg?strip=all","datePublished":"2025-09-30T20:11:02+00:00","dateModified":"2026-02-19T20:07:17+00:00","breadcrumb":{"@id":"https:\/\/lovme.pt\/index.php\/produto\/extreme-toyz-estilo-vagina-e-nus-doggy\/#breadcrumb"},"inLanguage":"pt-PT","potentialAction":[{"@type":"ReadAction","target":["https:\/\/lovme.pt\/index.php\/produto\/extreme-toyz-estilo-vagina-e-nus-doggy\/"]}]},{"@type":"ImageObject","inLanguage":"pt-PT","@id":"https:\/\/lovme.pt\/index.php\/produto\/extreme-toyz-estilo-vagina-e-nus-doggy\/#primaryimage","url":"https:\/\/erki24nd3ub.exactdn.com\/wp-content\/uploads\/dream\/img\/img_21490_ee485a5196fe0c75b1861916a517d46e_1.jpg?strip=all","contentUrl":"https:\/\/erki24nd3ub.exactdn.com\/wp-content\/uploads\/dream\/img\/img_21490_ee485a5196fe0c75b1861916a517d46e_1.jpg?strip=all","width":900,"height":900},{"@type":"BreadcrumbList","@id":"https:\/\/lovme.pt\/index.php\/produto\/extreme-toyz-estilo-vagina-e-nus-doggy\/#breadcrumb","itemListElement":[{"@type":"ListItem","position":1,"name":"In\u00edcio","item":"https:\/\/lovme.pt\/"},{"@type":"ListItem","position":2,"name":"Loja","item":"https:\/\/lovme.pt\/index.php\/loja\/"},{"@type":"ListItem","position":3,"name":"EXTREME TOYZ &#8211; ESTILO VAGINA E NUS DOGGY"}]},{"@type":"WebSite","@id":"https:\/\/lovme.pt\/#website","url":"https:\/\/lovme.pt\/","name":"Lovme Loja Er\u00f3tica N\u00ba1 em Portugal","description":"A melhor loja er\u00f3tica de Portugal.","alternateName":"Loja Er\u00f3tica Lovme","potentialAction":[{"@type":"SearchAction","target":{"@type":"EntryPoint","urlTemplate":"https:\/\/lovme.pt\/?s={search_term_string}"},"query-input":{"@type":"PropertyValueSpecification","valueRequired":true,"valueName":"search_term_string"}}],"inLanguage":"pt-PT"}]}},"_links":{"self":[{"href":"https:\/\/lovme.pt\/index.php\/wp-json\/wp\/v2\/product\/8316","targetHints":{"allow":["GET"]}}],"collection":[{"href":"https:\/\/lovme.pt\/index.php\/wp-json\/wp\/v2\/product"}],"about":[{"href":"https:\/\/lovme.pt\/index.php\/wp-json\/wp\/v2\/types\/product"}],"wp:featuredmedia":[{"embeddable":true,"href":"https:\/\/lovme.pt\/index.php\/wp-json\/wp\/v2\/media\/65786"}],"wp:attachment":[{"href":"https:\/\/lovme.pt\/index.php\/wp-json\/wp\/v2\/media?parent=8316"}],"wp:term":[{"taxonomy":"product_brand","embeddable":true,"href":"https:\/\/lovme.pt\/index.php\/wp-json\/wp\/v2\/product_brand?post=8316"},{"taxonomy":"product_cat","embeddable":true,"href":"https:\/\/lovme.pt\/index.php\/wp-json\/wp\/v2\/product_cat?post=8316"},{"taxonomy":"product_tag","embeddable":true,"href":"https:\/\/lovme.pt\/index.php\/wp-json\/wp\/v2\/product_tag?post=8316"}],"curies":[{"name":"wp","href":"https:\/\/api.w.org\/{rel}","templated":true}]}}