{"id":81759,"date":"2025-09-30T22:52:35","date_gmt":"2025-09-30T22:52:35","guid":{"rendered":"https:\/\/lovme.pt\/?post_type=product&p=81759"},"modified":"2026-02-19T20:13:23","modified_gmt":"2026-02-19T20:13:23","slug":"calexotics-scandal-conjunto-de-abracadeiras-para-cama","status":"publish","type":"product","link":"https:\/\/lovme.pt\/index.php\/produto\/calexotics-scandal-conjunto-de-abracadeiras-para-cama\/","title":{"rendered":"CALEXOTICS &#8211; SCANDAL CONJUNTO DE ABRA\u00c7ADEIRAS PARA CAMA"},"content":{"rendered":"<p>Entregue-se \u00e0 submiss\u00e3o completa com as algemas de cama Scandal. Essas algemas macias e ajust\u00e1veis para pulsos e tornozelos se conectam a amarras fortes que se adaptam a qualquer tamanho de cama. Experimente sensa\u00e7\u00f5es intensas e jogos de poder enquanto seus movimentos s\u00e3o restringidos e seu parceiro assume o controle total.<\/p>\n<p>Enrole as amarras ao redor dos postes da cama ou deslize-as sob o colch\u00e3o para uma conten\u00e7\u00e3o vers\u00e1til. Com luxuoso brocado vermelho e preto e interior macio, este conjunto foi projetado para conforto, sedu\u00e7\u00e3o e uma experi\u00eancia bondage inesquec\u00edvel.<\/p>\n<p><u><em><strong>Especifica\u00e7\u00f5es<\/strong><\/em><\/u><\/p>\n<ul>\n<li>Comprimento total 152,5 cm<\/li>\n<li>Material Poli\u00e9ster<\/li>\n<\/ul>\n<p>\u00a0<\/p>\n<p><u><em><strong>Sobre a marca<\/strong><\/em><\/u><\/p>\n<p>A CalExotics vem transformando &#8220;fantasia em realidade&#8221; h\u00e1 mais de uma d\u00e9cada. Com uma aten\u00e7\u00e3o incompar\u00e1vel aos detalhes, a fundadora e propriet\u00e1ria da CalExotics, Susan Colvin, tornou a marca California Exotic Novelty sin\u00f4nimo de brinquedos adultos de qualidade. O fato de a CalExotics ser uma empresa de propriedade e administra\u00e7\u00e3o feminina desempenha um papel importante em sua ascens\u00e3o mete\u00f3rica ao topo da ind\u00fastria de brinquedos e novidades para adultos.<\/p>\n<p>\u00a0<\/p>\n","protected":false},"excerpt":{"rendered":"<p>CALEXOTICS &#8211; SCANDAL CONJUNTO DE ABRA\u00c7ADEIRAS PARA CAMA<\/p>\n","protected":false},"featured_media":81760,"template":"","meta":{"_acf_changed":false},"product_brand":[],"product_cat":[48],"product_tag":[],"class_list":{"0":"post-81759","1":"product","2":"type-product","3":"status-publish","4":"has-post-thumbnail","6":"product_cat-bdsm","7":"yith_product_brand-calexotics","9":"first","10":"instock","11":"taxable","12":"shipping-taxable","13":"purchasable","14":"product-type-simple"},"acf":[],"yoast_head":"<!-- This site is optimized with the Yoast SEO plugin v27.3 - https:\/\/yoast.com\/product\/yoast-seo-wordpress\/ -->\n<title>CALEXOTICS - SCANDAL CONJUNTO DE ABRA\u00c7ADEIRAS PARA CAMA - Lovme<\/title>\n<meta name=\"robots\" content=\"index, follow, max-snippet:-1, max-image-preview:large, max-video-preview:-1\" \/>\n<link rel=\"canonical\" href=\"https:\/\/lovme.pt\/index.php\/produto\/calexotics-scandal-conjunto-de-abracadeiras-para-cama\/\" \/>\n<meta property=\"og:locale\" content=\"pt_PT\" \/>\n<meta property=\"og:type\" content=\"article\" \/>\n<meta property=\"og:title\" content=\"CALEXOTICS - SCANDAL CONJUNTO DE ABRA\u00c7ADEIRAS PARA CAMA - Lovme\" \/>\n<meta property=\"og:description\" content=\"CALEXOTICS - SCANDAL CONJUNTO DE ABRA\u00c7ADEIRAS PARA CAMA\" \/>\n<meta property=\"og:url\" content=\"https:\/\/lovme.pt\/index.php\/produto\/calexotics-scandal-conjunto-de-abracadeiras-para-cama\/\" \/>\n<meta property=\"og:site_name\" content=\"Lovme\" \/>\n<meta property=\"article:modified_time\" content=\"2026-02-19T20:13:23+00:00\" \/>\n<meta property=\"og:image\" content=\"https:\/\/erki24nd3ub.exactdn.com\/wp-content\/uploads\/dream\/img\/img_208195_6700cb7f92a319d51dda55076aa92b49_1.jpg?strip=all\" \/>\n\t<meta property=\"og:image:width\" content=\"900\" \/>\n\t<meta property=\"og:image:height\" content=\"900\" \/>\n\t<meta property=\"og:image:type\" content=\"image\/jpeg\" \/>\n<meta name=\"twitter:card\" content=\"summary_large_image\" \/>\n<meta name=\"twitter:label1\" content=\"Tempo estimado de leitura\" \/>\n\t<meta name=\"twitter:data1\" content=\"1 minuto\" \/>\n<script type=\"application\/ld+json\" class=\"yoast-schema-graph\">{\"@context\":\"https:\\\/\\\/schema.org\",\"@graph\":[{\"@type\":\"WebPage\",\"@id\":\"https:\\\/\\\/lovme.pt\\\/index.php\\\/produto\\\/calexotics-scandal-conjunto-de-abracadeiras-para-cama\\\/\",\"url\":\"https:\\\/\\\/lovme.pt\\\/index.php\\\/produto\\\/calexotics-scandal-conjunto-de-abracadeiras-para-cama\\\/\",\"name\":\"CALEXOTICS - SCANDAL CONJUNTO DE ABRA\u00c7ADEIRAS PARA CAMA - Lovme\",\"isPartOf\":{\"@id\":\"https:\\\/\\\/lovme.pt\\\/#website\"},\"primaryImageOfPage\":{\"@id\":\"https:\\\/\\\/lovme.pt\\\/index.php\\\/produto\\\/calexotics-scandal-conjunto-de-abracadeiras-para-cama\\\/#primaryimage\"},\"image\":{\"@id\":\"https:\\\/\\\/lovme.pt\\\/index.php\\\/produto\\\/calexotics-scandal-conjunto-de-abracadeiras-para-cama\\\/#primaryimage\"},\"thumbnailUrl\":\"https:\\\/\\\/erki24nd3ub.exactdn.com\\\/wp-content\\\/uploads\\\/dream\\\/img\\\/img_208195_6700cb7f92a319d51dda55076aa92b49_1.jpg?strip=all\",\"datePublished\":\"2025-09-30T22:52:35+00:00\",\"dateModified\":\"2026-02-19T20:13:23+00:00\",\"breadcrumb\":{\"@id\":\"https:\\\/\\\/lovme.pt\\\/index.php\\\/produto\\\/calexotics-scandal-conjunto-de-abracadeiras-para-cama\\\/#breadcrumb\"},\"inLanguage\":\"pt-PT\",\"potentialAction\":[{\"@type\":\"ReadAction\",\"target\":[\"https:\\\/\\\/lovme.pt\\\/index.php\\\/produto\\\/calexotics-scandal-conjunto-de-abracadeiras-para-cama\\\/\"]}]},{\"@type\":\"ImageObject\",\"inLanguage\":\"pt-PT\",\"@id\":\"https:\\\/\\\/lovme.pt\\\/index.php\\\/produto\\\/calexotics-scandal-conjunto-de-abracadeiras-para-cama\\\/#primaryimage\",\"url\":\"https:\\\/\\\/erki24nd3ub.exactdn.com\\\/wp-content\\\/uploads\\\/dream\\\/img\\\/img_208195_6700cb7f92a319d51dda55076aa92b49_1.jpg?strip=all\",\"contentUrl\":\"https:\\\/\\\/erki24nd3ub.exactdn.com\\\/wp-content\\\/uploads\\\/dream\\\/img\\\/img_208195_6700cb7f92a319d51dda55076aa92b49_1.jpg?strip=all\",\"width\":900,\"height\":900},{\"@type\":\"BreadcrumbList\",\"@id\":\"https:\\\/\\\/lovme.pt\\\/index.php\\\/produto\\\/calexotics-scandal-conjunto-de-abracadeiras-para-cama\\\/#breadcrumb\",\"itemListElement\":[{\"@type\":\"ListItem\",\"position\":1,\"name\":\"In\u00edcio\",\"item\":\"https:\\\/\\\/lovme.pt\\\/\"},{\"@type\":\"ListItem\",\"position\":2,\"name\":\"Loja\",\"item\":\"https:\\\/\\\/lovme.pt\\\/index.php\\\/loja\\\/\"},{\"@type\":\"ListItem\",\"position\":3,\"name\":\"CALEXOTICS &#8211; SCANDAL CONJUNTO DE ABRA\u00c7ADEIRAS PARA CAMA\"}]},{\"@type\":\"WebSite\",\"@id\":\"https:\\\/\\\/lovme.pt\\\/#website\",\"url\":\"https:\\\/\\\/lovme.pt\\\/\",\"name\":\"Lovme Loja Er\u00f3tica N\u00ba1 em Portugal\",\"description\":\"A melhor loja er\u00f3tica de Portugal.\",\"alternateName\":\"Loja Er\u00f3tica Lovme\",\"potentialAction\":[{\"@type\":\"SearchAction\",\"target\":{\"@type\":\"EntryPoint\",\"urlTemplate\":\"https:\\\/\\\/lovme.pt\\\/?s={search_term_string}\"},\"query-input\":{\"@type\":\"PropertyValueSpecification\",\"valueRequired\":true,\"valueName\":\"search_term_string\"}}],\"inLanguage\":\"pt-PT\"}]}<\/script>\n<!-- \/ Yoast SEO plugin. -->","yoast_head_json":{"title":"CALEXOTICS - SCANDAL CONJUNTO DE ABRA\u00c7ADEIRAS PARA CAMA - Lovme","robots":{"index":"index","follow":"follow","max-snippet":"max-snippet:-1","max-image-preview":"max-image-preview:large","max-video-preview":"max-video-preview:-1"},"canonical":"https:\/\/lovme.pt\/index.php\/produto\/calexotics-scandal-conjunto-de-abracadeiras-para-cama\/","og_locale":"pt_PT","og_type":"article","og_title":"CALEXOTICS - SCANDAL CONJUNTO DE ABRA\u00c7ADEIRAS PARA CAMA - Lovme","og_description":"CALEXOTICS - SCANDAL CONJUNTO DE ABRA\u00c7ADEIRAS PARA CAMA","og_url":"https:\/\/lovme.pt\/index.php\/produto\/calexotics-scandal-conjunto-de-abracadeiras-para-cama\/","og_site_name":"Lovme","article_modified_time":"2026-02-19T20:13:23+00:00","og_image":[{"width":900,"height":900,"url":"https:\/\/erki24nd3ub.exactdn.com\/wp-content\/uploads\/dream\/img\/img_208195_6700cb7f92a319d51dda55076aa92b49_1.jpg?strip=all","type":"image\/jpeg"}],"twitter_card":"summary_large_image","twitter_misc":{"Tempo estimado de leitura":"1 minuto"},"schema":{"@context":"https:\/\/schema.org","@graph":[{"@type":"WebPage","@id":"https:\/\/lovme.pt\/index.php\/produto\/calexotics-scandal-conjunto-de-abracadeiras-para-cama\/","url":"https:\/\/lovme.pt\/index.php\/produto\/calexotics-scandal-conjunto-de-abracadeiras-para-cama\/","name":"CALEXOTICS - SCANDAL CONJUNTO DE ABRA\u00c7ADEIRAS PARA CAMA - Lovme","isPartOf":{"@id":"https:\/\/lovme.pt\/#website"},"primaryImageOfPage":{"@id":"https:\/\/lovme.pt\/index.php\/produto\/calexotics-scandal-conjunto-de-abracadeiras-para-cama\/#primaryimage"},"image":{"@id":"https:\/\/lovme.pt\/index.php\/produto\/calexotics-scandal-conjunto-de-abracadeiras-para-cama\/#primaryimage"},"thumbnailUrl":"https:\/\/erki24nd3ub.exactdn.com\/wp-content\/uploads\/dream\/img\/img_208195_6700cb7f92a319d51dda55076aa92b49_1.jpg?strip=all","datePublished":"2025-09-30T22:52:35+00:00","dateModified":"2026-02-19T20:13:23+00:00","breadcrumb":{"@id":"https:\/\/lovme.pt\/index.php\/produto\/calexotics-scandal-conjunto-de-abracadeiras-para-cama\/#breadcrumb"},"inLanguage":"pt-PT","potentialAction":[{"@type":"ReadAction","target":["https:\/\/lovme.pt\/index.php\/produto\/calexotics-scandal-conjunto-de-abracadeiras-para-cama\/"]}]},{"@type":"ImageObject","inLanguage":"pt-PT","@id":"https:\/\/lovme.pt\/index.php\/produto\/calexotics-scandal-conjunto-de-abracadeiras-para-cama\/#primaryimage","url":"https:\/\/erki24nd3ub.exactdn.com\/wp-content\/uploads\/dream\/img\/img_208195_6700cb7f92a319d51dda55076aa92b49_1.jpg?strip=all","contentUrl":"https:\/\/erki24nd3ub.exactdn.com\/wp-content\/uploads\/dream\/img\/img_208195_6700cb7f92a319d51dda55076aa92b49_1.jpg?strip=all","width":900,"height":900},{"@type":"BreadcrumbList","@id":"https:\/\/lovme.pt\/index.php\/produto\/calexotics-scandal-conjunto-de-abracadeiras-para-cama\/#breadcrumb","itemListElement":[{"@type":"ListItem","position":1,"name":"In\u00edcio","item":"https:\/\/lovme.pt\/"},{"@type":"ListItem","position":2,"name":"Loja","item":"https:\/\/lovme.pt\/index.php\/loja\/"},{"@type":"ListItem","position":3,"name":"CALEXOTICS &#8211; SCANDAL CONJUNTO DE ABRA\u00c7ADEIRAS PARA CAMA"}]},{"@type":"WebSite","@id":"https:\/\/lovme.pt\/#website","url":"https:\/\/lovme.pt\/","name":"Lovme Loja Er\u00f3tica N\u00ba1 em Portugal","description":"A melhor loja er\u00f3tica de Portugal.","alternateName":"Loja Er\u00f3tica Lovme","potentialAction":[{"@type":"SearchAction","target":{"@type":"EntryPoint","urlTemplate":"https:\/\/lovme.pt\/?s={search_term_string}"},"query-input":{"@type":"PropertyValueSpecification","valueRequired":true,"valueName":"search_term_string"}}],"inLanguage":"pt-PT"}]}},"_links":{"self":[{"href":"https:\/\/lovme.pt\/index.php\/wp-json\/wp\/v2\/product\/81759","targetHints":{"allow":["GET"]}}],"collection":[{"href":"https:\/\/lovme.pt\/index.php\/wp-json\/wp\/v2\/product"}],"about":[{"href":"https:\/\/lovme.pt\/index.php\/wp-json\/wp\/v2\/types\/product"}],"wp:featuredmedia":[{"embeddable":true,"href":"https:\/\/lovme.pt\/index.php\/wp-json\/wp\/v2\/media\/81760"}],"wp:attachment":[{"href":"https:\/\/lovme.pt\/index.php\/wp-json\/wp\/v2\/media?parent=81759"}],"wp:term":[{"taxonomy":"product_brand","embeddable":true,"href":"https:\/\/lovme.pt\/index.php\/wp-json\/wp\/v2\/product_brand?post=81759"},{"taxonomy":"product_cat","embeddable":true,"href":"https:\/\/lovme.pt\/index.php\/wp-json\/wp\/v2\/product_cat?post=81759"},{"taxonomy":"product_tag","embeddable":true,"href":"https:\/\/lovme.pt\/index.php\/wp-json\/wp\/v2\/product_tag?post=81759"}],"curies":[{"name":"wp","href":"https:\/\/api.w.org\/{rel}","templated":true}]}}