{"id":817,"date":"2025-09-30T09:43:09","date_gmt":"2025-09-30T09:43:09","guid":{"rendered":"https:\/\/lovme.pt\/?post_type=product&p=817"},"modified":"2026-04-14T12:22:32","modified_gmt":"2026-04-14T12:22:32","slug":"tentacion-lubrificante-com-sabor-a-doce-75-ml","status":"publish","type":"product","link":"https:\/\/lovme.pt\/index.php\/produto\/tentacion-lubrificante-com-sabor-a-doce-75-ml\/","title":{"rendered":"TENTACION &#8211; LUBRIFICANTE COM SABOR A DOCE 75 ML"},"content":{"rendered":"<p>Lubrificante com sabor intensificador.<\/p>\n<p>Fabricado \u00e0 base de \u00e1gua e aromas de qualidade alimentar, \u00e9 totalmente compat\u00edvel com preservativos.<\/p>\n<p>Seu sabor \u00e9 inconfund\u00edvel, vai potencializar o cl\u00edmax e favorecer suas rela\u00e7\u00f5es \u00edntimas.<\/p>\n<p>Para uso externo. Seguro para l\u00e1tex, Dermatologicamente testado. Hipoalerg\u00eanico.<\/p>\n<ul>\n<li>Sabor Caramelo<\/li>\n<li>Recipiente com 75ml<\/li>\n<\/ul>\n","protected":false},"excerpt":{"rendered":"<p>TENTACION &#8211; LUBRIFICANTE COM SABOR A DOCE 75 ML<\/p>\n","protected":false},"featured_media":56164,"template":"","meta":{"_acf_changed":false},"product_brand":[],"product_cat":[49,53],"product_tag":[],"class_list":{"0":"post-817","1":"product","2":"type-product","3":"status-publish","4":"has-post-thumbnail","6":"product_cat-cosmeticos","7":"product_cat-lubrificantes-intimos","8":"yith_product_brand-tentacion","10":"first","11":"instock","12":"taxable","13":"shipping-taxable","14":"purchasable","15":"product-type-simple"},"acf":[],"yoast_head":"<!-- This site is optimized with the Yoast SEO plugin v27.4 - https:\/\/yoast.com\/product\/yoast-seo-wordpress\/ -->\n<title>TENTACION - LUBRIFICANTE COM SABOR A DOCE 75 ML - Lovme<\/title>\n<meta name=\"robots\" content=\"index, follow, max-snippet:-1, max-image-preview:large, max-video-preview:-1\" \/>\n<link rel=\"canonical\" href=\"https:\/\/lovme.pt\/index.php\/produto\/tentacion-lubrificante-com-sabor-a-doce-75-ml\/\" \/>\n<meta property=\"og:locale\" content=\"pt_PT\" \/>\n<meta property=\"og:type\" content=\"article\" \/>\n<meta property=\"og:title\" content=\"TENTACION - LUBRIFICANTE COM SABOR A DOCE 75 ML - Lovme\" \/>\n<meta property=\"og:description\" content=\"TENTACION - LUBRIFICANTE COM SABOR A DOCE 75 ML\" \/>\n<meta property=\"og:url\" content=\"https:\/\/lovme.pt\/index.php\/produto\/tentacion-lubrificante-com-sabor-a-doce-75-ml\/\" \/>\n<meta property=\"og:site_name\" content=\"Lovme\" \/>\n<meta property=\"article:modified_time\" content=\"2026-04-14T12:22:32+00:00\" \/>\n<meta property=\"og:image\" content=\"https:\/\/erki24nd3ub.exactdn.com\/wp-content\/uploads\/dream\/img\/img_12797_0700b5d50849814631f4ac4dbb604729_1.jpg?strip=all\" \/>\n\t<meta property=\"og:image:width\" content=\"543\" \/>\n\t<meta property=\"og:image:height\" content=\"543\" \/>\n\t<meta property=\"og:image:type\" content=\"image\/jpeg\" \/>\n<meta name=\"twitter:card\" content=\"summary_large_image\" \/>\n<script type=\"application\/ld+json\" class=\"yoast-schema-graph\">{\"@context\":\"https:\\\/\\\/schema.org\",\"@graph\":[{\"@type\":\"WebPage\",\"@id\":\"https:\\\/\\\/lovme.pt\\\/index.php\\\/produto\\\/tentacion-lubrificante-com-sabor-a-doce-75-ml\\\/\",\"url\":\"https:\\\/\\\/lovme.pt\\\/index.php\\\/produto\\\/tentacion-lubrificante-com-sabor-a-doce-75-ml\\\/\",\"name\":\"TENTACION - LUBRIFICANTE COM SABOR A DOCE 75 ML - Lovme\",\"isPartOf\":{\"@id\":\"https:\\\/\\\/lovme.pt\\\/#website\"},\"primaryImageOfPage\":{\"@id\":\"https:\\\/\\\/lovme.pt\\\/index.php\\\/produto\\\/tentacion-lubrificante-com-sabor-a-doce-75-ml\\\/#primaryimage\"},\"image\":{\"@id\":\"https:\\\/\\\/lovme.pt\\\/index.php\\\/produto\\\/tentacion-lubrificante-com-sabor-a-doce-75-ml\\\/#primaryimage\"},\"thumbnailUrl\":\"https:\\\/\\\/erki24nd3ub.exactdn.com\\\/wp-content\\\/uploads\\\/dream\\\/img\\\/img_12797_0700b5d50849814631f4ac4dbb604729_1.jpg?strip=all\",\"datePublished\":\"2025-09-30T09:43:09+00:00\",\"dateModified\":\"2026-04-14T12:22:32+00:00\",\"breadcrumb\":{\"@id\":\"https:\\\/\\\/lovme.pt\\\/index.php\\\/produto\\\/tentacion-lubrificante-com-sabor-a-doce-75-ml\\\/#breadcrumb\"},\"inLanguage\":\"pt-PT\",\"potentialAction\":[{\"@type\":\"ReadAction\",\"target\":[\"https:\\\/\\\/lovme.pt\\\/index.php\\\/produto\\\/tentacion-lubrificante-com-sabor-a-doce-75-ml\\\/\"]}]},{\"@type\":\"ImageObject\",\"inLanguage\":\"pt-PT\",\"@id\":\"https:\\\/\\\/lovme.pt\\\/index.php\\\/produto\\\/tentacion-lubrificante-com-sabor-a-doce-75-ml\\\/#primaryimage\",\"url\":\"https:\\\/\\\/erki24nd3ub.exactdn.com\\\/wp-content\\\/uploads\\\/dream\\\/img\\\/img_12797_0700b5d50849814631f4ac4dbb604729_1.jpg?strip=all\",\"contentUrl\":\"https:\\\/\\\/erki24nd3ub.exactdn.com\\\/wp-content\\\/uploads\\\/dream\\\/img\\\/img_12797_0700b5d50849814631f4ac4dbb604729_1.jpg?strip=all\",\"width\":543,\"height\":543},{\"@type\":\"BreadcrumbList\",\"@id\":\"https:\\\/\\\/lovme.pt\\\/index.php\\\/produto\\\/tentacion-lubrificante-com-sabor-a-doce-75-ml\\\/#breadcrumb\",\"itemListElement\":[{\"@type\":\"ListItem\",\"position\":1,\"name\":\"In\u00edcio\",\"item\":\"https:\\\/\\\/lovme.pt\\\/\"},{\"@type\":\"ListItem\",\"position\":2,\"name\":\"Loja\",\"item\":\"https:\\\/\\\/lovme.pt\\\/index.php\\\/loja\\\/\"},{\"@type\":\"ListItem\",\"position\":3,\"name\":\"TENTACION &#8211; LUBRIFICANTE COM SABOR A DOCE 75 ML\"}]},{\"@type\":\"WebSite\",\"@id\":\"https:\\\/\\\/lovme.pt\\\/#website\",\"url\":\"https:\\\/\\\/lovme.pt\\\/\",\"name\":\"Lovme Loja Er\u00f3tica N\u00ba1 em Portugal\",\"description\":\"A melhor loja er\u00f3tica de Portugal.\",\"alternateName\":\"Loja Er\u00f3tica Lovme\",\"potentialAction\":[{\"@type\":\"SearchAction\",\"target\":{\"@type\":\"EntryPoint\",\"urlTemplate\":\"https:\\\/\\\/lovme.pt\\\/?s={search_term_string}\"},\"query-input\":{\"@type\":\"PropertyValueSpecification\",\"valueRequired\":true,\"valueName\":\"search_term_string\"}}],\"inLanguage\":\"pt-PT\"}]}<\/script>\n<!-- \/ Yoast SEO plugin. -->","yoast_head_json":{"title":"TENTACION - LUBRIFICANTE COM SABOR A DOCE 75 ML - Lovme","robots":{"index":"index","follow":"follow","max-snippet":"max-snippet:-1","max-image-preview":"max-image-preview:large","max-video-preview":"max-video-preview:-1"},"canonical":"https:\/\/lovme.pt\/index.php\/produto\/tentacion-lubrificante-com-sabor-a-doce-75-ml\/","og_locale":"pt_PT","og_type":"article","og_title":"TENTACION - LUBRIFICANTE COM SABOR A DOCE 75 ML - Lovme","og_description":"TENTACION - LUBRIFICANTE COM SABOR A DOCE 75 ML","og_url":"https:\/\/lovme.pt\/index.php\/produto\/tentacion-lubrificante-com-sabor-a-doce-75-ml\/","og_site_name":"Lovme","article_modified_time":"2026-04-14T12:22:32+00:00","og_image":[{"width":543,"height":543,"url":"https:\/\/erki24nd3ub.exactdn.com\/wp-content\/uploads\/dream\/img\/img_12797_0700b5d50849814631f4ac4dbb604729_1.jpg?strip=all","type":"image\/jpeg"}],"twitter_card":"summary_large_image","schema":{"@context":"https:\/\/schema.org","@graph":[{"@type":"WebPage","@id":"https:\/\/lovme.pt\/index.php\/produto\/tentacion-lubrificante-com-sabor-a-doce-75-ml\/","url":"https:\/\/lovme.pt\/index.php\/produto\/tentacion-lubrificante-com-sabor-a-doce-75-ml\/","name":"TENTACION - LUBRIFICANTE COM SABOR A DOCE 75 ML - Lovme","isPartOf":{"@id":"https:\/\/lovme.pt\/#website"},"primaryImageOfPage":{"@id":"https:\/\/lovme.pt\/index.php\/produto\/tentacion-lubrificante-com-sabor-a-doce-75-ml\/#primaryimage"},"image":{"@id":"https:\/\/lovme.pt\/index.php\/produto\/tentacion-lubrificante-com-sabor-a-doce-75-ml\/#primaryimage"},"thumbnailUrl":"https:\/\/erki24nd3ub.exactdn.com\/wp-content\/uploads\/dream\/img\/img_12797_0700b5d50849814631f4ac4dbb604729_1.jpg?strip=all","datePublished":"2025-09-30T09:43:09+00:00","dateModified":"2026-04-14T12:22:32+00:00","breadcrumb":{"@id":"https:\/\/lovme.pt\/index.php\/produto\/tentacion-lubrificante-com-sabor-a-doce-75-ml\/#breadcrumb"},"inLanguage":"pt-PT","potentialAction":[{"@type":"ReadAction","target":["https:\/\/lovme.pt\/index.php\/produto\/tentacion-lubrificante-com-sabor-a-doce-75-ml\/"]}]},{"@type":"ImageObject","inLanguage":"pt-PT","@id":"https:\/\/lovme.pt\/index.php\/produto\/tentacion-lubrificante-com-sabor-a-doce-75-ml\/#primaryimage","url":"https:\/\/erki24nd3ub.exactdn.com\/wp-content\/uploads\/dream\/img\/img_12797_0700b5d50849814631f4ac4dbb604729_1.jpg?strip=all","contentUrl":"https:\/\/erki24nd3ub.exactdn.com\/wp-content\/uploads\/dream\/img\/img_12797_0700b5d50849814631f4ac4dbb604729_1.jpg?strip=all","width":543,"height":543},{"@type":"BreadcrumbList","@id":"https:\/\/lovme.pt\/index.php\/produto\/tentacion-lubrificante-com-sabor-a-doce-75-ml\/#breadcrumb","itemListElement":[{"@type":"ListItem","position":1,"name":"In\u00edcio","item":"https:\/\/lovme.pt\/"},{"@type":"ListItem","position":2,"name":"Loja","item":"https:\/\/lovme.pt\/index.php\/loja\/"},{"@type":"ListItem","position":3,"name":"TENTACION &#8211; LUBRIFICANTE COM SABOR A DOCE 75 ML"}]},{"@type":"WebSite","@id":"https:\/\/lovme.pt\/#website","url":"https:\/\/lovme.pt\/","name":"Lovme Loja Er\u00f3tica N\u00ba1 em Portugal","description":"A melhor loja er\u00f3tica de Portugal.","alternateName":"Loja Er\u00f3tica Lovme","potentialAction":[{"@type":"SearchAction","target":{"@type":"EntryPoint","urlTemplate":"https:\/\/lovme.pt\/?s={search_term_string}"},"query-input":{"@type":"PropertyValueSpecification","valueRequired":true,"valueName":"search_term_string"}}],"inLanguage":"pt-PT"}]}},"_links":{"self":[{"href":"https:\/\/lovme.pt\/index.php\/wp-json\/wp\/v2\/product\/817","targetHints":{"allow":["GET"]}}],"collection":[{"href":"https:\/\/lovme.pt\/index.php\/wp-json\/wp\/v2\/product"}],"about":[{"href":"https:\/\/lovme.pt\/index.php\/wp-json\/wp\/v2\/types\/product"}],"wp:featuredmedia":[{"embeddable":true,"href":"https:\/\/lovme.pt\/index.php\/wp-json\/wp\/v2\/media\/56164"}],"wp:attachment":[{"href":"https:\/\/lovme.pt\/index.php\/wp-json\/wp\/v2\/media?parent=817"}],"wp:term":[{"taxonomy":"product_brand","embeddable":true,"href":"https:\/\/lovme.pt\/index.php\/wp-json\/wp\/v2\/product_brand?post=817"},{"taxonomy":"product_cat","embeddable":true,"href":"https:\/\/lovme.pt\/index.php\/wp-json\/wp\/v2\/product_cat?post=817"},{"taxonomy":"product_tag","embeddable":true,"href":"https:\/\/lovme.pt\/index.php\/wp-json\/wp\/v2\/product_tag?post=817"}],"curies":[{"name":"wp","href":"https:\/\/api.w.org\/{rel}","templated":true}]}}