{"id":7920,"date":"2025-09-30T22:20:29","date_gmt":"2025-09-30T22:20:29","guid":{"rendered":"https:\/\/lovme.pt\/?post_type=product&#038;p=7920"},"modified":"2026-04-14T12:35:08","modified_gmt":"2026-04-14T12:35:08","slug":"eros-art-oleo-intimo-estimulante-de-cago-masculino","status":"publish","type":"product","link":"https:\/\/lovme.pt\/index.php\/produto\/eros-art-oleo-intimo-estimulante-de-cago-masculino\/","title":{"rendered":"EROS-ART &#8211; \u00d3LEO \u00cdNTIMO ESTIMULANTE DE CAGO MASCULINO"},"content":{"rendered":"<p>CARTAGO&quot; oleum, Orgoman: &oacute;leo &iacute;ntimo de Pomp&eacute;ia para homens, &eacute; um cosm&eacute;tico natural inteligente, composto por extratos de &oacute;leos essenciais naturais de frutas e plantas para uso em massagens &iacute;ntimas; &eacute; um sensibilizador estimulante, maximizando o seu prazer; &eacute; um lubrificante deslizante. suas &aacute;reas &iacute;ntimas e consegue despertar intensa paix&atilde;o.<\/p>\n<p> Cartago oleum &eacute; um protetor &uacute;til na higiene &iacute;ntima masculina. Al&eacute;m disso, devido &agrave; sua formula&ccedil;&atilde;o de sucesso, confere aos seus componentes (de acordo com diversos tratados cient&iacute;ficos) propriedades anti-s&eacute;pticas, regenerativas, hidratantes, protetoras, distensoras, lubrificantes, reduzindo inconvenientes e efeitos indesejados como: Secura; alergias, irrita&ccedil;&atilde;o, queimaduras, l&aacute;grimas, etc.<\/p>\n<p> O &oacute;leo de Cartago proporciona um bom conforto na zona &iacute;ntima masculina, &eacute; muito escorregadio e um verdadeiro prazer para os sentidos, conseguindo melhorar significativamente as rela&ccedil;&otilde;es &iacute;ntimas; muito &uacute;til para depois do barbear. O &oacute;leo de Cartago n&atilde;o tem contra-indica&ccedil;&otilde;es e cobre as necessidades de prote&ccedil;&atilde;o e higiene &iacute;ntima dos homens.<\/p>\n<p> Catago oleum foi criado para homens exigentes e sibaritas. Com este &oacute;leo &iacute;ntimo encontrar&aacute; um protagonista muito completo, eficaz e satisfat&oacute;rio que pode ser utilizado em todo o corpo, da cabe&ccedil;a aos p&eacute;s.<\/p>\n<p> Cartago oleum &eacute; ideal para antes e depois do barbear di&aacute;rio; tamb&eacute;m em peles sens&iacute;veis e irritadas; Apresenta bom desempenho em p&eacute;s opacos, rachados e de atleta.<\/p>\n<p> N&atilde;o arde nem arde, n&atilde;o cont&eacute;m &aacute;lcool e &eacute; amigo dos test&iacute;culos e da virilha. Possui um toque agrad&aacute;vel que o torna insubstitu&iacute;vel como lubrificante e protetor durante as rela&ccedil;&otilde;es sexuais.<\/p>\n<p> O &oacute;leo Cartago foi criado para o prazer e para minimizar o desconforto e inc&ocirc;modo que o homem sofre diariamente na sua &aacute;rea &iacute;ntima, seja por roupas inadequadas, desgaste, odores, ressecamento ou qualquer altera&ccedil;&atilde;o &iacute;ntima.<\/p>\n<p> Modo de usar: Aplicar quantidade suficiente na zona desejada, bem como na zona &iacute;ntima e perineal, antes e depois das rela&ccedil;&otilde;es &iacute;ntimas; Provou ser muito eficaz em todos os sintomas (comich&atilde;o, irrita&ccedil;&atilde;o, ardor, secura, odor, etc.). &Eacute; um excelente controle deslizante. A sua a&ccedil;&atilde;o &eacute; r&aacute;pida, pode ser aplicado v&aacute;rias vezes ao dia na zona desejada e quase de imediato obt&eacute;m-se uma sensa&ccedil;&atilde;o extremamente agrad&aacute;vel.<\/p>\n<ul>\n<li> Apresenta&ccedil;&atilde;o: &Eacute; elegante, pr&aacute;tico e confort&aacute;vel, com dispensador doseador de 50 ml.<\/li>\n<li> Produto adequado para veganos.<\/li>\n<\/ul>\n<p> Composi&ccedil;&atilde;o do homem Olevm Intimo CARTAGO Ingredientes:<br \/> &Oacute;leo de semente de Vitis vinifera, flor de Chamomilla recutita, &oacute;leo de Cocos nucifera, isopropil<br \/> miristato, flor de Calendula officinalis, &oacute;leo de Glycine max, &oacute;leo de caro&ccedil;o de Argania spinosa,<br \/> Fragr&acirc;ncia, &oacute;leo de folha de Malaleuca alternifolia, Tocoferol, BHT, BHA.<\/p>\n<p> Propriedades dos componentes:<br \/> &#8211; &Oacute;leo de semente de Vitis Vinifera: &Eacute; o &oacute;leo cosm&eacute;tico preferido como ingrediente para<br \/> controle da umidade da pele, deixando uma pel&iacute;cula protetora e brilhante sobre ela<br \/> de agress&otilde;es externas.<\/p>\n<p> &#8211; Flor Calendula officinalis: Tamb&eacute;m conhecida como &quot;Maravilha&quot; Com propriedades<br \/> antiinflamat&oacute;rio e anti-s&eacute;ptico, &eacute; o principal ingrediente das lo&ccedil;&otilde;es cosm&eacute;ticas.<br \/> O uso mais difundido, que j&aacute; era conhecido no Antigo Egito, &eacute; como rem&eacute;dio para<br \/> v&aacute;rias condi&ccedil;&otilde;es da pele e como hidratante da pele.<\/p>\n<p> -&Oacute;leo de g&eacute;rmen de Triticum vulgare: Seu conte&uacute;do de vitamina E na forma de &alpha;-Tocoferol<br \/> &Eacute; um dos mais altos entre os &oacute;leos vegetais. Esta circunst&acirc;ncia d&aacute; um grande<br \/> poder antioxidante celular e anti-radicais livres. &Eacute; recomendado para peles maduras,<br \/> seco e com problemas de fluxo sangu&iacute;neo, e muito bom para cuidar de cicatrizes.<br \/> Tamb&eacute;m cont&eacute;m vitaminas A, B, D, E e K e mais de 60% de &aacute;cidos lip&iacute;dicos.<br \/> poliinsaturados (especialmente &aacute;cido linol&eacute;ico). O &oacute;leo de g&eacute;rmen de trigo &eacute; capaz de<br \/> prevenir o envelhecimento prematuro da pele.<\/p>\n<p> &#8211; Flor Chamomilla recutita: O &oacute;leo essencial &eacute; rico em camazuleno, &aacute;cido t&iacute;glico e<br \/> v&aacute;rios sesquiterpenos; Tamb&eacute;m cont&eacute;m &aacute;cido ant&ecirc;mico, atesterol, antemena e taninos.<br \/> Devido ao seu conte&uacute;do em &oacute;leo essencial e flavon&oacute;ides, possui propriedades<br \/> descongestionante e suavizante. estabiliza a pele e tamb&eacute;m tem a&ccedil;&atilde;o calmante<br \/> efeito mitigador nas termina&ccedil;&otilde;es nervosas.<\/p>\n<p> &#8211; &Oacute;leo de Cocos nucifera: tornou-se um dos reis da cosm&eacute;tica natural em<br \/> em parte devido ao seu alto teor de vitamina E e K, que o tornam um poderoso<br \/> aliado quando se trata de melhorar o estado da nossa pele. Al&eacute;m disso, este &oacute;leo est&aacute; cheio<br \/> de &aacute;cidos graxos ideais para hidrata&ccedil;&atilde;o, tornando-se um &oacute;timo rem&eacute;dio<br \/> natural quando se trata de combater a pele seca.<\/p>\n<p> &#8211; &Oacute;leo de caro&ccedil;o de Argania spinosa; Tamb&eacute;m &quot;Ouro Africano&quot;: &eacute; suavizante e regenerador, o &oacute;leo de argan nutre o<br \/> epiderme, hidrata-a e devolve-lhe brilho e flexibilidade; indicado na desidrata&ccedil;&atilde;o<br \/> e envelhecimento da pele, repara e protege a epiderme da secura e<br \/> agress&otilde;es externas, gra&ccedil;as ao aporte de &aacute;cidos graxos essenciais.<\/p>\n<p> -&Oacute;leo de folha de Malaleuca alternifolia: &Eacute; reconhecido mundialmente como um dos melhores<br \/> anti-s&eacute;pticos, fungicidas e sedativos naturais existentes.<\/p>\n","protected":false},"excerpt":{"rendered":"<p>EROS-ART &#8211; \u00d3LEO \u00cdNTIMO ESTIMULANTE DE CAGO MASCULINO<\/p>\n","protected":false},"featured_media":76970,"template":"","meta":{"_acf_changed":false},"product_brand":[],"product_cat":[49,52],"product_tag":[],"class_list":{"0":"post-7920","1":"product","2":"type-product","3":"status-publish","4":"has-post-thumbnail","6":"product_cat-cosmeticos","7":"product_cat-estimulantes","8":"yith_product_brand-eros-art","10":"first","11":"instock","12":"taxable","13":"shipping-taxable","14":"purchasable","15":"product-type-simple"},"acf":[],"yoast_head":"<!-- This site is optimized with the Yoast SEO plugin v27.4 - https:\/\/yoast.com\/product\/yoast-seo-wordpress\/ -->\n<title>EROS-ART - \u00d3LEO \u00cdNTIMO ESTIMULANTE DE CAGO MASCULINO - Lovme<\/title>\n<meta name=\"robots\" content=\"index, follow, max-snippet:-1, max-image-preview:large, max-video-preview:-1\" \/>\n<link rel=\"canonical\" href=\"https:\/\/lovme.pt\/index.php\/produto\/eros-art-oleo-intimo-estimulante-de-cago-masculino\/\" \/>\n<meta property=\"og:locale\" content=\"pt_PT\" \/>\n<meta property=\"og:type\" content=\"article\" \/>\n<meta property=\"og:title\" content=\"EROS-ART - \u00d3LEO \u00cdNTIMO ESTIMULANTE DE CAGO MASCULINO - Lovme\" \/>\n<meta property=\"og:description\" content=\"EROS-ART - \u00d3LEO \u00cdNTIMO ESTIMULANTE DE CAGO MASCULINO\" \/>\n<meta property=\"og:url\" content=\"https:\/\/lovme.pt\/index.php\/produto\/eros-art-oleo-intimo-estimulante-de-cago-masculino\/\" \/>\n<meta property=\"og:site_name\" content=\"Lovme\" \/>\n<meta property=\"article:modified_time\" content=\"2026-04-14T12:35:08+00:00\" \/>\n<meta property=\"og:image\" content=\"https:\/\/erki24nd3ub.exactdn.com\/wp-content\/uploads\/dream\/img\/img_188676_6e2774a3214c14abda8348c19f628d1d_1.jpg?strip=all\" \/>\n\t<meta property=\"og:image:width\" content=\"800\" \/>\n\t<meta property=\"og:image:height\" content=\"800\" \/>\n\t<meta property=\"og:image:type\" content=\"image\/jpeg\" \/>\n<meta name=\"twitter:card\" content=\"summary_large_image\" \/>\n<meta name=\"twitter:label1\" content=\"Tempo estimado de leitura\" \/>\n\t<meta name=\"twitter:data1\" content=\"5 minutos\" \/>\n<script type=\"application\/ld+json\" class=\"yoast-schema-graph\">{\"@context\":\"https:\\\/\\\/schema.org\",\"@graph\":[{\"@type\":\"WebPage\",\"@id\":\"https:\\\/\\\/lovme.pt\\\/index.php\\\/produto\\\/eros-art-oleo-intimo-estimulante-de-cago-masculino\\\/\",\"url\":\"https:\\\/\\\/lovme.pt\\\/index.php\\\/produto\\\/eros-art-oleo-intimo-estimulante-de-cago-masculino\\\/\",\"name\":\"EROS-ART - \u00d3LEO \u00cdNTIMO ESTIMULANTE DE CAGO MASCULINO - Lovme\",\"isPartOf\":{\"@id\":\"https:\\\/\\\/lovme.pt\\\/#website\"},\"primaryImageOfPage\":{\"@id\":\"https:\\\/\\\/lovme.pt\\\/index.php\\\/produto\\\/eros-art-oleo-intimo-estimulante-de-cago-masculino\\\/#primaryimage\"},\"image\":{\"@id\":\"https:\\\/\\\/lovme.pt\\\/index.php\\\/produto\\\/eros-art-oleo-intimo-estimulante-de-cago-masculino\\\/#primaryimage\"},\"thumbnailUrl\":\"https:\\\/\\\/erki24nd3ub.exactdn.com\\\/wp-content\\\/uploads\\\/dream\\\/img\\\/img_188676_6e2774a3214c14abda8348c19f628d1d_1.jpg?strip=all\",\"datePublished\":\"2025-09-30T22:20:29+00:00\",\"dateModified\":\"2026-04-14T12:35:08+00:00\",\"breadcrumb\":{\"@id\":\"https:\\\/\\\/lovme.pt\\\/index.php\\\/produto\\\/eros-art-oleo-intimo-estimulante-de-cago-masculino\\\/#breadcrumb\"},\"inLanguage\":\"pt-PT\",\"potentialAction\":[{\"@type\":\"ReadAction\",\"target\":[\"https:\\\/\\\/lovme.pt\\\/index.php\\\/produto\\\/eros-art-oleo-intimo-estimulante-de-cago-masculino\\\/\"]}]},{\"@type\":\"ImageObject\",\"inLanguage\":\"pt-PT\",\"@id\":\"https:\\\/\\\/lovme.pt\\\/index.php\\\/produto\\\/eros-art-oleo-intimo-estimulante-de-cago-masculino\\\/#primaryimage\",\"url\":\"https:\\\/\\\/erki24nd3ub.exactdn.com\\\/wp-content\\\/uploads\\\/dream\\\/img\\\/img_188676_6e2774a3214c14abda8348c19f628d1d_1.jpg?strip=all\",\"contentUrl\":\"https:\\\/\\\/erki24nd3ub.exactdn.com\\\/wp-content\\\/uploads\\\/dream\\\/img\\\/img_188676_6e2774a3214c14abda8348c19f628d1d_1.jpg?strip=all\",\"width\":800,\"height\":800},{\"@type\":\"BreadcrumbList\",\"@id\":\"https:\\\/\\\/lovme.pt\\\/index.php\\\/produto\\\/eros-art-oleo-intimo-estimulante-de-cago-masculino\\\/#breadcrumb\",\"itemListElement\":[{\"@type\":\"ListItem\",\"position\":1,\"name\":\"In\u00edcio\",\"item\":\"https:\\\/\\\/lovme.pt\\\/\"},{\"@type\":\"ListItem\",\"position\":2,\"name\":\"Loja\",\"item\":\"https:\\\/\\\/lovme.pt\\\/index.php\\\/loja\\\/\"},{\"@type\":\"ListItem\",\"position\":3,\"name\":\"EROS-ART &#8211; \u00d3LEO \u00cdNTIMO ESTIMULANTE DE CAGO MASCULINO\"}]},{\"@type\":\"WebSite\",\"@id\":\"https:\\\/\\\/lovme.pt\\\/#website\",\"url\":\"https:\\\/\\\/lovme.pt\\\/\",\"name\":\"Lovme Loja Er\u00f3tica N\u00ba1 em Portugal\",\"description\":\"A melhor loja er\u00f3tica de Portugal.\",\"alternateName\":\"Loja Er\u00f3tica Lovme\",\"potentialAction\":[{\"@type\":\"SearchAction\",\"target\":{\"@type\":\"EntryPoint\",\"urlTemplate\":\"https:\\\/\\\/lovme.pt\\\/?s={search_term_string}\"},\"query-input\":{\"@type\":\"PropertyValueSpecification\",\"valueRequired\":true,\"valueName\":\"search_term_string\"}}],\"inLanguage\":\"pt-PT\"}]}<\/script>\n<!-- \/ Yoast SEO plugin. -->","yoast_head_json":{"title":"EROS-ART - \u00d3LEO \u00cdNTIMO ESTIMULANTE DE CAGO MASCULINO - Lovme","robots":{"index":"index","follow":"follow","max-snippet":"max-snippet:-1","max-image-preview":"max-image-preview:large","max-video-preview":"max-video-preview:-1"},"canonical":"https:\/\/lovme.pt\/index.php\/produto\/eros-art-oleo-intimo-estimulante-de-cago-masculino\/","og_locale":"pt_PT","og_type":"article","og_title":"EROS-ART - \u00d3LEO \u00cdNTIMO ESTIMULANTE DE CAGO MASCULINO - Lovme","og_description":"EROS-ART - \u00d3LEO \u00cdNTIMO ESTIMULANTE DE CAGO MASCULINO","og_url":"https:\/\/lovme.pt\/index.php\/produto\/eros-art-oleo-intimo-estimulante-de-cago-masculino\/","og_site_name":"Lovme","article_modified_time":"2026-04-14T12:35:08+00:00","og_image":[{"width":800,"height":800,"url":"https:\/\/erki24nd3ub.exactdn.com\/wp-content\/uploads\/dream\/img\/img_188676_6e2774a3214c14abda8348c19f628d1d_1.jpg?strip=all","type":"image\/jpeg"}],"twitter_card":"summary_large_image","twitter_misc":{"Tempo estimado de leitura":"5 minutos"},"schema":{"@context":"https:\/\/schema.org","@graph":[{"@type":"WebPage","@id":"https:\/\/lovme.pt\/index.php\/produto\/eros-art-oleo-intimo-estimulante-de-cago-masculino\/","url":"https:\/\/lovme.pt\/index.php\/produto\/eros-art-oleo-intimo-estimulante-de-cago-masculino\/","name":"EROS-ART - \u00d3LEO \u00cdNTIMO ESTIMULANTE DE CAGO MASCULINO - Lovme","isPartOf":{"@id":"https:\/\/lovme.pt\/#website"},"primaryImageOfPage":{"@id":"https:\/\/lovme.pt\/index.php\/produto\/eros-art-oleo-intimo-estimulante-de-cago-masculino\/#primaryimage"},"image":{"@id":"https:\/\/lovme.pt\/index.php\/produto\/eros-art-oleo-intimo-estimulante-de-cago-masculino\/#primaryimage"},"thumbnailUrl":"https:\/\/erki24nd3ub.exactdn.com\/wp-content\/uploads\/dream\/img\/img_188676_6e2774a3214c14abda8348c19f628d1d_1.jpg?strip=all","datePublished":"2025-09-30T22:20:29+00:00","dateModified":"2026-04-14T12:35:08+00:00","breadcrumb":{"@id":"https:\/\/lovme.pt\/index.php\/produto\/eros-art-oleo-intimo-estimulante-de-cago-masculino\/#breadcrumb"},"inLanguage":"pt-PT","potentialAction":[{"@type":"ReadAction","target":["https:\/\/lovme.pt\/index.php\/produto\/eros-art-oleo-intimo-estimulante-de-cago-masculino\/"]}]},{"@type":"ImageObject","inLanguage":"pt-PT","@id":"https:\/\/lovme.pt\/index.php\/produto\/eros-art-oleo-intimo-estimulante-de-cago-masculino\/#primaryimage","url":"https:\/\/erki24nd3ub.exactdn.com\/wp-content\/uploads\/dream\/img\/img_188676_6e2774a3214c14abda8348c19f628d1d_1.jpg?strip=all","contentUrl":"https:\/\/erki24nd3ub.exactdn.com\/wp-content\/uploads\/dream\/img\/img_188676_6e2774a3214c14abda8348c19f628d1d_1.jpg?strip=all","width":800,"height":800},{"@type":"BreadcrumbList","@id":"https:\/\/lovme.pt\/index.php\/produto\/eros-art-oleo-intimo-estimulante-de-cago-masculino\/#breadcrumb","itemListElement":[{"@type":"ListItem","position":1,"name":"In\u00edcio","item":"https:\/\/lovme.pt\/"},{"@type":"ListItem","position":2,"name":"Loja","item":"https:\/\/lovme.pt\/index.php\/loja\/"},{"@type":"ListItem","position":3,"name":"EROS-ART &#8211; \u00d3LEO \u00cdNTIMO ESTIMULANTE DE CAGO MASCULINO"}]},{"@type":"WebSite","@id":"https:\/\/lovme.pt\/#website","url":"https:\/\/lovme.pt\/","name":"Lovme Loja Er\u00f3tica N\u00ba1 em Portugal","description":"A melhor loja er\u00f3tica de Portugal.","alternateName":"Loja Er\u00f3tica Lovme","potentialAction":[{"@type":"SearchAction","target":{"@type":"EntryPoint","urlTemplate":"https:\/\/lovme.pt\/?s={search_term_string}"},"query-input":{"@type":"PropertyValueSpecification","valueRequired":true,"valueName":"search_term_string"}}],"inLanguage":"pt-PT"}]}},"_links":{"self":[{"href":"https:\/\/lovme.pt\/index.php\/wp-json\/wp\/v2\/product\/7920","targetHints":{"allow":["GET"]}}],"collection":[{"href":"https:\/\/lovme.pt\/index.php\/wp-json\/wp\/v2\/product"}],"about":[{"href":"https:\/\/lovme.pt\/index.php\/wp-json\/wp\/v2\/types\/product"}],"wp:featuredmedia":[{"embeddable":true,"href":"https:\/\/lovme.pt\/index.php\/wp-json\/wp\/v2\/media\/76970"}],"wp:attachment":[{"href":"https:\/\/lovme.pt\/index.php\/wp-json\/wp\/v2\/media?parent=7920"}],"wp:term":[{"taxonomy":"product_brand","embeddable":true,"href":"https:\/\/lovme.pt\/index.php\/wp-json\/wp\/v2\/product_brand?post=7920"},{"taxonomy":"product_cat","embeddable":true,"href":"https:\/\/lovme.pt\/index.php\/wp-json\/wp\/v2\/product_cat?post=7920"},{"taxonomy":"product_tag","embeddable":true,"href":"https:\/\/lovme.pt\/index.php\/wp-json\/wp\/v2\/product_tag?post=7920"}],"curies":[{"name":"wp","href":"https:\/\/api.w.org\/{rel}","templated":true}]}}