{"id":7747,"date":"2025-09-30T20:22:42","date_gmt":"2025-09-30T20:22:42","guid":{"rendered":"https:\/\/lovme.pt\/?post_type=product&#038;p=7747"},"modified":"2026-04-14T12:34:49","modified_gmt":"2026-04-14T12:34:49","slug":"pump-worx-bomba-de-ondas-estimulante-com-masturbador","status":"publish","type":"product","link":"https:\/\/lovme.pt\/index.php\/produto\/pump-worx-bomba-de-ondas-estimulante-com-masturbador\/","title":{"rendered":"PUMP WORX &#8211; BOMBA DE SUC\u00c7\u00c3O COM MASTURBADOR"},"content":{"rendered":"<p style=\"text-align: center\">\n<p> Aproveite sua privacidade enquanto viaja no conforto de casa com este desenvolvedor de viagens.<\/p>\n<p> Esta cole\u00e7\u00e3o de tamanho para viagem transforma um revelador em uma combina\u00e7\u00e3o de masturbador e bomba de suc\u00e7\u00e3o.<\/p>\n<p> Este kit de luxo com 9 pe\u00e7as vem em um estojo pr\u00e1tico e f\u00e1cil de transportar com uma bomba para iniciantes, 3 acess\u00f3rios Fanta-Flesh que far\u00e3o voc\u00ea se sentir como se estivesse fazendo sexo vaginal, anal e oral, uma bala vibrat\u00f3ria \u00e0 prova d&#039;\u00e1gua, um anel peniano e amostras gr\u00e1tis de lubrificante \u00famido, limpador de brinquedos Pump Worx e creme espessante.<\/p>\n<p> As cabe\u00e7as Fanta Flesh s\u00e3o muito f\u00e1ceis de encaixar, e voc\u00ea tem a op\u00e7\u00e3o de encaixar a bala vibrat\u00f3ria para prolongar seu prazer.<\/p>\n<ul>\n<li> 100% livre de ftalatos.<\/li>\n<\/ul>\n<p> Eles envolver\u00e3o cada mil\u00edmetro da sua varinha m\u00e1gica de prazer.<br \/> A cada aperto da bomba de estilo m\u00e9dico, seu prazer aumentar\u00e1 cada vez mais at\u00e9 voc\u00ea atingir o para\u00edso do prazer.<\/p>\n<p> Depois de inserir seu p\u00eanis pela abertura de PVC, voc\u00ea ver\u00e1 como ele fica duro como uma rocha, r\u00edgido como uma \u00e1rvore e mais duradouro que Matusal\u00e9m e, ao mesmo tempo, voc\u00ea aproveitar\u00e1 a sensa\u00e7\u00e3o cada vez mais&#8230;<\/p>\n<p> O tubo de v\u00e1cuo transparente permite que voc\u00ea veja seu garot\u00e3o crescer, e a v\u00e1lvula de libera\u00e7\u00e3o r\u00e1pida permite que voc\u00ea alivie a press\u00e3o.<\/p>\n<p> Para prolongar sua ere\u00e7\u00e3o, deslize o anel ao longo do seu membro at\u00e9 ach\u00e1-lo confort\u00e1vel, mas justo.<\/p>\n<p> Quando terminar, e para mant\u00ea-lo com apar\u00eancia de novo, recomendamos simplesmente destacar o cilindro da bomba de v\u00e1cuo e limp\u00e1-lo com \u00e1gua morna e nosso limpador de brinquedos Pump Worx.<\/p>\n<ul>\n<li> Medidas: 20,5 cm x 8 cm.<\/li>\n<li> Pilhas inclu\u00eddas.<\/li>\n<\/ul>\n","protected":false},"excerpt":{"rendered":"<p>PUMP WORX &#8211; BOMBA DE SUC\u00c7\u00c3O COM MASTURBADOR<\/p>\n","protected":false},"featured_media":67962,"template":"","meta":{"_acf_changed":false},"product_brand":[],"product_cat":[17,60],"product_tag":[],"class_list":{"0":"post-7747","1":"product","2":"type-product","3":"status-publish","4":"has-post-thumbnail","6":"product_cat-brinquedos-de-bem-estar-sexual","7":"product_cat-para-eles","8":"yith_product_brand-pipedreamspump-worx","10":"first","11":"instock","12":"taxable","13":"shipping-taxable","14":"purchasable","15":"product-type-simple"},"acf":[],"yoast_head":"<!-- This site is optimized with the Yoast SEO plugin v27.4 - https:\/\/yoast.com\/product\/yoast-seo-wordpress\/ -->\n<title>PUMP WORX - BOMBA DE SUC\u00c7\u00c3O COM MASTURBADOR - Lovme<\/title>\n<meta name=\"robots\" content=\"index, follow, max-snippet:-1, max-image-preview:large, max-video-preview:-1\" \/>\n<link rel=\"canonical\" href=\"https:\/\/lovme.pt\/index.php\/produto\/pump-worx-bomba-de-ondas-estimulante-com-masturbador\/\" \/>\n<meta property=\"og:locale\" content=\"pt_PT\" \/>\n<meta property=\"og:type\" content=\"article\" \/>\n<meta property=\"og:title\" content=\"PUMP WORX - BOMBA DE SUC\u00c7\u00c3O COM MASTURBADOR - Lovme\" \/>\n<meta property=\"og:description\" content=\"PUMP WORX - BOMBA DE SUC\u00c7\u00c3O COM MASTURBADOR\" \/>\n<meta property=\"og:url\" content=\"https:\/\/lovme.pt\/index.php\/produto\/pump-worx-bomba-de-ondas-estimulante-com-masturbador\/\" \/>\n<meta property=\"og:site_name\" content=\"Lovme\" \/>\n<meta property=\"article:modified_time\" content=\"2026-04-14T12:34:49+00:00\" \/>\n<meta property=\"og:image\" content=\"https:\/\/erki24nd3ub.exactdn.com\/wp-content\/uploads\/dream\/img\/img_20115_900c2711cfd2b41ead8df3a7ff39a1ff_1.jpg?strip=all\" \/>\n\t<meta property=\"og:image:width\" content=\"900\" \/>\n\t<meta property=\"og:image:height\" content=\"900\" \/>\n\t<meta property=\"og:image:type\" content=\"image\/jpeg\" \/>\n<meta name=\"twitter:card\" content=\"summary_large_image\" \/>\n<meta name=\"twitter:label1\" content=\"Tempo estimado de leitura\" \/>\n\t<meta name=\"twitter:data1\" content=\"2 minutos\" \/>\n<script type=\"application\/ld+json\" class=\"yoast-schema-graph\">{\"@context\":\"https:\\\/\\\/schema.org\",\"@graph\":[{\"@type\":\"WebPage\",\"@id\":\"https:\\\/\\\/lovme.pt\\\/index.php\\\/produto\\\/pump-worx-bomba-de-ondas-estimulante-com-masturbador\\\/\",\"url\":\"https:\\\/\\\/lovme.pt\\\/index.php\\\/produto\\\/pump-worx-bomba-de-ondas-estimulante-com-masturbador\\\/\",\"name\":\"PUMP WORX - BOMBA DE SUC\u00c7\u00c3O COM MASTURBADOR - Lovme\",\"isPartOf\":{\"@id\":\"https:\\\/\\\/lovme.pt\\\/#website\"},\"primaryImageOfPage\":{\"@id\":\"https:\\\/\\\/lovme.pt\\\/index.php\\\/produto\\\/pump-worx-bomba-de-ondas-estimulante-com-masturbador\\\/#primaryimage\"},\"image\":{\"@id\":\"https:\\\/\\\/lovme.pt\\\/index.php\\\/produto\\\/pump-worx-bomba-de-ondas-estimulante-com-masturbador\\\/#primaryimage\"},\"thumbnailUrl\":\"https:\\\/\\\/erki24nd3ub.exactdn.com\\\/wp-content\\\/uploads\\\/dream\\\/img\\\/img_20115_900c2711cfd2b41ead8df3a7ff39a1ff_1.jpg?strip=all\",\"datePublished\":\"2025-09-30T20:22:42+00:00\",\"dateModified\":\"2026-04-14T12:34:49+00:00\",\"breadcrumb\":{\"@id\":\"https:\\\/\\\/lovme.pt\\\/index.php\\\/produto\\\/pump-worx-bomba-de-ondas-estimulante-com-masturbador\\\/#breadcrumb\"},\"inLanguage\":\"pt-PT\",\"potentialAction\":[{\"@type\":\"ReadAction\",\"target\":[\"https:\\\/\\\/lovme.pt\\\/index.php\\\/produto\\\/pump-worx-bomba-de-ondas-estimulante-com-masturbador\\\/\"]}]},{\"@type\":\"ImageObject\",\"inLanguage\":\"pt-PT\",\"@id\":\"https:\\\/\\\/lovme.pt\\\/index.php\\\/produto\\\/pump-worx-bomba-de-ondas-estimulante-com-masturbador\\\/#primaryimage\",\"url\":\"https:\\\/\\\/erki24nd3ub.exactdn.com\\\/wp-content\\\/uploads\\\/dream\\\/img\\\/img_20115_900c2711cfd2b41ead8df3a7ff39a1ff_1.jpg?strip=all\",\"contentUrl\":\"https:\\\/\\\/erki24nd3ub.exactdn.com\\\/wp-content\\\/uploads\\\/dream\\\/img\\\/img_20115_900c2711cfd2b41ead8df3a7ff39a1ff_1.jpg?strip=all\",\"width\":900,\"height\":900},{\"@type\":\"BreadcrumbList\",\"@id\":\"https:\\\/\\\/lovme.pt\\\/index.php\\\/produto\\\/pump-worx-bomba-de-ondas-estimulante-com-masturbador\\\/#breadcrumb\",\"itemListElement\":[{\"@type\":\"ListItem\",\"position\":1,\"name\":\"In\u00edcio\",\"item\":\"https:\\\/\\\/lovme.pt\\\/\"},{\"@type\":\"ListItem\",\"position\":2,\"name\":\"Loja\",\"item\":\"https:\\\/\\\/lovme.pt\\\/index.php\\\/loja\\\/\"},{\"@type\":\"ListItem\",\"position\":3,\"name\":\"PUMP WORX &#8211; BOMBA DE SUC\u00c7\u00c3O COM MASTURBADOR\"}]},{\"@type\":\"WebSite\",\"@id\":\"https:\\\/\\\/lovme.pt\\\/#website\",\"url\":\"https:\\\/\\\/lovme.pt\\\/\",\"name\":\"Lovme Loja Er\u00f3tica N\u00ba1 em Portugal\",\"description\":\"A melhor loja er\u00f3tica de Portugal.\",\"alternateName\":\"Loja Er\u00f3tica Lovme\",\"potentialAction\":[{\"@type\":\"SearchAction\",\"target\":{\"@type\":\"EntryPoint\",\"urlTemplate\":\"https:\\\/\\\/lovme.pt\\\/?s={search_term_string}\"},\"query-input\":{\"@type\":\"PropertyValueSpecification\",\"valueRequired\":true,\"valueName\":\"search_term_string\"}}],\"inLanguage\":\"pt-PT\"}]}<\/script>\n<!-- \/ Yoast SEO plugin. -->","yoast_head_json":{"title":"PUMP WORX - BOMBA DE SUC\u00c7\u00c3O COM MASTURBADOR - Lovme","robots":{"index":"index","follow":"follow","max-snippet":"max-snippet:-1","max-image-preview":"max-image-preview:large","max-video-preview":"max-video-preview:-1"},"canonical":"https:\/\/lovme.pt\/index.php\/produto\/pump-worx-bomba-de-ondas-estimulante-com-masturbador\/","og_locale":"pt_PT","og_type":"article","og_title":"PUMP WORX - BOMBA DE SUC\u00c7\u00c3O COM MASTURBADOR - Lovme","og_description":"PUMP WORX - BOMBA DE SUC\u00c7\u00c3O COM MASTURBADOR","og_url":"https:\/\/lovme.pt\/index.php\/produto\/pump-worx-bomba-de-ondas-estimulante-com-masturbador\/","og_site_name":"Lovme","article_modified_time":"2026-04-14T12:34:49+00:00","og_image":[{"width":900,"height":900,"url":"https:\/\/erki24nd3ub.exactdn.com\/wp-content\/uploads\/dream\/img\/img_20115_900c2711cfd2b41ead8df3a7ff39a1ff_1.jpg?strip=all","type":"image\/jpeg"}],"twitter_card":"summary_large_image","twitter_misc":{"Tempo estimado de leitura":"2 minutos"},"schema":{"@context":"https:\/\/schema.org","@graph":[{"@type":"WebPage","@id":"https:\/\/lovme.pt\/index.php\/produto\/pump-worx-bomba-de-ondas-estimulante-com-masturbador\/","url":"https:\/\/lovme.pt\/index.php\/produto\/pump-worx-bomba-de-ondas-estimulante-com-masturbador\/","name":"PUMP WORX - BOMBA DE SUC\u00c7\u00c3O COM MASTURBADOR - Lovme","isPartOf":{"@id":"https:\/\/lovme.pt\/#website"},"primaryImageOfPage":{"@id":"https:\/\/lovme.pt\/index.php\/produto\/pump-worx-bomba-de-ondas-estimulante-com-masturbador\/#primaryimage"},"image":{"@id":"https:\/\/lovme.pt\/index.php\/produto\/pump-worx-bomba-de-ondas-estimulante-com-masturbador\/#primaryimage"},"thumbnailUrl":"https:\/\/erki24nd3ub.exactdn.com\/wp-content\/uploads\/dream\/img\/img_20115_900c2711cfd2b41ead8df3a7ff39a1ff_1.jpg?strip=all","datePublished":"2025-09-30T20:22:42+00:00","dateModified":"2026-04-14T12:34:49+00:00","breadcrumb":{"@id":"https:\/\/lovme.pt\/index.php\/produto\/pump-worx-bomba-de-ondas-estimulante-com-masturbador\/#breadcrumb"},"inLanguage":"pt-PT","potentialAction":[{"@type":"ReadAction","target":["https:\/\/lovme.pt\/index.php\/produto\/pump-worx-bomba-de-ondas-estimulante-com-masturbador\/"]}]},{"@type":"ImageObject","inLanguage":"pt-PT","@id":"https:\/\/lovme.pt\/index.php\/produto\/pump-worx-bomba-de-ondas-estimulante-com-masturbador\/#primaryimage","url":"https:\/\/erki24nd3ub.exactdn.com\/wp-content\/uploads\/dream\/img\/img_20115_900c2711cfd2b41ead8df3a7ff39a1ff_1.jpg?strip=all","contentUrl":"https:\/\/erki24nd3ub.exactdn.com\/wp-content\/uploads\/dream\/img\/img_20115_900c2711cfd2b41ead8df3a7ff39a1ff_1.jpg?strip=all","width":900,"height":900},{"@type":"BreadcrumbList","@id":"https:\/\/lovme.pt\/index.php\/produto\/pump-worx-bomba-de-ondas-estimulante-com-masturbador\/#breadcrumb","itemListElement":[{"@type":"ListItem","position":1,"name":"In\u00edcio","item":"https:\/\/lovme.pt\/"},{"@type":"ListItem","position":2,"name":"Loja","item":"https:\/\/lovme.pt\/index.php\/loja\/"},{"@type":"ListItem","position":3,"name":"PUMP WORX &#8211; BOMBA DE SUC\u00c7\u00c3O COM MASTURBADOR"}]},{"@type":"WebSite","@id":"https:\/\/lovme.pt\/#website","url":"https:\/\/lovme.pt\/","name":"Lovme Loja Er\u00f3tica N\u00ba1 em Portugal","description":"A melhor loja er\u00f3tica de Portugal.","alternateName":"Loja Er\u00f3tica Lovme","potentialAction":[{"@type":"SearchAction","target":{"@type":"EntryPoint","urlTemplate":"https:\/\/lovme.pt\/?s={search_term_string}"},"query-input":{"@type":"PropertyValueSpecification","valueRequired":true,"valueName":"search_term_string"}}],"inLanguage":"pt-PT"}]}},"_links":{"self":[{"href":"https:\/\/lovme.pt\/index.php\/wp-json\/wp\/v2\/product\/7747","targetHints":{"allow":["GET"]}}],"collection":[{"href":"https:\/\/lovme.pt\/index.php\/wp-json\/wp\/v2\/product"}],"about":[{"href":"https:\/\/lovme.pt\/index.php\/wp-json\/wp\/v2\/types\/product"}],"wp:featuredmedia":[{"embeddable":true,"href":"https:\/\/lovme.pt\/index.php\/wp-json\/wp\/v2\/media\/67962"}],"wp:attachment":[{"href":"https:\/\/lovme.pt\/index.php\/wp-json\/wp\/v2\/media?parent=7747"}],"wp:term":[{"taxonomy":"product_brand","embeddable":true,"href":"https:\/\/lovme.pt\/index.php\/wp-json\/wp\/v2\/product_brand?post=7747"},{"taxonomy":"product_cat","embeddable":true,"href":"https:\/\/lovme.pt\/index.php\/wp-json\/wp\/v2\/product_cat?post=7747"},{"taxonomy":"product_tag","embeddable":true,"href":"https:\/\/lovme.pt\/index.php\/wp-json\/wp\/v2\/product_tag?post=7747"}],"curies":[{"name":"wp","href":"https:\/\/api.w.org\/{rel}","templated":true}]}}