{"id":76911,"date":"2025-09-30T22:20:07","date_gmt":"2025-09-30T22:20:07","guid":{"rendered":"https:\/\/lovme.pt\/?post_type=product&p=76911"},"modified":"2026-02-19T20:09:56","modified_gmt":"2026-02-19T20:09:56","slug":"intt-spray-retardante-dura-max-power","status":"publish","type":"product","link":"https:\/\/lovme.pt\/index.php\/produto\/intt-spray-retardante-dura-max-power\/","title":{"rendered":"INTT &#8211; SPRAY RETARDANTE DURA MAX POWER"},"content":{"rendered":"<p>Dura Max \u00e9 um spray avan\u00e7ado e poderoso especialmente desenvolvido para oferecer aos homens a possibilidade de desfrutar de per\u00edodos significativamente mais longos de prazer. Gra\u00e7as \u00e0 sua nova e exclusiva f\u00f3rmula, foi cuidadosamente desenvolvido para ajudar a prolongar a ere\u00e7\u00e3o masculina e retardar a ejacula\u00e7\u00e3o, permitindo assim mais tempo para desfrutar de momentos \u00edntimos e melhor desempenho durante a rela\u00e7\u00e3o sexual. Isso n\u00e3o s\u00f3 melhora a experi\u00eancia sexual, mas tamb\u00e9m aumenta a autoconfian\u00e7a, promovendo maior conex\u00e3o e satisfa\u00e7\u00e3o com seu parceiro.<\/p>\n<p>Este produto revolucion\u00e1rio vem em um frasco spray pr\u00e1tico e pr\u00e1tico de 12 ml, ideal para levar para qualquer lugar sem problemas. Seu formato discreto torna a aplica\u00e7\u00e3o r\u00e1pida e f\u00e1cil, proporcionando uma experi\u00eancia agrad\u00e1vel e eficaz sem complica\u00e7\u00f5es.<\/p>\n<p><u><strong>Modo de usar:<\/strong><\/u> Para melhores resultados, recomenda-se aplicar 3 borrifadas diretamente na \u00e1rea \u00edntima antes da rela\u00e7\u00e3o sexual. Em seguida, massageie suavemente at\u00e9 que o produto seja absorvido e seus efeitos comecem a ser sentidos.<\/p>\n","protected":false},"excerpt":{"rendered":"<p>INTT &#8211; SPRAY RETARDANTE DURA MAX POWER<\/p>\n","protected":false},"featured_media":76912,"template":"","meta":{"_acf_changed":false},"product_brand":[],"product_cat":[49,52],"product_tag":[],"class_list":{"0":"post-76911","1":"product","2":"type-product","3":"status-publish","4":"has-post-thumbnail","6":"product_cat-cosmeticos","7":"product_cat-estimulantes","8":"yith_product_brand-intt","9":"yith_product_brand-inttintt-for-him","11":"first","12":"instock","13":"taxable","14":"shipping-taxable","15":"purchasable","16":"product-type-simple"},"acf":[],"yoast_head":"<!-- This site is optimized with the Yoast SEO plugin v27.4 - https:\/\/yoast.com\/product\/yoast-seo-wordpress\/ -->\n<title>INTT - SPRAY RETARDANTE DURA MAX POWER - Lovme<\/title>\n<meta name=\"robots\" content=\"index, follow, max-snippet:-1, max-image-preview:large, max-video-preview:-1\" \/>\n<link rel=\"canonical\" href=\"https:\/\/lovme.pt\/index.php\/produto\/intt-spray-retardante-dura-max-power\/\" \/>\n<meta property=\"og:locale\" content=\"pt_PT\" \/>\n<meta property=\"og:type\" content=\"article\" \/>\n<meta property=\"og:title\" content=\"INTT - SPRAY RETARDANTE DURA MAX POWER - Lovme\" \/>\n<meta property=\"og:description\" content=\"INTT - SPRAY RETARDANTE DURA MAX POWER\" \/>\n<meta property=\"og:url\" content=\"https:\/\/lovme.pt\/index.php\/produto\/intt-spray-retardante-dura-max-power\/\" \/>\n<meta property=\"og:site_name\" content=\"Lovme\" \/>\n<meta property=\"article:modified_time\" content=\"2026-02-19T20:09:56+00:00\" \/>\n<meta property=\"og:image\" content=\"https:\/\/erki24nd3ub.exactdn.com\/wp-content\/uploads\/dream\/img\/img_190021_75b35832a35c121533cc67d5c56a068b_1.jpg?strip=all\" \/>\n\t<meta property=\"og:image:width\" content=\"800\" \/>\n\t<meta property=\"og:image:height\" content=\"800\" \/>\n\t<meta property=\"og:image:type\" content=\"image\/jpeg\" \/>\n<meta name=\"twitter:card\" content=\"summary_large_image\" \/>\n<meta name=\"twitter:label1\" content=\"Tempo estimado de leitura\" \/>\n\t<meta name=\"twitter:data1\" content=\"1 minuto\" \/>\n<script type=\"application\/ld+json\" class=\"yoast-schema-graph\">{\"@context\":\"https:\\\/\\\/schema.org\",\"@graph\":[{\"@type\":\"WebPage\",\"@id\":\"https:\\\/\\\/lovme.pt\\\/index.php\\\/produto\\\/intt-spray-retardante-dura-max-power\\\/\",\"url\":\"https:\\\/\\\/lovme.pt\\\/index.php\\\/produto\\\/intt-spray-retardante-dura-max-power\\\/\",\"name\":\"INTT - SPRAY RETARDANTE DURA MAX POWER - Lovme\",\"isPartOf\":{\"@id\":\"https:\\\/\\\/lovme.pt\\\/#website\"},\"primaryImageOfPage\":{\"@id\":\"https:\\\/\\\/lovme.pt\\\/index.php\\\/produto\\\/intt-spray-retardante-dura-max-power\\\/#primaryimage\"},\"image\":{\"@id\":\"https:\\\/\\\/lovme.pt\\\/index.php\\\/produto\\\/intt-spray-retardante-dura-max-power\\\/#primaryimage\"},\"thumbnailUrl\":\"https:\\\/\\\/erki24nd3ub.exactdn.com\\\/wp-content\\\/uploads\\\/dream\\\/img\\\/img_190021_75b35832a35c121533cc67d5c56a068b_1.jpg?strip=all\",\"datePublished\":\"2025-09-30T22:20:07+00:00\",\"dateModified\":\"2026-02-19T20:09:56+00:00\",\"breadcrumb\":{\"@id\":\"https:\\\/\\\/lovme.pt\\\/index.php\\\/produto\\\/intt-spray-retardante-dura-max-power\\\/#breadcrumb\"},\"inLanguage\":\"pt-PT\",\"potentialAction\":[{\"@type\":\"ReadAction\",\"target\":[\"https:\\\/\\\/lovme.pt\\\/index.php\\\/produto\\\/intt-spray-retardante-dura-max-power\\\/\"]}]},{\"@type\":\"ImageObject\",\"inLanguage\":\"pt-PT\",\"@id\":\"https:\\\/\\\/lovme.pt\\\/index.php\\\/produto\\\/intt-spray-retardante-dura-max-power\\\/#primaryimage\",\"url\":\"https:\\\/\\\/erki24nd3ub.exactdn.com\\\/wp-content\\\/uploads\\\/dream\\\/img\\\/img_190021_75b35832a35c121533cc67d5c56a068b_1.jpg?strip=all\",\"contentUrl\":\"https:\\\/\\\/erki24nd3ub.exactdn.com\\\/wp-content\\\/uploads\\\/dream\\\/img\\\/img_190021_75b35832a35c121533cc67d5c56a068b_1.jpg?strip=all\",\"width\":800,\"height\":800},{\"@type\":\"BreadcrumbList\",\"@id\":\"https:\\\/\\\/lovme.pt\\\/index.php\\\/produto\\\/intt-spray-retardante-dura-max-power\\\/#breadcrumb\",\"itemListElement\":[{\"@type\":\"ListItem\",\"position\":1,\"name\":\"In\u00edcio\",\"item\":\"https:\\\/\\\/lovme.pt\\\/\"},{\"@type\":\"ListItem\",\"position\":2,\"name\":\"Loja\",\"item\":\"https:\\\/\\\/lovme.pt\\\/index.php\\\/loja\\\/\"},{\"@type\":\"ListItem\",\"position\":3,\"name\":\"INTT &#8211; SPRAY RETARDANTE DURA MAX POWER\"}]},{\"@type\":\"WebSite\",\"@id\":\"https:\\\/\\\/lovme.pt\\\/#website\",\"url\":\"https:\\\/\\\/lovme.pt\\\/\",\"name\":\"Lovme Loja Er\u00f3tica N\u00ba1 em Portugal\",\"description\":\"A melhor loja er\u00f3tica de Portugal.\",\"alternateName\":\"Loja Er\u00f3tica Lovme\",\"potentialAction\":[{\"@type\":\"SearchAction\",\"target\":{\"@type\":\"EntryPoint\",\"urlTemplate\":\"https:\\\/\\\/lovme.pt\\\/?s={search_term_string}\"},\"query-input\":{\"@type\":\"PropertyValueSpecification\",\"valueRequired\":true,\"valueName\":\"search_term_string\"}}],\"inLanguage\":\"pt-PT\"}]}<\/script>\n<!-- \/ Yoast SEO plugin. -->","yoast_head_json":{"title":"INTT - SPRAY RETARDANTE DURA MAX POWER - Lovme","robots":{"index":"index","follow":"follow","max-snippet":"max-snippet:-1","max-image-preview":"max-image-preview:large","max-video-preview":"max-video-preview:-1"},"canonical":"https:\/\/lovme.pt\/index.php\/produto\/intt-spray-retardante-dura-max-power\/","og_locale":"pt_PT","og_type":"article","og_title":"INTT - SPRAY RETARDANTE DURA MAX POWER - Lovme","og_description":"INTT - SPRAY RETARDANTE DURA MAX POWER","og_url":"https:\/\/lovme.pt\/index.php\/produto\/intt-spray-retardante-dura-max-power\/","og_site_name":"Lovme","article_modified_time":"2026-02-19T20:09:56+00:00","og_image":[{"width":800,"height":800,"url":"https:\/\/erki24nd3ub.exactdn.com\/wp-content\/uploads\/dream\/img\/img_190021_75b35832a35c121533cc67d5c56a068b_1.jpg?strip=all","type":"image\/jpeg"}],"twitter_card":"summary_large_image","twitter_misc":{"Tempo estimado de leitura":"1 minuto"},"schema":{"@context":"https:\/\/schema.org","@graph":[{"@type":"WebPage","@id":"https:\/\/lovme.pt\/index.php\/produto\/intt-spray-retardante-dura-max-power\/","url":"https:\/\/lovme.pt\/index.php\/produto\/intt-spray-retardante-dura-max-power\/","name":"INTT - SPRAY RETARDANTE DURA MAX POWER - Lovme","isPartOf":{"@id":"https:\/\/lovme.pt\/#website"},"primaryImageOfPage":{"@id":"https:\/\/lovme.pt\/index.php\/produto\/intt-spray-retardante-dura-max-power\/#primaryimage"},"image":{"@id":"https:\/\/lovme.pt\/index.php\/produto\/intt-spray-retardante-dura-max-power\/#primaryimage"},"thumbnailUrl":"https:\/\/erki24nd3ub.exactdn.com\/wp-content\/uploads\/dream\/img\/img_190021_75b35832a35c121533cc67d5c56a068b_1.jpg?strip=all","datePublished":"2025-09-30T22:20:07+00:00","dateModified":"2026-02-19T20:09:56+00:00","breadcrumb":{"@id":"https:\/\/lovme.pt\/index.php\/produto\/intt-spray-retardante-dura-max-power\/#breadcrumb"},"inLanguage":"pt-PT","potentialAction":[{"@type":"ReadAction","target":["https:\/\/lovme.pt\/index.php\/produto\/intt-spray-retardante-dura-max-power\/"]}]},{"@type":"ImageObject","inLanguage":"pt-PT","@id":"https:\/\/lovme.pt\/index.php\/produto\/intt-spray-retardante-dura-max-power\/#primaryimage","url":"https:\/\/erki24nd3ub.exactdn.com\/wp-content\/uploads\/dream\/img\/img_190021_75b35832a35c121533cc67d5c56a068b_1.jpg?strip=all","contentUrl":"https:\/\/erki24nd3ub.exactdn.com\/wp-content\/uploads\/dream\/img\/img_190021_75b35832a35c121533cc67d5c56a068b_1.jpg?strip=all","width":800,"height":800},{"@type":"BreadcrumbList","@id":"https:\/\/lovme.pt\/index.php\/produto\/intt-spray-retardante-dura-max-power\/#breadcrumb","itemListElement":[{"@type":"ListItem","position":1,"name":"In\u00edcio","item":"https:\/\/lovme.pt\/"},{"@type":"ListItem","position":2,"name":"Loja","item":"https:\/\/lovme.pt\/index.php\/loja\/"},{"@type":"ListItem","position":3,"name":"INTT &#8211; SPRAY RETARDANTE DURA MAX POWER"}]},{"@type":"WebSite","@id":"https:\/\/lovme.pt\/#website","url":"https:\/\/lovme.pt\/","name":"Lovme Loja Er\u00f3tica N\u00ba1 em Portugal","description":"A melhor loja er\u00f3tica de Portugal.","alternateName":"Loja Er\u00f3tica Lovme","potentialAction":[{"@type":"SearchAction","target":{"@type":"EntryPoint","urlTemplate":"https:\/\/lovme.pt\/?s={search_term_string}"},"query-input":{"@type":"PropertyValueSpecification","valueRequired":true,"valueName":"search_term_string"}}],"inLanguage":"pt-PT"}]}},"_links":{"self":[{"href":"https:\/\/lovme.pt\/index.php\/wp-json\/wp\/v2\/product\/76911","targetHints":{"allow":["GET"]}}],"collection":[{"href":"https:\/\/lovme.pt\/index.php\/wp-json\/wp\/v2\/product"}],"about":[{"href":"https:\/\/lovme.pt\/index.php\/wp-json\/wp\/v2\/types\/product"}],"wp:featuredmedia":[{"embeddable":true,"href":"https:\/\/lovme.pt\/index.php\/wp-json\/wp\/v2\/media\/76912"}],"wp:attachment":[{"href":"https:\/\/lovme.pt\/index.php\/wp-json\/wp\/v2\/media?parent=76911"}],"wp:term":[{"taxonomy":"product_brand","embeddable":true,"href":"https:\/\/lovme.pt\/index.php\/wp-json\/wp\/v2\/product_brand?post=76911"},{"taxonomy":"product_cat","embeddable":true,"href":"https:\/\/lovme.pt\/index.php\/wp-json\/wp\/v2\/product_cat?post=76911"},{"taxonomy":"product_tag","embeddable":true,"href":"https:\/\/lovme.pt\/index.php\/wp-json\/wp\/v2\/product_tag?post=76911"}],"curies":[{"name":"wp","href":"https:\/\/api.w.org\/{rel}","templated":true}]}}