{"id":74601,"date":"2025-09-30T22:09:57","date_gmt":"2025-09-30T22:09:57","guid":{"rendered":"https:\/\/lovme.pt\/?post_type=product&p=74601"},"modified":"2026-02-19T20:22:24","modified_gmt":"2026-02-19T20:22:24","slug":"fleshlight-kayley-gunner-masturbador-de-vagina","status":"publish","type":"product","link":"https:\/\/lovme.pt\/index.php\/produto\/fleshlight-kayley-gunner-masturbador-de-vagina\/","title":{"rendered":"FLESHLIGHT &#8211; KAYLEY GUNNER MASTURBADOR DE VAGINA"},"content":{"rendered":"<p>As Fleshlight Girls s\u00e3o as estrelas mais quentes da ind\u00fastria adulta, e voc\u00ea pode levar para casa brinquedos de masturba\u00e7\u00e3o realistas e de alta qualidade feitos com elas! <strong>Kayley Gunner<\/strong> est\u00e1 totalmente equipada e pronta para explodir em suas m\u00e3os. Esta Fleshlight exclusiva \u00e9 moldada diretamente da anatomia de Kayley, capturando cada detalhe \u00edntimo de seu corpo irresist\u00edvel. Seja voc\u00ea um f\u00e3 de longa data ou apenas descobrindo seu fasc\u00ednio letal, este brinquedo \u00e9 o seu passe VIP para o campo de batalha do prazer. Criado para pot\u00eancia, repleto de textura e projetado para pura satisfa\u00e7\u00e3o. A Fleshlight Kayley \u00e9 sua pr\u00f3xima arma indispens\u00e1vel de sedu\u00e7\u00e3o em massa.<\/p>\n<p>A textura totalmente carregada de Kayley \u00e9 uma verdadeira explos\u00e3o er\u00f3tica, combinando sulcos firmes e r\u00e1pidos com c\u00e2maras profundas que proporcionam onda ap\u00f3s onda de estimula\u00e7\u00e3o intensa. A entrada te agarra como um comando, atraindo voc\u00ea para uma s\u00e9rie de solavancos e pontos de press\u00e3o que geram fric\u00e7\u00e3o e prazer implac\u00e1veis. Seja penetrando com for\u00e7a ou saboreando cada cent\u00edmetro, esta luva est\u00e1 pronta para uso. Projetada para resultados explosivos.<\/p>\n<p><u><strong>CARACTER\u00cdSTICAS<\/strong><\/u> :<\/p>\n<ul>\n<li>Textura extremamente suave e realista<\/li>\n<li>Feito com material patenteado Real Feel Super Skin<\/li>\n<li>Controle total de suc\u00e7\u00e3o atrav\u00e9s do plugue<\/li>\n<li>Alojado em um estojo perolado discreto, texturizado e de f\u00e1cil manuseio<\/li>\n<li>Inclui um pacote de lubrificante Fleshlight \u00e0 base de \u00e1gua<\/li>\n<li>Manga remov\u00edvel para f\u00e1cil limpeza<\/li>\n<li>Livre de ftalatos, seguro e n\u00e3o t\u00f3xico<\/li>\n<li>Cor (Masturbador): Tom de pele<\/li>\n<li>Cor (Carca\u00e7a): Branco P\u00e9rola<\/li>\n<li>Espessura (embalagem): 100 mm (3,9&#8243;)<\/li>\n<li>Comprimento total: 25,4 cm (10&#8243;)<\/li>\n<li>Comprimento inser\u00edvel: 22,8 cm (9&#8243;)<\/li>\n<\/ul>\n<p>Prepare-se para o impacto. A textura Fully Loaded da Kayley \u00e9 um verdadeiro ataque er\u00f3tico, combinando sulcos firmes e r\u00e1pidos com c\u00e2maras profundas que proporcionam onda ap\u00f3s onda de estimula\u00e7\u00e3o intensa. A entrada te agarra como um comando, atraindo voc\u00ea para uma s\u00e9rie de protuber\u00e2ncias e pontos de press\u00e3o que geram fric\u00e7\u00e3o e prazer implac\u00e1veis. Seja penetrando com for\u00e7a ou saboreando cada cent\u00edmetro, esta luva foi projetada para resultados explosivos. Quando Kayley fica excitada, ela te leva junto.<\/p>\n<p><strong>A Fleshlight\u00ae<\/strong> \u00e9 l\u00edder mundial na fabrica\u00e7\u00e3o de masturbadores masculinos a partir de moldes de pessoas reais. Sua alta qualidade e caracter\u00edsticas deram origem a uma marca pensada para os homens e seu prazer, \u00fanica no mundo!<\/p>\n","protected":false},"excerpt":{"rendered":"<p>FLESHLIGHT &#8211; KAYLEY GUNNER MASTURBADOR DE VAGINA<\/p>\n","protected":false},"featured_media":74602,"template":"","meta":{"_acf_changed":false},"product_brand":[],"product_cat":[17,58,60],"product_tag":[],"class_list":{"0":"post-74601","1":"product","2":"type-product","3":"status-publish","4":"has-post-thumbnail","6":"product_cat-brinquedos-de-bem-estar-sexual","7":"product_cat-masturbadores-para-penis","8":"product_cat-para-eles","9":"yith_product_brand-fleshlight","10":"yith_product_brand-fleshlightfleshlight-girls","12":"first","13":"instock","14":"taxable","15":"shipping-taxable","16":"purchasable","17":"product-type-simple"},"acf":[],"yoast_head":"<!-- This site is optimized with the Yoast SEO plugin v27.4 - https:\/\/yoast.com\/product\/yoast-seo-wordpress\/ -->\n<title>FLESHLIGHT - KAYLEY GUNNER MASTURBADOR DE VAGINA - Lovme<\/title>\n<meta name=\"robots\" content=\"index, follow, max-snippet:-1, max-image-preview:large, max-video-preview:-1\" \/>\n<link rel=\"canonical\" href=\"https:\/\/lovme.pt\/index.php\/produto\/fleshlight-kayley-gunner-masturbador-de-vagina\/\" \/>\n<meta property=\"og:locale\" content=\"pt_PT\" \/>\n<meta property=\"og:type\" content=\"article\" \/>\n<meta property=\"og:title\" content=\"FLESHLIGHT - KAYLEY GUNNER MASTURBADOR DE VAGINA - Lovme\" \/>\n<meta property=\"og:description\" content=\"FLESHLIGHT - KAYLEY GUNNER MASTURBADOR DE VAGINA\" \/>\n<meta property=\"og:url\" content=\"https:\/\/lovme.pt\/index.php\/produto\/fleshlight-kayley-gunner-masturbador-de-vagina\/\" \/>\n<meta property=\"og:site_name\" content=\"Lovme\" \/>\n<meta property=\"article:modified_time\" content=\"2026-02-19T20:22:24+00:00\" \/>\n<meta property=\"og:image\" content=\"https:\/\/erki24nd3ub.exactdn.com\/wp-content\/uploads\/dream\/img\/img_216064_783d0d3b0c1fc852ead785f5752274f3_1.jpg?strip=all\" \/>\n\t<meta property=\"og:image:width\" content=\"900\" \/>\n\t<meta property=\"og:image:height\" content=\"900\" \/>\n\t<meta property=\"og:image:type\" content=\"image\/jpeg\" \/>\n<meta name=\"twitter:card\" content=\"summary_large_image\" \/>\n<meta name=\"twitter:label1\" content=\"Tempo estimado de leitura\" \/>\n\t<meta name=\"twitter:data1\" content=\"2 minutos\" \/>\n<script type=\"application\/ld+json\" class=\"yoast-schema-graph\">{\"@context\":\"https:\\\/\\\/schema.org\",\"@graph\":[{\"@type\":\"WebPage\",\"@id\":\"https:\\\/\\\/lovme.pt\\\/index.php\\\/produto\\\/fleshlight-kayley-gunner-masturbador-de-vagina\\\/\",\"url\":\"https:\\\/\\\/lovme.pt\\\/index.php\\\/produto\\\/fleshlight-kayley-gunner-masturbador-de-vagina\\\/\",\"name\":\"FLESHLIGHT - KAYLEY GUNNER MASTURBADOR DE VAGINA - Lovme\",\"isPartOf\":{\"@id\":\"https:\\\/\\\/lovme.pt\\\/#website\"},\"primaryImageOfPage\":{\"@id\":\"https:\\\/\\\/lovme.pt\\\/index.php\\\/produto\\\/fleshlight-kayley-gunner-masturbador-de-vagina\\\/#primaryimage\"},\"image\":{\"@id\":\"https:\\\/\\\/lovme.pt\\\/index.php\\\/produto\\\/fleshlight-kayley-gunner-masturbador-de-vagina\\\/#primaryimage\"},\"thumbnailUrl\":\"https:\\\/\\\/erki24nd3ub.exactdn.com\\\/wp-content\\\/uploads\\\/dream\\\/img\\\/img_216064_783d0d3b0c1fc852ead785f5752274f3_1.jpg?strip=all\",\"datePublished\":\"2025-09-30T22:09:57+00:00\",\"dateModified\":\"2026-02-19T20:22:24+00:00\",\"breadcrumb\":{\"@id\":\"https:\\\/\\\/lovme.pt\\\/index.php\\\/produto\\\/fleshlight-kayley-gunner-masturbador-de-vagina\\\/#breadcrumb\"},\"inLanguage\":\"pt-PT\",\"potentialAction\":[{\"@type\":\"ReadAction\",\"target\":[\"https:\\\/\\\/lovme.pt\\\/index.php\\\/produto\\\/fleshlight-kayley-gunner-masturbador-de-vagina\\\/\"]}]},{\"@type\":\"ImageObject\",\"inLanguage\":\"pt-PT\",\"@id\":\"https:\\\/\\\/lovme.pt\\\/index.php\\\/produto\\\/fleshlight-kayley-gunner-masturbador-de-vagina\\\/#primaryimage\",\"url\":\"https:\\\/\\\/erki24nd3ub.exactdn.com\\\/wp-content\\\/uploads\\\/dream\\\/img\\\/img_216064_783d0d3b0c1fc852ead785f5752274f3_1.jpg?strip=all\",\"contentUrl\":\"https:\\\/\\\/erki24nd3ub.exactdn.com\\\/wp-content\\\/uploads\\\/dream\\\/img\\\/img_216064_783d0d3b0c1fc852ead785f5752274f3_1.jpg?strip=all\",\"width\":900,\"height\":900},{\"@type\":\"BreadcrumbList\",\"@id\":\"https:\\\/\\\/lovme.pt\\\/index.php\\\/produto\\\/fleshlight-kayley-gunner-masturbador-de-vagina\\\/#breadcrumb\",\"itemListElement\":[{\"@type\":\"ListItem\",\"position\":1,\"name\":\"In\u00edcio\",\"item\":\"https:\\\/\\\/lovme.pt\\\/\"},{\"@type\":\"ListItem\",\"position\":2,\"name\":\"Loja\",\"item\":\"https:\\\/\\\/lovme.pt\\\/index.php\\\/loja\\\/\"},{\"@type\":\"ListItem\",\"position\":3,\"name\":\"FLESHLIGHT &#8211; KAYLEY GUNNER MASTURBADOR DE VAGINA\"}]},{\"@type\":\"WebSite\",\"@id\":\"https:\\\/\\\/lovme.pt\\\/#website\",\"url\":\"https:\\\/\\\/lovme.pt\\\/\",\"name\":\"Lovme Loja Er\u00f3tica N\u00ba1 em Portugal\",\"description\":\"A melhor loja er\u00f3tica de Portugal.\",\"alternateName\":\"Loja Er\u00f3tica Lovme\",\"potentialAction\":[{\"@type\":\"SearchAction\",\"target\":{\"@type\":\"EntryPoint\",\"urlTemplate\":\"https:\\\/\\\/lovme.pt\\\/?s={search_term_string}\"},\"query-input\":{\"@type\":\"PropertyValueSpecification\",\"valueRequired\":true,\"valueName\":\"search_term_string\"}}],\"inLanguage\":\"pt-PT\"}]}<\/script>\n<!-- \/ Yoast SEO plugin. -->","yoast_head_json":{"title":"FLESHLIGHT - KAYLEY GUNNER MASTURBADOR DE VAGINA - Lovme","robots":{"index":"index","follow":"follow","max-snippet":"max-snippet:-1","max-image-preview":"max-image-preview:large","max-video-preview":"max-video-preview:-1"},"canonical":"https:\/\/lovme.pt\/index.php\/produto\/fleshlight-kayley-gunner-masturbador-de-vagina\/","og_locale":"pt_PT","og_type":"article","og_title":"FLESHLIGHT - KAYLEY GUNNER MASTURBADOR DE VAGINA - Lovme","og_description":"FLESHLIGHT - KAYLEY GUNNER MASTURBADOR DE VAGINA","og_url":"https:\/\/lovme.pt\/index.php\/produto\/fleshlight-kayley-gunner-masturbador-de-vagina\/","og_site_name":"Lovme","article_modified_time":"2026-02-19T20:22:24+00:00","og_image":[{"width":900,"height":900,"url":"https:\/\/erki24nd3ub.exactdn.com\/wp-content\/uploads\/dream\/img\/img_216064_783d0d3b0c1fc852ead785f5752274f3_1.jpg?strip=all","type":"image\/jpeg"}],"twitter_card":"summary_large_image","twitter_misc":{"Tempo estimado de leitura":"2 minutos"},"schema":{"@context":"https:\/\/schema.org","@graph":[{"@type":"WebPage","@id":"https:\/\/lovme.pt\/index.php\/produto\/fleshlight-kayley-gunner-masturbador-de-vagina\/","url":"https:\/\/lovme.pt\/index.php\/produto\/fleshlight-kayley-gunner-masturbador-de-vagina\/","name":"FLESHLIGHT - KAYLEY GUNNER MASTURBADOR DE VAGINA - Lovme","isPartOf":{"@id":"https:\/\/lovme.pt\/#website"},"primaryImageOfPage":{"@id":"https:\/\/lovme.pt\/index.php\/produto\/fleshlight-kayley-gunner-masturbador-de-vagina\/#primaryimage"},"image":{"@id":"https:\/\/lovme.pt\/index.php\/produto\/fleshlight-kayley-gunner-masturbador-de-vagina\/#primaryimage"},"thumbnailUrl":"https:\/\/erki24nd3ub.exactdn.com\/wp-content\/uploads\/dream\/img\/img_216064_783d0d3b0c1fc852ead785f5752274f3_1.jpg?strip=all","datePublished":"2025-09-30T22:09:57+00:00","dateModified":"2026-02-19T20:22:24+00:00","breadcrumb":{"@id":"https:\/\/lovme.pt\/index.php\/produto\/fleshlight-kayley-gunner-masturbador-de-vagina\/#breadcrumb"},"inLanguage":"pt-PT","potentialAction":[{"@type":"ReadAction","target":["https:\/\/lovme.pt\/index.php\/produto\/fleshlight-kayley-gunner-masturbador-de-vagina\/"]}]},{"@type":"ImageObject","inLanguage":"pt-PT","@id":"https:\/\/lovme.pt\/index.php\/produto\/fleshlight-kayley-gunner-masturbador-de-vagina\/#primaryimage","url":"https:\/\/erki24nd3ub.exactdn.com\/wp-content\/uploads\/dream\/img\/img_216064_783d0d3b0c1fc852ead785f5752274f3_1.jpg?strip=all","contentUrl":"https:\/\/erki24nd3ub.exactdn.com\/wp-content\/uploads\/dream\/img\/img_216064_783d0d3b0c1fc852ead785f5752274f3_1.jpg?strip=all","width":900,"height":900},{"@type":"BreadcrumbList","@id":"https:\/\/lovme.pt\/index.php\/produto\/fleshlight-kayley-gunner-masturbador-de-vagina\/#breadcrumb","itemListElement":[{"@type":"ListItem","position":1,"name":"In\u00edcio","item":"https:\/\/lovme.pt\/"},{"@type":"ListItem","position":2,"name":"Loja","item":"https:\/\/lovme.pt\/index.php\/loja\/"},{"@type":"ListItem","position":3,"name":"FLESHLIGHT &#8211; KAYLEY GUNNER MASTURBADOR DE VAGINA"}]},{"@type":"WebSite","@id":"https:\/\/lovme.pt\/#website","url":"https:\/\/lovme.pt\/","name":"Lovme Loja Er\u00f3tica N\u00ba1 em Portugal","description":"A melhor loja er\u00f3tica de Portugal.","alternateName":"Loja Er\u00f3tica Lovme","potentialAction":[{"@type":"SearchAction","target":{"@type":"EntryPoint","urlTemplate":"https:\/\/lovme.pt\/?s={search_term_string}"},"query-input":{"@type":"PropertyValueSpecification","valueRequired":true,"valueName":"search_term_string"}}],"inLanguage":"pt-PT"}]}},"_links":{"self":[{"href":"https:\/\/lovme.pt\/index.php\/wp-json\/wp\/v2\/product\/74601","targetHints":{"allow":["GET"]}}],"collection":[{"href":"https:\/\/lovme.pt\/index.php\/wp-json\/wp\/v2\/product"}],"about":[{"href":"https:\/\/lovme.pt\/index.php\/wp-json\/wp\/v2\/types\/product"}],"wp:featuredmedia":[{"embeddable":true,"href":"https:\/\/lovme.pt\/index.php\/wp-json\/wp\/v2\/media\/74602"}],"wp:attachment":[{"href":"https:\/\/lovme.pt\/index.php\/wp-json\/wp\/v2\/media?parent=74601"}],"wp:term":[{"taxonomy":"product_brand","embeddable":true,"href":"https:\/\/lovme.pt\/index.php\/wp-json\/wp\/v2\/product_brand?post=74601"},{"taxonomy":"product_cat","embeddable":true,"href":"https:\/\/lovme.pt\/index.php\/wp-json\/wp\/v2\/product_cat?post=74601"},{"taxonomy":"product_tag","embeddable":true,"href":"https:\/\/lovme.pt\/index.php\/wp-json\/wp\/v2\/product_tag?post=74601"}],"curies":[{"name":"wp","href":"https:\/\/api.w.org\/{rel}","templated":true}]}}