{"id":74580,"date":"2025-09-30T22:09:51","date_gmt":"2025-09-30T22:09:51","guid":{"rendered":"https:\/\/lovme.pt\/?post_type=product&p=74580"},"modified":"2026-02-19T20:09:26","modified_gmt":"2026-02-19T20:09:26","slug":"kiiroo-sinta-molly-stewart-stroker-kiiroo-colecao-estrelas","status":"publish","type":"product","link":"https:\/\/lovme.pt\/index.php\/produto\/kiiroo-sinta-molly-stewart-stroker-kiiroo-colecao-estrelas\/","title":{"rendered":"KIIROO &#8211; SINTA MOLLY STEWART STROKER KIIROO COLE\u00c7\u00c3O ESTRELAS"},"content":{"rendered":"<p><strong>SintaMolly Stroker<\/strong><\/p>\n<p> Esculpida com perfei\u00e7\u00e3o, Molly Stewart \u00e9 uma das estrelas mais cobi\u00e7adas da ind\u00fastria. Agora voc\u00ea pode sentir como \u00e9 realmente estar com ela. Combine o masturbador FeelMolly com KEON e seus conte\u00fados irresist\u00edveis para um prazer incr\u00edvel.<\/p>\n<p> O masturbador Feel Molly Stewart foi moldado a partir de partes do corpo dela na vida real. Voc\u00ea pode sentir cada detalhe requintado de sua anatomia replicada em nosso material incrivelmente macio, semelhante \u00e0 pele, combinado com uma manga que \u00e9 cheia de nervuras e sali\u00eancias para seu prazer pessoal.<\/p>\n<p> Use-o sozinho ou combine-o com o Keon da KIIROO para uma experi\u00eancia interativa alucinante.<\/p>\n<\/p>\n<p> <u><strong>CARACTER\u00cdSTICAS<\/strong><\/u> :<\/p>\n<ul>\n<li> Material do masturbador: ABS, PC<\/li>\n<li> Material da bainha: TPE<\/li>\n<li> Tamanho: 22cm x 84cm<\/li>\n<li> Peso: 800 gramas<\/li>\n<\/ul>\n","protected":false},"excerpt":{"rendered":"<p>KIIROO &#8211; SINTA MOLLY STEWART STROKER KIIROO COLE\u00c7\u00c3O ESTRELAS<\/p>\n","protected":false},"featured_media":74581,"template":"","meta":{"_acf_changed":false},"product_brand":[],"product_cat":[17,58,60],"product_tag":[],"class_list":{"0":"post-74580","1":"product","2":"type-product","3":"status-publish","4":"has-post-thumbnail","6":"product_cat-brinquedos-de-bem-estar-sexual","7":"product_cat-masturbadores-para-penis","8":"product_cat-para-eles","9":"yith_product_brand-kiiroo","11":"first","12":"instock","13":"taxable","14":"shipping-taxable","15":"purchasable","16":"product-type-simple"},"acf":[],"yoast_head":"<!-- This site is optimized with the Yoast SEO plugin v27.4 - https:\/\/yoast.com\/product\/yoast-seo-wordpress\/ -->\n<title>KIIROO - SINTA MOLLY STEWART STROKER KIIROO COLE\u00c7\u00c3O ESTRELAS - Lovme<\/title>\n<meta name=\"robots\" content=\"index, follow, max-snippet:-1, max-image-preview:large, max-video-preview:-1\" \/>\n<link rel=\"canonical\" href=\"https:\/\/lovme.pt\/index.php\/produto\/kiiroo-sinta-molly-stewart-stroker-kiiroo-colecao-estrelas\/\" \/>\n<meta property=\"og:locale\" content=\"pt_PT\" \/>\n<meta property=\"og:type\" content=\"article\" \/>\n<meta property=\"og:title\" content=\"KIIROO - SINTA MOLLY STEWART STROKER KIIROO COLE\u00c7\u00c3O ESTRELAS - Lovme\" \/>\n<meta property=\"og:description\" content=\"KIIROO - SINTA MOLLY STEWART STROKER KIIROO COLE\u00c7\u00c3O ESTRELAS\" \/>\n<meta property=\"og:url\" content=\"https:\/\/lovme.pt\/index.php\/produto\/kiiroo-sinta-molly-stewart-stroker-kiiroo-colecao-estrelas\/\" \/>\n<meta property=\"og:site_name\" content=\"Lovme\" \/>\n<meta property=\"article:modified_time\" content=\"2026-02-19T20:09:26+00:00\" \/>\n<meta property=\"og:image\" content=\"https:\/\/erki24nd3ub.exactdn.com\/wp-content\/uploads\/dream\/img\/img_189832_ccbd260f04f25d9728933311fe2071a1_1.jpg?strip=all\" \/>\n\t<meta property=\"og:image:width\" content=\"800\" \/>\n\t<meta property=\"og:image:height\" content=\"800\" \/>\n\t<meta property=\"og:image:type\" content=\"image\/jpeg\" \/>\n<meta name=\"twitter:card\" content=\"summary_large_image\" \/>\n<meta name=\"twitter:label1\" content=\"Tempo estimado de leitura\" \/>\n\t<meta name=\"twitter:data1\" content=\"1 minuto\" \/>\n<script type=\"application\/ld+json\" class=\"yoast-schema-graph\">{\"@context\":\"https:\\\/\\\/schema.org\",\"@graph\":[{\"@type\":\"WebPage\",\"@id\":\"https:\\\/\\\/lovme.pt\\\/index.php\\\/produto\\\/kiiroo-sinta-molly-stewart-stroker-kiiroo-colecao-estrelas\\\/\",\"url\":\"https:\\\/\\\/lovme.pt\\\/index.php\\\/produto\\\/kiiroo-sinta-molly-stewart-stroker-kiiroo-colecao-estrelas\\\/\",\"name\":\"KIIROO - SINTA MOLLY STEWART STROKER KIIROO COLE\u00c7\u00c3O ESTRELAS - Lovme\",\"isPartOf\":{\"@id\":\"https:\\\/\\\/lovme.pt\\\/#website\"},\"primaryImageOfPage\":{\"@id\":\"https:\\\/\\\/lovme.pt\\\/index.php\\\/produto\\\/kiiroo-sinta-molly-stewart-stroker-kiiroo-colecao-estrelas\\\/#primaryimage\"},\"image\":{\"@id\":\"https:\\\/\\\/lovme.pt\\\/index.php\\\/produto\\\/kiiroo-sinta-molly-stewart-stroker-kiiroo-colecao-estrelas\\\/#primaryimage\"},\"thumbnailUrl\":\"https:\\\/\\\/erki24nd3ub.exactdn.com\\\/wp-content\\\/uploads\\\/dream\\\/img\\\/img_189832_ccbd260f04f25d9728933311fe2071a1_1.jpg?strip=all\",\"datePublished\":\"2025-09-30T22:09:51+00:00\",\"dateModified\":\"2026-02-19T20:09:26+00:00\",\"breadcrumb\":{\"@id\":\"https:\\\/\\\/lovme.pt\\\/index.php\\\/produto\\\/kiiroo-sinta-molly-stewart-stroker-kiiroo-colecao-estrelas\\\/#breadcrumb\"},\"inLanguage\":\"pt-PT\",\"potentialAction\":[{\"@type\":\"ReadAction\",\"target\":[\"https:\\\/\\\/lovme.pt\\\/index.php\\\/produto\\\/kiiroo-sinta-molly-stewart-stroker-kiiroo-colecao-estrelas\\\/\"]}]},{\"@type\":\"ImageObject\",\"inLanguage\":\"pt-PT\",\"@id\":\"https:\\\/\\\/lovme.pt\\\/index.php\\\/produto\\\/kiiroo-sinta-molly-stewart-stroker-kiiroo-colecao-estrelas\\\/#primaryimage\",\"url\":\"https:\\\/\\\/erki24nd3ub.exactdn.com\\\/wp-content\\\/uploads\\\/dream\\\/img\\\/img_189832_ccbd260f04f25d9728933311fe2071a1_1.jpg?strip=all\",\"contentUrl\":\"https:\\\/\\\/erki24nd3ub.exactdn.com\\\/wp-content\\\/uploads\\\/dream\\\/img\\\/img_189832_ccbd260f04f25d9728933311fe2071a1_1.jpg?strip=all\",\"width\":800,\"height\":800},{\"@type\":\"BreadcrumbList\",\"@id\":\"https:\\\/\\\/lovme.pt\\\/index.php\\\/produto\\\/kiiroo-sinta-molly-stewart-stroker-kiiroo-colecao-estrelas\\\/#breadcrumb\",\"itemListElement\":[{\"@type\":\"ListItem\",\"position\":1,\"name\":\"In\u00edcio\",\"item\":\"https:\\\/\\\/lovme.pt\\\/\"},{\"@type\":\"ListItem\",\"position\":2,\"name\":\"Loja\",\"item\":\"https:\\\/\\\/lovme.pt\\\/index.php\\\/loja\\\/\"},{\"@type\":\"ListItem\",\"position\":3,\"name\":\"KIIROO &#8211; SINTA MOLLY STEWART STROKER KIIROO COLE\u00c7\u00c3O ESTRELAS\"}]},{\"@type\":\"WebSite\",\"@id\":\"https:\\\/\\\/lovme.pt\\\/#website\",\"url\":\"https:\\\/\\\/lovme.pt\\\/\",\"name\":\"Lovme Loja Er\u00f3tica N\u00ba1 em Portugal\",\"description\":\"A melhor loja er\u00f3tica de Portugal.\",\"alternateName\":\"Loja Er\u00f3tica Lovme\",\"potentialAction\":[{\"@type\":\"SearchAction\",\"target\":{\"@type\":\"EntryPoint\",\"urlTemplate\":\"https:\\\/\\\/lovme.pt\\\/?s={search_term_string}\"},\"query-input\":{\"@type\":\"PropertyValueSpecification\",\"valueRequired\":true,\"valueName\":\"search_term_string\"}}],\"inLanguage\":\"pt-PT\"}]}<\/script>\n<!-- \/ Yoast SEO plugin. -->","yoast_head_json":{"title":"KIIROO - SINTA MOLLY STEWART STROKER KIIROO COLE\u00c7\u00c3O ESTRELAS - Lovme","robots":{"index":"index","follow":"follow","max-snippet":"max-snippet:-1","max-image-preview":"max-image-preview:large","max-video-preview":"max-video-preview:-1"},"canonical":"https:\/\/lovme.pt\/index.php\/produto\/kiiroo-sinta-molly-stewart-stroker-kiiroo-colecao-estrelas\/","og_locale":"pt_PT","og_type":"article","og_title":"KIIROO - SINTA MOLLY STEWART STROKER KIIROO COLE\u00c7\u00c3O ESTRELAS - Lovme","og_description":"KIIROO - SINTA MOLLY STEWART STROKER KIIROO COLE\u00c7\u00c3O ESTRELAS","og_url":"https:\/\/lovme.pt\/index.php\/produto\/kiiroo-sinta-molly-stewart-stroker-kiiroo-colecao-estrelas\/","og_site_name":"Lovme","article_modified_time":"2026-02-19T20:09:26+00:00","og_image":[{"width":800,"height":800,"url":"https:\/\/erki24nd3ub.exactdn.com\/wp-content\/uploads\/dream\/img\/img_189832_ccbd260f04f25d9728933311fe2071a1_1.jpg?strip=all","type":"image\/jpeg"}],"twitter_card":"summary_large_image","twitter_misc":{"Tempo estimado de leitura":"1 minuto"},"schema":{"@context":"https:\/\/schema.org","@graph":[{"@type":"WebPage","@id":"https:\/\/lovme.pt\/index.php\/produto\/kiiroo-sinta-molly-stewart-stroker-kiiroo-colecao-estrelas\/","url":"https:\/\/lovme.pt\/index.php\/produto\/kiiroo-sinta-molly-stewart-stroker-kiiroo-colecao-estrelas\/","name":"KIIROO - SINTA MOLLY STEWART STROKER KIIROO COLE\u00c7\u00c3O ESTRELAS - Lovme","isPartOf":{"@id":"https:\/\/lovme.pt\/#website"},"primaryImageOfPage":{"@id":"https:\/\/lovme.pt\/index.php\/produto\/kiiroo-sinta-molly-stewart-stroker-kiiroo-colecao-estrelas\/#primaryimage"},"image":{"@id":"https:\/\/lovme.pt\/index.php\/produto\/kiiroo-sinta-molly-stewart-stroker-kiiroo-colecao-estrelas\/#primaryimage"},"thumbnailUrl":"https:\/\/erki24nd3ub.exactdn.com\/wp-content\/uploads\/dream\/img\/img_189832_ccbd260f04f25d9728933311fe2071a1_1.jpg?strip=all","datePublished":"2025-09-30T22:09:51+00:00","dateModified":"2026-02-19T20:09:26+00:00","breadcrumb":{"@id":"https:\/\/lovme.pt\/index.php\/produto\/kiiroo-sinta-molly-stewart-stroker-kiiroo-colecao-estrelas\/#breadcrumb"},"inLanguage":"pt-PT","potentialAction":[{"@type":"ReadAction","target":["https:\/\/lovme.pt\/index.php\/produto\/kiiroo-sinta-molly-stewart-stroker-kiiroo-colecao-estrelas\/"]}]},{"@type":"ImageObject","inLanguage":"pt-PT","@id":"https:\/\/lovme.pt\/index.php\/produto\/kiiroo-sinta-molly-stewart-stroker-kiiroo-colecao-estrelas\/#primaryimage","url":"https:\/\/erki24nd3ub.exactdn.com\/wp-content\/uploads\/dream\/img\/img_189832_ccbd260f04f25d9728933311fe2071a1_1.jpg?strip=all","contentUrl":"https:\/\/erki24nd3ub.exactdn.com\/wp-content\/uploads\/dream\/img\/img_189832_ccbd260f04f25d9728933311fe2071a1_1.jpg?strip=all","width":800,"height":800},{"@type":"BreadcrumbList","@id":"https:\/\/lovme.pt\/index.php\/produto\/kiiroo-sinta-molly-stewart-stroker-kiiroo-colecao-estrelas\/#breadcrumb","itemListElement":[{"@type":"ListItem","position":1,"name":"In\u00edcio","item":"https:\/\/lovme.pt\/"},{"@type":"ListItem","position":2,"name":"Loja","item":"https:\/\/lovme.pt\/index.php\/loja\/"},{"@type":"ListItem","position":3,"name":"KIIROO &#8211; SINTA MOLLY STEWART STROKER KIIROO COLE\u00c7\u00c3O ESTRELAS"}]},{"@type":"WebSite","@id":"https:\/\/lovme.pt\/#website","url":"https:\/\/lovme.pt\/","name":"Lovme Loja Er\u00f3tica N\u00ba1 em Portugal","description":"A melhor loja er\u00f3tica de Portugal.","alternateName":"Loja Er\u00f3tica Lovme","potentialAction":[{"@type":"SearchAction","target":{"@type":"EntryPoint","urlTemplate":"https:\/\/lovme.pt\/?s={search_term_string}"},"query-input":{"@type":"PropertyValueSpecification","valueRequired":true,"valueName":"search_term_string"}}],"inLanguage":"pt-PT"}]}},"_links":{"self":[{"href":"https:\/\/lovme.pt\/index.php\/wp-json\/wp\/v2\/product\/74580","targetHints":{"allow":["GET"]}}],"collection":[{"href":"https:\/\/lovme.pt\/index.php\/wp-json\/wp\/v2\/product"}],"about":[{"href":"https:\/\/lovme.pt\/index.php\/wp-json\/wp\/v2\/types\/product"}],"wp:featuredmedia":[{"embeddable":true,"href":"https:\/\/lovme.pt\/index.php\/wp-json\/wp\/v2\/media\/74581"}],"wp:attachment":[{"href":"https:\/\/lovme.pt\/index.php\/wp-json\/wp\/v2\/media?parent=74580"}],"wp:term":[{"taxonomy":"product_brand","embeddable":true,"href":"https:\/\/lovme.pt\/index.php\/wp-json\/wp\/v2\/product_brand?post=74580"},{"taxonomy":"product_cat","embeddable":true,"href":"https:\/\/lovme.pt\/index.php\/wp-json\/wp\/v2\/product_cat?post=74580"},{"taxonomy":"product_tag","embeddable":true,"href":"https:\/\/lovme.pt\/index.php\/wp-json\/wp\/v2\/product_tag?post=74580"}],"curies":[{"name":"wp","href":"https:\/\/api.w.org\/{rel}","templated":true}]}}