{"id":73382,"date":"2025-09-30T22:03:04","date_gmt":"2025-09-30T22:03:04","guid":{"rendered":"https:\/\/lovme.pt\/?post_type=product&p=73382"},"modified":"2026-02-19T20:09:05","modified_gmt":"2026-02-19T20:09:05","slug":"satisfyer-g-spot-wave-4-12-vibracoes-programa-vibrador-cinza-escuro","status":"publish","type":"product","link":"https:\/\/lovme.pt\/index.php\/produto\/satisfyer-g-spot-wave-4-12-vibracoes-programa-vibrador-cinza-escuro\/","title":{"rendered":"SATISFYER &#8211; G-SPOT WAVE 4 12 VIBRA\u00c7\u00d5ES PROGRAMA VIBRADOR CINZA ESCURO"},"content":{"rendered":"<p>Prepare-se para aprimorar suas experi\u00eancias \u00edntimas com o revolucion\u00e1rio <strong>G-Spot Wave 4<\/strong>  a mais recente e emocionante inova\u00e7\u00e3o em tecnologia sexual! Este dispositivo revolucion\u00e1rio apresenta tecnologia rob\u00f3tica de ponta que leva a estimula\u00e7\u00e3o do ponto G para o pr\u00f3ximo n\u00edvel.<\/p>\n<p> O segredo por tr\u00e1s da tecnologia rob\u00f3tica? O eixo levemente flex\u00edvel do G-Spot Wave 4, alimentado por 12 programas de ondas espirais. Esses padr\u00f5es de ondas revolucion\u00e1rios imitam a sensa\u00e7\u00e3o realista de um dedo acariciando o ponto G, proporcionando uma estimula\u00e7\u00e3o alucinante e realista como nunca antes! Com 5 velocidades e 7 padr\u00f5es diferentes, voc\u00ea poder\u00e1 encontrar o ritmo perfeito para voc\u00ea.<\/p>\n<p> Este brinquedo \u00e0 prova d\u00e1gua (IPX7) feito de silicone macio e amigo do corpo pode acompanh\u00e1-lo no chuveiro ou na banheira para uma explora\u00e7\u00e3o ainda mais sensual.<\/p>\n<\/p>\n<p> <u><strong>CARACTER\u00cdSTICAS<\/strong><\/u> :<\/p>\n<ul>\n<li> Tecnologia rob\u00f3tica  sensa\u00e7\u00e3o de um dedo acariciando o ponto G<\/li>\n<li> 12 programas de ondas espirais (5 velocidades e 7 padr\u00f5es)<\/li>\n<li> Recarreg\u00e1vel, inclui cabo de carregamento USB<\/li>\n<li> Silicone amigo do corpo<\/li>\n<li> Eixo ligeiramente flex\u00edvel<\/li>\n<li> \u00c0 prova d\u00e1gua (IPX7)<\/li>\n<\/ul>\n<p> O futuro do prazer chegou com o G-Spot Wave 4. Adquira o seu agora e descubra novos n\u00edveis de satisfa\u00e7\u00e3o!<\/p>\n","protected":false},"excerpt":{"rendered":"<p>SATISFYER &#8211; G-SPOT WAVE 4 12 VIBRA\u00c7\u00d5ES PROGRAMA VIBRADOR CINZA ESCURO<\/p>\n","protected":false},"featured_media":73383,"template":"","meta":{"_acf_changed":false},"product_brand":[],"product_cat":[17,61,76],"product_tag":[],"class_list":{"0":"post-73382","1":"product","2":"type-product","3":"status-publish","4":"has-post-thumbnail","6":"product_cat-brinquedos-de-bem-estar-sexual","7":"product_cat-para-elas","8":"product_cat-vibradores","9":"yith_product_brand-satisfyer","10":"yith_product_brand-satisfyer-satisfyer-vibrator","12":"first","13":"instock","14":"taxable","15":"shipping-taxable","16":"purchasable","17":"product-type-simple"},"acf":[],"yoast_head":"<!-- This site is optimized with the Yoast SEO plugin v27.4 - https:\/\/yoast.com\/product\/yoast-seo-wordpress\/ -->\n<title>SATISFYER - G-SPOT WAVE 4 12 VIBRA\u00c7\u00d5ES PROGRAMA VIBRADOR CINZA ESCURO - Lovme<\/title>\n<meta name=\"robots\" content=\"index, follow, max-snippet:-1, max-image-preview:large, max-video-preview:-1\" \/>\n<link rel=\"canonical\" href=\"https:\/\/lovme.pt\/index.php\/produto\/satisfyer-g-spot-wave-4-12-vibracoes-programa-vibrador-cinza-escuro\/\" \/>\n<meta property=\"og:locale\" content=\"pt_PT\" \/>\n<meta property=\"og:type\" content=\"article\" \/>\n<meta property=\"og:title\" content=\"SATISFYER - G-SPOT WAVE 4 12 VIBRA\u00c7\u00d5ES PROGRAMA VIBRADOR CINZA ESCURO - Lovme\" \/>\n<meta property=\"og:description\" content=\"SATISFYER - G-SPOT WAVE 4 12 VIBRA\u00c7\u00d5ES PROGRAMA VIBRADOR CINZA ESCURO\" \/>\n<meta property=\"og:url\" content=\"https:\/\/lovme.pt\/index.php\/produto\/satisfyer-g-spot-wave-4-12-vibracoes-programa-vibrador-cinza-escuro\/\" \/>\n<meta property=\"og:site_name\" content=\"Lovme\" \/>\n<meta property=\"article:modified_time\" content=\"2026-02-19T20:09:05+00:00\" \/>\n<meta property=\"og:image\" content=\"https:\/\/erki24nd3ub.exactdn.com\/wp-content\/uploads\/dream\/img\/img_203109_5a2de848828b2842c826b67ef2b9542d_1.jpg?strip=all\" \/>\n\t<meta property=\"og:image:width\" content=\"900\" \/>\n\t<meta property=\"og:image:height\" content=\"900\" \/>\n\t<meta property=\"og:image:type\" content=\"image\/jpeg\" \/>\n<meta name=\"twitter:card\" content=\"summary_large_image\" \/>\n<meta name=\"twitter:label1\" content=\"Tempo estimado de leitura\" \/>\n\t<meta name=\"twitter:data1\" content=\"1 minuto\" \/>\n<script type=\"application\/ld+json\" class=\"yoast-schema-graph\">{\"@context\":\"https:\\\/\\\/schema.org\",\"@graph\":[{\"@type\":\"WebPage\",\"@id\":\"https:\\\/\\\/lovme.pt\\\/index.php\\\/produto\\\/satisfyer-g-spot-wave-4-12-vibracoes-programa-vibrador-cinza-escuro\\\/\",\"url\":\"https:\\\/\\\/lovme.pt\\\/index.php\\\/produto\\\/satisfyer-g-spot-wave-4-12-vibracoes-programa-vibrador-cinza-escuro\\\/\",\"name\":\"SATISFYER - G-SPOT WAVE 4 12 VIBRA\u00c7\u00d5ES PROGRAMA VIBRADOR CINZA ESCURO - Lovme\",\"isPartOf\":{\"@id\":\"https:\\\/\\\/lovme.pt\\\/#website\"},\"primaryImageOfPage\":{\"@id\":\"https:\\\/\\\/lovme.pt\\\/index.php\\\/produto\\\/satisfyer-g-spot-wave-4-12-vibracoes-programa-vibrador-cinza-escuro\\\/#primaryimage\"},\"image\":{\"@id\":\"https:\\\/\\\/lovme.pt\\\/index.php\\\/produto\\\/satisfyer-g-spot-wave-4-12-vibracoes-programa-vibrador-cinza-escuro\\\/#primaryimage\"},\"thumbnailUrl\":\"https:\\\/\\\/erki24nd3ub.exactdn.com\\\/wp-content\\\/uploads\\\/dream\\\/img\\\/img_203109_5a2de848828b2842c826b67ef2b9542d_1.jpg?strip=all\",\"datePublished\":\"2025-09-30T22:03:04+00:00\",\"dateModified\":\"2026-02-19T20:09:05+00:00\",\"breadcrumb\":{\"@id\":\"https:\\\/\\\/lovme.pt\\\/index.php\\\/produto\\\/satisfyer-g-spot-wave-4-12-vibracoes-programa-vibrador-cinza-escuro\\\/#breadcrumb\"},\"inLanguage\":\"pt-PT\",\"potentialAction\":[{\"@type\":\"ReadAction\",\"target\":[\"https:\\\/\\\/lovme.pt\\\/index.php\\\/produto\\\/satisfyer-g-spot-wave-4-12-vibracoes-programa-vibrador-cinza-escuro\\\/\"]}]},{\"@type\":\"ImageObject\",\"inLanguage\":\"pt-PT\",\"@id\":\"https:\\\/\\\/lovme.pt\\\/index.php\\\/produto\\\/satisfyer-g-spot-wave-4-12-vibracoes-programa-vibrador-cinza-escuro\\\/#primaryimage\",\"url\":\"https:\\\/\\\/erki24nd3ub.exactdn.com\\\/wp-content\\\/uploads\\\/dream\\\/img\\\/img_203109_5a2de848828b2842c826b67ef2b9542d_1.jpg?strip=all\",\"contentUrl\":\"https:\\\/\\\/erki24nd3ub.exactdn.com\\\/wp-content\\\/uploads\\\/dream\\\/img\\\/img_203109_5a2de848828b2842c826b67ef2b9542d_1.jpg?strip=all\",\"width\":900,\"height\":900},{\"@type\":\"BreadcrumbList\",\"@id\":\"https:\\\/\\\/lovme.pt\\\/index.php\\\/produto\\\/satisfyer-g-spot-wave-4-12-vibracoes-programa-vibrador-cinza-escuro\\\/#breadcrumb\",\"itemListElement\":[{\"@type\":\"ListItem\",\"position\":1,\"name\":\"In\u00edcio\",\"item\":\"https:\\\/\\\/lovme.pt\\\/\"},{\"@type\":\"ListItem\",\"position\":2,\"name\":\"Loja\",\"item\":\"https:\\\/\\\/lovme.pt\\\/index.php\\\/loja\\\/\"},{\"@type\":\"ListItem\",\"position\":3,\"name\":\"SATISFYER &#8211; G-SPOT WAVE 4 12 VIBRA\u00c7\u00d5ES PROGRAMA VIBRADOR CINZA ESCURO\"}]},{\"@type\":\"WebSite\",\"@id\":\"https:\\\/\\\/lovme.pt\\\/#website\",\"url\":\"https:\\\/\\\/lovme.pt\\\/\",\"name\":\"Lovme Loja Er\u00f3tica N\u00ba1 em Portugal\",\"description\":\"A melhor loja er\u00f3tica de Portugal.\",\"alternateName\":\"Loja Er\u00f3tica Lovme\",\"potentialAction\":[{\"@type\":\"SearchAction\",\"target\":{\"@type\":\"EntryPoint\",\"urlTemplate\":\"https:\\\/\\\/lovme.pt\\\/?s={search_term_string}\"},\"query-input\":{\"@type\":\"PropertyValueSpecification\",\"valueRequired\":true,\"valueName\":\"search_term_string\"}}],\"inLanguage\":\"pt-PT\"}]}<\/script>\n<!-- \/ Yoast SEO plugin. -->","yoast_head_json":{"title":"SATISFYER - G-SPOT WAVE 4 12 VIBRA\u00c7\u00d5ES PROGRAMA VIBRADOR CINZA ESCURO - Lovme","robots":{"index":"index","follow":"follow","max-snippet":"max-snippet:-1","max-image-preview":"max-image-preview:large","max-video-preview":"max-video-preview:-1"},"canonical":"https:\/\/lovme.pt\/index.php\/produto\/satisfyer-g-spot-wave-4-12-vibracoes-programa-vibrador-cinza-escuro\/","og_locale":"pt_PT","og_type":"article","og_title":"SATISFYER - G-SPOT WAVE 4 12 VIBRA\u00c7\u00d5ES PROGRAMA VIBRADOR CINZA ESCURO - Lovme","og_description":"SATISFYER - G-SPOT WAVE 4 12 VIBRA\u00c7\u00d5ES PROGRAMA VIBRADOR CINZA ESCURO","og_url":"https:\/\/lovme.pt\/index.php\/produto\/satisfyer-g-spot-wave-4-12-vibracoes-programa-vibrador-cinza-escuro\/","og_site_name":"Lovme","article_modified_time":"2026-02-19T20:09:05+00:00","og_image":[{"width":900,"height":900,"url":"https:\/\/erki24nd3ub.exactdn.com\/wp-content\/uploads\/dream\/img\/img_203109_5a2de848828b2842c826b67ef2b9542d_1.jpg?strip=all","type":"image\/jpeg"}],"twitter_card":"summary_large_image","twitter_misc":{"Tempo estimado de leitura":"1 minuto"},"schema":{"@context":"https:\/\/schema.org","@graph":[{"@type":"WebPage","@id":"https:\/\/lovme.pt\/index.php\/produto\/satisfyer-g-spot-wave-4-12-vibracoes-programa-vibrador-cinza-escuro\/","url":"https:\/\/lovme.pt\/index.php\/produto\/satisfyer-g-spot-wave-4-12-vibracoes-programa-vibrador-cinza-escuro\/","name":"SATISFYER - G-SPOT WAVE 4 12 VIBRA\u00c7\u00d5ES PROGRAMA VIBRADOR CINZA ESCURO - Lovme","isPartOf":{"@id":"https:\/\/lovme.pt\/#website"},"primaryImageOfPage":{"@id":"https:\/\/lovme.pt\/index.php\/produto\/satisfyer-g-spot-wave-4-12-vibracoes-programa-vibrador-cinza-escuro\/#primaryimage"},"image":{"@id":"https:\/\/lovme.pt\/index.php\/produto\/satisfyer-g-spot-wave-4-12-vibracoes-programa-vibrador-cinza-escuro\/#primaryimage"},"thumbnailUrl":"https:\/\/erki24nd3ub.exactdn.com\/wp-content\/uploads\/dream\/img\/img_203109_5a2de848828b2842c826b67ef2b9542d_1.jpg?strip=all","datePublished":"2025-09-30T22:03:04+00:00","dateModified":"2026-02-19T20:09:05+00:00","breadcrumb":{"@id":"https:\/\/lovme.pt\/index.php\/produto\/satisfyer-g-spot-wave-4-12-vibracoes-programa-vibrador-cinza-escuro\/#breadcrumb"},"inLanguage":"pt-PT","potentialAction":[{"@type":"ReadAction","target":["https:\/\/lovme.pt\/index.php\/produto\/satisfyer-g-spot-wave-4-12-vibracoes-programa-vibrador-cinza-escuro\/"]}]},{"@type":"ImageObject","inLanguage":"pt-PT","@id":"https:\/\/lovme.pt\/index.php\/produto\/satisfyer-g-spot-wave-4-12-vibracoes-programa-vibrador-cinza-escuro\/#primaryimage","url":"https:\/\/erki24nd3ub.exactdn.com\/wp-content\/uploads\/dream\/img\/img_203109_5a2de848828b2842c826b67ef2b9542d_1.jpg?strip=all","contentUrl":"https:\/\/erki24nd3ub.exactdn.com\/wp-content\/uploads\/dream\/img\/img_203109_5a2de848828b2842c826b67ef2b9542d_1.jpg?strip=all","width":900,"height":900},{"@type":"BreadcrumbList","@id":"https:\/\/lovme.pt\/index.php\/produto\/satisfyer-g-spot-wave-4-12-vibracoes-programa-vibrador-cinza-escuro\/#breadcrumb","itemListElement":[{"@type":"ListItem","position":1,"name":"In\u00edcio","item":"https:\/\/lovme.pt\/"},{"@type":"ListItem","position":2,"name":"Loja","item":"https:\/\/lovme.pt\/index.php\/loja\/"},{"@type":"ListItem","position":3,"name":"SATISFYER &#8211; G-SPOT WAVE 4 12 VIBRA\u00c7\u00d5ES PROGRAMA VIBRADOR CINZA ESCURO"}]},{"@type":"WebSite","@id":"https:\/\/lovme.pt\/#website","url":"https:\/\/lovme.pt\/","name":"Lovme Loja Er\u00f3tica N\u00ba1 em Portugal","description":"A melhor loja er\u00f3tica de Portugal.","alternateName":"Loja Er\u00f3tica Lovme","potentialAction":[{"@type":"SearchAction","target":{"@type":"EntryPoint","urlTemplate":"https:\/\/lovme.pt\/?s={search_term_string}"},"query-input":{"@type":"PropertyValueSpecification","valueRequired":true,"valueName":"search_term_string"}}],"inLanguage":"pt-PT"}]}},"_links":{"self":[{"href":"https:\/\/lovme.pt\/index.php\/wp-json\/wp\/v2\/product\/73382","targetHints":{"allow":["GET"]}}],"collection":[{"href":"https:\/\/lovme.pt\/index.php\/wp-json\/wp\/v2\/product"}],"about":[{"href":"https:\/\/lovme.pt\/index.php\/wp-json\/wp\/v2\/types\/product"}],"wp:featuredmedia":[{"embeddable":true,"href":"https:\/\/lovme.pt\/index.php\/wp-json\/wp\/v2\/media\/73383"}],"wp:attachment":[{"href":"https:\/\/lovme.pt\/index.php\/wp-json\/wp\/v2\/media?parent=73382"}],"wp:term":[{"taxonomy":"product_brand","embeddable":true,"href":"https:\/\/lovme.pt\/index.php\/wp-json\/wp\/v2\/product_brand?post=73382"},{"taxonomy":"product_cat","embeddable":true,"href":"https:\/\/lovme.pt\/index.php\/wp-json\/wp\/v2\/product_cat?post=73382"},{"taxonomy":"product_tag","embeddable":true,"href":"https:\/\/lovme.pt\/index.php\/wp-json\/wp\/v2\/product_tag?post=73382"}],"curies":[{"name":"wp","href":"https:\/\/api.w.org\/{rel}","templated":true}]}}