{"id":671,"date":"2025-09-30T22:26:46","date_gmt":"2025-09-30T22:26:46","guid":{"rendered":"https:\/\/lovme.pt\/?post_type=product&#038;p=671"},"modified":"2026-04-14T12:21:15","modified_gmt":"2026-04-14T12:21:15","slug":"shunga-gel-de-massagem-erotica-oriental-corpo-a-corpo-com-frutas-exoticas","status":"publish","type":"product","link":"https:\/\/lovme.pt\/index.php\/produto\/shunga-gel-de-massagem-erotica-oriental-corpo-a-corpo-com-frutas-exoticas\/","title":{"rendered":"SHUNGA &#8211; GEL DE MASSAGEM ER\u00d3TICA ORIENTAL CORPO A CORPO COM FRUTAS EX\u00d3TICAS"},"content":{"rendered":"<p style=\"text-align: justify\">Voc&ecirc; nunca olhar&aacute; para um tobo&aacute;gua da mesma maneira. Desfrute de uma experi&ecirc;ncia intensamente sensual e de um despertar er&oacute;tico.<\/p>\n<p style=\"text-align: justify\">Desde a era Edo, este ritual de inicia&ccedil;&atilde;o aos prazeres divinos era oferecido pelas Gueixas aos seus generosos benfeitores. Esta massagem oriental corpo a corpo &eacute; uma experi&ecirc;ncia er&oacute;tica extremamente sensual e prazerosa, na qual dois corpos, em quase total leveza, movem-se sem esfor&ccedil;o um contra o outro em movimentos suaves de deslizamento.<\/p>\n<p style=\"text-align: justify\">Uma vez que o gel corporal &eacute; derramado sobre os dois corpos nus, ele cria um efeito afrodis&iacute;aco e inebriante. A pele suaviza e fica receptiva &agrave;s car&iacute;cias, levando-o ao limite.<\/p>\n<ul>\n<li style=\"text-align: justify\">Este kit cont&eacute;m uma solu&ccedil;&atilde;o para preparar 4 litros de gel de massagem macio e quente, e uma grande folha dourada que o transportar&aacute; ao mundo do prazer intenso.<\/li>\n<li style=\"text-align: justify\">Inclui instru&ccedil;&otilde;es em espanhol.<\/li>\n<li style=\"text-align: justify\">Aroma de frutas ex&oacute;ticas<\/li>\n<li style=\"text-align: justify\">Recipiente de 2 x 250 ml<\/li>\n<\/ul>\n<p style=\"text-align: justify\">&nbsp;<\/p>\n<p>Cosm&eacute;tica e aromaterapia para o prazer dos seus sentidos!<\/p>\n<p>Shunga &eacute; l&iacute;der mundial em cosm&eacute;tica er&oacute;tica, seus ingredientes naturais fundidos com princ&iacute;pios ativos alcan&ccedil;am &oacute;timos resultados.<\/p>\n<p>Entrar no mundo er&oacute;tico de Shunga &eacute; como viajar ao passado. Traduzido literalmente, Shunga significa &ldquo;imagem da primavera&rdquo;, uma forma delicada de dizer &ldquo;rela&ccedil;&otilde;es sexuais&rdquo; entre pessoas.<\/p>\n<p>Essa palavra era usada para designar as pinturas er&oacute;ticas japonesas dos s&eacute;culos XVI, XVII e XVIII, tipo denominado ukiyo-e, que nada mais eram do que trabalhos em madeira ou pergaminho com cenas sensuais e epis&oacute;dios de amor carnal, sempre feitos com muito cuidado. e bom gosto.<\/p>\n<p>A arte Shunga, embora escondida durante s&eacute;culos, marcou o in&iacute;cio da ind&uacute;stria pornogr&aacute;fica para a classe m&eacute;dia japonesa e serviu durante gera&ccedil;&otilde;es como educa&ccedil;&atilde;o para filhos e filhas de muitas fam&iacute;lias.<\/p>\n<p><img decoding=\"async\" alt=\"\" src=\"https:\/\/store.dreamlove.es\/UserFiles\/image\/banderas.png\" style=\"width: 121px;height: 35px\" \/><\/p>\n","protected":false},"excerpt":{"rendered":"<p>EMBALAGEM DISPON\u00cdVEL EM: \/es\/en\/fr\/de\/<\/p>\n","protected":false},"featured_media":77833,"template":"","meta":{"_acf_changed":false},"product_brand":[],"product_cat":[49,65,51],"product_tag":[],"class_list":{"0":"post-671","1":"product","2":"type-product","3":"status-publish","4":"has-post-thumbnail","6":"product_cat-cosmeticos","7":"product_cat-kits","8":"product_cat-oleos-de-massagem","9":"yith_product_brand-shungashunga-kits","11":"first","12":"instock","13":"taxable","14":"shipping-taxable","15":"purchasable","16":"product-type-simple"},"acf":[],"yoast_head":"<!-- This site is optimized with the Yoast SEO plugin v27.4 - https:\/\/yoast.com\/product\/yoast-seo-wordpress\/ -->\n<title>SHUNGA - GEL DE MASSAGEM ER\u00d3TICA ORIENTAL CORPO A CORPO COM FRUTAS EX\u00d3TICAS - Lovme<\/title>\n<meta name=\"robots\" content=\"index, follow, max-snippet:-1, max-image-preview:large, max-video-preview:-1\" \/>\n<link rel=\"canonical\" href=\"https:\/\/lovme.pt\/index.php\/produto\/shunga-gel-de-massagem-erotica-oriental-corpo-a-corpo-com-frutas-exoticas\/\" \/>\n<meta property=\"og:locale\" content=\"pt_PT\" \/>\n<meta property=\"og:type\" content=\"article\" \/>\n<meta property=\"og:title\" content=\"SHUNGA - GEL DE MASSAGEM ER\u00d3TICA ORIENTAL CORPO A CORPO COM FRUTAS EX\u00d3TICAS - Lovme\" \/>\n<meta property=\"og:description\" content=\"EMBALAGEM DISPON\u00cdVEL EM: \/es\/en\/fr\/de\/\" \/>\n<meta property=\"og:url\" content=\"https:\/\/lovme.pt\/index.php\/produto\/shunga-gel-de-massagem-erotica-oriental-corpo-a-corpo-com-frutas-exoticas\/\" \/>\n<meta property=\"og:site_name\" content=\"Lovme\" \/>\n<meta property=\"article:modified_time\" content=\"2026-04-14T12:21:15+00:00\" \/>\n<meta property=\"og:image\" content=\"https:\/\/erki24nd3ub.exactdn.com\/wp-content\/uploads\/dream\/img\/img_1306_1a1a2aeba83994cad5a1d2b0e94251b5_1.jpg?strip=all\" \/>\n\t<meta property=\"og:image:width\" content=\"550\" \/>\n\t<meta property=\"og:image:height\" content=\"550\" \/>\n\t<meta property=\"og:image:type\" content=\"image\/jpeg\" \/>\n<meta name=\"twitter:card\" content=\"summary_large_image\" \/>\n<meta name=\"twitter:label1\" content=\"Tempo estimado de leitura\" \/>\n\t<meta name=\"twitter:data1\" content=\"2 minutos\" \/>\n<script type=\"application\/ld+json\" class=\"yoast-schema-graph\">{\"@context\":\"https:\\\/\\\/schema.org\",\"@graph\":[{\"@type\":\"WebPage\",\"@id\":\"https:\\\/\\\/lovme.pt\\\/index.php\\\/produto\\\/shunga-gel-de-massagem-erotica-oriental-corpo-a-corpo-com-frutas-exoticas\\\/\",\"url\":\"https:\\\/\\\/lovme.pt\\\/index.php\\\/produto\\\/shunga-gel-de-massagem-erotica-oriental-corpo-a-corpo-com-frutas-exoticas\\\/\",\"name\":\"SHUNGA - GEL DE MASSAGEM ER\u00d3TICA ORIENTAL CORPO A CORPO COM FRUTAS EX\u00d3TICAS - Lovme\",\"isPartOf\":{\"@id\":\"https:\\\/\\\/lovme.pt\\\/#website\"},\"primaryImageOfPage\":{\"@id\":\"https:\\\/\\\/lovme.pt\\\/index.php\\\/produto\\\/shunga-gel-de-massagem-erotica-oriental-corpo-a-corpo-com-frutas-exoticas\\\/#primaryimage\"},\"image\":{\"@id\":\"https:\\\/\\\/lovme.pt\\\/index.php\\\/produto\\\/shunga-gel-de-massagem-erotica-oriental-corpo-a-corpo-com-frutas-exoticas\\\/#primaryimage\"},\"thumbnailUrl\":\"https:\\\/\\\/erki24nd3ub.exactdn.com\\\/wp-content\\\/uploads\\\/dream\\\/img\\\/img_1306_1a1a2aeba83994cad5a1d2b0e94251b5_1.jpg?strip=all\",\"datePublished\":\"2025-09-30T22:26:46+00:00\",\"dateModified\":\"2026-04-14T12:21:15+00:00\",\"breadcrumb\":{\"@id\":\"https:\\\/\\\/lovme.pt\\\/index.php\\\/produto\\\/shunga-gel-de-massagem-erotica-oriental-corpo-a-corpo-com-frutas-exoticas\\\/#breadcrumb\"},\"inLanguage\":\"pt-PT\",\"potentialAction\":[{\"@type\":\"ReadAction\",\"target\":[\"https:\\\/\\\/lovme.pt\\\/index.php\\\/produto\\\/shunga-gel-de-massagem-erotica-oriental-corpo-a-corpo-com-frutas-exoticas\\\/\"]}]},{\"@type\":\"ImageObject\",\"inLanguage\":\"pt-PT\",\"@id\":\"https:\\\/\\\/lovme.pt\\\/index.php\\\/produto\\\/shunga-gel-de-massagem-erotica-oriental-corpo-a-corpo-com-frutas-exoticas\\\/#primaryimage\",\"url\":\"https:\\\/\\\/erki24nd3ub.exactdn.com\\\/wp-content\\\/uploads\\\/dream\\\/img\\\/img_1306_1a1a2aeba83994cad5a1d2b0e94251b5_1.jpg?strip=all\",\"contentUrl\":\"https:\\\/\\\/erki24nd3ub.exactdn.com\\\/wp-content\\\/uploads\\\/dream\\\/img\\\/img_1306_1a1a2aeba83994cad5a1d2b0e94251b5_1.jpg?strip=all\",\"width\":550,\"height\":550},{\"@type\":\"BreadcrumbList\",\"@id\":\"https:\\\/\\\/lovme.pt\\\/index.php\\\/produto\\\/shunga-gel-de-massagem-erotica-oriental-corpo-a-corpo-com-frutas-exoticas\\\/#breadcrumb\",\"itemListElement\":[{\"@type\":\"ListItem\",\"position\":1,\"name\":\"In\u00edcio\",\"item\":\"https:\\\/\\\/lovme.pt\\\/\"},{\"@type\":\"ListItem\",\"position\":2,\"name\":\"Loja\",\"item\":\"https:\\\/\\\/lovme.pt\\\/index.php\\\/loja\\\/\"},{\"@type\":\"ListItem\",\"position\":3,\"name\":\"SHUNGA &#8211; GEL DE MASSAGEM ER\u00d3TICA ORIENTAL CORPO A CORPO COM FRUTAS EX\u00d3TICAS\"}]},{\"@type\":\"WebSite\",\"@id\":\"https:\\\/\\\/lovme.pt\\\/#website\",\"url\":\"https:\\\/\\\/lovme.pt\\\/\",\"name\":\"Lovme Loja Er\u00f3tica N\u00ba1 em Portugal\",\"description\":\"A melhor loja er\u00f3tica de Portugal.\",\"alternateName\":\"Loja Er\u00f3tica Lovme\",\"potentialAction\":[{\"@type\":\"SearchAction\",\"target\":{\"@type\":\"EntryPoint\",\"urlTemplate\":\"https:\\\/\\\/lovme.pt\\\/?s={search_term_string}\"},\"query-input\":{\"@type\":\"PropertyValueSpecification\",\"valueRequired\":true,\"valueName\":\"search_term_string\"}}],\"inLanguage\":\"pt-PT\"}]}<\/script>\n<!-- \/ Yoast SEO plugin. -->","yoast_head_json":{"title":"SHUNGA - GEL DE MASSAGEM ER\u00d3TICA ORIENTAL CORPO A CORPO COM FRUTAS EX\u00d3TICAS - Lovme","robots":{"index":"index","follow":"follow","max-snippet":"max-snippet:-1","max-image-preview":"max-image-preview:large","max-video-preview":"max-video-preview:-1"},"canonical":"https:\/\/lovme.pt\/index.php\/produto\/shunga-gel-de-massagem-erotica-oriental-corpo-a-corpo-com-frutas-exoticas\/","og_locale":"pt_PT","og_type":"article","og_title":"SHUNGA - GEL DE MASSAGEM ER\u00d3TICA ORIENTAL CORPO A CORPO COM FRUTAS EX\u00d3TICAS - Lovme","og_description":"EMBALAGEM DISPON\u00cdVEL EM: \/es\/en\/fr\/de\/","og_url":"https:\/\/lovme.pt\/index.php\/produto\/shunga-gel-de-massagem-erotica-oriental-corpo-a-corpo-com-frutas-exoticas\/","og_site_name":"Lovme","article_modified_time":"2026-04-14T12:21:15+00:00","og_image":[{"width":550,"height":550,"url":"https:\/\/erki24nd3ub.exactdn.com\/wp-content\/uploads\/dream\/img\/img_1306_1a1a2aeba83994cad5a1d2b0e94251b5_1.jpg?strip=all","type":"image\/jpeg"}],"twitter_card":"summary_large_image","twitter_misc":{"Tempo estimado de leitura":"2 minutos"},"schema":{"@context":"https:\/\/schema.org","@graph":[{"@type":"WebPage","@id":"https:\/\/lovme.pt\/index.php\/produto\/shunga-gel-de-massagem-erotica-oriental-corpo-a-corpo-com-frutas-exoticas\/","url":"https:\/\/lovme.pt\/index.php\/produto\/shunga-gel-de-massagem-erotica-oriental-corpo-a-corpo-com-frutas-exoticas\/","name":"SHUNGA - GEL DE MASSAGEM ER\u00d3TICA ORIENTAL CORPO A CORPO COM FRUTAS EX\u00d3TICAS - Lovme","isPartOf":{"@id":"https:\/\/lovme.pt\/#website"},"primaryImageOfPage":{"@id":"https:\/\/lovme.pt\/index.php\/produto\/shunga-gel-de-massagem-erotica-oriental-corpo-a-corpo-com-frutas-exoticas\/#primaryimage"},"image":{"@id":"https:\/\/lovme.pt\/index.php\/produto\/shunga-gel-de-massagem-erotica-oriental-corpo-a-corpo-com-frutas-exoticas\/#primaryimage"},"thumbnailUrl":"https:\/\/erki24nd3ub.exactdn.com\/wp-content\/uploads\/dream\/img\/img_1306_1a1a2aeba83994cad5a1d2b0e94251b5_1.jpg?strip=all","datePublished":"2025-09-30T22:26:46+00:00","dateModified":"2026-04-14T12:21:15+00:00","breadcrumb":{"@id":"https:\/\/lovme.pt\/index.php\/produto\/shunga-gel-de-massagem-erotica-oriental-corpo-a-corpo-com-frutas-exoticas\/#breadcrumb"},"inLanguage":"pt-PT","potentialAction":[{"@type":"ReadAction","target":["https:\/\/lovme.pt\/index.php\/produto\/shunga-gel-de-massagem-erotica-oriental-corpo-a-corpo-com-frutas-exoticas\/"]}]},{"@type":"ImageObject","inLanguage":"pt-PT","@id":"https:\/\/lovme.pt\/index.php\/produto\/shunga-gel-de-massagem-erotica-oriental-corpo-a-corpo-com-frutas-exoticas\/#primaryimage","url":"https:\/\/erki24nd3ub.exactdn.com\/wp-content\/uploads\/dream\/img\/img_1306_1a1a2aeba83994cad5a1d2b0e94251b5_1.jpg?strip=all","contentUrl":"https:\/\/erki24nd3ub.exactdn.com\/wp-content\/uploads\/dream\/img\/img_1306_1a1a2aeba83994cad5a1d2b0e94251b5_1.jpg?strip=all","width":550,"height":550},{"@type":"BreadcrumbList","@id":"https:\/\/lovme.pt\/index.php\/produto\/shunga-gel-de-massagem-erotica-oriental-corpo-a-corpo-com-frutas-exoticas\/#breadcrumb","itemListElement":[{"@type":"ListItem","position":1,"name":"In\u00edcio","item":"https:\/\/lovme.pt\/"},{"@type":"ListItem","position":2,"name":"Loja","item":"https:\/\/lovme.pt\/index.php\/loja\/"},{"@type":"ListItem","position":3,"name":"SHUNGA &#8211; GEL DE MASSAGEM ER\u00d3TICA ORIENTAL CORPO A CORPO COM FRUTAS EX\u00d3TICAS"}]},{"@type":"WebSite","@id":"https:\/\/lovme.pt\/#website","url":"https:\/\/lovme.pt\/","name":"Lovme Loja Er\u00f3tica N\u00ba1 em Portugal","description":"A melhor loja er\u00f3tica de Portugal.","alternateName":"Loja Er\u00f3tica Lovme","potentialAction":[{"@type":"SearchAction","target":{"@type":"EntryPoint","urlTemplate":"https:\/\/lovme.pt\/?s={search_term_string}"},"query-input":{"@type":"PropertyValueSpecification","valueRequired":true,"valueName":"search_term_string"}}],"inLanguage":"pt-PT"}]}},"_links":{"self":[{"href":"https:\/\/lovme.pt\/index.php\/wp-json\/wp\/v2\/product\/671","targetHints":{"allow":["GET"]}}],"collection":[{"href":"https:\/\/lovme.pt\/index.php\/wp-json\/wp\/v2\/product"}],"about":[{"href":"https:\/\/lovme.pt\/index.php\/wp-json\/wp\/v2\/types\/product"}],"wp:featuredmedia":[{"embeddable":true,"href":"https:\/\/lovme.pt\/index.php\/wp-json\/wp\/v2\/media\/77833"}],"wp:attachment":[{"href":"https:\/\/lovme.pt\/index.php\/wp-json\/wp\/v2\/media?parent=671"}],"wp:term":[{"taxonomy":"product_brand","embeddable":true,"href":"https:\/\/lovme.pt\/index.php\/wp-json\/wp\/v2\/product_brand?post=671"},{"taxonomy":"product_cat","embeddable":true,"href":"https:\/\/lovme.pt\/index.php\/wp-json\/wp\/v2\/product_cat?post=671"},{"taxonomy":"product_tag","embeddable":true,"href":"https:\/\/lovme.pt\/index.php\/wp-json\/wp\/v2\/product_tag?post=671"}],"curies":[{"name":"wp","href":"https:\/\/api.w.org\/{rel}","templated":true}]}}