{"id":6626,"date":"2025-09-30T22:09:11","date_gmt":"2025-09-30T22:09:11","guid":{"rendered":"https:\/\/lovme.pt\/?post_type=product&#038;p=6626"},"modified":"2026-04-14T12:33:19","modified_gmt":"2026-04-14T12:33:19","slug":"fetish-fantasy-series-vibrador-estimulante-triple-wave","status":"publish","type":"product","link":"https:\/\/lovme.pt\/index.php\/produto\/fetish-fantasy-series-vibrador-estimulante-triple-wave\/","title":{"rendered":"FETISH FANTASY SERIES &#8211; VIBRADOR DE TRIPLA SUC\u00c7\u00c3O"},"content":{"rendered":"<p>Fabuloso sugador de mamilos e clit\u00f3ris que estimula simultaneamente! Conecte os 3 mini vibradores, coloque a ventosa sobre o clit\u00f3ris e os mamilos e aperte a bomba at\u00e9 que as ventosas fiquem no lugar.<\/p>\n<p> A suc\u00e7\u00e3o estimulante e as vibra\u00e7\u00f5es sensuais levar\u00e3o voc\u00ea ao cl\u00edmax.<\/p>\n<p> Para liberar a press\u00e3o, pressione a v\u00e1lvula de libera\u00e7\u00e3o de press\u00e3o e voc\u00ea ser\u00e1 liberado imediatamente.<\/p>\n<p> Experimente no chuveiro para novas emo\u00e7\u00f5es emocionantes.<\/p>\n<ul>\n<li> Funciona com 4 pilhas LR44 que est\u00e3o inclu\u00eddas.<\/li>\n<li> 100% livre de ftalatos.<\/li>\n<\/ul>\n<p> Descubra novas sensa\u00e7\u00f5es. <\/p>\n<p style=\"text-align: center\">\n","protected":false},"excerpt":{"rendered":"<p>FETISH FANTASY SERIES &#8211; VIBRADOR DE TRIPLA SUC\u00c7\u00c3O<\/p>\n","protected":false},"featured_media":74470,"template":"","meta":{"_acf_changed":false},"product_brand":[],"product_cat":[61],"product_tag":[],"class_list":{"0":"post-6626","1":"product","2":"type-product","3":"status-publish","4":"has-post-thumbnail","6":"product_cat-para-elas","7":"yith_product_brand-pipedreamsfetish-fantasy-series","9":"first","10":"instock","11":"taxable","12":"shipping-taxable","13":"purchasable","14":"product-type-simple"},"acf":[],"yoast_head":"<!-- This site is optimized with the Yoast SEO plugin v27.4 - https:\/\/yoast.com\/product\/yoast-seo-wordpress\/ -->\n<title>FETISH FANTASY SERIES - VIBRADOR DE TRIPLA SUC\u00c7\u00c3O - Lovme<\/title>\n<meta name=\"robots\" content=\"index, follow, max-snippet:-1, max-image-preview:large, max-video-preview:-1\" \/>\n<link rel=\"canonical\" href=\"https:\/\/lovme.pt\/index.php\/produto\/fetish-fantasy-series-vibrador-estimulante-triple-wave\/\" \/>\n<meta property=\"og:locale\" content=\"pt_PT\" \/>\n<meta property=\"og:type\" content=\"article\" \/>\n<meta property=\"og:title\" content=\"FETISH FANTASY SERIES - VIBRADOR DE TRIPLA SUC\u00c7\u00c3O - Lovme\" \/>\n<meta property=\"og:description\" content=\"FETISH FANTASY SERIES - VIBRADOR DE TRIPLA SUC\u00c7\u00c3O\" \/>\n<meta property=\"og:url\" content=\"https:\/\/lovme.pt\/index.php\/produto\/fetish-fantasy-series-vibrador-estimulante-triple-wave\/\" \/>\n<meta property=\"og:site_name\" content=\"Lovme\" \/>\n<meta property=\"article:modified_time\" content=\"2026-04-14T12:33:19+00:00\" \/>\n<meta property=\"og:image\" content=\"https:\/\/erki24nd3ub.exactdn.com\/wp-content\/uploads\/dream\/img\/img_16641_2ae25de88792bb7a71bfcd63272bda62_1.jpg?strip=all\" \/>\n\t<meta property=\"og:image:width\" content=\"900\" \/>\n\t<meta property=\"og:image:height\" content=\"900\" \/>\n\t<meta property=\"og:image:type\" content=\"image\/jpeg\" \/>\n<meta name=\"twitter:card\" content=\"summary_large_image\" \/>\n<script type=\"application\/ld+json\" class=\"yoast-schema-graph\">{\"@context\":\"https:\\\/\\\/schema.org\",\"@graph\":[{\"@type\":\"WebPage\",\"@id\":\"https:\\\/\\\/lovme.pt\\\/index.php\\\/produto\\\/fetish-fantasy-series-vibrador-estimulante-triple-wave\\\/\",\"url\":\"https:\\\/\\\/lovme.pt\\\/index.php\\\/produto\\\/fetish-fantasy-series-vibrador-estimulante-triple-wave\\\/\",\"name\":\"FETISH FANTASY SERIES - VIBRADOR DE TRIPLA SUC\u00c7\u00c3O - Lovme\",\"isPartOf\":{\"@id\":\"https:\\\/\\\/lovme.pt\\\/#website\"},\"primaryImageOfPage\":{\"@id\":\"https:\\\/\\\/lovme.pt\\\/index.php\\\/produto\\\/fetish-fantasy-series-vibrador-estimulante-triple-wave\\\/#primaryimage\"},\"image\":{\"@id\":\"https:\\\/\\\/lovme.pt\\\/index.php\\\/produto\\\/fetish-fantasy-series-vibrador-estimulante-triple-wave\\\/#primaryimage\"},\"thumbnailUrl\":\"https:\\\/\\\/erki24nd3ub.exactdn.com\\\/wp-content\\\/uploads\\\/dream\\\/img\\\/img_16641_2ae25de88792bb7a71bfcd63272bda62_1.jpg?strip=all\",\"datePublished\":\"2025-09-30T22:09:11+00:00\",\"dateModified\":\"2026-04-14T12:33:19+00:00\",\"breadcrumb\":{\"@id\":\"https:\\\/\\\/lovme.pt\\\/index.php\\\/produto\\\/fetish-fantasy-series-vibrador-estimulante-triple-wave\\\/#breadcrumb\"},\"inLanguage\":\"pt-PT\",\"potentialAction\":[{\"@type\":\"ReadAction\",\"target\":[\"https:\\\/\\\/lovme.pt\\\/index.php\\\/produto\\\/fetish-fantasy-series-vibrador-estimulante-triple-wave\\\/\"]}]},{\"@type\":\"ImageObject\",\"inLanguage\":\"pt-PT\",\"@id\":\"https:\\\/\\\/lovme.pt\\\/index.php\\\/produto\\\/fetish-fantasy-series-vibrador-estimulante-triple-wave\\\/#primaryimage\",\"url\":\"https:\\\/\\\/erki24nd3ub.exactdn.com\\\/wp-content\\\/uploads\\\/dream\\\/img\\\/img_16641_2ae25de88792bb7a71bfcd63272bda62_1.jpg?strip=all\",\"contentUrl\":\"https:\\\/\\\/erki24nd3ub.exactdn.com\\\/wp-content\\\/uploads\\\/dream\\\/img\\\/img_16641_2ae25de88792bb7a71bfcd63272bda62_1.jpg?strip=all\",\"width\":900,\"height\":900},{\"@type\":\"BreadcrumbList\",\"@id\":\"https:\\\/\\\/lovme.pt\\\/index.php\\\/produto\\\/fetish-fantasy-series-vibrador-estimulante-triple-wave\\\/#breadcrumb\",\"itemListElement\":[{\"@type\":\"ListItem\",\"position\":1,\"name\":\"In\u00edcio\",\"item\":\"https:\\\/\\\/lovme.pt\\\/\"},{\"@type\":\"ListItem\",\"position\":2,\"name\":\"Loja\",\"item\":\"https:\\\/\\\/lovme.pt\\\/index.php\\\/loja\\\/\"},{\"@type\":\"ListItem\",\"position\":3,\"name\":\"FETISH FANTASY SERIES &#8211; VIBRADOR DE TRIPLA SUC\u00c7\u00c3O\"}]},{\"@type\":\"WebSite\",\"@id\":\"https:\\\/\\\/lovme.pt\\\/#website\",\"url\":\"https:\\\/\\\/lovme.pt\\\/\",\"name\":\"Lovme Loja Er\u00f3tica N\u00ba1 em Portugal\",\"description\":\"A melhor loja er\u00f3tica de Portugal.\",\"alternateName\":\"Loja Er\u00f3tica Lovme\",\"potentialAction\":[{\"@type\":\"SearchAction\",\"target\":{\"@type\":\"EntryPoint\",\"urlTemplate\":\"https:\\\/\\\/lovme.pt\\\/?s={search_term_string}\"},\"query-input\":{\"@type\":\"PropertyValueSpecification\",\"valueRequired\":true,\"valueName\":\"search_term_string\"}}],\"inLanguage\":\"pt-PT\"}]}<\/script>\n<!-- \/ Yoast SEO plugin. -->","yoast_head_json":{"title":"FETISH FANTASY SERIES - VIBRADOR DE TRIPLA SUC\u00c7\u00c3O - Lovme","robots":{"index":"index","follow":"follow","max-snippet":"max-snippet:-1","max-image-preview":"max-image-preview:large","max-video-preview":"max-video-preview:-1"},"canonical":"https:\/\/lovme.pt\/index.php\/produto\/fetish-fantasy-series-vibrador-estimulante-triple-wave\/","og_locale":"pt_PT","og_type":"article","og_title":"FETISH FANTASY SERIES - VIBRADOR DE TRIPLA SUC\u00c7\u00c3O - Lovme","og_description":"FETISH FANTASY SERIES - VIBRADOR DE TRIPLA SUC\u00c7\u00c3O","og_url":"https:\/\/lovme.pt\/index.php\/produto\/fetish-fantasy-series-vibrador-estimulante-triple-wave\/","og_site_name":"Lovme","article_modified_time":"2026-04-14T12:33:19+00:00","og_image":[{"width":900,"height":900,"url":"https:\/\/erki24nd3ub.exactdn.com\/wp-content\/uploads\/dream\/img\/img_16641_2ae25de88792bb7a71bfcd63272bda62_1.jpg?strip=all","type":"image\/jpeg"}],"twitter_card":"summary_large_image","schema":{"@context":"https:\/\/schema.org","@graph":[{"@type":"WebPage","@id":"https:\/\/lovme.pt\/index.php\/produto\/fetish-fantasy-series-vibrador-estimulante-triple-wave\/","url":"https:\/\/lovme.pt\/index.php\/produto\/fetish-fantasy-series-vibrador-estimulante-triple-wave\/","name":"FETISH FANTASY SERIES - VIBRADOR DE TRIPLA SUC\u00c7\u00c3O - Lovme","isPartOf":{"@id":"https:\/\/lovme.pt\/#website"},"primaryImageOfPage":{"@id":"https:\/\/lovme.pt\/index.php\/produto\/fetish-fantasy-series-vibrador-estimulante-triple-wave\/#primaryimage"},"image":{"@id":"https:\/\/lovme.pt\/index.php\/produto\/fetish-fantasy-series-vibrador-estimulante-triple-wave\/#primaryimage"},"thumbnailUrl":"https:\/\/erki24nd3ub.exactdn.com\/wp-content\/uploads\/dream\/img\/img_16641_2ae25de88792bb7a71bfcd63272bda62_1.jpg?strip=all","datePublished":"2025-09-30T22:09:11+00:00","dateModified":"2026-04-14T12:33:19+00:00","breadcrumb":{"@id":"https:\/\/lovme.pt\/index.php\/produto\/fetish-fantasy-series-vibrador-estimulante-triple-wave\/#breadcrumb"},"inLanguage":"pt-PT","potentialAction":[{"@type":"ReadAction","target":["https:\/\/lovme.pt\/index.php\/produto\/fetish-fantasy-series-vibrador-estimulante-triple-wave\/"]}]},{"@type":"ImageObject","inLanguage":"pt-PT","@id":"https:\/\/lovme.pt\/index.php\/produto\/fetish-fantasy-series-vibrador-estimulante-triple-wave\/#primaryimage","url":"https:\/\/erki24nd3ub.exactdn.com\/wp-content\/uploads\/dream\/img\/img_16641_2ae25de88792bb7a71bfcd63272bda62_1.jpg?strip=all","contentUrl":"https:\/\/erki24nd3ub.exactdn.com\/wp-content\/uploads\/dream\/img\/img_16641_2ae25de88792bb7a71bfcd63272bda62_1.jpg?strip=all","width":900,"height":900},{"@type":"BreadcrumbList","@id":"https:\/\/lovme.pt\/index.php\/produto\/fetish-fantasy-series-vibrador-estimulante-triple-wave\/#breadcrumb","itemListElement":[{"@type":"ListItem","position":1,"name":"In\u00edcio","item":"https:\/\/lovme.pt\/"},{"@type":"ListItem","position":2,"name":"Loja","item":"https:\/\/lovme.pt\/index.php\/loja\/"},{"@type":"ListItem","position":3,"name":"FETISH FANTASY SERIES &#8211; VIBRADOR DE TRIPLA SUC\u00c7\u00c3O"}]},{"@type":"WebSite","@id":"https:\/\/lovme.pt\/#website","url":"https:\/\/lovme.pt\/","name":"Lovme Loja Er\u00f3tica N\u00ba1 em Portugal","description":"A melhor loja er\u00f3tica de Portugal.","alternateName":"Loja Er\u00f3tica Lovme","potentialAction":[{"@type":"SearchAction","target":{"@type":"EntryPoint","urlTemplate":"https:\/\/lovme.pt\/?s={search_term_string}"},"query-input":{"@type":"PropertyValueSpecification","valueRequired":true,"valueName":"search_term_string"}}],"inLanguage":"pt-PT"}]}},"_links":{"self":[{"href":"https:\/\/lovme.pt\/index.php\/wp-json\/wp\/v2\/product\/6626","targetHints":{"allow":["GET"]}}],"collection":[{"href":"https:\/\/lovme.pt\/index.php\/wp-json\/wp\/v2\/product"}],"about":[{"href":"https:\/\/lovme.pt\/index.php\/wp-json\/wp\/v2\/types\/product"}],"wp:featuredmedia":[{"embeddable":true,"href":"https:\/\/lovme.pt\/index.php\/wp-json\/wp\/v2\/media\/74470"}],"wp:attachment":[{"href":"https:\/\/lovme.pt\/index.php\/wp-json\/wp\/v2\/media?parent=6626"}],"wp:term":[{"taxonomy":"product_brand","embeddable":true,"href":"https:\/\/lovme.pt\/index.php\/wp-json\/wp\/v2\/product_brand?post=6626"},{"taxonomy":"product_cat","embeddable":true,"href":"https:\/\/lovme.pt\/index.php\/wp-json\/wp\/v2\/product_cat?post=6626"},{"taxonomy":"product_tag","embeddable":true,"href":"https:\/\/lovme.pt\/index.php\/wp-json\/wp\/v2\/product_tag?post=6626"}],"curies":[{"name":"wp","href":"https:\/\/api.w.org\/{rel}","templated":true}]}}