{"id":6576,"date":"2025-09-30T09:43:23","date_gmt":"2025-09-30T09:43:23","guid":{"rendered":"https:\/\/lovme.pt\/?post_type=product&#038;p=6576"},"modified":"2026-04-17T09:32:38","modified_gmt":"2026-04-17T09:32:38","slug":"joydivision-e-tudo-que-voce-precisa-lubrificante-100-ml","status":"publish","type":"product","link":"https:\/\/lovme.pt\/index.php\/produto\/joydivision-e-tudo-que-voce-precisa-lubrificante-100-ml\/","title":{"rendered":"JOYDIVISION &#8211; \u00c9 TUDO QUE VOC\u00ca PRECISA LUBRIFICANTE 100 ML"},"content":{"rendered":"<p>ISSO &eacute; tudo o que voc&ecirc; precisa para quando realmente vai se dedicar a isso. O lubrificante de silicone super forte tem um efeito relaxante e garante um prazer natural e sem fric&ccedil;&atilde;o durante o ato sexual. N&atilde;o h&aacute; d&uacute;vida: voc&ecirc; vai querer mais disso!<\/p>\n<p>\nAs muitas vantagens do That&#039;s &#8211; tudo que voc&ecirc; precisa:<\/p>\n<ul>\n<li>aprovado como um produto de grau m&eacute;dico<\/li>\n<li>sujeitos a um controle de qualidade constante<\/li>\n<li>sujeitos a testes m&eacute;dicos e dermatol&oacute;gicos regulares<\/li>\n<li>apresenta propriedades lubrificantes de longa dura&ccedil;&atilde;o<\/li>\n<li>&eacute; altamente eficaz, com um pouco indo um longo caminho<\/li>\n<li>adequado para uso com preservativos<\/li>\n<li>ideal para sexo oral<\/li>\n<li>pH otimizado<\/li>\n<li>dispon&iacute;vel em farm&aacute;cias, varejistas er&oacute;ticos bem abastecidos e via Internet<\/li>\n<li>FEITO NA ALEMANHA<\/li>\n<\/ul>\n","protected":false},"excerpt":{"rendered":"<p>EMBALAGEM DISPON\u00cdVEL EM: \/es\/pt\/de\/<\/p>\n","protected":false},"featured_media":56222,"template":"","meta":{"_acf_changed":false},"product_brand":[],"product_cat":[49,53],"product_tag":[],"class_list":{"0":"post-6576","1":"product","2":"type-product","3":"status-publish","4":"has-post-thumbnail","6":"product_cat-cosmeticos","7":"product_cat-lubrificantes-intimos","8":"yith_product_brand-joydivision","10":"first","11":"instock","12":"taxable","13":"shipping-taxable","14":"purchasable","15":"product-type-simple"},"acf":[],"yoast_head":"<!-- This site is optimized with the Yoast SEO plugin v27.4 - https:\/\/yoast.com\/product\/yoast-seo-wordpress\/ -->\n<title>JOYDIVISION - \u00c9 TUDO QUE VOC\u00ca PRECISA LUBRIFICANTE 100 ML - Lovme<\/title>\n<meta name=\"robots\" content=\"index, follow, max-snippet:-1, max-image-preview:large, max-video-preview:-1\" \/>\n<link rel=\"canonical\" href=\"https:\/\/lovme.pt\/index.php\/produto\/joydivision-e-tudo-que-voce-precisa-lubrificante-100-ml\/\" \/>\n<meta property=\"og:locale\" content=\"pt_PT\" \/>\n<meta property=\"og:type\" content=\"article\" \/>\n<meta property=\"og:title\" content=\"JOYDIVISION - \u00c9 TUDO QUE VOC\u00ca PRECISA LUBRIFICANTE 100 ML - Lovme\" \/>\n<meta property=\"og:description\" content=\"EMBALAGEM DISPON\u00cdVEL EM: \/es\/pt\/de\/\" \/>\n<meta property=\"og:url\" content=\"https:\/\/lovme.pt\/index.php\/produto\/joydivision-e-tudo-que-voce-precisa-lubrificante-100-ml\/\" \/>\n<meta property=\"og:site_name\" content=\"Lovme\" \/>\n<meta property=\"article:modified_time\" content=\"2026-04-17T09:32:38+00:00\" \/>\n<meta property=\"og:image\" content=\"https:\/\/erki24nd3ub.exactdn.com\/wp-content\/uploads\/dream\/img\/img_16464_29bbe039bf712473a6f1369d48bc9dc3_1.jpg?strip=all\" \/>\n\t<meta property=\"og:image:width\" content=\"900\" \/>\n\t<meta property=\"og:image:height\" content=\"900\" \/>\n\t<meta property=\"og:image:type\" content=\"image\/jpeg\" \/>\n<meta name=\"twitter:card\" content=\"summary_large_image\" \/>\n<meta name=\"twitter:label1\" content=\"Tempo estimado de leitura\" \/>\n\t<meta name=\"twitter:data1\" content=\"1 minuto\" \/>\n<script type=\"application\/ld+json\" class=\"yoast-schema-graph\">{\"@context\":\"https:\\\/\\\/schema.org\",\"@graph\":[{\"@type\":\"WebPage\",\"@id\":\"https:\\\/\\\/lovme.pt\\\/index.php\\\/produto\\\/joydivision-e-tudo-que-voce-precisa-lubrificante-100-ml\\\/\",\"url\":\"https:\\\/\\\/lovme.pt\\\/index.php\\\/produto\\\/joydivision-e-tudo-que-voce-precisa-lubrificante-100-ml\\\/\",\"name\":\"JOYDIVISION - \u00c9 TUDO QUE VOC\u00ca PRECISA LUBRIFICANTE 100 ML - Lovme\",\"isPartOf\":{\"@id\":\"https:\\\/\\\/lovme.pt\\\/#website\"},\"primaryImageOfPage\":{\"@id\":\"https:\\\/\\\/lovme.pt\\\/index.php\\\/produto\\\/joydivision-e-tudo-que-voce-precisa-lubrificante-100-ml\\\/#primaryimage\"},\"image\":{\"@id\":\"https:\\\/\\\/lovme.pt\\\/index.php\\\/produto\\\/joydivision-e-tudo-que-voce-precisa-lubrificante-100-ml\\\/#primaryimage\"},\"thumbnailUrl\":\"https:\\\/\\\/erki24nd3ub.exactdn.com\\\/wp-content\\\/uploads\\\/dream\\\/img\\\/img_16464_29bbe039bf712473a6f1369d48bc9dc3_1.jpg?strip=all\",\"datePublished\":\"2025-09-30T09:43:23+00:00\",\"dateModified\":\"2026-04-17T09:32:38+00:00\",\"breadcrumb\":{\"@id\":\"https:\\\/\\\/lovme.pt\\\/index.php\\\/produto\\\/joydivision-e-tudo-que-voce-precisa-lubrificante-100-ml\\\/#breadcrumb\"},\"inLanguage\":\"pt-PT\",\"potentialAction\":[{\"@type\":\"ReadAction\",\"target\":[\"https:\\\/\\\/lovme.pt\\\/index.php\\\/produto\\\/joydivision-e-tudo-que-voce-precisa-lubrificante-100-ml\\\/\"]}]},{\"@type\":\"ImageObject\",\"inLanguage\":\"pt-PT\",\"@id\":\"https:\\\/\\\/lovme.pt\\\/index.php\\\/produto\\\/joydivision-e-tudo-que-voce-precisa-lubrificante-100-ml\\\/#primaryimage\",\"url\":\"https:\\\/\\\/erki24nd3ub.exactdn.com\\\/wp-content\\\/uploads\\\/dream\\\/img\\\/img_16464_29bbe039bf712473a6f1369d48bc9dc3_1.jpg?strip=all\",\"contentUrl\":\"https:\\\/\\\/erki24nd3ub.exactdn.com\\\/wp-content\\\/uploads\\\/dream\\\/img\\\/img_16464_29bbe039bf712473a6f1369d48bc9dc3_1.jpg?strip=all\",\"width\":900,\"height\":900},{\"@type\":\"BreadcrumbList\",\"@id\":\"https:\\\/\\\/lovme.pt\\\/index.php\\\/produto\\\/joydivision-e-tudo-que-voce-precisa-lubrificante-100-ml\\\/#breadcrumb\",\"itemListElement\":[{\"@type\":\"ListItem\",\"position\":1,\"name\":\"In\u00edcio\",\"item\":\"https:\\\/\\\/lovme.pt\\\/\"},{\"@type\":\"ListItem\",\"position\":2,\"name\":\"Loja\",\"item\":\"https:\\\/\\\/lovme.pt\\\/index.php\\\/loja\\\/\"},{\"@type\":\"ListItem\",\"position\":3,\"name\":\"JOYDIVISION &#8211; \u00c9 TUDO QUE VOC\u00ca PRECISA LUBRIFICANTE 100 ML\"}]},{\"@type\":\"WebSite\",\"@id\":\"https:\\\/\\\/lovme.pt\\\/#website\",\"url\":\"https:\\\/\\\/lovme.pt\\\/\",\"name\":\"Lovme Loja Er\u00f3tica N\u00ba1 em Portugal\",\"description\":\"A melhor loja er\u00f3tica de Portugal.\",\"alternateName\":\"Loja Er\u00f3tica Lovme\",\"potentialAction\":[{\"@type\":\"SearchAction\",\"target\":{\"@type\":\"EntryPoint\",\"urlTemplate\":\"https:\\\/\\\/lovme.pt\\\/?s={search_term_string}\"},\"query-input\":{\"@type\":\"PropertyValueSpecification\",\"valueRequired\":true,\"valueName\":\"search_term_string\"}}],\"inLanguage\":\"pt-PT\"}]}<\/script>\n<!-- \/ Yoast SEO plugin. -->","yoast_head_json":{"title":"JOYDIVISION - \u00c9 TUDO QUE VOC\u00ca PRECISA LUBRIFICANTE 100 ML - Lovme","robots":{"index":"index","follow":"follow","max-snippet":"max-snippet:-1","max-image-preview":"max-image-preview:large","max-video-preview":"max-video-preview:-1"},"canonical":"https:\/\/lovme.pt\/index.php\/produto\/joydivision-e-tudo-que-voce-precisa-lubrificante-100-ml\/","og_locale":"pt_PT","og_type":"article","og_title":"JOYDIVISION - \u00c9 TUDO QUE VOC\u00ca PRECISA LUBRIFICANTE 100 ML - Lovme","og_description":"EMBALAGEM DISPON\u00cdVEL EM: \/es\/pt\/de\/","og_url":"https:\/\/lovme.pt\/index.php\/produto\/joydivision-e-tudo-que-voce-precisa-lubrificante-100-ml\/","og_site_name":"Lovme","article_modified_time":"2026-04-17T09:32:38+00:00","og_image":[{"width":900,"height":900,"url":"https:\/\/erki24nd3ub.exactdn.com\/wp-content\/uploads\/dream\/img\/img_16464_29bbe039bf712473a6f1369d48bc9dc3_1.jpg?strip=all","type":"image\/jpeg"}],"twitter_card":"summary_large_image","twitter_misc":{"Tempo estimado de leitura":"1 minuto"},"schema":{"@context":"https:\/\/schema.org","@graph":[{"@type":"WebPage","@id":"https:\/\/lovme.pt\/index.php\/produto\/joydivision-e-tudo-que-voce-precisa-lubrificante-100-ml\/","url":"https:\/\/lovme.pt\/index.php\/produto\/joydivision-e-tudo-que-voce-precisa-lubrificante-100-ml\/","name":"JOYDIVISION - \u00c9 TUDO QUE VOC\u00ca PRECISA LUBRIFICANTE 100 ML - Lovme","isPartOf":{"@id":"https:\/\/lovme.pt\/#website"},"primaryImageOfPage":{"@id":"https:\/\/lovme.pt\/index.php\/produto\/joydivision-e-tudo-que-voce-precisa-lubrificante-100-ml\/#primaryimage"},"image":{"@id":"https:\/\/lovme.pt\/index.php\/produto\/joydivision-e-tudo-que-voce-precisa-lubrificante-100-ml\/#primaryimage"},"thumbnailUrl":"https:\/\/erki24nd3ub.exactdn.com\/wp-content\/uploads\/dream\/img\/img_16464_29bbe039bf712473a6f1369d48bc9dc3_1.jpg?strip=all","datePublished":"2025-09-30T09:43:23+00:00","dateModified":"2026-04-17T09:32:38+00:00","breadcrumb":{"@id":"https:\/\/lovme.pt\/index.php\/produto\/joydivision-e-tudo-que-voce-precisa-lubrificante-100-ml\/#breadcrumb"},"inLanguage":"pt-PT","potentialAction":[{"@type":"ReadAction","target":["https:\/\/lovme.pt\/index.php\/produto\/joydivision-e-tudo-que-voce-precisa-lubrificante-100-ml\/"]}]},{"@type":"ImageObject","inLanguage":"pt-PT","@id":"https:\/\/lovme.pt\/index.php\/produto\/joydivision-e-tudo-que-voce-precisa-lubrificante-100-ml\/#primaryimage","url":"https:\/\/erki24nd3ub.exactdn.com\/wp-content\/uploads\/dream\/img\/img_16464_29bbe039bf712473a6f1369d48bc9dc3_1.jpg?strip=all","contentUrl":"https:\/\/erki24nd3ub.exactdn.com\/wp-content\/uploads\/dream\/img\/img_16464_29bbe039bf712473a6f1369d48bc9dc3_1.jpg?strip=all","width":900,"height":900},{"@type":"BreadcrumbList","@id":"https:\/\/lovme.pt\/index.php\/produto\/joydivision-e-tudo-que-voce-precisa-lubrificante-100-ml\/#breadcrumb","itemListElement":[{"@type":"ListItem","position":1,"name":"In\u00edcio","item":"https:\/\/lovme.pt\/"},{"@type":"ListItem","position":2,"name":"Loja","item":"https:\/\/lovme.pt\/index.php\/loja\/"},{"@type":"ListItem","position":3,"name":"JOYDIVISION &#8211; \u00c9 TUDO QUE VOC\u00ca PRECISA LUBRIFICANTE 100 ML"}]},{"@type":"WebSite","@id":"https:\/\/lovme.pt\/#website","url":"https:\/\/lovme.pt\/","name":"Lovme Loja Er\u00f3tica N\u00ba1 em Portugal","description":"A melhor loja er\u00f3tica de Portugal.","alternateName":"Loja Er\u00f3tica Lovme","potentialAction":[{"@type":"SearchAction","target":{"@type":"EntryPoint","urlTemplate":"https:\/\/lovme.pt\/?s={search_term_string}"},"query-input":{"@type":"PropertyValueSpecification","valueRequired":true,"valueName":"search_term_string"}}],"inLanguage":"pt-PT"}]}},"_links":{"self":[{"href":"https:\/\/lovme.pt\/index.php\/wp-json\/wp\/v2\/product\/6576","targetHints":{"allow":["GET"]}}],"collection":[{"href":"https:\/\/lovme.pt\/index.php\/wp-json\/wp\/v2\/product"}],"about":[{"href":"https:\/\/lovme.pt\/index.php\/wp-json\/wp\/v2\/types\/product"}],"wp:featuredmedia":[{"embeddable":true,"href":"https:\/\/lovme.pt\/index.php\/wp-json\/wp\/v2\/media\/56222"}],"wp:attachment":[{"href":"https:\/\/lovme.pt\/index.php\/wp-json\/wp\/v2\/media?parent=6576"}],"wp:term":[{"taxonomy":"product_brand","embeddable":true,"href":"https:\/\/lovme.pt\/index.php\/wp-json\/wp\/v2\/product_brand?post=6576"},{"taxonomy":"product_cat","embeddable":true,"href":"https:\/\/lovme.pt\/index.php\/wp-json\/wp\/v2\/product_cat?post=6576"},{"taxonomy":"product_tag","embeddable":true,"href":"https:\/\/lovme.pt\/index.php\/wp-json\/wp\/v2\/product_tag?post=6576"}],"curies":[{"name":"wp","href":"https:\/\/api.w.org\/{rel}","templated":true}]}}