{"id":64573,"date":"2025-09-30T10:14:27","date_gmt":"2025-09-30T10:14:27","guid":{"rendered":"https:\/\/lovme.pt\/?post_type=product&p=64573"},"modified":"2026-02-19T20:07:02","modified_gmt":"2026-02-19T20:07:02","slug":"kiiroo-espuma-absorvente-power-blow-pacote-com-5","status":"publish","type":"product","link":"https:\/\/lovme.pt\/index.php\/produto\/kiiroo-espuma-absorvente-power-blow-pacote-com-5\/","title":{"rendered":"KIIROO &#8211; ESPUMA ABSORVENTE POWER BLOW PACOTE COM 5"},"content":{"rendered":"<p>Proteja seu PowerBlow de l\u00edquidos indesejados que entram na c\u00e2mara com a espuma absorvente. O pacote com 5 espumas de reposi\u00e7\u00e3o PowerBlow evita que l\u00edquidos indesejados entrem no seu PowerBlow com a espuma absorvente.<\/p>\n<p> Este pacote de substitui\u00e7\u00e3o cont\u00e9m 5 espumas absorventes para usar quando necess\u00e1rio.<\/p>\n<p> A espuma absorvente \u00e9 f\u00e1cil de usar e substituir quando for a hora certa.<\/p>\n<\/p>\n<p> <u><strong>CARACTER\u00cdSTICAS<\/strong><\/u> :<\/p>\n<ul>\n<li> Material de espuma: espuma PU<\/li>\n<li> Peso do item embalado: 0,14g<\/li>\n<li> Altura do item embalado: 4,2 cm<\/li>\n<li> Largura do item embalado: 4 cm<\/li>\n<\/ul>\n","protected":false},"excerpt":{"rendered":"<p>KIIROO &#8211; ESPUMA ABSORVENTE POWER BLOW PACOTE COM 5<\/p>\n","protected":false},"featured_media":64574,"template":"","meta":{"_acf_changed":false},"product_brand":[],"product_cat":[17,60],"product_tag":[],"class_list":{"0":"post-64573","1":"product","2":"type-product","3":"status-publish","4":"has-post-thumbnail","6":"product_cat-brinquedos-de-bem-estar-sexual","7":"product_cat-para-eles","8":"yith_product_brand-kiiroo","10":"first","11":"instock","12":"taxable","13":"shipping-taxable","14":"purchasable","15":"product-type-simple"},"acf":[],"yoast_head":"<!-- This site is optimized with the Yoast SEO plugin v27.4 - https:\/\/yoast.com\/product\/yoast-seo-wordpress\/ -->\n<title>KIIROO - ESPUMA ABSORVENTE POWER BLOW PACOTE COM 5 - Lovme<\/title>\n<meta name=\"robots\" content=\"index, follow, max-snippet:-1, max-image-preview:large, max-video-preview:-1\" \/>\n<link rel=\"canonical\" href=\"https:\/\/lovme.pt\/index.php\/produto\/kiiroo-espuma-absorvente-power-blow-pacote-com-5\/\" \/>\n<meta property=\"og:locale\" content=\"pt_PT\" \/>\n<meta property=\"og:type\" content=\"article\" \/>\n<meta property=\"og:title\" content=\"KIIROO - ESPUMA ABSORVENTE POWER BLOW PACOTE COM 5 - Lovme\" \/>\n<meta property=\"og:description\" content=\"KIIROO - ESPUMA ABSORVENTE POWER BLOW PACOTE COM 5\" \/>\n<meta property=\"og:url\" content=\"https:\/\/lovme.pt\/index.php\/produto\/kiiroo-espuma-absorvente-power-blow-pacote-com-5\/\" \/>\n<meta property=\"og:site_name\" content=\"Lovme\" \/>\n<meta property=\"article:modified_time\" content=\"2026-02-19T20:07:02+00:00\" \/>\n<meta property=\"og:image\" content=\"https:\/\/erki24nd3ub.exactdn.com\/wp-content\/uploads\/dream\/img\/img_189789_4d2d90449c03e1aa493f445c8f4d9262_1.jpg?strip=all\" \/>\n\t<meta property=\"og:image:width\" content=\"800\" \/>\n\t<meta property=\"og:image:height\" content=\"800\" \/>\n\t<meta property=\"og:image:type\" content=\"image\/jpeg\" \/>\n<meta name=\"twitter:card\" content=\"summary_large_image\" \/>\n<script type=\"application\/ld+json\" class=\"yoast-schema-graph\">{\"@context\":\"https:\\\/\\\/schema.org\",\"@graph\":[{\"@type\":\"WebPage\",\"@id\":\"https:\\\/\\\/lovme.pt\\\/index.php\\\/produto\\\/kiiroo-espuma-absorvente-power-blow-pacote-com-5\\\/\",\"url\":\"https:\\\/\\\/lovme.pt\\\/index.php\\\/produto\\\/kiiroo-espuma-absorvente-power-blow-pacote-com-5\\\/\",\"name\":\"KIIROO - ESPUMA ABSORVENTE POWER BLOW PACOTE COM 5 - Lovme\",\"isPartOf\":{\"@id\":\"https:\\\/\\\/lovme.pt\\\/#website\"},\"primaryImageOfPage\":{\"@id\":\"https:\\\/\\\/lovme.pt\\\/index.php\\\/produto\\\/kiiroo-espuma-absorvente-power-blow-pacote-com-5\\\/#primaryimage\"},\"image\":{\"@id\":\"https:\\\/\\\/lovme.pt\\\/index.php\\\/produto\\\/kiiroo-espuma-absorvente-power-blow-pacote-com-5\\\/#primaryimage\"},\"thumbnailUrl\":\"https:\\\/\\\/erki24nd3ub.exactdn.com\\\/wp-content\\\/uploads\\\/dream\\\/img\\\/img_189789_4d2d90449c03e1aa493f445c8f4d9262_1.jpg?strip=all\",\"datePublished\":\"2025-09-30T10:14:27+00:00\",\"dateModified\":\"2026-02-19T20:07:02+00:00\",\"breadcrumb\":{\"@id\":\"https:\\\/\\\/lovme.pt\\\/index.php\\\/produto\\\/kiiroo-espuma-absorvente-power-blow-pacote-com-5\\\/#breadcrumb\"},\"inLanguage\":\"pt-PT\",\"potentialAction\":[{\"@type\":\"ReadAction\",\"target\":[\"https:\\\/\\\/lovme.pt\\\/index.php\\\/produto\\\/kiiroo-espuma-absorvente-power-blow-pacote-com-5\\\/\"]}]},{\"@type\":\"ImageObject\",\"inLanguage\":\"pt-PT\",\"@id\":\"https:\\\/\\\/lovme.pt\\\/index.php\\\/produto\\\/kiiroo-espuma-absorvente-power-blow-pacote-com-5\\\/#primaryimage\",\"url\":\"https:\\\/\\\/erki24nd3ub.exactdn.com\\\/wp-content\\\/uploads\\\/dream\\\/img\\\/img_189789_4d2d90449c03e1aa493f445c8f4d9262_1.jpg?strip=all\",\"contentUrl\":\"https:\\\/\\\/erki24nd3ub.exactdn.com\\\/wp-content\\\/uploads\\\/dream\\\/img\\\/img_189789_4d2d90449c03e1aa493f445c8f4d9262_1.jpg?strip=all\",\"width\":800,\"height\":800},{\"@type\":\"BreadcrumbList\",\"@id\":\"https:\\\/\\\/lovme.pt\\\/index.php\\\/produto\\\/kiiroo-espuma-absorvente-power-blow-pacote-com-5\\\/#breadcrumb\",\"itemListElement\":[{\"@type\":\"ListItem\",\"position\":1,\"name\":\"In\u00edcio\",\"item\":\"https:\\\/\\\/lovme.pt\\\/\"},{\"@type\":\"ListItem\",\"position\":2,\"name\":\"Loja\",\"item\":\"https:\\\/\\\/lovme.pt\\\/index.php\\\/loja\\\/\"},{\"@type\":\"ListItem\",\"position\":3,\"name\":\"KIIROO &#8211; ESPUMA ABSORVENTE POWER BLOW PACOTE COM 5\"}]},{\"@type\":\"WebSite\",\"@id\":\"https:\\\/\\\/lovme.pt\\\/#website\",\"url\":\"https:\\\/\\\/lovme.pt\\\/\",\"name\":\"Lovme Loja Er\u00f3tica N\u00ba1 em Portugal\",\"description\":\"A melhor loja er\u00f3tica de Portugal.\",\"alternateName\":\"Loja Er\u00f3tica Lovme\",\"potentialAction\":[{\"@type\":\"SearchAction\",\"target\":{\"@type\":\"EntryPoint\",\"urlTemplate\":\"https:\\\/\\\/lovme.pt\\\/?s={search_term_string}\"},\"query-input\":{\"@type\":\"PropertyValueSpecification\",\"valueRequired\":true,\"valueName\":\"search_term_string\"}}],\"inLanguage\":\"pt-PT\"}]}<\/script>\n<!-- \/ Yoast SEO plugin. -->","yoast_head_json":{"title":"KIIROO - ESPUMA ABSORVENTE POWER BLOW PACOTE COM 5 - Lovme","robots":{"index":"index","follow":"follow","max-snippet":"max-snippet:-1","max-image-preview":"max-image-preview:large","max-video-preview":"max-video-preview:-1"},"canonical":"https:\/\/lovme.pt\/index.php\/produto\/kiiroo-espuma-absorvente-power-blow-pacote-com-5\/","og_locale":"pt_PT","og_type":"article","og_title":"KIIROO - ESPUMA ABSORVENTE POWER BLOW PACOTE COM 5 - Lovme","og_description":"KIIROO - ESPUMA ABSORVENTE POWER BLOW PACOTE COM 5","og_url":"https:\/\/lovme.pt\/index.php\/produto\/kiiroo-espuma-absorvente-power-blow-pacote-com-5\/","og_site_name":"Lovme","article_modified_time":"2026-02-19T20:07:02+00:00","og_image":[{"width":800,"height":800,"url":"https:\/\/erki24nd3ub.exactdn.com\/wp-content\/uploads\/dream\/img\/img_189789_4d2d90449c03e1aa493f445c8f4d9262_1.jpg?strip=all","type":"image\/jpeg"}],"twitter_card":"summary_large_image","schema":{"@context":"https:\/\/schema.org","@graph":[{"@type":"WebPage","@id":"https:\/\/lovme.pt\/index.php\/produto\/kiiroo-espuma-absorvente-power-blow-pacote-com-5\/","url":"https:\/\/lovme.pt\/index.php\/produto\/kiiroo-espuma-absorvente-power-blow-pacote-com-5\/","name":"KIIROO - ESPUMA ABSORVENTE POWER BLOW PACOTE COM 5 - Lovme","isPartOf":{"@id":"https:\/\/lovme.pt\/#website"},"primaryImageOfPage":{"@id":"https:\/\/lovme.pt\/index.php\/produto\/kiiroo-espuma-absorvente-power-blow-pacote-com-5\/#primaryimage"},"image":{"@id":"https:\/\/lovme.pt\/index.php\/produto\/kiiroo-espuma-absorvente-power-blow-pacote-com-5\/#primaryimage"},"thumbnailUrl":"https:\/\/erki24nd3ub.exactdn.com\/wp-content\/uploads\/dream\/img\/img_189789_4d2d90449c03e1aa493f445c8f4d9262_1.jpg?strip=all","datePublished":"2025-09-30T10:14:27+00:00","dateModified":"2026-02-19T20:07:02+00:00","breadcrumb":{"@id":"https:\/\/lovme.pt\/index.php\/produto\/kiiroo-espuma-absorvente-power-blow-pacote-com-5\/#breadcrumb"},"inLanguage":"pt-PT","potentialAction":[{"@type":"ReadAction","target":["https:\/\/lovme.pt\/index.php\/produto\/kiiroo-espuma-absorvente-power-blow-pacote-com-5\/"]}]},{"@type":"ImageObject","inLanguage":"pt-PT","@id":"https:\/\/lovme.pt\/index.php\/produto\/kiiroo-espuma-absorvente-power-blow-pacote-com-5\/#primaryimage","url":"https:\/\/erki24nd3ub.exactdn.com\/wp-content\/uploads\/dream\/img\/img_189789_4d2d90449c03e1aa493f445c8f4d9262_1.jpg?strip=all","contentUrl":"https:\/\/erki24nd3ub.exactdn.com\/wp-content\/uploads\/dream\/img\/img_189789_4d2d90449c03e1aa493f445c8f4d9262_1.jpg?strip=all","width":800,"height":800},{"@type":"BreadcrumbList","@id":"https:\/\/lovme.pt\/index.php\/produto\/kiiroo-espuma-absorvente-power-blow-pacote-com-5\/#breadcrumb","itemListElement":[{"@type":"ListItem","position":1,"name":"In\u00edcio","item":"https:\/\/lovme.pt\/"},{"@type":"ListItem","position":2,"name":"Loja","item":"https:\/\/lovme.pt\/index.php\/loja\/"},{"@type":"ListItem","position":3,"name":"KIIROO &#8211; ESPUMA ABSORVENTE POWER BLOW PACOTE COM 5"}]},{"@type":"WebSite","@id":"https:\/\/lovme.pt\/#website","url":"https:\/\/lovme.pt\/","name":"Lovme Loja Er\u00f3tica N\u00ba1 em Portugal","description":"A melhor loja er\u00f3tica de Portugal.","alternateName":"Loja Er\u00f3tica Lovme","potentialAction":[{"@type":"SearchAction","target":{"@type":"EntryPoint","urlTemplate":"https:\/\/lovme.pt\/?s={search_term_string}"},"query-input":{"@type":"PropertyValueSpecification","valueRequired":true,"valueName":"search_term_string"}}],"inLanguage":"pt-PT"}]}},"_links":{"self":[{"href":"https:\/\/lovme.pt\/index.php\/wp-json\/wp\/v2\/product\/64573","targetHints":{"allow":["GET"]}}],"collection":[{"href":"https:\/\/lovme.pt\/index.php\/wp-json\/wp\/v2\/product"}],"about":[{"href":"https:\/\/lovme.pt\/index.php\/wp-json\/wp\/v2\/types\/product"}],"wp:featuredmedia":[{"embeddable":true,"href":"https:\/\/lovme.pt\/index.php\/wp-json\/wp\/v2\/media\/64574"}],"wp:attachment":[{"href":"https:\/\/lovme.pt\/index.php\/wp-json\/wp\/v2\/media?parent=64573"}],"wp:term":[{"taxonomy":"product_brand","embeddable":true,"href":"https:\/\/lovme.pt\/index.php\/wp-json\/wp\/v2\/product_brand?post=64573"},{"taxonomy":"product_cat","embeddable":true,"href":"https:\/\/lovme.pt\/index.php\/wp-json\/wp\/v2\/product_cat?post=64573"},{"taxonomy":"product_tag","embeddable":true,"href":"https:\/\/lovme.pt\/index.php\/wp-json\/wp\/v2\/product_tag?post=64573"}],"curies":[{"name":"wp","href":"https:\/\/api.w.org\/{rel}","templated":true}]}}