{"id":57213,"date":"2025-09-30T09:47:54","date_gmt":"2025-09-30T09:47:54","guid":{"rendered":"https:\/\/lovme.pt\/?post_type=product&p=57213"},"modified":"2026-02-19T20:05:21","modified_gmt":"2026-02-19T20:05:21","slug":"spencer-fleetwood-amantes-de-candy-thong-masculino-2","status":"publish","type":"product","link":"https:\/\/lovme.pt\/index.php\/produto\/spencer-fleetwood-amantes-de-candy-thong-masculino-2\/","title":{"rendered":"SPENCER  FLEETWOOD &#8211; AMANTES DE CANDY THONG MASCULINO"},"content":{"rendered":"<p>\u00c9 o aut\u00eantico Candy Thong para ele, uma nova pe\u00e7a doce e muito sexy.<\/p>\n<p>Adapta-se a todos os tamanhos, pois possui um fio de lycra macio no interior para proporcionar maior flexibilidade e conforto.<\/p>\n<ul>\n<li>N\u00e3o mancha nem descolora com a umidade dos l\u00e1bios.<\/li>\n<li>Nunca uma lingerie foi t\u00e3o fofa.<\/li>\n<li>Tanga preta com desenho de cora\u00e7\u00e3o vermelho.<\/li>\n<\/ul>\n<p>Lamba e mordisque at\u00e9 chegar ao \u00eaxtase er\u00f3tico e \u00e0 divers\u00e3o! Quanto mais ele lambe voc\u00ea faz melhor.<\/p>\n<p>O sabor Tutti Frutti nos transportar\u00e1 para aqueles anos mais jovens, onde os horm\u00f4nios se acionavam.<\/p>\n<p>Vamos arrancar a lingerie dela com uma mordida&#8230; voc\u00ea est\u00e1 disposto?<\/p>\n<p>Cont\u00e9m 230 gramas.<\/p>\n<p><img decoding=\"async\" alt=\"\" src=\"https:\/\/interno.dreamlove.es\/UserFiles\/image\/banderas.png\" \/><\/p>\n","protected":false},"excerpt":{"rendered":"<p>SPENCER  FLEETWOOD &#8211; AMANTES DE CANDY THONG MASCULINO<\/p>\n","protected":false},"featured_media":57214,"template":"","meta":{"_acf_changed":false},"product_brand":[],"product_cat":[47,88],"product_tag":[],"class_list":{"0":"post-57213","1":"product","2":"type-product","3":"status-publish","4":"has-post-thumbnail","6":"product_cat-lingerie","7":"product_cat-novidades","8":"yith_product_brand-spencer-fletwood","10":"first","11":"instock","12":"taxable","13":"shipping-taxable","14":"purchasable","15":"product-type-simple"},"acf":[],"yoast_head":"<!-- This site is optimized with the Yoast SEO plugin v27.4 - https:\/\/yoast.com\/product\/yoast-seo-wordpress\/ -->\n<title>SPENCER FLEETWOOD - AMANTES DE CANDY THONG MASCULINO - Lovme<\/title>\n<meta name=\"robots\" content=\"index, follow, max-snippet:-1, max-image-preview:large, max-video-preview:-1\" \/>\n<link rel=\"canonical\" href=\"https:\/\/lovme.pt\/index.php\/produto\/spencer-fleetwood-amantes-de-candy-thong-masculino-2\/\" \/>\n<meta property=\"og:locale\" content=\"pt_PT\" \/>\n<meta property=\"og:type\" content=\"article\" \/>\n<meta property=\"og:title\" content=\"SPENCER FLEETWOOD - AMANTES DE CANDY THONG MASCULINO - Lovme\" \/>\n<meta property=\"og:description\" content=\"SPENCER FLEETWOOD - AMANTES DE CANDY THONG MASCULINO\" \/>\n<meta property=\"og:url\" content=\"https:\/\/lovme.pt\/index.php\/produto\/spencer-fleetwood-amantes-de-candy-thong-masculino-2\/\" \/>\n<meta property=\"og:site_name\" content=\"Lovme\" \/>\n<meta property=\"article:modified_time\" content=\"2026-02-19T20:05:21+00:00\" \/>\n<meta property=\"og:image\" content=\"https:\/\/erki24nd3ub.exactdn.com\/wp-content\/uploads\/dream\/img\/img_206378_970ccc6ec70a0b0cf7dc5d35a7477fab_1.jpg?strip=all\" \/>\n\t<meta property=\"og:image:width\" content=\"900\" \/>\n\t<meta property=\"og:image:height\" content=\"900\" \/>\n\t<meta property=\"og:image:type\" content=\"image\/jpeg\" \/>\n<meta name=\"twitter:card\" content=\"summary_large_image\" \/>\n<meta name=\"twitter:label1\" content=\"Tempo estimado de leitura\" \/>\n\t<meta name=\"twitter:data1\" content=\"1 minuto\" \/>\n<script type=\"application\/ld+json\" class=\"yoast-schema-graph\">{\"@context\":\"https:\\\/\\\/schema.org\",\"@graph\":[{\"@type\":\"WebPage\",\"@id\":\"https:\\\/\\\/lovme.pt\\\/index.php\\\/produto\\\/spencer-fleetwood-amantes-de-candy-thong-masculino-2\\\/\",\"url\":\"https:\\\/\\\/lovme.pt\\\/index.php\\\/produto\\\/spencer-fleetwood-amantes-de-candy-thong-masculino-2\\\/\",\"name\":\"SPENCER FLEETWOOD - AMANTES DE CANDY THONG MASCULINO - Lovme\",\"isPartOf\":{\"@id\":\"https:\\\/\\\/lovme.pt\\\/#website\"},\"primaryImageOfPage\":{\"@id\":\"https:\\\/\\\/lovme.pt\\\/index.php\\\/produto\\\/spencer-fleetwood-amantes-de-candy-thong-masculino-2\\\/#primaryimage\"},\"image\":{\"@id\":\"https:\\\/\\\/lovme.pt\\\/index.php\\\/produto\\\/spencer-fleetwood-amantes-de-candy-thong-masculino-2\\\/#primaryimage\"},\"thumbnailUrl\":\"https:\\\/\\\/erki24nd3ub.exactdn.com\\\/wp-content\\\/uploads\\\/dream\\\/img\\\/img_206378_970ccc6ec70a0b0cf7dc5d35a7477fab_1.jpg?strip=all\",\"datePublished\":\"2025-09-30T09:47:54+00:00\",\"dateModified\":\"2026-02-19T20:05:21+00:00\",\"breadcrumb\":{\"@id\":\"https:\\\/\\\/lovme.pt\\\/index.php\\\/produto\\\/spencer-fleetwood-amantes-de-candy-thong-masculino-2\\\/#breadcrumb\"},\"inLanguage\":\"pt-PT\",\"potentialAction\":[{\"@type\":\"ReadAction\",\"target\":[\"https:\\\/\\\/lovme.pt\\\/index.php\\\/produto\\\/spencer-fleetwood-amantes-de-candy-thong-masculino-2\\\/\"]}]},{\"@type\":\"ImageObject\",\"inLanguage\":\"pt-PT\",\"@id\":\"https:\\\/\\\/lovme.pt\\\/index.php\\\/produto\\\/spencer-fleetwood-amantes-de-candy-thong-masculino-2\\\/#primaryimage\",\"url\":\"https:\\\/\\\/erki24nd3ub.exactdn.com\\\/wp-content\\\/uploads\\\/dream\\\/img\\\/img_206378_970ccc6ec70a0b0cf7dc5d35a7477fab_1.jpg?strip=all\",\"contentUrl\":\"https:\\\/\\\/erki24nd3ub.exactdn.com\\\/wp-content\\\/uploads\\\/dream\\\/img\\\/img_206378_970ccc6ec70a0b0cf7dc5d35a7477fab_1.jpg?strip=all\",\"width\":900,\"height\":900},{\"@type\":\"BreadcrumbList\",\"@id\":\"https:\\\/\\\/lovme.pt\\\/index.php\\\/produto\\\/spencer-fleetwood-amantes-de-candy-thong-masculino-2\\\/#breadcrumb\",\"itemListElement\":[{\"@type\":\"ListItem\",\"position\":1,\"name\":\"In\u00edcio\",\"item\":\"https:\\\/\\\/lovme.pt\\\/\"},{\"@type\":\"ListItem\",\"position\":2,\"name\":\"Loja\",\"item\":\"https:\\\/\\\/lovme.pt\\\/index.php\\\/loja\\\/\"},{\"@type\":\"ListItem\",\"position\":3,\"name\":\"SPENCER FLEETWOOD &#8211; AMANTES DE CANDY THONG MASCULINO\"}]},{\"@type\":\"WebSite\",\"@id\":\"https:\\\/\\\/lovme.pt\\\/#website\",\"url\":\"https:\\\/\\\/lovme.pt\\\/\",\"name\":\"Lovme Loja Er\u00f3tica N\u00ba1 em Portugal\",\"description\":\"A melhor loja er\u00f3tica de Portugal.\",\"alternateName\":\"Loja Er\u00f3tica Lovme\",\"potentialAction\":[{\"@type\":\"SearchAction\",\"target\":{\"@type\":\"EntryPoint\",\"urlTemplate\":\"https:\\\/\\\/lovme.pt\\\/?s={search_term_string}\"},\"query-input\":{\"@type\":\"PropertyValueSpecification\",\"valueRequired\":true,\"valueName\":\"search_term_string\"}}],\"inLanguage\":\"pt-PT\"}]}<\/script>\n<!-- \/ Yoast SEO plugin. -->","yoast_head_json":{"title":"SPENCER FLEETWOOD - AMANTES DE CANDY THONG MASCULINO - Lovme","robots":{"index":"index","follow":"follow","max-snippet":"max-snippet:-1","max-image-preview":"max-image-preview:large","max-video-preview":"max-video-preview:-1"},"canonical":"https:\/\/lovme.pt\/index.php\/produto\/spencer-fleetwood-amantes-de-candy-thong-masculino-2\/","og_locale":"pt_PT","og_type":"article","og_title":"SPENCER FLEETWOOD - AMANTES DE CANDY THONG MASCULINO - Lovme","og_description":"SPENCER FLEETWOOD - AMANTES DE CANDY THONG MASCULINO","og_url":"https:\/\/lovme.pt\/index.php\/produto\/spencer-fleetwood-amantes-de-candy-thong-masculino-2\/","og_site_name":"Lovme","article_modified_time":"2026-02-19T20:05:21+00:00","og_image":[{"width":900,"height":900,"url":"https:\/\/erki24nd3ub.exactdn.com\/wp-content\/uploads\/dream\/img\/img_206378_970ccc6ec70a0b0cf7dc5d35a7477fab_1.jpg?strip=all","type":"image\/jpeg"}],"twitter_card":"summary_large_image","twitter_misc":{"Tempo estimado de leitura":"1 minuto"},"schema":{"@context":"https:\/\/schema.org","@graph":[{"@type":"WebPage","@id":"https:\/\/lovme.pt\/index.php\/produto\/spencer-fleetwood-amantes-de-candy-thong-masculino-2\/","url":"https:\/\/lovme.pt\/index.php\/produto\/spencer-fleetwood-amantes-de-candy-thong-masculino-2\/","name":"SPENCER FLEETWOOD - AMANTES DE CANDY THONG MASCULINO - Lovme","isPartOf":{"@id":"https:\/\/lovme.pt\/#website"},"primaryImageOfPage":{"@id":"https:\/\/lovme.pt\/index.php\/produto\/spencer-fleetwood-amantes-de-candy-thong-masculino-2\/#primaryimage"},"image":{"@id":"https:\/\/lovme.pt\/index.php\/produto\/spencer-fleetwood-amantes-de-candy-thong-masculino-2\/#primaryimage"},"thumbnailUrl":"https:\/\/erki24nd3ub.exactdn.com\/wp-content\/uploads\/dream\/img\/img_206378_970ccc6ec70a0b0cf7dc5d35a7477fab_1.jpg?strip=all","datePublished":"2025-09-30T09:47:54+00:00","dateModified":"2026-02-19T20:05:21+00:00","breadcrumb":{"@id":"https:\/\/lovme.pt\/index.php\/produto\/spencer-fleetwood-amantes-de-candy-thong-masculino-2\/#breadcrumb"},"inLanguage":"pt-PT","potentialAction":[{"@type":"ReadAction","target":["https:\/\/lovme.pt\/index.php\/produto\/spencer-fleetwood-amantes-de-candy-thong-masculino-2\/"]}]},{"@type":"ImageObject","inLanguage":"pt-PT","@id":"https:\/\/lovme.pt\/index.php\/produto\/spencer-fleetwood-amantes-de-candy-thong-masculino-2\/#primaryimage","url":"https:\/\/erki24nd3ub.exactdn.com\/wp-content\/uploads\/dream\/img\/img_206378_970ccc6ec70a0b0cf7dc5d35a7477fab_1.jpg?strip=all","contentUrl":"https:\/\/erki24nd3ub.exactdn.com\/wp-content\/uploads\/dream\/img\/img_206378_970ccc6ec70a0b0cf7dc5d35a7477fab_1.jpg?strip=all","width":900,"height":900},{"@type":"BreadcrumbList","@id":"https:\/\/lovme.pt\/index.php\/produto\/spencer-fleetwood-amantes-de-candy-thong-masculino-2\/#breadcrumb","itemListElement":[{"@type":"ListItem","position":1,"name":"In\u00edcio","item":"https:\/\/lovme.pt\/"},{"@type":"ListItem","position":2,"name":"Loja","item":"https:\/\/lovme.pt\/index.php\/loja\/"},{"@type":"ListItem","position":3,"name":"SPENCER FLEETWOOD &#8211; AMANTES DE CANDY THONG MASCULINO"}]},{"@type":"WebSite","@id":"https:\/\/lovme.pt\/#website","url":"https:\/\/lovme.pt\/","name":"Lovme Loja Er\u00f3tica N\u00ba1 em Portugal","description":"A melhor loja er\u00f3tica de Portugal.","alternateName":"Loja Er\u00f3tica Lovme","potentialAction":[{"@type":"SearchAction","target":{"@type":"EntryPoint","urlTemplate":"https:\/\/lovme.pt\/?s={search_term_string}"},"query-input":{"@type":"PropertyValueSpecification","valueRequired":true,"valueName":"search_term_string"}}],"inLanguage":"pt-PT"}]}},"_links":{"self":[{"href":"https:\/\/lovme.pt\/index.php\/wp-json\/wp\/v2\/product\/57213","targetHints":{"allow":["GET"]}}],"collection":[{"href":"https:\/\/lovme.pt\/index.php\/wp-json\/wp\/v2\/product"}],"about":[{"href":"https:\/\/lovme.pt\/index.php\/wp-json\/wp\/v2\/types\/product"}],"wp:featuredmedia":[{"embeddable":true,"href":"https:\/\/lovme.pt\/index.php\/wp-json\/wp\/v2\/media\/57214"}],"wp:attachment":[{"href":"https:\/\/lovme.pt\/index.php\/wp-json\/wp\/v2\/media?parent=57213"}],"wp:term":[{"taxonomy":"product_brand","embeddable":true,"href":"https:\/\/lovme.pt\/index.php\/wp-json\/wp\/v2\/product_brand?post=57213"},{"taxonomy":"product_cat","embeddable":true,"href":"https:\/\/lovme.pt\/index.php\/wp-json\/wp\/v2\/product_cat?post=57213"},{"taxonomy":"product_tag","embeddable":true,"href":"https:\/\/lovme.pt\/index.php\/wp-json\/wp\/v2\/product_tag?post=57213"}],"curies":[{"name":"wp","href":"https:\/\/api.w.org\/{rel}","templated":true}]}}