{"id":56162,"date":"2025-09-30T09:43:09","date_gmt":"2025-09-30T09:43:09","guid":{"rendered":"https:\/\/lovme.pt\/?post_type=product&p=56162"},"modified":"2026-02-19T20:03:23","modified_gmt":"2026-02-19T20:03:23","slug":"shunga-lubrificante-de-emocao-de-framboesa-toko-aroma","status":"publish","type":"product","link":"https:\/\/lovme.pt\/index.php\/produto\/shunga-lubrificante-de-emocao-de-framboesa-toko-aroma\/","title":{"rendered":"SHUNGA &#8211; LUBRIFICANTE DE EMO\u00c7\u00c3O DE FRAMBOESA TOKO AROMA"},"content":{"rendered":"<p>\u00c9 a nova gera\u00e7\u00e3o de lubrificantes \u00edntimos, especialmente formulados para imitar a lubrifica\u00e7\u00e3o natural e facilitar a penetra\u00e7\u00e3o.<\/p>\n<p>Este lubrificante inovador permite que voc\u00ea o lamba, experimente e chupe, pois \u00e9 o \u00fanico lubrificante do mercado que, se ingerido, n\u00e3o deixa gosto ruim na boca.<\/p>\n<p>Este lubrificante \u00e0 base de \u00e1gua \u00e9 ultrassedoso e intensifica as sensa\u00e7\u00f5es experimentadas durante momentos sexuais intensos.<\/p>\n<ul>\n<li>Pode ser usado com acess\u00f3rios de l\u00e1tex para adultos e \u00e9 sol\u00favel em \u00e1gua.<\/li>\n<li>Compat\u00edvel com preservativos.<\/li>\n<li>Frasco de 165 ml.<\/li>\n<\/ul>\n<p>A Shunga \u00e9 l\u00edder mundial em cosm\u00e9ticos er\u00f3ticos. Seus ingredientes naturais combinados com ingredientes ativos proporcionam excelentes resultados.<\/p>\n<p>Entrar no mundo er\u00f3tico de Shunga \u00e9 como viajar no tempo. Traduzido literalmente, Shunga significa &#8220;imagem da primavera&#8221;, uma maneira delicada de descrever &#8220;rela\u00e7\u00f5es sexuais&#8221; entre pessoas.<\/p>\n<p>Essa palavra era usada para designar pinturas er\u00f3ticas japonesas dos s\u00e9culos XVI, XVII e XVIII, um tipo chamado ukiyo-e, que nada mais eram do que obras em madeira ou pergaminho com cenas sensuais e epis\u00f3dios de amor carnal, sempre feitas com muito cuidado e bom gosto.<\/p>\n<p>A arte shunga, embora escondida por s\u00e9culos, marcou o in\u00edcio da ind\u00fastria pornogr\u00e1fica para a classe m\u00e9dia japonesa e serviu como ensinamento por gera\u00e7\u00f5es para os filhos e filhas de muitas fam\u00edlias.<\/p>\n<p><img decoding=\"async\" alt=\"\" src=\"https:\/\/store.dreamlove.es\/UserFiles\/image\/banderas.png\" style=\"width: 121px; height: 35px;\" \/><\/p>\n","protected":false},"excerpt":{"rendered":"<p>EMBALAGEM DISPON\u00cdVEL EM: \/es\/en\/fr\/de<\/p>\n","protected":false},"featured_media":56163,"template":"","meta":{"_acf_changed":false},"product_brand":[],"product_cat":[49,53],"product_tag":[],"class_list":{"0":"post-56162","1":"product","2":"type-product","3":"status-publish","4":"has-post-thumbnail","6":"product_cat-cosmeticos","7":"product_cat-lubrificantes-intimos","8":"yith_product_brand-shunga","9":"yith_product_brand-shungashunga-lubricants","11":"first","12":"instock","13":"taxable","14":"shipping-taxable","15":"purchasable","16":"product-type-simple"},"acf":[],"yoast_head":"<!-- This site is optimized with the Yoast SEO plugin v27.4 - https:\/\/yoast.com\/product\/yoast-seo-wordpress\/ -->\n<title>SHUNGA - LUBRIFICANTE DE EMO\u00c7\u00c3O DE FRAMBOESA TOKO AROMA - Lovme<\/title>\n<meta name=\"robots\" content=\"index, follow, max-snippet:-1, max-image-preview:large, max-video-preview:-1\" \/>\n<link rel=\"canonical\" href=\"https:\/\/lovme.pt\/index.php\/produto\/shunga-lubrificante-de-emocao-de-framboesa-toko-aroma\/\" \/>\n<meta property=\"og:locale\" content=\"pt_PT\" \/>\n<meta property=\"og:type\" content=\"article\" \/>\n<meta property=\"og:title\" content=\"SHUNGA - LUBRIFICANTE DE EMO\u00c7\u00c3O DE FRAMBOESA TOKO AROMA - Lovme\" \/>\n<meta property=\"og:description\" content=\"EMBALAGEM DISPON\u00cdVEL EM: \/es\/en\/fr\/de\" \/>\n<meta property=\"og:url\" content=\"https:\/\/lovme.pt\/index.php\/produto\/shunga-lubrificante-de-emocao-de-framboesa-toko-aroma\/\" \/>\n<meta property=\"og:site_name\" content=\"Lovme\" \/>\n<meta property=\"article:modified_time\" content=\"2026-02-19T20:03:23+00:00\" \/>\n<meta property=\"og:image\" content=\"https:\/\/erki24nd3ub.exactdn.com\/wp-content\/uploads\/dream\/img\/img_215673_b5a5fb8717585e34110ff1a0b4ee22ca_1.jpg?strip=all\" \/>\n\t<meta property=\"og:image:width\" content=\"900\" \/>\n\t<meta property=\"og:image:height\" content=\"900\" \/>\n\t<meta property=\"og:image:type\" content=\"image\/jpeg\" \/>\n<meta name=\"twitter:card\" content=\"summary_large_image\" \/>\n<meta name=\"twitter:label1\" content=\"Tempo estimado de leitura\" \/>\n\t<meta name=\"twitter:data1\" content=\"1 minuto\" \/>\n<script type=\"application\/ld+json\" class=\"yoast-schema-graph\">{\"@context\":\"https:\\\/\\\/schema.org\",\"@graph\":[{\"@type\":\"WebPage\",\"@id\":\"https:\\\/\\\/lovme.pt\\\/index.php\\\/produto\\\/shunga-lubrificante-de-emocao-de-framboesa-toko-aroma\\\/\",\"url\":\"https:\\\/\\\/lovme.pt\\\/index.php\\\/produto\\\/shunga-lubrificante-de-emocao-de-framboesa-toko-aroma\\\/\",\"name\":\"SHUNGA - LUBRIFICANTE DE EMO\u00c7\u00c3O DE FRAMBOESA TOKO AROMA - Lovme\",\"isPartOf\":{\"@id\":\"https:\\\/\\\/lovme.pt\\\/#website\"},\"primaryImageOfPage\":{\"@id\":\"https:\\\/\\\/lovme.pt\\\/index.php\\\/produto\\\/shunga-lubrificante-de-emocao-de-framboesa-toko-aroma\\\/#primaryimage\"},\"image\":{\"@id\":\"https:\\\/\\\/lovme.pt\\\/index.php\\\/produto\\\/shunga-lubrificante-de-emocao-de-framboesa-toko-aroma\\\/#primaryimage\"},\"thumbnailUrl\":\"https:\\\/\\\/erki24nd3ub.exactdn.com\\\/wp-content\\\/uploads\\\/dream\\\/img\\\/img_215673_b5a5fb8717585e34110ff1a0b4ee22ca_1.jpg?strip=all\",\"datePublished\":\"2025-09-30T09:43:09+00:00\",\"dateModified\":\"2026-02-19T20:03:23+00:00\",\"breadcrumb\":{\"@id\":\"https:\\\/\\\/lovme.pt\\\/index.php\\\/produto\\\/shunga-lubrificante-de-emocao-de-framboesa-toko-aroma\\\/#breadcrumb\"},\"inLanguage\":\"pt-PT\",\"potentialAction\":[{\"@type\":\"ReadAction\",\"target\":[\"https:\\\/\\\/lovme.pt\\\/index.php\\\/produto\\\/shunga-lubrificante-de-emocao-de-framboesa-toko-aroma\\\/\"]}]},{\"@type\":\"ImageObject\",\"inLanguage\":\"pt-PT\",\"@id\":\"https:\\\/\\\/lovme.pt\\\/index.php\\\/produto\\\/shunga-lubrificante-de-emocao-de-framboesa-toko-aroma\\\/#primaryimage\",\"url\":\"https:\\\/\\\/erki24nd3ub.exactdn.com\\\/wp-content\\\/uploads\\\/dream\\\/img\\\/img_215673_b5a5fb8717585e34110ff1a0b4ee22ca_1.jpg?strip=all\",\"contentUrl\":\"https:\\\/\\\/erki24nd3ub.exactdn.com\\\/wp-content\\\/uploads\\\/dream\\\/img\\\/img_215673_b5a5fb8717585e34110ff1a0b4ee22ca_1.jpg?strip=all\",\"width\":900,\"height\":900},{\"@type\":\"BreadcrumbList\",\"@id\":\"https:\\\/\\\/lovme.pt\\\/index.php\\\/produto\\\/shunga-lubrificante-de-emocao-de-framboesa-toko-aroma\\\/#breadcrumb\",\"itemListElement\":[{\"@type\":\"ListItem\",\"position\":1,\"name\":\"In\u00edcio\",\"item\":\"https:\\\/\\\/lovme.pt\\\/\"},{\"@type\":\"ListItem\",\"position\":2,\"name\":\"Loja\",\"item\":\"https:\\\/\\\/lovme.pt\\\/index.php\\\/loja\\\/\"},{\"@type\":\"ListItem\",\"position\":3,\"name\":\"SHUNGA &#8211; LUBRIFICANTE DE EMO\u00c7\u00c3O DE FRAMBOESA TOKO AROMA\"}]},{\"@type\":\"WebSite\",\"@id\":\"https:\\\/\\\/lovme.pt\\\/#website\",\"url\":\"https:\\\/\\\/lovme.pt\\\/\",\"name\":\"Lovme Loja Er\u00f3tica N\u00ba1 em Portugal\",\"description\":\"A melhor loja er\u00f3tica de Portugal.\",\"alternateName\":\"Loja Er\u00f3tica Lovme\",\"potentialAction\":[{\"@type\":\"SearchAction\",\"target\":{\"@type\":\"EntryPoint\",\"urlTemplate\":\"https:\\\/\\\/lovme.pt\\\/?s={search_term_string}\"},\"query-input\":{\"@type\":\"PropertyValueSpecification\",\"valueRequired\":true,\"valueName\":\"search_term_string\"}}],\"inLanguage\":\"pt-PT\"}]}<\/script>\n<!-- \/ Yoast SEO plugin. -->","yoast_head_json":{"title":"SHUNGA - LUBRIFICANTE DE EMO\u00c7\u00c3O DE FRAMBOESA TOKO AROMA - Lovme","robots":{"index":"index","follow":"follow","max-snippet":"max-snippet:-1","max-image-preview":"max-image-preview:large","max-video-preview":"max-video-preview:-1"},"canonical":"https:\/\/lovme.pt\/index.php\/produto\/shunga-lubrificante-de-emocao-de-framboesa-toko-aroma\/","og_locale":"pt_PT","og_type":"article","og_title":"SHUNGA - LUBRIFICANTE DE EMO\u00c7\u00c3O DE FRAMBOESA TOKO AROMA - Lovme","og_description":"EMBALAGEM DISPON\u00cdVEL EM: \/es\/en\/fr\/de","og_url":"https:\/\/lovme.pt\/index.php\/produto\/shunga-lubrificante-de-emocao-de-framboesa-toko-aroma\/","og_site_name":"Lovme","article_modified_time":"2026-02-19T20:03:23+00:00","og_image":[{"width":900,"height":900,"url":"https:\/\/erki24nd3ub.exactdn.com\/wp-content\/uploads\/dream\/img\/img_215673_b5a5fb8717585e34110ff1a0b4ee22ca_1.jpg?strip=all","type":"image\/jpeg"}],"twitter_card":"summary_large_image","twitter_misc":{"Tempo estimado de leitura":"1 minuto"},"schema":{"@context":"https:\/\/schema.org","@graph":[{"@type":"WebPage","@id":"https:\/\/lovme.pt\/index.php\/produto\/shunga-lubrificante-de-emocao-de-framboesa-toko-aroma\/","url":"https:\/\/lovme.pt\/index.php\/produto\/shunga-lubrificante-de-emocao-de-framboesa-toko-aroma\/","name":"SHUNGA - LUBRIFICANTE DE EMO\u00c7\u00c3O DE FRAMBOESA TOKO AROMA - Lovme","isPartOf":{"@id":"https:\/\/lovme.pt\/#website"},"primaryImageOfPage":{"@id":"https:\/\/lovme.pt\/index.php\/produto\/shunga-lubrificante-de-emocao-de-framboesa-toko-aroma\/#primaryimage"},"image":{"@id":"https:\/\/lovme.pt\/index.php\/produto\/shunga-lubrificante-de-emocao-de-framboesa-toko-aroma\/#primaryimage"},"thumbnailUrl":"https:\/\/erki24nd3ub.exactdn.com\/wp-content\/uploads\/dream\/img\/img_215673_b5a5fb8717585e34110ff1a0b4ee22ca_1.jpg?strip=all","datePublished":"2025-09-30T09:43:09+00:00","dateModified":"2026-02-19T20:03:23+00:00","breadcrumb":{"@id":"https:\/\/lovme.pt\/index.php\/produto\/shunga-lubrificante-de-emocao-de-framboesa-toko-aroma\/#breadcrumb"},"inLanguage":"pt-PT","potentialAction":[{"@type":"ReadAction","target":["https:\/\/lovme.pt\/index.php\/produto\/shunga-lubrificante-de-emocao-de-framboesa-toko-aroma\/"]}]},{"@type":"ImageObject","inLanguage":"pt-PT","@id":"https:\/\/lovme.pt\/index.php\/produto\/shunga-lubrificante-de-emocao-de-framboesa-toko-aroma\/#primaryimage","url":"https:\/\/erki24nd3ub.exactdn.com\/wp-content\/uploads\/dream\/img\/img_215673_b5a5fb8717585e34110ff1a0b4ee22ca_1.jpg?strip=all","contentUrl":"https:\/\/erki24nd3ub.exactdn.com\/wp-content\/uploads\/dream\/img\/img_215673_b5a5fb8717585e34110ff1a0b4ee22ca_1.jpg?strip=all","width":900,"height":900},{"@type":"BreadcrumbList","@id":"https:\/\/lovme.pt\/index.php\/produto\/shunga-lubrificante-de-emocao-de-framboesa-toko-aroma\/#breadcrumb","itemListElement":[{"@type":"ListItem","position":1,"name":"In\u00edcio","item":"https:\/\/lovme.pt\/"},{"@type":"ListItem","position":2,"name":"Loja","item":"https:\/\/lovme.pt\/index.php\/loja\/"},{"@type":"ListItem","position":3,"name":"SHUNGA &#8211; LUBRIFICANTE DE EMO\u00c7\u00c3O DE FRAMBOESA TOKO AROMA"}]},{"@type":"WebSite","@id":"https:\/\/lovme.pt\/#website","url":"https:\/\/lovme.pt\/","name":"Lovme Loja Er\u00f3tica N\u00ba1 em Portugal","description":"A melhor loja er\u00f3tica de Portugal.","alternateName":"Loja Er\u00f3tica Lovme","potentialAction":[{"@type":"SearchAction","target":{"@type":"EntryPoint","urlTemplate":"https:\/\/lovme.pt\/?s={search_term_string}"},"query-input":{"@type":"PropertyValueSpecification","valueRequired":true,"valueName":"search_term_string"}}],"inLanguage":"pt-PT"}]}},"_links":{"self":[{"href":"https:\/\/lovme.pt\/index.php\/wp-json\/wp\/v2\/product\/56162","targetHints":{"allow":["GET"]}}],"collection":[{"href":"https:\/\/lovme.pt\/index.php\/wp-json\/wp\/v2\/product"}],"about":[{"href":"https:\/\/lovme.pt\/index.php\/wp-json\/wp\/v2\/types\/product"}],"wp:featuredmedia":[{"embeddable":true,"href":"https:\/\/lovme.pt\/index.php\/wp-json\/wp\/v2\/media\/56163"}],"wp:attachment":[{"href":"https:\/\/lovme.pt\/index.php\/wp-json\/wp\/v2\/media?parent=56162"}],"wp:term":[{"taxonomy":"product_brand","embeddable":true,"href":"https:\/\/lovme.pt\/index.php\/wp-json\/wp\/v2\/product_brand?post=56162"},{"taxonomy":"product_cat","embeddable":true,"href":"https:\/\/lovme.pt\/index.php\/wp-json\/wp\/v2\/product_cat?post=56162"},{"taxonomy":"product_tag","embeddable":true,"href":"https:\/\/lovme.pt\/index.php\/wp-json\/wp\/v2\/product_tag?post=56162"}],"curies":[{"name":"wp","href":"https:\/\/api.w.org\/{rel}","templated":true}]}}