{"id":53727,"date":"2025-10-06T20:26:14","date_gmt":"2025-10-06T20:26:14","guid":{"rendered":"https:\/\/lovme.pt\/?post_type=product&p=53727"},"modified":"2026-02-19T20:09:22","modified_gmt":"2026-02-19T20:09:22","slug":"intense-estimulador-de-dedo-damiano","status":"publish","type":"product","link":"https:\/\/lovme.pt\/index.php\/produto\/intense-estimulador-de-dedo-damiano\/","title":{"rendered":"INTENSE &#8211; DAMIANO ESTIMULADOR DE DEDO RECARREG\u00c1VEL"},"content":{"rendered":"<p>Descubra o prazer na ponta dos seus dedos com o Estimulador de Dedos Damiano, um brinquedo compacto e elegante, projetado para intensificar cada car\u00edcia. Gra\u00e7as ao seu formato ergon\u00f4mico, ele se ajusta confortavelmente ao seu dedo, permitindo que voc\u00ea explore cada \u00e1rea do seu corpo com precis\u00e3o e delicadeza.<\/p>\n<p>Com 7 modos de vibra\u00e7\u00e3o e 3 velocidades, voc\u00ea pode desfrutar de uma experi\u00eancia personalizada que vai de c\u00f3cegas delicadas a ondas poderosas de prazer. Seu silicone premium acaricia sua pele com uma textura sedosa, enquanto sua fun\u00e7\u00e3o recarreg\u00e1vel via USB garante praticidade e durabilidade. Al\u00e9m disso, seu design \u00e0 prova d\u00e1gua abre as portas para brincadeiras no chuveiro, e sua composi\u00e7\u00e3o sem ftalatos garante um uso seguro e confi\u00e1vel. Damiano \u00e9 o parceiro perfeito para quem busca transformar um simples toque em uma experi\u00eancia intensa e emocionante, seja sozinho ou com um parceiro.<\/p>\n<p><u><strong>CARACTER\u00cdSTICAS<\/strong><\/u> :<\/p>\n<ul>\n<li>7 modos de vibra\u00e7\u00e3o<\/li>\n<li>3 velocidades<\/li>\n<li>Dimens\u00f5es: 86 mm de comprimento x 23 mm de largura<\/li>\n<li>Material: ABS e silicone super macio, sedoso ao toque<\/li>\n<li>Recarreg\u00e1vel por USB<\/li>\n<li>\u00c0 prova d\u00e1gua, ideal para uso no chuveiro ou f\u00e1cil limpeza<\/li>\n<li>Sem ftalatos, seguro para o corpo<\/li>\n<\/ul>\n<p><strong>A INTENSE<\/strong> \u00e9 uma marca especializada em brinquedos er\u00f3ticos modernos, projetados para oferecer prazer com estilo, inova\u00e7\u00e3o e seguran\u00e7a. Seus produtos se destacam pelo uso de materiais de alta qualidade, como silicone supermacio e livre de ftalatos, sempre pensando no cuidado com o corpo. Com design ergon\u00f4mico, motores potentes e recarreg\u00e1veis e fun\u00e7\u00f5es vers\u00e1teis, combina tecnologia, conforto e sensualidade em cada cria\u00e7\u00e3o.<\/p>\n","protected":false},"excerpt":{"rendered":"<p>INTENSE &#8211; DAMIANO ESTIMULADOR DE DEDO RECARREG\u00c1VEL<\/p>\n","protected":false},"featured_media":103869,"template":"","meta":{"_acf_changed":false},"product_brand":[],"product_cat":[17,61,76],"product_tag":[],"class_list":{"0":"post-53727","1":"product","2":"type-product","3":"status-publish","4":"has-post-thumbnail","6":"product_cat-brinquedos-de-bem-estar-sexual","7":"product_cat-para-elas","8":"product_cat-vibradores","9":"yith_product_brand-intense","10":"yith_product_brand-intenseintense-toysintense-fun","11":"yith_product_brand-intenseintense-toys","13":"first","14":"instock","15":"taxable","16":"shipping-taxable","17":"purchasable","18":"product-type-simple"},"acf":[],"yoast_head":"<!-- This site is optimized with the Yoast SEO plugin v27.4 - https:\/\/yoast.com\/product\/yoast-seo-wordpress\/ -->\n<title>INTENSE - DAMIANO ESTIMULADOR DE DEDO RECARREG\u00c1VEL - Lovme<\/title>\n<meta name=\"robots\" content=\"index, follow, max-snippet:-1, max-image-preview:large, max-video-preview:-1\" \/>\n<link rel=\"canonical\" href=\"https:\/\/lovme.pt\/index.php\/produto\/intense-estimulador-de-dedo-damiano\/\" \/>\n<meta property=\"og:locale\" content=\"pt_PT\" \/>\n<meta property=\"og:type\" content=\"article\" \/>\n<meta property=\"og:title\" content=\"INTENSE - DAMIANO ESTIMULADOR DE DEDO RECARREG\u00c1VEL - Lovme\" \/>\n<meta property=\"og:description\" content=\"INTENSE - DAMIANO ESTIMULADOR DE DEDO RECARREG\u00c1VEL\" \/>\n<meta property=\"og:url\" content=\"https:\/\/lovme.pt\/index.php\/produto\/intense-estimulador-de-dedo-damiano\/\" \/>\n<meta property=\"og:site_name\" content=\"Lovme\" \/>\n<meta property=\"article:modified_time\" content=\"2026-02-19T20:09:22+00:00\" \/>\n<meta property=\"og:image\" content=\"https:\/\/erki24nd3ub.exactdn.com\/wp-content\/uploads\/dream\/img\/img_214665_8bcc807cb0ea66bf25181d00291a0499_1.png?strip=all\" \/>\n\t<meta property=\"og:image:width\" content=\"900\" \/>\n\t<meta property=\"og:image:height\" content=\"900\" \/>\n\t<meta property=\"og:image:type\" content=\"image\/png\" \/>\n<meta name=\"twitter:card\" content=\"summary_large_image\" \/>\n<meta name=\"twitter:label1\" content=\"Tempo estimado de leitura\" \/>\n\t<meta name=\"twitter:data1\" content=\"1 minuto\" \/>\n<script type=\"application\/ld+json\" class=\"yoast-schema-graph\">{\"@context\":\"https:\\\/\\\/schema.org\",\"@graph\":[{\"@type\":\"WebPage\",\"@id\":\"https:\\\/\\\/lovme.pt\\\/index.php\\\/produto\\\/intense-estimulador-de-dedo-damiano\\\/\",\"url\":\"https:\\\/\\\/lovme.pt\\\/index.php\\\/produto\\\/intense-estimulador-de-dedo-damiano\\\/\",\"name\":\"INTENSE - DAMIANO ESTIMULADOR DE DEDO RECARREG\u00c1VEL - Lovme\",\"isPartOf\":{\"@id\":\"https:\\\/\\\/lovme.pt\\\/#website\"},\"primaryImageOfPage\":{\"@id\":\"https:\\\/\\\/lovme.pt\\\/index.php\\\/produto\\\/intense-estimulador-de-dedo-damiano\\\/#primaryimage\"},\"image\":{\"@id\":\"https:\\\/\\\/lovme.pt\\\/index.php\\\/produto\\\/intense-estimulador-de-dedo-damiano\\\/#primaryimage\"},\"thumbnailUrl\":\"https:\\\/\\\/erki24nd3ub.exactdn.com\\\/wp-content\\\/uploads\\\/dream\\\/img\\\/img_214665_8bcc807cb0ea66bf25181d00291a0499_1.png?strip=all\",\"datePublished\":\"2025-10-06T20:26:14+00:00\",\"dateModified\":\"2026-02-19T20:09:22+00:00\",\"breadcrumb\":{\"@id\":\"https:\\\/\\\/lovme.pt\\\/index.php\\\/produto\\\/intense-estimulador-de-dedo-damiano\\\/#breadcrumb\"},\"inLanguage\":\"pt-PT\",\"potentialAction\":[{\"@type\":\"ReadAction\",\"target\":[\"https:\\\/\\\/lovme.pt\\\/index.php\\\/produto\\\/intense-estimulador-de-dedo-damiano\\\/\"]}]},{\"@type\":\"ImageObject\",\"inLanguage\":\"pt-PT\",\"@id\":\"https:\\\/\\\/lovme.pt\\\/index.php\\\/produto\\\/intense-estimulador-de-dedo-damiano\\\/#primaryimage\",\"url\":\"https:\\\/\\\/erki24nd3ub.exactdn.com\\\/wp-content\\\/uploads\\\/dream\\\/img\\\/img_214665_8bcc807cb0ea66bf25181d00291a0499_1.png?strip=all\",\"contentUrl\":\"https:\\\/\\\/erki24nd3ub.exactdn.com\\\/wp-content\\\/uploads\\\/dream\\\/img\\\/img_214665_8bcc807cb0ea66bf25181d00291a0499_1.png?strip=all\",\"width\":900,\"height\":900},{\"@type\":\"BreadcrumbList\",\"@id\":\"https:\\\/\\\/lovme.pt\\\/index.php\\\/produto\\\/intense-estimulador-de-dedo-damiano\\\/#breadcrumb\",\"itemListElement\":[{\"@type\":\"ListItem\",\"position\":1,\"name\":\"In\u00edcio\",\"item\":\"https:\\\/\\\/lovme.pt\\\/\"},{\"@type\":\"ListItem\",\"position\":2,\"name\":\"Loja\",\"item\":\"https:\\\/\\\/lovme.pt\\\/index.php\\\/loja\\\/\"},{\"@type\":\"ListItem\",\"position\":3,\"name\":\"INTENSE &#8211; DAMIANO ESTIMULADOR DE DEDO RECARREG\u00c1VEL\"}]},{\"@type\":\"WebSite\",\"@id\":\"https:\\\/\\\/lovme.pt\\\/#website\",\"url\":\"https:\\\/\\\/lovme.pt\\\/\",\"name\":\"Lovme Loja Er\u00f3tica N\u00ba1 em Portugal\",\"description\":\"A melhor loja er\u00f3tica de Portugal.\",\"alternateName\":\"Loja Er\u00f3tica Lovme\",\"potentialAction\":[{\"@type\":\"SearchAction\",\"target\":{\"@type\":\"EntryPoint\",\"urlTemplate\":\"https:\\\/\\\/lovme.pt\\\/?s={search_term_string}\"},\"query-input\":{\"@type\":\"PropertyValueSpecification\",\"valueRequired\":true,\"valueName\":\"search_term_string\"}}],\"inLanguage\":\"pt-PT\"}]}<\/script>\n<!-- \/ Yoast SEO plugin. -->","yoast_head_json":{"title":"INTENSE - DAMIANO ESTIMULADOR DE DEDO RECARREG\u00c1VEL - Lovme","robots":{"index":"index","follow":"follow","max-snippet":"max-snippet:-1","max-image-preview":"max-image-preview:large","max-video-preview":"max-video-preview:-1"},"canonical":"https:\/\/lovme.pt\/index.php\/produto\/intense-estimulador-de-dedo-damiano\/","og_locale":"pt_PT","og_type":"article","og_title":"INTENSE - DAMIANO ESTIMULADOR DE DEDO RECARREG\u00c1VEL - Lovme","og_description":"INTENSE - DAMIANO ESTIMULADOR DE DEDO RECARREG\u00c1VEL","og_url":"https:\/\/lovme.pt\/index.php\/produto\/intense-estimulador-de-dedo-damiano\/","og_site_name":"Lovme","article_modified_time":"2026-02-19T20:09:22+00:00","og_image":[{"width":900,"height":900,"url":"https:\/\/erki24nd3ub.exactdn.com\/wp-content\/uploads\/dream\/img\/img_214665_8bcc807cb0ea66bf25181d00291a0499_1.png?strip=all","type":"image\/png"}],"twitter_card":"summary_large_image","twitter_misc":{"Tempo estimado de leitura":"1 minuto"},"schema":{"@context":"https:\/\/schema.org","@graph":[{"@type":"WebPage","@id":"https:\/\/lovme.pt\/index.php\/produto\/intense-estimulador-de-dedo-damiano\/","url":"https:\/\/lovme.pt\/index.php\/produto\/intense-estimulador-de-dedo-damiano\/","name":"INTENSE - DAMIANO ESTIMULADOR DE DEDO RECARREG\u00c1VEL - Lovme","isPartOf":{"@id":"https:\/\/lovme.pt\/#website"},"primaryImageOfPage":{"@id":"https:\/\/lovme.pt\/index.php\/produto\/intense-estimulador-de-dedo-damiano\/#primaryimage"},"image":{"@id":"https:\/\/lovme.pt\/index.php\/produto\/intense-estimulador-de-dedo-damiano\/#primaryimage"},"thumbnailUrl":"https:\/\/erki24nd3ub.exactdn.com\/wp-content\/uploads\/dream\/img\/img_214665_8bcc807cb0ea66bf25181d00291a0499_1.png?strip=all","datePublished":"2025-10-06T20:26:14+00:00","dateModified":"2026-02-19T20:09:22+00:00","breadcrumb":{"@id":"https:\/\/lovme.pt\/index.php\/produto\/intense-estimulador-de-dedo-damiano\/#breadcrumb"},"inLanguage":"pt-PT","potentialAction":[{"@type":"ReadAction","target":["https:\/\/lovme.pt\/index.php\/produto\/intense-estimulador-de-dedo-damiano\/"]}]},{"@type":"ImageObject","inLanguage":"pt-PT","@id":"https:\/\/lovme.pt\/index.php\/produto\/intense-estimulador-de-dedo-damiano\/#primaryimage","url":"https:\/\/erki24nd3ub.exactdn.com\/wp-content\/uploads\/dream\/img\/img_214665_8bcc807cb0ea66bf25181d00291a0499_1.png?strip=all","contentUrl":"https:\/\/erki24nd3ub.exactdn.com\/wp-content\/uploads\/dream\/img\/img_214665_8bcc807cb0ea66bf25181d00291a0499_1.png?strip=all","width":900,"height":900},{"@type":"BreadcrumbList","@id":"https:\/\/lovme.pt\/index.php\/produto\/intense-estimulador-de-dedo-damiano\/#breadcrumb","itemListElement":[{"@type":"ListItem","position":1,"name":"In\u00edcio","item":"https:\/\/lovme.pt\/"},{"@type":"ListItem","position":2,"name":"Loja","item":"https:\/\/lovme.pt\/index.php\/loja\/"},{"@type":"ListItem","position":3,"name":"INTENSE &#8211; DAMIANO ESTIMULADOR DE DEDO RECARREG\u00c1VEL"}]},{"@type":"WebSite","@id":"https:\/\/lovme.pt\/#website","url":"https:\/\/lovme.pt\/","name":"Lovme Loja Er\u00f3tica N\u00ba1 em Portugal","description":"A melhor loja er\u00f3tica de Portugal.","alternateName":"Loja Er\u00f3tica Lovme","potentialAction":[{"@type":"SearchAction","target":{"@type":"EntryPoint","urlTemplate":"https:\/\/lovme.pt\/?s={search_term_string}"},"query-input":{"@type":"PropertyValueSpecification","valueRequired":true,"valueName":"search_term_string"}}],"inLanguage":"pt-PT"}]}},"_links":{"self":[{"href":"https:\/\/lovme.pt\/index.php\/wp-json\/wp\/v2\/product\/53727","targetHints":{"allow":["GET"]}}],"collection":[{"href":"https:\/\/lovme.pt\/index.php\/wp-json\/wp\/v2\/product"}],"about":[{"href":"https:\/\/lovme.pt\/index.php\/wp-json\/wp\/v2\/types\/product"}],"wp:featuredmedia":[{"embeddable":true,"href":"https:\/\/lovme.pt\/index.php\/wp-json\/wp\/v2\/media\/103869"}],"wp:attachment":[{"href":"https:\/\/lovme.pt\/index.php\/wp-json\/wp\/v2\/media?parent=53727"}],"wp:term":[{"taxonomy":"product_brand","embeddable":true,"href":"https:\/\/lovme.pt\/index.php\/wp-json\/wp\/v2\/product_brand?post=53727"},{"taxonomy":"product_cat","embeddable":true,"href":"https:\/\/lovme.pt\/index.php\/wp-json\/wp\/v2\/product_cat?post=53727"},{"taxonomy":"product_tag","embeddable":true,"href":"https:\/\/lovme.pt\/index.php\/wp-json\/wp\/v2\/product_tag?post=53727"}],"curies":[{"name":"wp","href":"https:\/\/api.w.org\/{rel}","templated":true}]}}