{"id":53725,"date":"2025-10-08T20:03:23","date_gmt":"2025-10-08T20:03:23","guid":{"rendered":"https:\/\/lovme.pt\/?post_type=product&p=53725"},"modified":"2026-02-19T20:05:35","modified_gmt":"2026-02-19T20:05:35","slug":"pasante-lubrificantes-sabor-caixa-144-unidades-5-ml","status":"publish","type":"product","link":"https:\/\/lovme.pt\/index.php\/produto\/pasante-lubrificantes-sabor-caixa-144-unidades-5-ml\/","title":{"rendered":"PASANTE &#8211; LUBRIFICANTES SABOR CAIXA 144 UNIDADES 5 ML"},"content":{"rendered":"<p><span font-size:=\"style=\">Os lubrificantes com sabor Pasante foram desenvolvidos para adicionar um toque de divers\u00e3o, suavidade e prazer extra aos relacionamentos \u00edntimos. Apresentados em sach\u00eas pr\u00e1ticos de 5 ml e dose \u00fanica, s\u00e3o f\u00e1ceis de usar, transportar e compartilhar, tornando-os uma op\u00e7\u00e3o ideal tanto para uso pessoal quanto para casais que desejam experimentar novas sensa\u00e7\u00f5es.<\/span><\/p>\n<p><span font-size:=\"style=\">Dispon\u00edvel em quatro deliciosos sabores: menta, banana, morango e biscoito com creme. Esses lubrificantes transformam cada encontro em uma experi\u00eancia mais emocionante e divertida, estimulando n\u00e3o s\u00f3 o contato, mas tamb\u00e9m o paladar e o olfato. Sua f\u00f3rmula \u00e9 \u00e0 base de \u00e1gua, o que garante uma lubrifica\u00e7\u00e3o suave e natural, compat\u00edvel com todos os tipos de preservativos de l\u00e1tex e brinquedos sexuais. Al\u00e9m disso, s\u00e3o f\u00e1ceis de limpar e n\u00e3o deixam res\u00edduos pegajosos. Cada sach\u00ea \u00e9 projetado para fornecer a quantidade perfeita de lubrifica\u00e7\u00e3o a cada uso, mantendo o frescor e garantindo a m\u00e1xima higiene.<\/span><\/p>\n<div><span font-size:=\"style=\"><u><strong>CARACTER\u00cdSTICAS<\/strong><\/u> :<\/span><\/div>\n<ul>\n<li><span font-size:=\"style=\">Caixa com 144 unidades monodose de 5 ml cada.<\/span><\/li>\n<li><span font-size:=\"style=\">Sabores: menta, banana, morango e biscoito e creme.<\/span><\/li>\n<li><span font-size:=\"style=\">F\u00f3rmula \u00e0 base de \u00e1gua: suave, segura e compat\u00edvel com preservativos.<\/span><\/li>\n<li><span font-size:=\"style=\">N\u00e3o espermicida, para uma experi\u00eancia mais natural.<\/span><\/li>\n<li><span font-size:=\"style=\">F\u00e1cil de aplicar, transportar e limpar.<\/span><\/li>\n<\/ul>\n<p>\u00a0<\/p>\n<p><u><strong><span font-size:=\"style=\">PASANTE<\/span><\/strong><\/u><\/p>\n<p><span font-size:=\"style=\">Acreditamos firmemente que todos t\u00eam o direito ao sexo seguro e consensual. Temos o compromisso de oferecer produtos de sa\u00fade sexual de qualidade que n\u00e3o apenas protejam, mas tamb\u00e9m inspirem as pessoas a fazer escolhas mais informadas, saud\u00e1veis e respons\u00e1veis. Acessibilidade \u00e9 fundamental: trabalhamos constantemente para incorporar novos produtos que tornem a sa\u00fade sexual acess\u00edvel, segura e, acima de tudo, divertida para todos. Sabemos que o bem-estar sexual n\u00e3o deve ser um luxo. \u00c9 por isso que todos os nossos produtos t\u00eam pre\u00e7os competitivos, garantindo que todos possam desfrutar de uma vida sexual mais segura, sem barreiras financeiras. A qualidade \u00e9 um dos nossos pilares fundamentais. Cada um dos nossos produtos atende aos mais altos padr\u00f5es de seguran\u00e7a, efic\u00e1cia e conforto. Tamb\u00e9m acreditamos no poder da colabora\u00e7\u00e3o. \u00c9 por isso que fazemos parcerias com profissionais do setor, incluindo o NHS (Servi\u00e7o Nacional de Sa\u00fade) e organiza\u00e7\u00f5es sem fins lucrativos, para expandir o acesso a produtos essenciais de sa\u00fade sexual em todas as comunidades. Porque sim, o sexo deve ser bom, prazeroso e respons\u00e1vel. E, acima de tudo, acreditamos no consentimento: n\u00e3o importa quem voc\u00ea seja, quando, como ou com quem decida fazer sexo, o mais importante \u00e9 que seja sempre seguro e consensual.<\/span><\/p>\n","protected":false},"excerpt":{"rendered":"<p>EMBALAGEM DISPON\u00cdVEL EM: \/es\/gb\/nl\/cs\/fr\/it\/sv\/de\/fi\/lt\/da\/ar\/<\/p>\n","protected":false},"featured_media":103895,"template":"","meta":{"_acf_changed":false},"product_brand":[],"product_cat":[49,53],"product_tag":[],"class_list":{"0":"post-53725","1":"product","2":"type-product","3":"status-publish","4":"has-post-thumbnail","6":"product_cat-cosmeticos","7":"product_cat-lubrificantes-intimos","8":"yith_product_brand-pasante","10":"first","11":"instock","12":"taxable","13":"shipping-taxable","14":"purchasable","15":"product-type-simple"},"acf":[],"yoast_head":"<!-- This site is optimized with the Yoast SEO plugin v27.4 - https:\/\/yoast.com\/product\/yoast-seo-wordpress\/ -->\n<title>PASANTE - LUBRIFICANTES SABOR CAIXA 144 UNIDADES 5 ML - Lovme<\/title>\n<meta name=\"robots\" content=\"index, follow, max-snippet:-1, max-image-preview:large, max-video-preview:-1\" \/>\n<link rel=\"canonical\" href=\"https:\/\/lovme.pt\/index.php\/produto\/pasante-lubrificantes-sabor-caixa-144-unidades-5-ml\/\" \/>\n<meta property=\"og:locale\" content=\"pt_PT\" \/>\n<meta property=\"og:type\" content=\"article\" \/>\n<meta property=\"og:title\" content=\"PASANTE - LUBRIFICANTES SABOR CAIXA 144 UNIDADES 5 ML - Lovme\" \/>\n<meta property=\"og:description\" content=\"EMBALAGEM DISPON\u00cdVEL EM: \/es\/gb\/nl\/cs\/fr\/it\/sv\/de\/fi\/lt\/da\/ar\/\" \/>\n<meta property=\"og:url\" content=\"https:\/\/lovme.pt\/index.php\/produto\/pasante-lubrificantes-sabor-caixa-144-unidades-5-ml\/\" \/>\n<meta property=\"og:site_name\" content=\"Lovme\" \/>\n<meta property=\"article:modified_time\" content=\"2026-02-19T20:05:35+00:00\" \/>\n<meta property=\"og:image\" content=\"https:\/\/erki24nd3ub.exactdn.com\/wp-content\/uploads\/dream\/img\/img_214651_938979ae1af16fc50f3edc0768bc22c7_1.jpg?strip=all\" \/>\n\t<meta property=\"og:image:width\" content=\"900\" \/>\n\t<meta property=\"og:image:height\" content=\"900\" \/>\n\t<meta property=\"og:image:type\" content=\"image\/jpeg\" \/>\n<meta name=\"twitter:card\" content=\"summary_large_image\" \/>\n<meta name=\"twitter:label1\" content=\"Tempo estimado de leitura\" \/>\n\t<meta name=\"twitter:data1\" content=\"2 minutos\" \/>\n<script type=\"application\/ld+json\" class=\"yoast-schema-graph\">{\"@context\":\"https:\\\/\\\/schema.org\",\"@graph\":[{\"@type\":\"WebPage\",\"@id\":\"https:\\\/\\\/lovme.pt\\\/index.php\\\/produto\\\/pasante-lubrificantes-sabor-caixa-144-unidades-5-ml\\\/\",\"url\":\"https:\\\/\\\/lovme.pt\\\/index.php\\\/produto\\\/pasante-lubrificantes-sabor-caixa-144-unidades-5-ml\\\/\",\"name\":\"PASANTE - LUBRIFICANTES SABOR CAIXA 144 UNIDADES 5 ML - Lovme\",\"isPartOf\":{\"@id\":\"https:\\\/\\\/lovme.pt\\\/#website\"},\"primaryImageOfPage\":{\"@id\":\"https:\\\/\\\/lovme.pt\\\/index.php\\\/produto\\\/pasante-lubrificantes-sabor-caixa-144-unidades-5-ml\\\/#primaryimage\"},\"image\":{\"@id\":\"https:\\\/\\\/lovme.pt\\\/index.php\\\/produto\\\/pasante-lubrificantes-sabor-caixa-144-unidades-5-ml\\\/#primaryimage\"},\"thumbnailUrl\":\"https:\\\/\\\/erki24nd3ub.exactdn.com\\\/wp-content\\\/uploads\\\/dream\\\/img\\\/img_214651_938979ae1af16fc50f3edc0768bc22c7_1.jpg?strip=all\",\"datePublished\":\"2025-10-08T20:03:23+00:00\",\"dateModified\":\"2026-02-19T20:05:35+00:00\",\"breadcrumb\":{\"@id\":\"https:\\\/\\\/lovme.pt\\\/index.php\\\/produto\\\/pasante-lubrificantes-sabor-caixa-144-unidades-5-ml\\\/#breadcrumb\"},\"inLanguage\":\"pt-PT\",\"potentialAction\":[{\"@type\":\"ReadAction\",\"target\":[\"https:\\\/\\\/lovme.pt\\\/index.php\\\/produto\\\/pasante-lubrificantes-sabor-caixa-144-unidades-5-ml\\\/\"]}]},{\"@type\":\"ImageObject\",\"inLanguage\":\"pt-PT\",\"@id\":\"https:\\\/\\\/lovme.pt\\\/index.php\\\/produto\\\/pasante-lubrificantes-sabor-caixa-144-unidades-5-ml\\\/#primaryimage\",\"url\":\"https:\\\/\\\/erki24nd3ub.exactdn.com\\\/wp-content\\\/uploads\\\/dream\\\/img\\\/img_214651_938979ae1af16fc50f3edc0768bc22c7_1.jpg?strip=all\",\"contentUrl\":\"https:\\\/\\\/erki24nd3ub.exactdn.com\\\/wp-content\\\/uploads\\\/dream\\\/img\\\/img_214651_938979ae1af16fc50f3edc0768bc22c7_1.jpg?strip=all\",\"width\":900,\"height\":900},{\"@type\":\"BreadcrumbList\",\"@id\":\"https:\\\/\\\/lovme.pt\\\/index.php\\\/produto\\\/pasante-lubrificantes-sabor-caixa-144-unidades-5-ml\\\/#breadcrumb\",\"itemListElement\":[{\"@type\":\"ListItem\",\"position\":1,\"name\":\"In\u00edcio\",\"item\":\"https:\\\/\\\/lovme.pt\\\/\"},{\"@type\":\"ListItem\",\"position\":2,\"name\":\"Loja\",\"item\":\"https:\\\/\\\/lovme.pt\\\/index.php\\\/loja\\\/\"},{\"@type\":\"ListItem\",\"position\":3,\"name\":\"PASANTE &#8211; LUBRIFICANTES SABOR CAIXA 144 UNIDADES 5 ML\"}]},{\"@type\":\"WebSite\",\"@id\":\"https:\\\/\\\/lovme.pt\\\/#website\",\"url\":\"https:\\\/\\\/lovme.pt\\\/\",\"name\":\"Lovme Loja Er\u00f3tica N\u00ba1 em Portugal\",\"description\":\"A melhor loja er\u00f3tica de Portugal.\",\"alternateName\":\"Loja Er\u00f3tica Lovme\",\"potentialAction\":[{\"@type\":\"SearchAction\",\"target\":{\"@type\":\"EntryPoint\",\"urlTemplate\":\"https:\\\/\\\/lovme.pt\\\/?s={search_term_string}\"},\"query-input\":{\"@type\":\"PropertyValueSpecification\",\"valueRequired\":true,\"valueName\":\"search_term_string\"}}],\"inLanguage\":\"pt-PT\"}]}<\/script>\n<!-- \/ Yoast SEO plugin. -->","yoast_head_json":{"title":"PASANTE - LUBRIFICANTES SABOR CAIXA 144 UNIDADES 5 ML - Lovme","robots":{"index":"index","follow":"follow","max-snippet":"max-snippet:-1","max-image-preview":"max-image-preview:large","max-video-preview":"max-video-preview:-1"},"canonical":"https:\/\/lovme.pt\/index.php\/produto\/pasante-lubrificantes-sabor-caixa-144-unidades-5-ml\/","og_locale":"pt_PT","og_type":"article","og_title":"PASANTE - LUBRIFICANTES SABOR CAIXA 144 UNIDADES 5 ML - Lovme","og_description":"EMBALAGEM DISPON\u00cdVEL EM: \/es\/gb\/nl\/cs\/fr\/it\/sv\/de\/fi\/lt\/da\/ar\/","og_url":"https:\/\/lovme.pt\/index.php\/produto\/pasante-lubrificantes-sabor-caixa-144-unidades-5-ml\/","og_site_name":"Lovme","article_modified_time":"2026-02-19T20:05:35+00:00","og_image":[{"width":900,"height":900,"url":"https:\/\/erki24nd3ub.exactdn.com\/wp-content\/uploads\/dream\/img\/img_214651_938979ae1af16fc50f3edc0768bc22c7_1.jpg?strip=all","type":"image\/jpeg"}],"twitter_card":"summary_large_image","twitter_misc":{"Tempo estimado de leitura":"2 minutos"},"schema":{"@context":"https:\/\/schema.org","@graph":[{"@type":"WebPage","@id":"https:\/\/lovme.pt\/index.php\/produto\/pasante-lubrificantes-sabor-caixa-144-unidades-5-ml\/","url":"https:\/\/lovme.pt\/index.php\/produto\/pasante-lubrificantes-sabor-caixa-144-unidades-5-ml\/","name":"PASANTE - LUBRIFICANTES SABOR CAIXA 144 UNIDADES 5 ML - Lovme","isPartOf":{"@id":"https:\/\/lovme.pt\/#website"},"primaryImageOfPage":{"@id":"https:\/\/lovme.pt\/index.php\/produto\/pasante-lubrificantes-sabor-caixa-144-unidades-5-ml\/#primaryimage"},"image":{"@id":"https:\/\/lovme.pt\/index.php\/produto\/pasante-lubrificantes-sabor-caixa-144-unidades-5-ml\/#primaryimage"},"thumbnailUrl":"https:\/\/erki24nd3ub.exactdn.com\/wp-content\/uploads\/dream\/img\/img_214651_938979ae1af16fc50f3edc0768bc22c7_1.jpg?strip=all","datePublished":"2025-10-08T20:03:23+00:00","dateModified":"2026-02-19T20:05:35+00:00","breadcrumb":{"@id":"https:\/\/lovme.pt\/index.php\/produto\/pasante-lubrificantes-sabor-caixa-144-unidades-5-ml\/#breadcrumb"},"inLanguage":"pt-PT","potentialAction":[{"@type":"ReadAction","target":["https:\/\/lovme.pt\/index.php\/produto\/pasante-lubrificantes-sabor-caixa-144-unidades-5-ml\/"]}]},{"@type":"ImageObject","inLanguage":"pt-PT","@id":"https:\/\/lovme.pt\/index.php\/produto\/pasante-lubrificantes-sabor-caixa-144-unidades-5-ml\/#primaryimage","url":"https:\/\/erki24nd3ub.exactdn.com\/wp-content\/uploads\/dream\/img\/img_214651_938979ae1af16fc50f3edc0768bc22c7_1.jpg?strip=all","contentUrl":"https:\/\/erki24nd3ub.exactdn.com\/wp-content\/uploads\/dream\/img\/img_214651_938979ae1af16fc50f3edc0768bc22c7_1.jpg?strip=all","width":900,"height":900},{"@type":"BreadcrumbList","@id":"https:\/\/lovme.pt\/index.php\/produto\/pasante-lubrificantes-sabor-caixa-144-unidades-5-ml\/#breadcrumb","itemListElement":[{"@type":"ListItem","position":1,"name":"In\u00edcio","item":"https:\/\/lovme.pt\/"},{"@type":"ListItem","position":2,"name":"Loja","item":"https:\/\/lovme.pt\/index.php\/loja\/"},{"@type":"ListItem","position":3,"name":"PASANTE &#8211; LUBRIFICANTES SABOR CAIXA 144 UNIDADES 5 ML"}]},{"@type":"WebSite","@id":"https:\/\/lovme.pt\/#website","url":"https:\/\/lovme.pt\/","name":"Lovme Loja Er\u00f3tica N\u00ba1 em Portugal","description":"A melhor loja er\u00f3tica de Portugal.","alternateName":"Loja Er\u00f3tica Lovme","potentialAction":[{"@type":"SearchAction","target":{"@type":"EntryPoint","urlTemplate":"https:\/\/lovme.pt\/?s={search_term_string}"},"query-input":{"@type":"PropertyValueSpecification","valueRequired":true,"valueName":"search_term_string"}}],"inLanguage":"pt-PT"}]}},"_links":{"self":[{"href":"https:\/\/lovme.pt\/index.php\/wp-json\/wp\/v2\/product\/53725","targetHints":{"allow":["GET"]}}],"collection":[{"href":"https:\/\/lovme.pt\/index.php\/wp-json\/wp\/v2\/product"}],"about":[{"href":"https:\/\/lovme.pt\/index.php\/wp-json\/wp\/v2\/types\/product"}],"wp:featuredmedia":[{"embeddable":true,"href":"https:\/\/lovme.pt\/index.php\/wp-json\/wp\/v2\/media\/103895"}],"wp:attachment":[{"href":"https:\/\/lovme.pt\/index.php\/wp-json\/wp\/v2\/media?parent=53725"}],"wp:term":[{"taxonomy":"product_brand","embeddable":true,"href":"https:\/\/lovme.pt\/index.php\/wp-json\/wp\/v2\/product_brand?post=53725"},{"taxonomy":"product_cat","embeddable":true,"href":"https:\/\/lovme.pt\/index.php\/wp-json\/wp\/v2\/product_cat?post=53725"},{"taxonomy":"product_tag","embeddable":true,"href":"https:\/\/lovme.pt\/index.php\/wp-json\/wp\/v2\/product_tag?post=53725"}],"curies":[{"name":"wp","href":"https:\/\/api.w.org\/{rel}","templated":true}]}}