{"id":53723,"date":"2025-09-30T09:50:14","date_gmt":"2025-09-30T09:50:14","guid":{"rendered":"https:\/\/lovme.pt\/?post_type=product&#038;p=53723"},"modified":"2026-02-19T20:05:35","modified_gmt":"2026-02-19T20:05:35","slug":"pasante-lubrificante-leve-a-base-de-agua-5-ml","status":"publish","type":"product","link":"https:\/\/lovme.pt\/index.php\/produto\/pasante-lubrificante-leve-a-base-de-agua-5-ml\/","title":{"rendered":"PASANTE &#8211; LUBRIFICANTE LEVE \u00c0 BASE DE \u00c1GUA 5 ML"},"content":{"rendered":"<p><span font-size:=\"style=\">O lubrificante Pasante Light foi desenvolvido para proporcionar uma lubrifica\u00e7\u00e3o suave, leve e natural, ideal para quem busca uma experi\u00eancia \u00edntima mais confort\u00e1vel e prazerosa. Apresentado em sach\u00eas pr\u00e1ticos de 5 ml, de dose \u00fanica, \u00e9 perfeito para uso higi\u00eanico, discreto e f\u00e1cil de transportar.<\/span><\/p>\n<p><span font-size:=\"style=\">Sua f\u00f3rmula \u00e9 \u00e0 base de \u00e1gua, totalmente transparente, n\u00e3o oleosa e inodora, garantindo uma sensa\u00e7\u00e3o natural durante o sexo. \u00c9 um lubrificante n\u00e3o est\u00e9ril, n\u00e3o irritante e vegano, cuidadosamente desenvolvido para respeitar as peles mais sens\u00edveis. Este lubrificante oferece lubrifica\u00e7\u00e3o adicional, ajudando a aliviar os sintomas de secura vaginal, promovendo um contato mais suave e confort\u00e1vel durante a penetra\u00e7\u00e3o. Al\u00e9m disso, \u00e9 compat\u00edvel com preservativos de l\u00e1tex e brinquedos sexuais, ampliando sua versatilidade.<\/span> <span font-size:=\"style=\">Cada sach\u00ea cont\u00e9m a quantidade ideal para uso individual, garantindo higiene e frescor a cada aplica\u00e7\u00e3o.<\/span><\/p>\n<div><span font-size:=\"style=\"><u><strong>CARACTER\u00cdSTICAS<\/strong><\/u> :<\/span><\/div>\n<ul>\n<li>Sach\u00eas de 5 ml cada.<\/li>\n<li>F\u00f3rmula \u00e0 base de \u00e1gua: leve, transparente e inodora.<\/li>\n<li>N\u00e3o est\u00e9ril, n\u00e3o irritante, n\u00e3o oleoso.<\/li>\n<li>Adequado para veganos.<\/li>\n<li>Fornece lubrifica\u00e7\u00e3o adicional para combater o ressecamento vaginal.<\/li>\n<li>Compat\u00edvel com preservativos de l\u00e1tex e brinquedos sexuais.<\/li>\n<\/ul>\n<p>\u00a0<\/p>\n<p><u><strong><span font-size:=\"style=\">PASANTE<\/span><\/strong><\/u><\/p>\n<p><span font-size:=\"style=\">Acreditamos firmemente que todos t\u00eam o direito de desfrutar de sexo seguro e consensual. Temos o compromisso de fornecer produtos de sa\u00fade sexual de qualidade que n\u00e3o apenas protegem, mas tamb\u00e9m inspiram as pessoas a fazer escolhas mais informadas, saud\u00e1veis e respons\u00e1veis. Acessibilidade \u00e9 fundamental: trabalhamos constantemente para incorporar novos produtos que tornem a sa\u00fade sexual acess\u00edvel, segura e, acima de tudo, divertida para todos. Sabemos que o bem-estar sexual n\u00e3o deve ser um luxo. \u00c9 por isso que todos os nossos produtos t\u00eam pre\u00e7os competitivos, com o objetivo de garantir que todos possam desfrutar de uma vida sexual mais segura, sem barreiras financeiras.<\/span><\/p>\n<p><span font-size:=\"style=\">A qualidade \u00e9 um dos nossos pilares fundamentais. Cada um dos nossos produtos atende aos mais altos padr\u00f5es de seguran\u00e7a, efic\u00e1cia e conforto. Tamb\u00e9m acreditamos no poder da colabora\u00e7\u00e3o. \u00c9 por isso que fazemos parcerias com profissionais do setor, como o Servi\u00e7o Nacional de Sa\u00fade do NHS e diversas ONGs, para expandir o acesso a produtos essenciais para a sa\u00fade sexual em diversas comunidades. Porque sim, o sexo deve ser agrad\u00e1vel, prazeroso e tamb\u00e9m respons\u00e1vel. E, acima de tudo, acreditamos no consentimento: n\u00e3o importa quem voc\u00ea seja, quando, como ou com quem decida fazer sexo, o mais importante \u00e9 que seja sempre seguro e consensual.<\/span><\/p>\n","protected":false},"excerpt":{"rendered":"<p>PASANTE &#8211; LUBRIFICANTE LEVE \u00c0 BASE DE \u00c1GUA 5 ML<\/p>\n","protected":false},"featured_media":57672,"template":"","meta":{"_acf_changed":false},"product_brand":[],"product_cat":[49,53],"product_tag":[],"class_list":{"0":"post-53723","1":"product","2":"type-product","3":"status-publish","4":"has-post-thumbnail","6":"product_cat-cosmeticos","7":"product_cat-lubrificantes-intimos","8":"yith_product_brand-pasante","10":"first","11":"instock","12":"taxable","13":"shipping-taxable","14":"purchasable","15":"product-type-simple"},"acf":[],"yoast_head":"<!-- This site is optimized with the Yoast SEO plugin v27.4 - https:\/\/yoast.com\/product\/yoast-seo-wordpress\/ -->\n<title>PASANTE - LUBRIFICANTE LEVE \u00c0 BASE DE \u00c1GUA 5 ML - Lovme<\/title>\n<meta name=\"robots\" content=\"index, follow, max-snippet:-1, max-image-preview:large, max-video-preview:-1\" \/>\n<link rel=\"canonical\" href=\"https:\/\/lovme.pt\/index.php\/produto\/pasante-lubrificante-leve-a-base-de-agua-5-ml\/\" \/>\n<meta property=\"og:locale\" content=\"pt_PT\" \/>\n<meta property=\"og:type\" content=\"article\" \/>\n<meta property=\"og:title\" content=\"PASANTE - LUBRIFICANTE LEVE \u00c0 BASE DE \u00c1GUA 5 ML - Lovme\" \/>\n<meta property=\"og:description\" content=\"PASANTE - LUBRIFICANTE LEVE \u00c0 BASE DE \u00c1GUA 5 ML\" \/>\n<meta property=\"og:url\" content=\"https:\/\/lovme.pt\/index.php\/produto\/pasante-lubrificante-leve-a-base-de-agua-5-ml\/\" \/>\n<meta property=\"og:site_name\" content=\"Lovme\" \/>\n<meta property=\"article:modified_time\" content=\"2026-02-19T20:05:35+00:00\" \/>\n<meta property=\"og:image\" content=\"https:\/\/erki24nd3ub.exactdn.com\/wp-content\/uploads\/dream\/img\/img_214659_04ce37d4c2281ee5d5ad1efac6122c90_1.jpg?strip=all\" \/>\n\t<meta property=\"og:image:width\" content=\"900\" \/>\n\t<meta property=\"og:image:height\" content=\"900\" \/>\n\t<meta property=\"og:image:type\" content=\"image\/jpeg\" \/>\n<meta name=\"twitter:card\" content=\"summary_large_image\" \/>\n<meta name=\"twitter:label1\" content=\"Tempo estimado de leitura\" \/>\n\t<meta name=\"twitter:data1\" content=\"2 minutos\" \/>\n<script type=\"application\/ld+json\" class=\"yoast-schema-graph\">{\"@context\":\"https:\\\/\\\/schema.org\",\"@graph\":[{\"@type\":\"WebPage\",\"@id\":\"https:\\\/\\\/lovme.pt\\\/index.php\\\/produto\\\/pasante-lubrificante-leve-a-base-de-agua-5-ml\\\/\",\"url\":\"https:\\\/\\\/lovme.pt\\\/index.php\\\/produto\\\/pasante-lubrificante-leve-a-base-de-agua-5-ml\\\/\",\"name\":\"PASANTE - LUBRIFICANTE LEVE \u00c0 BASE DE \u00c1GUA 5 ML - Lovme\",\"isPartOf\":{\"@id\":\"https:\\\/\\\/lovme.pt\\\/#website\"},\"primaryImageOfPage\":{\"@id\":\"https:\\\/\\\/lovme.pt\\\/index.php\\\/produto\\\/pasante-lubrificante-leve-a-base-de-agua-5-ml\\\/#primaryimage\"},\"image\":{\"@id\":\"https:\\\/\\\/lovme.pt\\\/index.php\\\/produto\\\/pasante-lubrificante-leve-a-base-de-agua-5-ml\\\/#primaryimage\"},\"thumbnailUrl\":\"https:\\\/\\\/erki24nd3ub.exactdn.com\\\/wp-content\\\/uploads\\\/dream\\\/img\\\/img_214659_04ce37d4c2281ee5d5ad1efac6122c90_1.jpg?strip=all\",\"datePublished\":\"2025-09-30T09:50:14+00:00\",\"dateModified\":\"2026-02-19T20:05:35+00:00\",\"breadcrumb\":{\"@id\":\"https:\\\/\\\/lovme.pt\\\/index.php\\\/produto\\\/pasante-lubrificante-leve-a-base-de-agua-5-ml\\\/#breadcrumb\"},\"inLanguage\":\"pt-PT\",\"potentialAction\":[{\"@type\":\"ReadAction\",\"target\":[\"https:\\\/\\\/lovme.pt\\\/index.php\\\/produto\\\/pasante-lubrificante-leve-a-base-de-agua-5-ml\\\/\"]}]},{\"@type\":\"ImageObject\",\"inLanguage\":\"pt-PT\",\"@id\":\"https:\\\/\\\/lovme.pt\\\/index.php\\\/produto\\\/pasante-lubrificante-leve-a-base-de-agua-5-ml\\\/#primaryimage\",\"url\":\"https:\\\/\\\/erki24nd3ub.exactdn.com\\\/wp-content\\\/uploads\\\/dream\\\/img\\\/img_214659_04ce37d4c2281ee5d5ad1efac6122c90_1.jpg?strip=all\",\"contentUrl\":\"https:\\\/\\\/erki24nd3ub.exactdn.com\\\/wp-content\\\/uploads\\\/dream\\\/img\\\/img_214659_04ce37d4c2281ee5d5ad1efac6122c90_1.jpg?strip=all\",\"width\":900,\"height\":900},{\"@type\":\"BreadcrumbList\",\"@id\":\"https:\\\/\\\/lovme.pt\\\/index.php\\\/produto\\\/pasante-lubrificante-leve-a-base-de-agua-5-ml\\\/#breadcrumb\",\"itemListElement\":[{\"@type\":\"ListItem\",\"position\":1,\"name\":\"In\u00edcio\",\"item\":\"https:\\\/\\\/lovme.pt\\\/\"},{\"@type\":\"ListItem\",\"position\":2,\"name\":\"Loja\",\"item\":\"https:\\\/\\\/lovme.pt\\\/index.php\\\/loja\\\/\"},{\"@type\":\"ListItem\",\"position\":3,\"name\":\"PASANTE &#8211; LUBRIFICANTE LEVE \u00c0 BASE DE \u00c1GUA 5 ML\"}]},{\"@type\":\"WebSite\",\"@id\":\"https:\\\/\\\/lovme.pt\\\/#website\",\"url\":\"https:\\\/\\\/lovme.pt\\\/\",\"name\":\"Lovme Loja Er\u00f3tica N\u00ba1 em Portugal\",\"description\":\"A melhor loja er\u00f3tica de Portugal.\",\"alternateName\":\"Loja Er\u00f3tica Lovme\",\"potentialAction\":[{\"@type\":\"SearchAction\",\"target\":{\"@type\":\"EntryPoint\",\"urlTemplate\":\"https:\\\/\\\/lovme.pt\\\/?s={search_term_string}\"},\"query-input\":{\"@type\":\"PropertyValueSpecification\",\"valueRequired\":true,\"valueName\":\"search_term_string\"}}],\"inLanguage\":\"pt-PT\"}]}<\/script>\n<!-- \/ Yoast SEO plugin. -->","yoast_head_json":{"title":"PASANTE - LUBRIFICANTE LEVE \u00c0 BASE DE \u00c1GUA 5 ML - Lovme","robots":{"index":"index","follow":"follow","max-snippet":"max-snippet:-1","max-image-preview":"max-image-preview:large","max-video-preview":"max-video-preview:-1"},"canonical":"https:\/\/lovme.pt\/index.php\/produto\/pasante-lubrificante-leve-a-base-de-agua-5-ml\/","og_locale":"pt_PT","og_type":"article","og_title":"PASANTE - LUBRIFICANTE LEVE \u00c0 BASE DE \u00c1GUA 5 ML - Lovme","og_description":"PASANTE - LUBRIFICANTE LEVE \u00c0 BASE DE \u00c1GUA 5 ML","og_url":"https:\/\/lovme.pt\/index.php\/produto\/pasante-lubrificante-leve-a-base-de-agua-5-ml\/","og_site_name":"Lovme","article_modified_time":"2026-02-19T20:05:35+00:00","og_image":[{"width":900,"height":900,"url":"https:\/\/erki24nd3ub.exactdn.com\/wp-content\/uploads\/dream\/img\/img_214659_04ce37d4c2281ee5d5ad1efac6122c90_1.jpg?strip=all","type":"image\/jpeg"}],"twitter_card":"summary_large_image","twitter_misc":{"Tempo estimado de leitura":"2 minutos"},"schema":{"@context":"https:\/\/schema.org","@graph":[{"@type":"WebPage","@id":"https:\/\/lovme.pt\/index.php\/produto\/pasante-lubrificante-leve-a-base-de-agua-5-ml\/","url":"https:\/\/lovme.pt\/index.php\/produto\/pasante-lubrificante-leve-a-base-de-agua-5-ml\/","name":"PASANTE - LUBRIFICANTE LEVE \u00c0 BASE DE \u00c1GUA 5 ML - Lovme","isPartOf":{"@id":"https:\/\/lovme.pt\/#website"},"primaryImageOfPage":{"@id":"https:\/\/lovme.pt\/index.php\/produto\/pasante-lubrificante-leve-a-base-de-agua-5-ml\/#primaryimage"},"image":{"@id":"https:\/\/lovme.pt\/index.php\/produto\/pasante-lubrificante-leve-a-base-de-agua-5-ml\/#primaryimage"},"thumbnailUrl":"https:\/\/erki24nd3ub.exactdn.com\/wp-content\/uploads\/dream\/img\/img_214659_04ce37d4c2281ee5d5ad1efac6122c90_1.jpg?strip=all","datePublished":"2025-09-30T09:50:14+00:00","dateModified":"2026-02-19T20:05:35+00:00","breadcrumb":{"@id":"https:\/\/lovme.pt\/index.php\/produto\/pasante-lubrificante-leve-a-base-de-agua-5-ml\/#breadcrumb"},"inLanguage":"pt-PT","potentialAction":[{"@type":"ReadAction","target":["https:\/\/lovme.pt\/index.php\/produto\/pasante-lubrificante-leve-a-base-de-agua-5-ml\/"]}]},{"@type":"ImageObject","inLanguage":"pt-PT","@id":"https:\/\/lovme.pt\/index.php\/produto\/pasante-lubrificante-leve-a-base-de-agua-5-ml\/#primaryimage","url":"https:\/\/erki24nd3ub.exactdn.com\/wp-content\/uploads\/dream\/img\/img_214659_04ce37d4c2281ee5d5ad1efac6122c90_1.jpg?strip=all","contentUrl":"https:\/\/erki24nd3ub.exactdn.com\/wp-content\/uploads\/dream\/img\/img_214659_04ce37d4c2281ee5d5ad1efac6122c90_1.jpg?strip=all","width":900,"height":900},{"@type":"BreadcrumbList","@id":"https:\/\/lovme.pt\/index.php\/produto\/pasante-lubrificante-leve-a-base-de-agua-5-ml\/#breadcrumb","itemListElement":[{"@type":"ListItem","position":1,"name":"In\u00edcio","item":"https:\/\/lovme.pt\/"},{"@type":"ListItem","position":2,"name":"Loja","item":"https:\/\/lovme.pt\/index.php\/loja\/"},{"@type":"ListItem","position":3,"name":"PASANTE &#8211; LUBRIFICANTE LEVE \u00c0 BASE DE \u00c1GUA 5 ML"}]},{"@type":"WebSite","@id":"https:\/\/lovme.pt\/#website","url":"https:\/\/lovme.pt\/","name":"Lovme Loja Er\u00f3tica N\u00ba1 em Portugal","description":"A melhor loja er\u00f3tica de Portugal.","alternateName":"Loja Er\u00f3tica Lovme","potentialAction":[{"@type":"SearchAction","target":{"@type":"EntryPoint","urlTemplate":"https:\/\/lovme.pt\/?s={search_term_string}"},"query-input":{"@type":"PropertyValueSpecification","valueRequired":true,"valueName":"search_term_string"}}],"inLanguage":"pt-PT"}]}},"_links":{"self":[{"href":"https:\/\/lovme.pt\/index.php\/wp-json\/wp\/v2\/product\/53723","targetHints":{"allow":["GET"]}}],"collection":[{"href":"https:\/\/lovme.pt\/index.php\/wp-json\/wp\/v2\/product"}],"about":[{"href":"https:\/\/lovme.pt\/index.php\/wp-json\/wp\/v2\/types\/product"}],"wp:featuredmedia":[{"embeddable":true,"href":"https:\/\/lovme.pt\/index.php\/wp-json\/wp\/v2\/media\/57672"}],"wp:attachment":[{"href":"https:\/\/lovme.pt\/index.php\/wp-json\/wp\/v2\/media?parent=53723"}],"wp:term":[{"taxonomy":"product_brand","embeddable":true,"href":"https:\/\/lovme.pt\/index.php\/wp-json\/wp\/v2\/product_brand?post=53723"},{"taxonomy":"product_cat","embeddable":true,"href":"https:\/\/lovme.pt\/index.php\/wp-json\/wp\/v2\/product_cat?post=53723"},{"taxonomy":"product_tag","embeddable":true,"href":"https:\/\/lovme.pt\/index.php\/wp-json\/wp\/v2\/product_tag?post=53723"}],"curies":[{"name":"wp","href":"https:\/\/api.w.org\/{rel}","templated":true}]}}