{"id":53721,"date":"2025-10-01T02:05:38","date_gmt":"2025-10-01T02:05:38","guid":{"rendered":"https:\/\/lovme.pt\/?post_type=product&p=53721"},"modified":"2026-02-19T20:18:08","modified_gmt":"2026-02-19T20:18:08","slug":"pasante-saco-de-preservativos-glow-144-unidades","status":"publish","type":"product","link":"https:\/\/lovme.pt\/index.php\/produto\/pasante-saco-de-preservativos-glow-144-unidades\/","title":{"rendered":"PASANTE &#8211; SACO DE PRESERVATIVOS GLOW 144 UNIDADES"},"content":{"rendered":"<p><span style=\"font-size:\">Os preservativos Glow s\u00e3o a op\u00e7\u00e3o ideal para quem busca adicionar um toque de divers\u00e3o e originalidade aos seus momentos \u00edntimos. Feitos de l\u00e1tex de borracha natural de alta qualidade, eles apresentam um acabamento semitransparente com um brilho verde marcante que se ativa no escuro, adicionando um toque \u00fanico \u00e0 experi\u00eancia sexual. Seu design inclui bicos paralelos e uma superf\u00edcie lisa, garantindo um ajuste confort\u00e1vel e uniforme, al\u00e9m de um deslizamento agrad\u00e1vel durante o uso. Para ativar o efeito glow, basta expor o preservativo \u00e0 luz por 30 segundos antes do uso; ele absorver\u00e1 a energia da luz e brilhar\u00e1 intensamente no escuro.<\/span><\/p>\n<div><span style=\"font-size:\"><u><strong>CARACTER\u00cdSTICAS<\/strong><\/u> :<\/span><\/div>\n<ul>\n<li><span style=\"font-size:\">Cont\u00e9m 144 preservativos<\/span><\/li>\n<li><span style=\"font-size:\">Preservativo semitransparente com brilho verde fluorescente<\/span><\/li>\n<li><span style=\"font-size:\">Tetinas paralelas e superf\u00edcie lisa<\/span><\/li>\n<li><span style=\"font-size:\">Ativa\u00e7\u00e3o r\u00e1pida: 30 segundos de exposi\u00e7\u00e3o \u00e0 luz<\/span><\/li>\n<li><span style=\"font-size:\">Marcado CE<\/span><\/li>\n<li><span style=\"font-size:\">Largura nominal 53 mm<\/span><\/li>\n<\/ul>\n<p>\u00a0<\/p>\n<p><u><strong>PASANTE<\/strong><\/u><\/p>\n<p><span style=\"font-size:\">Acreditamos firmemente que todos t\u00eam o direito de desfrutar de sexo seguro e consensual. Temos o compromisso de fornecer produtos de sa\u00fade sexual de qualidade que n\u00e3o apenas protejam, mas tamb\u00e9m inspirem as pessoas a fazer escolhas mais informadas, saud\u00e1veis e respons\u00e1veis. Acessibilidade \u00e9 fundamental: trabalhamos constantemente para lan\u00e7ar novos produtos que tornem a sa\u00fade sexual acess\u00edvel, segura e, acima de tudo, divertida para todos. Sabemos que o bem-estar sexual n\u00e3o deve ser um luxo. \u00c9 por isso que todos os nossos produtos t\u00eam pre\u00e7os competitivos, com o objetivo de garantir que todos possam desfrutar de uma vida sexual mais segura, sem barreiras financeiras.<\/span><\/p>\n<p><span style=\"font-size:\">A qualidade \u00e9 um dos nossos pilares fundamentais. Cada um dos nossos produtos atende aos mais altos padr\u00f5es de seguran\u00e7a, efic\u00e1cia e conforto. Tamb\u00e9m acreditamos no poder da colabora\u00e7\u00e3o. \u00c9 por isso que fazemos parcerias com profissionais do setor, como o Servi\u00e7o Nacional de Sa\u00fade do NHS e diversas ONGs, para expandir o acesso a produtos essenciais para a sa\u00fade sexual em diversas comunidades. Porque sim, o sexo deve ser agrad\u00e1vel, prazeroso e tamb\u00e9m respons\u00e1vel. E, acima de tudo, acreditamos no consentimento: n\u00e3o importa quem voc\u00ea seja, quando, como ou com quem decida fazer sexo, o mais importante \u00e9 que seja sempre seguro e consensual.<\/span><\/p>\n","protected":false},"excerpt":{"rendered":"<p>PASANTE &#8211; SACO DE PRESERVATIVOS GLOW 144 UNIDADES<\/p>\n","protected":false},"featured_media":94810,"template":"","meta":{"_acf_changed":false},"product_brand":[],"product_cat":[73],"product_tag":[],"class_list":{"0":"post-53721","1":"product","2":"type-product","3":"status-publish","4":"has-post-thumbnail","6":"product_cat-preservativos","7":"yith_product_brand-pasante","9":"first","10":"instock","11":"taxable","12":"shipping-taxable","13":"purchasable","14":"product-type-simple"},"acf":[],"yoast_head":"<!-- This site is optimized with the Yoast SEO plugin v27.4 - https:\/\/yoast.com\/product\/yoast-seo-wordpress\/ -->\n<title>PASANTE - SACO DE PRESERVATIVOS GLOW 144 UNIDADES - Lovme<\/title>\n<meta name=\"robots\" content=\"index, follow, max-snippet:-1, max-image-preview:large, max-video-preview:-1\" \/>\n<link rel=\"canonical\" href=\"https:\/\/lovme.pt\/index.php\/produto\/pasante-saco-de-preservativos-glow-144-unidades\/\" \/>\n<meta property=\"og:locale\" content=\"pt_PT\" \/>\n<meta property=\"og:type\" content=\"article\" \/>\n<meta property=\"og:title\" content=\"PASANTE - SACO DE PRESERVATIVOS GLOW 144 UNIDADES - Lovme\" \/>\n<meta property=\"og:description\" content=\"PASANTE - SACO DE PRESERVATIVOS GLOW 144 UNIDADES\" \/>\n<meta property=\"og:url\" content=\"https:\/\/lovme.pt\/index.php\/produto\/pasante-saco-de-preservativos-glow-144-unidades\/\" \/>\n<meta property=\"og:site_name\" content=\"Lovme\" \/>\n<meta property=\"article:modified_time\" content=\"2026-02-19T20:18:08+00:00\" \/>\n<meta property=\"og:image\" content=\"https:\/\/erki24nd3ub.exactdn.com\/wp-content\/uploads\/dream\/img\/img_214645_2c50456cffb394895f850de6a9a2193d_1.jpg?strip=all\" \/>\n\t<meta property=\"og:image:width\" content=\"900\" \/>\n\t<meta property=\"og:image:height\" content=\"900\" \/>\n\t<meta property=\"og:image:type\" content=\"image\/jpeg\" \/>\n<meta name=\"twitter:card\" content=\"summary_large_image\" \/>\n<meta name=\"twitter:label1\" content=\"Tempo estimado de leitura\" \/>\n\t<meta name=\"twitter:data1\" content=\"2 minutos\" \/>\n<script type=\"application\/ld+json\" class=\"yoast-schema-graph\">{\"@context\":\"https:\\\/\\\/schema.org\",\"@graph\":[{\"@type\":\"WebPage\",\"@id\":\"https:\\\/\\\/lovme.pt\\\/index.php\\\/produto\\\/pasante-saco-de-preservativos-glow-144-unidades\\\/\",\"url\":\"https:\\\/\\\/lovme.pt\\\/index.php\\\/produto\\\/pasante-saco-de-preservativos-glow-144-unidades\\\/\",\"name\":\"PASANTE - SACO DE PRESERVATIVOS GLOW 144 UNIDADES - Lovme\",\"isPartOf\":{\"@id\":\"https:\\\/\\\/lovme.pt\\\/#website\"},\"primaryImageOfPage\":{\"@id\":\"https:\\\/\\\/lovme.pt\\\/index.php\\\/produto\\\/pasante-saco-de-preservativos-glow-144-unidades\\\/#primaryimage\"},\"image\":{\"@id\":\"https:\\\/\\\/lovme.pt\\\/index.php\\\/produto\\\/pasante-saco-de-preservativos-glow-144-unidades\\\/#primaryimage\"},\"thumbnailUrl\":\"https:\\\/\\\/erki24nd3ub.exactdn.com\\\/wp-content\\\/uploads\\\/dream\\\/img\\\/img_214645_2c50456cffb394895f850de6a9a2193d_1.jpg?strip=all\",\"datePublished\":\"2025-10-01T02:05:38+00:00\",\"dateModified\":\"2026-02-19T20:18:08+00:00\",\"breadcrumb\":{\"@id\":\"https:\\\/\\\/lovme.pt\\\/index.php\\\/produto\\\/pasante-saco-de-preservativos-glow-144-unidades\\\/#breadcrumb\"},\"inLanguage\":\"pt-PT\",\"potentialAction\":[{\"@type\":\"ReadAction\",\"target\":[\"https:\\\/\\\/lovme.pt\\\/index.php\\\/produto\\\/pasante-saco-de-preservativos-glow-144-unidades\\\/\"]}]},{\"@type\":\"ImageObject\",\"inLanguage\":\"pt-PT\",\"@id\":\"https:\\\/\\\/lovme.pt\\\/index.php\\\/produto\\\/pasante-saco-de-preservativos-glow-144-unidades\\\/#primaryimage\",\"url\":\"https:\\\/\\\/erki24nd3ub.exactdn.com\\\/wp-content\\\/uploads\\\/dream\\\/img\\\/img_214645_2c50456cffb394895f850de6a9a2193d_1.jpg?strip=all\",\"contentUrl\":\"https:\\\/\\\/erki24nd3ub.exactdn.com\\\/wp-content\\\/uploads\\\/dream\\\/img\\\/img_214645_2c50456cffb394895f850de6a9a2193d_1.jpg?strip=all\",\"width\":900,\"height\":900},{\"@type\":\"BreadcrumbList\",\"@id\":\"https:\\\/\\\/lovme.pt\\\/index.php\\\/produto\\\/pasante-saco-de-preservativos-glow-144-unidades\\\/#breadcrumb\",\"itemListElement\":[{\"@type\":\"ListItem\",\"position\":1,\"name\":\"In\u00edcio\",\"item\":\"https:\\\/\\\/lovme.pt\\\/\"},{\"@type\":\"ListItem\",\"position\":2,\"name\":\"Loja\",\"item\":\"https:\\\/\\\/lovme.pt\\\/index.php\\\/loja\\\/\"},{\"@type\":\"ListItem\",\"position\":3,\"name\":\"PASANTE &#8211; SACO DE PRESERVATIVOS GLOW 144 UNIDADES\"}]},{\"@type\":\"WebSite\",\"@id\":\"https:\\\/\\\/lovme.pt\\\/#website\",\"url\":\"https:\\\/\\\/lovme.pt\\\/\",\"name\":\"Lovme Loja Er\u00f3tica N\u00ba1 em Portugal\",\"description\":\"A melhor loja er\u00f3tica de Portugal.\",\"alternateName\":\"Loja Er\u00f3tica Lovme\",\"potentialAction\":[{\"@type\":\"SearchAction\",\"target\":{\"@type\":\"EntryPoint\",\"urlTemplate\":\"https:\\\/\\\/lovme.pt\\\/?s={search_term_string}\"},\"query-input\":{\"@type\":\"PropertyValueSpecification\",\"valueRequired\":true,\"valueName\":\"search_term_string\"}}],\"inLanguage\":\"pt-PT\"}]}<\/script>\n<!-- \/ Yoast SEO plugin. -->","yoast_head_json":{"title":"PASANTE - SACO DE PRESERVATIVOS GLOW 144 UNIDADES - Lovme","robots":{"index":"index","follow":"follow","max-snippet":"max-snippet:-1","max-image-preview":"max-image-preview:large","max-video-preview":"max-video-preview:-1"},"canonical":"https:\/\/lovme.pt\/index.php\/produto\/pasante-saco-de-preservativos-glow-144-unidades\/","og_locale":"pt_PT","og_type":"article","og_title":"PASANTE - SACO DE PRESERVATIVOS GLOW 144 UNIDADES - Lovme","og_description":"PASANTE - SACO DE PRESERVATIVOS GLOW 144 UNIDADES","og_url":"https:\/\/lovme.pt\/index.php\/produto\/pasante-saco-de-preservativos-glow-144-unidades\/","og_site_name":"Lovme","article_modified_time":"2026-02-19T20:18:08+00:00","og_image":[{"width":900,"height":900,"url":"https:\/\/erki24nd3ub.exactdn.com\/wp-content\/uploads\/dream\/img\/img_214645_2c50456cffb394895f850de6a9a2193d_1.jpg?strip=all","type":"image\/jpeg"}],"twitter_card":"summary_large_image","twitter_misc":{"Tempo estimado de leitura":"2 minutos"},"schema":{"@context":"https:\/\/schema.org","@graph":[{"@type":"WebPage","@id":"https:\/\/lovme.pt\/index.php\/produto\/pasante-saco-de-preservativos-glow-144-unidades\/","url":"https:\/\/lovme.pt\/index.php\/produto\/pasante-saco-de-preservativos-glow-144-unidades\/","name":"PASANTE - SACO DE PRESERVATIVOS GLOW 144 UNIDADES - Lovme","isPartOf":{"@id":"https:\/\/lovme.pt\/#website"},"primaryImageOfPage":{"@id":"https:\/\/lovme.pt\/index.php\/produto\/pasante-saco-de-preservativos-glow-144-unidades\/#primaryimage"},"image":{"@id":"https:\/\/lovme.pt\/index.php\/produto\/pasante-saco-de-preservativos-glow-144-unidades\/#primaryimage"},"thumbnailUrl":"https:\/\/erki24nd3ub.exactdn.com\/wp-content\/uploads\/dream\/img\/img_214645_2c50456cffb394895f850de6a9a2193d_1.jpg?strip=all","datePublished":"2025-10-01T02:05:38+00:00","dateModified":"2026-02-19T20:18:08+00:00","breadcrumb":{"@id":"https:\/\/lovme.pt\/index.php\/produto\/pasante-saco-de-preservativos-glow-144-unidades\/#breadcrumb"},"inLanguage":"pt-PT","potentialAction":[{"@type":"ReadAction","target":["https:\/\/lovme.pt\/index.php\/produto\/pasante-saco-de-preservativos-glow-144-unidades\/"]}]},{"@type":"ImageObject","inLanguage":"pt-PT","@id":"https:\/\/lovme.pt\/index.php\/produto\/pasante-saco-de-preservativos-glow-144-unidades\/#primaryimage","url":"https:\/\/erki24nd3ub.exactdn.com\/wp-content\/uploads\/dream\/img\/img_214645_2c50456cffb394895f850de6a9a2193d_1.jpg?strip=all","contentUrl":"https:\/\/erki24nd3ub.exactdn.com\/wp-content\/uploads\/dream\/img\/img_214645_2c50456cffb394895f850de6a9a2193d_1.jpg?strip=all","width":900,"height":900},{"@type":"BreadcrumbList","@id":"https:\/\/lovme.pt\/index.php\/produto\/pasante-saco-de-preservativos-glow-144-unidades\/#breadcrumb","itemListElement":[{"@type":"ListItem","position":1,"name":"In\u00edcio","item":"https:\/\/lovme.pt\/"},{"@type":"ListItem","position":2,"name":"Loja","item":"https:\/\/lovme.pt\/index.php\/loja\/"},{"@type":"ListItem","position":3,"name":"PASANTE &#8211; SACO DE PRESERVATIVOS GLOW 144 UNIDADES"}]},{"@type":"WebSite","@id":"https:\/\/lovme.pt\/#website","url":"https:\/\/lovme.pt\/","name":"Lovme Loja Er\u00f3tica N\u00ba1 em Portugal","description":"A melhor loja er\u00f3tica de Portugal.","alternateName":"Loja Er\u00f3tica Lovme","potentialAction":[{"@type":"SearchAction","target":{"@type":"EntryPoint","urlTemplate":"https:\/\/lovme.pt\/?s={search_term_string}"},"query-input":{"@type":"PropertyValueSpecification","valueRequired":true,"valueName":"search_term_string"}}],"inLanguage":"pt-PT"}]}},"_links":{"self":[{"href":"https:\/\/lovme.pt\/index.php\/wp-json\/wp\/v2\/product\/53721","targetHints":{"allow":["GET"]}}],"collection":[{"href":"https:\/\/lovme.pt\/index.php\/wp-json\/wp\/v2\/product"}],"about":[{"href":"https:\/\/lovme.pt\/index.php\/wp-json\/wp\/v2\/types\/product"}],"wp:featuredmedia":[{"embeddable":true,"href":"https:\/\/lovme.pt\/index.php\/wp-json\/wp\/v2\/media\/94810"}],"wp:attachment":[{"href":"https:\/\/lovme.pt\/index.php\/wp-json\/wp\/v2\/media?parent=53721"}],"wp:term":[{"taxonomy":"product_brand","embeddable":true,"href":"https:\/\/lovme.pt\/index.php\/wp-json\/wp\/v2\/product_brand?post=53721"},{"taxonomy":"product_cat","embeddable":true,"href":"https:\/\/lovme.pt\/index.php\/wp-json\/wp\/v2\/product_cat?post=53721"},{"taxonomy":"product_tag","embeddable":true,"href":"https:\/\/lovme.pt\/index.php\/wp-json\/wp\/v2\/product_tag?post=53721"}],"curies":[{"name":"wp","href":"https:\/\/api.w.org\/{rel}","templated":true}]}}