{"id":53720,"date":"2025-10-01T02:46:28","date_gmt":"2025-10-01T02:46:28","guid":{"rendered":"https:\/\/lovme.pt\/?post_type=product&p=53720"},"modified":"2026-02-19T20:21:40","modified_gmt":"2026-02-19T20:21:40","slug":"pasante-preto-veludo-caixa-144-unidades","status":"publish","type":"product","link":"https:\/\/lovme.pt\/index.php\/produto\/pasante-preto-veludo-caixa-144-unidades\/","title":{"rendered":"PASANTE &#8211; PRETO VELUDO CAIXA 144 UNIDADES"},"content":{"rendered":"<p><span style=\"font-size:\">Os preservativos Black Velvet foram desenvolvidos para quem busca uma experi\u00eancia \u00edntima com um toque de eleg\u00e2ncia e originalidade. Sua cor preta intensa proporciona um visual sofisticado e sensual, ideal para momentos especiais em que a est\u00e9tica tamb\u00e9m importa. Feitos de l\u00e1tex de borracha natural de alta qualidade, possuem laterais paralelas que garantem um ajuste uniforme e confort\u00e1vel, adaptando-se perfeitamente ao longo de toda a rela\u00e7\u00e3o. A ponta em formato de bico com reservat\u00f3rio oferece espa\u00e7o extra para maior seguran\u00e7a, auxiliando na coleta do s\u00eamen e reduzindo a press\u00e3o na ponta.<\/span><\/p>\n<div> <span style=\"font-size:\"><u><strong>CARACTER\u00cdSTICAS<\/strong><\/u> :<\/span><\/div>\n<ul>\n<li> <span style=\"font-size:\">Cont\u00e9m 144 preservativos<\/span><\/li>\n<li> <span style=\"font-size:\">Preservativos pretos para um toque elegante e sedutor<\/span><\/li>\n<li> <span style=\"font-size:\">Lados paralelos com ponta em formato de tetina e reservat\u00f3rio<\/span><\/li>\n<li> <span style=\"font-size:\">Feito em l\u00e1tex de borracha natural e lubrificado.<\/span><\/li>\n<li> <span style=\"font-size:\">Marca CE<\/span><\/li>\n<li> <span style=\"font-size:\">Largura nominal 56 mm<\/span><\/li>\n<\/ul>\n<p> <u><strong><span style=\"font-size:\">PASANTE<\/span><\/strong><\/u><\/p>\n<p> <span style=\"font-size:\">Acreditamos firmemente que todos t\u00eam o direito de desfrutar de sexo seguro e consensual. Temos o compromisso de fornecer produtos de sa\u00fade sexual de qualidade que n\u00e3o apenas protegem, mas tamb\u00e9m inspiram as pessoas a fazer escolhas mais informadas, saud\u00e1veis e respons\u00e1veis. Acessibilidade \u00e9 fundamental: trabalhamos constantemente para incorporar novos produtos que tornem a sa\u00fade sexual acess\u00edvel, segura e, acima de tudo, divertida para todos. Sabemos que o bem-estar sexual n\u00e3o deve ser um luxo. \u00c9 por isso que todos os nossos produtos t\u00eam pre\u00e7os competitivos, garantindo que todos possam desfrutar de uma vida sexual mais segura, sem barreiras financeiras.<\/span><\/p>\n<p> <span style=\"font-size:\">A qualidade \u00e9 um dos nossos pilares fundamentais. Cada um dos nossos produtos atende aos mais altos padr\u00f5es de seguran\u00e7a, efic\u00e1cia e conforto. Tamb\u00e9m acreditamos no poder da colabora\u00e7\u00e3o. \u00c9 por isso que fazemos parcerias com profissionais do setor, como o NHS (Servi\u00e7o Nacional de Sa\u00fade) e diversas ONGs, para expandir o acesso a produtos essenciais para a sa\u00fade sexual em diversas comunidades. Porque sim, o sexo deve ser agrad\u00e1vel, prazeroso e tamb\u00e9m respons\u00e1vel. E, acima de tudo, acreditamos no consentimento: n\u00e3o importa quem voc\u00ea seja, quando, como ou com quem decida fazer sexo, o mais importante \u00e9 que seja sempre seguro e consensual.<\/span><\/p>\n","protected":false},"excerpt":{"rendered":"<p>EMBALAGEM DISPON\u00cdVEL EM: \/es\/gb\/nl\/se\/de\/it\/fr\/pl\/lt\/fi\/dk\/no\/<\/p>\n","protected":false},"featured_media":98865,"template":"","meta":{"_acf_changed":false},"product_brand":[],"product_cat":[73],"product_tag":[],"class_list":{"0":"post-53720","1":"product","2":"type-product","3":"status-publish","4":"has-post-thumbnail","6":"product_cat-preservativos","7":"yith_product_brand-pasante","9":"first","10":"instock","11":"taxable","12":"shipping-taxable","13":"purchasable","14":"product-type-simple"},"acf":[],"yoast_head":"<!-- This site is optimized with the Yoast SEO plugin v27.4 - https:\/\/yoast.com\/product\/yoast-seo-wordpress\/ -->\n<title>PASANTE - PRETO VELUDO CAIXA 144 UNIDADES - Lovme<\/title>\n<meta name=\"robots\" content=\"index, follow, max-snippet:-1, max-image-preview:large, max-video-preview:-1\" \/>\n<link rel=\"canonical\" href=\"https:\/\/lovme.pt\/index.php\/produto\/pasante-preto-veludo-caixa-144-unidades\/\" \/>\n<meta property=\"og:locale\" content=\"pt_PT\" \/>\n<meta property=\"og:type\" content=\"article\" \/>\n<meta property=\"og:title\" content=\"PASANTE - PRETO VELUDO CAIXA 144 UNIDADES - Lovme\" \/>\n<meta property=\"og:description\" content=\"EMBALAGEM DISPON\u00cdVEL EM: \/es\/gb\/nl\/se\/de\/it\/fr\/pl\/lt\/fi\/dk\/no\/\" \/>\n<meta property=\"og:url\" content=\"https:\/\/lovme.pt\/index.php\/produto\/pasante-preto-veludo-caixa-144-unidades\/\" \/>\n<meta property=\"og:site_name\" content=\"Lovme\" \/>\n<meta property=\"article:modified_time\" content=\"2026-02-19T20:21:40+00:00\" \/>\n<meta property=\"og:image\" content=\"https:\/\/erki24nd3ub.exactdn.com\/wp-content\/uploads\/dream\/img\/img_214644_6d126d98952252a792ad09d38fd8d0aa_1.jpg?strip=all\" \/>\n\t<meta property=\"og:image:width\" content=\"900\" \/>\n\t<meta property=\"og:image:height\" content=\"900\" \/>\n\t<meta property=\"og:image:type\" content=\"image\/jpeg\" \/>\n<meta name=\"twitter:card\" content=\"summary_large_image\" \/>\n<meta name=\"twitter:label1\" content=\"Tempo estimado de leitura\" \/>\n\t<meta name=\"twitter:data1\" content=\"2 minutos\" \/>\n<script type=\"application\/ld+json\" class=\"yoast-schema-graph\">{\"@context\":\"https:\\\/\\\/schema.org\",\"@graph\":[{\"@type\":\"WebPage\",\"@id\":\"https:\\\/\\\/lovme.pt\\\/index.php\\\/produto\\\/pasante-preto-veludo-caixa-144-unidades\\\/\",\"url\":\"https:\\\/\\\/lovme.pt\\\/index.php\\\/produto\\\/pasante-preto-veludo-caixa-144-unidades\\\/\",\"name\":\"PASANTE - PRETO VELUDO CAIXA 144 UNIDADES - Lovme\",\"isPartOf\":{\"@id\":\"https:\\\/\\\/lovme.pt\\\/#website\"},\"primaryImageOfPage\":{\"@id\":\"https:\\\/\\\/lovme.pt\\\/index.php\\\/produto\\\/pasante-preto-veludo-caixa-144-unidades\\\/#primaryimage\"},\"image\":{\"@id\":\"https:\\\/\\\/lovme.pt\\\/index.php\\\/produto\\\/pasante-preto-veludo-caixa-144-unidades\\\/#primaryimage\"},\"thumbnailUrl\":\"https:\\\/\\\/erki24nd3ub.exactdn.com\\\/wp-content\\\/uploads\\\/dream\\\/img\\\/img_214644_6d126d98952252a792ad09d38fd8d0aa_1.jpg?strip=all\",\"datePublished\":\"2025-10-01T02:46:28+00:00\",\"dateModified\":\"2026-02-19T20:21:40+00:00\",\"breadcrumb\":{\"@id\":\"https:\\\/\\\/lovme.pt\\\/index.php\\\/produto\\\/pasante-preto-veludo-caixa-144-unidades\\\/#breadcrumb\"},\"inLanguage\":\"pt-PT\",\"potentialAction\":[{\"@type\":\"ReadAction\",\"target\":[\"https:\\\/\\\/lovme.pt\\\/index.php\\\/produto\\\/pasante-preto-veludo-caixa-144-unidades\\\/\"]}]},{\"@type\":\"ImageObject\",\"inLanguage\":\"pt-PT\",\"@id\":\"https:\\\/\\\/lovme.pt\\\/index.php\\\/produto\\\/pasante-preto-veludo-caixa-144-unidades\\\/#primaryimage\",\"url\":\"https:\\\/\\\/erki24nd3ub.exactdn.com\\\/wp-content\\\/uploads\\\/dream\\\/img\\\/img_214644_6d126d98952252a792ad09d38fd8d0aa_1.jpg?strip=all\",\"contentUrl\":\"https:\\\/\\\/erki24nd3ub.exactdn.com\\\/wp-content\\\/uploads\\\/dream\\\/img\\\/img_214644_6d126d98952252a792ad09d38fd8d0aa_1.jpg?strip=all\",\"width\":900,\"height\":900},{\"@type\":\"BreadcrumbList\",\"@id\":\"https:\\\/\\\/lovme.pt\\\/index.php\\\/produto\\\/pasante-preto-veludo-caixa-144-unidades\\\/#breadcrumb\",\"itemListElement\":[{\"@type\":\"ListItem\",\"position\":1,\"name\":\"In\u00edcio\",\"item\":\"https:\\\/\\\/lovme.pt\\\/\"},{\"@type\":\"ListItem\",\"position\":2,\"name\":\"Loja\",\"item\":\"https:\\\/\\\/lovme.pt\\\/index.php\\\/loja\\\/\"},{\"@type\":\"ListItem\",\"position\":3,\"name\":\"PASANTE &#8211; PRETO VELUDO CAIXA 144 UNIDADES\"}]},{\"@type\":\"WebSite\",\"@id\":\"https:\\\/\\\/lovme.pt\\\/#website\",\"url\":\"https:\\\/\\\/lovme.pt\\\/\",\"name\":\"Lovme Loja Er\u00f3tica N\u00ba1 em Portugal\",\"description\":\"A melhor loja er\u00f3tica de Portugal.\",\"alternateName\":\"Loja Er\u00f3tica Lovme\",\"potentialAction\":[{\"@type\":\"SearchAction\",\"target\":{\"@type\":\"EntryPoint\",\"urlTemplate\":\"https:\\\/\\\/lovme.pt\\\/?s={search_term_string}\"},\"query-input\":{\"@type\":\"PropertyValueSpecification\",\"valueRequired\":true,\"valueName\":\"search_term_string\"}}],\"inLanguage\":\"pt-PT\"}]}<\/script>\n<!-- \/ Yoast SEO plugin. -->","yoast_head_json":{"title":"PASANTE - PRETO VELUDO CAIXA 144 UNIDADES - Lovme","robots":{"index":"index","follow":"follow","max-snippet":"max-snippet:-1","max-image-preview":"max-image-preview:large","max-video-preview":"max-video-preview:-1"},"canonical":"https:\/\/lovme.pt\/index.php\/produto\/pasante-preto-veludo-caixa-144-unidades\/","og_locale":"pt_PT","og_type":"article","og_title":"PASANTE - PRETO VELUDO CAIXA 144 UNIDADES - Lovme","og_description":"EMBALAGEM DISPON\u00cdVEL EM: \/es\/gb\/nl\/se\/de\/it\/fr\/pl\/lt\/fi\/dk\/no\/","og_url":"https:\/\/lovme.pt\/index.php\/produto\/pasante-preto-veludo-caixa-144-unidades\/","og_site_name":"Lovme","article_modified_time":"2026-02-19T20:21:40+00:00","og_image":[{"width":900,"height":900,"url":"https:\/\/erki24nd3ub.exactdn.com\/wp-content\/uploads\/dream\/img\/img_214644_6d126d98952252a792ad09d38fd8d0aa_1.jpg?strip=all","type":"image\/jpeg"}],"twitter_card":"summary_large_image","twitter_misc":{"Tempo estimado de leitura":"2 minutos"},"schema":{"@context":"https:\/\/schema.org","@graph":[{"@type":"WebPage","@id":"https:\/\/lovme.pt\/index.php\/produto\/pasante-preto-veludo-caixa-144-unidades\/","url":"https:\/\/lovme.pt\/index.php\/produto\/pasante-preto-veludo-caixa-144-unidades\/","name":"PASANTE - PRETO VELUDO CAIXA 144 UNIDADES - Lovme","isPartOf":{"@id":"https:\/\/lovme.pt\/#website"},"primaryImageOfPage":{"@id":"https:\/\/lovme.pt\/index.php\/produto\/pasante-preto-veludo-caixa-144-unidades\/#primaryimage"},"image":{"@id":"https:\/\/lovme.pt\/index.php\/produto\/pasante-preto-veludo-caixa-144-unidades\/#primaryimage"},"thumbnailUrl":"https:\/\/erki24nd3ub.exactdn.com\/wp-content\/uploads\/dream\/img\/img_214644_6d126d98952252a792ad09d38fd8d0aa_1.jpg?strip=all","datePublished":"2025-10-01T02:46:28+00:00","dateModified":"2026-02-19T20:21:40+00:00","breadcrumb":{"@id":"https:\/\/lovme.pt\/index.php\/produto\/pasante-preto-veludo-caixa-144-unidades\/#breadcrumb"},"inLanguage":"pt-PT","potentialAction":[{"@type":"ReadAction","target":["https:\/\/lovme.pt\/index.php\/produto\/pasante-preto-veludo-caixa-144-unidades\/"]}]},{"@type":"ImageObject","inLanguage":"pt-PT","@id":"https:\/\/lovme.pt\/index.php\/produto\/pasante-preto-veludo-caixa-144-unidades\/#primaryimage","url":"https:\/\/erki24nd3ub.exactdn.com\/wp-content\/uploads\/dream\/img\/img_214644_6d126d98952252a792ad09d38fd8d0aa_1.jpg?strip=all","contentUrl":"https:\/\/erki24nd3ub.exactdn.com\/wp-content\/uploads\/dream\/img\/img_214644_6d126d98952252a792ad09d38fd8d0aa_1.jpg?strip=all","width":900,"height":900},{"@type":"BreadcrumbList","@id":"https:\/\/lovme.pt\/index.php\/produto\/pasante-preto-veludo-caixa-144-unidades\/#breadcrumb","itemListElement":[{"@type":"ListItem","position":1,"name":"In\u00edcio","item":"https:\/\/lovme.pt\/"},{"@type":"ListItem","position":2,"name":"Loja","item":"https:\/\/lovme.pt\/index.php\/loja\/"},{"@type":"ListItem","position":3,"name":"PASANTE &#8211; PRETO VELUDO CAIXA 144 UNIDADES"}]},{"@type":"WebSite","@id":"https:\/\/lovme.pt\/#website","url":"https:\/\/lovme.pt\/","name":"Lovme Loja Er\u00f3tica N\u00ba1 em Portugal","description":"A melhor loja er\u00f3tica de Portugal.","alternateName":"Loja Er\u00f3tica Lovme","potentialAction":[{"@type":"SearchAction","target":{"@type":"EntryPoint","urlTemplate":"https:\/\/lovme.pt\/?s={search_term_string}"},"query-input":{"@type":"PropertyValueSpecification","valueRequired":true,"valueName":"search_term_string"}}],"inLanguage":"pt-PT"}]}},"_links":{"self":[{"href":"https:\/\/lovme.pt\/index.php\/wp-json\/wp\/v2\/product\/53720","targetHints":{"allow":["GET"]}}],"collection":[{"href":"https:\/\/lovme.pt\/index.php\/wp-json\/wp\/v2\/product"}],"about":[{"href":"https:\/\/lovme.pt\/index.php\/wp-json\/wp\/v2\/types\/product"}],"wp:featuredmedia":[{"embeddable":true,"href":"https:\/\/lovme.pt\/index.php\/wp-json\/wp\/v2\/media\/98865"}],"wp:attachment":[{"href":"https:\/\/lovme.pt\/index.php\/wp-json\/wp\/v2\/media?parent=53720"}],"wp:term":[{"taxonomy":"product_brand","embeddable":true,"href":"https:\/\/lovme.pt\/index.php\/wp-json\/wp\/v2\/product_brand?post=53720"},{"taxonomy":"product_cat","embeddable":true,"href":"https:\/\/lovme.pt\/index.php\/wp-json\/wp\/v2\/product_cat?post=53720"},{"taxonomy":"product_tag","embeddable":true,"href":"https:\/\/lovme.pt\/index.php\/wp-json\/wp\/v2\/product_tag?post=53720"}],"curies":[{"name":"wp","href":"https:\/\/api.w.org\/{rel}","templated":true}]}}