{"id":53712,"date":"2025-09-30T22:22:19","date_gmt":"2025-09-30T22:22:19","guid":{"rendered":"https:\/\/lovme.pt\/?post_type=product&p=53712"},"modified":"2026-02-19T20:11:26","modified_gmt":"2026-02-19T20:11:26","slug":"xpower-sex-perform-caps-60-cpsulas","status":"publish","type":"product","link":"https:\/\/lovme.pt\/index.php\/produto\/xpower-sex-perform-caps-60-cpsulas\/","title":{"rendered":"XPOWER &#8211; SEX PERFORM CAPS 60 CPSULAS"},"content":{"rendered":"<p>Sex Perform Caps da linha XPOWER permite que voc\u00ea tenha rela\u00e7\u00f5es sexuais mais intensas. Gra\u00e7as \u00e0 composi\u00e7\u00e3o de Sex Perform Caps, o seu n\u00edvel de testosterona e o seu desempenho sexual s\u00e3o melhorados. O seu prazer sexual e o do seu parceiro ser\u00e3o assim mais intensos. Prazer duradouro garantido!<\/p>\n<p>Sex Perform Caps de Labophyto ajudam a impulsionar as suas rela\u00e7\u00f5es sexuais, aumentando o seu n\u00edvel de testosterona e a sua libido. Sex Perform Caps \u00e9 baseado nos seguintes ingredientes:<\/p>\n<ul>\n<li>Tribulus ajuda a aumentar o n\u00edvel de testosterona<\/li>\n<li>Muira puama auxilia na resist\u00eancia f\u00edsica e mental.<\/li>\n<li>O Ginseng atua no t\u00f4nus, na energia, na libido, mas tamb\u00e9m na ere\u00e7\u00e3o.<\/li>\n<li>A Maca \u00e9 tradicionalmente reconhecida por restaurar o vigor e a energia sexual.<\/li>\n<li>O Ginkgo biloba ajuda a melhorar o fluxo sangu\u00edneo nos pequenos vasos e assim refor\u00e7a a ere\u00e7\u00e3o.<\/li>\n<\/ul>\n<p>Conselhos de utiliza\u00e7\u00e3o: 2 c\u00e1psulas por dia com um copo grande de \u00e1gua. Para um resultado ideal, recomendamos uma cura de 3 meses.<\/p>\n<p>Cont\u00e9m: 60 c\u00e1psulas vegetais<\/p>\n","protected":false},"excerpt":{"rendered":"<p>XPOWER &#8211; SEX PERFORM CAPS 60 CPSULAS<\/p>\n","protected":false},"featured_media":77218,"template":"","meta":{"_acf_changed":false},"product_brand":[],"product_cat":[49,52,70],"product_tag":[],"class_list":{"0":"post-53712","1":"product","2":"type-product","3":"status-publish","4":"has-post-thumbnail","6":"product_cat-cosmeticos","7":"product_cat-estimulantes","8":"product_cat-saude","9":"yith_product_brand-labophyto","10":"yith_product_brand-labophytoxpower","12":"first","13":"instock","14":"taxable","15":"shipping-taxable","16":"purchasable","17":"product-type-simple"},"acf":[],"yoast_head":"<!-- This site is optimized with the Yoast SEO plugin v27.4 - https:\/\/yoast.com\/product\/yoast-seo-wordpress\/ -->\n<title>XPOWER - SEX PERFORM CAPS 60 CPSULAS - Lovme<\/title>\n<meta name=\"robots\" content=\"index, follow, max-snippet:-1, max-image-preview:large, max-video-preview:-1\" \/>\n<link rel=\"canonical\" href=\"https:\/\/lovme.pt\/index.php\/produto\/xpower-sex-perform-caps-60-cpsulas\/\" \/>\n<meta property=\"og:locale\" content=\"pt_PT\" \/>\n<meta property=\"og:type\" content=\"article\" \/>\n<meta property=\"og:title\" content=\"XPOWER - SEX PERFORM CAPS 60 CPSULAS - Lovme\" \/>\n<meta property=\"og:description\" content=\"XPOWER - SEX PERFORM CAPS 60 CPSULAS\" \/>\n<meta property=\"og:url\" content=\"https:\/\/lovme.pt\/index.php\/produto\/xpower-sex-perform-caps-60-cpsulas\/\" \/>\n<meta property=\"og:site_name\" content=\"Lovme\" \/>\n<meta property=\"article:modified_time\" content=\"2026-02-19T20:11:26+00:00\" \/>\n<meta property=\"og:image\" content=\"https:\/\/erki24nd3ub.exactdn.com\/wp-content\/uploads\/dream\/img\/img_214462_c9f4439c2b105a50cf66d83d17625f15_1.jpg?strip=all\" \/>\n\t<meta property=\"og:image:width\" content=\"800\" \/>\n\t<meta property=\"og:image:height\" content=\"800\" \/>\n\t<meta property=\"og:image:type\" content=\"image\/jpeg\" \/>\n<meta name=\"twitter:card\" content=\"summary_large_image\" \/>\n<meta name=\"twitter:label1\" content=\"Tempo estimado de leitura\" \/>\n\t<meta name=\"twitter:data1\" content=\"1 minuto\" \/>\n<script type=\"application\/ld+json\" class=\"yoast-schema-graph\">{\"@context\":\"https:\\\/\\\/schema.org\",\"@graph\":[{\"@type\":\"WebPage\",\"@id\":\"https:\\\/\\\/lovme.pt\\\/index.php\\\/produto\\\/xpower-sex-perform-caps-60-cpsulas\\\/\",\"url\":\"https:\\\/\\\/lovme.pt\\\/index.php\\\/produto\\\/xpower-sex-perform-caps-60-cpsulas\\\/\",\"name\":\"XPOWER - SEX PERFORM CAPS 60 CPSULAS - Lovme\",\"isPartOf\":{\"@id\":\"https:\\\/\\\/lovme.pt\\\/#website\"},\"primaryImageOfPage\":{\"@id\":\"https:\\\/\\\/lovme.pt\\\/index.php\\\/produto\\\/xpower-sex-perform-caps-60-cpsulas\\\/#primaryimage\"},\"image\":{\"@id\":\"https:\\\/\\\/lovme.pt\\\/index.php\\\/produto\\\/xpower-sex-perform-caps-60-cpsulas\\\/#primaryimage\"},\"thumbnailUrl\":\"https:\\\/\\\/erki24nd3ub.exactdn.com\\\/wp-content\\\/uploads\\\/dream\\\/img\\\/img_214462_c9f4439c2b105a50cf66d83d17625f15_1.jpg?strip=all\",\"datePublished\":\"2025-09-30T22:22:19+00:00\",\"dateModified\":\"2026-02-19T20:11:26+00:00\",\"breadcrumb\":{\"@id\":\"https:\\\/\\\/lovme.pt\\\/index.php\\\/produto\\\/xpower-sex-perform-caps-60-cpsulas\\\/#breadcrumb\"},\"inLanguage\":\"pt-PT\",\"potentialAction\":[{\"@type\":\"ReadAction\",\"target\":[\"https:\\\/\\\/lovme.pt\\\/index.php\\\/produto\\\/xpower-sex-perform-caps-60-cpsulas\\\/\"]}]},{\"@type\":\"ImageObject\",\"inLanguage\":\"pt-PT\",\"@id\":\"https:\\\/\\\/lovme.pt\\\/index.php\\\/produto\\\/xpower-sex-perform-caps-60-cpsulas\\\/#primaryimage\",\"url\":\"https:\\\/\\\/erki24nd3ub.exactdn.com\\\/wp-content\\\/uploads\\\/dream\\\/img\\\/img_214462_c9f4439c2b105a50cf66d83d17625f15_1.jpg?strip=all\",\"contentUrl\":\"https:\\\/\\\/erki24nd3ub.exactdn.com\\\/wp-content\\\/uploads\\\/dream\\\/img\\\/img_214462_c9f4439c2b105a50cf66d83d17625f15_1.jpg?strip=all\",\"width\":800,\"height\":800},{\"@type\":\"BreadcrumbList\",\"@id\":\"https:\\\/\\\/lovme.pt\\\/index.php\\\/produto\\\/xpower-sex-perform-caps-60-cpsulas\\\/#breadcrumb\",\"itemListElement\":[{\"@type\":\"ListItem\",\"position\":1,\"name\":\"In\u00edcio\",\"item\":\"https:\\\/\\\/lovme.pt\\\/\"},{\"@type\":\"ListItem\",\"position\":2,\"name\":\"Loja\",\"item\":\"https:\\\/\\\/lovme.pt\\\/index.php\\\/loja\\\/\"},{\"@type\":\"ListItem\",\"position\":3,\"name\":\"XPOWER &#8211; SEX PERFORM CAPS 60 CPSULAS\"}]},{\"@type\":\"WebSite\",\"@id\":\"https:\\\/\\\/lovme.pt\\\/#website\",\"url\":\"https:\\\/\\\/lovme.pt\\\/\",\"name\":\"Lovme Loja Er\u00f3tica N\u00ba1 em Portugal\",\"description\":\"A melhor loja er\u00f3tica de Portugal.\",\"alternateName\":\"Loja Er\u00f3tica Lovme\",\"potentialAction\":[{\"@type\":\"SearchAction\",\"target\":{\"@type\":\"EntryPoint\",\"urlTemplate\":\"https:\\\/\\\/lovme.pt\\\/?s={search_term_string}\"},\"query-input\":{\"@type\":\"PropertyValueSpecification\",\"valueRequired\":true,\"valueName\":\"search_term_string\"}}],\"inLanguage\":\"pt-PT\"}]}<\/script>\n<!-- \/ Yoast SEO plugin. -->","yoast_head_json":{"title":"XPOWER - SEX PERFORM CAPS 60 CPSULAS - Lovme","robots":{"index":"index","follow":"follow","max-snippet":"max-snippet:-1","max-image-preview":"max-image-preview:large","max-video-preview":"max-video-preview:-1"},"canonical":"https:\/\/lovme.pt\/index.php\/produto\/xpower-sex-perform-caps-60-cpsulas\/","og_locale":"pt_PT","og_type":"article","og_title":"XPOWER - SEX PERFORM CAPS 60 CPSULAS - Lovme","og_description":"XPOWER - SEX PERFORM CAPS 60 CPSULAS","og_url":"https:\/\/lovme.pt\/index.php\/produto\/xpower-sex-perform-caps-60-cpsulas\/","og_site_name":"Lovme","article_modified_time":"2026-02-19T20:11:26+00:00","og_image":[{"width":800,"height":800,"url":"https:\/\/erki24nd3ub.exactdn.com\/wp-content\/uploads\/dream\/img\/img_214462_c9f4439c2b105a50cf66d83d17625f15_1.jpg?strip=all","type":"image\/jpeg"}],"twitter_card":"summary_large_image","twitter_misc":{"Tempo estimado de leitura":"1 minuto"},"schema":{"@context":"https:\/\/schema.org","@graph":[{"@type":"WebPage","@id":"https:\/\/lovme.pt\/index.php\/produto\/xpower-sex-perform-caps-60-cpsulas\/","url":"https:\/\/lovme.pt\/index.php\/produto\/xpower-sex-perform-caps-60-cpsulas\/","name":"XPOWER - SEX PERFORM CAPS 60 CPSULAS - Lovme","isPartOf":{"@id":"https:\/\/lovme.pt\/#website"},"primaryImageOfPage":{"@id":"https:\/\/lovme.pt\/index.php\/produto\/xpower-sex-perform-caps-60-cpsulas\/#primaryimage"},"image":{"@id":"https:\/\/lovme.pt\/index.php\/produto\/xpower-sex-perform-caps-60-cpsulas\/#primaryimage"},"thumbnailUrl":"https:\/\/erki24nd3ub.exactdn.com\/wp-content\/uploads\/dream\/img\/img_214462_c9f4439c2b105a50cf66d83d17625f15_1.jpg?strip=all","datePublished":"2025-09-30T22:22:19+00:00","dateModified":"2026-02-19T20:11:26+00:00","breadcrumb":{"@id":"https:\/\/lovme.pt\/index.php\/produto\/xpower-sex-perform-caps-60-cpsulas\/#breadcrumb"},"inLanguage":"pt-PT","potentialAction":[{"@type":"ReadAction","target":["https:\/\/lovme.pt\/index.php\/produto\/xpower-sex-perform-caps-60-cpsulas\/"]}]},{"@type":"ImageObject","inLanguage":"pt-PT","@id":"https:\/\/lovme.pt\/index.php\/produto\/xpower-sex-perform-caps-60-cpsulas\/#primaryimage","url":"https:\/\/erki24nd3ub.exactdn.com\/wp-content\/uploads\/dream\/img\/img_214462_c9f4439c2b105a50cf66d83d17625f15_1.jpg?strip=all","contentUrl":"https:\/\/erki24nd3ub.exactdn.com\/wp-content\/uploads\/dream\/img\/img_214462_c9f4439c2b105a50cf66d83d17625f15_1.jpg?strip=all","width":800,"height":800},{"@type":"BreadcrumbList","@id":"https:\/\/lovme.pt\/index.php\/produto\/xpower-sex-perform-caps-60-cpsulas\/#breadcrumb","itemListElement":[{"@type":"ListItem","position":1,"name":"In\u00edcio","item":"https:\/\/lovme.pt\/"},{"@type":"ListItem","position":2,"name":"Loja","item":"https:\/\/lovme.pt\/index.php\/loja\/"},{"@type":"ListItem","position":3,"name":"XPOWER &#8211; SEX PERFORM CAPS 60 CPSULAS"}]},{"@type":"WebSite","@id":"https:\/\/lovme.pt\/#website","url":"https:\/\/lovme.pt\/","name":"Lovme Loja Er\u00f3tica N\u00ba1 em Portugal","description":"A melhor loja er\u00f3tica de Portugal.","alternateName":"Loja Er\u00f3tica Lovme","potentialAction":[{"@type":"SearchAction","target":{"@type":"EntryPoint","urlTemplate":"https:\/\/lovme.pt\/?s={search_term_string}"},"query-input":{"@type":"PropertyValueSpecification","valueRequired":true,"valueName":"search_term_string"}}],"inLanguage":"pt-PT"}]}},"_links":{"self":[{"href":"https:\/\/lovme.pt\/index.php\/wp-json\/wp\/v2\/product\/53712","targetHints":{"allow":["GET"]}}],"collection":[{"href":"https:\/\/lovme.pt\/index.php\/wp-json\/wp\/v2\/product"}],"about":[{"href":"https:\/\/lovme.pt\/index.php\/wp-json\/wp\/v2\/types\/product"}],"wp:featuredmedia":[{"embeddable":true,"href":"https:\/\/lovme.pt\/index.php\/wp-json\/wp\/v2\/media\/77218"}],"wp:attachment":[{"href":"https:\/\/lovme.pt\/index.php\/wp-json\/wp\/v2\/media?parent=53712"}],"wp:term":[{"taxonomy":"product_brand","embeddable":true,"href":"https:\/\/lovme.pt\/index.php\/wp-json\/wp\/v2\/product_brand?post=53712"},{"taxonomy":"product_cat","embeddable":true,"href":"https:\/\/lovme.pt\/index.php\/wp-json\/wp\/v2\/product_cat?post=53712"},{"taxonomy":"product_tag","embeddable":true,"href":"https:\/\/lovme.pt\/index.php\/wp-json\/wp\/v2\/product_tag?post=53712"}],"curies":[{"name":"wp","href":"https:\/\/api.w.org\/{rel}","templated":true}]}}