{"id":53711,"date":"2025-09-30T22:22:19","date_gmt":"2025-09-30T22:22:19","guid":{"rendered":"https:\/\/lovme.pt\/?post_type=product&#038;p=53711"},"modified":"2026-02-19T20:11:26","modified_gmt":"2026-02-19T20:11:26","slug":"xpower-tampas-de-tamanho-do-penis-para-ereoes-melhoras-60-cap","status":"publish","type":"product","link":"https:\/\/lovme.pt\/index.php\/produto\/xpower-tampas-de-tamanho-do-penis-para-ereoes-melhoras-60-cap\/","title":{"rendered":"XPOWER &#8211; C\u00c1PSULAS PARA AUMENTO DO TAMANHO DO P\u00caNIS PARA MELHORA DA ERE\u00c7\u00c3O &#8211; 60 C\u00c1PSULAS"},"content":{"rendered":"<p>Penis Size Caps da linha XPOWER \u00e9 um suplemento alimentar desenvolvido pela Labophyto, \u00e0 base de ingredientes naturais, para melhorar as ere\u00e7\u00f5es.<\/p>\n<p> As c\u00e1psulas para aumento peniano da Labophyto ajudam a aumentar o tamanho e o volume do p\u00eanis. Sua f\u00f3rmula, que cont\u00e9m lev\u00edstico, pimenta-do-reino, boswellia e meliloto, refor\u00e7a a pot\u00eancia sexual e ajuda a melhorar o fluxo sangu\u00edneo, principalmente no p\u00eanis. Assim, gra\u00e7as \u00e0s c\u00e1psulas para aumento peniano, o tamanho do p\u00eanis aumenta.<\/p>\n<ul>\n<li> Melhora a ere\u00e7\u00e3o e aumenta o tamanho do p\u00eanis.<\/li>\n<li> 60 c\u00e1psulas vegetais<\/li>\n<\/ul>\n<p> Destaques:<\/p>\n<ul>\n<li> As c\u00e1psulas para aumento peniano ajudam n\u00e3o apenas a aumentar o tamanho do p\u00eanis, mas tamb\u00e9m a fortalecer a virilidade, o desempenho sexual e o desejo.<\/li>\n<\/ul>\n<p> As c\u00e1psulas para aumento peniano s\u00e3o feitas com os seguintes ingredientes naturais:<\/p>\n<ul>\n<li> O ginseng ajuda a melhorar a ere\u00e7\u00e3o.<\/li>\n<li> O lev\u00edstico ajuda a fortalecer a pot\u00eancia sexual.<\/li>\n<\/ul>\n<p> Modo de usar:<\/p>\n<ul>\n<li> 2 por dia com um copo grande de \u00e1gua.<\/li>\n<\/ul>\n<p> Suplemento alimentar. N\u00e3o substitui uma alimenta\u00e7\u00e3o variada e equilibrada. Deve ser consumido como parte de um estilo de vida saud\u00e1vel. Manter fora do alcance de crian\u00e7as. N\u00e3o exceder a dose di\u00e1ria recomendada. Indicado exclusivamente para homens adultos. N\u00e3o deve ser consumido por mulheres, crian\u00e7as ou adolescentes. N\u00e3o recomendado para uso concomitante com anti-hipertensivos ou antidiab\u00e9ticos. Conservar em local seco e ao abrigo da luz.<\/p>\n<p> <u><strong>NUEVA FORMULA &#8211; Par\u00e1grafo 2 c\u00e1psulas<\/strong><\/u><\/p>\n<ul>\n<li> L-arginina: 500 mg<\/li>\n<li> Ginkgo biloba: 100 mg<\/li>\n<li> Or\u00e9gano: 100 mg<\/li>\n<li> Pimenta preta: 5 mg<\/li>\n<li> Niacina (100% de ar*): 16 mg<\/li>\n<li> Sel\u00eanio (30% de AR*): 16,52 ug<\/li>\n<li> Zinco (30% de AR*): 3 mg<\/li>\n<li> Vitamina B12 (100% AR): 2,5 ug<\/li>\n<li> Tiamina (100% de AR*): 1,1 mg<\/li>\n<\/ul>\n","protected":false},"excerpt":{"rendered":"<p>XPOWER &#8211; C\u00c1PSULAS PARA AUMENTO DO TAMANHO DO P\u00caNIS PARA MELHORA DA ERE\u00c7\u00c3O &#8211; 60 C\u00c1PSULAS<\/p>\n","protected":false},"featured_media":77217,"template":"","meta":{"_acf_changed":false},"product_brand":[],"product_cat":[49,52,70],"product_tag":[],"class_list":{"0":"post-53711","1":"product","2":"type-product","3":"status-publish","4":"has-post-thumbnail","6":"product_cat-cosmeticos","7":"product_cat-estimulantes","8":"product_cat-saude","9":"yith_product_brand-labophyto","10":"yith_product_brand-labophytoxpower","12":"first","13":"instock","14":"taxable","15":"shipping-taxable","16":"purchasable","17":"product-type-simple"},"acf":[],"yoast_head":"<!-- This site is optimized with the Yoast SEO plugin v27.4 - https:\/\/yoast.com\/product\/yoast-seo-wordpress\/ -->\n<title>XPOWER - C\u00c1PSULAS PARA AUMENTO DO TAMANHO DO P\u00caNIS PARA MELHORA DA ERE\u00c7\u00c3O - 60 C\u00c1PSULAS - Lovme<\/title>\n<meta name=\"robots\" content=\"index, follow, max-snippet:-1, max-image-preview:large, max-video-preview:-1\" \/>\n<link rel=\"canonical\" href=\"https:\/\/lovme.pt\/index.php\/produto\/xpower-tampas-de-tamanho-do-penis-para-ereoes-melhoras-60-cap\/\" \/>\n<meta property=\"og:locale\" content=\"pt_PT\" \/>\n<meta property=\"og:type\" content=\"article\" \/>\n<meta property=\"og:title\" content=\"XPOWER - C\u00c1PSULAS PARA AUMENTO DO TAMANHO DO P\u00caNIS PARA MELHORA DA ERE\u00c7\u00c3O - 60 C\u00c1PSULAS - Lovme\" \/>\n<meta property=\"og:description\" content=\"XPOWER - C\u00c1PSULAS PARA AUMENTO DO TAMANHO DO P\u00caNIS PARA MELHORA DA ERE\u00c7\u00c3O - 60 C\u00c1PSULAS\" \/>\n<meta property=\"og:url\" content=\"https:\/\/lovme.pt\/index.php\/produto\/xpower-tampas-de-tamanho-do-penis-para-ereoes-melhoras-60-cap\/\" \/>\n<meta property=\"og:site_name\" content=\"Lovme\" \/>\n<meta property=\"article:modified_time\" content=\"2026-02-19T20:11:26+00:00\" \/>\n<meta property=\"og:image\" content=\"https:\/\/erki24nd3ub.exactdn.com\/wp-content\/uploads\/dream\/img\/img_214461_86f696f2d82fd0ff7a9fe930b733810b_1.jpg?strip=all\" \/>\n\t<meta property=\"og:image:width\" content=\"800\" \/>\n\t<meta property=\"og:image:height\" content=\"800\" \/>\n\t<meta property=\"og:image:type\" content=\"image\/jpeg\" \/>\n<meta name=\"twitter:card\" content=\"summary_large_image\" \/>\n<meta name=\"twitter:label1\" content=\"Tempo estimado de leitura\" \/>\n\t<meta name=\"twitter:data1\" content=\"1 minuto\" \/>\n<script type=\"application\/ld+json\" class=\"yoast-schema-graph\">{\"@context\":\"https:\\\/\\\/schema.org\",\"@graph\":[{\"@type\":\"WebPage\",\"@id\":\"https:\\\/\\\/lovme.pt\\\/index.php\\\/produto\\\/xpower-tampas-de-tamanho-do-penis-para-ereoes-melhoras-60-cap\\\/\",\"url\":\"https:\\\/\\\/lovme.pt\\\/index.php\\\/produto\\\/xpower-tampas-de-tamanho-do-penis-para-ereoes-melhoras-60-cap\\\/\",\"name\":\"XPOWER - C\u00c1PSULAS PARA AUMENTO DO TAMANHO DO P\u00caNIS PARA MELHORA DA ERE\u00c7\u00c3O - 60 C\u00c1PSULAS - Lovme\",\"isPartOf\":{\"@id\":\"https:\\\/\\\/lovme.pt\\\/#website\"},\"primaryImageOfPage\":{\"@id\":\"https:\\\/\\\/lovme.pt\\\/index.php\\\/produto\\\/xpower-tampas-de-tamanho-do-penis-para-ereoes-melhoras-60-cap\\\/#primaryimage\"},\"image\":{\"@id\":\"https:\\\/\\\/lovme.pt\\\/index.php\\\/produto\\\/xpower-tampas-de-tamanho-do-penis-para-ereoes-melhoras-60-cap\\\/#primaryimage\"},\"thumbnailUrl\":\"https:\\\/\\\/erki24nd3ub.exactdn.com\\\/wp-content\\\/uploads\\\/dream\\\/img\\\/img_214461_86f696f2d82fd0ff7a9fe930b733810b_1.jpg?strip=all\",\"datePublished\":\"2025-09-30T22:22:19+00:00\",\"dateModified\":\"2026-02-19T20:11:26+00:00\",\"breadcrumb\":{\"@id\":\"https:\\\/\\\/lovme.pt\\\/index.php\\\/produto\\\/xpower-tampas-de-tamanho-do-penis-para-ereoes-melhoras-60-cap\\\/#breadcrumb\"},\"inLanguage\":\"pt-PT\",\"potentialAction\":[{\"@type\":\"ReadAction\",\"target\":[\"https:\\\/\\\/lovme.pt\\\/index.php\\\/produto\\\/xpower-tampas-de-tamanho-do-penis-para-ereoes-melhoras-60-cap\\\/\"]}]},{\"@type\":\"ImageObject\",\"inLanguage\":\"pt-PT\",\"@id\":\"https:\\\/\\\/lovme.pt\\\/index.php\\\/produto\\\/xpower-tampas-de-tamanho-do-penis-para-ereoes-melhoras-60-cap\\\/#primaryimage\",\"url\":\"https:\\\/\\\/erki24nd3ub.exactdn.com\\\/wp-content\\\/uploads\\\/dream\\\/img\\\/img_214461_86f696f2d82fd0ff7a9fe930b733810b_1.jpg?strip=all\",\"contentUrl\":\"https:\\\/\\\/erki24nd3ub.exactdn.com\\\/wp-content\\\/uploads\\\/dream\\\/img\\\/img_214461_86f696f2d82fd0ff7a9fe930b733810b_1.jpg?strip=all\",\"width\":800,\"height\":800},{\"@type\":\"BreadcrumbList\",\"@id\":\"https:\\\/\\\/lovme.pt\\\/index.php\\\/produto\\\/xpower-tampas-de-tamanho-do-penis-para-ereoes-melhoras-60-cap\\\/#breadcrumb\",\"itemListElement\":[{\"@type\":\"ListItem\",\"position\":1,\"name\":\"In\u00edcio\",\"item\":\"https:\\\/\\\/lovme.pt\\\/\"},{\"@type\":\"ListItem\",\"position\":2,\"name\":\"Loja\",\"item\":\"https:\\\/\\\/lovme.pt\\\/index.php\\\/loja\\\/\"},{\"@type\":\"ListItem\",\"position\":3,\"name\":\"XPOWER &#8211; C\u00c1PSULAS PARA AUMENTO DO TAMANHO DO P\u00caNIS PARA MELHORA DA ERE\u00c7\u00c3O &#8211; 60 C\u00c1PSULAS\"}]},{\"@type\":\"WebSite\",\"@id\":\"https:\\\/\\\/lovme.pt\\\/#website\",\"url\":\"https:\\\/\\\/lovme.pt\\\/\",\"name\":\"Lovme Loja Er\u00f3tica N\u00ba1 em Portugal\",\"description\":\"A melhor loja er\u00f3tica de Portugal.\",\"alternateName\":\"Loja Er\u00f3tica Lovme\",\"potentialAction\":[{\"@type\":\"SearchAction\",\"target\":{\"@type\":\"EntryPoint\",\"urlTemplate\":\"https:\\\/\\\/lovme.pt\\\/?s={search_term_string}\"},\"query-input\":{\"@type\":\"PropertyValueSpecification\",\"valueRequired\":true,\"valueName\":\"search_term_string\"}}],\"inLanguage\":\"pt-PT\"}]}<\/script>\n<!-- \/ Yoast SEO plugin. -->","yoast_head_json":{"title":"XPOWER - C\u00c1PSULAS PARA AUMENTO DO TAMANHO DO P\u00caNIS PARA MELHORA DA ERE\u00c7\u00c3O - 60 C\u00c1PSULAS - Lovme","robots":{"index":"index","follow":"follow","max-snippet":"max-snippet:-1","max-image-preview":"max-image-preview:large","max-video-preview":"max-video-preview:-1"},"canonical":"https:\/\/lovme.pt\/index.php\/produto\/xpower-tampas-de-tamanho-do-penis-para-ereoes-melhoras-60-cap\/","og_locale":"pt_PT","og_type":"article","og_title":"XPOWER - C\u00c1PSULAS PARA AUMENTO DO TAMANHO DO P\u00caNIS PARA MELHORA DA ERE\u00c7\u00c3O - 60 C\u00c1PSULAS - Lovme","og_description":"XPOWER - C\u00c1PSULAS PARA AUMENTO DO TAMANHO DO P\u00caNIS PARA MELHORA DA ERE\u00c7\u00c3O - 60 C\u00c1PSULAS","og_url":"https:\/\/lovme.pt\/index.php\/produto\/xpower-tampas-de-tamanho-do-penis-para-ereoes-melhoras-60-cap\/","og_site_name":"Lovme","article_modified_time":"2026-02-19T20:11:26+00:00","og_image":[{"width":800,"height":800,"url":"https:\/\/erki24nd3ub.exactdn.com\/wp-content\/uploads\/dream\/img\/img_214461_86f696f2d82fd0ff7a9fe930b733810b_1.jpg?strip=all","type":"image\/jpeg"}],"twitter_card":"summary_large_image","twitter_misc":{"Tempo estimado de leitura":"1 minuto"},"schema":{"@context":"https:\/\/schema.org","@graph":[{"@type":"WebPage","@id":"https:\/\/lovme.pt\/index.php\/produto\/xpower-tampas-de-tamanho-do-penis-para-ereoes-melhoras-60-cap\/","url":"https:\/\/lovme.pt\/index.php\/produto\/xpower-tampas-de-tamanho-do-penis-para-ereoes-melhoras-60-cap\/","name":"XPOWER - C\u00c1PSULAS PARA AUMENTO DO TAMANHO DO P\u00caNIS PARA MELHORA DA ERE\u00c7\u00c3O - 60 C\u00c1PSULAS - Lovme","isPartOf":{"@id":"https:\/\/lovme.pt\/#website"},"primaryImageOfPage":{"@id":"https:\/\/lovme.pt\/index.php\/produto\/xpower-tampas-de-tamanho-do-penis-para-ereoes-melhoras-60-cap\/#primaryimage"},"image":{"@id":"https:\/\/lovme.pt\/index.php\/produto\/xpower-tampas-de-tamanho-do-penis-para-ereoes-melhoras-60-cap\/#primaryimage"},"thumbnailUrl":"https:\/\/erki24nd3ub.exactdn.com\/wp-content\/uploads\/dream\/img\/img_214461_86f696f2d82fd0ff7a9fe930b733810b_1.jpg?strip=all","datePublished":"2025-09-30T22:22:19+00:00","dateModified":"2026-02-19T20:11:26+00:00","breadcrumb":{"@id":"https:\/\/lovme.pt\/index.php\/produto\/xpower-tampas-de-tamanho-do-penis-para-ereoes-melhoras-60-cap\/#breadcrumb"},"inLanguage":"pt-PT","potentialAction":[{"@type":"ReadAction","target":["https:\/\/lovme.pt\/index.php\/produto\/xpower-tampas-de-tamanho-do-penis-para-ereoes-melhoras-60-cap\/"]}]},{"@type":"ImageObject","inLanguage":"pt-PT","@id":"https:\/\/lovme.pt\/index.php\/produto\/xpower-tampas-de-tamanho-do-penis-para-ereoes-melhoras-60-cap\/#primaryimage","url":"https:\/\/erki24nd3ub.exactdn.com\/wp-content\/uploads\/dream\/img\/img_214461_86f696f2d82fd0ff7a9fe930b733810b_1.jpg?strip=all","contentUrl":"https:\/\/erki24nd3ub.exactdn.com\/wp-content\/uploads\/dream\/img\/img_214461_86f696f2d82fd0ff7a9fe930b733810b_1.jpg?strip=all","width":800,"height":800},{"@type":"BreadcrumbList","@id":"https:\/\/lovme.pt\/index.php\/produto\/xpower-tampas-de-tamanho-do-penis-para-ereoes-melhoras-60-cap\/#breadcrumb","itemListElement":[{"@type":"ListItem","position":1,"name":"In\u00edcio","item":"https:\/\/lovme.pt\/"},{"@type":"ListItem","position":2,"name":"Loja","item":"https:\/\/lovme.pt\/index.php\/loja\/"},{"@type":"ListItem","position":3,"name":"XPOWER &#8211; C\u00c1PSULAS PARA AUMENTO DO TAMANHO DO P\u00caNIS PARA MELHORA DA ERE\u00c7\u00c3O &#8211; 60 C\u00c1PSULAS"}]},{"@type":"WebSite","@id":"https:\/\/lovme.pt\/#website","url":"https:\/\/lovme.pt\/","name":"Lovme Loja Er\u00f3tica N\u00ba1 em Portugal","description":"A melhor loja er\u00f3tica de Portugal.","alternateName":"Loja Er\u00f3tica Lovme","potentialAction":[{"@type":"SearchAction","target":{"@type":"EntryPoint","urlTemplate":"https:\/\/lovme.pt\/?s={search_term_string}"},"query-input":{"@type":"PropertyValueSpecification","valueRequired":true,"valueName":"search_term_string"}}],"inLanguage":"pt-PT"}]}},"_links":{"self":[{"href":"https:\/\/lovme.pt\/index.php\/wp-json\/wp\/v2\/product\/53711","targetHints":{"allow":["GET"]}}],"collection":[{"href":"https:\/\/lovme.pt\/index.php\/wp-json\/wp\/v2\/product"}],"about":[{"href":"https:\/\/lovme.pt\/index.php\/wp-json\/wp\/v2\/types\/product"}],"wp:featuredmedia":[{"embeddable":true,"href":"https:\/\/lovme.pt\/index.php\/wp-json\/wp\/v2\/media\/77217"}],"wp:attachment":[{"href":"https:\/\/lovme.pt\/index.php\/wp-json\/wp\/v2\/media?parent=53711"}],"wp:term":[{"taxonomy":"product_brand","embeddable":true,"href":"https:\/\/lovme.pt\/index.php\/wp-json\/wp\/v2\/product_brand?post=53711"},{"taxonomy":"product_cat","embeddable":true,"href":"https:\/\/lovme.pt\/index.php\/wp-json\/wp\/v2\/product_cat?post=53711"},{"taxonomy":"product_tag","embeddable":true,"href":"https:\/\/lovme.pt\/index.php\/wp-json\/wp\/v2\/product_tag?post=53711"}],"curies":[{"name":"wp","href":"https:\/\/api.w.org\/{rel}","templated":true}]}}