{"id":53708,"date":"2025-09-30T22:22:18","date_gmt":"2025-09-30T22:22:18","guid":{"rendered":"https:\/\/lovme.pt\/?post_type=product&p=53708"},"modified":"2026-02-19T20:11:26","modified_gmt":"2026-02-19T20:11:26","slug":"xpower-erection-power-tabs-20-cap","status":"publish","type":"product","link":"https:\/\/lovme.pt\/index.php\/produto\/xpower-erection-power-tabs-20-cap\/","title":{"rendered":"XPOWER &#8211; ERECTION POWER TABS 20 CAP"},"content":{"rendered":"<p>Guias de refor\u00e7o de ere\u00e7\u00e3o<\/p>\n<ul>\n<li>Estimulante de ere\u00e7\u00e3o com efeito r\u00e1pido 20 comprimidos<\/li>\n<\/ul>\n<p>Destaques:<\/p>\n<p>Erection Booster Tabs \u00e9 perfeito para melhorar as ere\u00e7\u00f5es e ter um p\u00eanis mais duro. O resultado: uma vida sexual mais intensa e gratificante. As pastilhas de refor\u00e7o de ere\u00e7\u00e3o s\u00e3o baseadas nos seguintes ingredientes:<\/p>\n<ul>\n<li>Tribulus ajuda a melhorar a fun\u00e7\u00e3o er\u00e9til e o desempenho sexual.<\/li>\n<li>Ginseng ajuda a induzir e melhorar as ere\u00e7\u00f5es.<\/li>\n<li>Astragalus ajuda na circula\u00e7\u00e3o sangu\u00ednea e na press\u00e3o vascular. Contribui tamb\u00e9m para o bem-estar f\u00edsico e mental, gra\u00e7as aos seus efeitos t\u00f3nicos e estimulantes.<\/li>\n<li>Ashwagandha ajuda a promover o bem-estar sexual, contribuindo para manter uma resist\u00eancia f\u00edsica ideal.<\/li>\n<\/ul>\n<p>Conselhos de utiliza\u00e7\u00e3o: 2 comprimidos, 1 hora antes do efeito desejado, com um copo grande de \u00e1gua.<\/p>\n<p>Suplemento alimentar, n\u00e3o pode substituir uma alimenta\u00e7\u00e3o variada e equilibrada. Para ser tomado como parte de um estilo de vida saud\u00e1vel. Mantenha fora do alcance de crian\u00e7as. N\u00e3o exceda a dose di\u00e1ria recomendada. Produto reservado exclusivamente para homens adultos. N\u00e3o recomendado para crian\u00e7as, mulheres gr\u00e1vidas ou amamentando, mulheres com hist\u00f3rico pessoal ou familiar de c\u00e2ncer de mama e pessoas em tratamento anti-hipertensivo ou antidiab\u00e9tico. Armazenar em local seco e protegido da luz, calor e umidade.<\/p>\n","protected":false},"excerpt":{"rendered":"<p>XPOWER &#8211; ERECTION POWER TABS 20 CAP<\/p>\n","protected":false},"featured_media":77215,"template":"","meta":{"_acf_changed":false},"product_brand":[],"product_cat":[49,52,70],"product_tag":[],"class_list":{"0":"post-53708","1":"product","2":"type-product","3":"status-publish","4":"has-post-thumbnail","6":"product_cat-cosmeticos","7":"product_cat-estimulantes","8":"product_cat-saude","9":"yith_product_brand-labophyto","10":"yith_product_brand-labophytoxpower","12":"first","13":"instock","14":"taxable","15":"shipping-taxable","16":"purchasable","17":"product-type-simple"},"acf":[],"yoast_head":"<!-- This site is optimized with the Yoast SEO plugin v27.4 - https:\/\/yoast.com\/product\/yoast-seo-wordpress\/ -->\n<title>XPOWER - ERECTION POWER TABS 20 CAP - Lovme<\/title>\n<meta name=\"robots\" content=\"index, follow, max-snippet:-1, max-image-preview:large, max-video-preview:-1\" \/>\n<link rel=\"canonical\" href=\"https:\/\/lovme.pt\/index.php\/produto\/xpower-erection-power-tabs-20-cap\/\" \/>\n<meta property=\"og:locale\" content=\"pt_PT\" \/>\n<meta property=\"og:type\" content=\"article\" \/>\n<meta property=\"og:title\" content=\"XPOWER - ERECTION POWER TABS 20 CAP - Lovme\" \/>\n<meta property=\"og:description\" content=\"XPOWER - ERECTION POWER TABS 20 CAP\" \/>\n<meta property=\"og:url\" content=\"https:\/\/lovme.pt\/index.php\/produto\/xpower-erection-power-tabs-20-cap\/\" \/>\n<meta property=\"og:site_name\" content=\"Lovme\" \/>\n<meta property=\"article:modified_time\" content=\"2026-02-19T20:11:26+00:00\" \/>\n<meta property=\"og:image\" content=\"https:\/\/erki24nd3ub.exactdn.com\/wp-content\/uploads\/dream\/img\/img_214458_81e3f976add5dbf68dc0d6d10f5a5ca1_1.jpg?strip=all\" \/>\n\t<meta property=\"og:image:width\" content=\"800\" \/>\n\t<meta property=\"og:image:height\" content=\"800\" \/>\n\t<meta property=\"og:image:type\" content=\"image\/jpeg\" \/>\n<meta name=\"twitter:card\" content=\"summary_large_image\" \/>\n<meta name=\"twitter:label1\" content=\"Tempo estimado de leitura\" \/>\n\t<meta name=\"twitter:data1\" content=\"1 minuto\" \/>\n<script type=\"application\/ld+json\" class=\"yoast-schema-graph\">{\"@context\":\"https:\\\/\\\/schema.org\",\"@graph\":[{\"@type\":\"WebPage\",\"@id\":\"https:\\\/\\\/lovme.pt\\\/index.php\\\/produto\\\/xpower-erection-power-tabs-20-cap\\\/\",\"url\":\"https:\\\/\\\/lovme.pt\\\/index.php\\\/produto\\\/xpower-erection-power-tabs-20-cap\\\/\",\"name\":\"XPOWER - ERECTION POWER TABS 20 CAP - Lovme\",\"isPartOf\":{\"@id\":\"https:\\\/\\\/lovme.pt\\\/#website\"},\"primaryImageOfPage\":{\"@id\":\"https:\\\/\\\/lovme.pt\\\/index.php\\\/produto\\\/xpower-erection-power-tabs-20-cap\\\/#primaryimage\"},\"image\":{\"@id\":\"https:\\\/\\\/lovme.pt\\\/index.php\\\/produto\\\/xpower-erection-power-tabs-20-cap\\\/#primaryimage\"},\"thumbnailUrl\":\"https:\\\/\\\/erki24nd3ub.exactdn.com\\\/wp-content\\\/uploads\\\/dream\\\/img\\\/img_214458_81e3f976add5dbf68dc0d6d10f5a5ca1_1.jpg?strip=all\",\"datePublished\":\"2025-09-30T22:22:18+00:00\",\"dateModified\":\"2026-02-19T20:11:26+00:00\",\"breadcrumb\":{\"@id\":\"https:\\\/\\\/lovme.pt\\\/index.php\\\/produto\\\/xpower-erection-power-tabs-20-cap\\\/#breadcrumb\"},\"inLanguage\":\"pt-PT\",\"potentialAction\":[{\"@type\":\"ReadAction\",\"target\":[\"https:\\\/\\\/lovme.pt\\\/index.php\\\/produto\\\/xpower-erection-power-tabs-20-cap\\\/\"]}]},{\"@type\":\"ImageObject\",\"inLanguage\":\"pt-PT\",\"@id\":\"https:\\\/\\\/lovme.pt\\\/index.php\\\/produto\\\/xpower-erection-power-tabs-20-cap\\\/#primaryimage\",\"url\":\"https:\\\/\\\/erki24nd3ub.exactdn.com\\\/wp-content\\\/uploads\\\/dream\\\/img\\\/img_214458_81e3f976add5dbf68dc0d6d10f5a5ca1_1.jpg?strip=all\",\"contentUrl\":\"https:\\\/\\\/erki24nd3ub.exactdn.com\\\/wp-content\\\/uploads\\\/dream\\\/img\\\/img_214458_81e3f976add5dbf68dc0d6d10f5a5ca1_1.jpg?strip=all\",\"width\":800,\"height\":800},{\"@type\":\"BreadcrumbList\",\"@id\":\"https:\\\/\\\/lovme.pt\\\/index.php\\\/produto\\\/xpower-erection-power-tabs-20-cap\\\/#breadcrumb\",\"itemListElement\":[{\"@type\":\"ListItem\",\"position\":1,\"name\":\"In\u00edcio\",\"item\":\"https:\\\/\\\/lovme.pt\\\/\"},{\"@type\":\"ListItem\",\"position\":2,\"name\":\"Loja\",\"item\":\"https:\\\/\\\/lovme.pt\\\/index.php\\\/loja\\\/\"},{\"@type\":\"ListItem\",\"position\":3,\"name\":\"XPOWER &#8211; ERECTION POWER TABS 20 CAP\"}]},{\"@type\":\"WebSite\",\"@id\":\"https:\\\/\\\/lovme.pt\\\/#website\",\"url\":\"https:\\\/\\\/lovme.pt\\\/\",\"name\":\"Lovme Loja Er\u00f3tica N\u00ba1 em Portugal\",\"description\":\"A melhor loja er\u00f3tica de Portugal.\",\"alternateName\":\"Loja Er\u00f3tica Lovme\",\"potentialAction\":[{\"@type\":\"SearchAction\",\"target\":{\"@type\":\"EntryPoint\",\"urlTemplate\":\"https:\\\/\\\/lovme.pt\\\/?s={search_term_string}\"},\"query-input\":{\"@type\":\"PropertyValueSpecification\",\"valueRequired\":true,\"valueName\":\"search_term_string\"}}],\"inLanguage\":\"pt-PT\"}]}<\/script>\n<!-- \/ Yoast SEO plugin. -->","yoast_head_json":{"title":"XPOWER - ERECTION POWER TABS 20 CAP - Lovme","robots":{"index":"index","follow":"follow","max-snippet":"max-snippet:-1","max-image-preview":"max-image-preview:large","max-video-preview":"max-video-preview:-1"},"canonical":"https:\/\/lovme.pt\/index.php\/produto\/xpower-erection-power-tabs-20-cap\/","og_locale":"pt_PT","og_type":"article","og_title":"XPOWER - ERECTION POWER TABS 20 CAP - Lovme","og_description":"XPOWER - ERECTION POWER TABS 20 CAP","og_url":"https:\/\/lovme.pt\/index.php\/produto\/xpower-erection-power-tabs-20-cap\/","og_site_name":"Lovme","article_modified_time":"2026-02-19T20:11:26+00:00","og_image":[{"width":800,"height":800,"url":"https:\/\/erki24nd3ub.exactdn.com\/wp-content\/uploads\/dream\/img\/img_214458_81e3f976add5dbf68dc0d6d10f5a5ca1_1.jpg?strip=all","type":"image\/jpeg"}],"twitter_card":"summary_large_image","twitter_misc":{"Tempo estimado de leitura":"1 minuto"},"schema":{"@context":"https:\/\/schema.org","@graph":[{"@type":"WebPage","@id":"https:\/\/lovme.pt\/index.php\/produto\/xpower-erection-power-tabs-20-cap\/","url":"https:\/\/lovme.pt\/index.php\/produto\/xpower-erection-power-tabs-20-cap\/","name":"XPOWER - ERECTION POWER TABS 20 CAP - Lovme","isPartOf":{"@id":"https:\/\/lovme.pt\/#website"},"primaryImageOfPage":{"@id":"https:\/\/lovme.pt\/index.php\/produto\/xpower-erection-power-tabs-20-cap\/#primaryimage"},"image":{"@id":"https:\/\/lovme.pt\/index.php\/produto\/xpower-erection-power-tabs-20-cap\/#primaryimage"},"thumbnailUrl":"https:\/\/erki24nd3ub.exactdn.com\/wp-content\/uploads\/dream\/img\/img_214458_81e3f976add5dbf68dc0d6d10f5a5ca1_1.jpg?strip=all","datePublished":"2025-09-30T22:22:18+00:00","dateModified":"2026-02-19T20:11:26+00:00","breadcrumb":{"@id":"https:\/\/lovme.pt\/index.php\/produto\/xpower-erection-power-tabs-20-cap\/#breadcrumb"},"inLanguage":"pt-PT","potentialAction":[{"@type":"ReadAction","target":["https:\/\/lovme.pt\/index.php\/produto\/xpower-erection-power-tabs-20-cap\/"]}]},{"@type":"ImageObject","inLanguage":"pt-PT","@id":"https:\/\/lovme.pt\/index.php\/produto\/xpower-erection-power-tabs-20-cap\/#primaryimage","url":"https:\/\/erki24nd3ub.exactdn.com\/wp-content\/uploads\/dream\/img\/img_214458_81e3f976add5dbf68dc0d6d10f5a5ca1_1.jpg?strip=all","contentUrl":"https:\/\/erki24nd3ub.exactdn.com\/wp-content\/uploads\/dream\/img\/img_214458_81e3f976add5dbf68dc0d6d10f5a5ca1_1.jpg?strip=all","width":800,"height":800},{"@type":"BreadcrumbList","@id":"https:\/\/lovme.pt\/index.php\/produto\/xpower-erection-power-tabs-20-cap\/#breadcrumb","itemListElement":[{"@type":"ListItem","position":1,"name":"In\u00edcio","item":"https:\/\/lovme.pt\/"},{"@type":"ListItem","position":2,"name":"Loja","item":"https:\/\/lovme.pt\/index.php\/loja\/"},{"@type":"ListItem","position":3,"name":"XPOWER &#8211; ERECTION POWER TABS 20 CAP"}]},{"@type":"WebSite","@id":"https:\/\/lovme.pt\/#website","url":"https:\/\/lovme.pt\/","name":"Lovme Loja Er\u00f3tica N\u00ba1 em Portugal","description":"A melhor loja er\u00f3tica de Portugal.","alternateName":"Loja Er\u00f3tica Lovme","potentialAction":[{"@type":"SearchAction","target":{"@type":"EntryPoint","urlTemplate":"https:\/\/lovme.pt\/?s={search_term_string}"},"query-input":{"@type":"PropertyValueSpecification","valueRequired":true,"valueName":"search_term_string"}}],"inLanguage":"pt-PT"}]}},"_links":{"self":[{"href":"https:\/\/lovme.pt\/index.php\/wp-json\/wp\/v2\/product\/53708","targetHints":{"allow":["GET"]}}],"collection":[{"href":"https:\/\/lovme.pt\/index.php\/wp-json\/wp\/v2\/product"}],"about":[{"href":"https:\/\/lovme.pt\/index.php\/wp-json\/wp\/v2\/types\/product"}],"wp:featuredmedia":[{"embeddable":true,"href":"https:\/\/lovme.pt\/index.php\/wp-json\/wp\/v2\/media\/77215"}],"wp:attachment":[{"href":"https:\/\/lovme.pt\/index.php\/wp-json\/wp\/v2\/media?parent=53708"}],"wp:term":[{"taxonomy":"product_brand","embeddable":true,"href":"https:\/\/lovme.pt\/index.php\/wp-json\/wp\/v2\/product_brand?post=53708"},{"taxonomy":"product_cat","embeddable":true,"href":"https:\/\/lovme.pt\/index.php\/wp-json\/wp\/v2\/product_cat?post=53708"},{"taxonomy":"product_tag","embeddable":true,"href":"https:\/\/lovme.pt\/index.php\/wp-json\/wp\/v2\/product_tag?post=53708"}],"curies":[{"name":"wp","href":"https:\/\/api.w.org\/{rel}","templated":true}]}}