{"id":53705,"date":"2025-09-30T22:23:34","date_gmt":"2025-09-30T22:23:34","guid":{"rendered":"https:\/\/lovme.pt\/?post_type=product&p=53705"},"modified":"2026-02-19T20:11:31","modified_gmt":"2026-02-19T20:11:31","slug":"cobeco-cc-fabulous-breasts-90-tabs-es","status":"publish","type":"product","link":"https:\/\/lovme.pt\/index.php\/produto\/cobeco-cc-fabulous-breasts-90-tabs-es\/","title":{"rendered":"COBECO &#8211; CC FABULOUS BREASTS 90 TABS &#8211; ES"},"content":{"rendered":"<p>CC Fabulous Breasts Tabs ajuda a levantar e firmar naturalmente os seios por dentro. Estas pastilhas exclusivas podem fortalecer os m\u00fasculos peitorais e regularizar a sua fun\u00e7\u00e3o normal, gra\u00e7as a uma mistura equilibrada de Feno-grego e Sementes de Funcho, Saw Palmetto e C\u00e1lcio. CC Fabulous Breasts Tabs acentuam sua beleza natural por dentro.<\/p>\n<ul>\n<li>Ajuda a levantar e firmar os seios<\/li>\n<li>Com ingredientes naturais<\/li>\n<li>O c\u00e1lcio regula o funcionamento normal dos m\u00fasculos (peitorais)<\/li>\n<li>Acentue sua beleza natural por dentro<\/li>\n<\/ul>\n<p><strong>Informa\u00e7\u00f5es adicionais<\/strong><\/p>\n<p>\u00c9 uma prepara\u00e7\u00e3o \u00e0 base de ervas e minerais. Um suplemento alimentar n\u00e3o deve ser utilizado como substituto de uma dieta variada e equilibrada e de um estilo de vida saud\u00e1vel. Manter fora do alcance das crian\u00e7as. Conservar em local seco \u00e0 temperatura ambiente.<\/p>\n<p><strong>Conte\u00fado<\/strong><\/p>\n<p>90 c\u00e1psulas<\/p>\n<p><strong>Como funciona<\/strong><\/p>\n<p>Estes comprimidos cont\u00eam uma combina\u00e7\u00e3o equilibrada de Fenugreek e Funcho e Saw Palmetto, que naturalmente ajudam a levantar e firmar os seios, dando suporte aos m\u00fasculos peitorais e contribuindo para o funcionamento normal dos m\u00fasculos peitorais. As sementes de feno-grego e erva-doce t\u00eam efeitos naturais semelhantes aos do horm\u00f4nio feminino estrog\u00eanio. O estrog\u00eanio \u00e9 muito importante no desenvolvimento das caracter\u00edsticas sexuais femininas, incluindo o crescimento das mamas. Saw palmetto \u00e9 uma erva que \u00e9 uma fonte de \u00e1cidos graxos. Os \u00e1cidos graxos s\u00e3o uma parte indispens\u00e1vel da produ\u00e7\u00e3o hormonal e, portanto, s\u00e3o importantes para o equil\u00edbrio hormonal normal, incluindo a prolactina. O c\u00e1lcio contribui para a normaliza\u00e7\u00e3o do sistema muscular, incluindo a fun\u00e7\u00e3o do m\u00fasculo peitoral. Dong Quai cont\u00e9m v\u00e1rias subst\u00e2ncias ativas que mant\u00eam a sa\u00fade da mulher. As sementes de cominho s\u00e3o uma fonte de minerais essenciais para o corpo, incluindo magn\u00e9sio e ferro, que contribuem para o bem-estar f\u00edsico.<\/p>\n<p><strong>Ingredientes<\/strong><\/p>\n<p>Ingredientes por 3 comprimidos: 600 mg de bagas de Serenoa repens, 300 mg de c\u00e1lcio (carbonato de c\u00e1lcio) (38% IR*), 300 mg de sementes de feno-grego (Trigonella foenum-graecum), 300 mg de sementes de funcho (Foeniculum vulgare), carga do agente: E460, emulsionante: E464, cor E170, 75 mg de sementes de cominho (Cuminum cyminum), 45 mg de cardo aben\u00e7oado (Centaurea benedicta), 45 mg de Dong Quai (Angelica sinensis), 45 mg de pimenta malagueta (Capsicum annuum), antiaglomerantes: E470b, E570, Humectante: E1518, Cor: E172, Antiaglomerantes: E551, E553b, Cor: E124. *RI = Ingest\u00e3o de Refer\u00eancia.<\/p>\n<p><strong>Usar<\/strong><\/p>\n<p>Tome 3 comprimidos uma vez por dia com bastante \u00e1gua. N\u00e3o tome mais de 3 comprimidos em 24 horas. N\u00e3o exceda a dose di\u00e1ria recomendada.<\/p>\n<div>* Este produto cont\u00e9m uma etiqueta com instru\u00e7\u00f5es fornecidas nos seguintes idiomas: \/es\/it\/pt\/pl\/<\/div>\n","protected":false},"excerpt":{"rendered":"<p>EMBALAGEM DISPON\u00cdVEL EM: \/pt\/de\/fr\/es\/it\/nl\/<\/p>\n","protected":false},"featured_media":77403,"template":"","meta":{"_acf_changed":false},"product_brand":[],"product_cat":[49,52,70],"product_tag":[],"class_list":{"0":"post-53705","1":"product","2":"type-product","3":"status-publish","4":"has-post-thumbnail","6":"product_cat-cosmeticos","7":"product_cat-estimulantes","8":"product_cat-saude","9":"yith_product_brand-cobeco-pharmacobeco-female","10":"yith_product_brand-cobeco-pharma","12":"first","13":"instock","14":"taxable","15":"shipping-taxable","16":"purchasable","17":"product-type-simple"},"acf":[],"yoast_head":"<!-- This site is optimized with the Yoast SEO plugin v27.4 - https:\/\/yoast.com\/product\/yoast-seo-wordpress\/ -->\n<title>COBECO - CC FABULOUS BREASTS 90 TABS - ES - Lovme<\/title>\n<meta name=\"robots\" content=\"index, follow, max-snippet:-1, max-image-preview:large, max-video-preview:-1\" \/>\n<link rel=\"canonical\" href=\"https:\/\/lovme.pt\/index.php\/produto\/cobeco-cc-fabulous-breasts-90-tabs-es\/\" \/>\n<meta property=\"og:locale\" content=\"pt_PT\" \/>\n<meta property=\"og:type\" content=\"article\" \/>\n<meta property=\"og:title\" content=\"COBECO - CC FABULOUS BREASTS 90 TABS - ES - Lovme\" \/>\n<meta property=\"og:description\" content=\"EMBALAGEM DISPON\u00cdVEL EM: \/pt\/de\/fr\/es\/it\/nl\/\" \/>\n<meta property=\"og:url\" content=\"https:\/\/lovme.pt\/index.php\/produto\/cobeco-cc-fabulous-breasts-90-tabs-es\/\" \/>\n<meta property=\"og:site_name\" content=\"Lovme\" \/>\n<meta property=\"article:modified_time\" content=\"2026-02-19T20:11:31+00:00\" \/>\n<meta property=\"og:image\" content=\"https:\/\/erki24nd3ub.exactdn.com\/wp-content\/uploads\/dream\/img\/img_214453_c83950af6a7c0b81f75e62960448a533_1.jpg?strip=all\" \/>\n\t<meta property=\"og:image:width\" content=\"800\" \/>\n\t<meta property=\"og:image:height\" content=\"800\" \/>\n\t<meta property=\"og:image:type\" content=\"image\/jpeg\" \/>\n<meta name=\"twitter:card\" content=\"summary_large_image\" \/>\n<meta name=\"twitter:label1\" content=\"Tempo estimado de leitura\" \/>\n\t<meta name=\"twitter:data1\" content=\"2 minutos\" \/>\n<script type=\"application\/ld+json\" class=\"yoast-schema-graph\">{\"@context\":\"https:\\\/\\\/schema.org\",\"@graph\":[{\"@type\":\"WebPage\",\"@id\":\"https:\\\/\\\/lovme.pt\\\/index.php\\\/produto\\\/cobeco-cc-fabulous-breasts-90-tabs-es\\\/\",\"url\":\"https:\\\/\\\/lovme.pt\\\/index.php\\\/produto\\\/cobeco-cc-fabulous-breasts-90-tabs-es\\\/\",\"name\":\"COBECO - CC FABULOUS BREASTS 90 TABS - ES - Lovme\",\"isPartOf\":{\"@id\":\"https:\\\/\\\/lovme.pt\\\/#website\"},\"primaryImageOfPage\":{\"@id\":\"https:\\\/\\\/lovme.pt\\\/index.php\\\/produto\\\/cobeco-cc-fabulous-breasts-90-tabs-es\\\/#primaryimage\"},\"image\":{\"@id\":\"https:\\\/\\\/lovme.pt\\\/index.php\\\/produto\\\/cobeco-cc-fabulous-breasts-90-tabs-es\\\/#primaryimage\"},\"thumbnailUrl\":\"https:\\\/\\\/erki24nd3ub.exactdn.com\\\/wp-content\\\/uploads\\\/dream\\\/img\\\/img_214453_c83950af6a7c0b81f75e62960448a533_1.jpg?strip=all\",\"datePublished\":\"2025-09-30T22:23:34+00:00\",\"dateModified\":\"2026-02-19T20:11:31+00:00\",\"breadcrumb\":{\"@id\":\"https:\\\/\\\/lovme.pt\\\/index.php\\\/produto\\\/cobeco-cc-fabulous-breasts-90-tabs-es\\\/#breadcrumb\"},\"inLanguage\":\"pt-PT\",\"potentialAction\":[{\"@type\":\"ReadAction\",\"target\":[\"https:\\\/\\\/lovme.pt\\\/index.php\\\/produto\\\/cobeco-cc-fabulous-breasts-90-tabs-es\\\/\"]}]},{\"@type\":\"ImageObject\",\"inLanguage\":\"pt-PT\",\"@id\":\"https:\\\/\\\/lovme.pt\\\/index.php\\\/produto\\\/cobeco-cc-fabulous-breasts-90-tabs-es\\\/#primaryimage\",\"url\":\"https:\\\/\\\/erki24nd3ub.exactdn.com\\\/wp-content\\\/uploads\\\/dream\\\/img\\\/img_214453_c83950af6a7c0b81f75e62960448a533_1.jpg?strip=all\",\"contentUrl\":\"https:\\\/\\\/erki24nd3ub.exactdn.com\\\/wp-content\\\/uploads\\\/dream\\\/img\\\/img_214453_c83950af6a7c0b81f75e62960448a533_1.jpg?strip=all\",\"width\":800,\"height\":800},{\"@type\":\"BreadcrumbList\",\"@id\":\"https:\\\/\\\/lovme.pt\\\/index.php\\\/produto\\\/cobeco-cc-fabulous-breasts-90-tabs-es\\\/#breadcrumb\",\"itemListElement\":[{\"@type\":\"ListItem\",\"position\":1,\"name\":\"In\u00edcio\",\"item\":\"https:\\\/\\\/lovme.pt\\\/\"},{\"@type\":\"ListItem\",\"position\":2,\"name\":\"Loja\",\"item\":\"https:\\\/\\\/lovme.pt\\\/index.php\\\/loja\\\/\"},{\"@type\":\"ListItem\",\"position\":3,\"name\":\"COBECO &#8211; CC FABULOUS BREASTS 90 TABS &#8211; ES\"}]},{\"@type\":\"WebSite\",\"@id\":\"https:\\\/\\\/lovme.pt\\\/#website\",\"url\":\"https:\\\/\\\/lovme.pt\\\/\",\"name\":\"Lovme Loja Er\u00f3tica N\u00ba1 em Portugal\",\"description\":\"A melhor loja er\u00f3tica de Portugal.\",\"alternateName\":\"Loja Er\u00f3tica Lovme\",\"potentialAction\":[{\"@type\":\"SearchAction\",\"target\":{\"@type\":\"EntryPoint\",\"urlTemplate\":\"https:\\\/\\\/lovme.pt\\\/?s={search_term_string}\"},\"query-input\":{\"@type\":\"PropertyValueSpecification\",\"valueRequired\":true,\"valueName\":\"search_term_string\"}}],\"inLanguage\":\"pt-PT\"}]}<\/script>\n<!-- \/ Yoast SEO plugin. -->","yoast_head_json":{"title":"COBECO - CC FABULOUS BREASTS 90 TABS - ES - Lovme","robots":{"index":"index","follow":"follow","max-snippet":"max-snippet:-1","max-image-preview":"max-image-preview:large","max-video-preview":"max-video-preview:-1"},"canonical":"https:\/\/lovme.pt\/index.php\/produto\/cobeco-cc-fabulous-breasts-90-tabs-es\/","og_locale":"pt_PT","og_type":"article","og_title":"COBECO - CC FABULOUS BREASTS 90 TABS - ES - Lovme","og_description":"EMBALAGEM DISPON\u00cdVEL EM: \/pt\/de\/fr\/es\/it\/nl\/","og_url":"https:\/\/lovme.pt\/index.php\/produto\/cobeco-cc-fabulous-breasts-90-tabs-es\/","og_site_name":"Lovme","article_modified_time":"2026-02-19T20:11:31+00:00","og_image":[{"width":800,"height":800,"url":"https:\/\/erki24nd3ub.exactdn.com\/wp-content\/uploads\/dream\/img\/img_214453_c83950af6a7c0b81f75e62960448a533_1.jpg?strip=all","type":"image\/jpeg"}],"twitter_card":"summary_large_image","twitter_misc":{"Tempo estimado de leitura":"2 minutos"},"schema":{"@context":"https:\/\/schema.org","@graph":[{"@type":"WebPage","@id":"https:\/\/lovme.pt\/index.php\/produto\/cobeco-cc-fabulous-breasts-90-tabs-es\/","url":"https:\/\/lovme.pt\/index.php\/produto\/cobeco-cc-fabulous-breasts-90-tabs-es\/","name":"COBECO - CC FABULOUS BREASTS 90 TABS - ES - Lovme","isPartOf":{"@id":"https:\/\/lovme.pt\/#website"},"primaryImageOfPage":{"@id":"https:\/\/lovme.pt\/index.php\/produto\/cobeco-cc-fabulous-breasts-90-tabs-es\/#primaryimage"},"image":{"@id":"https:\/\/lovme.pt\/index.php\/produto\/cobeco-cc-fabulous-breasts-90-tabs-es\/#primaryimage"},"thumbnailUrl":"https:\/\/erki24nd3ub.exactdn.com\/wp-content\/uploads\/dream\/img\/img_214453_c83950af6a7c0b81f75e62960448a533_1.jpg?strip=all","datePublished":"2025-09-30T22:23:34+00:00","dateModified":"2026-02-19T20:11:31+00:00","breadcrumb":{"@id":"https:\/\/lovme.pt\/index.php\/produto\/cobeco-cc-fabulous-breasts-90-tabs-es\/#breadcrumb"},"inLanguage":"pt-PT","potentialAction":[{"@type":"ReadAction","target":["https:\/\/lovme.pt\/index.php\/produto\/cobeco-cc-fabulous-breasts-90-tabs-es\/"]}]},{"@type":"ImageObject","inLanguage":"pt-PT","@id":"https:\/\/lovme.pt\/index.php\/produto\/cobeco-cc-fabulous-breasts-90-tabs-es\/#primaryimage","url":"https:\/\/erki24nd3ub.exactdn.com\/wp-content\/uploads\/dream\/img\/img_214453_c83950af6a7c0b81f75e62960448a533_1.jpg?strip=all","contentUrl":"https:\/\/erki24nd3ub.exactdn.com\/wp-content\/uploads\/dream\/img\/img_214453_c83950af6a7c0b81f75e62960448a533_1.jpg?strip=all","width":800,"height":800},{"@type":"BreadcrumbList","@id":"https:\/\/lovme.pt\/index.php\/produto\/cobeco-cc-fabulous-breasts-90-tabs-es\/#breadcrumb","itemListElement":[{"@type":"ListItem","position":1,"name":"In\u00edcio","item":"https:\/\/lovme.pt\/"},{"@type":"ListItem","position":2,"name":"Loja","item":"https:\/\/lovme.pt\/index.php\/loja\/"},{"@type":"ListItem","position":3,"name":"COBECO &#8211; CC FABULOUS BREASTS 90 TABS &#8211; ES"}]},{"@type":"WebSite","@id":"https:\/\/lovme.pt\/#website","url":"https:\/\/lovme.pt\/","name":"Lovme Loja Er\u00f3tica N\u00ba1 em Portugal","description":"A melhor loja er\u00f3tica de Portugal.","alternateName":"Loja Er\u00f3tica Lovme","potentialAction":[{"@type":"SearchAction","target":{"@type":"EntryPoint","urlTemplate":"https:\/\/lovme.pt\/?s={search_term_string}"},"query-input":{"@type":"PropertyValueSpecification","valueRequired":true,"valueName":"search_term_string"}}],"inLanguage":"pt-PT"}]}},"_links":{"self":[{"href":"https:\/\/lovme.pt\/index.php\/wp-json\/wp\/v2\/product\/53705","targetHints":{"allow":["GET"]}}],"collection":[{"href":"https:\/\/lovme.pt\/index.php\/wp-json\/wp\/v2\/product"}],"about":[{"href":"https:\/\/lovme.pt\/index.php\/wp-json\/wp\/v2\/types\/product"}],"wp:featuredmedia":[{"embeddable":true,"href":"https:\/\/lovme.pt\/index.php\/wp-json\/wp\/v2\/media\/77403"}],"wp:attachment":[{"href":"https:\/\/lovme.pt\/index.php\/wp-json\/wp\/v2\/media?parent=53705"}],"wp:term":[{"taxonomy":"product_brand","embeddable":true,"href":"https:\/\/lovme.pt\/index.php\/wp-json\/wp\/v2\/product_brand?post=53705"},{"taxonomy":"product_cat","embeddable":true,"href":"https:\/\/lovme.pt\/index.php\/wp-json\/wp\/v2\/product_cat?post=53705"},{"taxonomy":"product_tag","embeddable":true,"href":"https:\/\/lovme.pt\/index.php\/wp-json\/wp\/v2\/product_tag?post=53705"}],"curies":[{"name":"wp","href":"https:\/\/api.w.org\/{rel}","templated":true}]}}