{"id":53704,"date":"2025-09-30T22:23:14","date_gmt":"2025-09-30T22:23:14","guid":{"rendered":"https:\/\/lovme.pt\/?post_type=product&p=53704"},"modified":"2026-02-19T20:11:29","modified_gmt":"2026-02-19T20:11:29","slug":"cobeco-gotas-de-orgasmo-quente-30-ml","status":"publish","type":"product","link":"https:\/\/lovme.pt\/index.php\/produto\/cobeco-gotas-de-orgasmo-quente-30-ml\/","title":{"rendered":"COBECO &#8211; GOTAS DE ORGASMO QUENTE 30 ML"},"content":{"rendered":"<p>Estimula o desempenho sexual com L-arginina e Vitamina C.<\/p>\n<p>Caracter\u00edsticas:<\/p>\n<ul>\n<li>Melhora o desempenho sexual<\/li>\n<li>Estimula a energia er\u00f3tica<\/li>\n<li>Apoia a vitalidade interior<\/li>\n<li>Estimula o desejo sexual e a intimidade<\/li>\n<\/ul>\n<p>Hot Orgasm &#8211; Erotic Drops estimulam a lux\u00faria de uma forma \u00fanica e proporcionam energia sexual extra e excita\u00e7\u00e3o er\u00f3tica ideal. Estas gotas d\u00e3o est\u00edmulo sexual e melhoram o desempenho f\u00edsico. Para divers\u00e3o extra.<\/p>\n<p>* Este produto cont\u00e9m uma etiqueta com instru\u00e7\u00f5es fornecidas nos seguintes idiomas: \/en\/de\/fr\/es\/it\/nl\/<\/p>\n","protected":false},"excerpt":{"rendered":"<p>COBECO &#8211; GOTAS DE ORGASMO QUENTE 30 ML<\/p>\n","protected":false},"featured_media":77359,"template":"","meta":{"_acf_changed":false},"product_brand":[],"product_cat":[49,52,70],"product_tag":[],"class_list":{"0":"post-53704","1":"product","2":"type-product","3":"status-publish","4":"has-post-thumbnail","6":"product_cat-cosmeticos","7":"product_cat-estimulantes","8":"product_cat-saude","9":"yith_product_brand-cobeco-pharma","11":"first","12":"instock","13":"taxable","14":"shipping-taxable","15":"purchasable","16":"product-type-simple"},"acf":[],"yoast_head":"<!-- This site is optimized with the Yoast SEO plugin v27.4 - https:\/\/yoast.com\/product\/yoast-seo-wordpress\/ -->\n<title>COBECO - GOTAS DE ORGASMO QUENTE 30 ML - Lovme<\/title>\n<meta name=\"robots\" content=\"index, follow, max-snippet:-1, max-image-preview:large, max-video-preview:-1\" \/>\n<link rel=\"canonical\" href=\"https:\/\/lovme.pt\/index.php\/produto\/cobeco-gotas-de-orgasmo-quente-30-ml\/\" \/>\n<meta property=\"og:locale\" content=\"pt_PT\" \/>\n<meta property=\"og:type\" content=\"article\" \/>\n<meta property=\"og:title\" content=\"COBECO - GOTAS DE ORGASMO QUENTE 30 ML - Lovme\" \/>\n<meta property=\"og:description\" content=\"COBECO - GOTAS DE ORGASMO QUENTE 30 ML\" \/>\n<meta property=\"og:url\" content=\"https:\/\/lovme.pt\/index.php\/produto\/cobeco-gotas-de-orgasmo-quente-30-ml\/\" \/>\n<meta property=\"og:site_name\" content=\"Lovme\" \/>\n<meta property=\"article:modified_time\" content=\"2026-02-19T20:11:29+00:00\" \/>\n<meta property=\"og:image\" content=\"https:\/\/erki24nd3ub.exactdn.com\/wp-content\/uploads\/dream\/img\/img_214451_cffeff907f98e518ad9784d1dedc0f54_1.jpg?strip=all\" \/>\n\t<meta property=\"og:image:width\" content=\"548\" \/>\n\t<meta property=\"og:image:height\" content=\"548\" \/>\n\t<meta property=\"og:image:type\" content=\"image\/jpeg\" \/>\n<meta name=\"twitter:card\" content=\"summary_large_image\" \/>\n<script type=\"application\/ld+json\" class=\"yoast-schema-graph\">{\"@context\":\"https:\\\/\\\/schema.org\",\"@graph\":[{\"@type\":\"WebPage\",\"@id\":\"https:\\\/\\\/lovme.pt\\\/index.php\\\/produto\\\/cobeco-gotas-de-orgasmo-quente-30-ml\\\/\",\"url\":\"https:\\\/\\\/lovme.pt\\\/index.php\\\/produto\\\/cobeco-gotas-de-orgasmo-quente-30-ml\\\/\",\"name\":\"COBECO - GOTAS DE ORGASMO QUENTE 30 ML - Lovme\",\"isPartOf\":{\"@id\":\"https:\\\/\\\/lovme.pt\\\/#website\"},\"primaryImageOfPage\":{\"@id\":\"https:\\\/\\\/lovme.pt\\\/index.php\\\/produto\\\/cobeco-gotas-de-orgasmo-quente-30-ml\\\/#primaryimage\"},\"image\":{\"@id\":\"https:\\\/\\\/lovme.pt\\\/index.php\\\/produto\\\/cobeco-gotas-de-orgasmo-quente-30-ml\\\/#primaryimage\"},\"thumbnailUrl\":\"https:\\\/\\\/erki24nd3ub.exactdn.com\\\/wp-content\\\/uploads\\\/dream\\\/img\\\/img_214451_cffeff907f98e518ad9784d1dedc0f54_1.jpg?strip=all\",\"datePublished\":\"2025-09-30T22:23:14+00:00\",\"dateModified\":\"2026-02-19T20:11:29+00:00\",\"breadcrumb\":{\"@id\":\"https:\\\/\\\/lovme.pt\\\/index.php\\\/produto\\\/cobeco-gotas-de-orgasmo-quente-30-ml\\\/#breadcrumb\"},\"inLanguage\":\"pt-PT\",\"potentialAction\":[{\"@type\":\"ReadAction\",\"target\":[\"https:\\\/\\\/lovme.pt\\\/index.php\\\/produto\\\/cobeco-gotas-de-orgasmo-quente-30-ml\\\/\"]}]},{\"@type\":\"ImageObject\",\"inLanguage\":\"pt-PT\",\"@id\":\"https:\\\/\\\/lovme.pt\\\/index.php\\\/produto\\\/cobeco-gotas-de-orgasmo-quente-30-ml\\\/#primaryimage\",\"url\":\"https:\\\/\\\/erki24nd3ub.exactdn.com\\\/wp-content\\\/uploads\\\/dream\\\/img\\\/img_214451_cffeff907f98e518ad9784d1dedc0f54_1.jpg?strip=all\",\"contentUrl\":\"https:\\\/\\\/erki24nd3ub.exactdn.com\\\/wp-content\\\/uploads\\\/dream\\\/img\\\/img_214451_cffeff907f98e518ad9784d1dedc0f54_1.jpg?strip=all\",\"width\":548,\"height\":548},{\"@type\":\"BreadcrumbList\",\"@id\":\"https:\\\/\\\/lovme.pt\\\/index.php\\\/produto\\\/cobeco-gotas-de-orgasmo-quente-30-ml\\\/#breadcrumb\",\"itemListElement\":[{\"@type\":\"ListItem\",\"position\":1,\"name\":\"In\u00edcio\",\"item\":\"https:\\\/\\\/lovme.pt\\\/\"},{\"@type\":\"ListItem\",\"position\":2,\"name\":\"Loja\",\"item\":\"https:\\\/\\\/lovme.pt\\\/index.php\\\/loja\\\/\"},{\"@type\":\"ListItem\",\"position\":3,\"name\":\"COBECO &#8211; GOTAS DE ORGASMO QUENTE 30 ML\"}]},{\"@type\":\"WebSite\",\"@id\":\"https:\\\/\\\/lovme.pt\\\/#website\",\"url\":\"https:\\\/\\\/lovme.pt\\\/\",\"name\":\"Lovme Loja Er\u00f3tica N\u00ba1 em Portugal\",\"description\":\"A melhor loja er\u00f3tica de Portugal.\",\"alternateName\":\"Loja Er\u00f3tica Lovme\",\"potentialAction\":[{\"@type\":\"SearchAction\",\"target\":{\"@type\":\"EntryPoint\",\"urlTemplate\":\"https:\\\/\\\/lovme.pt\\\/?s={search_term_string}\"},\"query-input\":{\"@type\":\"PropertyValueSpecification\",\"valueRequired\":true,\"valueName\":\"search_term_string\"}}],\"inLanguage\":\"pt-PT\"}]}<\/script>\n<!-- \/ Yoast SEO plugin. -->","yoast_head_json":{"title":"COBECO - GOTAS DE ORGASMO QUENTE 30 ML - Lovme","robots":{"index":"index","follow":"follow","max-snippet":"max-snippet:-1","max-image-preview":"max-image-preview:large","max-video-preview":"max-video-preview:-1"},"canonical":"https:\/\/lovme.pt\/index.php\/produto\/cobeco-gotas-de-orgasmo-quente-30-ml\/","og_locale":"pt_PT","og_type":"article","og_title":"COBECO - GOTAS DE ORGASMO QUENTE 30 ML - Lovme","og_description":"COBECO - GOTAS DE ORGASMO QUENTE 30 ML","og_url":"https:\/\/lovme.pt\/index.php\/produto\/cobeco-gotas-de-orgasmo-quente-30-ml\/","og_site_name":"Lovme","article_modified_time":"2026-02-19T20:11:29+00:00","og_image":[{"width":548,"height":548,"url":"https:\/\/erki24nd3ub.exactdn.com\/wp-content\/uploads\/dream\/img\/img_214451_cffeff907f98e518ad9784d1dedc0f54_1.jpg?strip=all","type":"image\/jpeg"}],"twitter_card":"summary_large_image","schema":{"@context":"https:\/\/schema.org","@graph":[{"@type":"WebPage","@id":"https:\/\/lovme.pt\/index.php\/produto\/cobeco-gotas-de-orgasmo-quente-30-ml\/","url":"https:\/\/lovme.pt\/index.php\/produto\/cobeco-gotas-de-orgasmo-quente-30-ml\/","name":"COBECO - GOTAS DE ORGASMO QUENTE 30 ML - Lovme","isPartOf":{"@id":"https:\/\/lovme.pt\/#website"},"primaryImageOfPage":{"@id":"https:\/\/lovme.pt\/index.php\/produto\/cobeco-gotas-de-orgasmo-quente-30-ml\/#primaryimage"},"image":{"@id":"https:\/\/lovme.pt\/index.php\/produto\/cobeco-gotas-de-orgasmo-quente-30-ml\/#primaryimage"},"thumbnailUrl":"https:\/\/erki24nd3ub.exactdn.com\/wp-content\/uploads\/dream\/img\/img_214451_cffeff907f98e518ad9784d1dedc0f54_1.jpg?strip=all","datePublished":"2025-09-30T22:23:14+00:00","dateModified":"2026-02-19T20:11:29+00:00","breadcrumb":{"@id":"https:\/\/lovme.pt\/index.php\/produto\/cobeco-gotas-de-orgasmo-quente-30-ml\/#breadcrumb"},"inLanguage":"pt-PT","potentialAction":[{"@type":"ReadAction","target":["https:\/\/lovme.pt\/index.php\/produto\/cobeco-gotas-de-orgasmo-quente-30-ml\/"]}]},{"@type":"ImageObject","inLanguage":"pt-PT","@id":"https:\/\/lovme.pt\/index.php\/produto\/cobeco-gotas-de-orgasmo-quente-30-ml\/#primaryimage","url":"https:\/\/erki24nd3ub.exactdn.com\/wp-content\/uploads\/dream\/img\/img_214451_cffeff907f98e518ad9784d1dedc0f54_1.jpg?strip=all","contentUrl":"https:\/\/erki24nd3ub.exactdn.com\/wp-content\/uploads\/dream\/img\/img_214451_cffeff907f98e518ad9784d1dedc0f54_1.jpg?strip=all","width":548,"height":548},{"@type":"BreadcrumbList","@id":"https:\/\/lovme.pt\/index.php\/produto\/cobeco-gotas-de-orgasmo-quente-30-ml\/#breadcrumb","itemListElement":[{"@type":"ListItem","position":1,"name":"In\u00edcio","item":"https:\/\/lovme.pt\/"},{"@type":"ListItem","position":2,"name":"Loja","item":"https:\/\/lovme.pt\/index.php\/loja\/"},{"@type":"ListItem","position":3,"name":"COBECO &#8211; GOTAS DE ORGASMO QUENTE 30 ML"}]},{"@type":"WebSite","@id":"https:\/\/lovme.pt\/#website","url":"https:\/\/lovme.pt\/","name":"Lovme Loja Er\u00f3tica N\u00ba1 em Portugal","description":"A melhor loja er\u00f3tica de Portugal.","alternateName":"Loja Er\u00f3tica Lovme","potentialAction":[{"@type":"SearchAction","target":{"@type":"EntryPoint","urlTemplate":"https:\/\/lovme.pt\/?s={search_term_string}"},"query-input":{"@type":"PropertyValueSpecification","valueRequired":true,"valueName":"search_term_string"}}],"inLanguage":"pt-PT"}]}},"_links":{"self":[{"href":"https:\/\/lovme.pt\/index.php\/wp-json\/wp\/v2\/product\/53704","targetHints":{"allow":["GET"]}}],"collection":[{"href":"https:\/\/lovme.pt\/index.php\/wp-json\/wp\/v2\/product"}],"about":[{"href":"https:\/\/lovme.pt\/index.php\/wp-json\/wp\/v2\/types\/product"}],"wp:featuredmedia":[{"embeddable":true,"href":"https:\/\/lovme.pt\/index.php\/wp-json\/wp\/v2\/media\/77359"}],"wp:attachment":[{"href":"https:\/\/lovme.pt\/index.php\/wp-json\/wp\/v2\/media?parent=53704"}],"wp:term":[{"taxonomy":"product_brand","embeddable":true,"href":"https:\/\/lovme.pt\/index.php\/wp-json\/wp\/v2\/product_brand?post=53704"},{"taxonomy":"product_cat","embeddable":true,"href":"https:\/\/lovme.pt\/index.php\/wp-json\/wp\/v2\/product_cat?post=53704"},{"taxonomy":"product_tag","embeddable":true,"href":"https:\/\/lovme.pt\/index.php\/wp-json\/wp\/v2\/product_tag?post=53704"}],"curies":[{"name":"wp","href":"https:\/\/api.w.org\/{rel}","templated":true}]}}