{"id":53697,"date":"2025-09-30T22:09:54","date_gmt":"2025-09-30T22:09:54","guid":{"rendered":"https:\/\/lovme.pt\/?post_type=product&p=53697"},"modified":"2026-02-19T20:09:26","modified_gmt":"2026-02-19T20:09:26","slug":"kiiroo-colecao-feel-lacy-lennon-masturbador-stars","status":"publish","type":"product","link":"https:\/\/lovme.pt\/index.php\/produto\/kiiroo-colecao-feel-lacy-lennon-masturbador-stars\/","title":{"rendered":"KIIROO &#8211; COLE\u00c7\u00c3O FEEL LACY LENNON MASTURBADOR STARS"},"content":{"rendered":"<p>Feel Lacy da Kiiroo &#8211; Inspirado em <strong>Lacy Lennon<\/strong> , FeelLacy d\u00e1 vida \u00e0 fantasia ruiva com uma entrada firme e sulcos em espiral que agarram e estimulam a cada movimento. Compat\u00edvel com Keon e PowerBlow para uma experi\u00eancia de prazer sincronizada e imersiva.<\/p>\n<p> <strong>Lacy Lennon<\/strong> &#8211; Iniciada em 2017 sob a dire\u00e7\u00e3o de Dennis Hof no Moonlite Bunny Ranch, Lacy Lennon era uma conhecida acompanhante legal com apenas 20 anos. Jovem, brincalhona e com vontade de mais, ela abandonou o estilo de vida de acompanhante aos 21 anos para ingressar na ind\u00fastria pornogr\u00e1fica. Com mais de 430 cr\u00e9ditos profissionais no IAFD, 27 indica\u00e7\u00f5es a pr\u00eamios, 6 vit\u00f3rias e o t\u00edtulo de Pet do Ano da Penthouse em 2020, Lacy mergulhou em uma ind\u00fastria que rapidamente se tornou seu lar.<\/p>\n<p> <strong>Feel Lacy<\/strong> &#8211; Lacy Lennon \u00e9 a fantasia de uma ruiva que se tornou realidade. Com sua apar\u00eancia marcante, performances inesquec\u00edveis e presen\u00e7a magn\u00e9tica na tela, n\u00e3o \u00e9 de se admirar que ela seja a favorita dos f\u00e3s em todo o mundo. Agora, os f\u00e3s podem experimentar a verdadeira sensa\u00e7\u00e3o de estar com ela atrav\u00e9s do masturbador FeelLacy. O FeelLacy apresenta uma entrada estreita, moldada \u00e0 imagem da pr\u00f3pria Lacy Lennon, seguida por um padr\u00e3o espiral de sulcos que provocam e estimulam a cada toque satisfat\u00f3rio. Feito com materiais premium e seguros para o corpo, para uma sensa\u00e7\u00e3o realista e natural, o FeelLacy simula a experi\u00eancia de estar com a pr\u00f3pria Lacy. \u00c9 totalmente compat\u00edvel com o Keon, o masturbador masculino autom\u00e1tico; o PowerBlow, a m\u00e1quina de sexo oral; e o Control, o controlador interativo, que d\u00e1 vida a cada cena de Lacy Lennon como nunca antes.<\/p>\n<p> <u><strong>ESPECIFICA\u00c7\u00d5ES:<\/strong><\/u><\/p>\n<ul>\n<li> Material do Stroker: ABS, PC<\/li>\n<li> Material da manga interna: TPE<\/li>\n<li> Comprimento total: 22 cm<\/li>\n<li> Di\u00e2metro mais estreito: 1,17 cm<\/li>\n<li> Di\u00e2metro m\u00e1ximo: 2,26 cm<\/li>\n<li> Altura da ranhura de abertura: 2,3 cm<\/li>\n<li> Di\u00e2metro ideal: 2 cm a 4,4 cm<\/li>\n<\/ul>\n<p> <u><strong>Conte\u00fado da caixa:<\/strong><\/u><\/p>\n<ul>\n<li> 1x Stroker FeelLacy Lennon da Kiiroo<\/li>\n<\/ul>\n","protected":false},"excerpt":{"rendered":"<p>KIIROO &#8211; COLE\u00c7\u00c3O FEEL LACY LENNON MASTURBADOR STARS<\/p>\n","protected":false},"featured_media":74591,"template":"","meta":{"_acf_changed":false},"product_brand":[],"product_cat":[17,58,60],"product_tag":[],"class_list":{"0":"post-53697","1":"product","2":"type-product","3":"status-publish","4":"has-post-thumbnail","6":"product_cat-brinquedos-de-bem-estar-sexual","7":"product_cat-masturbadores-para-penis","8":"product_cat-para-eles","9":"yith_product_brand-kiiroo","11":"first","12":"instock","13":"taxable","14":"shipping-taxable","15":"purchasable","16":"product-type-simple"},"acf":[],"yoast_head":"<!-- This site is optimized with the Yoast SEO plugin v27.4 - https:\/\/yoast.com\/product\/yoast-seo-wordpress\/ -->\n<title>KIIROO - COLE\u00c7\u00c3O FEEL LACY LENNON MASTURBADOR STARS - Lovme<\/title>\n<meta name=\"robots\" content=\"index, follow, max-snippet:-1, max-image-preview:large, max-video-preview:-1\" \/>\n<link rel=\"canonical\" href=\"https:\/\/lovme.pt\/index.php\/produto\/kiiroo-colecao-feel-lacy-lennon-masturbador-stars\/\" \/>\n<meta property=\"og:locale\" content=\"pt_PT\" \/>\n<meta property=\"og:type\" content=\"article\" \/>\n<meta property=\"og:title\" content=\"KIIROO - COLE\u00c7\u00c3O FEEL LACY LENNON MASTURBADOR STARS - Lovme\" \/>\n<meta property=\"og:description\" content=\"KIIROO - COLE\u00c7\u00c3O FEEL LACY LENNON MASTURBADOR STARS\" \/>\n<meta property=\"og:url\" content=\"https:\/\/lovme.pt\/index.php\/produto\/kiiroo-colecao-feel-lacy-lennon-masturbador-stars\/\" \/>\n<meta property=\"og:site_name\" content=\"Lovme\" \/>\n<meta property=\"article:modified_time\" content=\"2026-02-19T20:09:26+00:00\" \/>\n<meta property=\"og:image\" content=\"https:\/\/erki24nd3ub.exactdn.com\/wp-content\/uploads\/dream\/img\/img_214368_b7cebe7682984116de6e5d94c17da236_1.jpg?strip=all\" \/>\n\t<meta property=\"og:image:width\" content=\"900\" \/>\n\t<meta property=\"og:image:height\" content=\"900\" \/>\n\t<meta property=\"og:image:type\" content=\"image\/jpeg\" \/>\n<meta name=\"twitter:card\" content=\"summary_large_image\" \/>\n<meta name=\"twitter:label1\" content=\"Tempo estimado de leitura\" \/>\n\t<meta name=\"twitter:data1\" content=\"2 minutos\" \/>\n<script type=\"application\/ld+json\" class=\"yoast-schema-graph\">{\"@context\":\"https:\\\/\\\/schema.org\",\"@graph\":[{\"@type\":\"WebPage\",\"@id\":\"https:\\\/\\\/lovme.pt\\\/index.php\\\/produto\\\/kiiroo-colecao-feel-lacy-lennon-masturbador-stars\\\/\",\"url\":\"https:\\\/\\\/lovme.pt\\\/index.php\\\/produto\\\/kiiroo-colecao-feel-lacy-lennon-masturbador-stars\\\/\",\"name\":\"KIIROO - COLE\u00c7\u00c3O FEEL LACY LENNON MASTURBADOR STARS - Lovme\",\"isPartOf\":{\"@id\":\"https:\\\/\\\/lovme.pt\\\/#website\"},\"primaryImageOfPage\":{\"@id\":\"https:\\\/\\\/lovme.pt\\\/index.php\\\/produto\\\/kiiroo-colecao-feel-lacy-lennon-masturbador-stars\\\/#primaryimage\"},\"image\":{\"@id\":\"https:\\\/\\\/lovme.pt\\\/index.php\\\/produto\\\/kiiroo-colecao-feel-lacy-lennon-masturbador-stars\\\/#primaryimage\"},\"thumbnailUrl\":\"https:\\\/\\\/erki24nd3ub.exactdn.com\\\/wp-content\\\/uploads\\\/dream\\\/img\\\/img_214368_b7cebe7682984116de6e5d94c17da236_1.jpg?strip=all\",\"datePublished\":\"2025-09-30T22:09:54+00:00\",\"dateModified\":\"2026-02-19T20:09:26+00:00\",\"breadcrumb\":{\"@id\":\"https:\\\/\\\/lovme.pt\\\/index.php\\\/produto\\\/kiiroo-colecao-feel-lacy-lennon-masturbador-stars\\\/#breadcrumb\"},\"inLanguage\":\"pt-PT\",\"potentialAction\":[{\"@type\":\"ReadAction\",\"target\":[\"https:\\\/\\\/lovme.pt\\\/index.php\\\/produto\\\/kiiroo-colecao-feel-lacy-lennon-masturbador-stars\\\/\"]}]},{\"@type\":\"ImageObject\",\"inLanguage\":\"pt-PT\",\"@id\":\"https:\\\/\\\/lovme.pt\\\/index.php\\\/produto\\\/kiiroo-colecao-feel-lacy-lennon-masturbador-stars\\\/#primaryimage\",\"url\":\"https:\\\/\\\/erki24nd3ub.exactdn.com\\\/wp-content\\\/uploads\\\/dream\\\/img\\\/img_214368_b7cebe7682984116de6e5d94c17da236_1.jpg?strip=all\",\"contentUrl\":\"https:\\\/\\\/erki24nd3ub.exactdn.com\\\/wp-content\\\/uploads\\\/dream\\\/img\\\/img_214368_b7cebe7682984116de6e5d94c17da236_1.jpg?strip=all\",\"width\":900,\"height\":900},{\"@type\":\"BreadcrumbList\",\"@id\":\"https:\\\/\\\/lovme.pt\\\/index.php\\\/produto\\\/kiiroo-colecao-feel-lacy-lennon-masturbador-stars\\\/#breadcrumb\",\"itemListElement\":[{\"@type\":\"ListItem\",\"position\":1,\"name\":\"In\u00edcio\",\"item\":\"https:\\\/\\\/lovme.pt\\\/\"},{\"@type\":\"ListItem\",\"position\":2,\"name\":\"Loja\",\"item\":\"https:\\\/\\\/lovme.pt\\\/index.php\\\/loja\\\/\"},{\"@type\":\"ListItem\",\"position\":3,\"name\":\"KIIROO &#8211; COLE\u00c7\u00c3O FEEL LACY LENNON MASTURBADOR STARS\"}]},{\"@type\":\"WebSite\",\"@id\":\"https:\\\/\\\/lovme.pt\\\/#website\",\"url\":\"https:\\\/\\\/lovme.pt\\\/\",\"name\":\"Lovme Loja Er\u00f3tica N\u00ba1 em Portugal\",\"description\":\"A melhor loja er\u00f3tica de Portugal.\",\"alternateName\":\"Loja Er\u00f3tica Lovme\",\"potentialAction\":[{\"@type\":\"SearchAction\",\"target\":{\"@type\":\"EntryPoint\",\"urlTemplate\":\"https:\\\/\\\/lovme.pt\\\/?s={search_term_string}\"},\"query-input\":{\"@type\":\"PropertyValueSpecification\",\"valueRequired\":true,\"valueName\":\"search_term_string\"}}],\"inLanguage\":\"pt-PT\"}]}<\/script>\n<!-- \/ Yoast SEO plugin. -->","yoast_head_json":{"title":"KIIROO - COLE\u00c7\u00c3O FEEL LACY LENNON MASTURBADOR STARS - Lovme","robots":{"index":"index","follow":"follow","max-snippet":"max-snippet:-1","max-image-preview":"max-image-preview:large","max-video-preview":"max-video-preview:-1"},"canonical":"https:\/\/lovme.pt\/index.php\/produto\/kiiroo-colecao-feel-lacy-lennon-masturbador-stars\/","og_locale":"pt_PT","og_type":"article","og_title":"KIIROO - COLE\u00c7\u00c3O FEEL LACY LENNON MASTURBADOR STARS - Lovme","og_description":"KIIROO - COLE\u00c7\u00c3O FEEL LACY LENNON MASTURBADOR STARS","og_url":"https:\/\/lovme.pt\/index.php\/produto\/kiiroo-colecao-feel-lacy-lennon-masturbador-stars\/","og_site_name":"Lovme","article_modified_time":"2026-02-19T20:09:26+00:00","og_image":[{"width":900,"height":900,"url":"https:\/\/erki24nd3ub.exactdn.com\/wp-content\/uploads\/dream\/img\/img_214368_b7cebe7682984116de6e5d94c17da236_1.jpg?strip=all","type":"image\/jpeg"}],"twitter_card":"summary_large_image","twitter_misc":{"Tempo estimado de leitura":"2 minutos"},"schema":{"@context":"https:\/\/schema.org","@graph":[{"@type":"WebPage","@id":"https:\/\/lovme.pt\/index.php\/produto\/kiiroo-colecao-feel-lacy-lennon-masturbador-stars\/","url":"https:\/\/lovme.pt\/index.php\/produto\/kiiroo-colecao-feel-lacy-lennon-masturbador-stars\/","name":"KIIROO - COLE\u00c7\u00c3O FEEL LACY LENNON MASTURBADOR STARS - Lovme","isPartOf":{"@id":"https:\/\/lovme.pt\/#website"},"primaryImageOfPage":{"@id":"https:\/\/lovme.pt\/index.php\/produto\/kiiroo-colecao-feel-lacy-lennon-masturbador-stars\/#primaryimage"},"image":{"@id":"https:\/\/lovme.pt\/index.php\/produto\/kiiroo-colecao-feel-lacy-lennon-masturbador-stars\/#primaryimage"},"thumbnailUrl":"https:\/\/erki24nd3ub.exactdn.com\/wp-content\/uploads\/dream\/img\/img_214368_b7cebe7682984116de6e5d94c17da236_1.jpg?strip=all","datePublished":"2025-09-30T22:09:54+00:00","dateModified":"2026-02-19T20:09:26+00:00","breadcrumb":{"@id":"https:\/\/lovme.pt\/index.php\/produto\/kiiroo-colecao-feel-lacy-lennon-masturbador-stars\/#breadcrumb"},"inLanguage":"pt-PT","potentialAction":[{"@type":"ReadAction","target":["https:\/\/lovme.pt\/index.php\/produto\/kiiroo-colecao-feel-lacy-lennon-masturbador-stars\/"]}]},{"@type":"ImageObject","inLanguage":"pt-PT","@id":"https:\/\/lovme.pt\/index.php\/produto\/kiiroo-colecao-feel-lacy-lennon-masturbador-stars\/#primaryimage","url":"https:\/\/erki24nd3ub.exactdn.com\/wp-content\/uploads\/dream\/img\/img_214368_b7cebe7682984116de6e5d94c17da236_1.jpg?strip=all","contentUrl":"https:\/\/erki24nd3ub.exactdn.com\/wp-content\/uploads\/dream\/img\/img_214368_b7cebe7682984116de6e5d94c17da236_1.jpg?strip=all","width":900,"height":900},{"@type":"BreadcrumbList","@id":"https:\/\/lovme.pt\/index.php\/produto\/kiiroo-colecao-feel-lacy-lennon-masturbador-stars\/#breadcrumb","itemListElement":[{"@type":"ListItem","position":1,"name":"In\u00edcio","item":"https:\/\/lovme.pt\/"},{"@type":"ListItem","position":2,"name":"Loja","item":"https:\/\/lovme.pt\/index.php\/loja\/"},{"@type":"ListItem","position":3,"name":"KIIROO &#8211; COLE\u00c7\u00c3O FEEL LACY LENNON MASTURBADOR STARS"}]},{"@type":"WebSite","@id":"https:\/\/lovme.pt\/#website","url":"https:\/\/lovme.pt\/","name":"Lovme Loja Er\u00f3tica N\u00ba1 em Portugal","description":"A melhor loja er\u00f3tica de Portugal.","alternateName":"Loja Er\u00f3tica Lovme","potentialAction":[{"@type":"SearchAction","target":{"@type":"EntryPoint","urlTemplate":"https:\/\/lovme.pt\/?s={search_term_string}"},"query-input":{"@type":"PropertyValueSpecification","valueRequired":true,"valueName":"search_term_string"}}],"inLanguage":"pt-PT"}]}},"_links":{"self":[{"href":"https:\/\/lovme.pt\/index.php\/wp-json\/wp\/v2\/product\/53697","targetHints":{"allow":["GET"]}}],"collection":[{"href":"https:\/\/lovme.pt\/index.php\/wp-json\/wp\/v2\/product"}],"about":[{"href":"https:\/\/lovme.pt\/index.php\/wp-json\/wp\/v2\/types\/product"}],"wp:featuredmedia":[{"embeddable":true,"href":"https:\/\/lovme.pt\/index.php\/wp-json\/wp\/v2\/media\/74591"}],"wp:attachment":[{"href":"https:\/\/lovme.pt\/index.php\/wp-json\/wp\/v2\/media?parent=53697"}],"wp:term":[{"taxonomy":"product_brand","embeddable":true,"href":"https:\/\/lovme.pt\/index.php\/wp-json\/wp\/v2\/product_brand?post=53697"},{"taxonomy":"product_cat","embeddable":true,"href":"https:\/\/lovme.pt\/index.php\/wp-json\/wp\/v2\/product_cat?post=53697"},{"taxonomy":"product_tag","embeddable":true,"href":"https:\/\/lovme.pt\/index.php\/wp-json\/wp\/v2\/product_tag?post=53697"}],"curies":[{"name":"wp","href":"https:\/\/api.w.org\/{rel}","templated":true}]}}