{"id":53695,"date":"2025-10-01T02:29:56","date_gmt":"2025-10-01T02:29:56","guid":{"rendered":"https:\/\/lovme.pt\/?post_type=product&p=53695"},"modified":"2026-02-19T20:19:11","modified_gmt":"2026-02-19T20:19:11","slug":"kiiroo-keon-wifi-combo-victoria-june-masturbador-automatico-feel-stroker","status":"publish","type":"product","link":"https:\/\/lovme.pt\/index.php\/produto\/kiiroo-keon-wifi-combo-victoria-june-masturbador-automatico-feel-stroker\/","title":{"rendered":"KIIROO &#8211; KEON WIFI COMBO VICTORIA JUNE MASTURBADOR AUTOM\u00c1TICO + FEEL STROKER"},"content":{"rendered":"<p><strong>FeelVictoria com Keon WiFi: Prazer Fluido e Aprimorado<\/strong><br \/>Descubra um novo n\u00edvel de prazer interativo com o masturbador FeelVictoria e o Keon WiFi, o masturbador autom\u00e1tico projetado para sincroniza\u00e7\u00e3o fluida e em tempo real com realidade virtual, v\u00eddeos e conte\u00fado interativo. O design elegante, a pegada ergon\u00f4mica e o mecanismo de movimento preciso do Keon WiFi proporcionam prazer intenso e automatizado, enquanto o FeelVictoria adiciona uma textura realista e uma pegada satisfat\u00f3ria a cada movimento.<\/p>\n<p><strong>Prazer perfeitamente sincronizado &#8211; Projetado para um prazer suave e responsivo, o Keon WiFi sincroniza em tempo real com seus conte\u00fados favoritos, shows de c\u00e2mera e casais conectados. Sincronize movimentos com conte\u00fado 2D em mais de 200 sites adultos no FeelMe AI www.FeelMe.com, conecte-se diretamente a webcams interativas ou pareie com seu parceiro usando o aplicativo FeelConnect para uma intimidade imersiva, independentemente da dist\u00e2ncia.<\/strong><\/p>\n<p><strong>Experimente o FeelVictoria &#8211; Moldado com base na pr\u00f3pria Victoria June, este masturbador ultrarrealista acaricia e estimula todos os pontos-chave. Seu t\u00fanel texturizado \u00e9 revestido com sulcos profundos e espirais para uma estimula\u00e7\u00e3o intensa. Use-o com o Keon WiFi e sincronize seus movimentos com suas cenas mais quentes para um prazer totalmente imersivo.<\/strong><\/p>\n<p><strong>Compatibilidade com Wi-Fi e Bluetooth &#8211;<\/strong> O Keon WiFi oferece diversas op\u00e7\u00f5es de conex\u00e3o, incluindo Wi-Fi e Bluetooth, para uma sincroniza\u00e7\u00e3o suave e confi\u00e1vel em todas as suas plataformas favoritas. Seja transmitindo v\u00eddeos, jogando ou navegando por conte\u00fado ao vivo, o Keon WiFi responde em tempo real para proporcionar prazer imersivo e ininterrupto em todos os momentos.<\/p>\n<p><u>CARACTER\u00cdSTICAS<\/u> :<\/p>\n<ul>\n<li>Comprimento do curso control\u00e1vel com at\u00e9 230 cursos por minuto.<\/li>\n<li>Uso viva-voz com acess\u00f3rios Keon.<\/li>\n<li>Masturbador moldado Victoria June.<\/li>\n<li>Conecte-se com seu parceiro usando o FeelConnect.<\/li>\n<li>Conecte-se a conte\u00fado adulto com o AI FeelMe.<\/li>\n<li>Formato ergon\u00f4mico e controle de pegada intuitivo.<\/li>\n<li>Configura\u00e7\u00f5es e plugins personaliz\u00e1veis.<\/li>\n<li>Conex\u00e3o com dispositivos parceiros.<\/li>\n<li>Wi-Fi e Bluetooth ativados para sincroniza\u00e7\u00e3o perfeita.<\/li>\n<\/ul>\n<p><u><strong>ESPECIFICA\u00c7\u00d5ES:<\/strong><\/u><\/p>\n<ul>\n<li><strong>Keon:<\/strong>\n<ul>\n<li>Materiais: ABS, PC, Silicone<\/li>\n<li>Acabamento: fosco e brilhante<\/li>\n<li>Peso: 1,16 kg<\/li>\n<li>Altura: 230 mm<\/li>\n<li>Largura: 130 mm<\/li>\n<li>Comprimento: 146 mm<\/li>\n<li>Bateria: \u00edon de l\u00edtio 700 mAh<\/li>\n<li>Resistente \u00e0 \u00e1gua: N\u00e3o<\/li>\n<\/ul>\n<\/li>\n<li><strong>Sinta Victoria June:<\/strong>\n<ul>\n<li>Materiais: ABS, PC, TPE<\/li>\n<li>Peso: 585 g<\/li>\n<li>Altura: 235 mm<\/li>\n<li>Largura: 88 mm<\/li>\n<li>Comprimento: 88 mm<\/li>\n<li>Resistente \u00e0 \u00e1gua: Sim<\/li>\n<\/ul>\n<\/li>\n<\/ul>\n<p><u><strong>Conte\u00fado da caixa:<\/strong><\/u><\/p>\n<ul>\n<li>1 x Keon da Kiiroo<\/li>\n<li>1 x FeelVictoria Stroker<\/li>\n<li>1 x cabo de carregamento USB<\/li>\n<li>1 x Cart\u00e3o de C\u00f3digo<\/li>\n<\/ul>\n","protected":false},"excerpt":{"rendered":"<p>KIIROO &#8211; KEON WIFI COMBO VICTORIA JUNE MASTURBADOR AUTOM\u00c1TICO + FEEL STROKER<\/p>\n","protected":false},"featured_media":97260,"template":"","meta":{"_acf_changed":false},"product_brand":[],"product_cat":[17,58,60],"product_tag":[],"class_list":{"0":"post-53695","1":"product","2":"type-product","3":"status-publish","4":"has-post-thumbnail","6":"product_cat-brinquedos-de-bem-estar-sexual","7":"product_cat-masturbadores-para-penis","8":"product_cat-para-eles","9":"yith_product_brand-kiiroo","11":"first","12":"instock","13":"taxable","14":"shipping-taxable","15":"purchasable","16":"product-type-simple"},"acf":[],"yoast_head":"<!-- This site is optimized with the Yoast SEO plugin v27.4 - https:\/\/yoast.com\/product\/yoast-seo-wordpress\/ -->\n<title>KIIROO - KEON WIFI COMBO VICTORIA JUNE MASTURBADOR AUTOM\u00c1TICO + FEEL STROKER - Lovme<\/title>\n<meta name=\"robots\" content=\"index, follow, max-snippet:-1, max-image-preview:large, max-video-preview:-1\" \/>\n<link rel=\"canonical\" href=\"https:\/\/lovme.pt\/index.php\/produto\/kiiroo-keon-wifi-combo-victoria-june-masturbador-automatico-feel-stroker\/\" \/>\n<meta property=\"og:locale\" content=\"pt_PT\" \/>\n<meta property=\"og:type\" content=\"article\" \/>\n<meta property=\"og:title\" content=\"KIIROO - KEON WIFI COMBO VICTORIA JUNE MASTURBADOR AUTOM\u00c1TICO + FEEL STROKER - Lovme\" \/>\n<meta property=\"og:description\" content=\"KIIROO - KEON WIFI COMBO VICTORIA JUNE MASTURBADOR AUTOM\u00c1TICO + FEEL STROKER\" \/>\n<meta property=\"og:url\" content=\"https:\/\/lovme.pt\/index.php\/produto\/kiiroo-keon-wifi-combo-victoria-june-masturbador-automatico-feel-stroker\/\" \/>\n<meta property=\"og:site_name\" content=\"Lovme\" \/>\n<meta property=\"article:modified_time\" content=\"2026-02-19T20:19:11+00:00\" \/>\n<meta property=\"og:image\" content=\"https:\/\/erki24nd3ub.exactdn.com\/wp-content\/uploads\/dream\/img\/img_214378_d701ef5cdd1477420ace3b781a93d671_1.jpg?strip=all\" \/>\n\t<meta property=\"og:image:width\" content=\"900\" \/>\n\t<meta property=\"og:image:height\" content=\"900\" \/>\n\t<meta property=\"og:image:type\" content=\"image\/jpeg\" \/>\n<meta name=\"twitter:card\" content=\"summary_large_image\" \/>\n<meta name=\"twitter:label1\" content=\"Tempo estimado de leitura\" \/>\n\t<meta name=\"twitter:data1\" content=\"2 minutos\" \/>\n<script type=\"application\/ld+json\" class=\"yoast-schema-graph\">{\"@context\":\"https:\\\/\\\/schema.org\",\"@graph\":[{\"@type\":\"WebPage\",\"@id\":\"https:\\\/\\\/lovme.pt\\\/index.php\\\/produto\\\/kiiroo-keon-wifi-combo-victoria-june-masturbador-automatico-feel-stroker\\\/\",\"url\":\"https:\\\/\\\/lovme.pt\\\/index.php\\\/produto\\\/kiiroo-keon-wifi-combo-victoria-june-masturbador-automatico-feel-stroker\\\/\",\"name\":\"KIIROO - KEON WIFI COMBO VICTORIA JUNE MASTURBADOR AUTOM\u00c1TICO + FEEL STROKER - Lovme\",\"isPartOf\":{\"@id\":\"https:\\\/\\\/lovme.pt\\\/#website\"},\"primaryImageOfPage\":{\"@id\":\"https:\\\/\\\/lovme.pt\\\/index.php\\\/produto\\\/kiiroo-keon-wifi-combo-victoria-june-masturbador-automatico-feel-stroker\\\/#primaryimage\"},\"image\":{\"@id\":\"https:\\\/\\\/lovme.pt\\\/index.php\\\/produto\\\/kiiroo-keon-wifi-combo-victoria-june-masturbador-automatico-feel-stroker\\\/#primaryimage\"},\"thumbnailUrl\":\"https:\\\/\\\/erki24nd3ub.exactdn.com\\\/wp-content\\\/uploads\\\/dream\\\/img\\\/img_214378_d701ef5cdd1477420ace3b781a93d671_1.jpg?strip=all\",\"datePublished\":\"2025-10-01T02:29:56+00:00\",\"dateModified\":\"2026-02-19T20:19:11+00:00\",\"breadcrumb\":{\"@id\":\"https:\\\/\\\/lovme.pt\\\/index.php\\\/produto\\\/kiiroo-keon-wifi-combo-victoria-june-masturbador-automatico-feel-stroker\\\/#breadcrumb\"},\"inLanguage\":\"pt-PT\",\"potentialAction\":[{\"@type\":\"ReadAction\",\"target\":[\"https:\\\/\\\/lovme.pt\\\/index.php\\\/produto\\\/kiiroo-keon-wifi-combo-victoria-june-masturbador-automatico-feel-stroker\\\/\"]}]},{\"@type\":\"ImageObject\",\"inLanguage\":\"pt-PT\",\"@id\":\"https:\\\/\\\/lovme.pt\\\/index.php\\\/produto\\\/kiiroo-keon-wifi-combo-victoria-june-masturbador-automatico-feel-stroker\\\/#primaryimage\",\"url\":\"https:\\\/\\\/erki24nd3ub.exactdn.com\\\/wp-content\\\/uploads\\\/dream\\\/img\\\/img_214378_d701ef5cdd1477420ace3b781a93d671_1.jpg?strip=all\",\"contentUrl\":\"https:\\\/\\\/erki24nd3ub.exactdn.com\\\/wp-content\\\/uploads\\\/dream\\\/img\\\/img_214378_d701ef5cdd1477420ace3b781a93d671_1.jpg?strip=all\",\"width\":900,\"height\":900},{\"@type\":\"BreadcrumbList\",\"@id\":\"https:\\\/\\\/lovme.pt\\\/index.php\\\/produto\\\/kiiroo-keon-wifi-combo-victoria-june-masturbador-automatico-feel-stroker\\\/#breadcrumb\",\"itemListElement\":[{\"@type\":\"ListItem\",\"position\":1,\"name\":\"In\u00edcio\",\"item\":\"https:\\\/\\\/lovme.pt\\\/\"},{\"@type\":\"ListItem\",\"position\":2,\"name\":\"Loja\",\"item\":\"https:\\\/\\\/lovme.pt\\\/index.php\\\/loja\\\/\"},{\"@type\":\"ListItem\",\"position\":3,\"name\":\"KIIROO &#8211; KEON WIFI COMBO VICTORIA JUNE MASTURBADOR AUTOM\u00c1TICO + FEEL STROKER\"}]},{\"@type\":\"WebSite\",\"@id\":\"https:\\\/\\\/lovme.pt\\\/#website\",\"url\":\"https:\\\/\\\/lovme.pt\\\/\",\"name\":\"Lovme Loja Er\u00f3tica N\u00ba1 em Portugal\",\"description\":\"A melhor loja er\u00f3tica de Portugal.\",\"alternateName\":\"Loja Er\u00f3tica Lovme\",\"potentialAction\":[{\"@type\":\"SearchAction\",\"target\":{\"@type\":\"EntryPoint\",\"urlTemplate\":\"https:\\\/\\\/lovme.pt\\\/?s={search_term_string}\"},\"query-input\":{\"@type\":\"PropertyValueSpecification\",\"valueRequired\":true,\"valueName\":\"search_term_string\"}}],\"inLanguage\":\"pt-PT\"}]}<\/script>\n<!-- \/ Yoast SEO plugin. -->","yoast_head_json":{"title":"KIIROO - KEON WIFI COMBO VICTORIA JUNE MASTURBADOR AUTOM\u00c1TICO + FEEL STROKER - Lovme","robots":{"index":"index","follow":"follow","max-snippet":"max-snippet:-1","max-image-preview":"max-image-preview:large","max-video-preview":"max-video-preview:-1"},"canonical":"https:\/\/lovme.pt\/index.php\/produto\/kiiroo-keon-wifi-combo-victoria-june-masturbador-automatico-feel-stroker\/","og_locale":"pt_PT","og_type":"article","og_title":"KIIROO - KEON WIFI COMBO VICTORIA JUNE MASTURBADOR AUTOM\u00c1TICO + FEEL STROKER - Lovme","og_description":"KIIROO - KEON WIFI COMBO VICTORIA JUNE MASTURBADOR AUTOM\u00c1TICO + FEEL STROKER","og_url":"https:\/\/lovme.pt\/index.php\/produto\/kiiroo-keon-wifi-combo-victoria-june-masturbador-automatico-feel-stroker\/","og_site_name":"Lovme","article_modified_time":"2026-02-19T20:19:11+00:00","og_image":[{"width":900,"height":900,"url":"https:\/\/erki24nd3ub.exactdn.com\/wp-content\/uploads\/dream\/img\/img_214378_d701ef5cdd1477420ace3b781a93d671_1.jpg?strip=all","type":"image\/jpeg"}],"twitter_card":"summary_large_image","twitter_misc":{"Tempo estimado de leitura":"2 minutos"},"schema":{"@context":"https:\/\/schema.org","@graph":[{"@type":"WebPage","@id":"https:\/\/lovme.pt\/index.php\/produto\/kiiroo-keon-wifi-combo-victoria-june-masturbador-automatico-feel-stroker\/","url":"https:\/\/lovme.pt\/index.php\/produto\/kiiroo-keon-wifi-combo-victoria-june-masturbador-automatico-feel-stroker\/","name":"KIIROO - KEON WIFI COMBO VICTORIA JUNE MASTURBADOR AUTOM\u00c1TICO + FEEL STROKER - Lovme","isPartOf":{"@id":"https:\/\/lovme.pt\/#website"},"primaryImageOfPage":{"@id":"https:\/\/lovme.pt\/index.php\/produto\/kiiroo-keon-wifi-combo-victoria-june-masturbador-automatico-feel-stroker\/#primaryimage"},"image":{"@id":"https:\/\/lovme.pt\/index.php\/produto\/kiiroo-keon-wifi-combo-victoria-june-masturbador-automatico-feel-stroker\/#primaryimage"},"thumbnailUrl":"https:\/\/erki24nd3ub.exactdn.com\/wp-content\/uploads\/dream\/img\/img_214378_d701ef5cdd1477420ace3b781a93d671_1.jpg?strip=all","datePublished":"2025-10-01T02:29:56+00:00","dateModified":"2026-02-19T20:19:11+00:00","breadcrumb":{"@id":"https:\/\/lovme.pt\/index.php\/produto\/kiiroo-keon-wifi-combo-victoria-june-masturbador-automatico-feel-stroker\/#breadcrumb"},"inLanguage":"pt-PT","potentialAction":[{"@type":"ReadAction","target":["https:\/\/lovme.pt\/index.php\/produto\/kiiroo-keon-wifi-combo-victoria-june-masturbador-automatico-feel-stroker\/"]}]},{"@type":"ImageObject","inLanguage":"pt-PT","@id":"https:\/\/lovme.pt\/index.php\/produto\/kiiroo-keon-wifi-combo-victoria-june-masturbador-automatico-feel-stroker\/#primaryimage","url":"https:\/\/erki24nd3ub.exactdn.com\/wp-content\/uploads\/dream\/img\/img_214378_d701ef5cdd1477420ace3b781a93d671_1.jpg?strip=all","contentUrl":"https:\/\/erki24nd3ub.exactdn.com\/wp-content\/uploads\/dream\/img\/img_214378_d701ef5cdd1477420ace3b781a93d671_1.jpg?strip=all","width":900,"height":900},{"@type":"BreadcrumbList","@id":"https:\/\/lovme.pt\/index.php\/produto\/kiiroo-keon-wifi-combo-victoria-june-masturbador-automatico-feel-stroker\/#breadcrumb","itemListElement":[{"@type":"ListItem","position":1,"name":"In\u00edcio","item":"https:\/\/lovme.pt\/"},{"@type":"ListItem","position":2,"name":"Loja","item":"https:\/\/lovme.pt\/index.php\/loja\/"},{"@type":"ListItem","position":3,"name":"KIIROO &#8211; KEON WIFI COMBO VICTORIA JUNE MASTURBADOR AUTOM\u00c1TICO + FEEL STROKER"}]},{"@type":"WebSite","@id":"https:\/\/lovme.pt\/#website","url":"https:\/\/lovme.pt\/","name":"Lovme Loja Er\u00f3tica N\u00ba1 em Portugal","description":"A melhor loja er\u00f3tica de Portugal.","alternateName":"Loja Er\u00f3tica Lovme","potentialAction":[{"@type":"SearchAction","target":{"@type":"EntryPoint","urlTemplate":"https:\/\/lovme.pt\/?s={search_term_string}"},"query-input":{"@type":"PropertyValueSpecification","valueRequired":true,"valueName":"search_term_string"}}],"inLanguage":"pt-PT"}]}},"_links":{"self":[{"href":"https:\/\/lovme.pt\/index.php\/wp-json\/wp\/v2\/product\/53695","targetHints":{"allow":["GET"]}}],"collection":[{"href":"https:\/\/lovme.pt\/index.php\/wp-json\/wp\/v2\/product"}],"about":[{"href":"https:\/\/lovme.pt\/index.php\/wp-json\/wp\/v2\/types\/product"}],"wp:featuredmedia":[{"embeddable":true,"href":"https:\/\/lovme.pt\/index.php\/wp-json\/wp\/v2\/media\/97260"}],"wp:attachment":[{"href":"https:\/\/lovme.pt\/index.php\/wp-json\/wp\/v2\/media?parent=53695"}],"wp:term":[{"taxonomy":"product_brand","embeddable":true,"href":"https:\/\/lovme.pt\/index.php\/wp-json\/wp\/v2\/product_brand?post=53695"},{"taxonomy":"product_cat","embeddable":true,"href":"https:\/\/lovme.pt\/index.php\/wp-json\/wp\/v2\/product_cat?post=53695"},{"taxonomy":"product_tag","embeddable":true,"href":"https:\/\/lovme.pt\/index.php\/wp-json\/wp\/v2\/product_tag?post=53695"}],"curies":[{"name":"wp","href":"https:\/\/api.w.org\/{rel}","templated":true}]}}