{"id":53691,"date":"2025-09-30T20:16:48","date_gmt":"2025-09-30T20:16:48","guid":{"rendered":"https:\/\/lovme.pt\/?post_type=product&p=53691"},"modified":"2026-03-31T23:01:04","modified_gmt":"2026-03-31T23:01:04","slug":"addicted-toys-plug-anal-com-lingua-vibratoria-e-controle-remoto","status":"publish","type":"product","link":"https:\/\/lovme.pt\/index.php\/produto\/addicted-toys-plug-anal-com-lingua-vibratoria-e-controle-remoto\/","title":{"rendered":"ADDICTED TOYS &#8211; PLUG ANAL COM L\u00cdNGUA VIBRAT\u00d3RIA E CONTROLE REMOTO"},"content":{"rendered":"<p>Descubra um n\u00edvel totalmente novo de prazer com este inovador plug anal da linha <strong>Addicted Toys<\/strong> . Projetado para quem busca sensa\u00e7\u00f5es intensas, precisas e vers\u00e1teis, este brinquedo combina vibra\u00e7\u00e3o profunda com um movimento oscilante semelhante ao da &#8220;l\u00edngua&#8221; para uma estimula\u00e7\u00e3o sem precedentes. Especialmente projetado para estimular precisamente o ponto P, oferecendo uma massagem intensa gra\u00e7as ao seu motor potente e \u00e0 exclusiva fun\u00e7\u00e3o de vibra\u00e7\u00e3o da l\u00edngua.<\/p>\n<p><u><strong>CARACTER\u00cdSTICAS:<\/strong><\/u><\/p>\n<ul>\n<li>Controle remoto sem fio para jogar sozinho ou em casal.<\/li>\n<li>Indicador LED para saber quando o brinquedo est\u00e1 em funcionamento.<\/li>\n<li>Motor ultrapotente com 10 modos de vibra\u00e7\u00e3o diferentes.<\/li>\n<li>10 modos de invers\u00e3o que imitam o movimento da l\u00edngua.<\/li>\n<li>Modo oscilante + modo de vibra\u00e7\u00e3o para estimula\u00e7\u00e3o dupla do ponto P.<\/li>\n<li>Medidas:\n<ul>\n<li>Comprimento total: 130 mm<\/li>\n<li>Comprimento inser\u00edvel: 100 mm<\/li>\n<li>Largura m\u00e1xima: 60 mm<\/li>\n<\/ul>\n<\/li>\n<li>\u00c0 prova d\u00e1gua, ideal para brincar no chuveiro.<\/li>\n<li>Carregamento magn\u00e9tico USB<\/li>\n<li>Silicone super macio e seguro para o corpo: m\u00e1ximo conforto a cada uso.<\/li>\n<\/ul>\n<p>\u00a0<\/p>\n<p><strong>A Addicted Toys<\/strong> \u00e9 uma marca que quebra tabus para oferecer produtos que proporcionam prazer, higiene e bem-estar sexual sem filtros ou complexos. Sua filosofia se baseia em facilitar a explora\u00e7\u00e3o segura e prazerosa do corpo, combinando design funcional, materiais de alta qualidade e pre\u00e7os acess\u00edveis. A marca est\u00e1 comprometida com uma sexualidade livre, inclusiva e sem limites, onde o usu\u00e1rio controla sua experi\u00eancia. Cada produto \u00e9 projetado para se integrar naturalmente \u00e0 sua rotina \u00edntima, garantindo n\u00e3o apenas prazer, mas tamb\u00e9m seguran\u00e7a, higiene e confian\u00e7a.<\/p>\n","protected":false},"excerpt":{"rendered":"<p>ADDICTED TOYS &#8211; PLUG ANAL COM L\u00cdNGUA VIBRAT\u00d3RIA E CONTROLE REMOTO<\/p>\n","protected":false},"featured_media":66973,"template":"","meta":{"_acf_changed":false},"product_brand":[],"product_cat":[17,88,63],"product_tag":[],"class_list":{"0":"post-53691","1":"product","2":"type-product","3":"status-publish","4":"has-post-thumbnail","6":"product_cat-brinquedos-de-bem-estar-sexual","7":"product_cat-novidades","8":"product_cat-sexo-anal","9":"yith_product_brand-addicted-toys","11":"first","12":"instock","13":"taxable","14":"shipping-taxable","15":"purchasable","16":"product-type-simple"},"acf":[],"yoast_head":"<!-- This site is optimized with the Yoast SEO plugin v27.4 - https:\/\/yoast.com\/product\/yoast-seo-wordpress\/ -->\n<title>ADDICTED TOYS - PLUG ANAL COM L\u00cdNGUA VIBRAT\u00d3RIA E CONTROLE REMOTO - Lovme<\/title>\n<meta name=\"robots\" content=\"index, follow, max-snippet:-1, max-image-preview:large, max-video-preview:-1\" \/>\n<link rel=\"canonical\" href=\"https:\/\/lovme.pt\/index.php\/produto\/addicted-toys-plug-anal-com-lingua-vibratoria-e-controle-remoto\/\" \/>\n<meta property=\"og:locale\" content=\"pt_PT\" \/>\n<meta property=\"og:type\" content=\"article\" \/>\n<meta property=\"og:title\" content=\"ADDICTED TOYS - PLUG ANAL COM L\u00cdNGUA VIBRAT\u00d3RIA E CONTROLE REMOTO - Lovme\" \/>\n<meta property=\"og:description\" content=\"ADDICTED TOYS - PLUG ANAL COM L\u00cdNGUA VIBRAT\u00d3RIA E CONTROLE REMOTO\" \/>\n<meta property=\"og:url\" content=\"https:\/\/lovme.pt\/index.php\/produto\/addicted-toys-plug-anal-com-lingua-vibratoria-e-controle-remoto\/\" \/>\n<meta property=\"og:site_name\" content=\"Lovme\" \/>\n<meta property=\"article:modified_time\" content=\"2026-03-31T23:01:04+00:00\" \/>\n<meta property=\"og:image\" content=\"https:\/\/erki24nd3ub.exactdn.com\/wp-content\/uploads\/dream\/img\/img_214339_36295676db20d1cb6632a6fe41b63d2e_1.png?strip=all\" \/>\n\t<meta property=\"og:image:width\" content=\"900\" \/>\n\t<meta property=\"og:image:height\" content=\"900\" \/>\n\t<meta property=\"og:image:type\" content=\"image\/png\" \/>\n<meta name=\"twitter:card\" content=\"summary_large_image\" \/>\n<meta name=\"twitter:label1\" content=\"Tempo estimado de leitura\" \/>\n\t<meta name=\"twitter:data1\" content=\"1 minuto\" \/>\n<script type=\"application\/ld+json\" class=\"yoast-schema-graph\">{\"@context\":\"https:\\\/\\\/schema.org\",\"@graph\":[{\"@type\":\"WebPage\",\"@id\":\"https:\\\/\\\/lovme.pt\\\/index.php\\\/produto\\\/addicted-toys-plug-anal-com-lingua-vibratoria-e-controle-remoto\\\/\",\"url\":\"https:\\\/\\\/lovme.pt\\\/index.php\\\/produto\\\/addicted-toys-plug-anal-com-lingua-vibratoria-e-controle-remoto\\\/\",\"name\":\"ADDICTED TOYS - PLUG ANAL COM L\u00cdNGUA VIBRAT\u00d3RIA E CONTROLE REMOTO - Lovme\",\"isPartOf\":{\"@id\":\"https:\\\/\\\/lovme.pt\\\/#website\"},\"primaryImageOfPage\":{\"@id\":\"https:\\\/\\\/lovme.pt\\\/index.php\\\/produto\\\/addicted-toys-plug-anal-com-lingua-vibratoria-e-controle-remoto\\\/#primaryimage\"},\"image\":{\"@id\":\"https:\\\/\\\/lovme.pt\\\/index.php\\\/produto\\\/addicted-toys-plug-anal-com-lingua-vibratoria-e-controle-remoto\\\/#primaryimage\"},\"thumbnailUrl\":\"https:\\\/\\\/erki24nd3ub.exactdn.com\\\/wp-content\\\/uploads\\\/dream\\\/img\\\/img_214339_36295676db20d1cb6632a6fe41b63d2e_1.png?strip=all\",\"datePublished\":\"2025-09-30T20:16:48+00:00\",\"dateModified\":\"2026-03-31T23:01:04+00:00\",\"breadcrumb\":{\"@id\":\"https:\\\/\\\/lovme.pt\\\/index.php\\\/produto\\\/addicted-toys-plug-anal-com-lingua-vibratoria-e-controle-remoto\\\/#breadcrumb\"},\"inLanguage\":\"pt-PT\",\"potentialAction\":[{\"@type\":\"ReadAction\",\"target\":[\"https:\\\/\\\/lovme.pt\\\/index.php\\\/produto\\\/addicted-toys-plug-anal-com-lingua-vibratoria-e-controle-remoto\\\/\"]}]},{\"@type\":\"ImageObject\",\"inLanguage\":\"pt-PT\",\"@id\":\"https:\\\/\\\/lovme.pt\\\/index.php\\\/produto\\\/addicted-toys-plug-anal-com-lingua-vibratoria-e-controle-remoto\\\/#primaryimage\",\"url\":\"https:\\\/\\\/erki24nd3ub.exactdn.com\\\/wp-content\\\/uploads\\\/dream\\\/img\\\/img_214339_36295676db20d1cb6632a6fe41b63d2e_1.png?strip=all\",\"contentUrl\":\"https:\\\/\\\/erki24nd3ub.exactdn.com\\\/wp-content\\\/uploads\\\/dream\\\/img\\\/img_214339_36295676db20d1cb6632a6fe41b63d2e_1.png?strip=all\",\"width\":900,\"height\":900},{\"@type\":\"BreadcrumbList\",\"@id\":\"https:\\\/\\\/lovme.pt\\\/index.php\\\/produto\\\/addicted-toys-plug-anal-com-lingua-vibratoria-e-controle-remoto\\\/#breadcrumb\",\"itemListElement\":[{\"@type\":\"ListItem\",\"position\":1,\"name\":\"In\u00edcio\",\"item\":\"https:\\\/\\\/lovme.pt\\\/\"},{\"@type\":\"ListItem\",\"position\":2,\"name\":\"Loja\",\"item\":\"https:\\\/\\\/lovme.pt\\\/index.php\\\/loja\\\/\"},{\"@type\":\"ListItem\",\"position\":3,\"name\":\"ADDICTED TOYS &#8211; PLUG ANAL COM L\u00cdNGUA VIBRAT\u00d3RIA E CONTROLE REMOTO\"}]},{\"@type\":\"WebSite\",\"@id\":\"https:\\\/\\\/lovme.pt\\\/#website\",\"url\":\"https:\\\/\\\/lovme.pt\\\/\",\"name\":\"Lovme Loja Er\u00f3tica N\u00ba1 em Portugal\",\"description\":\"A melhor loja er\u00f3tica de Portugal.\",\"alternateName\":\"Loja Er\u00f3tica Lovme\",\"potentialAction\":[{\"@type\":\"SearchAction\",\"target\":{\"@type\":\"EntryPoint\",\"urlTemplate\":\"https:\\\/\\\/lovme.pt\\\/?s={search_term_string}\"},\"query-input\":{\"@type\":\"PropertyValueSpecification\",\"valueRequired\":true,\"valueName\":\"search_term_string\"}}],\"inLanguage\":\"pt-PT\"}]}<\/script>\n<!-- \/ Yoast SEO plugin. -->","yoast_head_json":{"title":"ADDICTED TOYS - PLUG ANAL COM L\u00cdNGUA VIBRAT\u00d3RIA E CONTROLE REMOTO - Lovme","robots":{"index":"index","follow":"follow","max-snippet":"max-snippet:-1","max-image-preview":"max-image-preview:large","max-video-preview":"max-video-preview:-1"},"canonical":"https:\/\/lovme.pt\/index.php\/produto\/addicted-toys-plug-anal-com-lingua-vibratoria-e-controle-remoto\/","og_locale":"pt_PT","og_type":"article","og_title":"ADDICTED TOYS - PLUG ANAL COM L\u00cdNGUA VIBRAT\u00d3RIA E CONTROLE REMOTO - Lovme","og_description":"ADDICTED TOYS - PLUG ANAL COM L\u00cdNGUA VIBRAT\u00d3RIA E CONTROLE REMOTO","og_url":"https:\/\/lovme.pt\/index.php\/produto\/addicted-toys-plug-anal-com-lingua-vibratoria-e-controle-remoto\/","og_site_name":"Lovme","article_modified_time":"2026-03-31T23:01:04+00:00","og_image":[{"width":900,"height":900,"url":"https:\/\/erki24nd3ub.exactdn.com\/wp-content\/uploads\/dream\/img\/img_214339_36295676db20d1cb6632a6fe41b63d2e_1.png?strip=all","type":"image\/png"}],"twitter_card":"summary_large_image","twitter_misc":{"Tempo estimado de leitura":"1 minuto"},"schema":{"@context":"https:\/\/schema.org","@graph":[{"@type":"WebPage","@id":"https:\/\/lovme.pt\/index.php\/produto\/addicted-toys-plug-anal-com-lingua-vibratoria-e-controle-remoto\/","url":"https:\/\/lovme.pt\/index.php\/produto\/addicted-toys-plug-anal-com-lingua-vibratoria-e-controle-remoto\/","name":"ADDICTED TOYS - PLUG ANAL COM L\u00cdNGUA VIBRAT\u00d3RIA E CONTROLE REMOTO - Lovme","isPartOf":{"@id":"https:\/\/lovme.pt\/#website"},"primaryImageOfPage":{"@id":"https:\/\/lovme.pt\/index.php\/produto\/addicted-toys-plug-anal-com-lingua-vibratoria-e-controle-remoto\/#primaryimage"},"image":{"@id":"https:\/\/lovme.pt\/index.php\/produto\/addicted-toys-plug-anal-com-lingua-vibratoria-e-controle-remoto\/#primaryimage"},"thumbnailUrl":"https:\/\/erki24nd3ub.exactdn.com\/wp-content\/uploads\/dream\/img\/img_214339_36295676db20d1cb6632a6fe41b63d2e_1.png?strip=all","datePublished":"2025-09-30T20:16:48+00:00","dateModified":"2026-03-31T23:01:04+00:00","breadcrumb":{"@id":"https:\/\/lovme.pt\/index.php\/produto\/addicted-toys-plug-anal-com-lingua-vibratoria-e-controle-remoto\/#breadcrumb"},"inLanguage":"pt-PT","potentialAction":[{"@type":"ReadAction","target":["https:\/\/lovme.pt\/index.php\/produto\/addicted-toys-plug-anal-com-lingua-vibratoria-e-controle-remoto\/"]}]},{"@type":"ImageObject","inLanguage":"pt-PT","@id":"https:\/\/lovme.pt\/index.php\/produto\/addicted-toys-plug-anal-com-lingua-vibratoria-e-controle-remoto\/#primaryimage","url":"https:\/\/erki24nd3ub.exactdn.com\/wp-content\/uploads\/dream\/img\/img_214339_36295676db20d1cb6632a6fe41b63d2e_1.png?strip=all","contentUrl":"https:\/\/erki24nd3ub.exactdn.com\/wp-content\/uploads\/dream\/img\/img_214339_36295676db20d1cb6632a6fe41b63d2e_1.png?strip=all","width":900,"height":900},{"@type":"BreadcrumbList","@id":"https:\/\/lovme.pt\/index.php\/produto\/addicted-toys-plug-anal-com-lingua-vibratoria-e-controle-remoto\/#breadcrumb","itemListElement":[{"@type":"ListItem","position":1,"name":"In\u00edcio","item":"https:\/\/lovme.pt\/"},{"@type":"ListItem","position":2,"name":"Loja","item":"https:\/\/lovme.pt\/index.php\/loja\/"},{"@type":"ListItem","position":3,"name":"ADDICTED TOYS &#8211; PLUG ANAL COM L\u00cdNGUA VIBRAT\u00d3RIA E CONTROLE REMOTO"}]},{"@type":"WebSite","@id":"https:\/\/lovme.pt\/#website","url":"https:\/\/lovme.pt\/","name":"Lovme Loja Er\u00f3tica N\u00ba1 em Portugal","description":"A melhor loja er\u00f3tica de Portugal.","alternateName":"Loja Er\u00f3tica Lovme","potentialAction":[{"@type":"SearchAction","target":{"@type":"EntryPoint","urlTemplate":"https:\/\/lovme.pt\/?s={search_term_string}"},"query-input":{"@type":"PropertyValueSpecification","valueRequired":true,"valueName":"search_term_string"}}],"inLanguage":"pt-PT"}]}},"_links":{"self":[{"href":"https:\/\/lovme.pt\/index.php\/wp-json\/wp\/v2\/product\/53691","targetHints":{"allow":["GET"]}}],"collection":[{"href":"https:\/\/lovme.pt\/index.php\/wp-json\/wp\/v2\/product"}],"about":[{"href":"https:\/\/lovme.pt\/index.php\/wp-json\/wp\/v2\/types\/product"}],"wp:featuredmedia":[{"embeddable":true,"href":"https:\/\/lovme.pt\/index.php\/wp-json\/wp\/v2\/media\/66973"}],"wp:attachment":[{"href":"https:\/\/lovme.pt\/index.php\/wp-json\/wp\/v2\/media?parent=53691"}],"wp:term":[{"taxonomy":"product_brand","embeddable":true,"href":"https:\/\/lovme.pt\/index.php\/wp-json\/wp\/v2\/product_brand?post=53691"},{"taxonomy":"product_cat","embeddable":true,"href":"https:\/\/lovme.pt\/index.php\/wp-json\/wp\/v2\/product_cat?post=53691"},{"taxonomy":"product_tag","embeddable":true,"href":"https:\/\/lovme.pt\/index.php\/wp-json\/wp\/v2\/product_tag?post=53691"}],"curies":[{"name":"wp","href":"https:\/\/api.w.org\/{rel}","templated":true}]}}