{"id":53688,"date":"2025-09-30T22:23:13","date_gmt":"2025-09-30T22:23:13","guid":{"rendered":"https:\/\/lovme.pt\/?post_type=product&p=53688"},"modified":"2026-02-19T20:11:29","modified_gmt":"2026-02-19T20:11:29","slug":"ruf-gotas-estimulantes-aphrodict-bois-bande","status":"publish","type":"product","link":"https:\/\/lovme.pt\/index.php\/produto\/ruf-gotas-estimulantes-aphrodict-bois-bande\/","title":{"rendered":"RUF &#8211; GOTAS ESTIMULANTES APHRODICT BOIS BANDE"},"content":{"rendered":"<p>\u00c9 um suplemento alimentar com extratos de Muira Pijama indicado para estimula\u00e7\u00e3o sexual.<\/p>\n<ul>\n<li>Tomar como parte de uma alimenta\u00e7\u00e3o variada e equilibrada.<\/li>\n<\/ul>\n<p>N\u00e3o exceda a dose di\u00e1ria recomendada.<\/p>\n<p>Conselhos de uso: coloque 1 a 2 colheres de caf\u00e9 em qualquer bebida para promover a ere\u00e7\u00e3o. Dose di\u00e1ria m\u00e1xima 4 colheres de caf\u00e9. (12ml)<\/p>\n<p>Recipiente de 100 ml.<\/p>\n","protected":false},"excerpt":{"rendered":"<p>RUF &#8211; GOTAS ESTIMULANTES APHRODICT BOIS BANDE<\/p>\n","protected":false},"featured_media":77356,"template":"","meta":{"_acf_changed":false},"product_brand":[],"product_cat":[49,52,70],"product_tag":[],"class_list":{"0":"post-53688","1":"product","2":"type-product","3":"status-publish","4":"has-post-thumbnail","6":"product_cat-cosmeticos","7":"product_cat-estimulantes","8":"product_cat-saude","9":"yith_product_brand-ruf","11":"first","12":"instock","13":"taxable","14":"shipping-taxable","15":"purchasable","16":"product-type-simple"},"acf":[],"yoast_head":"<!-- This site is optimized with the Yoast SEO plugin v27.4 - https:\/\/yoast.com\/product\/yoast-seo-wordpress\/ -->\n<title>RUF - GOTAS ESTIMULANTES APHRODICT BOIS BANDE - Lovme<\/title>\n<meta name=\"robots\" content=\"index, follow, max-snippet:-1, max-image-preview:large, max-video-preview:-1\" \/>\n<link rel=\"canonical\" href=\"https:\/\/lovme.pt\/index.php\/produto\/ruf-gotas-estimulantes-aphrodict-bois-bande\/\" \/>\n<meta property=\"og:locale\" content=\"pt_PT\" \/>\n<meta property=\"og:type\" content=\"article\" \/>\n<meta property=\"og:title\" content=\"RUF - GOTAS ESTIMULANTES APHRODICT BOIS BANDE - Lovme\" \/>\n<meta property=\"og:description\" content=\"RUF - GOTAS ESTIMULANTES APHRODICT BOIS BANDE\" \/>\n<meta property=\"og:url\" content=\"https:\/\/lovme.pt\/index.php\/produto\/ruf-gotas-estimulantes-aphrodict-bois-bande\/\" \/>\n<meta property=\"og:site_name\" content=\"Lovme\" \/>\n<meta property=\"article:modified_time\" content=\"2026-02-19T20:11:29+00:00\" \/>\n<meta property=\"og:image\" content=\"https:\/\/erki24nd3ub.exactdn.com\/wp-content\/uploads\/dream\/img\/img_214332_92705441a2b308b1998b4ed9e87a97df_1.jpg?strip=all\" \/>\n\t<meta property=\"og:image:width\" content=\"550\" \/>\n\t<meta property=\"og:image:height\" content=\"550\" \/>\n\t<meta property=\"og:image:type\" content=\"image\/jpeg\" \/>\n<meta name=\"twitter:card\" content=\"summary_large_image\" \/>\n<script type=\"application\/ld+json\" class=\"yoast-schema-graph\">{\"@context\":\"https:\\\/\\\/schema.org\",\"@graph\":[{\"@type\":\"WebPage\",\"@id\":\"https:\\\/\\\/lovme.pt\\\/index.php\\\/produto\\\/ruf-gotas-estimulantes-aphrodict-bois-bande\\\/\",\"url\":\"https:\\\/\\\/lovme.pt\\\/index.php\\\/produto\\\/ruf-gotas-estimulantes-aphrodict-bois-bande\\\/\",\"name\":\"RUF - GOTAS ESTIMULANTES APHRODICT BOIS BANDE - Lovme\",\"isPartOf\":{\"@id\":\"https:\\\/\\\/lovme.pt\\\/#website\"},\"primaryImageOfPage\":{\"@id\":\"https:\\\/\\\/lovme.pt\\\/index.php\\\/produto\\\/ruf-gotas-estimulantes-aphrodict-bois-bande\\\/#primaryimage\"},\"image\":{\"@id\":\"https:\\\/\\\/lovme.pt\\\/index.php\\\/produto\\\/ruf-gotas-estimulantes-aphrodict-bois-bande\\\/#primaryimage\"},\"thumbnailUrl\":\"https:\\\/\\\/erki24nd3ub.exactdn.com\\\/wp-content\\\/uploads\\\/dream\\\/img\\\/img_214332_92705441a2b308b1998b4ed9e87a97df_1.jpg?strip=all\",\"datePublished\":\"2025-09-30T22:23:13+00:00\",\"dateModified\":\"2026-02-19T20:11:29+00:00\",\"breadcrumb\":{\"@id\":\"https:\\\/\\\/lovme.pt\\\/index.php\\\/produto\\\/ruf-gotas-estimulantes-aphrodict-bois-bande\\\/#breadcrumb\"},\"inLanguage\":\"pt-PT\",\"potentialAction\":[{\"@type\":\"ReadAction\",\"target\":[\"https:\\\/\\\/lovme.pt\\\/index.php\\\/produto\\\/ruf-gotas-estimulantes-aphrodict-bois-bande\\\/\"]}]},{\"@type\":\"ImageObject\",\"inLanguage\":\"pt-PT\",\"@id\":\"https:\\\/\\\/lovme.pt\\\/index.php\\\/produto\\\/ruf-gotas-estimulantes-aphrodict-bois-bande\\\/#primaryimage\",\"url\":\"https:\\\/\\\/erki24nd3ub.exactdn.com\\\/wp-content\\\/uploads\\\/dream\\\/img\\\/img_214332_92705441a2b308b1998b4ed9e87a97df_1.jpg?strip=all\",\"contentUrl\":\"https:\\\/\\\/erki24nd3ub.exactdn.com\\\/wp-content\\\/uploads\\\/dream\\\/img\\\/img_214332_92705441a2b308b1998b4ed9e87a97df_1.jpg?strip=all\",\"width\":550,\"height\":550},{\"@type\":\"BreadcrumbList\",\"@id\":\"https:\\\/\\\/lovme.pt\\\/index.php\\\/produto\\\/ruf-gotas-estimulantes-aphrodict-bois-bande\\\/#breadcrumb\",\"itemListElement\":[{\"@type\":\"ListItem\",\"position\":1,\"name\":\"In\u00edcio\",\"item\":\"https:\\\/\\\/lovme.pt\\\/\"},{\"@type\":\"ListItem\",\"position\":2,\"name\":\"Loja\",\"item\":\"https:\\\/\\\/lovme.pt\\\/index.php\\\/loja\\\/\"},{\"@type\":\"ListItem\",\"position\":3,\"name\":\"RUF &#8211; GOTAS ESTIMULANTES APHRODICT BOIS BANDE\"}]},{\"@type\":\"WebSite\",\"@id\":\"https:\\\/\\\/lovme.pt\\\/#website\",\"url\":\"https:\\\/\\\/lovme.pt\\\/\",\"name\":\"Lovme Loja Er\u00f3tica N\u00ba1 em Portugal\",\"description\":\"A melhor loja er\u00f3tica de Portugal.\",\"alternateName\":\"Loja Er\u00f3tica Lovme\",\"potentialAction\":[{\"@type\":\"SearchAction\",\"target\":{\"@type\":\"EntryPoint\",\"urlTemplate\":\"https:\\\/\\\/lovme.pt\\\/?s={search_term_string}\"},\"query-input\":{\"@type\":\"PropertyValueSpecification\",\"valueRequired\":true,\"valueName\":\"search_term_string\"}}],\"inLanguage\":\"pt-PT\"}]}<\/script>\n<!-- \/ Yoast SEO plugin. -->","yoast_head_json":{"title":"RUF - GOTAS ESTIMULANTES APHRODICT BOIS BANDE - Lovme","robots":{"index":"index","follow":"follow","max-snippet":"max-snippet:-1","max-image-preview":"max-image-preview:large","max-video-preview":"max-video-preview:-1"},"canonical":"https:\/\/lovme.pt\/index.php\/produto\/ruf-gotas-estimulantes-aphrodict-bois-bande\/","og_locale":"pt_PT","og_type":"article","og_title":"RUF - GOTAS ESTIMULANTES APHRODICT BOIS BANDE - Lovme","og_description":"RUF - GOTAS ESTIMULANTES APHRODICT BOIS BANDE","og_url":"https:\/\/lovme.pt\/index.php\/produto\/ruf-gotas-estimulantes-aphrodict-bois-bande\/","og_site_name":"Lovme","article_modified_time":"2026-02-19T20:11:29+00:00","og_image":[{"width":550,"height":550,"url":"https:\/\/erki24nd3ub.exactdn.com\/wp-content\/uploads\/dream\/img\/img_214332_92705441a2b308b1998b4ed9e87a97df_1.jpg?strip=all","type":"image\/jpeg"}],"twitter_card":"summary_large_image","schema":{"@context":"https:\/\/schema.org","@graph":[{"@type":"WebPage","@id":"https:\/\/lovme.pt\/index.php\/produto\/ruf-gotas-estimulantes-aphrodict-bois-bande\/","url":"https:\/\/lovme.pt\/index.php\/produto\/ruf-gotas-estimulantes-aphrodict-bois-bande\/","name":"RUF - GOTAS ESTIMULANTES APHRODICT BOIS BANDE - Lovme","isPartOf":{"@id":"https:\/\/lovme.pt\/#website"},"primaryImageOfPage":{"@id":"https:\/\/lovme.pt\/index.php\/produto\/ruf-gotas-estimulantes-aphrodict-bois-bande\/#primaryimage"},"image":{"@id":"https:\/\/lovme.pt\/index.php\/produto\/ruf-gotas-estimulantes-aphrodict-bois-bande\/#primaryimage"},"thumbnailUrl":"https:\/\/erki24nd3ub.exactdn.com\/wp-content\/uploads\/dream\/img\/img_214332_92705441a2b308b1998b4ed9e87a97df_1.jpg?strip=all","datePublished":"2025-09-30T22:23:13+00:00","dateModified":"2026-02-19T20:11:29+00:00","breadcrumb":{"@id":"https:\/\/lovme.pt\/index.php\/produto\/ruf-gotas-estimulantes-aphrodict-bois-bande\/#breadcrumb"},"inLanguage":"pt-PT","potentialAction":[{"@type":"ReadAction","target":["https:\/\/lovme.pt\/index.php\/produto\/ruf-gotas-estimulantes-aphrodict-bois-bande\/"]}]},{"@type":"ImageObject","inLanguage":"pt-PT","@id":"https:\/\/lovme.pt\/index.php\/produto\/ruf-gotas-estimulantes-aphrodict-bois-bande\/#primaryimage","url":"https:\/\/erki24nd3ub.exactdn.com\/wp-content\/uploads\/dream\/img\/img_214332_92705441a2b308b1998b4ed9e87a97df_1.jpg?strip=all","contentUrl":"https:\/\/erki24nd3ub.exactdn.com\/wp-content\/uploads\/dream\/img\/img_214332_92705441a2b308b1998b4ed9e87a97df_1.jpg?strip=all","width":550,"height":550},{"@type":"BreadcrumbList","@id":"https:\/\/lovme.pt\/index.php\/produto\/ruf-gotas-estimulantes-aphrodict-bois-bande\/#breadcrumb","itemListElement":[{"@type":"ListItem","position":1,"name":"In\u00edcio","item":"https:\/\/lovme.pt\/"},{"@type":"ListItem","position":2,"name":"Loja","item":"https:\/\/lovme.pt\/index.php\/loja\/"},{"@type":"ListItem","position":3,"name":"RUF &#8211; GOTAS ESTIMULANTES APHRODICT BOIS BANDE"}]},{"@type":"WebSite","@id":"https:\/\/lovme.pt\/#website","url":"https:\/\/lovme.pt\/","name":"Lovme Loja Er\u00f3tica N\u00ba1 em Portugal","description":"A melhor loja er\u00f3tica de Portugal.","alternateName":"Loja Er\u00f3tica Lovme","potentialAction":[{"@type":"SearchAction","target":{"@type":"EntryPoint","urlTemplate":"https:\/\/lovme.pt\/?s={search_term_string}"},"query-input":{"@type":"PropertyValueSpecification","valueRequired":true,"valueName":"search_term_string"}}],"inLanguage":"pt-PT"}]}},"_links":{"self":[{"href":"https:\/\/lovme.pt\/index.php\/wp-json\/wp\/v2\/product\/53688","targetHints":{"allow":["GET"]}}],"collection":[{"href":"https:\/\/lovme.pt\/index.php\/wp-json\/wp\/v2\/product"}],"about":[{"href":"https:\/\/lovme.pt\/index.php\/wp-json\/wp\/v2\/types\/product"}],"wp:featuredmedia":[{"embeddable":true,"href":"https:\/\/lovme.pt\/index.php\/wp-json\/wp\/v2\/media\/77356"}],"wp:attachment":[{"href":"https:\/\/lovme.pt\/index.php\/wp-json\/wp\/v2\/media?parent=53688"}],"wp:term":[{"taxonomy":"product_brand","embeddable":true,"href":"https:\/\/lovme.pt\/index.php\/wp-json\/wp\/v2\/product_brand?post=53688"},{"taxonomy":"product_cat","embeddable":true,"href":"https:\/\/lovme.pt\/index.php\/wp-json\/wp\/v2\/product_cat?post=53688"},{"taxonomy":"product_tag","embeddable":true,"href":"https:\/\/lovme.pt\/index.php\/wp-json\/wp\/v2\/product_tag?post=53688"}],"curies":[{"name":"wp","href":"https:\/\/api.w.org\/{rel}","templated":true}]}}