{"id":53682,"date":"2025-09-30T20:20:37","date_gmt":"2025-09-30T20:20:37","guid":{"rendered":"https:\/\/lovme.pt\/?post_type=product&p=53682"},"modified":"2026-02-19T20:07:47","modified_gmt":"2026-02-19T20:07:47","slug":"climaximum-vibrador-de-prostata-villo-stepped","status":"publish","type":"product","link":"https:\/\/lovme.pt\/index.php\/produto\/climaximum-vibrador-de-prostata-villo-stepped\/","title":{"rendered":"CLIMAXIMUM &#8211; VIBRADOR DE PR\u00d3STATA VILLO STEPPED"},"content":{"rendered":"<p>A cabe\u00e7a angulada exclusiva do Villo pressiona com facilidade e delicadeza o ponto P, enquanto a bala vibrat\u00f3ria de 10 velocidades repousa contra o per\u00edneo para atingir seu ponto mais \u00edntimo. Balance para frente e para tr\u00e1s e deixe o Villo lhe proporcionar o melhor e mais intenso orgasmo da sua vida!<\/p>\n<p> <strong>CARACTER\u00cdSTICAS<\/strong> :<\/p>\n<ul>\n<li> 10 velocidades<\/li>\n<li> Projetado com conforto e prazer em mente<\/li>\n<li> Bala remov\u00edvel de 90 mm<\/li>\n<li> IPX7 \u00e0 prova d\u00e1gua<\/li>\n<li> Materiais: Silicone \/ Pl\u00e1stico ABS<\/li>\n<li> Bateria: pilha AAA inclu\u00edda<\/li>\n<li> Tamanho do produto: 114 mm x 120 mm x 30 mm largura x altura x profundidade<\/li>\n<li> Peso do produto: 141 gg<\/li>\n<\/ul>\n<p> <u><strong>CLIMAXIMUM<\/strong><\/u><\/p>\n<p> A cole\u00e7\u00e3o Climaximum foca em indulg\u00eancia, poder e prazer. Projetados para quem busca mais, esses brinquedos combinam est\u00e9tica sedutora com sensa\u00e7\u00f5es intensas para levar suas experi\u00eancias mais \u00edntimas a novos patamares. Seja para satisfa\u00e7\u00e3o individual ou para explorar conex\u00f5es mais profundas com seu parceiro, a Climaximum tem algo para satisfazer todos os seus desejos.<\/p>\n<ul>\n<li> Mais pot\u00eancia, mais prazer: a cole\u00e7\u00e3o inclui brinquedos com fio e balas que proporcionam vibra\u00e7\u00f5es profundas e estrondosas exatamente onde voc\u00ea precisa.<\/li>\n<li> Projetado para cada experi\u00eancia: explore uma variedade de kits divertidos para casais ou viva uma aventura solo com vibradores e estimuladores potentes.<\/li>\n<li> Sele\u00e7\u00e3o vers\u00e1til: aproveite uma combina\u00e7\u00e3o de intensificadores de desempenho vaginal, clitoriano, anal e anel peniano, projetados para quem deseja experimentar todos os tipos de prazer.<\/li>\n<li> PX7 \u00e0 prova d\u00e1gua e seguro para o corpo: leve seu prazer para qualquer lugar, sabendo que cada brinquedo \u00e9 feito de materiais premium projetados para seguran\u00e7a e satisfa\u00e7\u00e3o.<\/li>\n<\/ul>\n","protected":false},"excerpt":{"rendered":"<p>CLIMAXIMUM &#8211; VIBRADOR DE PR\u00d3STATA VILLO STEPPED<\/p>\n","protected":false},"featured_media":67636,"template":"","meta":{"_acf_changed":false},"product_brand":[],"product_cat":[17,60,63],"product_tag":[],"class_list":{"0":"post-53682","1":"product","2":"type-product","3":"status-publish","4":"has-post-thumbnail","6":"product_cat-brinquedos-de-bem-estar-sexual","7":"product_cat-para-eles","8":"product_cat-sexo-anal","9":"yith_product_brand-rocks-offclimaximum","10":"yith_product_brand-rocks-off","12":"first","13":"instock","14":"taxable","15":"shipping-taxable","16":"purchasable","17":"product-type-simple"},"acf":[],"yoast_head":"<!-- This site is optimized with the Yoast SEO plugin v27.4 - https:\/\/yoast.com\/product\/yoast-seo-wordpress\/ -->\n<title>CLIMAXIMUM - VIBRADOR DE PR\u00d3STATA VILLO STEPPED - Lovme<\/title>\n<meta name=\"robots\" content=\"index, follow, max-snippet:-1, max-image-preview:large, max-video-preview:-1\" \/>\n<link rel=\"canonical\" href=\"https:\/\/lovme.pt\/index.php\/produto\/climaximum-vibrador-de-prostata-villo-stepped\/\" \/>\n<meta property=\"og:locale\" content=\"pt_PT\" \/>\n<meta property=\"og:type\" content=\"article\" \/>\n<meta property=\"og:title\" content=\"CLIMAXIMUM - VIBRADOR DE PR\u00d3STATA VILLO STEPPED - Lovme\" \/>\n<meta property=\"og:description\" content=\"CLIMAXIMUM - VIBRADOR DE PR\u00d3STATA VILLO STEPPED\" \/>\n<meta property=\"og:url\" content=\"https:\/\/lovme.pt\/index.php\/produto\/climaximum-vibrador-de-prostata-villo-stepped\/\" \/>\n<meta property=\"og:site_name\" content=\"Lovme\" \/>\n<meta property=\"article:modified_time\" content=\"2026-02-19T20:07:47+00:00\" \/>\n<meta property=\"og:image\" content=\"https:\/\/erki24nd3ub.exactdn.com\/wp-content\/uploads\/dream\/img\/img_214288_2c33ba9ac950832138bd0901eac6f1de_1.jpg?strip=all\" \/>\n\t<meta property=\"og:image:width\" content=\"900\" \/>\n\t<meta property=\"og:image:height\" content=\"900\" \/>\n\t<meta property=\"og:image:type\" content=\"image\/jpeg\" \/>\n<meta name=\"twitter:card\" content=\"summary_large_image\" \/>\n<meta name=\"twitter:label1\" content=\"Tempo estimado de leitura\" \/>\n\t<meta name=\"twitter:data1\" content=\"1 minuto\" \/>\n<script type=\"application\/ld+json\" class=\"yoast-schema-graph\">{\"@context\":\"https:\\\/\\\/schema.org\",\"@graph\":[{\"@type\":\"WebPage\",\"@id\":\"https:\\\/\\\/lovme.pt\\\/index.php\\\/produto\\\/climaximum-vibrador-de-prostata-villo-stepped\\\/\",\"url\":\"https:\\\/\\\/lovme.pt\\\/index.php\\\/produto\\\/climaximum-vibrador-de-prostata-villo-stepped\\\/\",\"name\":\"CLIMAXIMUM - VIBRADOR DE PR\u00d3STATA VILLO STEPPED - Lovme\",\"isPartOf\":{\"@id\":\"https:\\\/\\\/lovme.pt\\\/#website\"},\"primaryImageOfPage\":{\"@id\":\"https:\\\/\\\/lovme.pt\\\/index.php\\\/produto\\\/climaximum-vibrador-de-prostata-villo-stepped\\\/#primaryimage\"},\"image\":{\"@id\":\"https:\\\/\\\/lovme.pt\\\/index.php\\\/produto\\\/climaximum-vibrador-de-prostata-villo-stepped\\\/#primaryimage\"},\"thumbnailUrl\":\"https:\\\/\\\/erki24nd3ub.exactdn.com\\\/wp-content\\\/uploads\\\/dream\\\/img\\\/img_214288_2c33ba9ac950832138bd0901eac6f1de_1.jpg?strip=all\",\"datePublished\":\"2025-09-30T20:20:37+00:00\",\"dateModified\":\"2026-02-19T20:07:47+00:00\",\"breadcrumb\":{\"@id\":\"https:\\\/\\\/lovme.pt\\\/index.php\\\/produto\\\/climaximum-vibrador-de-prostata-villo-stepped\\\/#breadcrumb\"},\"inLanguage\":\"pt-PT\",\"potentialAction\":[{\"@type\":\"ReadAction\",\"target\":[\"https:\\\/\\\/lovme.pt\\\/index.php\\\/produto\\\/climaximum-vibrador-de-prostata-villo-stepped\\\/\"]}]},{\"@type\":\"ImageObject\",\"inLanguage\":\"pt-PT\",\"@id\":\"https:\\\/\\\/lovme.pt\\\/index.php\\\/produto\\\/climaximum-vibrador-de-prostata-villo-stepped\\\/#primaryimage\",\"url\":\"https:\\\/\\\/erki24nd3ub.exactdn.com\\\/wp-content\\\/uploads\\\/dream\\\/img\\\/img_214288_2c33ba9ac950832138bd0901eac6f1de_1.jpg?strip=all\",\"contentUrl\":\"https:\\\/\\\/erki24nd3ub.exactdn.com\\\/wp-content\\\/uploads\\\/dream\\\/img\\\/img_214288_2c33ba9ac950832138bd0901eac6f1de_1.jpg?strip=all\",\"width\":900,\"height\":900},{\"@type\":\"BreadcrumbList\",\"@id\":\"https:\\\/\\\/lovme.pt\\\/index.php\\\/produto\\\/climaximum-vibrador-de-prostata-villo-stepped\\\/#breadcrumb\",\"itemListElement\":[{\"@type\":\"ListItem\",\"position\":1,\"name\":\"In\u00edcio\",\"item\":\"https:\\\/\\\/lovme.pt\\\/\"},{\"@type\":\"ListItem\",\"position\":2,\"name\":\"Loja\",\"item\":\"https:\\\/\\\/lovme.pt\\\/index.php\\\/loja\\\/\"},{\"@type\":\"ListItem\",\"position\":3,\"name\":\"CLIMAXIMUM &#8211; VIBRADOR DE PR\u00d3STATA VILLO STEPPED\"}]},{\"@type\":\"WebSite\",\"@id\":\"https:\\\/\\\/lovme.pt\\\/#website\",\"url\":\"https:\\\/\\\/lovme.pt\\\/\",\"name\":\"Lovme Loja Er\u00f3tica N\u00ba1 em Portugal\",\"description\":\"A melhor loja er\u00f3tica de Portugal.\",\"alternateName\":\"Loja Er\u00f3tica Lovme\",\"potentialAction\":[{\"@type\":\"SearchAction\",\"target\":{\"@type\":\"EntryPoint\",\"urlTemplate\":\"https:\\\/\\\/lovme.pt\\\/?s={search_term_string}\"},\"query-input\":{\"@type\":\"PropertyValueSpecification\",\"valueRequired\":true,\"valueName\":\"search_term_string\"}}],\"inLanguage\":\"pt-PT\"}]}<\/script>\n<!-- \/ Yoast SEO plugin. -->","yoast_head_json":{"title":"CLIMAXIMUM - VIBRADOR DE PR\u00d3STATA VILLO STEPPED - Lovme","robots":{"index":"index","follow":"follow","max-snippet":"max-snippet:-1","max-image-preview":"max-image-preview:large","max-video-preview":"max-video-preview:-1"},"canonical":"https:\/\/lovme.pt\/index.php\/produto\/climaximum-vibrador-de-prostata-villo-stepped\/","og_locale":"pt_PT","og_type":"article","og_title":"CLIMAXIMUM - VIBRADOR DE PR\u00d3STATA VILLO STEPPED - Lovme","og_description":"CLIMAXIMUM - VIBRADOR DE PR\u00d3STATA VILLO STEPPED","og_url":"https:\/\/lovme.pt\/index.php\/produto\/climaximum-vibrador-de-prostata-villo-stepped\/","og_site_name":"Lovme","article_modified_time":"2026-02-19T20:07:47+00:00","og_image":[{"width":900,"height":900,"url":"https:\/\/erki24nd3ub.exactdn.com\/wp-content\/uploads\/dream\/img\/img_214288_2c33ba9ac950832138bd0901eac6f1de_1.jpg?strip=all","type":"image\/jpeg"}],"twitter_card":"summary_large_image","twitter_misc":{"Tempo estimado de leitura":"1 minuto"},"schema":{"@context":"https:\/\/schema.org","@graph":[{"@type":"WebPage","@id":"https:\/\/lovme.pt\/index.php\/produto\/climaximum-vibrador-de-prostata-villo-stepped\/","url":"https:\/\/lovme.pt\/index.php\/produto\/climaximum-vibrador-de-prostata-villo-stepped\/","name":"CLIMAXIMUM - VIBRADOR DE PR\u00d3STATA VILLO STEPPED - Lovme","isPartOf":{"@id":"https:\/\/lovme.pt\/#website"},"primaryImageOfPage":{"@id":"https:\/\/lovme.pt\/index.php\/produto\/climaximum-vibrador-de-prostata-villo-stepped\/#primaryimage"},"image":{"@id":"https:\/\/lovme.pt\/index.php\/produto\/climaximum-vibrador-de-prostata-villo-stepped\/#primaryimage"},"thumbnailUrl":"https:\/\/erki24nd3ub.exactdn.com\/wp-content\/uploads\/dream\/img\/img_214288_2c33ba9ac950832138bd0901eac6f1de_1.jpg?strip=all","datePublished":"2025-09-30T20:20:37+00:00","dateModified":"2026-02-19T20:07:47+00:00","breadcrumb":{"@id":"https:\/\/lovme.pt\/index.php\/produto\/climaximum-vibrador-de-prostata-villo-stepped\/#breadcrumb"},"inLanguage":"pt-PT","potentialAction":[{"@type":"ReadAction","target":["https:\/\/lovme.pt\/index.php\/produto\/climaximum-vibrador-de-prostata-villo-stepped\/"]}]},{"@type":"ImageObject","inLanguage":"pt-PT","@id":"https:\/\/lovme.pt\/index.php\/produto\/climaximum-vibrador-de-prostata-villo-stepped\/#primaryimage","url":"https:\/\/erki24nd3ub.exactdn.com\/wp-content\/uploads\/dream\/img\/img_214288_2c33ba9ac950832138bd0901eac6f1de_1.jpg?strip=all","contentUrl":"https:\/\/erki24nd3ub.exactdn.com\/wp-content\/uploads\/dream\/img\/img_214288_2c33ba9ac950832138bd0901eac6f1de_1.jpg?strip=all","width":900,"height":900},{"@type":"BreadcrumbList","@id":"https:\/\/lovme.pt\/index.php\/produto\/climaximum-vibrador-de-prostata-villo-stepped\/#breadcrumb","itemListElement":[{"@type":"ListItem","position":1,"name":"In\u00edcio","item":"https:\/\/lovme.pt\/"},{"@type":"ListItem","position":2,"name":"Loja","item":"https:\/\/lovme.pt\/index.php\/loja\/"},{"@type":"ListItem","position":3,"name":"CLIMAXIMUM &#8211; VIBRADOR DE PR\u00d3STATA VILLO STEPPED"}]},{"@type":"WebSite","@id":"https:\/\/lovme.pt\/#website","url":"https:\/\/lovme.pt\/","name":"Lovme Loja Er\u00f3tica N\u00ba1 em Portugal","description":"A melhor loja er\u00f3tica de Portugal.","alternateName":"Loja Er\u00f3tica Lovme","potentialAction":[{"@type":"SearchAction","target":{"@type":"EntryPoint","urlTemplate":"https:\/\/lovme.pt\/?s={search_term_string}"},"query-input":{"@type":"PropertyValueSpecification","valueRequired":true,"valueName":"search_term_string"}}],"inLanguage":"pt-PT"}]}},"_links":{"self":[{"href":"https:\/\/lovme.pt\/index.php\/wp-json\/wp\/v2\/product\/53682","targetHints":{"allow":["GET"]}}],"collection":[{"href":"https:\/\/lovme.pt\/index.php\/wp-json\/wp\/v2\/product"}],"about":[{"href":"https:\/\/lovme.pt\/index.php\/wp-json\/wp\/v2\/types\/product"}],"wp:featuredmedia":[{"embeddable":true,"href":"https:\/\/lovme.pt\/index.php\/wp-json\/wp\/v2\/media\/67636"}],"wp:attachment":[{"href":"https:\/\/lovme.pt\/index.php\/wp-json\/wp\/v2\/media?parent=53682"}],"wp:term":[{"taxonomy":"product_brand","embeddable":true,"href":"https:\/\/lovme.pt\/index.php\/wp-json\/wp\/v2\/product_brand?post=53682"},{"taxonomy":"product_cat","embeddable":true,"href":"https:\/\/lovme.pt\/index.php\/wp-json\/wp\/v2\/product_cat?post=53682"},{"taxonomy":"product_tag","embeddable":true,"href":"https:\/\/lovme.pt\/index.php\/wp-json\/wp\/v2\/product_tag?post=53682"}],"curies":[{"name":"wp","href":"https:\/\/api.w.org\/{rel}","templated":true}]}}