{"id":53653,"date":"2025-09-30T09:45:23","date_gmt":"2025-09-30T09:45:23","guid":{"rendered":"https:\/\/lovme.pt\/?post_type=product&p=53653"},"modified":"2026-02-19T20:04:03","modified_gmt":"2026-02-19T20:04:03","slug":"secretplay-oleo-de-massagem-de-frutas-exoticas-em-dose-unica-10-ml","status":"publish","type":"product","link":"https:\/\/lovme.pt\/index.php\/produto\/secretplay-oleo-de-massagem-de-frutas-exoticas-em-dose-unica-10-ml\/","title":{"rendered":"SECRETPLAY &#8211; \u00d3LEO DE MASSAGEM DE FRUTAS EX\u00d3TICAS EM DOSE \u00daNICA 10 ML"},"content":{"rendered":"<p>Os \u00f3leos de massagem t\u00eam uma infinidade de usos. Voc\u00ea pode us\u00e1-los para entrar no clima, simplesmente para relaxar ap\u00f3s um longo dia de trabalho ou simplesmente para sentir o prazer de ser acariciado e mimado com uma massagem. Muitos de n\u00f3s somos fascinados por massagens, especialmente receb\u00ea-las, e qual melhor maneira de vivenci\u00e1-las do que atrav\u00e9s das m\u00e3os do seu parceiro?<\/p>\n<p>O \u00d3leo de Massagem de Frutas Ex\u00f3ticas tem uma textura suave e deslizante que permite a estimula\u00e7\u00e3o de todos os sentidos atrav\u00e9s da massagem. Deixe-se levar por este \u00f3leo de massagem que permite que suas m\u00e3os e l\u00e1bios percorram o corpo do seu parceiro ou o seu com prazer. A pele \u00e9 o \u00f3rg\u00e3o sexual mais importante, e por isso \u00e9 crucial cuidar dela. Este \u00f3leo, al\u00e9m de dar \u00e0 sua pele uma apar\u00eancia acetinada, tamb\u00e9m a hidrata.<\/p>\n<p>Com seu design e seu dosador que controla a quantidade utilizada, voc\u00ea poder\u00e1 desfrutar de uma massagem er\u00f3tica repleta de sensa\u00e7\u00f5es prazerosas. Voc\u00ea vai adorar tanto que se tornar\u00e1 um acess\u00f3rio essencial em seus jogos sexuais. S\u00e3o perfeitos para as massagens mais apaixonadas e despertar\u00e3o todos os seus sentidos, levando voc\u00ea ao ponto da lux\u00faria, aumentando sua temperatura corporal e a de suas zonas er\u00f3genas.<\/p>\n<p><u><strong>CARACTER\u00cdSTICAS<\/strong><\/u> :<\/p>\n<ul>\n<li>Formato de dose \u00fanica<\/li>\n<li>Aroma: Frutas Ex\u00f3ticas<\/li>\n<li>Capacidade: 10 ml<\/li>\n<li>Feito na Espanha<\/li>\n<li><strong>Ingredientes<\/strong> : Paraffinum liquidum, Parfum, \u00f3leo de semente de Helianthus Annuus (girassol), extrato de tub\u00e9rculo Melanosporum, acetato de tocoferol<\/li>\n<li><strong>Modo de usar<\/strong> : Aplicar generosamente na \u00e1rea escolhida e massagear.<\/li>\n<\/ul>\n<p><u><strong>PRECAU\u00c7\u00d5ES<\/strong><\/u> :<\/p>\n<ul>\n<li>Produto cosm\u00e9tico somente para uso externo.<\/li>\n<li>N\u00e3o use em caso de hipersensibilidade ou alergia a qualquer um dos ingredientes.<\/li>\n<li>Se ocorrer irrita\u00e7\u00e3o, interrompa o uso.<\/li>\n<li>N\u00e3o aplique nos olhos ou feridas.<\/li>\n<li>N\u00e3o ingerir.<\/li>\n<li>Mantenha fora do alcance de crian\u00e7as.<\/li>\n<li>Armazene em local fresco e seco, longe da luz solar.<\/li>\n<\/ul>\n","protected":false},"excerpt":{"rendered":"<p>SECRETPLAY &#8211; \u00d3LEO DE MASSAGEM DE FRUTAS EX\u00d3TICAS EM DOSE \u00daNICA 10 ML<\/p>\n","protected":false},"featured_media":56605,"template":"","meta":{"_acf_changed":false},"product_brand":[],"product_cat":[49,51],"product_tag":[],"class_list":{"0":"post-53653","1":"product","2":"type-product","3":"status-publish","4":"has-post-thumbnail","6":"product_cat-cosmeticos","7":"product_cat-oleos-de-massagem","8":"yith_product_brand-secretplay","9":"yith_product_brand-secretplaysecretplay-cosmetic","11":"first","12":"instock","13":"taxable","14":"shipping-taxable","15":"purchasable","16":"product-type-simple"},"acf":[],"yoast_head":"<!-- This site is optimized with the Yoast SEO plugin v27.4 - https:\/\/yoast.com\/product\/yoast-seo-wordpress\/ -->\n<title>SECRETPLAY - \u00d3LEO DE MASSAGEM DE FRUTAS EX\u00d3TICAS EM DOSE \u00daNICA 10 ML - Lovme<\/title>\n<meta name=\"robots\" content=\"index, follow, max-snippet:-1, max-image-preview:large, max-video-preview:-1\" \/>\n<link rel=\"canonical\" href=\"https:\/\/lovme.pt\/index.php\/produto\/secretplay-oleo-de-massagem-de-frutas-exoticas-em-dose-unica-10-ml\/\" \/>\n<meta property=\"og:locale\" content=\"pt_PT\" \/>\n<meta property=\"og:type\" content=\"article\" \/>\n<meta property=\"og:title\" content=\"SECRETPLAY - \u00d3LEO DE MASSAGEM DE FRUTAS EX\u00d3TICAS EM DOSE \u00daNICA 10 ML - Lovme\" \/>\n<meta property=\"og:description\" content=\"SECRETPLAY - \u00d3LEO DE MASSAGEM DE FRUTAS EX\u00d3TICAS EM DOSE \u00daNICA 10 ML\" \/>\n<meta property=\"og:url\" content=\"https:\/\/lovme.pt\/index.php\/produto\/secretplay-oleo-de-massagem-de-frutas-exoticas-em-dose-unica-10-ml\/\" \/>\n<meta property=\"og:site_name\" content=\"Lovme\" \/>\n<meta property=\"article:modified_time\" content=\"2026-02-19T20:04:03+00:00\" \/>\n<meta property=\"og:image\" content=\"https:\/\/erki24nd3ub.exactdn.com\/wp-content\/uploads\/dream\/img\/img_214180_e082ad848d7611b947bfadb9327f13a7_1.jpg?strip=all\" \/>\n\t<meta property=\"og:image:width\" content=\"900\" \/>\n\t<meta property=\"og:image:height\" content=\"900\" \/>\n\t<meta property=\"og:image:type\" content=\"image\/jpeg\" \/>\n<meta name=\"twitter:card\" content=\"summary_large_image\" \/>\n<meta name=\"twitter:label1\" content=\"Tempo estimado de leitura\" \/>\n\t<meta name=\"twitter:data1\" content=\"2 minutos\" \/>\n<script type=\"application\/ld+json\" class=\"yoast-schema-graph\">{\"@context\":\"https:\\\/\\\/schema.org\",\"@graph\":[{\"@type\":\"WebPage\",\"@id\":\"https:\\\/\\\/lovme.pt\\\/index.php\\\/produto\\\/secretplay-oleo-de-massagem-de-frutas-exoticas-em-dose-unica-10-ml\\\/\",\"url\":\"https:\\\/\\\/lovme.pt\\\/index.php\\\/produto\\\/secretplay-oleo-de-massagem-de-frutas-exoticas-em-dose-unica-10-ml\\\/\",\"name\":\"SECRETPLAY - \u00d3LEO DE MASSAGEM DE FRUTAS EX\u00d3TICAS EM DOSE \u00daNICA 10 ML - Lovme\",\"isPartOf\":{\"@id\":\"https:\\\/\\\/lovme.pt\\\/#website\"},\"primaryImageOfPage\":{\"@id\":\"https:\\\/\\\/lovme.pt\\\/index.php\\\/produto\\\/secretplay-oleo-de-massagem-de-frutas-exoticas-em-dose-unica-10-ml\\\/#primaryimage\"},\"image\":{\"@id\":\"https:\\\/\\\/lovme.pt\\\/index.php\\\/produto\\\/secretplay-oleo-de-massagem-de-frutas-exoticas-em-dose-unica-10-ml\\\/#primaryimage\"},\"thumbnailUrl\":\"https:\\\/\\\/erki24nd3ub.exactdn.com\\\/wp-content\\\/uploads\\\/dream\\\/img\\\/img_214180_e082ad848d7611b947bfadb9327f13a7_1.jpg?strip=all\",\"datePublished\":\"2025-09-30T09:45:23+00:00\",\"dateModified\":\"2026-02-19T20:04:03+00:00\",\"breadcrumb\":{\"@id\":\"https:\\\/\\\/lovme.pt\\\/index.php\\\/produto\\\/secretplay-oleo-de-massagem-de-frutas-exoticas-em-dose-unica-10-ml\\\/#breadcrumb\"},\"inLanguage\":\"pt-PT\",\"potentialAction\":[{\"@type\":\"ReadAction\",\"target\":[\"https:\\\/\\\/lovme.pt\\\/index.php\\\/produto\\\/secretplay-oleo-de-massagem-de-frutas-exoticas-em-dose-unica-10-ml\\\/\"]}]},{\"@type\":\"ImageObject\",\"inLanguage\":\"pt-PT\",\"@id\":\"https:\\\/\\\/lovme.pt\\\/index.php\\\/produto\\\/secretplay-oleo-de-massagem-de-frutas-exoticas-em-dose-unica-10-ml\\\/#primaryimage\",\"url\":\"https:\\\/\\\/erki24nd3ub.exactdn.com\\\/wp-content\\\/uploads\\\/dream\\\/img\\\/img_214180_e082ad848d7611b947bfadb9327f13a7_1.jpg?strip=all\",\"contentUrl\":\"https:\\\/\\\/erki24nd3ub.exactdn.com\\\/wp-content\\\/uploads\\\/dream\\\/img\\\/img_214180_e082ad848d7611b947bfadb9327f13a7_1.jpg?strip=all\",\"width\":900,\"height\":900},{\"@type\":\"BreadcrumbList\",\"@id\":\"https:\\\/\\\/lovme.pt\\\/index.php\\\/produto\\\/secretplay-oleo-de-massagem-de-frutas-exoticas-em-dose-unica-10-ml\\\/#breadcrumb\",\"itemListElement\":[{\"@type\":\"ListItem\",\"position\":1,\"name\":\"In\u00edcio\",\"item\":\"https:\\\/\\\/lovme.pt\\\/\"},{\"@type\":\"ListItem\",\"position\":2,\"name\":\"Loja\",\"item\":\"https:\\\/\\\/lovme.pt\\\/index.php\\\/loja\\\/\"},{\"@type\":\"ListItem\",\"position\":3,\"name\":\"SECRETPLAY &#8211; \u00d3LEO DE MASSAGEM DE FRUTAS EX\u00d3TICAS EM DOSE \u00daNICA 10 ML\"}]},{\"@type\":\"WebSite\",\"@id\":\"https:\\\/\\\/lovme.pt\\\/#website\",\"url\":\"https:\\\/\\\/lovme.pt\\\/\",\"name\":\"Lovme Loja Er\u00f3tica N\u00ba1 em Portugal\",\"description\":\"A melhor loja er\u00f3tica de Portugal.\",\"alternateName\":\"Loja Er\u00f3tica Lovme\",\"potentialAction\":[{\"@type\":\"SearchAction\",\"target\":{\"@type\":\"EntryPoint\",\"urlTemplate\":\"https:\\\/\\\/lovme.pt\\\/?s={search_term_string}\"},\"query-input\":{\"@type\":\"PropertyValueSpecification\",\"valueRequired\":true,\"valueName\":\"search_term_string\"}}],\"inLanguage\":\"pt-PT\"}]}<\/script>\n<!-- \/ Yoast SEO plugin. -->","yoast_head_json":{"title":"SECRETPLAY - \u00d3LEO DE MASSAGEM DE FRUTAS EX\u00d3TICAS EM DOSE \u00daNICA 10 ML - Lovme","robots":{"index":"index","follow":"follow","max-snippet":"max-snippet:-1","max-image-preview":"max-image-preview:large","max-video-preview":"max-video-preview:-1"},"canonical":"https:\/\/lovme.pt\/index.php\/produto\/secretplay-oleo-de-massagem-de-frutas-exoticas-em-dose-unica-10-ml\/","og_locale":"pt_PT","og_type":"article","og_title":"SECRETPLAY - \u00d3LEO DE MASSAGEM DE FRUTAS EX\u00d3TICAS EM DOSE \u00daNICA 10 ML - Lovme","og_description":"SECRETPLAY - \u00d3LEO DE MASSAGEM DE FRUTAS EX\u00d3TICAS EM DOSE \u00daNICA 10 ML","og_url":"https:\/\/lovme.pt\/index.php\/produto\/secretplay-oleo-de-massagem-de-frutas-exoticas-em-dose-unica-10-ml\/","og_site_name":"Lovme","article_modified_time":"2026-02-19T20:04:03+00:00","og_image":[{"width":900,"height":900,"url":"https:\/\/erki24nd3ub.exactdn.com\/wp-content\/uploads\/dream\/img\/img_214180_e082ad848d7611b947bfadb9327f13a7_1.jpg?strip=all","type":"image\/jpeg"}],"twitter_card":"summary_large_image","twitter_misc":{"Tempo estimado de leitura":"2 minutos"},"schema":{"@context":"https:\/\/schema.org","@graph":[{"@type":"WebPage","@id":"https:\/\/lovme.pt\/index.php\/produto\/secretplay-oleo-de-massagem-de-frutas-exoticas-em-dose-unica-10-ml\/","url":"https:\/\/lovme.pt\/index.php\/produto\/secretplay-oleo-de-massagem-de-frutas-exoticas-em-dose-unica-10-ml\/","name":"SECRETPLAY - \u00d3LEO DE MASSAGEM DE FRUTAS EX\u00d3TICAS EM DOSE \u00daNICA 10 ML - Lovme","isPartOf":{"@id":"https:\/\/lovme.pt\/#website"},"primaryImageOfPage":{"@id":"https:\/\/lovme.pt\/index.php\/produto\/secretplay-oleo-de-massagem-de-frutas-exoticas-em-dose-unica-10-ml\/#primaryimage"},"image":{"@id":"https:\/\/lovme.pt\/index.php\/produto\/secretplay-oleo-de-massagem-de-frutas-exoticas-em-dose-unica-10-ml\/#primaryimage"},"thumbnailUrl":"https:\/\/erki24nd3ub.exactdn.com\/wp-content\/uploads\/dream\/img\/img_214180_e082ad848d7611b947bfadb9327f13a7_1.jpg?strip=all","datePublished":"2025-09-30T09:45:23+00:00","dateModified":"2026-02-19T20:04:03+00:00","breadcrumb":{"@id":"https:\/\/lovme.pt\/index.php\/produto\/secretplay-oleo-de-massagem-de-frutas-exoticas-em-dose-unica-10-ml\/#breadcrumb"},"inLanguage":"pt-PT","potentialAction":[{"@type":"ReadAction","target":["https:\/\/lovme.pt\/index.php\/produto\/secretplay-oleo-de-massagem-de-frutas-exoticas-em-dose-unica-10-ml\/"]}]},{"@type":"ImageObject","inLanguage":"pt-PT","@id":"https:\/\/lovme.pt\/index.php\/produto\/secretplay-oleo-de-massagem-de-frutas-exoticas-em-dose-unica-10-ml\/#primaryimage","url":"https:\/\/erki24nd3ub.exactdn.com\/wp-content\/uploads\/dream\/img\/img_214180_e082ad848d7611b947bfadb9327f13a7_1.jpg?strip=all","contentUrl":"https:\/\/erki24nd3ub.exactdn.com\/wp-content\/uploads\/dream\/img\/img_214180_e082ad848d7611b947bfadb9327f13a7_1.jpg?strip=all","width":900,"height":900},{"@type":"BreadcrumbList","@id":"https:\/\/lovme.pt\/index.php\/produto\/secretplay-oleo-de-massagem-de-frutas-exoticas-em-dose-unica-10-ml\/#breadcrumb","itemListElement":[{"@type":"ListItem","position":1,"name":"In\u00edcio","item":"https:\/\/lovme.pt\/"},{"@type":"ListItem","position":2,"name":"Loja","item":"https:\/\/lovme.pt\/index.php\/loja\/"},{"@type":"ListItem","position":3,"name":"SECRETPLAY &#8211; \u00d3LEO DE MASSAGEM DE FRUTAS EX\u00d3TICAS EM DOSE \u00daNICA 10 ML"}]},{"@type":"WebSite","@id":"https:\/\/lovme.pt\/#website","url":"https:\/\/lovme.pt\/","name":"Lovme Loja Er\u00f3tica N\u00ba1 em Portugal","description":"A melhor loja er\u00f3tica de Portugal.","alternateName":"Loja Er\u00f3tica Lovme","potentialAction":[{"@type":"SearchAction","target":{"@type":"EntryPoint","urlTemplate":"https:\/\/lovme.pt\/?s={search_term_string}"},"query-input":{"@type":"PropertyValueSpecification","valueRequired":true,"valueName":"search_term_string"}}],"inLanguage":"pt-PT"}]}},"_links":{"self":[{"href":"https:\/\/lovme.pt\/index.php\/wp-json\/wp\/v2\/product\/53653","targetHints":{"allow":["GET"]}}],"collection":[{"href":"https:\/\/lovme.pt\/index.php\/wp-json\/wp\/v2\/product"}],"about":[{"href":"https:\/\/lovme.pt\/index.php\/wp-json\/wp\/v2\/types\/product"}],"wp:featuredmedia":[{"embeddable":true,"href":"https:\/\/lovme.pt\/index.php\/wp-json\/wp\/v2\/media\/56605"}],"wp:attachment":[{"href":"https:\/\/lovme.pt\/index.php\/wp-json\/wp\/v2\/media?parent=53653"}],"wp:term":[{"taxonomy":"product_brand","embeddable":true,"href":"https:\/\/lovme.pt\/index.php\/wp-json\/wp\/v2\/product_brand?post=53653"},{"taxonomy":"product_cat","embeddable":true,"href":"https:\/\/lovme.pt\/index.php\/wp-json\/wp\/v2\/product_cat?post=53653"},{"taxonomy":"product_tag","embeddable":true,"href":"https:\/\/lovme.pt\/index.php\/wp-json\/wp\/v2\/product_tag?post=53653"}],"curies":[{"name":"wp","href":"https:\/\/api.w.org\/{rel}","templated":true}]}}