{"id":53644,"date":"2025-11-29T10:01:59","date_gmt":"2025-11-29T10:01:59","guid":{"rendered":"https:\/\/lovme.pt\/?post_type=product&p=53644"},"modified":"2026-02-19T20:09:21","modified_gmt":"2026-02-19T20:09:21","slug":"intense-vibrador-brenda-tamanho-m-design-espiral-10-vibracoes-roxo-controle-remoto-2","status":"publish","type":"product","link":"https:\/\/lovme.pt\/index.php\/produto\/intense-vibrador-brenda-tamanho-m-design-espiral-10-vibracoes-roxo-controle-remoto-2\/","title":{"rendered":"INTENSE &#8211; VIBRADOR BRENDA TAMANHO M DESIGN ESPIRAL 10 VIBRA\u00c7\u00d5ES ROXO CONTROLE REMOTO"},"content":{"rendered":"<p>O vibrador <strong>BRENDA<\/strong> da marca <strong>INTENSE<\/strong> \u00e9 uma combina\u00e7\u00e3o perfeita de pot\u00eancia e design exclusivo, ideal para quem busca estimula\u00e7\u00e3o profunda e prazerosa.<\/p>\n<p>Com sua atraente <strong>cor roxa<\/strong> e design elegante, BRENDA n\u00e3o oferece apenas uma experi\u00eancia visual encantadora, mas tamb\u00e9m sensa\u00e7\u00f5es envolventes durante o uso.<\/p>\n<p><strong>10 n\u00edveis de vibra\u00e7\u00e3o<\/strong> : Equipado com um motor potente, o BRENDA possui 10 n\u00edveis de vibra\u00e7\u00e3o, que variam de pulsa\u00e7\u00f5es suaves a vibra\u00e7\u00f5es mais intensas. Seu <strong>controle remoto<\/strong> facilita a altern\u00e2ncia entre os modos para encontrar o ritmo que melhor se adapta aos seus desejos, garantindo uma experi\u00eancia personalizada.<\/p>\n<p><strong>Dimens\u00f5es ideais e silicone supermacio<\/strong> : Com <strong>comprimento total de 14 cm e comprimento de inser\u00e7\u00e3o de 12,5 cm<\/strong> , al\u00e9m de <strong>espessura de 3 cm<\/strong> , BRENDA proporciona uma sensa\u00e7\u00e3o ideal de plenitude. Al\u00e9m disso, \u00e9 feito de silicone supermacio e totalmente livre de ftalatos, garantindo uma experi\u00eancia confort\u00e1vel e segura para o corpo.<\/p>\n<p><strong>Punho Flex\u00edvel com Ventosa<\/strong> : Seu design flex\u00edvel permite melhor adapta\u00e7\u00e3o \u00e0 anatomia do usu\u00e1rio, enquanto a base com ventosa oferece a possibilidade de desfrutar de sess\u00f5es sem as m\u00e3os, aderindo facilmente a superf\u00edcies lisas para maior versatilidade. Perfeito para explorar novas posi\u00e7\u00f5es e desfrutar do prazer sem limita\u00e7\u00f5es.<\/p>\n<p><strong>\u00c0 prova d\u00e1gua e recarreg\u00e1vel via USB<\/strong> : A BRENDA \u00e9 totalmente \u00e0 prova d\u00e1gua, permitindo o uso no chuveiro ou na banheira, adicionando um toque extra de divers\u00e3o. Al\u00e9m disso, \u00e9 recarreg\u00e1vel via USB, ent\u00e3o estar\u00e1 sempre pronta para uso. Pronta para usar com uma carga r\u00e1pida e conveniente.<\/p>\n<p>O vibrador BRENDA da INTENSE \u00e9 a escolha perfeita para quem quer desfrutar de vibra\u00e7\u00f5es potentes, um <strong>design inovador e o conforto de um aparelho flex\u00edvel e ergon\u00f4mico<\/strong> .<\/p>\n<p>Explore novas sensa\u00e7\u00f5es com BRENDA e desfrute de uma experi\u00eancia de prazer \u00fanica!<\/p>\n","protected":false},"excerpt":{"rendered":"<p>EMBALAGEM: CAIXA<\/p>\n","protected":false},"featured_media":104773,"template":"","meta":{"_acf_changed":false},"product_brand":[],"product_cat":[17,61,76],"product_tag":[],"class_list":{"0":"post-53644","1":"product","2":"type-product","3":"status-publish","4":"has-post-thumbnail","6":"product_cat-brinquedos-de-bem-estar-sexual","7":"product_cat-para-elas","8":"product_cat-vibradores","9":"yith_product_brand-intense","10":"yith_product_brand-intenseintense-toysintense-fun","11":"yith_product_brand-intenseintense-toys","13":"first","14":"instock","15":"taxable","16":"shipping-taxable","17":"purchasable","18":"product-type-simple"},"acf":[],"yoast_head":"<!-- This site is optimized with the Yoast SEO plugin v27.4 - https:\/\/yoast.com\/product\/yoast-seo-wordpress\/ -->\n<title>INTENSE - VIBRADOR BRENDA TAMANHO M DESIGN ESPIRAL 10 VIBRA\u00c7\u00d5ES ROXO CONTROLE REMOTO - Lovme<\/title>\n<meta name=\"robots\" content=\"index, follow, max-snippet:-1, max-image-preview:large, max-video-preview:-1\" \/>\n<link rel=\"canonical\" href=\"https:\/\/lovme.pt\/index.php\/produto\/intense-vibrador-brenda-tamanho-m-design-espiral-10-vibracoes-roxo-controle-remoto-2\/\" \/>\n<meta property=\"og:locale\" content=\"pt_PT\" \/>\n<meta property=\"og:type\" content=\"article\" \/>\n<meta property=\"og:title\" content=\"INTENSE - VIBRADOR BRENDA TAMANHO M DESIGN ESPIRAL 10 VIBRA\u00c7\u00d5ES ROXO CONTROLE REMOTO - Lovme\" \/>\n<meta property=\"og:description\" content=\"EMBALAGEM: CAIXA\" \/>\n<meta property=\"og:url\" content=\"https:\/\/lovme.pt\/index.php\/produto\/intense-vibrador-brenda-tamanho-m-design-espiral-10-vibracoes-roxo-controle-remoto-2\/\" \/>\n<meta property=\"og:site_name\" content=\"Lovme\" \/>\n<meta property=\"article:modified_time\" content=\"2026-02-19T20:09:21+00:00\" \/>\n<meta property=\"og:image\" content=\"https:\/\/erki24nd3ub.exactdn.com\/wp-content\/uploads\/dream\/img\/img_214099_4026f44d153d5c27000989b1900877ff_1.png?strip=all\" \/>\n\t<meta property=\"og:image:width\" content=\"900\" \/>\n\t<meta property=\"og:image:height\" content=\"900\" \/>\n\t<meta property=\"og:image:type\" content=\"image\/png\" \/>\n<meta name=\"twitter:card\" content=\"summary_large_image\" \/>\n<meta name=\"twitter:label1\" content=\"Tempo estimado de leitura\" \/>\n\t<meta name=\"twitter:data1\" content=\"2 minutos\" \/>\n<script type=\"application\/ld+json\" class=\"yoast-schema-graph\">{\"@context\":\"https:\\\/\\\/schema.org\",\"@graph\":[{\"@type\":\"WebPage\",\"@id\":\"https:\\\/\\\/lovme.pt\\\/index.php\\\/produto\\\/intense-vibrador-brenda-tamanho-m-design-espiral-10-vibracoes-roxo-controle-remoto-2\\\/\",\"url\":\"https:\\\/\\\/lovme.pt\\\/index.php\\\/produto\\\/intense-vibrador-brenda-tamanho-m-design-espiral-10-vibracoes-roxo-controle-remoto-2\\\/\",\"name\":\"INTENSE - VIBRADOR BRENDA TAMANHO M DESIGN ESPIRAL 10 VIBRA\u00c7\u00d5ES ROXO CONTROLE REMOTO - Lovme\",\"isPartOf\":{\"@id\":\"https:\\\/\\\/lovme.pt\\\/#website\"},\"primaryImageOfPage\":{\"@id\":\"https:\\\/\\\/lovme.pt\\\/index.php\\\/produto\\\/intense-vibrador-brenda-tamanho-m-design-espiral-10-vibracoes-roxo-controle-remoto-2\\\/#primaryimage\"},\"image\":{\"@id\":\"https:\\\/\\\/lovme.pt\\\/index.php\\\/produto\\\/intense-vibrador-brenda-tamanho-m-design-espiral-10-vibracoes-roxo-controle-remoto-2\\\/#primaryimage\"},\"thumbnailUrl\":\"https:\\\/\\\/erki24nd3ub.exactdn.com\\\/wp-content\\\/uploads\\\/dream\\\/img\\\/img_214099_4026f44d153d5c27000989b1900877ff_1.png?strip=all\",\"datePublished\":\"2025-11-29T10:01:59+00:00\",\"dateModified\":\"2026-02-19T20:09:21+00:00\",\"breadcrumb\":{\"@id\":\"https:\\\/\\\/lovme.pt\\\/index.php\\\/produto\\\/intense-vibrador-brenda-tamanho-m-design-espiral-10-vibracoes-roxo-controle-remoto-2\\\/#breadcrumb\"},\"inLanguage\":\"pt-PT\",\"potentialAction\":[{\"@type\":\"ReadAction\",\"target\":[\"https:\\\/\\\/lovme.pt\\\/index.php\\\/produto\\\/intense-vibrador-brenda-tamanho-m-design-espiral-10-vibracoes-roxo-controle-remoto-2\\\/\"]}]},{\"@type\":\"ImageObject\",\"inLanguage\":\"pt-PT\",\"@id\":\"https:\\\/\\\/lovme.pt\\\/index.php\\\/produto\\\/intense-vibrador-brenda-tamanho-m-design-espiral-10-vibracoes-roxo-controle-remoto-2\\\/#primaryimage\",\"url\":\"https:\\\/\\\/erki24nd3ub.exactdn.com\\\/wp-content\\\/uploads\\\/dream\\\/img\\\/img_214099_4026f44d153d5c27000989b1900877ff_1.png?strip=all\",\"contentUrl\":\"https:\\\/\\\/erki24nd3ub.exactdn.com\\\/wp-content\\\/uploads\\\/dream\\\/img\\\/img_214099_4026f44d153d5c27000989b1900877ff_1.png?strip=all\",\"width\":900,\"height\":900},{\"@type\":\"BreadcrumbList\",\"@id\":\"https:\\\/\\\/lovme.pt\\\/index.php\\\/produto\\\/intense-vibrador-brenda-tamanho-m-design-espiral-10-vibracoes-roxo-controle-remoto-2\\\/#breadcrumb\",\"itemListElement\":[{\"@type\":\"ListItem\",\"position\":1,\"name\":\"In\u00edcio\",\"item\":\"https:\\\/\\\/lovme.pt\\\/\"},{\"@type\":\"ListItem\",\"position\":2,\"name\":\"Loja\",\"item\":\"https:\\\/\\\/lovme.pt\\\/index.php\\\/loja\\\/\"},{\"@type\":\"ListItem\",\"position\":3,\"name\":\"INTENSE &#8211; VIBRADOR BRENDA TAMANHO M DESIGN ESPIRAL 10 VIBRA\u00c7\u00d5ES ROXO CONTROLE REMOTO\"}]},{\"@type\":\"WebSite\",\"@id\":\"https:\\\/\\\/lovme.pt\\\/#website\",\"url\":\"https:\\\/\\\/lovme.pt\\\/\",\"name\":\"Lovme Loja Er\u00f3tica N\u00ba1 em Portugal\",\"description\":\"A melhor loja er\u00f3tica de Portugal.\",\"alternateName\":\"Loja Er\u00f3tica Lovme\",\"potentialAction\":[{\"@type\":\"SearchAction\",\"target\":{\"@type\":\"EntryPoint\",\"urlTemplate\":\"https:\\\/\\\/lovme.pt\\\/?s={search_term_string}\"},\"query-input\":{\"@type\":\"PropertyValueSpecification\",\"valueRequired\":true,\"valueName\":\"search_term_string\"}}],\"inLanguage\":\"pt-PT\"}]}<\/script>\n<!-- \/ Yoast SEO plugin. -->","yoast_head_json":{"title":"INTENSE - VIBRADOR BRENDA TAMANHO M DESIGN ESPIRAL 10 VIBRA\u00c7\u00d5ES ROXO CONTROLE REMOTO - Lovme","robots":{"index":"index","follow":"follow","max-snippet":"max-snippet:-1","max-image-preview":"max-image-preview:large","max-video-preview":"max-video-preview:-1"},"canonical":"https:\/\/lovme.pt\/index.php\/produto\/intense-vibrador-brenda-tamanho-m-design-espiral-10-vibracoes-roxo-controle-remoto-2\/","og_locale":"pt_PT","og_type":"article","og_title":"INTENSE - VIBRADOR BRENDA TAMANHO M DESIGN ESPIRAL 10 VIBRA\u00c7\u00d5ES ROXO CONTROLE REMOTO - Lovme","og_description":"EMBALAGEM: CAIXA","og_url":"https:\/\/lovme.pt\/index.php\/produto\/intense-vibrador-brenda-tamanho-m-design-espiral-10-vibracoes-roxo-controle-remoto-2\/","og_site_name":"Lovme","article_modified_time":"2026-02-19T20:09:21+00:00","og_image":[{"width":900,"height":900,"url":"https:\/\/erki24nd3ub.exactdn.com\/wp-content\/uploads\/dream\/img\/img_214099_4026f44d153d5c27000989b1900877ff_1.png?strip=all","type":"image\/png"}],"twitter_card":"summary_large_image","twitter_misc":{"Tempo estimado de leitura":"2 minutos"},"schema":{"@context":"https:\/\/schema.org","@graph":[{"@type":"WebPage","@id":"https:\/\/lovme.pt\/index.php\/produto\/intense-vibrador-brenda-tamanho-m-design-espiral-10-vibracoes-roxo-controle-remoto-2\/","url":"https:\/\/lovme.pt\/index.php\/produto\/intense-vibrador-brenda-tamanho-m-design-espiral-10-vibracoes-roxo-controle-remoto-2\/","name":"INTENSE - VIBRADOR BRENDA TAMANHO M DESIGN ESPIRAL 10 VIBRA\u00c7\u00d5ES ROXO CONTROLE REMOTO - Lovme","isPartOf":{"@id":"https:\/\/lovme.pt\/#website"},"primaryImageOfPage":{"@id":"https:\/\/lovme.pt\/index.php\/produto\/intense-vibrador-brenda-tamanho-m-design-espiral-10-vibracoes-roxo-controle-remoto-2\/#primaryimage"},"image":{"@id":"https:\/\/lovme.pt\/index.php\/produto\/intense-vibrador-brenda-tamanho-m-design-espiral-10-vibracoes-roxo-controle-remoto-2\/#primaryimage"},"thumbnailUrl":"https:\/\/erki24nd3ub.exactdn.com\/wp-content\/uploads\/dream\/img\/img_214099_4026f44d153d5c27000989b1900877ff_1.png?strip=all","datePublished":"2025-11-29T10:01:59+00:00","dateModified":"2026-02-19T20:09:21+00:00","breadcrumb":{"@id":"https:\/\/lovme.pt\/index.php\/produto\/intense-vibrador-brenda-tamanho-m-design-espiral-10-vibracoes-roxo-controle-remoto-2\/#breadcrumb"},"inLanguage":"pt-PT","potentialAction":[{"@type":"ReadAction","target":["https:\/\/lovme.pt\/index.php\/produto\/intense-vibrador-brenda-tamanho-m-design-espiral-10-vibracoes-roxo-controle-remoto-2\/"]}]},{"@type":"ImageObject","inLanguage":"pt-PT","@id":"https:\/\/lovme.pt\/index.php\/produto\/intense-vibrador-brenda-tamanho-m-design-espiral-10-vibracoes-roxo-controle-remoto-2\/#primaryimage","url":"https:\/\/erki24nd3ub.exactdn.com\/wp-content\/uploads\/dream\/img\/img_214099_4026f44d153d5c27000989b1900877ff_1.png?strip=all","contentUrl":"https:\/\/erki24nd3ub.exactdn.com\/wp-content\/uploads\/dream\/img\/img_214099_4026f44d153d5c27000989b1900877ff_1.png?strip=all","width":900,"height":900},{"@type":"BreadcrumbList","@id":"https:\/\/lovme.pt\/index.php\/produto\/intense-vibrador-brenda-tamanho-m-design-espiral-10-vibracoes-roxo-controle-remoto-2\/#breadcrumb","itemListElement":[{"@type":"ListItem","position":1,"name":"In\u00edcio","item":"https:\/\/lovme.pt\/"},{"@type":"ListItem","position":2,"name":"Loja","item":"https:\/\/lovme.pt\/index.php\/loja\/"},{"@type":"ListItem","position":3,"name":"INTENSE &#8211; VIBRADOR BRENDA TAMANHO M DESIGN ESPIRAL 10 VIBRA\u00c7\u00d5ES ROXO CONTROLE REMOTO"}]},{"@type":"WebSite","@id":"https:\/\/lovme.pt\/#website","url":"https:\/\/lovme.pt\/","name":"Lovme Loja Er\u00f3tica N\u00ba1 em Portugal","description":"A melhor loja er\u00f3tica de Portugal.","alternateName":"Loja Er\u00f3tica Lovme","potentialAction":[{"@type":"SearchAction","target":{"@type":"EntryPoint","urlTemplate":"https:\/\/lovme.pt\/?s={search_term_string}"},"query-input":{"@type":"PropertyValueSpecification","valueRequired":true,"valueName":"search_term_string"}}],"inLanguage":"pt-PT"}]}},"_links":{"self":[{"href":"https:\/\/lovme.pt\/index.php\/wp-json\/wp\/v2\/product\/53644","targetHints":{"allow":["GET"]}}],"collection":[{"href":"https:\/\/lovme.pt\/index.php\/wp-json\/wp\/v2\/product"}],"about":[{"href":"https:\/\/lovme.pt\/index.php\/wp-json\/wp\/v2\/types\/product"}],"wp:featuredmedia":[{"embeddable":true,"href":"https:\/\/lovme.pt\/index.php\/wp-json\/wp\/v2\/media\/104773"}],"wp:attachment":[{"href":"https:\/\/lovme.pt\/index.php\/wp-json\/wp\/v2\/media?parent=53644"}],"wp:term":[{"taxonomy":"product_brand","embeddable":true,"href":"https:\/\/lovme.pt\/index.php\/wp-json\/wp\/v2\/product_brand?post=53644"},{"taxonomy":"product_cat","embeddable":true,"href":"https:\/\/lovme.pt\/index.php\/wp-json\/wp\/v2\/product_cat?post=53644"},{"taxonomy":"product_tag","embeddable":true,"href":"https:\/\/lovme.pt\/index.php\/wp-json\/wp\/v2\/product_tag?post=53644"}],"curies":[{"name":"wp","href":"https:\/\/api.w.org\/{rel}","templated":true}]}}