{"id":53641,"date":"2025-11-29T10:02:13","date_gmt":"2025-11-29T10:02:13","guid":{"rendered":"https:\/\/lovme.pt\/?post_type=product&p=53641"},"modified":"2026-02-19T20:09:21","modified_gmt":"2026-02-19T20:09:21","slug":"intense-vibrador-shorty-com-ventosa-azul-controle-remoto-2","status":"publish","type":"product","link":"https:\/\/lovme.pt\/index.php\/produto\/intense-vibrador-shorty-com-ventosa-azul-controle-remoto-2\/","title":{"rendered":"INTENSE &#8211; VIBRADOR SHORTY COM VENTOSA AZUL CONTROLE REMOTO"},"content":{"rendered":"<p>O vibrador <strong>SHORTY<\/strong> da marca <strong>INTENSE<\/strong> \u00e9 a combina\u00e7\u00e3o ideal de pot\u00eancia e design texturizado, pensado para quem busca uma estimula\u00e7\u00e3o intensa e prazerosa.<\/p>\n<p>Com sua <strong>cor azul vibrante<\/strong> e um elegante <strong>relevo em forma de concha<\/strong> , o SHORTY foi projetado para proporcionar sensa\u00e7\u00f5es envolventes e texturizadas.<\/p>\n<p><strong>10 n\u00edveis de vibra\u00e7\u00e3o<\/strong> : Equipado com um motor potente, o SHORTY oferece 10 n\u00edveis de vibra\u00e7\u00e3o, que variam de car\u00edcias suaves a pulsa\u00e7\u00f5es poderosas. Seu <strong>controle remoto<\/strong> permite ajustar facilmente a intensidade e os padr\u00f5es de vibra\u00e7\u00e3o, proporcionando controle total para uma experi\u00eancia personalizada.<\/p>\n<p><strong>Copos arredondados e silicone supermacio<\/strong> : Com comprimento total de 16 cm, comprimento de inser\u00e7\u00e3o de 14,5 cm e espessura de 4 cm, o SHORTY proporciona uma sensa\u00e7\u00e3o ideal de saciedade. O relevo dos copos adiciona estimula\u00e7\u00e3o extra durante a inser\u00e7\u00e3o e a retirada, proporcionando uma experi\u00eancia completamente diferente. Al\u00e9m disso, \u00e9 feito de silicone supermacio e totalmente livre de ftalatos, garantindo uma experi\u00eancia confort\u00e1vel e segura para o corpo.<\/p>\n<p><strong>Ventosa e design flex\u00edvel<\/strong> : O SHORTY inclui uma ventosa na base, permitindo que voc\u00ea o fixe em qualquer superf\u00edcie lisa para sess\u00f5es com as m\u00e3os livres e para explorar diferentes posi\u00e7\u00f5es. Seu <strong>design flex\u00edvel<\/strong> se adapta perfeitamente aos contornos do seu corpo, garantindo conforto a cada movimento.<\/p>\n<p><strong>\u00c0 prova d\u00e1gua e recarreg\u00e1vel via USB<\/strong> : O SHORTY \u00e9 \u00e0 prova d\u00e1gua, permitindo que voc\u00ea leve seu prazer para o chuveiro ou banheira sem preocupa\u00e7\u00f5es. Al\u00e9m disso, \u00e9 recarreg\u00e1vel via USB, facilitando o uso cont\u00ednuo e garantindo que esteja sempre pronto para uso. Pronto quando voc\u00ea precisar.<\/p>\n<p>O vibrador SHORTY da INTENSE \u00e9 a escolha ideal para quem busca uma experi\u00eancia potente e texturizada, com a versatilidade de um design de ventosa e a conveni\u00eancia de um controle remoto.<\/p>\n<p>Explore novas sensa\u00e7\u00f5es e viva uma experi\u00eancia \u00fanica com o SHORTY!<\/p>\n","protected":false},"excerpt":{"rendered":"<p>EMBALAGEM: CAIXA<\/p>\n","protected":false},"featured_media":104783,"template":"","meta":{"_acf_changed":false},"product_brand":[],"product_cat":[17,61,76],"product_tag":[],"class_list":{"0":"post-53641","1":"product","2":"type-product","3":"status-publish","4":"has-post-thumbnail","6":"product_cat-brinquedos-de-bem-estar-sexual","7":"product_cat-para-elas","8":"product_cat-vibradores","9":"yith_product_brand-intense","10":"yith_product_brand-intenseintense-toysintense-fun","11":"yith_product_brand-intenseintense-toys","13":"first","14":"instock","15":"taxable","16":"shipping-taxable","17":"purchasable","18":"product-type-simple"},"acf":[],"yoast_head":"<!-- This site is optimized with the Yoast SEO plugin v27.4 - https:\/\/yoast.com\/product\/yoast-seo-wordpress\/ -->\n<title>INTENSE - VIBRADOR SHORTY COM VENTOSA AZUL CONTROLE REMOTO - Lovme<\/title>\n<meta name=\"robots\" content=\"index, follow, max-snippet:-1, max-image-preview:large, max-video-preview:-1\" \/>\n<link rel=\"canonical\" href=\"https:\/\/lovme.pt\/index.php\/produto\/intense-vibrador-shorty-com-ventosa-azul-controle-remoto-2\/\" \/>\n<meta property=\"og:locale\" content=\"pt_PT\" \/>\n<meta property=\"og:type\" content=\"article\" \/>\n<meta property=\"og:title\" content=\"INTENSE - VIBRADOR SHORTY COM VENTOSA AZUL CONTROLE REMOTO - Lovme\" \/>\n<meta property=\"og:description\" content=\"EMBALAGEM: CAIXA\" \/>\n<meta property=\"og:url\" content=\"https:\/\/lovme.pt\/index.php\/produto\/intense-vibrador-shorty-com-ventosa-azul-controle-remoto-2\/\" \/>\n<meta property=\"og:site_name\" content=\"Lovme\" \/>\n<meta property=\"article:modified_time\" content=\"2026-02-19T20:09:21+00:00\" \/>\n<meta property=\"og:image\" content=\"https:\/\/erki24nd3ub.exactdn.com\/wp-content\/uploads\/dream\/img\/img_214075_f79eb5652dc111220be3db068b3133d5_1.png?strip=all\" \/>\n\t<meta property=\"og:image:width\" content=\"900\" \/>\n\t<meta property=\"og:image:height\" content=\"900\" \/>\n\t<meta property=\"og:image:type\" content=\"image\/png\" \/>\n<meta name=\"twitter:card\" content=\"summary_large_image\" \/>\n<meta name=\"twitter:label1\" content=\"Tempo estimado de leitura\" \/>\n\t<meta name=\"twitter:data1\" content=\"2 minutos\" \/>\n<script type=\"application\/ld+json\" class=\"yoast-schema-graph\">{\"@context\":\"https:\\\/\\\/schema.org\",\"@graph\":[{\"@type\":\"WebPage\",\"@id\":\"https:\\\/\\\/lovme.pt\\\/index.php\\\/produto\\\/intense-vibrador-shorty-com-ventosa-azul-controle-remoto-2\\\/\",\"url\":\"https:\\\/\\\/lovme.pt\\\/index.php\\\/produto\\\/intense-vibrador-shorty-com-ventosa-azul-controle-remoto-2\\\/\",\"name\":\"INTENSE - VIBRADOR SHORTY COM VENTOSA AZUL CONTROLE REMOTO - Lovme\",\"isPartOf\":{\"@id\":\"https:\\\/\\\/lovme.pt\\\/#website\"},\"primaryImageOfPage\":{\"@id\":\"https:\\\/\\\/lovme.pt\\\/index.php\\\/produto\\\/intense-vibrador-shorty-com-ventosa-azul-controle-remoto-2\\\/#primaryimage\"},\"image\":{\"@id\":\"https:\\\/\\\/lovme.pt\\\/index.php\\\/produto\\\/intense-vibrador-shorty-com-ventosa-azul-controle-remoto-2\\\/#primaryimage\"},\"thumbnailUrl\":\"https:\\\/\\\/erki24nd3ub.exactdn.com\\\/wp-content\\\/uploads\\\/dream\\\/img\\\/img_214075_f79eb5652dc111220be3db068b3133d5_1.png?strip=all\",\"datePublished\":\"2025-11-29T10:02:13+00:00\",\"dateModified\":\"2026-02-19T20:09:21+00:00\",\"breadcrumb\":{\"@id\":\"https:\\\/\\\/lovme.pt\\\/index.php\\\/produto\\\/intense-vibrador-shorty-com-ventosa-azul-controle-remoto-2\\\/#breadcrumb\"},\"inLanguage\":\"pt-PT\",\"potentialAction\":[{\"@type\":\"ReadAction\",\"target\":[\"https:\\\/\\\/lovme.pt\\\/index.php\\\/produto\\\/intense-vibrador-shorty-com-ventosa-azul-controle-remoto-2\\\/\"]}]},{\"@type\":\"ImageObject\",\"inLanguage\":\"pt-PT\",\"@id\":\"https:\\\/\\\/lovme.pt\\\/index.php\\\/produto\\\/intense-vibrador-shorty-com-ventosa-azul-controle-remoto-2\\\/#primaryimage\",\"url\":\"https:\\\/\\\/erki24nd3ub.exactdn.com\\\/wp-content\\\/uploads\\\/dream\\\/img\\\/img_214075_f79eb5652dc111220be3db068b3133d5_1.png?strip=all\",\"contentUrl\":\"https:\\\/\\\/erki24nd3ub.exactdn.com\\\/wp-content\\\/uploads\\\/dream\\\/img\\\/img_214075_f79eb5652dc111220be3db068b3133d5_1.png?strip=all\",\"width\":900,\"height\":900},{\"@type\":\"BreadcrumbList\",\"@id\":\"https:\\\/\\\/lovme.pt\\\/index.php\\\/produto\\\/intense-vibrador-shorty-com-ventosa-azul-controle-remoto-2\\\/#breadcrumb\",\"itemListElement\":[{\"@type\":\"ListItem\",\"position\":1,\"name\":\"In\u00edcio\",\"item\":\"https:\\\/\\\/lovme.pt\\\/\"},{\"@type\":\"ListItem\",\"position\":2,\"name\":\"Loja\",\"item\":\"https:\\\/\\\/lovme.pt\\\/index.php\\\/loja\\\/\"},{\"@type\":\"ListItem\",\"position\":3,\"name\":\"INTENSE &#8211; VIBRADOR SHORTY COM VENTOSA AZUL CONTROLE REMOTO\"}]},{\"@type\":\"WebSite\",\"@id\":\"https:\\\/\\\/lovme.pt\\\/#website\",\"url\":\"https:\\\/\\\/lovme.pt\\\/\",\"name\":\"Lovme Loja Er\u00f3tica N\u00ba1 em Portugal\",\"description\":\"A melhor loja er\u00f3tica de Portugal.\",\"alternateName\":\"Loja Er\u00f3tica Lovme\",\"potentialAction\":[{\"@type\":\"SearchAction\",\"target\":{\"@type\":\"EntryPoint\",\"urlTemplate\":\"https:\\\/\\\/lovme.pt\\\/?s={search_term_string}\"},\"query-input\":{\"@type\":\"PropertyValueSpecification\",\"valueRequired\":true,\"valueName\":\"search_term_string\"}}],\"inLanguage\":\"pt-PT\"}]}<\/script>\n<!-- \/ Yoast SEO plugin. -->","yoast_head_json":{"title":"INTENSE - VIBRADOR SHORTY COM VENTOSA AZUL CONTROLE REMOTO - Lovme","robots":{"index":"index","follow":"follow","max-snippet":"max-snippet:-1","max-image-preview":"max-image-preview:large","max-video-preview":"max-video-preview:-1"},"canonical":"https:\/\/lovme.pt\/index.php\/produto\/intense-vibrador-shorty-com-ventosa-azul-controle-remoto-2\/","og_locale":"pt_PT","og_type":"article","og_title":"INTENSE - VIBRADOR SHORTY COM VENTOSA AZUL CONTROLE REMOTO - Lovme","og_description":"EMBALAGEM: CAIXA","og_url":"https:\/\/lovme.pt\/index.php\/produto\/intense-vibrador-shorty-com-ventosa-azul-controle-remoto-2\/","og_site_name":"Lovme","article_modified_time":"2026-02-19T20:09:21+00:00","og_image":[{"width":900,"height":900,"url":"https:\/\/erki24nd3ub.exactdn.com\/wp-content\/uploads\/dream\/img\/img_214075_f79eb5652dc111220be3db068b3133d5_1.png?strip=all","type":"image\/png"}],"twitter_card":"summary_large_image","twitter_misc":{"Tempo estimado de leitura":"2 minutos"},"schema":{"@context":"https:\/\/schema.org","@graph":[{"@type":"WebPage","@id":"https:\/\/lovme.pt\/index.php\/produto\/intense-vibrador-shorty-com-ventosa-azul-controle-remoto-2\/","url":"https:\/\/lovme.pt\/index.php\/produto\/intense-vibrador-shorty-com-ventosa-azul-controle-remoto-2\/","name":"INTENSE - VIBRADOR SHORTY COM VENTOSA AZUL CONTROLE REMOTO - Lovme","isPartOf":{"@id":"https:\/\/lovme.pt\/#website"},"primaryImageOfPage":{"@id":"https:\/\/lovme.pt\/index.php\/produto\/intense-vibrador-shorty-com-ventosa-azul-controle-remoto-2\/#primaryimage"},"image":{"@id":"https:\/\/lovme.pt\/index.php\/produto\/intense-vibrador-shorty-com-ventosa-azul-controle-remoto-2\/#primaryimage"},"thumbnailUrl":"https:\/\/erki24nd3ub.exactdn.com\/wp-content\/uploads\/dream\/img\/img_214075_f79eb5652dc111220be3db068b3133d5_1.png?strip=all","datePublished":"2025-11-29T10:02:13+00:00","dateModified":"2026-02-19T20:09:21+00:00","breadcrumb":{"@id":"https:\/\/lovme.pt\/index.php\/produto\/intense-vibrador-shorty-com-ventosa-azul-controle-remoto-2\/#breadcrumb"},"inLanguage":"pt-PT","potentialAction":[{"@type":"ReadAction","target":["https:\/\/lovme.pt\/index.php\/produto\/intense-vibrador-shorty-com-ventosa-azul-controle-remoto-2\/"]}]},{"@type":"ImageObject","inLanguage":"pt-PT","@id":"https:\/\/lovme.pt\/index.php\/produto\/intense-vibrador-shorty-com-ventosa-azul-controle-remoto-2\/#primaryimage","url":"https:\/\/erki24nd3ub.exactdn.com\/wp-content\/uploads\/dream\/img\/img_214075_f79eb5652dc111220be3db068b3133d5_1.png?strip=all","contentUrl":"https:\/\/erki24nd3ub.exactdn.com\/wp-content\/uploads\/dream\/img\/img_214075_f79eb5652dc111220be3db068b3133d5_1.png?strip=all","width":900,"height":900},{"@type":"BreadcrumbList","@id":"https:\/\/lovme.pt\/index.php\/produto\/intense-vibrador-shorty-com-ventosa-azul-controle-remoto-2\/#breadcrumb","itemListElement":[{"@type":"ListItem","position":1,"name":"In\u00edcio","item":"https:\/\/lovme.pt\/"},{"@type":"ListItem","position":2,"name":"Loja","item":"https:\/\/lovme.pt\/index.php\/loja\/"},{"@type":"ListItem","position":3,"name":"INTENSE &#8211; VIBRADOR SHORTY COM VENTOSA AZUL CONTROLE REMOTO"}]},{"@type":"WebSite","@id":"https:\/\/lovme.pt\/#website","url":"https:\/\/lovme.pt\/","name":"Lovme Loja Er\u00f3tica N\u00ba1 em Portugal","description":"A melhor loja er\u00f3tica de Portugal.","alternateName":"Loja Er\u00f3tica Lovme","potentialAction":[{"@type":"SearchAction","target":{"@type":"EntryPoint","urlTemplate":"https:\/\/lovme.pt\/?s={search_term_string}"},"query-input":{"@type":"PropertyValueSpecification","valueRequired":true,"valueName":"search_term_string"}}],"inLanguage":"pt-PT"}]}},"_links":{"self":[{"href":"https:\/\/lovme.pt\/index.php\/wp-json\/wp\/v2\/product\/53641","targetHints":{"allow":["GET"]}}],"collection":[{"href":"https:\/\/lovme.pt\/index.php\/wp-json\/wp\/v2\/product"}],"about":[{"href":"https:\/\/lovme.pt\/index.php\/wp-json\/wp\/v2\/types\/product"}],"wp:featuredmedia":[{"embeddable":true,"href":"https:\/\/lovme.pt\/index.php\/wp-json\/wp\/v2\/media\/104783"}],"wp:attachment":[{"href":"https:\/\/lovme.pt\/index.php\/wp-json\/wp\/v2\/media?parent=53641"}],"wp:term":[{"taxonomy":"product_brand","embeddable":true,"href":"https:\/\/lovme.pt\/index.php\/wp-json\/wp\/v2\/product_brand?post=53641"},{"taxonomy":"product_cat","embeddable":true,"href":"https:\/\/lovme.pt\/index.php\/wp-json\/wp\/v2\/product_cat?post=53641"},{"taxonomy":"product_tag","embeddable":true,"href":"https:\/\/lovme.pt\/index.php\/wp-json\/wp\/v2\/product_tag?post=53641"}],"curies":[{"name":"wp","href":"https:\/\/api.w.org\/{rel}","templated":true}]}}