{"id":53620,"date":"2025-11-29T10:01:45","date_gmt":"2025-11-29T10:01:45","guid":{"rendered":"https:\/\/lovme.pt\/?post_type=product&p=53620"},"modified":"2026-02-19T20:09:21","modified_gmt":"2026-02-19T20:09:21","slug":"intense-vibrador-eddie-175-cm-10-vibracoes-roxo-controle-remoto-2","status":"publish","type":"product","link":"https:\/\/lovme.pt\/index.php\/produto\/intense-vibrador-eddie-175-cm-10-vibracoes-roxo-controle-remoto-2\/","title":{"rendered":"INTENSE &#8211; VIBRADOR EDDIE 17,5 CM 10 VIBRA\u00c7\u00d5ES ROXO CONTROLE REMOTO"},"content":{"rendered":"<p>O vibrador <strong>EDDIE<\/strong> da marca <strong>INTENSE<\/strong> \u00e9 o complemento perfeito para quem busca pot\u00eancia e conforto em um \u00fanico brinquedo.<\/p>\n<p>Com um <strong>comprimento total de 17,5 cm<\/strong> e uma <strong>parte inser\u00edvel de 16,5 cm<\/strong> , o EDDIE foi projetado para oferecer uma experi\u00eancia de estimula\u00e7\u00e3o profunda e satisfat\u00f3ria, refor\u00e7ada por sua <strong>espessura de 4 cm<\/strong> que garante uma sensa\u00e7\u00e3o completa e envolvente.<\/p>\n<p><strong>10 Modos de Vibra\u00e7\u00e3o<\/strong> : Equipado com um motor potente, o EDDIE possui 10 modos de vibra\u00e7\u00e3o ajust\u00e1veis que voc\u00ea pode alterar facilmente com o <strong>controle remoto<\/strong> , para que voc\u00ea possa explorar desde car\u00edcias suaves at\u00e9 vibra\u00e7\u00f5es intensas que o levar\u00e3o ao cl\u00edmax. Este vibrador \u00e9 ideal para descobrir uma variedade de sensa\u00e7\u00f5es adaptadas \u00e0s suas prefer\u00eancias e momentos.<\/p>\n<p><strong>Silicone supermacio e seguro<\/strong> : Feito com silicone de grau m\u00e9dico, seguro para o corpo e livre de ftalatos, o EDDIE possui uma textura macia e agrad\u00e1vel ao toque, proporcionando uma sensa\u00e7\u00e3o confort\u00e1vel durante o uso. Seu design ergon\u00f4mico e flex\u00edvel permite que se adapte perfeitamente \u00e0 anatomia, oferecendo um ajuste preciso e confort\u00e1vel.<\/p>\n<p><strong>\u00c0 prova d\u00e1gua<\/strong> : sua resist\u00eancia \u00e0 \u00e1gua permite que voc\u00ea aproveite no chuveiro ou na banheira, adicionando uma dimens\u00e3o extra de prazer aqu\u00e1tico aos seus momentos \u00edntimos, sem se preocupar com a seguran\u00e7a do dispositivo.<\/p>\n<p><strong>Recarreg\u00e1vel via USB<\/strong> : Esque\u00e7a as pilhas descart\u00e1veis. O EDDIE \u00e9 recarreg\u00e1vel via USB, garantindo um carregamento r\u00e1pido e pr\u00e1tico, para que voc\u00ea esteja sempre pronto para usar. Sempre pronto quando voc\u00ea precisar.<\/p>\n<p>Com um <strong>design moderno, flex\u00edvel e f\u00e1cil de usar<\/strong> , o vibrador EDDIE \u00e9 o companheiro ideal para seus momentos de prazer, seja sozinho ou com seu parceiro.<\/p>\n<p>Deixe-se seduzir pelas suas vibra\u00e7\u00f5es e experimente a intensidade e o conforto que s\u00f3 o EDDIE pode oferecer!<\/p>\n","protected":false},"excerpt":{"rendered":"<p>EMBALAGEM: CAIXA<\/p>\n","protected":false},"featured_media":104763,"template":"","meta":{"_acf_changed":false},"product_brand":[],"product_cat":[17,61,76],"product_tag":[],"class_list":{"0":"post-53620","1":"product","2":"type-product","3":"status-publish","4":"has-post-thumbnail","6":"product_cat-brinquedos-de-bem-estar-sexual","7":"product_cat-para-elas","8":"product_cat-vibradores","9":"yith_product_brand-intense","10":"yith_product_brand-intenseintense-toysintense-fun","11":"yith_product_brand-intenseintense-toys","13":"first","14":"instock","15":"taxable","16":"shipping-taxable","17":"purchasable","18":"product-type-simple"},"acf":[],"yoast_head":"<!-- This site is optimized with the Yoast SEO plugin v27.4 - https:\/\/yoast.com\/product\/yoast-seo-wordpress\/ -->\n<title>INTENSE - VIBRADOR EDDIE 17,5 CM 10 VIBRA\u00c7\u00d5ES ROXO CONTROLE REMOTO - Lovme<\/title>\n<meta name=\"robots\" content=\"index, follow, max-snippet:-1, max-image-preview:large, max-video-preview:-1\" \/>\n<link rel=\"canonical\" href=\"https:\/\/lovme.pt\/index.php\/produto\/intense-vibrador-eddie-175-cm-10-vibracoes-roxo-controle-remoto-2\/\" \/>\n<meta property=\"og:locale\" content=\"pt_PT\" \/>\n<meta property=\"og:type\" content=\"article\" \/>\n<meta property=\"og:title\" content=\"INTENSE - VIBRADOR EDDIE 17,5 CM 10 VIBRA\u00c7\u00d5ES ROXO CONTROLE REMOTO - Lovme\" \/>\n<meta property=\"og:description\" content=\"EMBALAGEM: CAIXA\" \/>\n<meta property=\"og:url\" content=\"https:\/\/lovme.pt\/index.php\/produto\/intense-vibrador-eddie-175-cm-10-vibracoes-roxo-controle-remoto-2\/\" \/>\n<meta property=\"og:site_name\" content=\"Lovme\" \/>\n<meta property=\"article:modified_time\" content=\"2026-02-19T20:09:21+00:00\" \/>\n<meta property=\"og:image\" content=\"https:\/\/erki24nd3ub.exactdn.com\/wp-content\/uploads\/dream\/img\/img_214165_cee6dc8409721e473ea1a486a286e31d_1.png?strip=all\" \/>\n\t<meta property=\"og:image:width\" content=\"900\" \/>\n\t<meta property=\"og:image:height\" content=\"900\" \/>\n\t<meta property=\"og:image:type\" content=\"image\/png\" \/>\n<meta name=\"twitter:card\" content=\"summary_large_image\" \/>\n<meta name=\"twitter:label1\" content=\"Tempo estimado de leitura\" \/>\n\t<meta name=\"twitter:data1\" content=\"2 minutos\" \/>\n<script type=\"application\/ld+json\" class=\"yoast-schema-graph\">{\"@context\":\"https:\\\/\\\/schema.org\",\"@graph\":[{\"@type\":\"WebPage\",\"@id\":\"https:\\\/\\\/lovme.pt\\\/index.php\\\/produto\\\/intense-vibrador-eddie-175-cm-10-vibracoes-roxo-controle-remoto-2\\\/\",\"url\":\"https:\\\/\\\/lovme.pt\\\/index.php\\\/produto\\\/intense-vibrador-eddie-175-cm-10-vibracoes-roxo-controle-remoto-2\\\/\",\"name\":\"INTENSE - VIBRADOR EDDIE 17,5 CM 10 VIBRA\u00c7\u00d5ES ROXO CONTROLE REMOTO - Lovme\",\"isPartOf\":{\"@id\":\"https:\\\/\\\/lovme.pt\\\/#website\"},\"primaryImageOfPage\":{\"@id\":\"https:\\\/\\\/lovme.pt\\\/index.php\\\/produto\\\/intense-vibrador-eddie-175-cm-10-vibracoes-roxo-controle-remoto-2\\\/#primaryimage\"},\"image\":{\"@id\":\"https:\\\/\\\/lovme.pt\\\/index.php\\\/produto\\\/intense-vibrador-eddie-175-cm-10-vibracoes-roxo-controle-remoto-2\\\/#primaryimage\"},\"thumbnailUrl\":\"https:\\\/\\\/erki24nd3ub.exactdn.com\\\/wp-content\\\/uploads\\\/dream\\\/img\\\/img_214165_cee6dc8409721e473ea1a486a286e31d_1.png?strip=all\",\"datePublished\":\"2025-11-29T10:01:45+00:00\",\"dateModified\":\"2026-02-19T20:09:21+00:00\",\"breadcrumb\":{\"@id\":\"https:\\\/\\\/lovme.pt\\\/index.php\\\/produto\\\/intense-vibrador-eddie-175-cm-10-vibracoes-roxo-controle-remoto-2\\\/#breadcrumb\"},\"inLanguage\":\"pt-PT\",\"potentialAction\":[{\"@type\":\"ReadAction\",\"target\":[\"https:\\\/\\\/lovme.pt\\\/index.php\\\/produto\\\/intense-vibrador-eddie-175-cm-10-vibracoes-roxo-controle-remoto-2\\\/\"]}]},{\"@type\":\"ImageObject\",\"inLanguage\":\"pt-PT\",\"@id\":\"https:\\\/\\\/lovme.pt\\\/index.php\\\/produto\\\/intense-vibrador-eddie-175-cm-10-vibracoes-roxo-controle-remoto-2\\\/#primaryimage\",\"url\":\"https:\\\/\\\/erki24nd3ub.exactdn.com\\\/wp-content\\\/uploads\\\/dream\\\/img\\\/img_214165_cee6dc8409721e473ea1a486a286e31d_1.png?strip=all\",\"contentUrl\":\"https:\\\/\\\/erki24nd3ub.exactdn.com\\\/wp-content\\\/uploads\\\/dream\\\/img\\\/img_214165_cee6dc8409721e473ea1a486a286e31d_1.png?strip=all\",\"width\":900,\"height\":900},{\"@type\":\"BreadcrumbList\",\"@id\":\"https:\\\/\\\/lovme.pt\\\/index.php\\\/produto\\\/intense-vibrador-eddie-175-cm-10-vibracoes-roxo-controle-remoto-2\\\/#breadcrumb\",\"itemListElement\":[{\"@type\":\"ListItem\",\"position\":1,\"name\":\"In\u00edcio\",\"item\":\"https:\\\/\\\/lovme.pt\\\/\"},{\"@type\":\"ListItem\",\"position\":2,\"name\":\"Loja\",\"item\":\"https:\\\/\\\/lovme.pt\\\/index.php\\\/loja\\\/\"},{\"@type\":\"ListItem\",\"position\":3,\"name\":\"INTENSE &#8211; VIBRADOR EDDIE 17,5 CM 10 VIBRA\u00c7\u00d5ES ROXO CONTROLE REMOTO\"}]},{\"@type\":\"WebSite\",\"@id\":\"https:\\\/\\\/lovme.pt\\\/#website\",\"url\":\"https:\\\/\\\/lovme.pt\\\/\",\"name\":\"Lovme Loja Er\u00f3tica N\u00ba1 em Portugal\",\"description\":\"A melhor loja er\u00f3tica de Portugal.\",\"alternateName\":\"Loja Er\u00f3tica Lovme\",\"potentialAction\":[{\"@type\":\"SearchAction\",\"target\":{\"@type\":\"EntryPoint\",\"urlTemplate\":\"https:\\\/\\\/lovme.pt\\\/?s={search_term_string}\"},\"query-input\":{\"@type\":\"PropertyValueSpecification\",\"valueRequired\":true,\"valueName\":\"search_term_string\"}}],\"inLanguage\":\"pt-PT\"}]}<\/script>\n<!-- \/ Yoast SEO plugin. -->","yoast_head_json":{"title":"INTENSE - VIBRADOR EDDIE 17,5 CM 10 VIBRA\u00c7\u00d5ES ROXO CONTROLE REMOTO - Lovme","robots":{"index":"index","follow":"follow","max-snippet":"max-snippet:-1","max-image-preview":"max-image-preview:large","max-video-preview":"max-video-preview:-1"},"canonical":"https:\/\/lovme.pt\/index.php\/produto\/intense-vibrador-eddie-175-cm-10-vibracoes-roxo-controle-remoto-2\/","og_locale":"pt_PT","og_type":"article","og_title":"INTENSE - VIBRADOR EDDIE 17,5 CM 10 VIBRA\u00c7\u00d5ES ROXO CONTROLE REMOTO - Lovme","og_description":"EMBALAGEM: CAIXA","og_url":"https:\/\/lovme.pt\/index.php\/produto\/intense-vibrador-eddie-175-cm-10-vibracoes-roxo-controle-remoto-2\/","og_site_name":"Lovme","article_modified_time":"2026-02-19T20:09:21+00:00","og_image":[{"width":900,"height":900,"url":"https:\/\/erki24nd3ub.exactdn.com\/wp-content\/uploads\/dream\/img\/img_214165_cee6dc8409721e473ea1a486a286e31d_1.png?strip=all","type":"image\/png"}],"twitter_card":"summary_large_image","twitter_misc":{"Tempo estimado de leitura":"2 minutos"},"schema":{"@context":"https:\/\/schema.org","@graph":[{"@type":"WebPage","@id":"https:\/\/lovme.pt\/index.php\/produto\/intense-vibrador-eddie-175-cm-10-vibracoes-roxo-controle-remoto-2\/","url":"https:\/\/lovme.pt\/index.php\/produto\/intense-vibrador-eddie-175-cm-10-vibracoes-roxo-controle-remoto-2\/","name":"INTENSE - VIBRADOR EDDIE 17,5 CM 10 VIBRA\u00c7\u00d5ES ROXO CONTROLE REMOTO - Lovme","isPartOf":{"@id":"https:\/\/lovme.pt\/#website"},"primaryImageOfPage":{"@id":"https:\/\/lovme.pt\/index.php\/produto\/intense-vibrador-eddie-175-cm-10-vibracoes-roxo-controle-remoto-2\/#primaryimage"},"image":{"@id":"https:\/\/lovme.pt\/index.php\/produto\/intense-vibrador-eddie-175-cm-10-vibracoes-roxo-controle-remoto-2\/#primaryimage"},"thumbnailUrl":"https:\/\/erki24nd3ub.exactdn.com\/wp-content\/uploads\/dream\/img\/img_214165_cee6dc8409721e473ea1a486a286e31d_1.png?strip=all","datePublished":"2025-11-29T10:01:45+00:00","dateModified":"2026-02-19T20:09:21+00:00","breadcrumb":{"@id":"https:\/\/lovme.pt\/index.php\/produto\/intense-vibrador-eddie-175-cm-10-vibracoes-roxo-controle-remoto-2\/#breadcrumb"},"inLanguage":"pt-PT","potentialAction":[{"@type":"ReadAction","target":["https:\/\/lovme.pt\/index.php\/produto\/intense-vibrador-eddie-175-cm-10-vibracoes-roxo-controle-remoto-2\/"]}]},{"@type":"ImageObject","inLanguage":"pt-PT","@id":"https:\/\/lovme.pt\/index.php\/produto\/intense-vibrador-eddie-175-cm-10-vibracoes-roxo-controle-remoto-2\/#primaryimage","url":"https:\/\/erki24nd3ub.exactdn.com\/wp-content\/uploads\/dream\/img\/img_214165_cee6dc8409721e473ea1a486a286e31d_1.png?strip=all","contentUrl":"https:\/\/erki24nd3ub.exactdn.com\/wp-content\/uploads\/dream\/img\/img_214165_cee6dc8409721e473ea1a486a286e31d_1.png?strip=all","width":900,"height":900},{"@type":"BreadcrumbList","@id":"https:\/\/lovme.pt\/index.php\/produto\/intense-vibrador-eddie-175-cm-10-vibracoes-roxo-controle-remoto-2\/#breadcrumb","itemListElement":[{"@type":"ListItem","position":1,"name":"In\u00edcio","item":"https:\/\/lovme.pt\/"},{"@type":"ListItem","position":2,"name":"Loja","item":"https:\/\/lovme.pt\/index.php\/loja\/"},{"@type":"ListItem","position":3,"name":"INTENSE &#8211; VIBRADOR EDDIE 17,5 CM 10 VIBRA\u00c7\u00d5ES ROXO CONTROLE REMOTO"}]},{"@type":"WebSite","@id":"https:\/\/lovme.pt\/#website","url":"https:\/\/lovme.pt\/","name":"Lovme Loja Er\u00f3tica N\u00ba1 em Portugal","description":"A melhor loja er\u00f3tica de Portugal.","alternateName":"Loja Er\u00f3tica Lovme","potentialAction":[{"@type":"SearchAction","target":{"@type":"EntryPoint","urlTemplate":"https:\/\/lovme.pt\/?s={search_term_string}"},"query-input":{"@type":"PropertyValueSpecification","valueRequired":true,"valueName":"search_term_string"}}],"inLanguage":"pt-PT"}]}},"_links":{"self":[{"href":"https:\/\/lovme.pt\/index.php\/wp-json\/wp\/v2\/product\/53620","targetHints":{"allow":["GET"]}}],"collection":[{"href":"https:\/\/lovme.pt\/index.php\/wp-json\/wp\/v2\/product"}],"about":[{"href":"https:\/\/lovme.pt\/index.php\/wp-json\/wp\/v2\/types\/product"}],"wp:featuredmedia":[{"embeddable":true,"href":"https:\/\/lovme.pt\/index.php\/wp-json\/wp\/v2\/media\/104763"}],"wp:attachment":[{"href":"https:\/\/lovme.pt\/index.php\/wp-json\/wp\/v2\/media?parent=53620"}],"wp:term":[{"taxonomy":"product_brand","embeddable":true,"href":"https:\/\/lovme.pt\/index.php\/wp-json\/wp\/v2\/product_brand?post=53620"},{"taxonomy":"product_cat","embeddable":true,"href":"https:\/\/lovme.pt\/index.php\/wp-json\/wp\/v2\/product_cat?post=53620"},{"taxonomy":"product_tag","embeddable":true,"href":"https:\/\/lovme.pt\/index.php\/wp-json\/wp\/v2\/product_tag?post=53620"}],"curies":[{"name":"wp","href":"https:\/\/api.w.org\/{rel}","templated":true}]}}