{"id":53600,"date":"2026-01-08T04:02:06","date_gmt":"2026-01-08T04:02:06","guid":{"rendered":"https:\/\/lovme.pt\/?post_type=product&p=53600"},"modified":"2026-02-19T20:09:21","modified_gmt":"2026-02-19T20:09:21","slug":"intense-stella-empurrao-penetracao-para-cima-e-para-baixo","status":"publish","type":"product","link":"https:\/\/lovme.pt\/index.php\/produto\/intense-stella-empurrao-penetracao-para-cima-e-para-baixo\/","title":{"rendered":"INTENSE &#8211; STELLA EMPURR\u00c3O PENETRA\u00c7\u00c3O PARA CIMA E PARA BAIXO"},"content":{"rendered":"<p>Explore novas dimens\u00f5es de prazer com <strong>STELLA<\/strong> , o elegante brinquedo de penetra\u00e7\u00e3o vertical da <strong>INTENSE<\/strong> , projetado para oferecer uma estimula\u00e7\u00e3o intensa, r\u00edtmica e profundamente satisfat\u00f3ria. Gra\u00e7as \u00e0 sua avan\u00e7ada tecnologia de movimento vertical, <strong>STELLA<\/strong> recria a penetra\u00e7\u00e3o realista com precis\u00e3o e pot\u00eancia. Penetra\u00e7\u00e3o r\u00edtmica com controle total, com seu sistema de impulso autom\u00e1tico, <strong>STELLA<\/strong> eleva a experi\u00eancia \u00edntima a outro n\u00edvel. Perfeito para quem busca um primeiro brinquedo sofisticado ou para usu\u00e1rios avan\u00e7ados que desejam uma estimula\u00e7\u00e3o profunda e realista.<\/p>\n<p>\u00a0<\/p>\n<p><u><strong>CARACTER\u00cdSTICAS<\/strong><\/u> :<\/p>\n<ul>\n<li>10 Modos de Empurr\u00e3o Vertical: O mecanismo interno proporciona empurr\u00e3o para frente e para tr\u00e1s, simulando a penetra\u00e7\u00e3o natural, personalizada ao seu ritmo.<\/li>\n<li>Silicone supermacio e ABS de alta qualidade: Material seguro para o corpo com toque sedoso que proporciona uma experi\u00eancia prazerosa e confort\u00e1vel.<\/li>\n<li>Design ergon\u00f4mico e discreto: Com 145 mm de comprimento e 37 mm de largura, adapta-se perfeitamente \u00e0 anatomia feminina e \u00e9 f\u00e1cil de manusear.<\/li>\n<li>Carregador USB magn\u00e9tico: Carregamento pr\u00e1tico e sem complica\u00e7\u00f5es.<\/li>\n<li>Bateria com dura\u00e7\u00e3o de 90 minutos: Tempo de uso prolongado para divers\u00e3o ininterrupta.<\/li>\n<li>Totalmente \u00e0 prova d\u00e1gua: Ideal para uso no chuveiro ou na banheira, proporcionando uma limpeza pr\u00e1tica e segura.<\/li>\n<\/ul>\n","protected":false},"excerpt":{"rendered":"<p>INTENSE &#8211; STELLA EMPURR\u00c3O PENETRA\u00c7\u00c3O PARA CIMA E PARA BAIXO<\/p>\n","protected":false},"featured_media":105624,"template":"","meta":{"_acf_changed":false},"product_brand":[],"product_cat":[17,88,61],"product_tag":[],"class_list":{"0":"post-53600","1":"product","2":"type-product","3":"status-publish","4":"has-post-thumbnail","6":"product_cat-brinquedos-de-bem-estar-sexual","7":"product_cat-novidades","8":"product_cat-para-elas","9":"yith_product_brand-intense","10":"yith_product_brand-intenseintense-toysintense-fun","11":"yith_product_brand-intenseintense-toys","13":"first","14":"instock","15":"taxable","16":"shipping-taxable","17":"purchasable","18":"product-type-simple"},"acf":[],"yoast_head":"<!-- This site is optimized with the Yoast SEO plugin v27.4 - https:\/\/yoast.com\/product\/yoast-seo-wordpress\/ -->\n<title>INTENSE - STELLA EMPURR\u00c3O PENETRA\u00c7\u00c3O PARA CIMA E PARA BAIXO - Lovme<\/title>\n<meta name=\"robots\" content=\"index, follow, max-snippet:-1, max-image-preview:large, max-video-preview:-1\" \/>\n<link rel=\"canonical\" href=\"https:\/\/lovme.pt\/index.php\/produto\/intense-stella-empurrao-penetracao-para-cima-e-para-baixo\/\" \/>\n<meta property=\"og:locale\" content=\"pt_PT\" \/>\n<meta property=\"og:type\" content=\"article\" \/>\n<meta property=\"og:title\" content=\"INTENSE - STELLA EMPURR\u00c3O PENETRA\u00c7\u00c3O PARA CIMA E PARA BAIXO - Lovme\" \/>\n<meta property=\"og:description\" content=\"INTENSE - STELLA EMPURR\u00c3O PENETRA\u00c7\u00c3O PARA CIMA E PARA BAIXO\" \/>\n<meta property=\"og:url\" content=\"https:\/\/lovme.pt\/index.php\/produto\/intense-stella-empurrao-penetracao-para-cima-e-para-baixo\/\" \/>\n<meta property=\"og:site_name\" content=\"Lovme\" \/>\n<meta property=\"article:modified_time\" content=\"2026-02-19T20:09:21+00:00\" \/>\n<meta property=\"og:image\" content=\"https:\/\/erki24nd3ub.exactdn.com\/wp-content\/uploads\/dream\/img\/img_213702_d426ec5278b00dfad40483e72c0b830e_1.png?strip=all\" \/>\n\t<meta property=\"og:image:width\" content=\"900\" \/>\n\t<meta property=\"og:image:height\" content=\"900\" \/>\n\t<meta property=\"og:image:type\" content=\"image\/png\" \/>\n<meta name=\"twitter:card\" content=\"summary_large_image\" \/>\n<meta name=\"twitter:label1\" content=\"Tempo estimado de leitura\" \/>\n\t<meta name=\"twitter:data1\" content=\"1 minuto\" \/>\n<script type=\"application\/ld+json\" class=\"yoast-schema-graph\">{\"@context\":\"https:\\\/\\\/schema.org\",\"@graph\":[{\"@type\":\"WebPage\",\"@id\":\"https:\\\/\\\/lovme.pt\\\/index.php\\\/produto\\\/intense-stella-empurrao-penetracao-para-cima-e-para-baixo\\\/\",\"url\":\"https:\\\/\\\/lovme.pt\\\/index.php\\\/produto\\\/intense-stella-empurrao-penetracao-para-cima-e-para-baixo\\\/\",\"name\":\"INTENSE - STELLA EMPURR\u00c3O PENETRA\u00c7\u00c3O PARA CIMA E PARA BAIXO - Lovme\",\"isPartOf\":{\"@id\":\"https:\\\/\\\/lovme.pt\\\/#website\"},\"primaryImageOfPage\":{\"@id\":\"https:\\\/\\\/lovme.pt\\\/index.php\\\/produto\\\/intense-stella-empurrao-penetracao-para-cima-e-para-baixo\\\/#primaryimage\"},\"image\":{\"@id\":\"https:\\\/\\\/lovme.pt\\\/index.php\\\/produto\\\/intense-stella-empurrao-penetracao-para-cima-e-para-baixo\\\/#primaryimage\"},\"thumbnailUrl\":\"https:\\\/\\\/erki24nd3ub.exactdn.com\\\/wp-content\\\/uploads\\\/dream\\\/img\\\/img_213702_d426ec5278b00dfad40483e72c0b830e_1.png?strip=all\",\"datePublished\":\"2026-01-08T04:02:06+00:00\",\"dateModified\":\"2026-02-19T20:09:21+00:00\",\"breadcrumb\":{\"@id\":\"https:\\\/\\\/lovme.pt\\\/index.php\\\/produto\\\/intense-stella-empurrao-penetracao-para-cima-e-para-baixo\\\/#breadcrumb\"},\"inLanguage\":\"pt-PT\",\"potentialAction\":[{\"@type\":\"ReadAction\",\"target\":[\"https:\\\/\\\/lovme.pt\\\/index.php\\\/produto\\\/intense-stella-empurrao-penetracao-para-cima-e-para-baixo\\\/\"]}]},{\"@type\":\"ImageObject\",\"inLanguage\":\"pt-PT\",\"@id\":\"https:\\\/\\\/lovme.pt\\\/index.php\\\/produto\\\/intense-stella-empurrao-penetracao-para-cima-e-para-baixo\\\/#primaryimage\",\"url\":\"https:\\\/\\\/erki24nd3ub.exactdn.com\\\/wp-content\\\/uploads\\\/dream\\\/img\\\/img_213702_d426ec5278b00dfad40483e72c0b830e_1.png?strip=all\",\"contentUrl\":\"https:\\\/\\\/erki24nd3ub.exactdn.com\\\/wp-content\\\/uploads\\\/dream\\\/img\\\/img_213702_d426ec5278b00dfad40483e72c0b830e_1.png?strip=all\",\"width\":900,\"height\":900},{\"@type\":\"BreadcrumbList\",\"@id\":\"https:\\\/\\\/lovme.pt\\\/index.php\\\/produto\\\/intense-stella-empurrao-penetracao-para-cima-e-para-baixo\\\/#breadcrumb\",\"itemListElement\":[{\"@type\":\"ListItem\",\"position\":1,\"name\":\"In\u00edcio\",\"item\":\"https:\\\/\\\/lovme.pt\\\/\"},{\"@type\":\"ListItem\",\"position\":2,\"name\":\"Loja\",\"item\":\"https:\\\/\\\/lovme.pt\\\/index.php\\\/loja\\\/\"},{\"@type\":\"ListItem\",\"position\":3,\"name\":\"INTENSE &#8211; STELLA EMPURR\u00c3O PENETRA\u00c7\u00c3O PARA CIMA E PARA BAIXO\"}]},{\"@type\":\"WebSite\",\"@id\":\"https:\\\/\\\/lovme.pt\\\/#website\",\"url\":\"https:\\\/\\\/lovme.pt\\\/\",\"name\":\"Lovme Loja Er\u00f3tica N\u00ba1 em Portugal\",\"description\":\"A melhor loja er\u00f3tica de Portugal.\",\"alternateName\":\"Loja Er\u00f3tica Lovme\",\"potentialAction\":[{\"@type\":\"SearchAction\",\"target\":{\"@type\":\"EntryPoint\",\"urlTemplate\":\"https:\\\/\\\/lovme.pt\\\/?s={search_term_string}\"},\"query-input\":{\"@type\":\"PropertyValueSpecification\",\"valueRequired\":true,\"valueName\":\"search_term_string\"}}],\"inLanguage\":\"pt-PT\"}]}<\/script>\n<!-- \/ Yoast SEO plugin. -->","yoast_head_json":{"title":"INTENSE - STELLA EMPURR\u00c3O PENETRA\u00c7\u00c3O PARA CIMA E PARA BAIXO - Lovme","robots":{"index":"index","follow":"follow","max-snippet":"max-snippet:-1","max-image-preview":"max-image-preview:large","max-video-preview":"max-video-preview:-1"},"canonical":"https:\/\/lovme.pt\/index.php\/produto\/intense-stella-empurrao-penetracao-para-cima-e-para-baixo\/","og_locale":"pt_PT","og_type":"article","og_title":"INTENSE - STELLA EMPURR\u00c3O PENETRA\u00c7\u00c3O PARA CIMA E PARA BAIXO - Lovme","og_description":"INTENSE - STELLA EMPURR\u00c3O PENETRA\u00c7\u00c3O PARA CIMA E PARA BAIXO","og_url":"https:\/\/lovme.pt\/index.php\/produto\/intense-stella-empurrao-penetracao-para-cima-e-para-baixo\/","og_site_name":"Lovme","article_modified_time":"2026-02-19T20:09:21+00:00","og_image":[{"width":900,"height":900,"url":"https:\/\/erki24nd3ub.exactdn.com\/wp-content\/uploads\/dream\/img\/img_213702_d426ec5278b00dfad40483e72c0b830e_1.png?strip=all","type":"image\/png"}],"twitter_card":"summary_large_image","twitter_misc":{"Tempo estimado de leitura":"1 minuto"},"schema":{"@context":"https:\/\/schema.org","@graph":[{"@type":"WebPage","@id":"https:\/\/lovme.pt\/index.php\/produto\/intense-stella-empurrao-penetracao-para-cima-e-para-baixo\/","url":"https:\/\/lovme.pt\/index.php\/produto\/intense-stella-empurrao-penetracao-para-cima-e-para-baixo\/","name":"INTENSE - STELLA EMPURR\u00c3O PENETRA\u00c7\u00c3O PARA CIMA E PARA BAIXO - Lovme","isPartOf":{"@id":"https:\/\/lovme.pt\/#website"},"primaryImageOfPage":{"@id":"https:\/\/lovme.pt\/index.php\/produto\/intense-stella-empurrao-penetracao-para-cima-e-para-baixo\/#primaryimage"},"image":{"@id":"https:\/\/lovme.pt\/index.php\/produto\/intense-stella-empurrao-penetracao-para-cima-e-para-baixo\/#primaryimage"},"thumbnailUrl":"https:\/\/erki24nd3ub.exactdn.com\/wp-content\/uploads\/dream\/img\/img_213702_d426ec5278b00dfad40483e72c0b830e_1.png?strip=all","datePublished":"2026-01-08T04:02:06+00:00","dateModified":"2026-02-19T20:09:21+00:00","breadcrumb":{"@id":"https:\/\/lovme.pt\/index.php\/produto\/intense-stella-empurrao-penetracao-para-cima-e-para-baixo\/#breadcrumb"},"inLanguage":"pt-PT","potentialAction":[{"@type":"ReadAction","target":["https:\/\/lovme.pt\/index.php\/produto\/intense-stella-empurrao-penetracao-para-cima-e-para-baixo\/"]}]},{"@type":"ImageObject","inLanguage":"pt-PT","@id":"https:\/\/lovme.pt\/index.php\/produto\/intense-stella-empurrao-penetracao-para-cima-e-para-baixo\/#primaryimage","url":"https:\/\/erki24nd3ub.exactdn.com\/wp-content\/uploads\/dream\/img\/img_213702_d426ec5278b00dfad40483e72c0b830e_1.png?strip=all","contentUrl":"https:\/\/erki24nd3ub.exactdn.com\/wp-content\/uploads\/dream\/img\/img_213702_d426ec5278b00dfad40483e72c0b830e_1.png?strip=all","width":900,"height":900},{"@type":"BreadcrumbList","@id":"https:\/\/lovme.pt\/index.php\/produto\/intense-stella-empurrao-penetracao-para-cima-e-para-baixo\/#breadcrumb","itemListElement":[{"@type":"ListItem","position":1,"name":"In\u00edcio","item":"https:\/\/lovme.pt\/"},{"@type":"ListItem","position":2,"name":"Loja","item":"https:\/\/lovme.pt\/index.php\/loja\/"},{"@type":"ListItem","position":3,"name":"INTENSE &#8211; STELLA EMPURR\u00c3O PENETRA\u00c7\u00c3O PARA CIMA E PARA BAIXO"}]},{"@type":"WebSite","@id":"https:\/\/lovme.pt\/#website","url":"https:\/\/lovme.pt\/","name":"Lovme Loja Er\u00f3tica N\u00ba1 em Portugal","description":"A melhor loja er\u00f3tica de Portugal.","alternateName":"Loja Er\u00f3tica Lovme","potentialAction":[{"@type":"SearchAction","target":{"@type":"EntryPoint","urlTemplate":"https:\/\/lovme.pt\/?s={search_term_string}"},"query-input":{"@type":"PropertyValueSpecification","valueRequired":true,"valueName":"search_term_string"}}],"inLanguage":"pt-PT"}]}},"_links":{"self":[{"href":"https:\/\/lovme.pt\/index.php\/wp-json\/wp\/v2\/product\/53600","targetHints":{"allow":["GET"]}}],"collection":[{"href":"https:\/\/lovme.pt\/index.php\/wp-json\/wp\/v2\/product"}],"about":[{"href":"https:\/\/lovme.pt\/index.php\/wp-json\/wp\/v2\/types\/product"}],"wp:featuredmedia":[{"embeddable":true,"href":"https:\/\/lovme.pt\/index.php\/wp-json\/wp\/v2\/media\/105624"}],"wp:attachment":[{"href":"https:\/\/lovme.pt\/index.php\/wp-json\/wp\/v2\/media?parent=53600"}],"wp:term":[{"taxonomy":"product_brand","embeddable":true,"href":"https:\/\/lovme.pt\/index.php\/wp-json\/wp\/v2\/product_brand?post=53600"},{"taxonomy":"product_cat","embeddable":true,"href":"https:\/\/lovme.pt\/index.php\/wp-json\/wp\/v2\/product_cat?post=53600"},{"taxonomy":"product_tag","embeddable":true,"href":"https:\/\/lovme.pt\/index.php\/wp-json\/wp\/v2\/product_tag?post=53600"}],"curies":[{"name":"wp","href":"https:\/\/api.w.org\/{rel}","templated":true}]}}