{"id":53599,"date":"2026-01-08T04:02:06","date_gmt":"2026-01-08T04:02:06","guid":{"rendered":"https:\/\/lovme.pt\/?post_type=product&p=53599"},"modified":"2026-02-19T20:09:21","modified_gmt":"2026-02-19T20:09:21","slug":"intense-barbara-vibrador-rolling-ball","status":"publish","type":"product","link":"https:\/\/lovme.pt\/index.php\/produto\/intense-barbara-vibrador-rolling-ball\/","title":{"rendered":"INTENSE &#8211; BARBARA VIBRADOR ROLLING BALL"},"content":{"rendered":"<p>Deixe-se surpreender pelo <strong>BARBARA<\/strong> , o vibrador de \u00faltima gera\u00e7\u00e3o da <strong>INTENSE<\/strong> que combina p\u00e9rolas girat\u00f3rias internas e vibra\u00e7\u00f5es potentes para uma dupla estimula\u00e7\u00e3o imersiva. Projetado para proporcionar prazer sofisticado e profundo, <strong>o BARBARA<\/strong> \u00e9 ideal para quem busca uma experi\u00eancia intensa, \u00fanica e totalmente personaliz\u00e1vel. Estimula\u00e7\u00e3o rotativa + vibra\u00e7\u00e3o: o dobro do prazer, o dobro da intensidade, <strong>o BARBARA<\/strong> \u00e9 muito mais do que um vibrador: \u00e9 um massageador interno que combina tecnologia de rota\u00e7\u00e3o com vibra\u00e7\u00e3o sincronizada para lev\u00e1-la ao cl\u00edmax de uma forma totalmente nova. Ideal tanto para iniciantes quanto para as mulheres mais exigentes que buscam inova\u00e7\u00e3o \u00edntima.<\/p>\n<p>\u00a0<\/p>\n<p><u><strong>CARACTER\u00cdSTICAS<\/strong><\/u> :<\/p>\n<ul>\n<li>10 modos de rota\u00e7\u00e3o das p\u00e9rolas: as bolas girat\u00f3rias internas massageiam suavemente as paredes vaginais, proporcionando uma estimula\u00e7\u00e3o interna requintada.<\/li>\n<li>10 modos de vibra\u00e7\u00e3o: motor potente com padr\u00f5es variados para estimular suas \u00e1reas mais sens\u00edveis.<\/li>\n<li>Silicone supermacio e ABS de grau m\u00e9dico: material seguro, sedoso ao toque e confort\u00e1vel para o corpo.<\/li>\n<li>Design compacto e ergon\u00f4mico: Com 145 mm de comprimento e 37 mm de largura, ideal para uso confort\u00e1vel e discreto.<\/li>\n<li>Carregamento USB magn\u00e9tico: sem cabos irritantes, pr\u00e1tico e r\u00e1pido.<\/li>\n<li>Bateria com dura\u00e7\u00e3o de 90 minutos: Sess\u00f5es de longa dura\u00e7\u00e3o para divers\u00e3o ininterrupta.<\/li>\n<li>\u00c0 prova d\u00e1gua: perfeito para uso no chuveiro ou na banheira. F\u00e1cil e seguro de limpar.<\/li>\n<li>Estimula\u00e7\u00e3o rotat\u00f3ria + vibra\u00e7\u00e3o: o dobro do prazer, o dobro da intensidade.<\/li>\n<\/ul>\n","protected":false},"excerpt":{"rendered":"<p>INTENSE &#8211; BARBARA VIBRADOR ROLLING BALL<\/p>\n","protected":false},"featured_media":105629,"template":"","meta":{"_acf_changed":false},"product_brand":[],"product_cat":[17,88,61,76],"product_tag":[],"class_list":{"0":"post-53599","1":"product","2":"type-product","3":"status-publish","4":"has-post-thumbnail","6":"product_cat-brinquedos-de-bem-estar-sexual","7":"product_cat-novidades","8":"product_cat-para-elas","9":"product_cat-vibradores","10":"yith_product_brand-intense","11":"yith_product_brand-intenseintense-toysintense-fun","12":"yith_product_brand-intenseintense-toys","14":"first","15":"instock","16":"taxable","17":"shipping-taxable","18":"purchasable","19":"product-type-simple"},"acf":[],"yoast_head":"<!-- This site is optimized with the Yoast SEO plugin v27.4 - https:\/\/yoast.com\/product\/yoast-seo-wordpress\/ -->\n<title>INTENSE - BARBARA VIBRADOR ROLLING BALL - Lovme<\/title>\n<meta name=\"robots\" content=\"index, follow, max-snippet:-1, max-image-preview:large, max-video-preview:-1\" \/>\n<link rel=\"canonical\" href=\"https:\/\/lovme.pt\/index.php\/produto\/intense-barbara-vibrador-rolling-ball\/\" \/>\n<meta property=\"og:locale\" content=\"pt_PT\" \/>\n<meta property=\"og:type\" content=\"article\" \/>\n<meta property=\"og:title\" content=\"INTENSE - BARBARA VIBRADOR ROLLING BALL - Lovme\" \/>\n<meta property=\"og:description\" content=\"INTENSE - BARBARA VIBRADOR ROLLING BALL\" \/>\n<meta property=\"og:url\" content=\"https:\/\/lovme.pt\/index.php\/produto\/intense-barbara-vibrador-rolling-ball\/\" \/>\n<meta property=\"og:site_name\" content=\"Lovme\" \/>\n<meta property=\"article:modified_time\" content=\"2026-02-19T20:09:21+00:00\" \/>\n<meta property=\"og:image\" content=\"https:\/\/erki24nd3ub.exactdn.com\/wp-content\/uploads\/dream\/img\/img_213694_c4663c1d0de222031a3c569085da5e54_1.png?strip=all\" \/>\n\t<meta property=\"og:image:width\" content=\"900\" \/>\n\t<meta property=\"og:image:height\" content=\"900\" \/>\n\t<meta property=\"og:image:type\" content=\"image\/png\" \/>\n<meta name=\"twitter:card\" content=\"summary_large_image\" \/>\n<meta name=\"twitter:label1\" content=\"Tempo estimado de leitura\" \/>\n\t<meta name=\"twitter:data1\" content=\"1 minuto\" \/>\n<script type=\"application\/ld+json\" class=\"yoast-schema-graph\">{\"@context\":\"https:\\\/\\\/schema.org\",\"@graph\":[{\"@type\":\"WebPage\",\"@id\":\"https:\\\/\\\/lovme.pt\\\/index.php\\\/produto\\\/intense-barbara-vibrador-rolling-ball\\\/\",\"url\":\"https:\\\/\\\/lovme.pt\\\/index.php\\\/produto\\\/intense-barbara-vibrador-rolling-ball\\\/\",\"name\":\"INTENSE - BARBARA VIBRADOR ROLLING BALL - Lovme\",\"isPartOf\":{\"@id\":\"https:\\\/\\\/lovme.pt\\\/#website\"},\"primaryImageOfPage\":{\"@id\":\"https:\\\/\\\/lovme.pt\\\/index.php\\\/produto\\\/intense-barbara-vibrador-rolling-ball\\\/#primaryimage\"},\"image\":{\"@id\":\"https:\\\/\\\/lovme.pt\\\/index.php\\\/produto\\\/intense-barbara-vibrador-rolling-ball\\\/#primaryimage\"},\"thumbnailUrl\":\"https:\\\/\\\/erki24nd3ub.exactdn.com\\\/wp-content\\\/uploads\\\/dream\\\/img\\\/img_213694_c4663c1d0de222031a3c569085da5e54_1.png?strip=all\",\"datePublished\":\"2026-01-08T04:02:06+00:00\",\"dateModified\":\"2026-02-19T20:09:21+00:00\",\"breadcrumb\":{\"@id\":\"https:\\\/\\\/lovme.pt\\\/index.php\\\/produto\\\/intense-barbara-vibrador-rolling-ball\\\/#breadcrumb\"},\"inLanguage\":\"pt-PT\",\"potentialAction\":[{\"@type\":\"ReadAction\",\"target\":[\"https:\\\/\\\/lovme.pt\\\/index.php\\\/produto\\\/intense-barbara-vibrador-rolling-ball\\\/\"]}]},{\"@type\":\"ImageObject\",\"inLanguage\":\"pt-PT\",\"@id\":\"https:\\\/\\\/lovme.pt\\\/index.php\\\/produto\\\/intense-barbara-vibrador-rolling-ball\\\/#primaryimage\",\"url\":\"https:\\\/\\\/erki24nd3ub.exactdn.com\\\/wp-content\\\/uploads\\\/dream\\\/img\\\/img_213694_c4663c1d0de222031a3c569085da5e54_1.png?strip=all\",\"contentUrl\":\"https:\\\/\\\/erki24nd3ub.exactdn.com\\\/wp-content\\\/uploads\\\/dream\\\/img\\\/img_213694_c4663c1d0de222031a3c569085da5e54_1.png?strip=all\",\"width\":900,\"height\":900},{\"@type\":\"BreadcrumbList\",\"@id\":\"https:\\\/\\\/lovme.pt\\\/index.php\\\/produto\\\/intense-barbara-vibrador-rolling-ball\\\/#breadcrumb\",\"itemListElement\":[{\"@type\":\"ListItem\",\"position\":1,\"name\":\"In\u00edcio\",\"item\":\"https:\\\/\\\/lovme.pt\\\/\"},{\"@type\":\"ListItem\",\"position\":2,\"name\":\"Loja\",\"item\":\"https:\\\/\\\/lovme.pt\\\/index.php\\\/loja\\\/\"},{\"@type\":\"ListItem\",\"position\":3,\"name\":\"INTENSE &#8211; BARBARA VIBRADOR ROLLING BALL\"}]},{\"@type\":\"WebSite\",\"@id\":\"https:\\\/\\\/lovme.pt\\\/#website\",\"url\":\"https:\\\/\\\/lovme.pt\\\/\",\"name\":\"Lovme Loja Er\u00f3tica N\u00ba1 em Portugal\",\"description\":\"A melhor loja er\u00f3tica de Portugal.\",\"alternateName\":\"Loja Er\u00f3tica Lovme\",\"potentialAction\":[{\"@type\":\"SearchAction\",\"target\":{\"@type\":\"EntryPoint\",\"urlTemplate\":\"https:\\\/\\\/lovme.pt\\\/?s={search_term_string}\"},\"query-input\":{\"@type\":\"PropertyValueSpecification\",\"valueRequired\":true,\"valueName\":\"search_term_string\"}}],\"inLanguage\":\"pt-PT\"}]}<\/script>\n<!-- \/ Yoast SEO plugin. -->","yoast_head_json":{"title":"INTENSE - BARBARA VIBRADOR ROLLING BALL - Lovme","robots":{"index":"index","follow":"follow","max-snippet":"max-snippet:-1","max-image-preview":"max-image-preview:large","max-video-preview":"max-video-preview:-1"},"canonical":"https:\/\/lovme.pt\/index.php\/produto\/intense-barbara-vibrador-rolling-ball\/","og_locale":"pt_PT","og_type":"article","og_title":"INTENSE - BARBARA VIBRADOR ROLLING BALL - Lovme","og_description":"INTENSE - BARBARA VIBRADOR ROLLING BALL","og_url":"https:\/\/lovme.pt\/index.php\/produto\/intense-barbara-vibrador-rolling-ball\/","og_site_name":"Lovme","article_modified_time":"2026-02-19T20:09:21+00:00","og_image":[{"width":900,"height":900,"url":"https:\/\/erki24nd3ub.exactdn.com\/wp-content\/uploads\/dream\/img\/img_213694_c4663c1d0de222031a3c569085da5e54_1.png?strip=all","type":"image\/png"}],"twitter_card":"summary_large_image","twitter_misc":{"Tempo estimado de leitura":"1 minuto"},"schema":{"@context":"https:\/\/schema.org","@graph":[{"@type":"WebPage","@id":"https:\/\/lovme.pt\/index.php\/produto\/intense-barbara-vibrador-rolling-ball\/","url":"https:\/\/lovme.pt\/index.php\/produto\/intense-barbara-vibrador-rolling-ball\/","name":"INTENSE - BARBARA VIBRADOR ROLLING BALL - Lovme","isPartOf":{"@id":"https:\/\/lovme.pt\/#website"},"primaryImageOfPage":{"@id":"https:\/\/lovme.pt\/index.php\/produto\/intense-barbara-vibrador-rolling-ball\/#primaryimage"},"image":{"@id":"https:\/\/lovme.pt\/index.php\/produto\/intense-barbara-vibrador-rolling-ball\/#primaryimage"},"thumbnailUrl":"https:\/\/erki24nd3ub.exactdn.com\/wp-content\/uploads\/dream\/img\/img_213694_c4663c1d0de222031a3c569085da5e54_1.png?strip=all","datePublished":"2026-01-08T04:02:06+00:00","dateModified":"2026-02-19T20:09:21+00:00","breadcrumb":{"@id":"https:\/\/lovme.pt\/index.php\/produto\/intense-barbara-vibrador-rolling-ball\/#breadcrumb"},"inLanguage":"pt-PT","potentialAction":[{"@type":"ReadAction","target":["https:\/\/lovme.pt\/index.php\/produto\/intense-barbara-vibrador-rolling-ball\/"]}]},{"@type":"ImageObject","inLanguage":"pt-PT","@id":"https:\/\/lovme.pt\/index.php\/produto\/intense-barbara-vibrador-rolling-ball\/#primaryimage","url":"https:\/\/erki24nd3ub.exactdn.com\/wp-content\/uploads\/dream\/img\/img_213694_c4663c1d0de222031a3c569085da5e54_1.png?strip=all","contentUrl":"https:\/\/erki24nd3ub.exactdn.com\/wp-content\/uploads\/dream\/img\/img_213694_c4663c1d0de222031a3c569085da5e54_1.png?strip=all","width":900,"height":900},{"@type":"BreadcrumbList","@id":"https:\/\/lovme.pt\/index.php\/produto\/intense-barbara-vibrador-rolling-ball\/#breadcrumb","itemListElement":[{"@type":"ListItem","position":1,"name":"In\u00edcio","item":"https:\/\/lovme.pt\/"},{"@type":"ListItem","position":2,"name":"Loja","item":"https:\/\/lovme.pt\/index.php\/loja\/"},{"@type":"ListItem","position":3,"name":"INTENSE &#8211; BARBARA VIBRADOR ROLLING BALL"}]},{"@type":"WebSite","@id":"https:\/\/lovme.pt\/#website","url":"https:\/\/lovme.pt\/","name":"Lovme Loja Er\u00f3tica N\u00ba1 em Portugal","description":"A melhor loja er\u00f3tica de Portugal.","alternateName":"Loja Er\u00f3tica Lovme","potentialAction":[{"@type":"SearchAction","target":{"@type":"EntryPoint","urlTemplate":"https:\/\/lovme.pt\/?s={search_term_string}"},"query-input":{"@type":"PropertyValueSpecification","valueRequired":true,"valueName":"search_term_string"}}],"inLanguage":"pt-PT"}]}},"_links":{"self":[{"href":"https:\/\/lovme.pt\/index.php\/wp-json\/wp\/v2\/product\/53599","targetHints":{"allow":["GET"]}}],"collection":[{"href":"https:\/\/lovme.pt\/index.php\/wp-json\/wp\/v2\/product"}],"about":[{"href":"https:\/\/lovme.pt\/index.php\/wp-json\/wp\/v2\/types\/product"}],"wp:featuredmedia":[{"embeddable":true,"href":"https:\/\/lovme.pt\/index.php\/wp-json\/wp\/v2\/media\/105629"}],"wp:attachment":[{"href":"https:\/\/lovme.pt\/index.php\/wp-json\/wp\/v2\/media?parent=53599"}],"wp:term":[{"taxonomy":"product_brand","embeddable":true,"href":"https:\/\/lovme.pt\/index.php\/wp-json\/wp\/v2\/product_brand?post=53599"},{"taxonomy":"product_cat","embeddable":true,"href":"https:\/\/lovme.pt\/index.php\/wp-json\/wp\/v2\/product_cat?post=53599"},{"taxonomy":"product_tag","embeddable":true,"href":"https:\/\/lovme.pt\/index.php\/wp-json\/wp\/v2\/product_tag?post=53599"}],"curies":[{"name":"wp","href":"https:\/\/api.w.org\/{rel}","templated":true}]}}