{"id":53570,"date":"2025-10-01T02:10:10","date_gmt":"2025-10-01T02:10:10","guid":{"rendered":"https:\/\/lovme.pt\/?post_type=product&p=53570"},"modified":"2026-02-19T20:18:31","modified_gmt":"2026-02-19T20:18:31","slug":"skins-preservativos-chocolate-premium-pacote-8","status":"publish","type":"product","link":"https:\/\/lovme.pt\/index.php\/produto\/skins-preservativos-chocolate-premium-pacote-8\/","title":{"rendered":"SKINS &#8211; PRESERVATIVOS CHOCOLATE PREMIUM PACOTE 8"},"content":{"rendered":"<p>Apresentamos nosso novo pacote com 8 preservativos sabor chocolate, com um design elegante e pronto para usar, e at\u00e9 33% mais preservativos do que o l\u00edder de mercado. Atraia quem procura um produto \u00edntimo divertido e de alta qualidade com os preservativos sabor chocolate Skins. Embalados individualmente, esses preservativos combinam sabor agrad\u00e1vel com prote\u00e7\u00e3o superior, tornando-os a escolha ideal para lojas de produtos adultos, farm\u00e1cias e varejistas de bem-estar. Os preservativos Skins s\u00e3o uma \u00f3tima maneira de combinar dois amores: sexo e chocolate. S\u00e3o lubrificados e t\u00eam um delicioso aroma de chocolate verdadeiramente tentador, al\u00e9m de terem gosto de chocolate. Como todos os preservativos Skins, s\u00e3o feitos de l\u00e1tex de alta qualidade, dermatologicamente testado, proporcionando a prote\u00e7\u00e3o que voc\u00ea precisa.<\/p>\n<\/p>\n<p> <strong>CARACTER\u00cdSTICAS<\/strong> :<\/p>\n<ul>\n<li> Sabor sutil de chocolate: levemente perfumado para mascarar o cheiro de l\u00e1tex, oferecendo uma experi\u00eancia sensorial mais atraente.<\/li>\n<li> Extra Lubrificado: Melhora o conforto e a seguran\u00e7a durante o uso, reduzindo o atrito.<\/li>\n<li> Sensa\u00e7\u00e3o natural semelhante \u00e0 da pele: projetado para intimidade com uma sensa\u00e7\u00e3o suave e natural.<\/li>\n<li> L\u00e1tex natural de alta qualidade: transparente, forte e duradouro para tranquilidade e confian\u00e7a.<\/li>\n<li> Embalados individualmente: fornecidos em embalagens individuais para um varejo higi\u00eanico e pr\u00e1tico, sem precisar separ\u00e1-los das tiras.<\/li>\n<\/ul>\n","protected":false},"excerpt":{"rendered":"<p>SKINS &#8211; PRESERVATIVOS CHOCOLATE PREMIUM PACOTE 8<\/p>\n","protected":false},"featured_media":95256,"template":"","meta":{"_acf_changed":false},"product_brand":[],"product_cat":[73],"product_tag":[],"class_list":{"0":"post-53570","1":"product","2":"type-product","3":"status-publish","4":"has-post-thumbnail","6":"product_cat-preservativos","7":"yith_product_brand-skins","9":"first","10":"instock","11":"taxable","12":"shipping-taxable","13":"purchasable","14":"product-type-simple"},"acf":[],"yoast_head":"<!-- This site is optimized with the Yoast SEO plugin v27.4 - https:\/\/yoast.com\/product\/yoast-seo-wordpress\/ -->\n<title>SKINS - PRESERVATIVOS CHOCOLATE PREMIUM PACOTE 8 - Lovme<\/title>\n<meta name=\"robots\" content=\"index, follow, max-snippet:-1, max-image-preview:large, max-video-preview:-1\" \/>\n<link rel=\"canonical\" href=\"https:\/\/lovme.pt\/index.php\/produto\/skins-preservativos-chocolate-premium-pacote-8\/\" \/>\n<meta property=\"og:locale\" content=\"pt_PT\" \/>\n<meta property=\"og:type\" content=\"article\" \/>\n<meta property=\"og:title\" content=\"SKINS - PRESERVATIVOS CHOCOLATE PREMIUM PACOTE 8 - Lovme\" \/>\n<meta property=\"og:description\" content=\"SKINS - PRESERVATIVOS CHOCOLATE PREMIUM PACOTE 8\" \/>\n<meta property=\"og:url\" content=\"https:\/\/lovme.pt\/index.php\/produto\/skins-preservativos-chocolate-premium-pacote-8\/\" \/>\n<meta property=\"og:site_name\" content=\"Lovme\" \/>\n<meta property=\"article:modified_time\" content=\"2026-02-19T20:18:31+00:00\" \/>\n<meta property=\"og:image\" content=\"https:\/\/erki24nd3ub.exactdn.com\/wp-content\/uploads\/dream\/img\/img_213360_33224050ded6f929ad223cb4ffdddd43_1.jpg?strip=all\" \/>\n\t<meta property=\"og:image:width\" content=\"900\" \/>\n\t<meta property=\"og:image:height\" content=\"900\" \/>\n\t<meta property=\"og:image:type\" content=\"image\/jpeg\" \/>\n<meta name=\"twitter:card\" content=\"summary_large_image\" \/>\n<meta name=\"twitter:label1\" content=\"Tempo estimado de leitura\" \/>\n\t<meta name=\"twitter:data1\" content=\"1 minuto\" \/>\n<script type=\"application\/ld+json\" class=\"yoast-schema-graph\">{\"@context\":\"https:\\\/\\\/schema.org\",\"@graph\":[{\"@type\":\"WebPage\",\"@id\":\"https:\\\/\\\/lovme.pt\\\/index.php\\\/produto\\\/skins-preservativos-chocolate-premium-pacote-8\\\/\",\"url\":\"https:\\\/\\\/lovme.pt\\\/index.php\\\/produto\\\/skins-preservativos-chocolate-premium-pacote-8\\\/\",\"name\":\"SKINS - PRESERVATIVOS CHOCOLATE PREMIUM PACOTE 8 - Lovme\",\"isPartOf\":{\"@id\":\"https:\\\/\\\/lovme.pt\\\/#website\"},\"primaryImageOfPage\":{\"@id\":\"https:\\\/\\\/lovme.pt\\\/index.php\\\/produto\\\/skins-preservativos-chocolate-premium-pacote-8\\\/#primaryimage\"},\"image\":{\"@id\":\"https:\\\/\\\/lovme.pt\\\/index.php\\\/produto\\\/skins-preservativos-chocolate-premium-pacote-8\\\/#primaryimage\"},\"thumbnailUrl\":\"https:\\\/\\\/erki24nd3ub.exactdn.com\\\/wp-content\\\/uploads\\\/dream\\\/img\\\/img_213360_33224050ded6f929ad223cb4ffdddd43_1.jpg?strip=all\",\"datePublished\":\"2025-10-01T02:10:10+00:00\",\"dateModified\":\"2026-02-19T20:18:31+00:00\",\"breadcrumb\":{\"@id\":\"https:\\\/\\\/lovme.pt\\\/index.php\\\/produto\\\/skins-preservativos-chocolate-premium-pacote-8\\\/#breadcrumb\"},\"inLanguage\":\"pt-PT\",\"potentialAction\":[{\"@type\":\"ReadAction\",\"target\":[\"https:\\\/\\\/lovme.pt\\\/index.php\\\/produto\\\/skins-preservativos-chocolate-premium-pacote-8\\\/\"]}]},{\"@type\":\"ImageObject\",\"inLanguage\":\"pt-PT\",\"@id\":\"https:\\\/\\\/lovme.pt\\\/index.php\\\/produto\\\/skins-preservativos-chocolate-premium-pacote-8\\\/#primaryimage\",\"url\":\"https:\\\/\\\/erki24nd3ub.exactdn.com\\\/wp-content\\\/uploads\\\/dream\\\/img\\\/img_213360_33224050ded6f929ad223cb4ffdddd43_1.jpg?strip=all\",\"contentUrl\":\"https:\\\/\\\/erki24nd3ub.exactdn.com\\\/wp-content\\\/uploads\\\/dream\\\/img\\\/img_213360_33224050ded6f929ad223cb4ffdddd43_1.jpg?strip=all\",\"width\":900,\"height\":900},{\"@type\":\"BreadcrumbList\",\"@id\":\"https:\\\/\\\/lovme.pt\\\/index.php\\\/produto\\\/skins-preservativos-chocolate-premium-pacote-8\\\/#breadcrumb\",\"itemListElement\":[{\"@type\":\"ListItem\",\"position\":1,\"name\":\"In\u00edcio\",\"item\":\"https:\\\/\\\/lovme.pt\\\/\"},{\"@type\":\"ListItem\",\"position\":2,\"name\":\"Loja\",\"item\":\"https:\\\/\\\/lovme.pt\\\/index.php\\\/loja\\\/\"},{\"@type\":\"ListItem\",\"position\":3,\"name\":\"SKINS &#8211; PRESERVATIVOS CHOCOLATE PREMIUM PACOTE 8\"}]},{\"@type\":\"WebSite\",\"@id\":\"https:\\\/\\\/lovme.pt\\\/#website\",\"url\":\"https:\\\/\\\/lovme.pt\\\/\",\"name\":\"Lovme Loja Er\u00f3tica N\u00ba1 em Portugal\",\"description\":\"A melhor loja er\u00f3tica de Portugal.\",\"alternateName\":\"Loja Er\u00f3tica Lovme\",\"potentialAction\":[{\"@type\":\"SearchAction\",\"target\":{\"@type\":\"EntryPoint\",\"urlTemplate\":\"https:\\\/\\\/lovme.pt\\\/?s={search_term_string}\"},\"query-input\":{\"@type\":\"PropertyValueSpecification\",\"valueRequired\":true,\"valueName\":\"search_term_string\"}}],\"inLanguage\":\"pt-PT\"}]}<\/script>\n<!-- \/ Yoast SEO plugin. -->","yoast_head_json":{"title":"SKINS - PRESERVATIVOS CHOCOLATE PREMIUM PACOTE 8 - Lovme","robots":{"index":"index","follow":"follow","max-snippet":"max-snippet:-1","max-image-preview":"max-image-preview:large","max-video-preview":"max-video-preview:-1"},"canonical":"https:\/\/lovme.pt\/index.php\/produto\/skins-preservativos-chocolate-premium-pacote-8\/","og_locale":"pt_PT","og_type":"article","og_title":"SKINS - PRESERVATIVOS CHOCOLATE PREMIUM PACOTE 8 - Lovme","og_description":"SKINS - PRESERVATIVOS CHOCOLATE PREMIUM PACOTE 8","og_url":"https:\/\/lovme.pt\/index.php\/produto\/skins-preservativos-chocolate-premium-pacote-8\/","og_site_name":"Lovme","article_modified_time":"2026-02-19T20:18:31+00:00","og_image":[{"width":900,"height":900,"url":"https:\/\/erki24nd3ub.exactdn.com\/wp-content\/uploads\/dream\/img\/img_213360_33224050ded6f929ad223cb4ffdddd43_1.jpg?strip=all","type":"image\/jpeg"}],"twitter_card":"summary_large_image","twitter_misc":{"Tempo estimado de leitura":"1 minuto"},"schema":{"@context":"https:\/\/schema.org","@graph":[{"@type":"WebPage","@id":"https:\/\/lovme.pt\/index.php\/produto\/skins-preservativos-chocolate-premium-pacote-8\/","url":"https:\/\/lovme.pt\/index.php\/produto\/skins-preservativos-chocolate-premium-pacote-8\/","name":"SKINS - PRESERVATIVOS CHOCOLATE PREMIUM PACOTE 8 - Lovme","isPartOf":{"@id":"https:\/\/lovme.pt\/#website"},"primaryImageOfPage":{"@id":"https:\/\/lovme.pt\/index.php\/produto\/skins-preservativos-chocolate-premium-pacote-8\/#primaryimage"},"image":{"@id":"https:\/\/lovme.pt\/index.php\/produto\/skins-preservativos-chocolate-premium-pacote-8\/#primaryimage"},"thumbnailUrl":"https:\/\/erki24nd3ub.exactdn.com\/wp-content\/uploads\/dream\/img\/img_213360_33224050ded6f929ad223cb4ffdddd43_1.jpg?strip=all","datePublished":"2025-10-01T02:10:10+00:00","dateModified":"2026-02-19T20:18:31+00:00","breadcrumb":{"@id":"https:\/\/lovme.pt\/index.php\/produto\/skins-preservativos-chocolate-premium-pacote-8\/#breadcrumb"},"inLanguage":"pt-PT","potentialAction":[{"@type":"ReadAction","target":["https:\/\/lovme.pt\/index.php\/produto\/skins-preservativos-chocolate-premium-pacote-8\/"]}]},{"@type":"ImageObject","inLanguage":"pt-PT","@id":"https:\/\/lovme.pt\/index.php\/produto\/skins-preservativos-chocolate-premium-pacote-8\/#primaryimage","url":"https:\/\/erki24nd3ub.exactdn.com\/wp-content\/uploads\/dream\/img\/img_213360_33224050ded6f929ad223cb4ffdddd43_1.jpg?strip=all","contentUrl":"https:\/\/erki24nd3ub.exactdn.com\/wp-content\/uploads\/dream\/img\/img_213360_33224050ded6f929ad223cb4ffdddd43_1.jpg?strip=all","width":900,"height":900},{"@type":"BreadcrumbList","@id":"https:\/\/lovme.pt\/index.php\/produto\/skins-preservativos-chocolate-premium-pacote-8\/#breadcrumb","itemListElement":[{"@type":"ListItem","position":1,"name":"In\u00edcio","item":"https:\/\/lovme.pt\/"},{"@type":"ListItem","position":2,"name":"Loja","item":"https:\/\/lovme.pt\/index.php\/loja\/"},{"@type":"ListItem","position":3,"name":"SKINS &#8211; PRESERVATIVOS CHOCOLATE PREMIUM PACOTE 8"}]},{"@type":"WebSite","@id":"https:\/\/lovme.pt\/#website","url":"https:\/\/lovme.pt\/","name":"Lovme Loja Er\u00f3tica N\u00ba1 em Portugal","description":"A melhor loja er\u00f3tica de Portugal.","alternateName":"Loja Er\u00f3tica Lovme","potentialAction":[{"@type":"SearchAction","target":{"@type":"EntryPoint","urlTemplate":"https:\/\/lovme.pt\/?s={search_term_string}"},"query-input":{"@type":"PropertyValueSpecification","valueRequired":true,"valueName":"search_term_string"}}],"inLanguage":"pt-PT"}]}},"_links":{"self":[{"href":"https:\/\/lovme.pt\/index.php\/wp-json\/wp\/v2\/product\/53570","targetHints":{"allow":["GET"]}}],"collection":[{"href":"https:\/\/lovme.pt\/index.php\/wp-json\/wp\/v2\/product"}],"about":[{"href":"https:\/\/lovme.pt\/index.php\/wp-json\/wp\/v2\/types\/product"}],"wp:featuredmedia":[{"embeddable":true,"href":"https:\/\/lovme.pt\/index.php\/wp-json\/wp\/v2\/media\/95256"}],"wp:attachment":[{"href":"https:\/\/lovme.pt\/index.php\/wp-json\/wp\/v2\/media?parent=53570"}],"wp:term":[{"taxonomy":"product_brand","embeddable":true,"href":"https:\/\/lovme.pt\/index.php\/wp-json\/wp\/v2\/product_brand?post=53570"},{"taxonomy":"product_cat","embeddable":true,"href":"https:\/\/lovme.pt\/index.php\/wp-json\/wp\/v2\/product_cat?post=53570"},{"taxonomy":"product_tag","embeddable":true,"href":"https:\/\/lovme.pt\/index.php\/wp-json\/wp\/v2\/product_tag?post=53570"}],"curies":[{"name":"wp","href":"https:\/\/api.w.org\/{rel}","templated":true}]}}