{"id":53564,"date":"2025-10-01T02:10:03","date_gmt":"2025-10-01T02:10:03","guid":{"rendered":"https:\/\/lovme.pt\/?post_type=product&p=53564"},"modified":"2026-02-19T20:18:31","modified_gmt":"2026-02-19T20:18:31","slug":"skins-preservativos-ultra-finos-premium-pacote-com-8","status":"publish","type":"product","link":"https:\/\/lovme.pt\/index.php\/produto\/skins-preservativos-ultra-finos-premium-pacote-com-8\/","title":{"rendered":"SKINS &#8211; PRESERVATIVOS ULTRA FINOS PREMIUM PACOTE COM 8"},"content":{"rendered":"<p>Apresentando o Skins Ultra Thin 8-Pack &#8211; um produto pronto para uso com pre\u00e7o acess\u00edvel que oferece at\u00e9 33% mais preservativos por pacote do que o l\u00edder de mercado. Projetado para clientes que buscam a m\u00e1xima intimidade com prote\u00e7\u00e3o confi\u00e1vel, este pacote \u00e9 ideal para varejistas que buscam um produto essencial premium e de alto desempenho. Os preservativos Skins Ultra Thin oferecem todos os benef\u00edcios do Skins Natural, mas com um design ainda mais fino para uma sensa\u00e7\u00e3o ainda mais \u00edntima. Feitos com l\u00e1tex natural premium, eles oferecem resist\u00eancia, transpar\u00eancia e uma sensa\u00e7\u00e3o de segunda pele, tornando-os a escolha ideal para quem prioriza a sensa\u00e7\u00e3o. Sinta-se ainda mais perto do seu parceiro com o preservativo Skins Ultra Thin, forte e incrivelmente fino. Com todas as caracter\u00edsticas do Skins Natural, mas ainda mais fino, usar um Skins Ultra Thin \u00e9 como uma segunda pele.<\/p>\n<\/p>\n<p> <strong>CARACTER\u00cdSTICAS<\/strong> :<\/p>\n<ul>\n<li> Design ultrafino: proporciona maior sensibilidade e uma conex\u00e3o mais pr\u00f3xima.<\/li>\n<li> Extra lubrificado: garante conforto e prote\u00e7\u00e3o confi\u00e1vel durante o uso.<\/li>\n<li> Aroma suave de baunilha: elimina o odor t\u00edpico de l\u00e1tex para uma experi\u00eancia mais agrad\u00e1vel.<\/li>\n<li> L\u00e1tex natural de alta qualidade: transparente, dur\u00e1vel e feito de acordo com padr\u00f5es premium.<\/li>\n<li> Embalados individualmente: Fornecidos em embalagens individuais higi\u00eanicas e f\u00e1ceis de manusear, sem necessidade de tiras ou rasgos.<\/li>\n<li> Comprimento: 180 mm<\/li>\n<li> Largura: 55 mm<\/li>\n<li> Simples, sem tiras: pronto sem quebrar<\/li>\n<\/ul>\n","protected":false},"excerpt":{"rendered":"<p>SKINS &#8211; PRESERVATIVOS ULTRA FINOS PREMIUM PACOTE COM 8<\/p>\n","protected":false},"featured_media":95244,"template":"","meta":{"_acf_changed":false},"product_brand":[],"product_cat":[73],"product_tag":[],"class_list":{"0":"post-53564","1":"product","2":"type-product","3":"status-publish","4":"has-post-thumbnail","6":"product_cat-preservativos","7":"yith_product_brand-skins","9":"first","10":"instock","11":"taxable","12":"shipping-taxable","13":"purchasable","14":"product-type-simple"},"acf":[],"yoast_head":"<!-- This site is optimized with the Yoast SEO plugin v27.4 - https:\/\/yoast.com\/product\/yoast-seo-wordpress\/ -->\n<title>SKINS - PRESERVATIVOS ULTRA FINOS PREMIUM PACOTE COM 8 - Lovme<\/title>\n<meta name=\"robots\" content=\"index, follow, max-snippet:-1, max-image-preview:large, max-video-preview:-1\" \/>\n<link rel=\"canonical\" href=\"https:\/\/lovme.pt\/index.php\/produto\/skins-preservativos-ultra-finos-premium-pacote-com-8\/\" \/>\n<meta property=\"og:locale\" content=\"pt_PT\" \/>\n<meta property=\"og:type\" content=\"article\" \/>\n<meta property=\"og:title\" content=\"SKINS - PRESERVATIVOS ULTRA FINOS PREMIUM PACOTE COM 8 - Lovme\" \/>\n<meta property=\"og:description\" content=\"SKINS - PRESERVATIVOS ULTRA FINOS PREMIUM PACOTE COM 8\" \/>\n<meta property=\"og:url\" content=\"https:\/\/lovme.pt\/index.php\/produto\/skins-preservativos-ultra-finos-premium-pacote-com-8\/\" \/>\n<meta property=\"og:site_name\" content=\"Lovme\" \/>\n<meta property=\"article:modified_time\" content=\"2026-02-19T20:18:31+00:00\" \/>\n<meta property=\"og:image\" content=\"https:\/\/erki24nd3ub.exactdn.com\/wp-content\/uploads\/dream\/img\/img_213424_0ced3401f424e393291b299ee4bb0f8e_1.jpg?strip=all\" \/>\n\t<meta property=\"og:image:width\" content=\"900\" \/>\n\t<meta property=\"og:image:height\" content=\"900\" \/>\n\t<meta property=\"og:image:type\" content=\"image\/jpeg\" \/>\n<meta name=\"twitter:card\" content=\"summary_large_image\" \/>\n<meta name=\"twitter:label1\" content=\"Tempo estimado de leitura\" \/>\n\t<meta name=\"twitter:data1\" content=\"1 minuto\" \/>\n<script type=\"application\/ld+json\" class=\"yoast-schema-graph\">{\"@context\":\"https:\\\/\\\/schema.org\",\"@graph\":[{\"@type\":\"WebPage\",\"@id\":\"https:\\\/\\\/lovme.pt\\\/index.php\\\/produto\\\/skins-preservativos-ultra-finos-premium-pacote-com-8\\\/\",\"url\":\"https:\\\/\\\/lovme.pt\\\/index.php\\\/produto\\\/skins-preservativos-ultra-finos-premium-pacote-com-8\\\/\",\"name\":\"SKINS - PRESERVATIVOS ULTRA FINOS PREMIUM PACOTE COM 8 - Lovme\",\"isPartOf\":{\"@id\":\"https:\\\/\\\/lovme.pt\\\/#website\"},\"primaryImageOfPage\":{\"@id\":\"https:\\\/\\\/lovme.pt\\\/index.php\\\/produto\\\/skins-preservativos-ultra-finos-premium-pacote-com-8\\\/#primaryimage\"},\"image\":{\"@id\":\"https:\\\/\\\/lovme.pt\\\/index.php\\\/produto\\\/skins-preservativos-ultra-finos-premium-pacote-com-8\\\/#primaryimage\"},\"thumbnailUrl\":\"https:\\\/\\\/erki24nd3ub.exactdn.com\\\/wp-content\\\/uploads\\\/dream\\\/img\\\/img_213424_0ced3401f424e393291b299ee4bb0f8e_1.jpg?strip=all\",\"datePublished\":\"2025-10-01T02:10:03+00:00\",\"dateModified\":\"2026-02-19T20:18:31+00:00\",\"breadcrumb\":{\"@id\":\"https:\\\/\\\/lovme.pt\\\/index.php\\\/produto\\\/skins-preservativos-ultra-finos-premium-pacote-com-8\\\/#breadcrumb\"},\"inLanguage\":\"pt-PT\",\"potentialAction\":[{\"@type\":\"ReadAction\",\"target\":[\"https:\\\/\\\/lovme.pt\\\/index.php\\\/produto\\\/skins-preservativos-ultra-finos-premium-pacote-com-8\\\/\"]}]},{\"@type\":\"ImageObject\",\"inLanguage\":\"pt-PT\",\"@id\":\"https:\\\/\\\/lovme.pt\\\/index.php\\\/produto\\\/skins-preservativos-ultra-finos-premium-pacote-com-8\\\/#primaryimage\",\"url\":\"https:\\\/\\\/erki24nd3ub.exactdn.com\\\/wp-content\\\/uploads\\\/dream\\\/img\\\/img_213424_0ced3401f424e393291b299ee4bb0f8e_1.jpg?strip=all\",\"contentUrl\":\"https:\\\/\\\/erki24nd3ub.exactdn.com\\\/wp-content\\\/uploads\\\/dream\\\/img\\\/img_213424_0ced3401f424e393291b299ee4bb0f8e_1.jpg?strip=all\",\"width\":900,\"height\":900},{\"@type\":\"BreadcrumbList\",\"@id\":\"https:\\\/\\\/lovme.pt\\\/index.php\\\/produto\\\/skins-preservativos-ultra-finos-premium-pacote-com-8\\\/#breadcrumb\",\"itemListElement\":[{\"@type\":\"ListItem\",\"position\":1,\"name\":\"In\u00edcio\",\"item\":\"https:\\\/\\\/lovme.pt\\\/\"},{\"@type\":\"ListItem\",\"position\":2,\"name\":\"Loja\",\"item\":\"https:\\\/\\\/lovme.pt\\\/index.php\\\/loja\\\/\"},{\"@type\":\"ListItem\",\"position\":3,\"name\":\"SKINS &#8211; PRESERVATIVOS ULTRA FINOS PREMIUM PACOTE COM 8\"}]},{\"@type\":\"WebSite\",\"@id\":\"https:\\\/\\\/lovme.pt\\\/#website\",\"url\":\"https:\\\/\\\/lovme.pt\\\/\",\"name\":\"Lovme Loja Er\u00f3tica N\u00ba1 em Portugal\",\"description\":\"A melhor loja er\u00f3tica de Portugal.\",\"alternateName\":\"Loja Er\u00f3tica Lovme\",\"potentialAction\":[{\"@type\":\"SearchAction\",\"target\":{\"@type\":\"EntryPoint\",\"urlTemplate\":\"https:\\\/\\\/lovme.pt\\\/?s={search_term_string}\"},\"query-input\":{\"@type\":\"PropertyValueSpecification\",\"valueRequired\":true,\"valueName\":\"search_term_string\"}}],\"inLanguage\":\"pt-PT\"}]}<\/script>\n<!-- \/ Yoast SEO plugin. -->","yoast_head_json":{"title":"SKINS - PRESERVATIVOS ULTRA FINOS PREMIUM PACOTE COM 8 - Lovme","robots":{"index":"index","follow":"follow","max-snippet":"max-snippet:-1","max-image-preview":"max-image-preview:large","max-video-preview":"max-video-preview:-1"},"canonical":"https:\/\/lovme.pt\/index.php\/produto\/skins-preservativos-ultra-finos-premium-pacote-com-8\/","og_locale":"pt_PT","og_type":"article","og_title":"SKINS - PRESERVATIVOS ULTRA FINOS PREMIUM PACOTE COM 8 - Lovme","og_description":"SKINS - PRESERVATIVOS ULTRA FINOS PREMIUM PACOTE COM 8","og_url":"https:\/\/lovme.pt\/index.php\/produto\/skins-preservativos-ultra-finos-premium-pacote-com-8\/","og_site_name":"Lovme","article_modified_time":"2026-02-19T20:18:31+00:00","og_image":[{"width":900,"height":900,"url":"https:\/\/erki24nd3ub.exactdn.com\/wp-content\/uploads\/dream\/img\/img_213424_0ced3401f424e393291b299ee4bb0f8e_1.jpg?strip=all","type":"image\/jpeg"}],"twitter_card":"summary_large_image","twitter_misc":{"Tempo estimado de leitura":"1 minuto"},"schema":{"@context":"https:\/\/schema.org","@graph":[{"@type":"WebPage","@id":"https:\/\/lovme.pt\/index.php\/produto\/skins-preservativos-ultra-finos-premium-pacote-com-8\/","url":"https:\/\/lovme.pt\/index.php\/produto\/skins-preservativos-ultra-finos-premium-pacote-com-8\/","name":"SKINS - PRESERVATIVOS ULTRA FINOS PREMIUM PACOTE COM 8 - Lovme","isPartOf":{"@id":"https:\/\/lovme.pt\/#website"},"primaryImageOfPage":{"@id":"https:\/\/lovme.pt\/index.php\/produto\/skins-preservativos-ultra-finos-premium-pacote-com-8\/#primaryimage"},"image":{"@id":"https:\/\/lovme.pt\/index.php\/produto\/skins-preservativos-ultra-finos-premium-pacote-com-8\/#primaryimage"},"thumbnailUrl":"https:\/\/erki24nd3ub.exactdn.com\/wp-content\/uploads\/dream\/img\/img_213424_0ced3401f424e393291b299ee4bb0f8e_1.jpg?strip=all","datePublished":"2025-10-01T02:10:03+00:00","dateModified":"2026-02-19T20:18:31+00:00","breadcrumb":{"@id":"https:\/\/lovme.pt\/index.php\/produto\/skins-preservativos-ultra-finos-premium-pacote-com-8\/#breadcrumb"},"inLanguage":"pt-PT","potentialAction":[{"@type":"ReadAction","target":["https:\/\/lovme.pt\/index.php\/produto\/skins-preservativos-ultra-finos-premium-pacote-com-8\/"]}]},{"@type":"ImageObject","inLanguage":"pt-PT","@id":"https:\/\/lovme.pt\/index.php\/produto\/skins-preservativos-ultra-finos-premium-pacote-com-8\/#primaryimage","url":"https:\/\/erki24nd3ub.exactdn.com\/wp-content\/uploads\/dream\/img\/img_213424_0ced3401f424e393291b299ee4bb0f8e_1.jpg?strip=all","contentUrl":"https:\/\/erki24nd3ub.exactdn.com\/wp-content\/uploads\/dream\/img\/img_213424_0ced3401f424e393291b299ee4bb0f8e_1.jpg?strip=all","width":900,"height":900},{"@type":"BreadcrumbList","@id":"https:\/\/lovme.pt\/index.php\/produto\/skins-preservativos-ultra-finos-premium-pacote-com-8\/#breadcrumb","itemListElement":[{"@type":"ListItem","position":1,"name":"In\u00edcio","item":"https:\/\/lovme.pt\/"},{"@type":"ListItem","position":2,"name":"Loja","item":"https:\/\/lovme.pt\/index.php\/loja\/"},{"@type":"ListItem","position":3,"name":"SKINS &#8211; PRESERVATIVOS ULTRA FINOS PREMIUM PACOTE COM 8"}]},{"@type":"WebSite","@id":"https:\/\/lovme.pt\/#website","url":"https:\/\/lovme.pt\/","name":"Lovme Loja Er\u00f3tica N\u00ba1 em Portugal","description":"A melhor loja er\u00f3tica de Portugal.","alternateName":"Loja Er\u00f3tica Lovme","potentialAction":[{"@type":"SearchAction","target":{"@type":"EntryPoint","urlTemplate":"https:\/\/lovme.pt\/?s={search_term_string}"},"query-input":{"@type":"PropertyValueSpecification","valueRequired":true,"valueName":"search_term_string"}}],"inLanguage":"pt-PT"}]}},"_links":{"self":[{"href":"https:\/\/lovme.pt\/index.php\/wp-json\/wp\/v2\/product\/53564","targetHints":{"allow":["GET"]}}],"collection":[{"href":"https:\/\/lovme.pt\/index.php\/wp-json\/wp\/v2\/product"}],"about":[{"href":"https:\/\/lovme.pt\/index.php\/wp-json\/wp\/v2\/types\/product"}],"wp:featuredmedia":[{"embeddable":true,"href":"https:\/\/lovme.pt\/index.php\/wp-json\/wp\/v2\/media\/95244"}],"wp:attachment":[{"href":"https:\/\/lovme.pt\/index.php\/wp-json\/wp\/v2\/media?parent=53564"}],"wp:term":[{"taxonomy":"product_brand","embeddable":true,"href":"https:\/\/lovme.pt\/index.php\/wp-json\/wp\/v2\/product_brand?post=53564"},{"taxonomy":"product_cat","embeddable":true,"href":"https:\/\/lovme.pt\/index.php\/wp-json\/wp\/v2\/product_cat?post=53564"},{"taxonomy":"product_tag","embeddable":true,"href":"https:\/\/lovme.pt\/index.php\/wp-json\/wp\/v2\/product_tag?post=53564"}],"curies":[{"name":"wp","href":"https:\/\/api.w.org\/{rel}","templated":true}]}}