{"id":53551,"date":"2025-10-01T02:09:32","date_gmt":"2025-10-01T02:09:32","guid":{"rendered":"https:\/\/lovme.pt\/?post_type=product&p=53551"},"modified":"2026-02-19T20:18:30","modified_gmt":"2026-02-19T20:18:30","slug":"skins-dots-ribs-premium-preservativos-pacote-8","status":"publish","type":"product","link":"https:\/\/lovme.pt\/index.php\/produto\/skins-dots-ribs-premium-preservativos-pacote-8\/","title":{"rendered":"SKINS &#8211; DOTS  RIBS PREMIUM PRESERVATIVOS PACOTE 8"},"content":{"rendered":"<p>Aprimore sua oferta de preservativos com o novo Skins Dots  Ribs 8-Pack, um produto pronto para uso que oferece desempenho superior e maior valor agregado. Com at\u00e9 33% a mais de preservativos por pacote do que o l\u00edder de mercado, este produto \u00e9 perfeito para varejistas que buscam aumentar a satisfa\u00e7\u00e3o do cliente e o valor da compra. Projetados para o prazer m\u00fatuo, os preservativos Skins Dots  Ribs apresentam sulcos elevados e pontos texturizados estrategicamente posicionados. Os sulcos aumentam a estimula\u00e7\u00e3o para o usu\u00e1rio, enquanto os pontos s\u00e3o projetados para intensificar a sensa\u00e7\u00e3o para ambos os parceiros, trabalhando juntos para aumentar o prazer de ambos. Feitos com l\u00e1tex natural premium e ultrafinos para uma sensa\u00e7\u00e3o de segunda pele, esses preservativos oferecem resist\u00eancia, transpar\u00eancia e conforto excepcionais.<\/p>\n<\/p>\n<p> <strong>CARACTER\u00cdSTICAS<\/strong> :<\/p>\n<ul>\n<li> Design texturizado: Costelas elevadas e pontos delicados para prazer compartilhado e estimula\u00e7\u00e3o aprimorada.<\/li>\n<li> Lubrifica\u00e7\u00e3o extra para conforto e prote\u00e7\u00e3o.<\/li>\n<li> Infundido com um aroma sutil de baunilha, eliminando odores desagrad\u00e1veis. L\u00e1tex.<\/li>\n<li> Sensa\u00e7\u00e3o aprimorada<\/li>\n<li> L\u00e1tex natural premium para um preservativo transparente e duradouro.<\/li>\n<li> Comprimento: 190 mm<\/li>\n<li> Largura: 52 mm<\/li>\n<li> Simples, sem tiras: pronto sem quebrar<\/li>\n<\/ul>\n","protected":false},"excerpt":{"rendered":"<p>SKINS &#8211; DOTS  RIBS PREMIUM PRESERVATIVOS PACOTE 8<\/p>\n","protected":false},"featured_media":95192,"template":"","meta":{"_acf_changed":false},"product_brand":[],"product_cat":[73],"product_tag":[],"class_list":{"0":"post-53551","1":"product","2":"type-product","3":"status-publish","4":"has-post-thumbnail","6":"product_cat-preservativos","7":"yith_product_brand-skins","9":"first","10":"instock","11":"taxable","12":"shipping-taxable","13":"purchasable","14":"product-type-simple"},"acf":[],"yoast_head":"<!-- This site is optimized with the Yoast SEO plugin v27.4 - https:\/\/yoast.com\/product\/yoast-seo-wordpress\/ -->\n<title>SKINS - DOTS RIBS PREMIUM PRESERVATIVOS PACOTE 8 - Lovme<\/title>\n<meta name=\"robots\" content=\"index, follow, max-snippet:-1, max-image-preview:large, max-video-preview:-1\" \/>\n<link rel=\"canonical\" href=\"https:\/\/lovme.pt\/index.php\/produto\/skins-dots-ribs-premium-preservativos-pacote-8\/\" \/>\n<meta property=\"og:locale\" content=\"pt_PT\" \/>\n<meta property=\"og:type\" content=\"article\" \/>\n<meta property=\"og:title\" content=\"SKINS - DOTS RIBS PREMIUM PRESERVATIVOS PACOTE 8 - Lovme\" \/>\n<meta property=\"og:description\" content=\"SKINS - DOTS RIBS PREMIUM PRESERVATIVOS PACOTE 8\" \/>\n<meta property=\"og:url\" content=\"https:\/\/lovme.pt\/index.php\/produto\/skins-dots-ribs-premium-preservativos-pacote-8\/\" \/>\n<meta property=\"og:site_name\" content=\"Lovme\" \/>\n<meta property=\"article:modified_time\" content=\"2026-02-19T20:18:30+00:00\" \/>\n<meta property=\"og:image\" content=\"https:\/\/erki24nd3ub.exactdn.com\/wp-content\/uploads\/dream\/img\/img_213479_2b367c5f26ca703186e541737ebc60bd_1.jpg?strip=all\" \/>\n\t<meta property=\"og:image:width\" content=\"900\" \/>\n\t<meta property=\"og:image:height\" content=\"900\" \/>\n\t<meta property=\"og:image:type\" content=\"image\/jpeg\" \/>\n<meta name=\"twitter:card\" content=\"summary_large_image\" \/>\n<meta name=\"twitter:label1\" content=\"Tempo estimado de leitura\" \/>\n\t<meta name=\"twitter:data1\" content=\"1 minuto\" \/>\n<script type=\"application\/ld+json\" class=\"yoast-schema-graph\">{\"@context\":\"https:\\\/\\\/schema.org\",\"@graph\":[{\"@type\":\"WebPage\",\"@id\":\"https:\\\/\\\/lovme.pt\\\/index.php\\\/produto\\\/skins-dots-ribs-premium-preservativos-pacote-8\\\/\",\"url\":\"https:\\\/\\\/lovme.pt\\\/index.php\\\/produto\\\/skins-dots-ribs-premium-preservativos-pacote-8\\\/\",\"name\":\"SKINS - DOTS RIBS PREMIUM PRESERVATIVOS PACOTE 8 - Lovme\",\"isPartOf\":{\"@id\":\"https:\\\/\\\/lovme.pt\\\/#website\"},\"primaryImageOfPage\":{\"@id\":\"https:\\\/\\\/lovme.pt\\\/index.php\\\/produto\\\/skins-dots-ribs-premium-preservativos-pacote-8\\\/#primaryimage\"},\"image\":{\"@id\":\"https:\\\/\\\/lovme.pt\\\/index.php\\\/produto\\\/skins-dots-ribs-premium-preservativos-pacote-8\\\/#primaryimage\"},\"thumbnailUrl\":\"https:\\\/\\\/erki24nd3ub.exactdn.com\\\/wp-content\\\/uploads\\\/dream\\\/img\\\/img_213479_2b367c5f26ca703186e541737ebc60bd_1.jpg?strip=all\",\"datePublished\":\"2025-10-01T02:09:32+00:00\",\"dateModified\":\"2026-02-19T20:18:30+00:00\",\"breadcrumb\":{\"@id\":\"https:\\\/\\\/lovme.pt\\\/index.php\\\/produto\\\/skins-dots-ribs-premium-preservativos-pacote-8\\\/#breadcrumb\"},\"inLanguage\":\"pt-PT\",\"potentialAction\":[{\"@type\":\"ReadAction\",\"target\":[\"https:\\\/\\\/lovme.pt\\\/index.php\\\/produto\\\/skins-dots-ribs-premium-preservativos-pacote-8\\\/\"]}]},{\"@type\":\"ImageObject\",\"inLanguage\":\"pt-PT\",\"@id\":\"https:\\\/\\\/lovme.pt\\\/index.php\\\/produto\\\/skins-dots-ribs-premium-preservativos-pacote-8\\\/#primaryimage\",\"url\":\"https:\\\/\\\/erki24nd3ub.exactdn.com\\\/wp-content\\\/uploads\\\/dream\\\/img\\\/img_213479_2b367c5f26ca703186e541737ebc60bd_1.jpg?strip=all\",\"contentUrl\":\"https:\\\/\\\/erki24nd3ub.exactdn.com\\\/wp-content\\\/uploads\\\/dream\\\/img\\\/img_213479_2b367c5f26ca703186e541737ebc60bd_1.jpg?strip=all\",\"width\":900,\"height\":900},{\"@type\":\"BreadcrumbList\",\"@id\":\"https:\\\/\\\/lovme.pt\\\/index.php\\\/produto\\\/skins-dots-ribs-premium-preservativos-pacote-8\\\/#breadcrumb\",\"itemListElement\":[{\"@type\":\"ListItem\",\"position\":1,\"name\":\"In\u00edcio\",\"item\":\"https:\\\/\\\/lovme.pt\\\/\"},{\"@type\":\"ListItem\",\"position\":2,\"name\":\"Loja\",\"item\":\"https:\\\/\\\/lovme.pt\\\/index.php\\\/loja\\\/\"},{\"@type\":\"ListItem\",\"position\":3,\"name\":\"SKINS &#8211; DOTS RIBS PREMIUM PRESERVATIVOS PACOTE 8\"}]},{\"@type\":\"WebSite\",\"@id\":\"https:\\\/\\\/lovme.pt\\\/#website\",\"url\":\"https:\\\/\\\/lovme.pt\\\/\",\"name\":\"Lovme Loja Er\u00f3tica N\u00ba1 em Portugal\",\"description\":\"A melhor loja er\u00f3tica de Portugal.\",\"alternateName\":\"Loja Er\u00f3tica Lovme\",\"potentialAction\":[{\"@type\":\"SearchAction\",\"target\":{\"@type\":\"EntryPoint\",\"urlTemplate\":\"https:\\\/\\\/lovme.pt\\\/?s={search_term_string}\"},\"query-input\":{\"@type\":\"PropertyValueSpecification\",\"valueRequired\":true,\"valueName\":\"search_term_string\"}}],\"inLanguage\":\"pt-PT\"}]}<\/script>\n<!-- \/ Yoast SEO plugin. -->","yoast_head_json":{"title":"SKINS - DOTS RIBS PREMIUM PRESERVATIVOS PACOTE 8 - Lovme","robots":{"index":"index","follow":"follow","max-snippet":"max-snippet:-1","max-image-preview":"max-image-preview:large","max-video-preview":"max-video-preview:-1"},"canonical":"https:\/\/lovme.pt\/index.php\/produto\/skins-dots-ribs-premium-preservativos-pacote-8\/","og_locale":"pt_PT","og_type":"article","og_title":"SKINS - DOTS RIBS PREMIUM PRESERVATIVOS PACOTE 8 - Lovme","og_description":"SKINS - DOTS RIBS PREMIUM PRESERVATIVOS PACOTE 8","og_url":"https:\/\/lovme.pt\/index.php\/produto\/skins-dots-ribs-premium-preservativos-pacote-8\/","og_site_name":"Lovme","article_modified_time":"2026-02-19T20:18:30+00:00","og_image":[{"width":900,"height":900,"url":"https:\/\/erki24nd3ub.exactdn.com\/wp-content\/uploads\/dream\/img\/img_213479_2b367c5f26ca703186e541737ebc60bd_1.jpg?strip=all","type":"image\/jpeg"}],"twitter_card":"summary_large_image","twitter_misc":{"Tempo estimado de leitura":"1 minuto"},"schema":{"@context":"https:\/\/schema.org","@graph":[{"@type":"WebPage","@id":"https:\/\/lovme.pt\/index.php\/produto\/skins-dots-ribs-premium-preservativos-pacote-8\/","url":"https:\/\/lovme.pt\/index.php\/produto\/skins-dots-ribs-premium-preservativos-pacote-8\/","name":"SKINS - DOTS RIBS PREMIUM PRESERVATIVOS PACOTE 8 - Lovme","isPartOf":{"@id":"https:\/\/lovme.pt\/#website"},"primaryImageOfPage":{"@id":"https:\/\/lovme.pt\/index.php\/produto\/skins-dots-ribs-premium-preservativos-pacote-8\/#primaryimage"},"image":{"@id":"https:\/\/lovme.pt\/index.php\/produto\/skins-dots-ribs-premium-preservativos-pacote-8\/#primaryimage"},"thumbnailUrl":"https:\/\/erki24nd3ub.exactdn.com\/wp-content\/uploads\/dream\/img\/img_213479_2b367c5f26ca703186e541737ebc60bd_1.jpg?strip=all","datePublished":"2025-10-01T02:09:32+00:00","dateModified":"2026-02-19T20:18:30+00:00","breadcrumb":{"@id":"https:\/\/lovme.pt\/index.php\/produto\/skins-dots-ribs-premium-preservativos-pacote-8\/#breadcrumb"},"inLanguage":"pt-PT","potentialAction":[{"@type":"ReadAction","target":["https:\/\/lovme.pt\/index.php\/produto\/skins-dots-ribs-premium-preservativos-pacote-8\/"]}]},{"@type":"ImageObject","inLanguage":"pt-PT","@id":"https:\/\/lovme.pt\/index.php\/produto\/skins-dots-ribs-premium-preservativos-pacote-8\/#primaryimage","url":"https:\/\/erki24nd3ub.exactdn.com\/wp-content\/uploads\/dream\/img\/img_213479_2b367c5f26ca703186e541737ebc60bd_1.jpg?strip=all","contentUrl":"https:\/\/erki24nd3ub.exactdn.com\/wp-content\/uploads\/dream\/img\/img_213479_2b367c5f26ca703186e541737ebc60bd_1.jpg?strip=all","width":900,"height":900},{"@type":"BreadcrumbList","@id":"https:\/\/lovme.pt\/index.php\/produto\/skins-dots-ribs-premium-preservativos-pacote-8\/#breadcrumb","itemListElement":[{"@type":"ListItem","position":1,"name":"In\u00edcio","item":"https:\/\/lovme.pt\/"},{"@type":"ListItem","position":2,"name":"Loja","item":"https:\/\/lovme.pt\/index.php\/loja\/"},{"@type":"ListItem","position":3,"name":"SKINS &#8211; DOTS RIBS PREMIUM PRESERVATIVOS PACOTE 8"}]},{"@type":"WebSite","@id":"https:\/\/lovme.pt\/#website","url":"https:\/\/lovme.pt\/","name":"Lovme Loja Er\u00f3tica N\u00ba1 em Portugal","description":"A melhor loja er\u00f3tica de Portugal.","alternateName":"Loja Er\u00f3tica Lovme","potentialAction":[{"@type":"SearchAction","target":{"@type":"EntryPoint","urlTemplate":"https:\/\/lovme.pt\/?s={search_term_string}"},"query-input":{"@type":"PropertyValueSpecification","valueRequired":true,"valueName":"search_term_string"}}],"inLanguage":"pt-PT"}]}},"_links":{"self":[{"href":"https:\/\/lovme.pt\/index.php\/wp-json\/wp\/v2\/product\/53551","targetHints":{"allow":["GET"]}}],"collection":[{"href":"https:\/\/lovme.pt\/index.php\/wp-json\/wp\/v2\/product"}],"about":[{"href":"https:\/\/lovme.pt\/index.php\/wp-json\/wp\/v2\/types\/product"}],"wp:featuredmedia":[{"embeddable":true,"href":"https:\/\/lovme.pt\/index.php\/wp-json\/wp\/v2\/media\/95192"}],"wp:attachment":[{"href":"https:\/\/lovme.pt\/index.php\/wp-json\/wp\/v2\/media?parent=53551"}],"wp:term":[{"taxonomy":"product_brand","embeddable":true,"href":"https:\/\/lovme.pt\/index.php\/wp-json\/wp\/v2\/product_brand?post=53551"},{"taxonomy":"product_cat","embeddable":true,"href":"https:\/\/lovme.pt\/index.php\/wp-json\/wp\/v2\/product_cat?post=53551"},{"taxonomy":"product_tag","embeddable":true,"href":"https:\/\/lovme.pt\/index.php\/wp-json\/wp\/v2\/product_tag?post=53551"}],"curies":[{"name":"wp","href":"https:\/\/api.w.org\/{rel}","templated":true}]}}