{"id":53544,"date":"2025-10-01T02:09:19","date_gmt":"2025-10-01T02:09:19","guid":{"rendered":"https:\/\/lovme.pt\/?post_type=product&p=53544"},"modified":"2026-02-19T20:18:30","modified_gmt":"2026-02-19T20:18:30","slug":"skins-pacote-com-8-preservativos-premium-variados","status":"publish","type":"product","link":"https:\/\/lovme.pt\/index.php\/produto\/skins-pacote-com-8-preservativos-premium-variados\/","title":{"rendered":"SKINS &#8211; PACOTE COM 8 PRESERVATIVOS PREMIUM VARIADOS"},"content":{"rendered":"<p>O pacote com 8 unidades da Skins \u00e9 uma op\u00e7\u00e3o econ\u00f4mica e pronta para uso que oferece at\u00e9 33% mais preservativos por pacote do que o l\u00edder de mercado. Ele foi projetado para trazer variedade e emo\u00e7\u00e3o ao corredor de preservativos. Este pacote m\u00faltiplo cuidadosamente selecionado inclui tr\u00eas dos estilos de preservativos mais populares da Skins: Natural, Dots  Ribs e Ultrafino, oferecendo aos clientes uma sele\u00e7\u00e3o vers\u00e1til para diferentes prefer\u00eancias e experi\u00eancias de prazer.<\/p>\n<p> Cada preservativo \u00e9 feito de l\u00e1tex natural premium com um acabamento transparente atraente, diferente das op\u00e7\u00f5es turvas ou leitosas oferecidas pelos concorrentes. Com um aroma suave de baunilha e lubrifica\u00e7\u00e3o extra, esta linha foi projetada para proporcionar uma experi\u00eancia confort\u00e1vel e natural que agrada a uma ampla gama de clientes.<\/p>\n<p> <strong>CARACTER\u00cdSTICAS<\/strong> :<\/p>\n<ul>\n<li> Lubrifica\u00e7\u00e3o extra para maior conforto e prote\u00e7\u00e3o.<\/li>\n<li> Infundido com um aroma sutil de baunilha para n\u00e3o ter odor de l\u00e1tex.<\/li>\n<li> Sensa\u00e7\u00e3o natural<\/li>\n<li> L\u00e1tex natural premium para um preservativo transparente e duradouro.<\/li>\n<li> Simples, sem tiras: pronto sem quebrar.<\/li>\n<\/ul>\n<p> <strong>CADA PACOTE CONT\u00c9M:<\/strong><\/p>\n<ul>\n<li> <strong>Preservativos Skins Original Natural<\/strong> : Transpar\u00eancia e ajuste perfeito com toque natural, para quem prefere uma experi\u00eancia mais natural. Cl\u00e1ssico sem abrir m\u00e3o da seguran\u00e7a.<\/li>\n<li> <strong>Preservativos pontilhados e com nervuras:<\/strong> projetados para maximizar a estimula\u00e7\u00e3o para ambos os parceiros, gra\u00e7as \u00e0 sua textura estrategicamente posicionada.<\/li>\n<li> <strong>Preservativos ultrafinos<\/strong> : para quem busca uma experi\u00eancia mais pr\u00f3xima e sens\u00edvel, mantendo a prote\u00e7\u00e3o e a durabilidade do l\u00e1tex natural.<\/li>\n<\/ul>\n","protected":false},"excerpt":{"rendered":"<p>SKINS &#8211; PACOTE COM 8 PRESERVATIVOS PREMIUM VARIADOS<\/p>\n","protected":false},"featured_media":95164,"template":"","meta":{"_acf_changed":false},"product_brand":[],"product_cat":[73],"product_tag":[],"class_list":{"0":"post-53544","1":"product","2":"type-product","3":"status-publish","4":"has-post-thumbnail","6":"product_cat-preservativos","7":"yith_product_brand-skins","9":"first","10":"instock","11":"taxable","12":"shipping-taxable","13":"purchasable","14":"product-type-simple"},"acf":[],"yoast_head":"<!-- This site is optimized with the Yoast SEO plugin v27.4 - https:\/\/yoast.com\/product\/yoast-seo-wordpress\/ -->\n<title>SKINS - PACOTE COM 8 PRESERVATIVOS PREMIUM VARIADOS - Lovme<\/title>\n<meta name=\"robots\" content=\"index, follow, max-snippet:-1, max-image-preview:large, max-video-preview:-1\" \/>\n<link rel=\"canonical\" href=\"https:\/\/lovme.pt\/index.php\/produto\/skins-pacote-com-8-preservativos-premium-variados\/\" \/>\n<meta property=\"og:locale\" content=\"pt_PT\" \/>\n<meta property=\"og:type\" content=\"article\" \/>\n<meta property=\"og:title\" content=\"SKINS - PACOTE COM 8 PRESERVATIVOS PREMIUM VARIADOS - Lovme\" \/>\n<meta property=\"og:description\" content=\"SKINS - PACOTE COM 8 PRESERVATIVOS PREMIUM VARIADOS\" \/>\n<meta property=\"og:url\" content=\"https:\/\/lovme.pt\/index.php\/produto\/skins-pacote-com-8-preservativos-premium-variados\/\" \/>\n<meta property=\"og:site_name\" content=\"Lovme\" \/>\n<meta property=\"article:modified_time\" content=\"2026-02-19T20:18:30+00:00\" \/>\n<meta property=\"og:image\" content=\"https:\/\/erki24nd3ub.exactdn.com\/wp-content\/uploads\/dream\/img\/img_213488_fedd1861cb8be68e7c0601963c8d1d54_1.jpg?strip=all\" \/>\n\t<meta property=\"og:image:width\" content=\"900\" \/>\n\t<meta property=\"og:image:height\" content=\"900\" \/>\n\t<meta property=\"og:image:type\" content=\"image\/jpeg\" \/>\n<meta name=\"twitter:card\" content=\"summary_large_image\" \/>\n<meta name=\"twitter:label1\" content=\"Tempo estimado de leitura\" \/>\n\t<meta name=\"twitter:data1\" content=\"1 minuto\" \/>\n<script type=\"application\/ld+json\" class=\"yoast-schema-graph\">{\"@context\":\"https:\\\/\\\/schema.org\",\"@graph\":[{\"@type\":\"WebPage\",\"@id\":\"https:\\\/\\\/lovme.pt\\\/index.php\\\/produto\\\/skins-pacote-com-8-preservativos-premium-variados\\\/\",\"url\":\"https:\\\/\\\/lovme.pt\\\/index.php\\\/produto\\\/skins-pacote-com-8-preservativos-premium-variados\\\/\",\"name\":\"SKINS - PACOTE COM 8 PRESERVATIVOS PREMIUM VARIADOS - Lovme\",\"isPartOf\":{\"@id\":\"https:\\\/\\\/lovme.pt\\\/#website\"},\"primaryImageOfPage\":{\"@id\":\"https:\\\/\\\/lovme.pt\\\/index.php\\\/produto\\\/skins-pacote-com-8-preservativos-premium-variados\\\/#primaryimage\"},\"image\":{\"@id\":\"https:\\\/\\\/lovme.pt\\\/index.php\\\/produto\\\/skins-pacote-com-8-preservativos-premium-variados\\\/#primaryimage\"},\"thumbnailUrl\":\"https:\\\/\\\/erki24nd3ub.exactdn.com\\\/wp-content\\\/uploads\\\/dream\\\/img\\\/img_213488_fedd1861cb8be68e7c0601963c8d1d54_1.jpg?strip=all\",\"datePublished\":\"2025-10-01T02:09:19+00:00\",\"dateModified\":\"2026-02-19T20:18:30+00:00\",\"breadcrumb\":{\"@id\":\"https:\\\/\\\/lovme.pt\\\/index.php\\\/produto\\\/skins-pacote-com-8-preservativos-premium-variados\\\/#breadcrumb\"},\"inLanguage\":\"pt-PT\",\"potentialAction\":[{\"@type\":\"ReadAction\",\"target\":[\"https:\\\/\\\/lovme.pt\\\/index.php\\\/produto\\\/skins-pacote-com-8-preservativos-premium-variados\\\/\"]}]},{\"@type\":\"ImageObject\",\"inLanguage\":\"pt-PT\",\"@id\":\"https:\\\/\\\/lovme.pt\\\/index.php\\\/produto\\\/skins-pacote-com-8-preservativos-premium-variados\\\/#primaryimage\",\"url\":\"https:\\\/\\\/erki24nd3ub.exactdn.com\\\/wp-content\\\/uploads\\\/dream\\\/img\\\/img_213488_fedd1861cb8be68e7c0601963c8d1d54_1.jpg?strip=all\",\"contentUrl\":\"https:\\\/\\\/erki24nd3ub.exactdn.com\\\/wp-content\\\/uploads\\\/dream\\\/img\\\/img_213488_fedd1861cb8be68e7c0601963c8d1d54_1.jpg?strip=all\",\"width\":900,\"height\":900},{\"@type\":\"BreadcrumbList\",\"@id\":\"https:\\\/\\\/lovme.pt\\\/index.php\\\/produto\\\/skins-pacote-com-8-preservativos-premium-variados\\\/#breadcrumb\",\"itemListElement\":[{\"@type\":\"ListItem\",\"position\":1,\"name\":\"In\u00edcio\",\"item\":\"https:\\\/\\\/lovme.pt\\\/\"},{\"@type\":\"ListItem\",\"position\":2,\"name\":\"Loja\",\"item\":\"https:\\\/\\\/lovme.pt\\\/index.php\\\/loja\\\/\"},{\"@type\":\"ListItem\",\"position\":3,\"name\":\"SKINS &#8211; PACOTE COM 8 PRESERVATIVOS PREMIUM VARIADOS\"}]},{\"@type\":\"WebSite\",\"@id\":\"https:\\\/\\\/lovme.pt\\\/#website\",\"url\":\"https:\\\/\\\/lovme.pt\\\/\",\"name\":\"Lovme Loja Er\u00f3tica N\u00ba1 em Portugal\",\"description\":\"A melhor loja er\u00f3tica de Portugal.\",\"alternateName\":\"Loja Er\u00f3tica Lovme\",\"potentialAction\":[{\"@type\":\"SearchAction\",\"target\":{\"@type\":\"EntryPoint\",\"urlTemplate\":\"https:\\\/\\\/lovme.pt\\\/?s={search_term_string}\"},\"query-input\":{\"@type\":\"PropertyValueSpecification\",\"valueRequired\":true,\"valueName\":\"search_term_string\"}}],\"inLanguage\":\"pt-PT\"}]}<\/script>\n<!-- \/ Yoast SEO plugin. -->","yoast_head_json":{"title":"SKINS - PACOTE COM 8 PRESERVATIVOS PREMIUM VARIADOS - Lovme","robots":{"index":"index","follow":"follow","max-snippet":"max-snippet:-1","max-image-preview":"max-image-preview:large","max-video-preview":"max-video-preview:-1"},"canonical":"https:\/\/lovme.pt\/index.php\/produto\/skins-pacote-com-8-preservativos-premium-variados\/","og_locale":"pt_PT","og_type":"article","og_title":"SKINS - PACOTE COM 8 PRESERVATIVOS PREMIUM VARIADOS - Lovme","og_description":"SKINS - PACOTE COM 8 PRESERVATIVOS PREMIUM VARIADOS","og_url":"https:\/\/lovme.pt\/index.php\/produto\/skins-pacote-com-8-preservativos-premium-variados\/","og_site_name":"Lovme","article_modified_time":"2026-02-19T20:18:30+00:00","og_image":[{"width":900,"height":900,"url":"https:\/\/erki24nd3ub.exactdn.com\/wp-content\/uploads\/dream\/img\/img_213488_fedd1861cb8be68e7c0601963c8d1d54_1.jpg?strip=all","type":"image\/jpeg"}],"twitter_card":"summary_large_image","twitter_misc":{"Tempo estimado de leitura":"1 minuto"},"schema":{"@context":"https:\/\/schema.org","@graph":[{"@type":"WebPage","@id":"https:\/\/lovme.pt\/index.php\/produto\/skins-pacote-com-8-preservativos-premium-variados\/","url":"https:\/\/lovme.pt\/index.php\/produto\/skins-pacote-com-8-preservativos-premium-variados\/","name":"SKINS - PACOTE COM 8 PRESERVATIVOS PREMIUM VARIADOS - Lovme","isPartOf":{"@id":"https:\/\/lovme.pt\/#website"},"primaryImageOfPage":{"@id":"https:\/\/lovme.pt\/index.php\/produto\/skins-pacote-com-8-preservativos-premium-variados\/#primaryimage"},"image":{"@id":"https:\/\/lovme.pt\/index.php\/produto\/skins-pacote-com-8-preservativos-premium-variados\/#primaryimage"},"thumbnailUrl":"https:\/\/erki24nd3ub.exactdn.com\/wp-content\/uploads\/dream\/img\/img_213488_fedd1861cb8be68e7c0601963c8d1d54_1.jpg?strip=all","datePublished":"2025-10-01T02:09:19+00:00","dateModified":"2026-02-19T20:18:30+00:00","breadcrumb":{"@id":"https:\/\/lovme.pt\/index.php\/produto\/skins-pacote-com-8-preservativos-premium-variados\/#breadcrumb"},"inLanguage":"pt-PT","potentialAction":[{"@type":"ReadAction","target":["https:\/\/lovme.pt\/index.php\/produto\/skins-pacote-com-8-preservativos-premium-variados\/"]}]},{"@type":"ImageObject","inLanguage":"pt-PT","@id":"https:\/\/lovme.pt\/index.php\/produto\/skins-pacote-com-8-preservativos-premium-variados\/#primaryimage","url":"https:\/\/erki24nd3ub.exactdn.com\/wp-content\/uploads\/dream\/img\/img_213488_fedd1861cb8be68e7c0601963c8d1d54_1.jpg?strip=all","contentUrl":"https:\/\/erki24nd3ub.exactdn.com\/wp-content\/uploads\/dream\/img\/img_213488_fedd1861cb8be68e7c0601963c8d1d54_1.jpg?strip=all","width":900,"height":900},{"@type":"BreadcrumbList","@id":"https:\/\/lovme.pt\/index.php\/produto\/skins-pacote-com-8-preservativos-premium-variados\/#breadcrumb","itemListElement":[{"@type":"ListItem","position":1,"name":"In\u00edcio","item":"https:\/\/lovme.pt\/"},{"@type":"ListItem","position":2,"name":"Loja","item":"https:\/\/lovme.pt\/index.php\/loja\/"},{"@type":"ListItem","position":3,"name":"SKINS &#8211; PACOTE COM 8 PRESERVATIVOS PREMIUM VARIADOS"}]},{"@type":"WebSite","@id":"https:\/\/lovme.pt\/#website","url":"https:\/\/lovme.pt\/","name":"Lovme Loja Er\u00f3tica N\u00ba1 em Portugal","description":"A melhor loja er\u00f3tica de Portugal.","alternateName":"Loja Er\u00f3tica Lovme","potentialAction":[{"@type":"SearchAction","target":{"@type":"EntryPoint","urlTemplate":"https:\/\/lovme.pt\/?s={search_term_string}"},"query-input":{"@type":"PropertyValueSpecification","valueRequired":true,"valueName":"search_term_string"}}],"inLanguage":"pt-PT"}]}},"_links":{"self":[{"href":"https:\/\/lovme.pt\/index.php\/wp-json\/wp\/v2\/product\/53544","targetHints":{"allow":["GET"]}}],"collection":[{"href":"https:\/\/lovme.pt\/index.php\/wp-json\/wp\/v2\/product"}],"about":[{"href":"https:\/\/lovme.pt\/index.php\/wp-json\/wp\/v2\/types\/product"}],"wp:featuredmedia":[{"embeddable":true,"href":"https:\/\/lovme.pt\/index.php\/wp-json\/wp\/v2\/media\/95164"}],"wp:attachment":[{"href":"https:\/\/lovme.pt\/index.php\/wp-json\/wp\/v2\/media?parent=53544"}],"wp:term":[{"taxonomy":"product_brand","embeddable":true,"href":"https:\/\/lovme.pt\/index.php\/wp-json\/wp\/v2\/product_brand?post=53544"},{"taxonomy":"product_cat","embeddable":true,"href":"https:\/\/lovme.pt\/index.php\/wp-json\/wp\/v2\/product_cat?post=53544"},{"taxonomy":"product_tag","embeddable":true,"href":"https:\/\/lovme.pt\/index.php\/wp-json\/wp\/v2\/product_tag?post=53544"}],"curies":[{"name":"wp","href":"https:\/\/api.w.org\/{rel}","templated":true}]}}