{"id":53512,"date":"2025-11-25T06:05:24","date_gmt":"2025-11-25T06:05:24","guid":{"rendered":"https:\/\/lovme.pt\/?post_type=product&p=53512"},"modified":"2026-02-19T20:11:16","modified_gmt":"2026-02-19T20:11:16","slug":"medica-group-beauty-booty-serum-150-ml","status":"publish","type":"product","link":"https:\/\/lovme.pt\/index.php\/produto\/medica-group-beauty-booty-serum-150-ml\/","title":{"rendered":"MEDICA GROUP &#8211; BEAUTY BOOTY SERUM 150 ML"},"content":{"rendered":"<p>O <strong>BeautyBooty Serum<\/strong> foi criado para mulheres que desejam cuidar da apar\u00eancia e firmeza dos gl\u00fateos. Sua f\u00f3rmula foi desenvolvida para promover a remodela\u00e7\u00e3o corporal, melhorar a elasticidade da pele e suavizar visivelmente as \u00e1reas com celulite.<\/p>\n<p><strong>O BeautyBooty Serum<\/strong> \u00e9 um cosm\u00e9tico criado especificamente para o cuidado di\u00e1rio da pele das n\u00e1degas. Sua fun\u00e7\u00e3o \u00e9 auxiliar os processos respons\u00e1veis pela firmeza e suaviza\u00e7\u00e3o da pele, o que pode contribuir para uma apar\u00eancia mais definida e est\u00e9tica dessa \u00e1rea do corpo. Gra\u00e7as aos seus ingredientes ativos cuidadosamente selecionados, o s\u00e9rum foi desenvolvido para hidratar intensamente, estimular a microcircula\u00e7\u00e3o e ajudar a reduzir os sinais vis\u00edveis da celulite. Sua f\u00f3rmula \u00e9 enriquecida com extratos vegetais e \u00e1cidos de frutas, que promovem os processos naturais de renova\u00e7\u00e3o da epiderme e deixam a pele macia e radiante. O produto \u00e9 ideal como complemento ao ritual de cuidados para quem deseja obter um efeito suavizante e firmador de forma confort\u00e1vel e sistem\u00e1tica.<\/p>\n<p>\u00a0<\/p>\n<p><strong>ESPECIFICA\u00c7\u00d5ES T\u00c9CNICAS:<\/strong><\/p>\n<ul>\n<li><strong>Aplica\u00e7\u00e3o do produto:<\/strong> Cuidados com as n\u00e1degas<\/li>\n<li><strong>Ingredientes<\/strong> : \u00c1gua, parafina l\u00edquida, estearato de etilhexila, \u00e1lcool cetoestear\u00edlico, glicerina, manteiga de Butyrospermum Parkii, \u00e1lcool cet\u00edlico, Ceteareth-20, estearato de glicerila, dimeticona, cafe\u00edna, extrato da fruta Capsicum Frutescens, extrato da folha de Rosmarinus Officinalis, extrato da flor de alecrim Chamomilla Recutita, extrato da flor de Arnica Montana, extrato de Lamium Album, extrato da folha de Salvia Officinalis, extrato do broto de Pinus Sylvestris, extrato de Nasturtium Officinale, extrato da raiz de Arctium Majus, extrato da casca de Citrus Limon, extrato da folha de Hedera Helix, extrato da flor de Calendula Officinalis, extrato da flor de Tropaeolum Majus, manitol, hidroxipropilmetilcelulose, \u00e1cido m\u00e1lico, acetato de tocoferila, poliacrilato de s\u00f3dio, \u00e1cido l\u00e1ctico, \u00e1cido glic\u00f3lico, \u00e1cido c\u00edtrico, \u00e1cido salic\u00edlico, celulose microcristalina, fenoxietanol. Etilhexilglicerina, benzoato de s\u00f3dio, sorbato de pot\u00e1ssio, hidr\u00f3xido de s\u00f3dio, EDTA diss\u00f3dico, BHA, perfume, CI 77491, \u00f3leo da casca de Citrus Aurantium, \u00f3leo da casca de Citrus Limon, \u00f3leo de capim-lim\u00e3o, limoneno, linalol, \u00e1lcool de anis, cumarina, hexil cinamal.<\/li>\n<li><strong>Ingredientes ativos<\/strong>\n<ul>\n<li>Cafe\u00edna: \u00e9 projetada para auxiliar a microcircula\u00e7\u00e3o na pele, o que pode ter um efeito ben\u00e9fico em sua firmeza e elasticidade, e tamb\u00e9m pode ajudar a combater a visibilidade da celulite.<\/li>\n<li>Extrato de fruta Capsicum Frutescens Extrato de pimenta malagueta: desenvolvido para estimular e aquecer a pele, o que pode promover melhor oxigena\u00e7\u00e3o das c\u00e9lulas da pele e dar suporte \u00e0 firmeza da pele.<\/li>\n<li>Manteiga de karit\u00e9 Butyrospermum Parkii: desenvolvida para nutrir e amaciar profundamente a pele, deixando-a macia e flex\u00edvel.<\/li>\n<li>Rosmarinus Officinalis, alecrim e Arnica Montana foram adicionados para auxiliar os processos naturais de regenera\u00e7\u00e3o da pele e ajudar a acalmar e melhorar a condi\u00e7\u00e3o da pele.<\/li>\n<li>Acetato de tocoferila Vitamina E: Atua como um antioxidante que pode ajudar a proteger a pele de fatores externos prejudiciais e do envelhecimento precoce.<\/li>\n<\/ul>\n<\/li>\n<li><strong>Instru\u00e7\u00f5es<\/strong> : Aplique uma quantidade adequada de s\u00e9rum na pele limpa das n\u00e1degas, coxas ou outras \u00e1reas problem\u00e1ticas, como abd\u00f4men ou bra\u00e7os. Massageie suavemente em movimentos circulares at\u00e9 a completa absor\u00e7\u00e3o. O s\u00e9rum pode ser usado diariamente, de prefer\u00eancia de manh\u00e3 e \u00e0 noite, para obter os melhores resultados.<\/li>\n<li><strong>Nota de seguran\u00e7a:<\/strong> Armazene em local seco, longe da luz solar direta e fora do alcance de crian\u00e7as. Produto para uso externo. Evite contato com os olhos. Em caso de irrita\u00e7\u00e3o cut\u00e2nea, interrompa o uso. Antes do primeiro uso, teste o produto em uma pequena \u00e1rea da pele, como na parte interna do antebra\u00e7o.<\/li>\n<\/ul>\n<p>\u00a0<\/p>\n<p><strong>GRUPO M\u00c9DICO<\/strong><\/p>\n<p>\u00c9 uma empresa com vasta experi\u00eancia na venda de suplementos alimentares e cosm\u00e9ticos, adquirida desde 1999. Nossos produtos atendem a todos os requisitos poloneses e da UE, garantindo a mais alta qualidade e seguran\u00e7a. Somos conhecidos por utilizar extratos com propriedades excepcionais que distinguem nossos suplementos e cosm\u00e9ticos dos de outras empresas. Gra\u00e7as \u00e0s nossas composi\u00e7\u00f5es \u00fanicas e \u00e0s mais altas concentra\u00e7\u00f5es de mat\u00e9rias-primas utilizadas, podemos afirmar com orgulho que nossos produtos s\u00e3o os melhores do mercado.<\/p>\n","protected":false},"excerpt":{"rendered":"<p>MEDICA GROUP &#8211; BEAUTY BOOTY SERUM 150 ML<\/p>\n","protected":false},"featured_media":104506,"template":"","meta":{"_acf_changed":false},"product_brand":[],"product_cat":[49,51],"product_tag":[],"class_list":{"0":"post-53512","1":"product","2":"type-product","3":"status-publish","4":"has-post-thumbnail","6":"product_cat-cosmeticos","7":"product_cat-oleos-de-massagem","8":"yith_product_brand-medica-group","10":"first","11":"instock","12":"taxable","13":"shipping-taxable","14":"purchasable","15":"product-type-simple"},"acf":[],"yoast_head":"<!-- This site is optimized with the Yoast SEO plugin v27.4 - https:\/\/yoast.com\/product\/yoast-seo-wordpress\/ -->\n<title>MEDICA GROUP - BEAUTY BOOTY SERUM 150 ML - Lovme<\/title>\n<meta name=\"robots\" content=\"index, follow, max-snippet:-1, max-image-preview:large, max-video-preview:-1\" \/>\n<link rel=\"canonical\" href=\"https:\/\/lovme.pt\/index.php\/produto\/medica-group-beauty-booty-serum-150-ml\/\" \/>\n<meta property=\"og:locale\" content=\"pt_PT\" \/>\n<meta property=\"og:type\" content=\"article\" \/>\n<meta property=\"og:title\" content=\"MEDICA GROUP - BEAUTY BOOTY SERUM 150 ML - Lovme\" \/>\n<meta property=\"og:description\" content=\"MEDICA GROUP - BEAUTY BOOTY SERUM 150 ML\" \/>\n<meta property=\"og:url\" content=\"https:\/\/lovme.pt\/index.php\/produto\/medica-group-beauty-booty-serum-150-ml\/\" \/>\n<meta property=\"og:site_name\" content=\"Lovme\" \/>\n<meta property=\"article:modified_time\" content=\"2026-02-19T20:11:16+00:00\" \/>\n<meta property=\"og:image\" content=\"https:\/\/erki24nd3ub.exactdn.com\/wp-content\/uploads\/dream\/img\/img_212798_66df869020a94935986b86627c571faf_1.jpg?strip=all\" \/>\n\t<meta property=\"og:image:width\" content=\"900\" \/>\n\t<meta property=\"og:image:height\" content=\"900\" \/>\n\t<meta property=\"og:image:type\" content=\"image\/jpeg\" \/>\n<meta name=\"twitter:card\" content=\"summary_large_image\" \/>\n<meta name=\"twitter:label1\" content=\"Tempo estimado de leitura\" \/>\n\t<meta name=\"twitter:data1\" content=\"3 minutos\" \/>\n<script type=\"application\/ld+json\" class=\"yoast-schema-graph\">{\"@context\":\"https:\\\/\\\/schema.org\",\"@graph\":[{\"@type\":\"WebPage\",\"@id\":\"https:\\\/\\\/lovme.pt\\\/index.php\\\/produto\\\/medica-group-beauty-booty-serum-150-ml\\\/\",\"url\":\"https:\\\/\\\/lovme.pt\\\/index.php\\\/produto\\\/medica-group-beauty-booty-serum-150-ml\\\/\",\"name\":\"MEDICA GROUP - BEAUTY BOOTY SERUM 150 ML - Lovme\",\"isPartOf\":{\"@id\":\"https:\\\/\\\/lovme.pt\\\/#website\"},\"primaryImageOfPage\":{\"@id\":\"https:\\\/\\\/lovme.pt\\\/index.php\\\/produto\\\/medica-group-beauty-booty-serum-150-ml\\\/#primaryimage\"},\"image\":{\"@id\":\"https:\\\/\\\/lovme.pt\\\/index.php\\\/produto\\\/medica-group-beauty-booty-serum-150-ml\\\/#primaryimage\"},\"thumbnailUrl\":\"https:\\\/\\\/erki24nd3ub.exactdn.com\\\/wp-content\\\/uploads\\\/dream\\\/img\\\/img_212798_66df869020a94935986b86627c571faf_1.jpg?strip=all\",\"datePublished\":\"2025-11-25T06:05:24+00:00\",\"dateModified\":\"2026-02-19T20:11:16+00:00\",\"breadcrumb\":{\"@id\":\"https:\\\/\\\/lovme.pt\\\/index.php\\\/produto\\\/medica-group-beauty-booty-serum-150-ml\\\/#breadcrumb\"},\"inLanguage\":\"pt-PT\",\"potentialAction\":[{\"@type\":\"ReadAction\",\"target\":[\"https:\\\/\\\/lovme.pt\\\/index.php\\\/produto\\\/medica-group-beauty-booty-serum-150-ml\\\/\"]}]},{\"@type\":\"ImageObject\",\"inLanguage\":\"pt-PT\",\"@id\":\"https:\\\/\\\/lovme.pt\\\/index.php\\\/produto\\\/medica-group-beauty-booty-serum-150-ml\\\/#primaryimage\",\"url\":\"https:\\\/\\\/erki24nd3ub.exactdn.com\\\/wp-content\\\/uploads\\\/dream\\\/img\\\/img_212798_66df869020a94935986b86627c571faf_1.jpg?strip=all\",\"contentUrl\":\"https:\\\/\\\/erki24nd3ub.exactdn.com\\\/wp-content\\\/uploads\\\/dream\\\/img\\\/img_212798_66df869020a94935986b86627c571faf_1.jpg?strip=all\",\"width\":900,\"height\":900},{\"@type\":\"BreadcrumbList\",\"@id\":\"https:\\\/\\\/lovme.pt\\\/index.php\\\/produto\\\/medica-group-beauty-booty-serum-150-ml\\\/#breadcrumb\",\"itemListElement\":[{\"@type\":\"ListItem\",\"position\":1,\"name\":\"In\u00edcio\",\"item\":\"https:\\\/\\\/lovme.pt\\\/\"},{\"@type\":\"ListItem\",\"position\":2,\"name\":\"Loja\",\"item\":\"https:\\\/\\\/lovme.pt\\\/index.php\\\/loja\\\/\"},{\"@type\":\"ListItem\",\"position\":3,\"name\":\"MEDICA GROUP &#8211; BEAUTY BOOTY SERUM 150 ML\"}]},{\"@type\":\"WebSite\",\"@id\":\"https:\\\/\\\/lovme.pt\\\/#website\",\"url\":\"https:\\\/\\\/lovme.pt\\\/\",\"name\":\"Lovme Loja Er\u00f3tica N\u00ba1 em Portugal\",\"description\":\"A melhor loja er\u00f3tica de Portugal.\",\"alternateName\":\"Loja Er\u00f3tica Lovme\",\"potentialAction\":[{\"@type\":\"SearchAction\",\"target\":{\"@type\":\"EntryPoint\",\"urlTemplate\":\"https:\\\/\\\/lovme.pt\\\/?s={search_term_string}\"},\"query-input\":{\"@type\":\"PropertyValueSpecification\",\"valueRequired\":true,\"valueName\":\"search_term_string\"}}],\"inLanguage\":\"pt-PT\"}]}<\/script>\n<!-- \/ Yoast SEO plugin. -->","yoast_head_json":{"title":"MEDICA GROUP - BEAUTY BOOTY SERUM 150 ML - Lovme","robots":{"index":"index","follow":"follow","max-snippet":"max-snippet:-1","max-image-preview":"max-image-preview:large","max-video-preview":"max-video-preview:-1"},"canonical":"https:\/\/lovme.pt\/index.php\/produto\/medica-group-beauty-booty-serum-150-ml\/","og_locale":"pt_PT","og_type":"article","og_title":"MEDICA GROUP - BEAUTY BOOTY SERUM 150 ML - Lovme","og_description":"MEDICA GROUP - BEAUTY BOOTY SERUM 150 ML","og_url":"https:\/\/lovme.pt\/index.php\/produto\/medica-group-beauty-booty-serum-150-ml\/","og_site_name":"Lovme","article_modified_time":"2026-02-19T20:11:16+00:00","og_image":[{"width":900,"height":900,"url":"https:\/\/erki24nd3ub.exactdn.com\/wp-content\/uploads\/dream\/img\/img_212798_66df869020a94935986b86627c571faf_1.jpg?strip=all","type":"image\/jpeg"}],"twitter_card":"summary_large_image","twitter_misc":{"Tempo estimado de leitura":"3 minutos"},"schema":{"@context":"https:\/\/schema.org","@graph":[{"@type":"WebPage","@id":"https:\/\/lovme.pt\/index.php\/produto\/medica-group-beauty-booty-serum-150-ml\/","url":"https:\/\/lovme.pt\/index.php\/produto\/medica-group-beauty-booty-serum-150-ml\/","name":"MEDICA GROUP - BEAUTY BOOTY SERUM 150 ML - Lovme","isPartOf":{"@id":"https:\/\/lovme.pt\/#website"},"primaryImageOfPage":{"@id":"https:\/\/lovme.pt\/index.php\/produto\/medica-group-beauty-booty-serum-150-ml\/#primaryimage"},"image":{"@id":"https:\/\/lovme.pt\/index.php\/produto\/medica-group-beauty-booty-serum-150-ml\/#primaryimage"},"thumbnailUrl":"https:\/\/erki24nd3ub.exactdn.com\/wp-content\/uploads\/dream\/img\/img_212798_66df869020a94935986b86627c571faf_1.jpg?strip=all","datePublished":"2025-11-25T06:05:24+00:00","dateModified":"2026-02-19T20:11:16+00:00","breadcrumb":{"@id":"https:\/\/lovme.pt\/index.php\/produto\/medica-group-beauty-booty-serum-150-ml\/#breadcrumb"},"inLanguage":"pt-PT","potentialAction":[{"@type":"ReadAction","target":["https:\/\/lovme.pt\/index.php\/produto\/medica-group-beauty-booty-serum-150-ml\/"]}]},{"@type":"ImageObject","inLanguage":"pt-PT","@id":"https:\/\/lovme.pt\/index.php\/produto\/medica-group-beauty-booty-serum-150-ml\/#primaryimage","url":"https:\/\/erki24nd3ub.exactdn.com\/wp-content\/uploads\/dream\/img\/img_212798_66df869020a94935986b86627c571faf_1.jpg?strip=all","contentUrl":"https:\/\/erki24nd3ub.exactdn.com\/wp-content\/uploads\/dream\/img\/img_212798_66df869020a94935986b86627c571faf_1.jpg?strip=all","width":900,"height":900},{"@type":"BreadcrumbList","@id":"https:\/\/lovme.pt\/index.php\/produto\/medica-group-beauty-booty-serum-150-ml\/#breadcrumb","itemListElement":[{"@type":"ListItem","position":1,"name":"In\u00edcio","item":"https:\/\/lovme.pt\/"},{"@type":"ListItem","position":2,"name":"Loja","item":"https:\/\/lovme.pt\/index.php\/loja\/"},{"@type":"ListItem","position":3,"name":"MEDICA GROUP &#8211; BEAUTY BOOTY SERUM 150 ML"}]},{"@type":"WebSite","@id":"https:\/\/lovme.pt\/#website","url":"https:\/\/lovme.pt\/","name":"Lovme Loja Er\u00f3tica N\u00ba1 em Portugal","description":"A melhor loja er\u00f3tica de Portugal.","alternateName":"Loja Er\u00f3tica Lovme","potentialAction":[{"@type":"SearchAction","target":{"@type":"EntryPoint","urlTemplate":"https:\/\/lovme.pt\/?s={search_term_string}"},"query-input":{"@type":"PropertyValueSpecification","valueRequired":true,"valueName":"search_term_string"}}],"inLanguage":"pt-PT"}]}},"_links":{"self":[{"href":"https:\/\/lovme.pt\/index.php\/wp-json\/wp\/v2\/product\/53512","targetHints":{"allow":["GET"]}}],"collection":[{"href":"https:\/\/lovme.pt\/index.php\/wp-json\/wp\/v2\/product"}],"about":[{"href":"https:\/\/lovme.pt\/index.php\/wp-json\/wp\/v2\/types\/product"}],"wp:featuredmedia":[{"embeddable":true,"href":"https:\/\/lovme.pt\/index.php\/wp-json\/wp\/v2\/media\/104506"}],"wp:attachment":[{"href":"https:\/\/lovme.pt\/index.php\/wp-json\/wp\/v2\/media?parent=53512"}],"wp:term":[{"taxonomy":"product_brand","embeddable":true,"href":"https:\/\/lovme.pt\/index.php\/wp-json\/wp\/v2\/product_brand?post=53512"},{"taxonomy":"product_cat","embeddable":true,"href":"https:\/\/lovme.pt\/index.php\/wp-json\/wp\/v2\/product_cat?post=53512"},{"taxonomy":"product_tag","embeddable":true,"href":"https:\/\/lovme.pt\/index.php\/wp-json\/wp\/v2\/product_tag?post=53512"}],"curies":[{"name":"wp","href":"https:\/\/api.w.org\/{rel}","templated":true}]}}