{"id":53511,"date":"2025-09-30T09:47:26","date_gmt":"2025-09-30T09:47:26","guid":{"rendered":"https:\/\/lovme.pt\/?post_type=product&p=53511"},"modified":"2026-02-19T20:05:17","modified_gmt":"2026-02-19T20:05:17","slug":"medica-group-serum-para-busto-maior-150-ml","status":"publish","type":"product","link":"https:\/\/lovme.pt\/index.php\/produto\/medica-group-serum-para-busto-maior-150-ml\/","title":{"rendered":"MEDICA GROUP &#8211; S\u00c9RUM PARA BUSTO MAIOR 150 ML"},"content":{"rendered":"<p>Realce sua feminilidade e autoconfian\u00e7a com o <strong>S\u00e9rum BiggerBust<\/strong> de 150 ml: uma solu\u00e7\u00e3o revolucion\u00e1ria desenvolvida para promover o aumento e a firmeza dos seios. Gra\u00e7as \u00e0 sua f\u00f3rmula cuidadosamente desenvolvida, o s\u00e9rum melhora naturalmente a apar\u00eancia dos seios, tornando-os mais volumosos, firmes e com mais volume.<\/p>\n<p>O <strong>S\u00e9rum BiggerBust<\/strong> oferece suporte para o cuidado do busto, proporcionando um efeito lifting suave e melhorando a firmeza da pele. Este produto foi criado para mulheres ap\u00f3s mudan\u00e7as de peso, gravidez ou amamenta\u00e7\u00e3o, e tamb\u00e9m promove a regenera\u00e7\u00e3o da pele durante a menopausa, melhorando a circula\u00e7\u00e3o sangu\u00ednea e combatendo os sinais de envelhecimento. O s\u00e9rum cont\u00e9m ingredientes cuidadosamente selecionados, como Kigelia Africana, \u00d3leo de Argan, Centella Asi\u00e1tica e Col\u00e1geno Hidrolisado, que juntos estimulam a s\u00edntese de col\u00e1geno, melhoram a textura da pele e aumentam a firmeza do busto.<\/p>\n<p>\u00a0<\/p>\n<p><strong>ESPECIFICA\u00c7\u00d5ES T\u00c9CNICAS:<\/strong><\/p>\n<ul>\n<li><strong>Aplica\u00e7\u00e3o do produto:<\/strong> S\u00e9rum para cuidados com os seios.<\/li>\n<li><strong>Ingredientes<\/strong> : \u00c1gua, estearato de etilhexila, propilenoglicol, ciclopentasiloxano, ciclohexasiloxano, \u00f3leo mineral de parafina l\u00edquida, citrato de estearato de glicerila, extrato da folha de kigelia, \u00f3leo de semente de salsicha africana, lecitina, glicerina, sorbitol, pantenol, glicose, trilaureth-4-fosfato, col\u00e1geno hidrolisado, amino\u00e1cidos da seda, hialuronato de s\u00f3dio, \u00f3leo de semente de argania spinosa, acetato de tocoferila, extrato de centella asi\u00e1tica, estearato de glicerila, extrato da erva cavalinha Equisetum arvense, manteiga de karit\u00e9 Butyrospermum parkii, \u00f3leo de semente de girassol Helianthus annuus, \u00e1lcool cetoestear\u00edlico, extrato da folha de hera Hedera helix, pol\u00edmero cruzado de acrilatos\/acrilato de alquila C10-30. Goma xantana, fenoxietanol, etilhexilglicerina, hidr\u00f3xido de s\u00f3dio, EDTA diss\u00f3dico, 2-bromo-2-nitropropano-1,3-diol, BHA, fragr\u00e2ncia de perfume, citral, limoneno, linalol.<\/li>\n<li><strong>Ingredientes ativos<\/strong>\n<ul>\n<li>Extrato de Kigelia Africana: fortalece as fibras de col\u00e1geno, melhora a elasticidade da pele e modela os seios.<\/li>\n<li>\u00d3leo de Argania Spinosa Kernel Oil \u00d3leo de Argan: hidrata, regenera e tem efeito antienvelhecimento na pele dos seios.<\/li>\n<li>Extrato de Centella Asiatica Centilasia: aumenta a firmeza e elasticidade da pele e estimula a microcircula\u00e7\u00e3o.<\/li>\n<li>Col\u00e1geno hidrolisado: hidrata, amacia a pele e melhora sua elasticidade.<\/li>\n<li>Prote\u00ednas da seda: criam uma camada delicada na superf\u00edcie da pele, deixando-a macia e aveludada.<\/li>\n<li>Manteiga de karit\u00e9 Butyrospermum Parkii Butter: regenera, nutre e protege a pele dos elementos.<\/li>\n<li>\u00d3leo de semente de girassol \u00d3leo de semente de Helianthus Annuus: suaviza, regenera e fortalece a barreira protetora natural da pele.<\/li>\n<\/ul>\n<\/li>\n<li><strong>Modo de usar<\/strong> : Aplique uma quantidade adequada de s\u00e9rum na pele limpa e seca dos seios, evitando a \u00e1rea ao redor dos mamilos. Massageie suavemente em movimentos circulares de baixo para cima at\u00e9 a completa absor\u00e7\u00e3o. Use duas vezes ao dia, de manh\u00e3 e \u00e0 noite, para obter os melhores resultados.<\/li>\n<li><strong>Nota de seguran\u00e7a:<\/strong> Produto destinado apenas para uso externo. Evite contato com os olhos. Em caso de irrita\u00e7\u00e3o ou rea\u00e7\u00f5es al\u00e9rgicas, interrompa o uso e consulte um m\u00e9dico. N\u00e3o aplique sobre a pele lesionada ou irritada. Mantenha fora do alcance de crian\u00e7as.<\/li>\n<\/ul>\n<p>\u00a0<\/p>\n<p><strong>GRUPO M\u00c9DICO<\/strong><\/p>\n<p>Esta \u00e9 uma empresa com vasta experi\u00eancia na venda de suplementos alimentares e cosm\u00e9ticos, adquirida desde 1999. Nossos produtos atendem a todos os requisitos poloneses e da UE, garantindo a mais alta qualidade e seguran\u00e7a. Somos conhecidos por utilizar extratos com propriedades excepcionais que distinguem nossos suplementos e cosm\u00e9ticos dos de outras empresas. Gra\u00e7as \u00e0s nossas composi\u00e7\u00f5es \u00fanicas e \u00e0s mais altas concentra\u00e7\u00f5es de mat\u00e9rias-primas utilizadas, podemos afirmar com orgulho que nossos produtos s\u00e3o os melhores do mercado.<\/p>\n","protected":false},"excerpt":{"rendered":"<p>MEDICA GROUP &#8211; S\u00c9RUM PARA BUSTO MAIOR 150 ML<\/p>\n","protected":false},"featured_media":57075,"template":"","meta":{"_acf_changed":false},"product_brand":[],"product_cat":[49,52],"product_tag":[],"class_list":{"0":"post-53511","1":"product","2":"type-product","3":"status-publish","4":"has-post-thumbnail","6":"product_cat-cosmeticos","7":"product_cat-estimulantes","8":"yith_product_brand-medica-group","10":"first","11":"instock","12":"taxable","13":"shipping-taxable","14":"purchasable","15":"product-type-simple"},"acf":[],"yoast_head":"<!-- This site is optimized with the Yoast SEO plugin v27.4 - https:\/\/yoast.com\/product\/yoast-seo-wordpress\/ -->\n<title>MEDICA GROUP - S\u00c9RUM PARA BUSTO MAIOR 150 ML - Lovme<\/title>\n<meta name=\"robots\" content=\"index, follow, max-snippet:-1, max-image-preview:large, max-video-preview:-1\" \/>\n<link rel=\"canonical\" href=\"https:\/\/lovme.pt\/index.php\/produto\/medica-group-serum-para-busto-maior-150-ml\/\" \/>\n<meta property=\"og:locale\" content=\"pt_PT\" \/>\n<meta property=\"og:type\" content=\"article\" \/>\n<meta property=\"og:title\" content=\"MEDICA GROUP - S\u00c9RUM PARA BUSTO MAIOR 150 ML - Lovme\" \/>\n<meta property=\"og:description\" content=\"MEDICA GROUP - S\u00c9RUM PARA BUSTO MAIOR 150 ML\" \/>\n<meta property=\"og:url\" content=\"https:\/\/lovme.pt\/index.php\/produto\/medica-group-serum-para-busto-maior-150-ml\/\" \/>\n<meta property=\"og:site_name\" content=\"Lovme\" \/>\n<meta property=\"article:modified_time\" content=\"2026-02-19T20:05:17+00:00\" \/>\n<meta property=\"og:image\" content=\"https:\/\/erki24nd3ub.exactdn.com\/wp-content\/uploads\/dream\/img\/img_212802_c6eda09d64e3c2ae60a3ba9ad6240d0f_1.jpg?strip=all\" \/>\n\t<meta property=\"og:image:width\" content=\"900\" \/>\n\t<meta property=\"og:image:height\" content=\"900\" \/>\n\t<meta property=\"og:image:type\" content=\"image\/jpeg\" \/>\n<meta name=\"twitter:card\" content=\"summary_large_image\" \/>\n<meta name=\"twitter:label1\" content=\"Tempo estimado de leitura\" \/>\n\t<meta name=\"twitter:data1\" content=\"3 minutos\" \/>\n<script type=\"application\/ld+json\" class=\"yoast-schema-graph\">{\"@context\":\"https:\\\/\\\/schema.org\",\"@graph\":[{\"@type\":\"WebPage\",\"@id\":\"https:\\\/\\\/lovme.pt\\\/index.php\\\/produto\\\/medica-group-serum-para-busto-maior-150-ml\\\/\",\"url\":\"https:\\\/\\\/lovme.pt\\\/index.php\\\/produto\\\/medica-group-serum-para-busto-maior-150-ml\\\/\",\"name\":\"MEDICA GROUP - S\u00c9RUM PARA BUSTO MAIOR 150 ML - Lovme\",\"isPartOf\":{\"@id\":\"https:\\\/\\\/lovme.pt\\\/#website\"},\"primaryImageOfPage\":{\"@id\":\"https:\\\/\\\/lovme.pt\\\/index.php\\\/produto\\\/medica-group-serum-para-busto-maior-150-ml\\\/#primaryimage\"},\"image\":{\"@id\":\"https:\\\/\\\/lovme.pt\\\/index.php\\\/produto\\\/medica-group-serum-para-busto-maior-150-ml\\\/#primaryimage\"},\"thumbnailUrl\":\"https:\\\/\\\/erki24nd3ub.exactdn.com\\\/wp-content\\\/uploads\\\/dream\\\/img\\\/img_212802_c6eda09d64e3c2ae60a3ba9ad6240d0f_1.jpg?strip=all\",\"datePublished\":\"2025-09-30T09:47:26+00:00\",\"dateModified\":\"2026-02-19T20:05:17+00:00\",\"breadcrumb\":{\"@id\":\"https:\\\/\\\/lovme.pt\\\/index.php\\\/produto\\\/medica-group-serum-para-busto-maior-150-ml\\\/#breadcrumb\"},\"inLanguage\":\"pt-PT\",\"potentialAction\":[{\"@type\":\"ReadAction\",\"target\":[\"https:\\\/\\\/lovme.pt\\\/index.php\\\/produto\\\/medica-group-serum-para-busto-maior-150-ml\\\/\"]}]},{\"@type\":\"ImageObject\",\"inLanguage\":\"pt-PT\",\"@id\":\"https:\\\/\\\/lovme.pt\\\/index.php\\\/produto\\\/medica-group-serum-para-busto-maior-150-ml\\\/#primaryimage\",\"url\":\"https:\\\/\\\/erki24nd3ub.exactdn.com\\\/wp-content\\\/uploads\\\/dream\\\/img\\\/img_212802_c6eda09d64e3c2ae60a3ba9ad6240d0f_1.jpg?strip=all\",\"contentUrl\":\"https:\\\/\\\/erki24nd3ub.exactdn.com\\\/wp-content\\\/uploads\\\/dream\\\/img\\\/img_212802_c6eda09d64e3c2ae60a3ba9ad6240d0f_1.jpg?strip=all\",\"width\":900,\"height\":900},{\"@type\":\"BreadcrumbList\",\"@id\":\"https:\\\/\\\/lovme.pt\\\/index.php\\\/produto\\\/medica-group-serum-para-busto-maior-150-ml\\\/#breadcrumb\",\"itemListElement\":[{\"@type\":\"ListItem\",\"position\":1,\"name\":\"In\u00edcio\",\"item\":\"https:\\\/\\\/lovme.pt\\\/\"},{\"@type\":\"ListItem\",\"position\":2,\"name\":\"Loja\",\"item\":\"https:\\\/\\\/lovme.pt\\\/index.php\\\/loja\\\/\"},{\"@type\":\"ListItem\",\"position\":3,\"name\":\"MEDICA GROUP &#8211; S\u00c9RUM PARA BUSTO MAIOR 150 ML\"}]},{\"@type\":\"WebSite\",\"@id\":\"https:\\\/\\\/lovme.pt\\\/#website\",\"url\":\"https:\\\/\\\/lovme.pt\\\/\",\"name\":\"Lovme Loja Er\u00f3tica N\u00ba1 em Portugal\",\"description\":\"A melhor loja er\u00f3tica de Portugal.\",\"alternateName\":\"Loja Er\u00f3tica Lovme\",\"potentialAction\":[{\"@type\":\"SearchAction\",\"target\":{\"@type\":\"EntryPoint\",\"urlTemplate\":\"https:\\\/\\\/lovme.pt\\\/?s={search_term_string}\"},\"query-input\":{\"@type\":\"PropertyValueSpecification\",\"valueRequired\":true,\"valueName\":\"search_term_string\"}}],\"inLanguage\":\"pt-PT\"}]}<\/script>\n<!-- \/ Yoast SEO plugin. -->","yoast_head_json":{"title":"MEDICA GROUP - S\u00c9RUM PARA BUSTO MAIOR 150 ML - Lovme","robots":{"index":"index","follow":"follow","max-snippet":"max-snippet:-1","max-image-preview":"max-image-preview:large","max-video-preview":"max-video-preview:-1"},"canonical":"https:\/\/lovme.pt\/index.php\/produto\/medica-group-serum-para-busto-maior-150-ml\/","og_locale":"pt_PT","og_type":"article","og_title":"MEDICA GROUP - S\u00c9RUM PARA BUSTO MAIOR 150 ML - Lovme","og_description":"MEDICA GROUP - S\u00c9RUM PARA BUSTO MAIOR 150 ML","og_url":"https:\/\/lovme.pt\/index.php\/produto\/medica-group-serum-para-busto-maior-150-ml\/","og_site_name":"Lovme","article_modified_time":"2026-02-19T20:05:17+00:00","og_image":[{"width":900,"height":900,"url":"https:\/\/erki24nd3ub.exactdn.com\/wp-content\/uploads\/dream\/img\/img_212802_c6eda09d64e3c2ae60a3ba9ad6240d0f_1.jpg?strip=all","type":"image\/jpeg"}],"twitter_card":"summary_large_image","twitter_misc":{"Tempo estimado de leitura":"3 minutos"},"schema":{"@context":"https:\/\/schema.org","@graph":[{"@type":"WebPage","@id":"https:\/\/lovme.pt\/index.php\/produto\/medica-group-serum-para-busto-maior-150-ml\/","url":"https:\/\/lovme.pt\/index.php\/produto\/medica-group-serum-para-busto-maior-150-ml\/","name":"MEDICA GROUP - S\u00c9RUM PARA BUSTO MAIOR 150 ML - Lovme","isPartOf":{"@id":"https:\/\/lovme.pt\/#website"},"primaryImageOfPage":{"@id":"https:\/\/lovme.pt\/index.php\/produto\/medica-group-serum-para-busto-maior-150-ml\/#primaryimage"},"image":{"@id":"https:\/\/lovme.pt\/index.php\/produto\/medica-group-serum-para-busto-maior-150-ml\/#primaryimage"},"thumbnailUrl":"https:\/\/erki24nd3ub.exactdn.com\/wp-content\/uploads\/dream\/img\/img_212802_c6eda09d64e3c2ae60a3ba9ad6240d0f_1.jpg?strip=all","datePublished":"2025-09-30T09:47:26+00:00","dateModified":"2026-02-19T20:05:17+00:00","breadcrumb":{"@id":"https:\/\/lovme.pt\/index.php\/produto\/medica-group-serum-para-busto-maior-150-ml\/#breadcrumb"},"inLanguage":"pt-PT","potentialAction":[{"@type":"ReadAction","target":["https:\/\/lovme.pt\/index.php\/produto\/medica-group-serum-para-busto-maior-150-ml\/"]}]},{"@type":"ImageObject","inLanguage":"pt-PT","@id":"https:\/\/lovme.pt\/index.php\/produto\/medica-group-serum-para-busto-maior-150-ml\/#primaryimage","url":"https:\/\/erki24nd3ub.exactdn.com\/wp-content\/uploads\/dream\/img\/img_212802_c6eda09d64e3c2ae60a3ba9ad6240d0f_1.jpg?strip=all","contentUrl":"https:\/\/erki24nd3ub.exactdn.com\/wp-content\/uploads\/dream\/img\/img_212802_c6eda09d64e3c2ae60a3ba9ad6240d0f_1.jpg?strip=all","width":900,"height":900},{"@type":"BreadcrumbList","@id":"https:\/\/lovme.pt\/index.php\/produto\/medica-group-serum-para-busto-maior-150-ml\/#breadcrumb","itemListElement":[{"@type":"ListItem","position":1,"name":"In\u00edcio","item":"https:\/\/lovme.pt\/"},{"@type":"ListItem","position":2,"name":"Loja","item":"https:\/\/lovme.pt\/index.php\/loja\/"},{"@type":"ListItem","position":3,"name":"MEDICA GROUP &#8211; S\u00c9RUM PARA BUSTO MAIOR 150 ML"}]},{"@type":"WebSite","@id":"https:\/\/lovme.pt\/#website","url":"https:\/\/lovme.pt\/","name":"Lovme Loja Er\u00f3tica N\u00ba1 em Portugal","description":"A melhor loja er\u00f3tica de Portugal.","alternateName":"Loja Er\u00f3tica Lovme","potentialAction":[{"@type":"SearchAction","target":{"@type":"EntryPoint","urlTemplate":"https:\/\/lovme.pt\/?s={search_term_string}"},"query-input":{"@type":"PropertyValueSpecification","valueRequired":true,"valueName":"search_term_string"}}],"inLanguage":"pt-PT"}]}},"_links":{"self":[{"href":"https:\/\/lovme.pt\/index.php\/wp-json\/wp\/v2\/product\/53511","targetHints":{"allow":["GET"]}}],"collection":[{"href":"https:\/\/lovme.pt\/index.php\/wp-json\/wp\/v2\/product"}],"about":[{"href":"https:\/\/lovme.pt\/index.php\/wp-json\/wp\/v2\/types\/product"}],"wp:featuredmedia":[{"embeddable":true,"href":"https:\/\/lovme.pt\/index.php\/wp-json\/wp\/v2\/media\/57075"}],"wp:attachment":[{"href":"https:\/\/lovme.pt\/index.php\/wp-json\/wp\/v2\/media?parent=53511"}],"wp:term":[{"taxonomy":"product_brand","embeddable":true,"href":"https:\/\/lovme.pt\/index.php\/wp-json\/wp\/v2\/product_brand?post=53511"},{"taxonomy":"product_cat","embeddable":true,"href":"https:\/\/lovme.pt\/index.php\/wp-json\/wp\/v2\/product_cat?post=53511"},{"taxonomy":"product_tag","embeddable":true,"href":"https:\/\/lovme.pt\/index.php\/wp-json\/wp\/v2\/product_tag?post=53511"}],"curies":[{"name":"wp","href":"https:\/\/api.w.org\/{rel}","templated":true}]}}