{"id":53509,"date":"2025-09-30T22:21:05","date_gmt":"2025-09-30T22:21:05","guid":{"rendered":"https:\/\/lovme.pt\/?post_type=product&#038;p=53509"},"modified":"2026-02-19T20:11:04","modified_gmt":"2026-02-19T20:11:04","slug":"medica-group-bebida-poderosa-de-orgasmo-para-homens-10-ml","status":"publish","type":"product","link":"https:\/\/lovme.pt\/index.php\/produto\/medica-group-bebida-poderosa-de-orgasmo-para-homens-10-ml\/","title":{"rendered":"MEDICA GROUP &#8211; BEBIDA PODEROSA DE ORGASMO PARA HOMENS 10 ML"},"content":{"rendered":"<p>Obtenha m\u00e1xima vitalidade e sensa\u00e7\u00f5es intensas com <strong>Orgasm Power For Men Drink<\/strong> 10 ml, um suplemento alimentar criado especialmente para homens.<\/p>\n<p><strong>A bebida Orgasm Power For Men<\/strong> \u00e9 um suplemento alimentar inovador em formato l\u00edquido que aumenta a vitalidade masculina e melhora a qualidade de vida \u00edntima. Gra\u00e7as \u00e0 sua f\u00f3rmula avan\u00e7ada com ingredientes como L-arginina, beta-alanina, guaran\u00e1, extrato de maca e ginseng, a bebida ajuda a aumentar a resist\u00eancia, intensificar as sensa\u00e7\u00f5es e promover a regenera\u00e7\u00e3o corporal. Enriquecido com vitaminas B3 e B6 e zinco, o produto tamb\u00e9m promove o metabolismo energ\u00e9tico e reduz a fadiga. Seu formato l\u00edquido pr\u00e1tico permite r\u00e1pida absor\u00e7\u00e3o e f\u00e1cil uso, garantindo o m\u00e1ximo efeito em pouco tempo.<\/p>\n<p>\u00a0<\/p>\n<p><strong>ESPECIFICA\u00c7\u00d5ES T\u00c9CNICAS:<\/strong><\/p>\n<ul>\n<li><strong>Aplica\u00e7\u00e3o do produto:<\/strong> Aumenta a vitalidade e intensifica as sensa\u00e7\u00f5es sexuais.<\/li>\n<li><strong>Ingredientes<\/strong> : \u00c1gua, citrato de magn\u00e9sio, L-arginina, beta-alanina, suco concentrado de beterraba, extrato de guaran\u00e1 padronizado para 10% de cafe\u00edna, regulador de acidez\/antioxidante: \u00e1cido c\u00edtrico, aroma de cereja, extrato de maca 16:1, extrato de ginseng 16:1, gluconato de zinco, ado\u00e7ante: sacarina s\u00f3dica, vitamina B3 niacina, conservantes: sorbato de pot\u00e1ssio e benzoato de s\u00f3dio, maltodextrina, vitamina B6 cloridrato de piridoxina.<\/li>\n<li><strong>Ingredientes ativos<\/strong>\n<ul>\n<li>L-arginina: Promove a vasodilata\u00e7\u00e3o e melhora a circula\u00e7\u00e3o sangu\u00ednea.<\/li>\n<li>Beta-alanina: Aumenta a resist\u00eancia e reduz a fadiga muscular.<\/li>\n<li>Extrato de guaran\u00e1: Tem efeito estimulante e promove o metabolismo produtor de energia.<\/li>\n<li>Extrato de Maca: Fortalece a vitalidade e auxilia nas fun\u00e7\u00f5es hormonais.<\/li>\n<li>Extrato de Ginseng: Melhora o desempenho e fortalece a imunidade do corpo.<\/li>\n<li>Vitamina B3: Promove o metabolismo energ\u00e9tico e reduz a sensa\u00e7\u00e3o de fadiga.<\/li>\n<li>Vitamina B6: Auxilia o funcionamento dos sistemas nervoso e imunol\u00f3gico.<\/li>\n<li>Zinco: Promove o equil\u00edbrio hormonal e a sa\u00fade da pele.<\/li>\n<\/ul>\n<\/li>\n<li><strong>Instru\u00e7\u00f5es<\/strong> : Tomar uma dose de 10 ml por dia, de prefer\u00eancia 30 minutos antes da rela\u00e7\u00e3o sexual. Agitar bem antes de usar. Este produto n\u00e3o deve ser usado por pessoas al\u00e9rgicas a qualquer um dos ingredientes do suplemento. N\u00e3o exceda a dose di\u00e1ria recomendada.<\/li>\n<li><strong>Nota de seguran\u00e7a:<\/strong> Armazene em local fresco e seco, longe da luz solar direta e fora do alcance de crian\u00e7as. Este produto destina-se apenas a adultos. N\u00e3o use em crian\u00e7as, gestantes ou lactantes. Um suplemento alimentar n\u00e3o pode ser usado como substituto de uma dieta variada.<\/li>\n<\/ul>\n<p>\u00a0<\/p>\n<p><strong>GRUPO M\u00c9DICO<\/strong><\/p>\n<p>\u00c9 uma empresa com vasta experi\u00eancia na venda de suplementos alimentares e cosm\u00e9ticos, adquirida desde 1999. Nossos produtos atendem a todos os requisitos poloneses e da UE, garantindo a mais alta qualidade e seguran\u00e7a. Somos conhecidos por utilizar extratos com propriedades excepcionais que distinguem nossos suplementos e cosm\u00e9ticos dos de outras empresas. Gra\u00e7as \u00e0s nossas composi\u00e7\u00f5es \u00fanicas e \u00e0s mais altas concentra\u00e7\u00f5es de mat\u00e9rias-primas utilizadas, podemos afirmar com orgulho que nossos produtos s\u00e3o os melhores do mercado.<\/p>\n","protected":false},"excerpt":{"rendered":"<p>MEDICA GROUP &#8211; BEBIDA PODEROSA DE ORGASMO PARA HOMENS 10 ML<\/p>\n","protected":false},"featured_media":77054,"template":"","meta":{"_acf_changed":false},"product_brand":[],"product_cat":[49,52],"product_tag":[],"class_list":{"0":"post-53509","1":"product","2":"type-product","3":"status-publish","4":"has-post-thumbnail","6":"product_cat-cosmeticos","7":"product_cat-estimulantes","8":"yith_product_brand-medica-group","10":"first","11":"instock","12":"taxable","13":"shipping-taxable","14":"purchasable","15":"product-type-simple"},"acf":[],"yoast_head":"<!-- This site is optimized with the Yoast SEO plugin v27.4 - https:\/\/yoast.com\/product\/yoast-seo-wordpress\/ -->\n<title>MEDICA GROUP - BEBIDA PODEROSA DE ORGASMO PARA HOMENS 10 ML - Lovme<\/title>\n<meta name=\"robots\" content=\"index, follow, max-snippet:-1, max-image-preview:large, max-video-preview:-1\" \/>\n<link rel=\"canonical\" href=\"https:\/\/lovme.pt\/index.php\/produto\/medica-group-bebida-poderosa-de-orgasmo-para-homens-10-ml\/\" \/>\n<meta property=\"og:locale\" content=\"pt_PT\" \/>\n<meta property=\"og:type\" content=\"article\" \/>\n<meta property=\"og:title\" content=\"MEDICA GROUP - BEBIDA PODEROSA DE ORGASMO PARA HOMENS 10 ML - Lovme\" \/>\n<meta property=\"og:description\" content=\"MEDICA GROUP - BEBIDA PODEROSA DE ORGASMO PARA HOMENS 10 ML\" \/>\n<meta property=\"og:url\" content=\"https:\/\/lovme.pt\/index.php\/produto\/medica-group-bebida-poderosa-de-orgasmo-para-homens-10-ml\/\" \/>\n<meta property=\"og:site_name\" content=\"Lovme\" \/>\n<meta property=\"article:modified_time\" content=\"2026-02-19T20:11:04+00:00\" \/>\n<meta property=\"og:image\" content=\"https:\/\/erki24nd3ub.exactdn.com\/wp-content\/uploads\/dream\/img\/img_212827_f53723388673557a9a520d6883e8aca4_1.jpg?strip=all\" \/>\n\t<meta property=\"og:image:width\" content=\"900\" \/>\n\t<meta property=\"og:image:height\" content=\"900\" \/>\n\t<meta property=\"og:image:type\" content=\"image\/jpeg\" \/>\n<meta name=\"twitter:card\" content=\"summary_large_image\" \/>\n<meta name=\"twitter:label1\" content=\"Tempo estimado de leitura\" \/>\n\t<meta name=\"twitter:data1\" content=\"2 minutos\" \/>\n<script type=\"application\/ld+json\" class=\"yoast-schema-graph\">{\"@context\":\"https:\\\/\\\/schema.org\",\"@graph\":[{\"@type\":\"WebPage\",\"@id\":\"https:\\\/\\\/lovme.pt\\\/index.php\\\/produto\\\/medica-group-bebida-poderosa-de-orgasmo-para-homens-10-ml\\\/\",\"url\":\"https:\\\/\\\/lovme.pt\\\/index.php\\\/produto\\\/medica-group-bebida-poderosa-de-orgasmo-para-homens-10-ml\\\/\",\"name\":\"MEDICA GROUP - BEBIDA PODEROSA DE ORGASMO PARA HOMENS 10 ML - Lovme\",\"isPartOf\":{\"@id\":\"https:\\\/\\\/lovme.pt\\\/#website\"},\"primaryImageOfPage\":{\"@id\":\"https:\\\/\\\/lovme.pt\\\/index.php\\\/produto\\\/medica-group-bebida-poderosa-de-orgasmo-para-homens-10-ml\\\/#primaryimage\"},\"image\":{\"@id\":\"https:\\\/\\\/lovme.pt\\\/index.php\\\/produto\\\/medica-group-bebida-poderosa-de-orgasmo-para-homens-10-ml\\\/#primaryimage\"},\"thumbnailUrl\":\"https:\\\/\\\/erki24nd3ub.exactdn.com\\\/wp-content\\\/uploads\\\/dream\\\/img\\\/img_212827_f53723388673557a9a520d6883e8aca4_1.jpg?strip=all\",\"datePublished\":\"2025-09-30T22:21:05+00:00\",\"dateModified\":\"2026-02-19T20:11:04+00:00\",\"breadcrumb\":{\"@id\":\"https:\\\/\\\/lovme.pt\\\/index.php\\\/produto\\\/medica-group-bebida-poderosa-de-orgasmo-para-homens-10-ml\\\/#breadcrumb\"},\"inLanguage\":\"pt-PT\",\"potentialAction\":[{\"@type\":\"ReadAction\",\"target\":[\"https:\\\/\\\/lovme.pt\\\/index.php\\\/produto\\\/medica-group-bebida-poderosa-de-orgasmo-para-homens-10-ml\\\/\"]}]},{\"@type\":\"ImageObject\",\"inLanguage\":\"pt-PT\",\"@id\":\"https:\\\/\\\/lovme.pt\\\/index.php\\\/produto\\\/medica-group-bebida-poderosa-de-orgasmo-para-homens-10-ml\\\/#primaryimage\",\"url\":\"https:\\\/\\\/erki24nd3ub.exactdn.com\\\/wp-content\\\/uploads\\\/dream\\\/img\\\/img_212827_f53723388673557a9a520d6883e8aca4_1.jpg?strip=all\",\"contentUrl\":\"https:\\\/\\\/erki24nd3ub.exactdn.com\\\/wp-content\\\/uploads\\\/dream\\\/img\\\/img_212827_f53723388673557a9a520d6883e8aca4_1.jpg?strip=all\",\"width\":900,\"height\":900},{\"@type\":\"BreadcrumbList\",\"@id\":\"https:\\\/\\\/lovme.pt\\\/index.php\\\/produto\\\/medica-group-bebida-poderosa-de-orgasmo-para-homens-10-ml\\\/#breadcrumb\",\"itemListElement\":[{\"@type\":\"ListItem\",\"position\":1,\"name\":\"In\u00edcio\",\"item\":\"https:\\\/\\\/lovme.pt\\\/\"},{\"@type\":\"ListItem\",\"position\":2,\"name\":\"Loja\",\"item\":\"https:\\\/\\\/lovme.pt\\\/index.php\\\/loja\\\/\"},{\"@type\":\"ListItem\",\"position\":3,\"name\":\"MEDICA GROUP &#8211; BEBIDA PODEROSA DE ORGASMO PARA HOMENS 10 ML\"}]},{\"@type\":\"WebSite\",\"@id\":\"https:\\\/\\\/lovme.pt\\\/#website\",\"url\":\"https:\\\/\\\/lovme.pt\\\/\",\"name\":\"Lovme Loja Er\u00f3tica N\u00ba1 em Portugal\",\"description\":\"A melhor loja er\u00f3tica de Portugal.\",\"alternateName\":\"Loja Er\u00f3tica Lovme\",\"potentialAction\":[{\"@type\":\"SearchAction\",\"target\":{\"@type\":\"EntryPoint\",\"urlTemplate\":\"https:\\\/\\\/lovme.pt\\\/?s={search_term_string}\"},\"query-input\":{\"@type\":\"PropertyValueSpecification\",\"valueRequired\":true,\"valueName\":\"search_term_string\"}}],\"inLanguage\":\"pt-PT\"}]}<\/script>\n<!-- \/ Yoast SEO plugin. -->","yoast_head_json":{"title":"MEDICA GROUP - BEBIDA PODEROSA DE ORGASMO PARA HOMENS 10 ML - Lovme","robots":{"index":"index","follow":"follow","max-snippet":"max-snippet:-1","max-image-preview":"max-image-preview:large","max-video-preview":"max-video-preview:-1"},"canonical":"https:\/\/lovme.pt\/index.php\/produto\/medica-group-bebida-poderosa-de-orgasmo-para-homens-10-ml\/","og_locale":"pt_PT","og_type":"article","og_title":"MEDICA GROUP - BEBIDA PODEROSA DE ORGASMO PARA HOMENS 10 ML - Lovme","og_description":"MEDICA GROUP - BEBIDA PODEROSA DE ORGASMO PARA HOMENS 10 ML","og_url":"https:\/\/lovme.pt\/index.php\/produto\/medica-group-bebida-poderosa-de-orgasmo-para-homens-10-ml\/","og_site_name":"Lovme","article_modified_time":"2026-02-19T20:11:04+00:00","og_image":[{"width":900,"height":900,"url":"https:\/\/erki24nd3ub.exactdn.com\/wp-content\/uploads\/dream\/img\/img_212827_f53723388673557a9a520d6883e8aca4_1.jpg?strip=all","type":"image\/jpeg"}],"twitter_card":"summary_large_image","twitter_misc":{"Tempo estimado de leitura":"2 minutos"},"schema":{"@context":"https:\/\/schema.org","@graph":[{"@type":"WebPage","@id":"https:\/\/lovme.pt\/index.php\/produto\/medica-group-bebida-poderosa-de-orgasmo-para-homens-10-ml\/","url":"https:\/\/lovme.pt\/index.php\/produto\/medica-group-bebida-poderosa-de-orgasmo-para-homens-10-ml\/","name":"MEDICA GROUP - BEBIDA PODEROSA DE ORGASMO PARA HOMENS 10 ML - Lovme","isPartOf":{"@id":"https:\/\/lovme.pt\/#website"},"primaryImageOfPage":{"@id":"https:\/\/lovme.pt\/index.php\/produto\/medica-group-bebida-poderosa-de-orgasmo-para-homens-10-ml\/#primaryimage"},"image":{"@id":"https:\/\/lovme.pt\/index.php\/produto\/medica-group-bebida-poderosa-de-orgasmo-para-homens-10-ml\/#primaryimage"},"thumbnailUrl":"https:\/\/erki24nd3ub.exactdn.com\/wp-content\/uploads\/dream\/img\/img_212827_f53723388673557a9a520d6883e8aca4_1.jpg?strip=all","datePublished":"2025-09-30T22:21:05+00:00","dateModified":"2026-02-19T20:11:04+00:00","breadcrumb":{"@id":"https:\/\/lovme.pt\/index.php\/produto\/medica-group-bebida-poderosa-de-orgasmo-para-homens-10-ml\/#breadcrumb"},"inLanguage":"pt-PT","potentialAction":[{"@type":"ReadAction","target":["https:\/\/lovme.pt\/index.php\/produto\/medica-group-bebida-poderosa-de-orgasmo-para-homens-10-ml\/"]}]},{"@type":"ImageObject","inLanguage":"pt-PT","@id":"https:\/\/lovme.pt\/index.php\/produto\/medica-group-bebida-poderosa-de-orgasmo-para-homens-10-ml\/#primaryimage","url":"https:\/\/erki24nd3ub.exactdn.com\/wp-content\/uploads\/dream\/img\/img_212827_f53723388673557a9a520d6883e8aca4_1.jpg?strip=all","contentUrl":"https:\/\/erki24nd3ub.exactdn.com\/wp-content\/uploads\/dream\/img\/img_212827_f53723388673557a9a520d6883e8aca4_1.jpg?strip=all","width":900,"height":900},{"@type":"BreadcrumbList","@id":"https:\/\/lovme.pt\/index.php\/produto\/medica-group-bebida-poderosa-de-orgasmo-para-homens-10-ml\/#breadcrumb","itemListElement":[{"@type":"ListItem","position":1,"name":"In\u00edcio","item":"https:\/\/lovme.pt\/"},{"@type":"ListItem","position":2,"name":"Loja","item":"https:\/\/lovme.pt\/index.php\/loja\/"},{"@type":"ListItem","position":3,"name":"MEDICA GROUP &#8211; BEBIDA PODEROSA DE ORGASMO PARA HOMENS 10 ML"}]},{"@type":"WebSite","@id":"https:\/\/lovme.pt\/#website","url":"https:\/\/lovme.pt\/","name":"Lovme Loja Er\u00f3tica N\u00ba1 em Portugal","description":"A melhor loja er\u00f3tica de Portugal.","alternateName":"Loja Er\u00f3tica Lovme","potentialAction":[{"@type":"SearchAction","target":{"@type":"EntryPoint","urlTemplate":"https:\/\/lovme.pt\/?s={search_term_string}"},"query-input":{"@type":"PropertyValueSpecification","valueRequired":true,"valueName":"search_term_string"}}],"inLanguage":"pt-PT"}]}},"_links":{"self":[{"href":"https:\/\/lovme.pt\/index.php\/wp-json\/wp\/v2\/product\/53509","targetHints":{"allow":["GET"]}}],"collection":[{"href":"https:\/\/lovme.pt\/index.php\/wp-json\/wp\/v2\/product"}],"about":[{"href":"https:\/\/lovme.pt\/index.php\/wp-json\/wp\/v2\/types\/product"}],"wp:featuredmedia":[{"embeddable":true,"href":"https:\/\/lovme.pt\/index.php\/wp-json\/wp\/v2\/media\/77054"}],"wp:attachment":[{"href":"https:\/\/lovme.pt\/index.php\/wp-json\/wp\/v2\/media?parent=53509"}],"wp:term":[{"taxonomy":"product_brand","embeddable":true,"href":"https:\/\/lovme.pt\/index.php\/wp-json\/wp\/v2\/product_brand?post=53509"},{"taxonomy":"product_cat","embeddable":true,"href":"https:\/\/lovme.pt\/index.php\/wp-json\/wp\/v2\/product_cat?post=53509"},{"taxonomy":"product_tag","embeddable":true,"href":"https:\/\/lovme.pt\/index.php\/wp-json\/wp\/v2\/product_tag?post=53509"}],"curies":[{"name":"wp","href":"https:\/\/api.w.org\/{rel}","templated":true}]}}