{"id":53506,"date":"2025-09-30T22:21:59","date_gmt":"2025-09-30T22:21:59","guid":{"rendered":"https:\/\/lovme.pt\/?post_type=product&p=53506"},"modified":"2026-02-19T20:11:25","modified_gmt":"2026-02-19T20:11:25","slug":"medica-group-win-woman-libido-enlargement-60-capsulas","status":"publish","type":"product","link":"https:\/\/lovme.pt\/index.php\/produto\/medica-group-win-woman-libido-enlargement-60-capsulas\/","title":{"rendered":"MEDICA GROUP &#8211; WIN WOMAN LIBIDO ENLARGEMENT 60 C\u00c1PSULAS"},"content":{"rendered":"<p>As C\u00e1psulas <strong>WinWoman<\/strong> s\u00e3o um suplemento alimentar inovador desenvolvido para mulheres que desejam aumentar sua vitalidade, melhorar sua qualidade de vida \u00edntima e fortalecer sua libido. Uma composi\u00e7\u00e3o cuidadosamente selecionada de extratos naturais de plantas e vitaminas refor\u00e7a a energia feminina, aumenta o fluxo sangu\u00edneo para as zonas er\u00f3genas e ajuda a alcan\u00e7ar experi\u00eancias sexuais mais intensas.<\/p>\n<p>As c\u00e1psulas <strong>WinWoman<\/strong> s\u00e3o uma combina\u00e7\u00e3o \u00fanica de ingredientes naturais que atuam de forma multidirecional: desde a melhora do fluxo sangu\u00edneo para os genitais, passando pelo aumento da energia e vitalidade, at\u00e9 o fortalecimento das sensa\u00e7\u00f5es durante a rela\u00e7\u00e3o sexual. Gra\u00e7as \u00e0 sua f\u00f3rmula exclusiva \u00e0 base de extratos vegetais como ginseng, maca e tribulus terrestris, o produto aumenta a libido e intensifica as sensa\u00e7\u00f5es sexuais. O uso regular das c\u00e1psulas tamb\u00e9m promove o equil\u00edbrio hormonal e ajuda a reduzir os efeitos do estresse, que podem afetar negativamente a vida \u00edntima. O produto \u00e9 totalmente seguro e pode ser usado por mulheres de todas as idades.<\/p>\n<p>\u00a0<\/p>\n<p><strong>ESPECIFICA\u00c7\u00d5ES T\u00c9CNICAS:<\/strong><\/p>\n<ul>\n<li><strong>Aplica\u00e7\u00e3o do produto:<\/strong> Aumenta a libido feminina e melhora a experi\u00eancia sexual.<\/li>\n<li><strong>Ingredientes<\/strong> : L-arginina, gelatina, extrato de Acanthopanax Senticoccus, extrato de Maca, extrato de Sarsaparilla, extrato de Tribulus Terrestris, extrato de Black Sativa, agente de volume: Celulose microcristalina.<\/li>\n<li><strong>Ingredientes ativos<\/strong>\n<ul>\n<li>Extrato de raiz de maca: aumenta a libido, fornece energia e melhora o bem-estar.<\/li>\n<li>Ginseng: aumenta o desempenho do corpo, reduz o estresse e promove a circula\u00e7\u00e3o sangu\u00ednea nos genitais.<\/li>\n<li>Tribulus terrestris: um afrodis\u00edaco natural que ajuda a aumentar a libido.<\/li>\n<li>L-arginina: melhora o fluxo sangu\u00edneo para os \u00f3rg\u00e3os \u00edntimos, potencializando as sensa\u00e7\u00f5es sexuais.<\/li>\n<\/ul>\n<\/li>\n<li><strong>Modo de usar<\/strong> : Tomar 1 c\u00e1psula duas vezes ao dia com um copo de \u00e1gua. N\u00e3o exceder a dose di\u00e1ria recomendada. Para melhores resultados, recomenda-se o uso por pelo menos 4 a 6 semanas.<\/li>\n<li><strong>Nota de seguran\u00e7a:<\/strong> Suplemento alimentar para adultos. N\u00e3o use em caso de hipersensibilidade a qualquer um dos ingredientes da prepara\u00e7\u00e3o. Gestantes ou lactantes devem consultar um m\u00e9dico antes de usar. Este produto n\u00e3o substitui uma dieta variada. Mantenha fora do alcance de crian\u00e7as.<\/li>\n<\/ul>\n<p>\u00a0<\/p>\n<p><strong>GRUPO M\u00c9DICO<\/strong><\/p>\n<p>Esta \u00e9 uma empresa com vasta experi\u00eancia na venda de suplementos alimentares e cosm\u00e9ticos, adquirida desde 1999. Nossos produtos atendem a todos os requisitos poloneses e da UE, garantindo a mais alta qualidade e seguran\u00e7a. Somos conhecidos por utilizar extratos com propriedades excepcionais que distinguem nossos suplementos e cosm\u00e9ticos dos de outras empresas. Gra\u00e7as \u00e0s nossas composi\u00e7\u00f5es \u00fanicas e \u00e0s mais altas concentra\u00e7\u00f5es de mat\u00e9rias-primas utilizadas, podemos afirmar com orgulho que nossos produtos s\u00e3o os melhores do mercado.<\/p>\n","protected":false},"excerpt":{"rendered":"<p>MEDICA GROUP &#8211; WIN WOMAN LIBIDO ENLARGEMENT 60 C\u00c1PSULAS<\/p>\n","protected":false},"featured_media":77171,"template":"","meta":{"_acf_changed":false},"product_brand":[],"product_cat":[49,52,70],"product_tag":[],"class_list":{"0":"post-53506","1":"product","2":"type-product","3":"status-publish","4":"has-post-thumbnail","6":"product_cat-cosmeticos","7":"product_cat-estimulantes","8":"product_cat-saude","9":"yith_product_brand-medica-group","11":"first","12":"instock","13":"taxable","14":"shipping-taxable","15":"purchasable","16":"product-type-simple"},"acf":[],"yoast_head":"<!-- This site is optimized with the Yoast SEO plugin v27.4 - https:\/\/yoast.com\/product\/yoast-seo-wordpress\/ -->\n<title>MEDICA GROUP - WIN WOMAN LIBIDO ENLARGEMENT 60 C\u00c1PSULAS - Lovme<\/title>\n<meta name=\"robots\" content=\"index, follow, max-snippet:-1, max-image-preview:large, max-video-preview:-1\" \/>\n<link rel=\"canonical\" href=\"https:\/\/lovme.pt\/index.php\/produto\/medica-group-win-woman-libido-enlargement-60-capsulas\/\" \/>\n<meta property=\"og:locale\" content=\"pt_PT\" \/>\n<meta property=\"og:type\" content=\"article\" \/>\n<meta property=\"og:title\" content=\"MEDICA GROUP - WIN WOMAN LIBIDO ENLARGEMENT 60 C\u00c1PSULAS - Lovme\" \/>\n<meta property=\"og:description\" content=\"MEDICA GROUP - WIN WOMAN LIBIDO ENLARGEMENT 60 C\u00c1PSULAS\" \/>\n<meta property=\"og:url\" content=\"https:\/\/lovme.pt\/index.php\/produto\/medica-group-win-woman-libido-enlargement-60-capsulas\/\" \/>\n<meta property=\"og:site_name\" content=\"Lovme\" \/>\n<meta property=\"article:modified_time\" content=\"2026-02-19T20:11:25+00:00\" \/>\n<meta property=\"og:image\" content=\"https:\/\/erki24nd3ub.exactdn.com\/wp-content\/uploads\/dream\/img\/img_212843_a437ab1d7c188d536c7db7d2ce22f974_1.jpg?strip=all\" \/>\n\t<meta property=\"og:image:width\" content=\"900\" \/>\n\t<meta property=\"og:image:height\" content=\"900\" \/>\n\t<meta property=\"og:image:type\" content=\"image\/jpeg\" \/>\n<meta name=\"twitter:card\" content=\"summary_large_image\" \/>\n<meta name=\"twitter:label1\" content=\"Tempo estimado de leitura\" \/>\n\t<meta name=\"twitter:data1\" content=\"2 minutos\" \/>\n<script type=\"application\/ld+json\" class=\"yoast-schema-graph\">{\"@context\":\"https:\\\/\\\/schema.org\",\"@graph\":[{\"@type\":\"WebPage\",\"@id\":\"https:\\\/\\\/lovme.pt\\\/index.php\\\/produto\\\/medica-group-win-woman-libido-enlargement-60-capsulas\\\/\",\"url\":\"https:\\\/\\\/lovme.pt\\\/index.php\\\/produto\\\/medica-group-win-woman-libido-enlargement-60-capsulas\\\/\",\"name\":\"MEDICA GROUP - WIN WOMAN LIBIDO ENLARGEMENT 60 C\u00c1PSULAS - Lovme\",\"isPartOf\":{\"@id\":\"https:\\\/\\\/lovme.pt\\\/#website\"},\"primaryImageOfPage\":{\"@id\":\"https:\\\/\\\/lovme.pt\\\/index.php\\\/produto\\\/medica-group-win-woman-libido-enlargement-60-capsulas\\\/#primaryimage\"},\"image\":{\"@id\":\"https:\\\/\\\/lovme.pt\\\/index.php\\\/produto\\\/medica-group-win-woman-libido-enlargement-60-capsulas\\\/#primaryimage\"},\"thumbnailUrl\":\"https:\\\/\\\/erki24nd3ub.exactdn.com\\\/wp-content\\\/uploads\\\/dream\\\/img\\\/img_212843_a437ab1d7c188d536c7db7d2ce22f974_1.jpg?strip=all\",\"datePublished\":\"2025-09-30T22:21:59+00:00\",\"dateModified\":\"2026-02-19T20:11:25+00:00\",\"breadcrumb\":{\"@id\":\"https:\\\/\\\/lovme.pt\\\/index.php\\\/produto\\\/medica-group-win-woman-libido-enlargement-60-capsulas\\\/#breadcrumb\"},\"inLanguage\":\"pt-PT\",\"potentialAction\":[{\"@type\":\"ReadAction\",\"target\":[\"https:\\\/\\\/lovme.pt\\\/index.php\\\/produto\\\/medica-group-win-woman-libido-enlargement-60-capsulas\\\/\"]}]},{\"@type\":\"ImageObject\",\"inLanguage\":\"pt-PT\",\"@id\":\"https:\\\/\\\/lovme.pt\\\/index.php\\\/produto\\\/medica-group-win-woman-libido-enlargement-60-capsulas\\\/#primaryimage\",\"url\":\"https:\\\/\\\/erki24nd3ub.exactdn.com\\\/wp-content\\\/uploads\\\/dream\\\/img\\\/img_212843_a437ab1d7c188d536c7db7d2ce22f974_1.jpg?strip=all\",\"contentUrl\":\"https:\\\/\\\/erki24nd3ub.exactdn.com\\\/wp-content\\\/uploads\\\/dream\\\/img\\\/img_212843_a437ab1d7c188d536c7db7d2ce22f974_1.jpg?strip=all\",\"width\":900,\"height\":900},{\"@type\":\"BreadcrumbList\",\"@id\":\"https:\\\/\\\/lovme.pt\\\/index.php\\\/produto\\\/medica-group-win-woman-libido-enlargement-60-capsulas\\\/#breadcrumb\",\"itemListElement\":[{\"@type\":\"ListItem\",\"position\":1,\"name\":\"In\u00edcio\",\"item\":\"https:\\\/\\\/lovme.pt\\\/\"},{\"@type\":\"ListItem\",\"position\":2,\"name\":\"Loja\",\"item\":\"https:\\\/\\\/lovme.pt\\\/index.php\\\/loja\\\/\"},{\"@type\":\"ListItem\",\"position\":3,\"name\":\"MEDICA GROUP &#8211; WIN WOMAN LIBIDO ENLARGEMENT 60 C\u00c1PSULAS\"}]},{\"@type\":\"WebSite\",\"@id\":\"https:\\\/\\\/lovme.pt\\\/#website\",\"url\":\"https:\\\/\\\/lovme.pt\\\/\",\"name\":\"Lovme Loja Er\u00f3tica N\u00ba1 em Portugal\",\"description\":\"A melhor loja er\u00f3tica de Portugal.\",\"alternateName\":\"Loja Er\u00f3tica Lovme\",\"potentialAction\":[{\"@type\":\"SearchAction\",\"target\":{\"@type\":\"EntryPoint\",\"urlTemplate\":\"https:\\\/\\\/lovme.pt\\\/?s={search_term_string}\"},\"query-input\":{\"@type\":\"PropertyValueSpecification\",\"valueRequired\":true,\"valueName\":\"search_term_string\"}}],\"inLanguage\":\"pt-PT\"}]}<\/script>\n<!-- \/ Yoast SEO plugin. -->","yoast_head_json":{"title":"MEDICA GROUP - WIN WOMAN LIBIDO ENLARGEMENT 60 C\u00c1PSULAS - Lovme","robots":{"index":"index","follow":"follow","max-snippet":"max-snippet:-1","max-image-preview":"max-image-preview:large","max-video-preview":"max-video-preview:-1"},"canonical":"https:\/\/lovme.pt\/index.php\/produto\/medica-group-win-woman-libido-enlargement-60-capsulas\/","og_locale":"pt_PT","og_type":"article","og_title":"MEDICA GROUP - WIN WOMAN LIBIDO ENLARGEMENT 60 C\u00c1PSULAS - Lovme","og_description":"MEDICA GROUP - WIN WOMAN LIBIDO ENLARGEMENT 60 C\u00c1PSULAS","og_url":"https:\/\/lovme.pt\/index.php\/produto\/medica-group-win-woman-libido-enlargement-60-capsulas\/","og_site_name":"Lovme","article_modified_time":"2026-02-19T20:11:25+00:00","og_image":[{"width":900,"height":900,"url":"https:\/\/erki24nd3ub.exactdn.com\/wp-content\/uploads\/dream\/img\/img_212843_a437ab1d7c188d536c7db7d2ce22f974_1.jpg?strip=all","type":"image\/jpeg"}],"twitter_card":"summary_large_image","twitter_misc":{"Tempo estimado de leitura":"2 minutos"},"schema":{"@context":"https:\/\/schema.org","@graph":[{"@type":"WebPage","@id":"https:\/\/lovme.pt\/index.php\/produto\/medica-group-win-woman-libido-enlargement-60-capsulas\/","url":"https:\/\/lovme.pt\/index.php\/produto\/medica-group-win-woman-libido-enlargement-60-capsulas\/","name":"MEDICA GROUP - WIN WOMAN LIBIDO ENLARGEMENT 60 C\u00c1PSULAS - Lovme","isPartOf":{"@id":"https:\/\/lovme.pt\/#website"},"primaryImageOfPage":{"@id":"https:\/\/lovme.pt\/index.php\/produto\/medica-group-win-woman-libido-enlargement-60-capsulas\/#primaryimage"},"image":{"@id":"https:\/\/lovme.pt\/index.php\/produto\/medica-group-win-woman-libido-enlargement-60-capsulas\/#primaryimage"},"thumbnailUrl":"https:\/\/erki24nd3ub.exactdn.com\/wp-content\/uploads\/dream\/img\/img_212843_a437ab1d7c188d536c7db7d2ce22f974_1.jpg?strip=all","datePublished":"2025-09-30T22:21:59+00:00","dateModified":"2026-02-19T20:11:25+00:00","breadcrumb":{"@id":"https:\/\/lovme.pt\/index.php\/produto\/medica-group-win-woman-libido-enlargement-60-capsulas\/#breadcrumb"},"inLanguage":"pt-PT","potentialAction":[{"@type":"ReadAction","target":["https:\/\/lovme.pt\/index.php\/produto\/medica-group-win-woman-libido-enlargement-60-capsulas\/"]}]},{"@type":"ImageObject","inLanguage":"pt-PT","@id":"https:\/\/lovme.pt\/index.php\/produto\/medica-group-win-woman-libido-enlargement-60-capsulas\/#primaryimage","url":"https:\/\/erki24nd3ub.exactdn.com\/wp-content\/uploads\/dream\/img\/img_212843_a437ab1d7c188d536c7db7d2ce22f974_1.jpg?strip=all","contentUrl":"https:\/\/erki24nd3ub.exactdn.com\/wp-content\/uploads\/dream\/img\/img_212843_a437ab1d7c188d536c7db7d2ce22f974_1.jpg?strip=all","width":900,"height":900},{"@type":"BreadcrumbList","@id":"https:\/\/lovme.pt\/index.php\/produto\/medica-group-win-woman-libido-enlargement-60-capsulas\/#breadcrumb","itemListElement":[{"@type":"ListItem","position":1,"name":"In\u00edcio","item":"https:\/\/lovme.pt\/"},{"@type":"ListItem","position":2,"name":"Loja","item":"https:\/\/lovme.pt\/index.php\/loja\/"},{"@type":"ListItem","position":3,"name":"MEDICA GROUP &#8211; WIN WOMAN LIBIDO ENLARGEMENT 60 C\u00c1PSULAS"}]},{"@type":"WebSite","@id":"https:\/\/lovme.pt\/#website","url":"https:\/\/lovme.pt\/","name":"Lovme Loja Er\u00f3tica N\u00ba1 em Portugal","description":"A melhor loja er\u00f3tica de Portugal.","alternateName":"Loja Er\u00f3tica Lovme","potentialAction":[{"@type":"SearchAction","target":{"@type":"EntryPoint","urlTemplate":"https:\/\/lovme.pt\/?s={search_term_string}"},"query-input":{"@type":"PropertyValueSpecification","valueRequired":true,"valueName":"search_term_string"}}],"inLanguage":"pt-PT"}]}},"_links":{"self":[{"href":"https:\/\/lovme.pt\/index.php\/wp-json\/wp\/v2\/product\/53506","targetHints":{"allow":["GET"]}}],"collection":[{"href":"https:\/\/lovme.pt\/index.php\/wp-json\/wp\/v2\/product"}],"about":[{"href":"https:\/\/lovme.pt\/index.php\/wp-json\/wp\/v2\/types\/product"}],"wp:featuredmedia":[{"embeddable":true,"href":"https:\/\/lovme.pt\/index.php\/wp-json\/wp\/v2\/media\/77171"}],"wp:attachment":[{"href":"https:\/\/lovme.pt\/index.php\/wp-json\/wp\/v2\/media?parent=53506"}],"wp:term":[{"taxonomy":"product_brand","embeddable":true,"href":"https:\/\/lovme.pt\/index.php\/wp-json\/wp\/v2\/product_brand?post=53506"},{"taxonomy":"product_cat","embeddable":true,"href":"https:\/\/lovme.pt\/index.php\/wp-json\/wp\/v2\/product_cat?post=53506"},{"taxonomy":"product_tag","embeddable":true,"href":"https:\/\/lovme.pt\/index.php\/wp-json\/wp\/v2\/product_tag?post=53506"}],"curies":[{"name":"wp","href":"https:\/\/api.w.org\/{rel}","templated":true}]}}