{"id":53505,"date":"2025-09-30T22:21:56","date_gmt":"2025-09-30T22:21:56","guid":{"rendered":"https:\/\/lovme.pt\/?post_type=product&p=53505"},"modified":"2026-02-19T20:11:25","modified_gmt":"2026-02-19T20:11:25","slug":"medica-group-beauty-booty-firming-90-capsulas","status":"publish","type":"product","link":"https:\/\/lovme.pt\/index.php\/produto\/medica-group-beauty-booty-firming-90-capsulas\/","title":{"rendered":"MEDICA GROUP &#8211; BEAUTY BOOTY FIRMING 90 C\u00c1PSULAS"},"content":{"rendered":"<p>Voc\u00ea sonha com gl\u00fateos firmes e definidos? As c\u00e1psulas <strong>BeautyBooty<\/strong> s\u00e3o um suporte inovador para a sua silhueta, \u00e0 base de ingredientes naturais de plantas e do poder dos fitoestr\u00f3genos.<\/p>\n<p>As c\u00e1psulas <strong>BeautyBooty<\/strong> s\u00e3o uma f\u00f3rmula revolucion\u00e1ria que combina tend\u00eancias org\u00e2nicas com extratos naturais de plantas que firmam os gl\u00fateos e lhes conferem um formato arredondado. Sua composi\u00e7\u00e3o, baseada na sinergia de ingredientes criteriosamente selecionados, promove a redu\u00e7\u00e3o da celulite, melhora a microcircula\u00e7\u00e3o e promove a queima de tecido adiposo. Extratos de erva-doce, cevada, raiz de maca, ginkgo, pimenta e laranja amarga atuam de forma abrangente, fortalecendo a pele de dentro para fora e promovendo a produ\u00e7\u00e3o saud\u00e1vel de col\u00e1geno. \u00c9 a solu\u00e7\u00e3o ideal para quem busca curvas perfeitas e uma pele saud\u00e1vel sem celulite.<\/p>\n<p>\u00a0<\/p>\n<p><strong>ESPECIFICA\u00c7\u00d5ES T\u00c9CNICAS:<\/strong><\/p>\n<ul>\n<li><strong>Aplica\u00e7\u00e3o do produto:<\/strong> Firmeza e modelagem dos gl\u00fateos.<\/li>\n<li><strong>Ingredientes<\/strong> : extrato de folha de cevada 4:1, maltodextrina, gelatina, extrato de raiz de maca 4:1, extrato de semente de erva-doce 7:1, extrato de folha de ginkgo padronizado para 24% de flavonoglicos\u00eddeos e 6% de lactonas terp\u00eanicas, antiaglomerante: di\u00f3xido de sil\u00edcio, extrato de pimenta-do-reino 20:1, extrato de laranja amarga padronizado para 40% de vitamina C e 0,25% de sinefrina.<\/li>\n<li><strong>Ingredientes ativos<\/strong>\n<ul>\n<li>Extrato de Funcho: Conhecido por suas propriedades firmadoras e por promover a regenera\u00e7\u00e3o da pele, o que afeta sua elasticidade e maciez.<\/li>\n<li>Extrato de cone de l\u00fapulo: cont\u00e9m fitoestr\u00f3genos que podem auxiliar nos processos naturais de contorno corporal e melhorar a hidrata\u00e7\u00e3o da pele.<\/li>\n<li>Extrato de folha de cevada: promove a desintoxica\u00e7\u00e3o do corpo, tem propriedades antioxidantes e auxilia nos processos naturais de regenera\u00e7\u00e3o da pele.<\/li>\n<\/ul>\n<\/li>\n<li><strong>Instru\u00e7\u00f5es<\/strong> : Tome uma c\u00e1psula tr\u00eas vezes ao dia, diariamente, com um pouco de \u00e1gua. N\u00e3o exceda a dose recomendada. A combina\u00e7\u00e3o da administra\u00e7\u00e3o interna da c\u00e1psula e do s\u00e9rum BeautyBooty externo oferece os melhores resultados em pouco tempo.<\/li>\n<li><strong>Nota de seguran\u00e7a:<\/strong> Armazene em local seco, longe da luz solar direta e fora do alcance de crian\u00e7as. O produto \u00e9 para uso interno. N\u00e3o exceda a dose di\u00e1ria recomendada. N\u00e3o use se voc\u00ea for al\u00e9rgico a qualquer um dos ingredientes da prepara\u00e7\u00e3o. N\u00e3o recomendado para crian\u00e7as, gestantes ou lactantes. Este suplemento alimentar n\u00e3o pode ser usado como substituto de uma dieta variada.<\/li>\n<\/ul>\n<p>\u00a0<\/p>\n<p><strong>GRUPO M\u00c9DICO<\/strong><\/p>\n<p>\u00c9 uma empresa com vasta experi\u00eancia na venda de suplementos alimentares e cosm\u00e9ticos, adquirida desde 1999. Nossos produtos atendem a todos os requisitos poloneses e da UE, garantindo a mais alta qualidade e seguran\u00e7a. Caracterizamo-nos pelo uso de extratos com propriedades excepcionais que distinguem nossos suplementos e cosm\u00e9ticos dos de outras empresas. Gra\u00e7as \u00e0s nossas composi\u00e7\u00f5es \u00fanicas e \u00e0s mais altas concentra\u00e7\u00f5es de mat\u00e9rias-primas utilizadas, podemos afirmar com orgulho que nossos produtos s\u00e3o os melhores do mercado.<\/p>\n","protected":false},"excerpt":{"rendered":"<p>MEDICA GROUP &#8211; BEAUTY BOOTY FIRMING 90 C\u00c1PSULAS<\/p>\n","protected":false},"featured_media":77164,"template":"","meta":{"_acf_changed":false},"product_brand":[],"product_cat":[49,70],"product_tag":[],"class_list":{"0":"post-53505","1":"product","2":"type-product","3":"status-publish","4":"has-post-thumbnail","6":"product_cat-cosmeticos","7":"product_cat-saude","8":"yith_product_brand-medica-group","10":"first","11":"instock","12":"taxable","13":"shipping-taxable","14":"purchasable","15":"product-type-simple"},"acf":[],"yoast_head":"<!-- This site is optimized with the Yoast SEO plugin v27.4 - https:\/\/yoast.com\/product\/yoast-seo-wordpress\/ -->\n<title>MEDICA GROUP - BEAUTY BOOTY FIRMING 90 C\u00c1PSULAS - Lovme<\/title>\n<meta name=\"robots\" content=\"index, follow, max-snippet:-1, max-image-preview:large, max-video-preview:-1\" \/>\n<link rel=\"canonical\" href=\"https:\/\/lovme.pt\/index.php\/produto\/medica-group-beauty-booty-firming-90-capsulas\/\" \/>\n<meta property=\"og:locale\" content=\"pt_PT\" \/>\n<meta property=\"og:type\" content=\"article\" \/>\n<meta property=\"og:title\" content=\"MEDICA GROUP - BEAUTY BOOTY FIRMING 90 C\u00c1PSULAS - Lovme\" \/>\n<meta property=\"og:description\" content=\"MEDICA GROUP - BEAUTY BOOTY FIRMING 90 C\u00c1PSULAS\" \/>\n<meta property=\"og:url\" content=\"https:\/\/lovme.pt\/index.php\/produto\/medica-group-beauty-booty-firming-90-capsulas\/\" \/>\n<meta property=\"og:site_name\" content=\"Lovme\" \/>\n<meta property=\"article:modified_time\" content=\"2026-02-19T20:11:25+00:00\" \/>\n<meta property=\"og:image\" content=\"https:\/\/erki24nd3ub.exactdn.com\/wp-content\/uploads\/dream\/img\/img_212795_074b8c3f0addd03b0360b7cd6df8830c_1.jpg?strip=all\" \/>\n\t<meta property=\"og:image:width\" content=\"900\" \/>\n\t<meta property=\"og:image:height\" content=\"900\" \/>\n\t<meta property=\"og:image:type\" content=\"image\/jpeg\" \/>\n<meta name=\"twitter:card\" content=\"summary_large_image\" \/>\n<meta name=\"twitter:label1\" content=\"Tempo estimado de leitura\" \/>\n\t<meta name=\"twitter:data1\" content=\"2 minutos\" \/>\n<script type=\"application\/ld+json\" class=\"yoast-schema-graph\">{\"@context\":\"https:\\\/\\\/schema.org\",\"@graph\":[{\"@type\":\"WebPage\",\"@id\":\"https:\\\/\\\/lovme.pt\\\/index.php\\\/produto\\\/medica-group-beauty-booty-firming-90-capsulas\\\/\",\"url\":\"https:\\\/\\\/lovme.pt\\\/index.php\\\/produto\\\/medica-group-beauty-booty-firming-90-capsulas\\\/\",\"name\":\"MEDICA GROUP - BEAUTY BOOTY FIRMING 90 C\u00c1PSULAS - Lovme\",\"isPartOf\":{\"@id\":\"https:\\\/\\\/lovme.pt\\\/#website\"},\"primaryImageOfPage\":{\"@id\":\"https:\\\/\\\/lovme.pt\\\/index.php\\\/produto\\\/medica-group-beauty-booty-firming-90-capsulas\\\/#primaryimage\"},\"image\":{\"@id\":\"https:\\\/\\\/lovme.pt\\\/index.php\\\/produto\\\/medica-group-beauty-booty-firming-90-capsulas\\\/#primaryimage\"},\"thumbnailUrl\":\"https:\\\/\\\/erki24nd3ub.exactdn.com\\\/wp-content\\\/uploads\\\/dream\\\/img\\\/img_212795_074b8c3f0addd03b0360b7cd6df8830c_1.jpg?strip=all\",\"datePublished\":\"2025-09-30T22:21:56+00:00\",\"dateModified\":\"2026-02-19T20:11:25+00:00\",\"breadcrumb\":{\"@id\":\"https:\\\/\\\/lovme.pt\\\/index.php\\\/produto\\\/medica-group-beauty-booty-firming-90-capsulas\\\/#breadcrumb\"},\"inLanguage\":\"pt-PT\",\"potentialAction\":[{\"@type\":\"ReadAction\",\"target\":[\"https:\\\/\\\/lovme.pt\\\/index.php\\\/produto\\\/medica-group-beauty-booty-firming-90-capsulas\\\/\"]}]},{\"@type\":\"ImageObject\",\"inLanguage\":\"pt-PT\",\"@id\":\"https:\\\/\\\/lovme.pt\\\/index.php\\\/produto\\\/medica-group-beauty-booty-firming-90-capsulas\\\/#primaryimage\",\"url\":\"https:\\\/\\\/erki24nd3ub.exactdn.com\\\/wp-content\\\/uploads\\\/dream\\\/img\\\/img_212795_074b8c3f0addd03b0360b7cd6df8830c_1.jpg?strip=all\",\"contentUrl\":\"https:\\\/\\\/erki24nd3ub.exactdn.com\\\/wp-content\\\/uploads\\\/dream\\\/img\\\/img_212795_074b8c3f0addd03b0360b7cd6df8830c_1.jpg?strip=all\",\"width\":900,\"height\":900},{\"@type\":\"BreadcrumbList\",\"@id\":\"https:\\\/\\\/lovme.pt\\\/index.php\\\/produto\\\/medica-group-beauty-booty-firming-90-capsulas\\\/#breadcrumb\",\"itemListElement\":[{\"@type\":\"ListItem\",\"position\":1,\"name\":\"In\u00edcio\",\"item\":\"https:\\\/\\\/lovme.pt\\\/\"},{\"@type\":\"ListItem\",\"position\":2,\"name\":\"Loja\",\"item\":\"https:\\\/\\\/lovme.pt\\\/index.php\\\/loja\\\/\"},{\"@type\":\"ListItem\",\"position\":3,\"name\":\"MEDICA GROUP &#8211; BEAUTY BOOTY FIRMING 90 C\u00c1PSULAS\"}]},{\"@type\":\"WebSite\",\"@id\":\"https:\\\/\\\/lovme.pt\\\/#website\",\"url\":\"https:\\\/\\\/lovme.pt\\\/\",\"name\":\"Lovme Loja Er\u00f3tica N\u00ba1 em Portugal\",\"description\":\"A melhor loja er\u00f3tica de Portugal.\",\"alternateName\":\"Loja Er\u00f3tica Lovme\",\"potentialAction\":[{\"@type\":\"SearchAction\",\"target\":{\"@type\":\"EntryPoint\",\"urlTemplate\":\"https:\\\/\\\/lovme.pt\\\/?s={search_term_string}\"},\"query-input\":{\"@type\":\"PropertyValueSpecification\",\"valueRequired\":true,\"valueName\":\"search_term_string\"}}],\"inLanguage\":\"pt-PT\"}]}<\/script>\n<!-- \/ Yoast SEO plugin. -->","yoast_head_json":{"title":"MEDICA GROUP - BEAUTY BOOTY FIRMING 90 C\u00c1PSULAS - Lovme","robots":{"index":"index","follow":"follow","max-snippet":"max-snippet:-1","max-image-preview":"max-image-preview:large","max-video-preview":"max-video-preview:-1"},"canonical":"https:\/\/lovme.pt\/index.php\/produto\/medica-group-beauty-booty-firming-90-capsulas\/","og_locale":"pt_PT","og_type":"article","og_title":"MEDICA GROUP - BEAUTY BOOTY FIRMING 90 C\u00c1PSULAS - Lovme","og_description":"MEDICA GROUP - BEAUTY BOOTY FIRMING 90 C\u00c1PSULAS","og_url":"https:\/\/lovme.pt\/index.php\/produto\/medica-group-beauty-booty-firming-90-capsulas\/","og_site_name":"Lovme","article_modified_time":"2026-02-19T20:11:25+00:00","og_image":[{"width":900,"height":900,"url":"https:\/\/erki24nd3ub.exactdn.com\/wp-content\/uploads\/dream\/img\/img_212795_074b8c3f0addd03b0360b7cd6df8830c_1.jpg?strip=all","type":"image\/jpeg"}],"twitter_card":"summary_large_image","twitter_misc":{"Tempo estimado de leitura":"2 minutos"},"schema":{"@context":"https:\/\/schema.org","@graph":[{"@type":"WebPage","@id":"https:\/\/lovme.pt\/index.php\/produto\/medica-group-beauty-booty-firming-90-capsulas\/","url":"https:\/\/lovme.pt\/index.php\/produto\/medica-group-beauty-booty-firming-90-capsulas\/","name":"MEDICA GROUP - BEAUTY BOOTY FIRMING 90 C\u00c1PSULAS - Lovme","isPartOf":{"@id":"https:\/\/lovme.pt\/#website"},"primaryImageOfPage":{"@id":"https:\/\/lovme.pt\/index.php\/produto\/medica-group-beauty-booty-firming-90-capsulas\/#primaryimage"},"image":{"@id":"https:\/\/lovme.pt\/index.php\/produto\/medica-group-beauty-booty-firming-90-capsulas\/#primaryimage"},"thumbnailUrl":"https:\/\/erki24nd3ub.exactdn.com\/wp-content\/uploads\/dream\/img\/img_212795_074b8c3f0addd03b0360b7cd6df8830c_1.jpg?strip=all","datePublished":"2025-09-30T22:21:56+00:00","dateModified":"2026-02-19T20:11:25+00:00","breadcrumb":{"@id":"https:\/\/lovme.pt\/index.php\/produto\/medica-group-beauty-booty-firming-90-capsulas\/#breadcrumb"},"inLanguage":"pt-PT","potentialAction":[{"@type":"ReadAction","target":["https:\/\/lovme.pt\/index.php\/produto\/medica-group-beauty-booty-firming-90-capsulas\/"]}]},{"@type":"ImageObject","inLanguage":"pt-PT","@id":"https:\/\/lovme.pt\/index.php\/produto\/medica-group-beauty-booty-firming-90-capsulas\/#primaryimage","url":"https:\/\/erki24nd3ub.exactdn.com\/wp-content\/uploads\/dream\/img\/img_212795_074b8c3f0addd03b0360b7cd6df8830c_1.jpg?strip=all","contentUrl":"https:\/\/erki24nd3ub.exactdn.com\/wp-content\/uploads\/dream\/img\/img_212795_074b8c3f0addd03b0360b7cd6df8830c_1.jpg?strip=all","width":900,"height":900},{"@type":"BreadcrumbList","@id":"https:\/\/lovme.pt\/index.php\/produto\/medica-group-beauty-booty-firming-90-capsulas\/#breadcrumb","itemListElement":[{"@type":"ListItem","position":1,"name":"In\u00edcio","item":"https:\/\/lovme.pt\/"},{"@type":"ListItem","position":2,"name":"Loja","item":"https:\/\/lovme.pt\/index.php\/loja\/"},{"@type":"ListItem","position":3,"name":"MEDICA GROUP &#8211; BEAUTY BOOTY FIRMING 90 C\u00c1PSULAS"}]},{"@type":"WebSite","@id":"https:\/\/lovme.pt\/#website","url":"https:\/\/lovme.pt\/","name":"Lovme Loja Er\u00f3tica N\u00ba1 em Portugal","description":"A melhor loja er\u00f3tica de Portugal.","alternateName":"Loja Er\u00f3tica Lovme","potentialAction":[{"@type":"SearchAction","target":{"@type":"EntryPoint","urlTemplate":"https:\/\/lovme.pt\/?s={search_term_string}"},"query-input":{"@type":"PropertyValueSpecification","valueRequired":true,"valueName":"search_term_string"}}],"inLanguage":"pt-PT"}]}},"_links":{"self":[{"href":"https:\/\/lovme.pt\/index.php\/wp-json\/wp\/v2\/product\/53505","targetHints":{"allow":["GET"]}}],"collection":[{"href":"https:\/\/lovme.pt\/index.php\/wp-json\/wp\/v2\/product"}],"about":[{"href":"https:\/\/lovme.pt\/index.php\/wp-json\/wp\/v2\/types\/product"}],"wp:featuredmedia":[{"embeddable":true,"href":"https:\/\/lovme.pt\/index.php\/wp-json\/wp\/v2\/media\/77164"}],"wp:attachment":[{"href":"https:\/\/lovme.pt\/index.php\/wp-json\/wp\/v2\/media?parent=53505"}],"wp:term":[{"taxonomy":"product_brand","embeddable":true,"href":"https:\/\/lovme.pt\/index.php\/wp-json\/wp\/v2\/product_brand?post=53505"},{"taxonomy":"product_cat","embeddable":true,"href":"https:\/\/lovme.pt\/index.php\/wp-json\/wp\/v2\/product_cat?post=53505"},{"taxonomy":"product_tag","embeddable":true,"href":"https:\/\/lovme.pt\/index.php\/wp-json\/wp\/v2\/product_tag?post=53505"}],"curies":[{"name":"wp","href":"https:\/\/api.w.org\/{rel}","templated":true}]}}