{"id":53496,"date":"2025-09-30T22:20:12","date_gmt":"2025-09-30T22:20:12","guid":{"rendered":"https:\/\/lovme.pt\/?post_type=product&p=53496"},"modified":"2026-02-19T20:11:04","modified_gmt":"2026-02-19T20:11:04","slug":"medica-group-creme-intimo-orgasm-max-para-homens-50-ml","status":"publish","type":"product","link":"https:\/\/lovme.pt\/index.php\/produto\/medica-group-creme-intimo-orgasm-max-para-homens-50-ml\/","title":{"rendered":"MEDICA GROUP &#8211; CREME \u00cdNTIMO ORGASM MAX PARA HOMENS 50 ML"},"content":{"rendered":"<p>Experimente o m\u00e1ximo prazer e sensa\u00e7\u00f5es intensas com <strong>Orgasm Max Cream For Men<\/strong> , uma f\u00f3rmula desenvolvida para melhorar a qualidade dos momentos \u00edntimos.<\/p>\n<p><strong>O Creme Orgasm Max<\/strong> para Homens possui uma f\u00f3rmula avan\u00e7ada desenvolvida para aumentar a intensidade das sensa\u00e7\u00f5es e aumentar a satisfa\u00e7\u00e3o durante os momentos \u00edntimos. O produto cont\u00e9m ingredientes ativos cuidadosamente selecionados que aumentam a sensibilidade da pele, melhoram a circula\u00e7\u00e3o sangu\u00ednea e promovem a regenera\u00e7\u00e3o. O creme age diretamente na pele, \u00e9 rapidamente absorvido e n\u00e3o deixa pel\u00edcula oleosa. \u00c9 compat\u00edvel com preservativos e g\u00e9is \u00e0 base de \u00e1gua, tornando-se um complemento vers\u00e1til para qualquer situa\u00e7\u00e3o \u00edntima.<\/p>\n<p>\u00a0<\/p>\n<p><strong>ESPECIFICA\u00c7\u00d5ES T\u00c9CNICAS:<\/strong><\/p>\n<ul>\n<li><strong>Aplica\u00e7\u00e3o do produto:<\/strong> Estimula\u00e7\u00e3o e intensifica\u00e7\u00e3o de sensa\u00e7\u00f5es \u00edntimas.<\/li>\n<li><strong>Ingredientes<\/strong> : \u00c1gua, estearato de etilhexila, estearato de glicerila, \u00e1lcool cetoestear\u00edlico, glicerina, manteiga de karit\u00e9 Butyrospermum Parkii, \u00f3leo de am\u00eandoa doce Prunus Amygdalus Dulcis, cafe\u00edna, propilenoglicol, extrato da folha de Ginkgo Biloba Ginkgo, flor de Arnica Montana Mountain Arnica, suco da folha de Aloe Barbadensis, acetato de tocoferila, Ceteareth-20, Ceteareth-12, palmitato de cetila, poliacrilato de s\u00f3dio, poliacrilato-13, poliisobuteno, polissorbato 20, fenoxietanol, etilhexilglicerina, cloridrato de octenidina, EDTA diss\u00f3dico.<\/li>\n<li><strong>Ingredientes ativos<\/strong>\n<ul>\n<li>Extrato de Ginseng: Aumenta a circula\u00e7\u00e3o sangu\u00ednea, melhora a sensibilidade e intensifica as sensa\u00e7\u00f5es.<\/li>\n<li>Extrato de Ginkgo: Auxilia a microcircula\u00e7\u00e3o, aumenta o fluxo sangu\u00edneo e aumenta o prazer.<\/li>\n<li>Alanto\u00edna: acalma, alivia a irrita\u00e7\u00e3o e promove a regenera\u00e7\u00e3o da pele.<\/li>\n<li>Mentol: Proporciona um efeito refrescante, melhorando a estimula\u00e7\u00e3o e o frescor.<\/li>\n<\/ul>\n<\/li>\n<li><strong>Instru\u00e7\u00f5es<\/strong> : Aplique uma pequena quantidade do Creme Orgasm Max para Homens na pele limpa e seca do p\u00eanis, massageando suavemente at\u00e9 a completa absor\u00e7\u00e3o. Use aproximadamente 5 a 10 minutos antes da rela\u00e7\u00e3o sexual. O produto pode ser usado com preservativos. Ap\u00f3s o uso, lave bem a pele com \u00e1gua morna e sab\u00e3o.<\/li>\n<li><strong>Nota de seguran\u00e7a: Armazene em local seco, longe da luz solar direta e fora do alcance de crian\u00e7as. Somente para uso externo. Evite contato com os olhos. Em caso de irrita\u00e7\u00e3o, interrompa o uso. Antes do primeiro uso, teste o produto em uma pequena \u00e1rea da pele, como a parte interna do antebra\u00e7o.<\/strong><\/li>\n<\/ul>\n<p><strong>\u00a0<\/strong><\/p>\n<p><strong><strong>GRUPO M\u00c9DICO<\/strong><\/strong><\/p>\n<p><strong>Esta \u00e9 uma empresa com vasta experi\u00eancia na venda de suplementos alimentares e cosm\u00e9ticos, adquirida desde 1999. Nossos produtos atendem a todos os requisitos poloneses e da UE, garantindo a mais alta qualidade e seguran\u00e7a. Somos conhecidos por utilizar extratos com propriedades excepcionais que distinguem nossos suplementos e cosm\u00e9ticos dos de outras empresas. Gra\u00e7as \u00e0s nossas composi\u00e7\u00f5es \u00fanicas e \u00e0s mais altas concentra\u00e7\u00f5es de mat\u00e9rias-primas utilizadas, podemos afirmar com orgulho que nossos produtos s\u00e3o os melhores do mercado.<\/strong><\/p>\n","protected":false},"excerpt":{"rendered":"<p>MEDICA GROUP &#8211; CREME \u00cdNTIMO ORGASM MAX PARA HOMENS 50 ML<\/p>\n","protected":false},"featured_media":76925,"template":"","meta":{"_acf_changed":false},"product_brand":[],"product_cat":[49,52],"product_tag":[],"class_list":{"0":"post-53496","1":"product","2":"type-product","3":"status-publish","4":"has-post-thumbnail","6":"product_cat-cosmeticos","7":"product_cat-estimulantes","8":"yith_product_brand-medica-group","10":"first","11":"instock","12":"taxable","13":"shipping-taxable","14":"purchasable","15":"product-type-simple"},"acf":[],"yoast_head":"<!-- This site is optimized with the Yoast SEO plugin v27.4 - https:\/\/yoast.com\/product\/yoast-seo-wordpress\/ -->\n<title>MEDICA GROUP - CREME \u00cdNTIMO ORGASM MAX PARA HOMENS 50 ML - Lovme<\/title>\n<meta name=\"robots\" content=\"index, follow, max-snippet:-1, max-image-preview:large, max-video-preview:-1\" \/>\n<link rel=\"canonical\" href=\"https:\/\/lovme.pt\/index.php\/produto\/medica-group-creme-intimo-orgasm-max-para-homens-50-ml\/\" \/>\n<meta property=\"og:locale\" content=\"pt_PT\" \/>\n<meta property=\"og:type\" content=\"article\" \/>\n<meta property=\"og:title\" content=\"MEDICA GROUP - CREME \u00cdNTIMO ORGASM MAX PARA HOMENS 50 ML - Lovme\" \/>\n<meta property=\"og:description\" content=\"MEDICA GROUP - CREME \u00cdNTIMO ORGASM MAX PARA HOMENS 50 ML\" \/>\n<meta property=\"og:url\" content=\"https:\/\/lovme.pt\/index.php\/produto\/medica-group-creme-intimo-orgasm-max-para-homens-50-ml\/\" \/>\n<meta property=\"og:site_name\" content=\"Lovme\" \/>\n<meta property=\"article:modified_time\" content=\"2026-02-19T20:11:04+00:00\" \/>\n<meta property=\"og:image\" content=\"https:\/\/erki24nd3ub.exactdn.com\/wp-content\/uploads\/dream\/img\/img_212816_076d33f509bb73a1235601e7d52022e1_1.jpg?strip=all\" \/>\n\t<meta property=\"og:image:width\" content=\"900\" \/>\n\t<meta property=\"og:image:height\" content=\"900\" \/>\n\t<meta property=\"og:image:type\" content=\"image\/jpeg\" \/>\n<meta name=\"twitter:card\" content=\"summary_large_image\" \/>\n<meta name=\"twitter:label1\" content=\"Tempo estimado de leitura\" \/>\n\t<meta name=\"twitter:data1\" content=\"2 minutos\" \/>\n<script type=\"application\/ld+json\" class=\"yoast-schema-graph\">{\"@context\":\"https:\\\/\\\/schema.org\",\"@graph\":[{\"@type\":\"WebPage\",\"@id\":\"https:\\\/\\\/lovme.pt\\\/index.php\\\/produto\\\/medica-group-creme-intimo-orgasm-max-para-homens-50-ml\\\/\",\"url\":\"https:\\\/\\\/lovme.pt\\\/index.php\\\/produto\\\/medica-group-creme-intimo-orgasm-max-para-homens-50-ml\\\/\",\"name\":\"MEDICA GROUP - CREME \u00cdNTIMO ORGASM MAX PARA HOMENS 50 ML - Lovme\",\"isPartOf\":{\"@id\":\"https:\\\/\\\/lovme.pt\\\/#website\"},\"primaryImageOfPage\":{\"@id\":\"https:\\\/\\\/lovme.pt\\\/index.php\\\/produto\\\/medica-group-creme-intimo-orgasm-max-para-homens-50-ml\\\/#primaryimage\"},\"image\":{\"@id\":\"https:\\\/\\\/lovme.pt\\\/index.php\\\/produto\\\/medica-group-creme-intimo-orgasm-max-para-homens-50-ml\\\/#primaryimage\"},\"thumbnailUrl\":\"https:\\\/\\\/erki24nd3ub.exactdn.com\\\/wp-content\\\/uploads\\\/dream\\\/img\\\/img_212816_076d33f509bb73a1235601e7d52022e1_1.jpg?strip=all\",\"datePublished\":\"2025-09-30T22:20:12+00:00\",\"dateModified\":\"2026-02-19T20:11:04+00:00\",\"breadcrumb\":{\"@id\":\"https:\\\/\\\/lovme.pt\\\/index.php\\\/produto\\\/medica-group-creme-intimo-orgasm-max-para-homens-50-ml\\\/#breadcrumb\"},\"inLanguage\":\"pt-PT\",\"potentialAction\":[{\"@type\":\"ReadAction\",\"target\":[\"https:\\\/\\\/lovme.pt\\\/index.php\\\/produto\\\/medica-group-creme-intimo-orgasm-max-para-homens-50-ml\\\/\"]}]},{\"@type\":\"ImageObject\",\"inLanguage\":\"pt-PT\",\"@id\":\"https:\\\/\\\/lovme.pt\\\/index.php\\\/produto\\\/medica-group-creme-intimo-orgasm-max-para-homens-50-ml\\\/#primaryimage\",\"url\":\"https:\\\/\\\/erki24nd3ub.exactdn.com\\\/wp-content\\\/uploads\\\/dream\\\/img\\\/img_212816_076d33f509bb73a1235601e7d52022e1_1.jpg?strip=all\",\"contentUrl\":\"https:\\\/\\\/erki24nd3ub.exactdn.com\\\/wp-content\\\/uploads\\\/dream\\\/img\\\/img_212816_076d33f509bb73a1235601e7d52022e1_1.jpg?strip=all\",\"width\":900,\"height\":900},{\"@type\":\"BreadcrumbList\",\"@id\":\"https:\\\/\\\/lovme.pt\\\/index.php\\\/produto\\\/medica-group-creme-intimo-orgasm-max-para-homens-50-ml\\\/#breadcrumb\",\"itemListElement\":[{\"@type\":\"ListItem\",\"position\":1,\"name\":\"In\u00edcio\",\"item\":\"https:\\\/\\\/lovme.pt\\\/\"},{\"@type\":\"ListItem\",\"position\":2,\"name\":\"Loja\",\"item\":\"https:\\\/\\\/lovme.pt\\\/index.php\\\/loja\\\/\"},{\"@type\":\"ListItem\",\"position\":3,\"name\":\"MEDICA GROUP &#8211; CREME \u00cdNTIMO ORGASM MAX PARA HOMENS 50 ML\"}]},{\"@type\":\"WebSite\",\"@id\":\"https:\\\/\\\/lovme.pt\\\/#website\",\"url\":\"https:\\\/\\\/lovme.pt\\\/\",\"name\":\"Lovme Loja Er\u00f3tica N\u00ba1 em Portugal\",\"description\":\"A melhor loja er\u00f3tica de Portugal.\",\"alternateName\":\"Loja Er\u00f3tica Lovme\",\"potentialAction\":[{\"@type\":\"SearchAction\",\"target\":{\"@type\":\"EntryPoint\",\"urlTemplate\":\"https:\\\/\\\/lovme.pt\\\/?s={search_term_string}\"},\"query-input\":{\"@type\":\"PropertyValueSpecification\",\"valueRequired\":true,\"valueName\":\"search_term_string\"}}],\"inLanguage\":\"pt-PT\"}]}<\/script>\n<!-- \/ Yoast SEO plugin. -->","yoast_head_json":{"title":"MEDICA GROUP - CREME \u00cdNTIMO ORGASM MAX PARA HOMENS 50 ML - Lovme","robots":{"index":"index","follow":"follow","max-snippet":"max-snippet:-1","max-image-preview":"max-image-preview:large","max-video-preview":"max-video-preview:-1"},"canonical":"https:\/\/lovme.pt\/index.php\/produto\/medica-group-creme-intimo-orgasm-max-para-homens-50-ml\/","og_locale":"pt_PT","og_type":"article","og_title":"MEDICA GROUP - CREME \u00cdNTIMO ORGASM MAX PARA HOMENS 50 ML - Lovme","og_description":"MEDICA GROUP - CREME \u00cdNTIMO ORGASM MAX PARA HOMENS 50 ML","og_url":"https:\/\/lovme.pt\/index.php\/produto\/medica-group-creme-intimo-orgasm-max-para-homens-50-ml\/","og_site_name":"Lovme","article_modified_time":"2026-02-19T20:11:04+00:00","og_image":[{"width":900,"height":900,"url":"https:\/\/erki24nd3ub.exactdn.com\/wp-content\/uploads\/dream\/img\/img_212816_076d33f509bb73a1235601e7d52022e1_1.jpg?strip=all","type":"image\/jpeg"}],"twitter_card":"summary_large_image","twitter_misc":{"Tempo estimado de leitura":"2 minutos"},"schema":{"@context":"https:\/\/schema.org","@graph":[{"@type":"WebPage","@id":"https:\/\/lovme.pt\/index.php\/produto\/medica-group-creme-intimo-orgasm-max-para-homens-50-ml\/","url":"https:\/\/lovme.pt\/index.php\/produto\/medica-group-creme-intimo-orgasm-max-para-homens-50-ml\/","name":"MEDICA GROUP - CREME \u00cdNTIMO ORGASM MAX PARA HOMENS 50 ML - Lovme","isPartOf":{"@id":"https:\/\/lovme.pt\/#website"},"primaryImageOfPage":{"@id":"https:\/\/lovme.pt\/index.php\/produto\/medica-group-creme-intimo-orgasm-max-para-homens-50-ml\/#primaryimage"},"image":{"@id":"https:\/\/lovme.pt\/index.php\/produto\/medica-group-creme-intimo-orgasm-max-para-homens-50-ml\/#primaryimage"},"thumbnailUrl":"https:\/\/erki24nd3ub.exactdn.com\/wp-content\/uploads\/dream\/img\/img_212816_076d33f509bb73a1235601e7d52022e1_1.jpg?strip=all","datePublished":"2025-09-30T22:20:12+00:00","dateModified":"2026-02-19T20:11:04+00:00","breadcrumb":{"@id":"https:\/\/lovme.pt\/index.php\/produto\/medica-group-creme-intimo-orgasm-max-para-homens-50-ml\/#breadcrumb"},"inLanguage":"pt-PT","potentialAction":[{"@type":"ReadAction","target":["https:\/\/lovme.pt\/index.php\/produto\/medica-group-creme-intimo-orgasm-max-para-homens-50-ml\/"]}]},{"@type":"ImageObject","inLanguage":"pt-PT","@id":"https:\/\/lovme.pt\/index.php\/produto\/medica-group-creme-intimo-orgasm-max-para-homens-50-ml\/#primaryimage","url":"https:\/\/erki24nd3ub.exactdn.com\/wp-content\/uploads\/dream\/img\/img_212816_076d33f509bb73a1235601e7d52022e1_1.jpg?strip=all","contentUrl":"https:\/\/erki24nd3ub.exactdn.com\/wp-content\/uploads\/dream\/img\/img_212816_076d33f509bb73a1235601e7d52022e1_1.jpg?strip=all","width":900,"height":900},{"@type":"BreadcrumbList","@id":"https:\/\/lovme.pt\/index.php\/produto\/medica-group-creme-intimo-orgasm-max-para-homens-50-ml\/#breadcrumb","itemListElement":[{"@type":"ListItem","position":1,"name":"In\u00edcio","item":"https:\/\/lovme.pt\/"},{"@type":"ListItem","position":2,"name":"Loja","item":"https:\/\/lovme.pt\/index.php\/loja\/"},{"@type":"ListItem","position":3,"name":"MEDICA GROUP &#8211; CREME \u00cdNTIMO ORGASM MAX PARA HOMENS 50 ML"}]},{"@type":"WebSite","@id":"https:\/\/lovme.pt\/#website","url":"https:\/\/lovme.pt\/","name":"Lovme Loja Er\u00f3tica N\u00ba1 em Portugal","description":"A melhor loja er\u00f3tica de Portugal.","alternateName":"Loja Er\u00f3tica Lovme","potentialAction":[{"@type":"SearchAction","target":{"@type":"EntryPoint","urlTemplate":"https:\/\/lovme.pt\/?s={search_term_string}"},"query-input":{"@type":"PropertyValueSpecification","valueRequired":true,"valueName":"search_term_string"}}],"inLanguage":"pt-PT"}]}},"_links":{"self":[{"href":"https:\/\/lovme.pt\/index.php\/wp-json\/wp\/v2\/product\/53496","targetHints":{"allow":["GET"]}}],"collection":[{"href":"https:\/\/lovme.pt\/index.php\/wp-json\/wp\/v2\/product"}],"about":[{"href":"https:\/\/lovme.pt\/index.php\/wp-json\/wp\/v2\/types\/product"}],"wp:featuredmedia":[{"embeddable":true,"href":"https:\/\/lovme.pt\/index.php\/wp-json\/wp\/v2\/media\/76925"}],"wp:attachment":[{"href":"https:\/\/lovme.pt\/index.php\/wp-json\/wp\/v2\/media?parent=53496"}],"wp:term":[{"taxonomy":"product_brand","embeddable":true,"href":"https:\/\/lovme.pt\/index.php\/wp-json\/wp\/v2\/product_brand?post=53496"},{"taxonomy":"product_cat","embeddable":true,"href":"https:\/\/lovme.pt\/index.php\/wp-json\/wp\/v2\/product_cat?post=53496"},{"taxonomy":"product_tag","embeddable":true,"href":"https:\/\/lovme.pt\/index.php\/wp-json\/wp\/v2\/product_tag?post=53496"}],"curies":[{"name":"wp","href":"https:\/\/api.w.org\/{rel}","templated":true}]}}